{"id":629,"date":"2017-01-04T21:20:57","date_gmt":"2017-01-04T20:20:57","guid":{"rendered":"http:\/\/chtululu.be\/index.php\/produit\/les-corps-celestes\/"},"modified":"2017-01-04T21:31:35","modified_gmt":"2017-01-04T20:31:35","slug":"les-corps-celestes","status":"publish","type":"product","link":"https:\/\/chtululu.be\/index.php\/produit\/les-corps-celestes\/","title":{"rendered":"Les corps c\u00e9lestes"},"content":{"rendered":"","protected":false},"excerpt":{"rendered":"<p><strong>Br\u00e9hal Nicolas<\/strong><br \/>\nBaptiste raconte son \u00e9trange amiti\u00e9 pour Vincent. D\u00e8s les ann\u00e9es de coll\u00e8ge, ils sont \u00e0 l&rsquo;oppos\u00e9 l&rsquo;un de l&rsquo;autre. Baptiste, qui ignore le d\u00e9sir charnel, accorde une importance mystique au ciel, cette vo\u00fbte infinie au-dessus de nous, parce que la terre lui inspire la solitude, le d\u00e9sordre et le doute. Vincent, lui est attir\u00e9 par les deux mondes : terrestre et c\u00e9leste. Il aime les femmes mais on dirait qu&rsquo;il ne sait comment mener son existence. Pourtant, Baptiste et Vincent sont plus qu&rsquo;ins\u00e9parables, compl\u00e9mentaires.<br \/>\nApr\u00e8s une longue s\u00e9paration, ils se retrouvent. Vincent est mari\u00e9 \u00e0 une com\u00e9dienne tr\u00e8s s\u00e9duisante, Mathilde, qui confond le th\u00e9\u00e2tre et sa vie. Vincent a une relation avec Constance, jeune \u00e9tudiante bourgeoise et cultiv\u00e9e, prostitu\u00e9e \u00e0 ses heures. Comme autrefois, Baptiste sera plus que l&rsquo;ami de Vincent. Il vivra sa vie, comme un double, un alter-ego.<br \/>\nPartag\u00e9s, m\u00eame d\u00e9chir\u00e9s, entre le Ciel et la Terre, les principaux protagonistes forment un quatuor passionn\u00e9,\u0085<\/p>\n","protected":false},"featured_media":621,"template":"","meta":{"_acf_changed":false,"_exactmetrics_skip_tracking":false,"_exactmetrics_sitenote_active":false,"_exactmetrics_sitenote_note":"","_exactmetrics_sitenote_category":0},"product_brand":[],"product_cat":[24],"product_tag":[68],"class_list":{"0":"post-629","1":"product","2":"type-product","3":"status-publish","4":"has-post-thumbnail","6":"product_cat-roman","7":"product_tag-brehal-nicolas","9":"first","10":"instock","11":"taxable","12":"shipping-taxable","13":"purchasable","14":"product-type-simple"},"acf":[],"yoast_head":"<!-- This site is optimized with the Yoast SEO plugin v26.6 - https:\/\/yoast.com\/wordpress\/plugins\/seo\/ -->\n<title>Les corps c\u00e9lestes - Le Chtululu<\/title>\n<meta name=\"robots\" content=\"index, follow, max-snippet:-1, max-image-preview:large, max-video-preview:-1\" \/>\n<link rel=\"canonical\" href=\"https:\/\/chtululu.be\/index.php\/produit\/les-corps-celestes\/\" \/>\n<meta property=\"og:locale\" content=\"fr_FR\" \/>\n<meta property=\"og:type\" content=\"article\" \/>\n<meta property=\"og:title\" content=\"Les corps c\u00e9lestes - Le Chtululu\" \/>\n<meta property=\"og:description\" content=\"Br\u00e9hal Nicolas Baptiste raconte son \u00e9trange amiti\u00e9 pour Vincent. D\u00e8s les ann\u00e9es de coll\u00e8ge, ils sont \u00e0 l&#039;oppos\u00e9 l&#039;un de l&#039;autre. Baptiste, qui ignore le d\u00e9sir charnel, accorde une importance mystique au ciel, cette vo\u00fbte infinie au-dessus de nous, parce que la terre lui inspire la solitude, le d\u00e9sordre et le doute. Vincent, lui est attir\u00e9 par les deux mondes : terrestre et c\u00e9leste. Il aime les femmes mais on dirait qu&#039;il ne sait comment mener son existence. Pourtant, Baptiste et Vincent sont plus qu&#039;ins\u00e9parables, compl\u00e9mentaires. Apr\u00e8s une longue s\u00e9paration, ils se retrouvent. Vincent est mari\u00e9 \u00e0 une com\u00e9dienne tr\u00e8s s\u00e9duisante, Mathilde, qui confond le th\u00e9\u00e2tre et sa vie. Vincent a une relation avec Constance, jeune \u00e9tudiante bourgeoise et cultiv\u00e9e, prostitu\u00e9e \u00e0 ses heures. Comme autrefois, Baptiste sera plus que l&#039;ami de Vincent. Il vivra sa vie, comme un double, un alter-ego. Partag\u00e9s, m\u00eame d\u00e9chir\u00e9s, entre le Ciel et la Terre, les principaux protagonistes forment un quatuor passionn\u00e9,\u0085\" \/>\n<meta property=\"og:url\" content=\"https:\/\/chtululu.be\/index.php\/produit\/les-corps-celestes\/\" \/>\n<meta property=\"og:site_name\" content=\"Le Chtululu\" \/>\n<meta property=\"article:modified_time\" content=\"2017-01-04T20:31:35+00:00\" \/>\n<meta property=\"og:image\" content=\"https:\/\/chtululu.be\/wp-content\/uploads\/2017\/01\/celeste.jpg\" \/>\n\t<meta property=\"og:image:width\" content=\"200\" \/>\n\t<meta property=\"og:image:height\" content=\"311\" \/>\n\t<meta property=\"og:image:type\" content=\"image\/jpeg\" \/>\n<meta name=\"twitter:card\" content=\"summary_large_image\" \/>\n<script type=\"application\/ld+json\" class=\"yoast-schema-graph\">{\"@context\":\"https:\/\/schema.org\",\"@graph\":[{\"@type\":\"WebPage\",\"@id\":\"https:\/\/chtululu.be\/index.php\/produit\/les-corps-celestes\/\",\"url\":\"https:\/\/chtululu.be\/index.php\/produit\/les-corps-celestes\/\",\"name\":\"Les corps c\u00e9lestes - Le Chtululu\",\"isPartOf\":{\"@id\":\"https:\/\/chtululu.be\/#website\"},\"primaryImageOfPage\":{\"@id\":\"https:\/\/chtululu.be\/index.php\/produit\/les-corps-celestes\/#primaryimage\"},\"image\":{\"@id\":\"https:\/\/chtululu.be\/index.php\/produit\/les-corps-celestes\/#primaryimage\"},\"thumbnailUrl\":\"https:\/\/chtululu.be\/wp-content\/uploads\/2017\/01\/celeste.jpg\",\"datePublished\":\"2017-01-04T20:20:57+00:00\",\"dateModified\":\"2017-01-04T20:31:35+00:00\",\"breadcrumb\":{\"@id\":\"https:\/\/chtululu.be\/index.php\/produit\/les-corps-celestes\/#breadcrumb\"},\"inLanguage\":\"fr-FR\",\"potentialAction\":[{\"@type\":\"ReadAction\",\"target\":[\"https:\/\/chtululu.be\/index.php\/produit\/les-corps-celestes\/\"]}]},{\"@type\":\"ImageObject\",\"inLanguage\":\"fr-FR\",\"@id\":\"https:\/\/chtululu.be\/index.php\/produit\/les-corps-celestes\/#primaryimage\",\"url\":\"https:\/\/chtululu.be\/wp-content\/uploads\/2017\/01\/celeste.jpg\",\"contentUrl\":\"https:\/\/chtululu.be\/wp-content\/uploads\/2017\/01\/celeste.jpg\",\"width\":200,\"height\":311},{\"@type\":\"BreadcrumbList\",\"@id\":\"https:\/\/chtululu.be\/index.php\/produit\/les-corps-celestes\/#breadcrumb\",\"itemListElement\":[{\"@type\":\"ListItem\",\"position\":1,\"name\":\"Accueil\",\"item\":\"https:\/\/chtululu.be\/\"},{\"@type\":\"ListItem\",\"position\":2,\"name\":\"Les livres\",\"item\":\"https:\/\/chtululu.be\/index.php\/livres-doccasion\/\"},{\"@type\":\"ListItem\",\"position\":3,\"name\":\"Les corps c\u00e9lestes\"}]},{\"@type\":\"WebSite\",\"@id\":\"https:\/\/chtululu.be\/#website\",\"url\":\"https:\/\/chtululu.be\/\",\"name\":\"Le Chtululu\",\"description\":\"Votre librairie de seconde main \u00e0 Soignies\",\"publisher\":{\"@id\":\"https:\/\/chtululu.be\/#organization\"},\"potentialAction\":[{\"@type\":\"SearchAction\",\"target\":{\"@type\":\"EntryPoint\",\"urlTemplate\":\"https:\/\/chtululu.be\/?s={search_term_string}\"},\"query-input\":{\"@type\":\"PropertyValueSpecification\",\"valueRequired\":true,\"valueName\":\"search_term_string\"}}],\"inLanguage\":\"fr-FR\"},{\"@type\":\"Organization\",\"@id\":\"https:\/\/chtululu.be\/#organization\",\"name\":\"Le Chtululu\",\"url\":\"https:\/\/chtululu.be\/\",\"logo\":{\"@type\":\"ImageObject\",\"inLanguage\":\"fr-FR\",\"@id\":\"https:\/\/chtululu.be\/#\/schema\/logo\/image\/\",\"url\":\"https:\/\/chtululu.be\/wp-content\/uploads\/2016\/05\/logo-def-blanc.jpg\",\"contentUrl\":\"https:\/\/chtululu.be\/wp-content\/uploads\/2016\/05\/logo-def-blanc.jpg\",\"width\":2048,\"height\":1901,\"caption\":\"Le Chtululu\"},\"image\":{\"@id\":\"https:\/\/chtululu.be\/#\/schema\/logo\/image\/\"}}]}<\/script>\n<!-- \/ Yoast SEO plugin. -->","yoast_head_json":{"title":"Les corps c\u00e9lestes - Le Chtululu","robots":{"index":"index","follow":"follow","max-snippet":"max-snippet:-1","max-image-preview":"max-image-preview:large","max-video-preview":"max-video-preview:-1"},"canonical":"https:\/\/chtululu.be\/index.php\/produit\/les-corps-celestes\/","og_locale":"fr_FR","og_type":"article","og_title":"Les corps c\u00e9lestes - Le Chtululu","og_description":"Br\u00e9hal Nicolas Baptiste raconte son \u00e9trange amiti\u00e9 pour Vincent. D\u00e8s les ann\u00e9es de coll\u00e8ge, ils sont \u00e0 l'oppos\u00e9 l'un de l'autre. Baptiste, qui ignore le d\u00e9sir charnel, accorde une importance mystique au ciel, cette vo\u00fbte infinie au-dessus de nous, parce que la terre lui inspire la solitude, le d\u00e9sordre et le doute. Vincent, lui est attir\u00e9 par les deux mondes : terrestre et c\u00e9leste. Il aime les femmes mais on dirait qu'il ne sait comment mener son existence. Pourtant, Baptiste et Vincent sont plus qu'ins\u00e9parables, compl\u00e9mentaires. Apr\u00e8s une longue s\u00e9paration, ils se retrouvent. Vincent est mari\u00e9 \u00e0 une com\u00e9dienne tr\u00e8s s\u00e9duisante, Mathilde, qui confond le th\u00e9\u00e2tre et sa vie. Vincent a une relation avec Constance, jeune \u00e9tudiante bourgeoise et cultiv\u00e9e, prostitu\u00e9e \u00e0 ses heures. Comme autrefois, Baptiste sera plus que l'ami de Vincent. Il vivra sa vie, comme un double, un alter-ego. Partag\u00e9s, m\u00eame d\u00e9chir\u00e9s, entre le Ciel et la Terre, les principaux protagonistes forment un quatuor passionn\u00e9,\u0085","og_url":"https:\/\/chtululu.be\/index.php\/produit\/les-corps-celestes\/","og_site_name":"Le Chtululu","article_modified_time":"2017-01-04T20:31:35+00:00","og_image":[{"width":200,"height":311,"url":"https:\/\/chtululu.be\/wp-content\/uploads\/2017\/01\/celeste.jpg","type":"image\/jpeg"}],"twitter_card":"summary_large_image","schema":{"@context":"https:\/\/schema.org","@graph":[{"@type":"WebPage","@id":"https:\/\/chtululu.be\/index.php\/produit\/les-corps-celestes\/","url":"https:\/\/chtululu.be\/index.php\/produit\/les-corps-celestes\/","name":"Les corps c\u00e9lestes - Le Chtululu","isPartOf":{"@id":"https:\/\/chtululu.be\/#website"},"primaryImageOfPage":{"@id":"https:\/\/chtululu.be\/index.php\/produit\/les-corps-celestes\/#primaryimage"},"image":{"@id":"https:\/\/chtululu.be\/index.php\/produit\/les-corps-celestes\/#primaryimage"},"thumbnailUrl":"https:\/\/chtululu.be\/wp-content\/uploads\/2017\/01\/celeste.jpg","datePublished":"2017-01-04T20:20:57+00:00","dateModified":"2017-01-04T20:31:35+00:00","breadcrumb":{"@id":"https:\/\/chtululu.be\/index.php\/produit\/les-corps-celestes\/#breadcrumb"},"inLanguage":"fr-FR","potentialAction":[{"@type":"ReadAction","target":["https:\/\/chtululu.be\/index.php\/produit\/les-corps-celestes\/"]}]},{"@type":"ImageObject","inLanguage":"fr-FR","@id":"https:\/\/chtululu.be\/index.php\/produit\/les-corps-celestes\/#primaryimage","url":"https:\/\/chtululu.be\/wp-content\/uploads\/2017\/01\/celeste.jpg","contentUrl":"https:\/\/chtululu.be\/wp-content\/uploads\/2017\/01\/celeste.jpg","width":200,"height":311},{"@type":"BreadcrumbList","@id":"https:\/\/chtululu.be\/index.php\/produit\/les-corps-celestes\/#breadcrumb","itemListElement":[{"@type":"ListItem","position":1,"name":"Accueil","item":"https:\/\/chtululu.be\/"},{"@type":"ListItem","position":2,"name":"Les livres","item":"https:\/\/chtululu.be\/index.php\/livres-doccasion\/"},{"@type":"ListItem","position":3,"name":"Les corps c\u00e9lestes"}]},{"@type":"WebSite","@id":"https:\/\/chtululu.be\/#website","url":"https:\/\/chtululu.be\/","name":"Le Chtululu","description":"Votre librairie de seconde main \u00e0 Soignies","publisher":{"@id":"https:\/\/chtululu.be\/#organization"},"potentialAction":[{"@type":"SearchAction","target":{"@type":"EntryPoint","urlTemplate":"https:\/\/chtululu.be\/?s={search_term_string}"},"query-input":{"@type":"PropertyValueSpecification","valueRequired":true,"valueName":"search_term_string"}}],"inLanguage":"fr-FR"},{"@type":"Organization","@id":"https:\/\/chtululu.be\/#organization","name":"Le Chtululu","url":"https:\/\/chtululu.be\/","logo":{"@type":"ImageObject","inLanguage":"fr-FR","@id":"https:\/\/chtululu.be\/#\/schema\/logo\/image\/","url":"https:\/\/chtululu.be\/wp-content\/uploads\/2016\/05\/logo-def-blanc.jpg","contentUrl":"https:\/\/chtululu.be\/wp-content\/uploads\/2016\/05\/logo-def-blanc.jpg","width":2048,"height":1901,"caption":"Le Chtululu"},"image":{"@id":"https:\/\/chtululu.be\/#\/schema\/logo\/image\/"}}]}},"_links":{"self":[{"href":"https:\/\/chtululu.be\/index.php\/wp-json\/wp\/v2\/product\/629","targetHints":{"allow":["GET"]}}],"collection":[{"href":"https:\/\/chtululu.be\/index.php\/wp-json\/wp\/v2\/product"}],"about":[{"href":"https:\/\/chtululu.be\/index.php\/wp-json\/wp\/v2\/types\/product"}],"wp:featuredmedia":[{"embeddable":true,"href":"https:\/\/chtululu.be\/index.php\/wp-json\/wp\/v2\/media\/621"}],"wp:attachment":[{"href":"https:\/\/chtululu.be\/index.php\/wp-json\/wp\/v2\/media?parent=629"}],"wp:term":[{"taxonomy":"product_brand","embeddable":true,"href":"https:\/\/chtululu.be\/index.php\/wp-json\/wp\/v2\/product_brand?post=629"},{"taxonomy":"product_cat","embeddable":true,"href":"https:\/\/chtululu.be\/index.php\/wp-json\/wp\/v2\/product_cat?post=629"},{"taxonomy":"product_tag","embeddable":true,"href":"https:\/\/chtululu.be\/index.php\/wp-json\/wp\/v2\/product_tag?post=629"}],"curies":[{"name":"wp","href":"https:\/\/api.w.org\/{rel}","templated":true}]}}