{"id":599,"date":"2017-01-03T22:21:56","date_gmt":"2017-01-03T21:21:56","guid":{"rendered":"http:\/\/chtululu.be\/index.php\/produit\/rendez-vous-a-kerloch\/"},"modified":"2017-01-07T17:26:17","modified_gmt":"2017-01-07T16:26:17","slug":"rendez-vous-a-kerloch","status":"publish","type":"product","link":"https:\/\/chtululu.be\/index.php\/produit\/rendez-vous-a-kerloch\/","title":{"rendered":"Rendez-vous \u00e0 Kerloc&rsquo;h"},"content":{"rendered":"","protected":false},"excerpt":{"rendered":"<p><strong>Bourdin Fran\u00e7oise<\/strong><\/p>\n<p>De nos jours, dans une ferme bretonne, aux confins de la Cornouaille et du Morbihan, une histoire familiale o\u00f9 secrets et d\u00e9chirures bouleversent des \u00eatres qui s&rsquo;aiment ou se d\u00e9testent.<\/p>\n<p>Apr\u00e8s un divorce catastrophique, quelle id\u00e9e merveilleuse de venir chercher du r\u00e9confort \u00e0 Kerloc&rsquo;h ! Pourtant, lorsque Lo\u00efc rentre au pays, ce ne sont pas les veill\u00e9es chaleureuses autour du feu avec ses fr\u00e8res et sa soeur qui l&rsquo;attendent, mais plut\u00f4t les travaux forc\u00e9s&#8230; Lui qui n&rsquo;a jamais cach\u00e9 son d\u00e9sint\u00e9r\u00eat pour la ferme familiale doit maintenant ob\u00e9ir aux lois impos\u00e9es par Arthus le Marrec, chef de famille autotritaire et t\u00eatu. Mais, quoi qu&rsquo;il fasse ou dise, Lo\u00efc lit sans les yeux de son p\u00e8re le d\u00e9go\u00fbt qu&rsquo;il lui inspire. Sans le savoir, il r\u00e9colte les fruits amers d&rsquo;un pass\u00e9 douloureux&#8230; L&rsquo;espoir rena\u00eet lorsqu&rsquo;il rencontre Sabine, une ravissante jeune femme flic.H\u00e9las ! La belle a ses probl\u00e8mes et demeure inacc\u00e9ssible \u00e0 cet homme qui lui fait maladroitement la cour&#8230; D\u00e8s lors, \u00e0 Kerloc&rsquo;h, les tensions s&rsquo;accumulent et les disputes \u00e9clatent. Lo\u00efc parviendra-t-il \u00e0 lever le myst\u00e8re qui entoure cette rancoeur si mal dissimul\u00e9e et saura-t-il donner \u00e0 sa vie un nouveau d\u00e9part?Dans cette nouvelle saga palpitante qui prend sa source au coeur de l&rsquo;univers breton, Fran\u00e7oise Bourdin \u00e9voque avec justesse la complexit\u00e9 des liens familiaux.<\/p>\n","protected":false},"featured_media":655,"template":"","meta":{"_acf_changed":false,"_exactmetrics_skip_tracking":false,"_exactmetrics_sitenote_active":false,"_exactmetrics_sitenote_note":"","_exactmetrics_sitenote_category":0},"product_brand":[],"product_cat":[24],"product_tag":[65],"class_list":{"0":"post-599","1":"product","2":"type-product","3":"status-publish","4":"has-post-thumbnail","6":"product_cat-roman","7":"product_tag-bourdin-francoise","9":"first","10":"instock","11":"sold-individually","12":"taxable","13":"shipping-taxable","14":"purchasable","15":"product-type-simple"},"acf":[],"yoast_head":"<!-- This site is optimized with the Yoast SEO plugin v26.6 - https:\/\/yoast.com\/wordpress\/plugins\/seo\/ -->\n<title>Rendez-vous \u00e0 Kerloc&#039;h - Le Chtululu<\/title>\n<meta name=\"robots\" content=\"index, follow, max-snippet:-1, max-image-preview:large, max-video-preview:-1\" \/>\n<link rel=\"canonical\" href=\"https:\/\/chtululu.be\/index.php\/produit\/rendez-vous-a-kerloch\/\" \/>\n<meta property=\"og:locale\" content=\"fr_FR\" \/>\n<meta property=\"og:type\" content=\"article\" \/>\n<meta property=\"og:title\" content=\"Rendez-vous \u00e0 Kerloc&#039;h - Le Chtululu\" \/>\n<meta property=\"og:description\" content=\"Bourdin Fran\u00e7oise  De nos jours, dans une ferme bretonne, aux confins de la Cornouaille et du Morbihan, une histoire familiale o\u00f9 secrets et d\u00e9chirures bouleversent des \u00eatres qui s&#039;aiment ou se d\u00e9testent.  Apr\u00e8s un divorce catastrophique, quelle id\u00e9e merveilleuse de venir chercher du r\u00e9confort \u00e0 Kerloc&#039;h ! Pourtant, lorsque Lo\u00efc rentre au pays, ce ne sont pas les veill\u00e9es chaleureuses autour du feu avec ses fr\u00e8res et sa soeur qui l&#039;attendent, mais plut\u00f4t les travaux forc\u00e9s... Lui qui n&#039;a jamais cach\u00e9 son d\u00e9sint\u00e9r\u00eat pour la ferme familiale doit maintenant ob\u00e9ir aux lois impos\u00e9es par Arthus le Marrec, chef de famille autotritaire et t\u00eatu. Mais, quoi qu&#039;il fasse ou dise, Lo\u00efc lit sans les yeux de son p\u00e8re le d\u00e9go\u00fbt qu&#039;il lui inspire. Sans le savoir, il r\u00e9colte les fruits amers d&#039;un pass\u00e9 douloureux... L&#039;espoir rena\u00eet lorsqu&#039;il rencontre Sabine, une ravissante jeune femme flic.H\u00e9las ! La belle a ses probl\u00e8mes et demeure inacc\u00e9ssible \u00e0 cet homme qui lui fait maladroitement la cour... D\u00e8s lors, \u00e0 Kerloc&#039;h, les tensions s&#039;accumulent et les disputes \u00e9clatent. Lo\u00efc parviendra-t-il \u00e0 lever le myst\u00e8re qui entoure cette rancoeur si mal dissimul\u00e9e et saura-t-il donner \u00e0 sa vie un nouveau d\u00e9part?Dans cette nouvelle saga palpitante qui prend sa source au coeur de l&#039;univers breton, Fran\u00e7oise Bourdin \u00e9voque avec justesse la complexit\u00e9 des liens familiaux.\" \/>\n<meta property=\"og:url\" content=\"https:\/\/chtululu.be\/index.php\/produit\/rendez-vous-a-kerloch\/\" \/>\n<meta property=\"og:site_name\" content=\"Le Chtululu\" \/>\n<meta property=\"article:modified_time\" content=\"2017-01-07T16:26:17+00:00\" \/>\n<meta property=\"og:image\" content=\"https:\/\/chtululu.be\/wp-content\/uploads\/2017\/01\/87288956.jpg\" \/>\n\t<meta property=\"og:image:width\" content=\"200\" \/>\n\t<meta property=\"og:image:height\" content=\"326\" \/>\n\t<meta property=\"og:image:type\" content=\"image\/jpeg\" \/>\n<meta name=\"twitter:card\" content=\"summary_large_image\" \/>\n<script type=\"application\/ld+json\" class=\"yoast-schema-graph\">{\"@context\":\"https:\/\/schema.org\",\"@graph\":[{\"@type\":\"WebPage\",\"@id\":\"https:\/\/chtululu.be\/index.php\/produit\/rendez-vous-a-kerloch\/\",\"url\":\"https:\/\/chtululu.be\/index.php\/produit\/rendez-vous-a-kerloch\/\",\"name\":\"Rendez-vous \u00e0 Kerloc'h - Le Chtululu\",\"isPartOf\":{\"@id\":\"https:\/\/chtululu.be\/#website\"},\"primaryImageOfPage\":{\"@id\":\"https:\/\/chtululu.be\/index.php\/produit\/rendez-vous-a-kerloch\/#primaryimage\"},\"image\":{\"@id\":\"https:\/\/chtululu.be\/index.php\/produit\/rendez-vous-a-kerloch\/#primaryimage\"},\"thumbnailUrl\":\"https:\/\/chtululu.be\/wp-content\/uploads\/2017\/01\/87288956.jpg\",\"datePublished\":\"2017-01-03T21:21:56+00:00\",\"dateModified\":\"2017-01-07T16:26:17+00:00\",\"breadcrumb\":{\"@id\":\"https:\/\/chtululu.be\/index.php\/produit\/rendez-vous-a-kerloch\/#breadcrumb\"},\"inLanguage\":\"fr-FR\",\"potentialAction\":[{\"@type\":\"ReadAction\",\"target\":[\"https:\/\/chtululu.be\/index.php\/produit\/rendez-vous-a-kerloch\/\"]}]},{\"@type\":\"ImageObject\",\"inLanguage\":\"fr-FR\",\"@id\":\"https:\/\/chtululu.be\/index.php\/produit\/rendez-vous-a-kerloch\/#primaryimage\",\"url\":\"https:\/\/chtululu.be\/wp-content\/uploads\/2017\/01\/87288956.jpg\",\"contentUrl\":\"https:\/\/chtululu.be\/wp-content\/uploads\/2017\/01\/87288956.jpg\",\"width\":200,\"height\":326},{\"@type\":\"BreadcrumbList\",\"@id\":\"https:\/\/chtululu.be\/index.php\/produit\/rendez-vous-a-kerloch\/#breadcrumb\",\"itemListElement\":[{\"@type\":\"ListItem\",\"position\":1,\"name\":\"Accueil\",\"item\":\"https:\/\/chtululu.be\/\"},{\"@type\":\"ListItem\",\"position\":2,\"name\":\"Les livres\",\"item\":\"https:\/\/chtululu.be\/index.php\/livres-doccasion\/\"},{\"@type\":\"ListItem\",\"position\":3,\"name\":\"Rendez-vous \u00e0 Kerloc&rsquo;h\"}]},{\"@type\":\"WebSite\",\"@id\":\"https:\/\/chtululu.be\/#website\",\"url\":\"https:\/\/chtululu.be\/\",\"name\":\"Le Chtululu\",\"description\":\"Votre librairie de seconde main \u00e0 Soignies\",\"publisher\":{\"@id\":\"https:\/\/chtululu.be\/#organization\"},\"potentialAction\":[{\"@type\":\"SearchAction\",\"target\":{\"@type\":\"EntryPoint\",\"urlTemplate\":\"https:\/\/chtululu.be\/?s={search_term_string}\"},\"query-input\":{\"@type\":\"PropertyValueSpecification\",\"valueRequired\":true,\"valueName\":\"search_term_string\"}}],\"inLanguage\":\"fr-FR\"},{\"@type\":\"Organization\",\"@id\":\"https:\/\/chtululu.be\/#organization\",\"name\":\"Le Chtululu\",\"url\":\"https:\/\/chtululu.be\/\",\"logo\":{\"@type\":\"ImageObject\",\"inLanguage\":\"fr-FR\",\"@id\":\"https:\/\/chtululu.be\/#\/schema\/logo\/image\/\",\"url\":\"https:\/\/chtululu.be\/wp-content\/uploads\/2016\/05\/logo-def-blanc.jpg\",\"contentUrl\":\"https:\/\/chtululu.be\/wp-content\/uploads\/2016\/05\/logo-def-blanc.jpg\",\"width\":2048,\"height\":1901,\"caption\":\"Le Chtululu\"},\"image\":{\"@id\":\"https:\/\/chtululu.be\/#\/schema\/logo\/image\/\"}}]}<\/script>\n<!-- \/ Yoast SEO plugin. -->","yoast_head_json":{"title":"Rendez-vous \u00e0 Kerloc'h - Le Chtululu","robots":{"index":"index","follow":"follow","max-snippet":"max-snippet:-1","max-image-preview":"max-image-preview:large","max-video-preview":"max-video-preview:-1"},"canonical":"https:\/\/chtululu.be\/index.php\/produit\/rendez-vous-a-kerloch\/","og_locale":"fr_FR","og_type":"article","og_title":"Rendez-vous \u00e0 Kerloc'h - Le Chtululu","og_description":"Bourdin Fran\u00e7oise  De nos jours, dans une ferme bretonne, aux confins de la Cornouaille et du Morbihan, une histoire familiale o\u00f9 secrets et d\u00e9chirures bouleversent des \u00eatres qui s'aiment ou se d\u00e9testent.  Apr\u00e8s un divorce catastrophique, quelle id\u00e9e merveilleuse de venir chercher du r\u00e9confort \u00e0 Kerloc'h ! Pourtant, lorsque Lo\u00efc rentre au pays, ce ne sont pas les veill\u00e9es chaleureuses autour du feu avec ses fr\u00e8res et sa soeur qui l'attendent, mais plut\u00f4t les travaux forc\u00e9s... Lui qui n'a jamais cach\u00e9 son d\u00e9sint\u00e9r\u00eat pour la ferme familiale doit maintenant ob\u00e9ir aux lois impos\u00e9es par Arthus le Marrec, chef de famille autotritaire et t\u00eatu. Mais, quoi qu'il fasse ou dise, Lo\u00efc lit sans les yeux de son p\u00e8re le d\u00e9go\u00fbt qu'il lui inspire. Sans le savoir, il r\u00e9colte les fruits amers d'un pass\u00e9 douloureux... L'espoir rena\u00eet lorsqu'il rencontre Sabine, une ravissante jeune femme flic.H\u00e9las ! La belle a ses probl\u00e8mes et demeure inacc\u00e9ssible \u00e0 cet homme qui lui fait maladroitement la cour... D\u00e8s lors, \u00e0 Kerloc'h, les tensions s'accumulent et les disputes \u00e9clatent. Lo\u00efc parviendra-t-il \u00e0 lever le myst\u00e8re qui entoure cette rancoeur si mal dissimul\u00e9e et saura-t-il donner \u00e0 sa vie un nouveau d\u00e9part?Dans cette nouvelle saga palpitante qui prend sa source au coeur de l'univers breton, Fran\u00e7oise Bourdin \u00e9voque avec justesse la complexit\u00e9 des liens familiaux.","og_url":"https:\/\/chtululu.be\/index.php\/produit\/rendez-vous-a-kerloch\/","og_site_name":"Le Chtululu","article_modified_time":"2017-01-07T16:26:17+00:00","og_image":[{"width":200,"height":326,"url":"https:\/\/chtululu.be\/wp-content\/uploads\/2017\/01\/87288956.jpg","type":"image\/jpeg"}],"twitter_card":"summary_large_image","schema":{"@context":"https:\/\/schema.org","@graph":[{"@type":"WebPage","@id":"https:\/\/chtululu.be\/index.php\/produit\/rendez-vous-a-kerloch\/","url":"https:\/\/chtululu.be\/index.php\/produit\/rendez-vous-a-kerloch\/","name":"Rendez-vous \u00e0 Kerloc'h - Le Chtululu","isPartOf":{"@id":"https:\/\/chtululu.be\/#website"},"primaryImageOfPage":{"@id":"https:\/\/chtululu.be\/index.php\/produit\/rendez-vous-a-kerloch\/#primaryimage"},"image":{"@id":"https:\/\/chtululu.be\/index.php\/produit\/rendez-vous-a-kerloch\/#primaryimage"},"thumbnailUrl":"https:\/\/chtululu.be\/wp-content\/uploads\/2017\/01\/87288956.jpg","datePublished":"2017-01-03T21:21:56+00:00","dateModified":"2017-01-07T16:26:17+00:00","breadcrumb":{"@id":"https:\/\/chtululu.be\/index.php\/produit\/rendez-vous-a-kerloch\/#breadcrumb"},"inLanguage":"fr-FR","potentialAction":[{"@type":"ReadAction","target":["https:\/\/chtululu.be\/index.php\/produit\/rendez-vous-a-kerloch\/"]}]},{"@type":"ImageObject","inLanguage":"fr-FR","@id":"https:\/\/chtululu.be\/index.php\/produit\/rendez-vous-a-kerloch\/#primaryimage","url":"https:\/\/chtululu.be\/wp-content\/uploads\/2017\/01\/87288956.jpg","contentUrl":"https:\/\/chtululu.be\/wp-content\/uploads\/2017\/01\/87288956.jpg","width":200,"height":326},{"@type":"BreadcrumbList","@id":"https:\/\/chtululu.be\/index.php\/produit\/rendez-vous-a-kerloch\/#breadcrumb","itemListElement":[{"@type":"ListItem","position":1,"name":"Accueil","item":"https:\/\/chtululu.be\/"},{"@type":"ListItem","position":2,"name":"Les livres","item":"https:\/\/chtululu.be\/index.php\/livres-doccasion\/"},{"@type":"ListItem","position":3,"name":"Rendez-vous \u00e0 Kerloc&rsquo;h"}]},{"@type":"WebSite","@id":"https:\/\/chtululu.be\/#website","url":"https:\/\/chtululu.be\/","name":"Le Chtululu","description":"Votre librairie de seconde main \u00e0 Soignies","publisher":{"@id":"https:\/\/chtululu.be\/#organization"},"potentialAction":[{"@type":"SearchAction","target":{"@type":"EntryPoint","urlTemplate":"https:\/\/chtululu.be\/?s={search_term_string}"},"query-input":{"@type":"PropertyValueSpecification","valueRequired":true,"valueName":"search_term_string"}}],"inLanguage":"fr-FR"},{"@type":"Organization","@id":"https:\/\/chtululu.be\/#organization","name":"Le Chtululu","url":"https:\/\/chtululu.be\/","logo":{"@type":"ImageObject","inLanguage":"fr-FR","@id":"https:\/\/chtululu.be\/#\/schema\/logo\/image\/","url":"https:\/\/chtululu.be\/wp-content\/uploads\/2016\/05\/logo-def-blanc.jpg","contentUrl":"https:\/\/chtululu.be\/wp-content\/uploads\/2016\/05\/logo-def-blanc.jpg","width":2048,"height":1901,"caption":"Le Chtululu"},"image":{"@id":"https:\/\/chtululu.be\/#\/schema\/logo\/image\/"}}]}},"_links":{"self":[{"href":"https:\/\/chtululu.be\/index.php\/wp-json\/wp\/v2\/product\/599","targetHints":{"allow":["GET"]}}],"collection":[{"href":"https:\/\/chtululu.be\/index.php\/wp-json\/wp\/v2\/product"}],"about":[{"href":"https:\/\/chtululu.be\/index.php\/wp-json\/wp\/v2\/types\/product"}],"wp:featuredmedia":[{"embeddable":true,"href":"https:\/\/chtululu.be\/index.php\/wp-json\/wp\/v2\/media\/655"}],"wp:attachment":[{"href":"https:\/\/chtululu.be\/index.php\/wp-json\/wp\/v2\/media?parent=599"}],"wp:term":[{"taxonomy":"product_brand","embeddable":true,"href":"https:\/\/chtululu.be\/index.php\/wp-json\/wp\/v2\/product_brand?post=599"},{"taxonomy":"product_cat","embeddable":true,"href":"https:\/\/chtululu.be\/index.php\/wp-json\/wp\/v2\/product_cat?post=599"},{"taxonomy":"product_tag","embeddable":true,"href":"https:\/\/chtululu.be\/index.php\/wp-json\/wp\/v2\/product_tag?post=599"}],"curies":[{"name":"wp","href":"https:\/\/api.w.org\/{rel}","templated":true}]}}