{"id":598,"date":"2017-01-03T22:21:55","date_gmt":"2017-01-03T21:21:55","guid":{"rendered":"http:\/\/chtululu.be\/index.php\/produit\/belle-arriere-grand-mere\/"},"modified":"2017-01-07T18:06:33","modified_gmt":"2017-01-07T17:06:33","slug":"belle-arriere-grand-mere","status":"publish","type":"product","link":"https:\/\/chtululu.be\/index.php\/produit\/belle-arriere-grand-mere\/","title":{"rendered":"Belle arri\u00e8re-grand-m\u00e8re"},"content":{"rendered":"","protected":false},"excerpt":{"rendered":"<p><strong>Boissard Janine<\/strong><\/p>\n<p>Il n&rsquo;y a pas d&rsquo;\u00e2ge pour grandir? C&rsquo;est ce que Babou va d\u00e9couvrir en devenant arri\u00e8re-grand-m\u00e8re pour la premi\u00e8re fois d&rsquo;une petite Adella, fille de Justino, 18 ans, et de Hayd\u00e9e, 17, poursuivie par la fureur de son p\u00e8re.<\/p>\n<p>Puis voil\u00e0 Babou frapp\u00e9e par un deuil douloureux.<br \/>\nEt enfin, elle vole au secours d&rsquo;un jeune gar\u00e7on victime de maltraitance psychologique, l&rsquo;une des plus cruelles.<\/p>\n<p>Que d&rsquo;\u00e9motions, de larmes, mais aussi de rires avant que, le calme revenu dans la famille, elle puisse r\u00e9aliser son r\u00eave : se remettre \u00e0 la peinture !<\/p>\n","protected":false},"featured_media":664,"template":"","meta":{"_acf_changed":false,"_exactmetrics_skip_tracking":false,"_exactmetrics_sitenote_active":false,"_exactmetrics_sitenote_note":"","_exactmetrics_sitenote_category":0},"product_brand":[],"product_cat":[24],"product_tag":[64],"class_list":{"0":"post-598","1":"product","2":"type-product","3":"status-publish","4":"has-post-thumbnail","6":"product_cat-roman","7":"product_tag-boissard-janine","9":"first","10":"instock","11":"sold-individually","12":"taxable","13":"shipping-taxable","14":"purchasable","15":"product-type-simple"},"acf":[],"yoast_head":"<!-- This site is optimized with the Yoast SEO plugin v26.6 - https:\/\/yoast.com\/wordpress\/plugins\/seo\/ -->\n<title>Belle arri\u00e8re-grand-m\u00e8re - Le Chtululu<\/title>\n<meta name=\"robots\" content=\"index, follow, max-snippet:-1, max-image-preview:large, max-video-preview:-1\" \/>\n<link rel=\"canonical\" href=\"https:\/\/chtululu.be\/index.php\/produit\/belle-arriere-grand-mere\/\" \/>\n<meta property=\"og:locale\" content=\"fr_FR\" \/>\n<meta property=\"og:type\" content=\"article\" \/>\n<meta property=\"og:title\" content=\"Belle arri\u00e8re-grand-m\u00e8re - Le Chtululu\" \/>\n<meta property=\"og:description\" content=\"Boissard Janine  Il n&#039;y a pas d&#039;\u00e2ge pour grandir? C&#039;est ce que Babou va d\u00e9couvrir en devenant arri\u00e8re-grand-m\u00e8re pour la premi\u00e8re fois d&#039;une petite Adella, fille de Justino, 18 ans, et de Hayd\u00e9e, 17, poursuivie par la fureur de son p\u00e8re.  Puis voil\u00e0 Babou frapp\u00e9e par un deuil douloureux. Et enfin, elle vole au secours d&#039;un jeune gar\u00e7on victime de maltraitance psychologique, l&#039;une des plus cruelles.  Que d&#039;\u00e9motions, de larmes, mais aussi de rires avant que, le calme revenu dans la famille, elle puisse r\u00e9aliser son r\u00eave : se remettre \u00e0 la peinture !\" \/>\n<meta property=\"og:url\" content=\"https:\/\/chtululu.be\/index.php\/produit\/belle-arriere-grand-mere\/\" \/>\n<meta property=\"og:site_name\" content=\"Le Chtululu\" \/>\n<meta property=\"article:modified_time\" content=\"2017-01-07T17:06:33+00:00\" \/>\n<meta property=\"og:image\" content=\"https:\/\/chtululu.be\/wp-content\/uploads\/2017\/01\/belle-arriere-grand-mere.jpg\" \/>\n\t<meta property=\"og:image:width\" content=\"200\" \/>\n\t<meta property=\"og:image:height\" content=\"325\" \/>\n\t<meta property=\"og:image:type\" content=\"image\/jpeg\" \/>\n<meta name=\"twitter:card\" content=\"summary_large_image\" \/>\n<script type=\"application\/ld+json\" class=\"yoast-schema-graph\">{\"@context\":\"https:\/\/schema.org\",\"@graph\":[{\"@type\":\"WebPage\",\"@id\":\"https:\/\/chtululu.be\/index.php\/produit\/belle-arriere-grand-mere\/\",\"url\":\"https:\/\/chtululu.be\/index.php\/produit\/belle-arriere-grand-mere\/\",\"name\":\"Belle arri\u00e8re-grand-m\u00e8re - Le Chtululu\",\"isPartOf\":{\"@id\":\"https:\/\/chtululu.be\/#website\"},\"primaryImageOfPage\":{\"@id\":\"https:\/\/chtululu.be\/index.php\/produit\/belle-arriere-grand-mere\/#primaryimage\"},\"image\":{\"@id\":\"https:\/\/chtululu.be\/index.php\/produit\/belle-arriere-grand-mere\/#primaryimage\"},\"thumbnailUrl\":\"https:\/\/chtululu.be\/wp-content\/uploads\/2017\/01\/belle-arriere-grand-mere.jpg\",\"datePublished\":\"2017-01-03T21:21:55+00:00\",\"dateModified\":\"2017-01-07T17:06:33+00:00\",\"breadcrumb\":{\"@id\":\"https:\/\/chtululu.be\/index.php\/produit\/belle-arriere-grand-mere\/#breadcrumb\"},\"inLanguage\":\"fr-FR\",\"potentialAction\":[{\"@type\":\"ReadAction\",\"target\":[\"https:\/\/chtululu.be\/index.php\/produit\/belle-arriere-grand-mere\/\"]}]},{\"@type\":\"ImageObject\",\"inLanguage\":\"fr-FR\",\"@id\":\"https:\/\/chtululu.be\/index.php\/produit\/belle-arriere-grand-mere\/#primaryimage\",\"url\":\"https:\/\/chtululu.be\/wp-content\/uploads\/2017\/01\/belle-arriere-grand-mere.jpg\",\"contentUrl\":\"https:\/\/chtululu.be\/wp-content\/uploads\/2017\/01\/belle-arriere-grand-mere.jpg\",\"width\":200,\"height\":325},{\"@type\":\"BreadcrumbList\",\"@id\":\"https:\/\/chtululu.be\/index.php\/produit\/belle-arriere-grand-mere\/#breadcrumb\",\"itemListElement\":[{\"@type\":\"ListItem\",\"position\":1,\"name\":\"Accueil\",\"item\":\"https:\/\/chtululu.be\/\"},{\"@type\":\"ListItem\",\"position\":2,\"name\":\"Les livres\",\"item\":\"https:\/\/chtululu.be\/index.php\/livres-doccasion\/\"},{\"@type\":\"ListItem\",\"position\":3,\"name\":\"Belle arri\u00e8re-grand-m\u00e8re\"}]},{\"@type\":\"WebSite\",\"@id\":\"https:\/\/chtululu.be\/#website\",\"url\":\"https:\/\/chtululu.be\/\",\"name\":\"Le Chtululu\",\"description\":\"Votre librairie de seconde main \u00e0 Soignies\",\"publisher\":{\"@id\":\"https:\/\/chtululu.be\/#organization\"},\"potentialAction\":[{\"@type\":\"SearchAction\",\"target\":{\"@type\":\"EntryPoint\",\"urlTemplate\":\"https:\/\/chtululu.be\/?s={search_term_string}\"},\"query-input\":{\"@type\":\"PropertyValueSpecification\",\"valueRequired\":true,\"valueName\":\"search_term_string\"}}],\"inLanguage\":\"fr-FR\"},{\"@type\":\"Organization\",\"@id\":\"https:\/\/chtululu.be\/#organization\",\"name\":\"Le Chtululu\",\"url\":\"https:\/\/chtululu.be\/\",\"logo\":{\"@type\":\"ImageObject\",\"inLanguage\":\"fr-FR\",\"@id\":\"https:\/\/chtululu.be\/#\/schema\/logo\/image\/\",\"url\":\"https:\/\/chtululu.be\/wp-content\/uploads\/2016\/05\/logo-def-blanc.jpg\",\"contentUrl\":\"https:\/\/chtululu.be\/wp-content\/uploads\/2016\/05\/logo-def-blanc.jpg\",\"width\":2048,\"height\":1901,\"caption\":\"Le Chtululu\"},\"image\":{\"@id\":\"https:\/\/chtululu.be\/#\/schema\/logo\/image\/\"}}]}<\/script>\n<!-- \/ Yoast SEO plugin. -->","yoast_head_json":{"title":"Belle arri\u00e8re-grand-m\u00e8re - Le Chtululu","robots":{"index":"index","follow":"follow","max-snippet":"max-snippet:-1","max-image-preview":"max-image-preview:large","max-video-preview":"max-video-preview:-1"},"canonical":"https:\/\/chtululu.be\/index.php\/produit\/belle-arriere-grand-mere\/","og_locale":"fr_FR","og_type":"article","og_title":"Belle arri\u00e8re-grand-m\u00e8re - Le Chtululu","og_description":"Boissard Janine  Il n'y a pas d'\u00e2ge pour grandir? C'est ce que Babou va d\u00e9couvrir en devenant arri\u00e8re-grand-m\u00e8re pour la premi\u00e8re fois d'une petite Adella, fille de Justino, 18 ans, et de Hayd\u00e9e, 17, poursuivie par la fureur de son p\u00e8re.  Puis voil\u00e0 Babou frapp\u00e9e par un deuil douloureux. Et enfin, elle vole au secours d'un jeune gar\u00e7on victime de maltraitance psychologique, l'une des plus cruelles.  Que d'\u00e9motions, de larmes, mais aussi de rires avant que, le calme revenu dans la famille, elle puisse r\u00e9aliser son r\u00eave : se remettre \u00e0 la peinture !","og_url":"https:\/\/chtululu.be\/index.php\/produit\/belle-arriere-grand-mere\/","og_site_name":"Le Chtululu","article_modified_time":"2017-01-07T17:06:33+00:00","og_image":[{"width":200,"height":325,"url":"https:\/\/chtululu.be\/wp-content\/uploads\/2017\/01\/belle-arriere-grand-mere.jpg","type":"image\/jpeg"}],"twitter_card":"summary_large_image","schema":{"@context":"https:\/\/schema.org","@graph":[{"@type":"WebPage","@id":"https:\/\/chtululu.be\/index.php\/produit\/belle-arriere-grand-mere\/","url":"https:\/\/chtululu.be\/index.php\/produit\/belle-arriere-grand-mere\/","name":"Belle arri\u00e8re-grand-m\u00e8re - Le Chtululu","isPartOf":{"@id":"https:\/\/chtululu.be\/#website"},"primaryImageOfPage":{"@id":"https:\/\/chtululu.be\/index.php\/produit\/belle-arriere-grand-mere\/#primaryimage"},"image":{"@id":"https:\/\/chtululu.be\/index.php\/produit\/belle-arriere-grand-mere\/#primaryimage"},"thumbnailUrl":"https:\/\/chtululu.be\/wp-content\/uploads\/2017\/01\/belle-arriere-grand-mere.jpg","datePublished":"2017-01-03T21:21:55+00:00","dateModified":"2017-01-07T17:06:33+00:00","breadcrumb":{"@id":"https:\/\/chtululu.be\/index.php\/produit\/belle-arriere-grand-mere\/#breadcrumb"},"inLanguage":"fr-FR","potentialAction":[{"@type":"ReadAction","target":["https:\/\/chtululu.be\/index.php\/produit\/belle-arriere-grand-mere\/"]}]},{"@type":"ImageObject","inLanguage":"fr-FR","@id":"https:\/\/chtululu.be\/index.php\/produit\/belle-arriere-grand-mere\/#primaryimage","url":"https:\/\/chtululu.be\/wp-content\/uploads\/2017\/01\/belle-arriere-grand-mere.jpg","contentUrl":"https:\/\/chtululu.be\/wp-content\/uploads\/2017\/01\/belle-arriere-grand-mere.jpg","width":200,"height":325},{"@type":"BreadcrumbList","@id":"https:\/\/chtululu.be\/index.php\/produit\/belle-arriere-grand-mere\/#breadcrumb","itemListElement":[{"@type":"ListItem","position":1,"name":"Accueil","item":"https:\/\/chtululu.be\/"},{"@type":"ListItem","position":2,"name":"Les livres","item":"https:\/\/chtululu.be\/index.php\/livres-doccasion\/"},{"@type":"ListItem","position":3,"name":"Belle arri\u00e8re-grand-m\u00e8re"}]},{"@type":"WebSite","@id":"https:\/\/chtululu.be\/#website","url":"https:\/\/chtululu.be\/","name":"Le Chtululu","description":"Votre librairie de seconde main \u00e0 Soignies","publisher":{"@id":"https:\/\/chtululu.be\/#organization"},"potentialAction":[{"@type":"SearchAction","target":{"@type":"EntryPoint","urlTemplate":"https:\/\/chtululu.be\/?s={search_term_string}"},"query-input":{"@type":"PropertyValueSpecification","valueRequired":true,"valueName":"search_term_string"}}],"inLanguage":"fr-FR"},{"@type":"Organization","@id":"https:\/\/chtululu.be\/#organization","name":"Le Chtululu","url":"https:\/\/chtululu.be\/","logo":{"@type":"ImageObject","inLanguage":"fr-FR","@id":"https:\/\/chtululu.be\/#\/schema\/logo\/image\/","url":"https:\/\/chtululu.be\/wp-content\/uploads\/2016\/05\/logo-def-blanc.jpg","contentUrl":"https:\/\/chtululu.be\/wp-content\/uploads\/2016\/05\/logo-def-blanc.jpg","width":2048,"height":1901,"caption":"Le Chtululu"},"image":{"@id":"https:\/\/chtululu.be\/#\/schema\/logo\/image\/"}}]}},"_links":{"self":[{"href":"https:\/\/chtululu.be\/index.php\/wp-json\/wp\/v2\/product\/598","targetHints":{"allow":["GET"]}}],"collection":[{"href":"https:\/\/chtululu.be\/index.php\/wp-json\/wp\/v2\/product"}],"about":[{"href":"https:\/\/chtululu.be\/index.php\/wp-json\/wp\/v2\/types\/product"}],"wp:featuredmedia":[{"embeddable":true,"href":"https:\/\/chtululu.be\/index.php\/wp-json\/wp\/v2\/media\/664"}],"wp:attachment":[{"href":"https:\/\/chtululu.be\/index.php\/wp-json\/wp\/v2\/media?parent=598"}],"wp:term":[{"taxonomy":"product_brand","embeddable":true,"href":"https:\/\/chtululu.be\/index.php\/wp-json\/wp\/v2\/product_brand?post=598"},{"taxonomy":"product_cat","embeddable":true,"href":"https:\/\/chtululu.be\/index.php\/wp-json\/wp\/v2\/product_cat?post=598"},{"taxonomy":"product_tag","embeddable":true,"href":"https:\/\/chtululu.be\/index.php\/wp-json\/wp\/v2\/product_tag?post=598"}],"curies":[{"name":"wp","href":"https:\/\/api.w.org\/{rel}","templated":true}]}}