{"id":597,"date":"2017-01-03T22:21:54","date_gmt":"2017-01-03T21:21:54","guid":{"rendered":"http:\/\/chtululu.be\/index.php\/produit\/belle-grand-mere-chez-babouchka-toi-mon-pacha-allo-babou-viens-vite%c2%85-on-a-besoin-de-toi\/"},"modified":"2025-07-12T11:52:39","modified_gmt":"2025-07-12T10:52:39","slug":"belle-grand-mere","status":"publish","type":"product","link":"https:\/\/chtululu.be\/index.php\/produit\/belle-grand-mere\/","title":{"rendered":"Belle grand-m\u00e8re &#8211; Chez Babouchka &#8211; Toi, mon Pacha &#8211; Allo, Babou, viens vite\u0085 on a besoin de toi !"},"content":{"rendered":"","protected":false},"excerpt":{"rendered":"<p><strong>Boissard Janine<\/strong><\/p>\n<p>Babouchka, alias Babou, est une grand-m\u00e8re d\u2019aujourd\u2019hui, jamais \u00e0 court d\u2019\u00e9nergie pour concilier sa vie tr\u00e9pidante et son r\u00f4le d\u2019a\u00efeule. Pr\u00e9sence souriante et r\u00e9confortante, elle aime accueillir toute sa descendance (et les pi\u00e8ces rapport\u00e9es\u00a0!) dans sa vaste maison, m\u00eame si, tout comme son mari, le \u00ab\u00a0Pacha\u00a0\u00bb, retrait\u00e9 de la Marine et passionn\u00e9 de Scrabble, elle ne cache pas son soulagement quand, apr\u00e8s l\u2019ouragan, chacun repart chez soi\u00a0!<\/p>\n<p>Entre les joies et les peines, les imbroglios et les secrets, c\u2019est comme un vent de folie qui souffle sur cette famille d\u2019aujourd\u2019hui, jamais \u00e0 court de tendresse et d\u2019amour.<br \/>\nLes quatre premiers tomes de cette saga multi-g\u00e9n\u00e9rationnelle r\u00e9unis comme autant de tranches de vie\u00a0!<\/p>\n","protected":false},"featured_media":604,"template":"","meta":{"_acf_changed":false,"_exactmetrics_skip_tracking":false,"_exactmetrics_sitenote_active":false,"_exactmetrics_sitenote_note":"","_exactmetrics_sitenote_category":0},"product_brand":[],"product_cat":[24],"product_tag":[64],"class_list":{"0":"post-597","1":"product","2":"type-product","3":"status-publish","4":"has-post-thumbnail","6":"product_cat-roman","7":"product_tag-boissard-janine","9":"first","10":"outofstock","11":"sold-individually","12":"taxable","13":"shipping-taxable","14":"purchasable","15":"product-type-simple"},"acf":[],"yoast_head":"<!-- This site is optimized with the Yoast SEO plugin v26.6 - https:\/\/yoast.com\/wordpress\/plugins\/seo\/ -->\n<title>Belle grand-m\u00e8re - Chez Babouchka - Toi, mon Pacha - Allo, Babou, viens vite\u0085 on a besoin de toi ! - Le Chtululu<\/title>\n<meta name=\"robots\" content=\"index, follow, max-snippet:-1, max-image-preview:large, max-video-preview:-1\" \/>\n<link rel=\"canonical\" href=\"https:\/\/chtululu.be\/index.php\/produit\/belle-grand-mere\/\" \/>\n<meta property=\"og:locale\" content=\"fr_FR\" \/>\n<meta property=\"og:type\" content=\"article\" \/>\n<meta property=\"og:title\" content=\"Belle grand-m\u00e8re - Chez Babouchka - Toi, mon Pacha - Allo, Babou, viens vite\u0085 on a besoin de toi ! - Le Chtululu\" \/>\n<meta property=\"og:description\" content=\"Boissard Janine  Babouchka, alias Babou, est une grand-m\u00e8re d\u2019aujourd\u2019hui, jamais \u00e0 court d\u2019\u00e9nergie pour concilier sa vie tr\u00e9pidante et son r\u00f4le d\u2019a\u00efeule. Pr\u00e9sence souriante et r\u00e9confortante, elle aime accueillir toute sa descendance (et les pi\u00e8ces rapport\u00e9es\u00a0!) dans sa vaste maison, m\u00eame si, tout comme son mari, le \u00ab\u00a0Pacha\u00a0\u00bb, retrait\u00e9 de la Marine et passionn\u00e9 de Scrabble, elle ne cache pas son soulagement quand, apr\u00e8s l\u2019ouragan, chacun repart chez soi\u00a0!  Entre les joies et les peines, les imbroglios et les secrets, c\u2019est comme un vent de folie qui souffle sur cette famille d\u2019aujourd\u2019hui, jamais \u00e0 court de tendresse et d\u2019amour. Les quatre premiers tomes de cette saga multi-g\u00e9n\u00e9rationnelle r\u00e9unis comme autant de tranches de vie\u00a0!\" \/>\n<meta property=\"og:url\" content=\"https:\/\/chtululu.be\/index.php\/produit\/belle-grand-mere\/\" \/>\n<meta property=\"og:site_name\" content=\"Le Chtululu\" \/>\n<meta property=\"article:modified_time\" content=\"2025-07-12T10:52:39+00:00\" \/>\n<meta property=\"og:image\" content=\"https:\/\/chtululu.be\/wp-content\/uploads\/2017\/01\/belle-grand-mere-chez-babouchka.jpg\" \/>\n\t<meta property=\"og:image:width\" content=\"200\" \/>\n\t<meta property=\"og:image:height\" content=\"327\" \/>\n\t<meta property=\"og:image:type\" content=\"image\/jpeg\" \/>\n<meta name=\"twitter:card\" content=\"summary_large_image\" \/>\n<script type=\"application\/ld+json\" class=\"yoast-schema-graph\">{\"@context\":\"https:\/\/schema.org\",\"@graph\":[{\"@type\":\"WebPage\",\"@id\":\"https:\/\/chtululu.be\/index.php\/produit\/belle-grand-mere\/\",\"url\":\"https:\/\/chtululu.be\/index.php\/produit\/belle-grand-mere\/\",\"name\":\"Belle grand-m\u00e8re - Chez Babouchka - Toi, mon Pacha - Allo, Babou, viens vite\u0085 on a besoin de toi ! - Le Chtululu\",\"isPartOf\":{\"@id\":\"https:\/\/chtululu.be\/#website\"},\"primaryImageOfPage\":{\"@id\":\"https:\/\/chtululu.be\/index.php\/produit\/belle-grand-mere\/#primaryimage\"},\"image\":{\"@id\":\"https:\/\/chtululu.be\/index.php\/produit\/belle-grand-mere\/#primaryimage\"},\"thumbnailUrl\":\"https:\/\/chtululu.be\/wp-content\/uploads\/2017\/01\/belle-grand-mere-chez-babouchka.jpg\",\"datePublished\":\"2017-01-03T21:21:54+00:00\",\"dateModified\":\"2025-07-12T10:52:39+00:00\",\"breadcrumb\":{\"@id\":\"https:\/\/chtululu.be\/index.php\/produit\/belle-grand-mere\/#breadcrumb\"},\"inLanguage\":\"fr-FR\",\"potentialAction\":[{\"@type\":\"ReadAction\",\"target\":[\"https:\/\/chtululu.be\/index.php\/produit\/belle-grand-mere\/\"]}]},{\"@type\":\"ImageObject\",\"inLanguage\":\"fr-FR\",\"@id\":\"https:\/\/chtululu.be\/index.php\/produit\/belle-grand-mere\/#primaryimage\",\"url\":\"https:\/\/chtululu.be\/wp-content\/uploads\/2017\/01\/belle-grand-mere-chez-babouchka.jpg\",\"contentUrl\":\"https:\/\/chtululu.be\/wp-content\/uploads\/2017\/01\/belle-grand-mere-chez-babouchka.jpg\",\"width\":200,\"height\":327},{\"@type\":\"BreadcrumbList\",\"@id\":\"https:\/\/chtululu.be\/index.php\/produit\/belle-grand-mere\/#breadcrumb\",\"itemListElement\":[{\"@type\":\"ListItem\",\"position\":1,\"name\":\"Accueil\",\"item\":\"https:\/\/chtululu.be\/\"},{\"@type\":\"ListItem\",\"position\":2,\"name\":\"Les livres\",\"item\":\"https:\/\/chtululu.be\/index.php\/livres-doccasion\/\"},{\"@type\":\"ListItem\",\"position\":3,\"name\":\"Belle grand-m\u00e8re &#8211; Chez Babouchka &#8211; Toi, mon Pacha &#8211; Allo, Babou, viens vite\u0085 on a besoin de toi !\"}]},{\"@type\":\"WebSite\",\"@id\":\"https:\/\/chtululu.be\/#website\",\"url\":\"https:\/\/chtululu.be\/\",\"name\":\"Le Chtululu\",\"description\":\"Votre librairie de seconde main \u00e0 Soignies\",\"publisher\":{\"@id\":\"https:\/\/chtululu.be\/#organization\"},\"potentialAction\":[{\"@type\":\"SearchAction\",\"target\":{\"@type\":\"EntryPoint\",\"urlTemplate\":\"https:\/\/chtululu.be\/?s={search_term_string}\"},\"query-input\":{\"@type\":\"PropertyValueSpecification\",\"valueRequired\":true,\"valueName\":\"search_term_string\"}}],\"inLanguage\":\"fr-FR\"},{\"@type\":\"Organization\",\"@id\":\"https:\/\/chtululu.be\/#organization\",\"name\":\"Le Chtululu\",\"url\":\"https:\/\/chtululu.be\/\",\"logo\":{\"@type\":\"ImageObject\",\"inLanguage\":\"fr-FR\",\"@id\":\"https:\/\/chtululu.be\/#\/schema\/logo\/image\/\",\"url\":\"https:\/\/chtululu.be\/wp-content\/uploads\/2016\/05\/logo-def-blanc.jpg\",\"contentUrl\":\"https:\/\/chtululu.be\/wp-content\/uploads\/2016\/05\/logo-def-blanc.jpg\",\"width\":2048,\"height\":1901,\"caption\":\"Le Chtululu\"},\"image\":{\"@id\":\"https:\/\/chtululu.be\/#\/schema\/logo\/image\/\"}}]}<\/script>\n<!-- \/ Yoast SEO plugin. -->","yoast_head_json":{"title":"Belle grand-m\u00e8re - Chez Babouchka - Toi, mon Pacha - Allo, Babou, viens vite\u0085 on a besoin de toi ! - Le Chtululu","robots":{"index":"index","follow":"follow","max-snippet":"max-snippet:-1","max-image-preview":"max-image-preview:large","max-video-preview":"max-video-preview:-1"},"canonical":"https:\/\/chtululu.be\/index.php\/produit\/belle-grand-mere\/","og_locale":"fr_FR","og_type":"article","og_title":"Belle grand-m\u00e8re - Chez Babouchka - Toi, mon Pacha - Allo, Babou, viens vite\u0085 on a besoin de toi ! - Le Chtululu","og_description":"Boissard Janine  Babouchka, alias Babou, est une grand-m\u00e8re d\u2019aujourd\u2019hui, jamais \u00e0 court d\u2019\u00e9nergie pour concilier sa vie tr\u00e9pidante et son r\u00f4le d\u2019a\u00efeule. Pr\u00e9sence souriante et r\u00e9confortante, elle aime accueillir toute sa descendance (et les pi\u00e8ces rapport\u00e9es\u00a0!) dans sa vaste maison, m\u00eame si, tout comme son mari, le \u00ab\u00a0Pacha\u00a0\u00bb, retrait\u00e9 de la Marine et passionn\u00e9 de Scrabble, elle ne cache pas son soulagement quand, apr\u00e8s l\u2019ouragan, chacun repart chez soi\u00a0!  Entre les joies et les peines, les imbroglios et les secrets, c\u2019est comme un vent de folie qui souffle sur cette famille d\u2019aujourd\u2019hui, jamais \u00e0 court de tendresse et d\u2019amour. Les quatre premiers tomes de cette saga multi-g\u00e9n\u00e9rationnelle r\u00e9unis comme autant de tranches de vie\u00a0!","og_url":"https:\/\/chtululu.be\/index.php\/produit\/belle-grand-mere\/","og_site_name":"Le Chtululu","article_modified_time":"2025-07-12T10:52:39+00:00","og_image":[{"width":200,"height":327,"url":"https:\/\/chtululu.be\/wp-content\/uploads\/2017\/01\/belle-grand-mere-chez-babouchka.jpg","type":"image\/jpeg"}],"twitter_card":"summary_large_image","schema":{"@context":"https:\/\/schema.org","@graph":[{"@type":"WebPage","@id":"https:\/\/chtululu.be\/index.php\/produit\/belle-grand-mere\/","url":"https:\/\/chtululu.be\/index.php\/produit\/belle-grand-mere\/","name":"Belle grand-m\u00e8re - Chez Babouchka - Toi, mon Pacha - Allo, Babou, viens vite\u0085 on a besoin de toi ! - Le Chtululu","isPartOf":{"@id":"https:\/\/chtululu.be\/#website"},"primaryImageOfPage":{"@id":"https:\/\/chtululu.be\/index.php\/produit\/belle-grand-mere\/#primaryimage"},"image":{"@id":"https:\/\/chtululu.be\/index.php\/produit\/belle-grand-mere\/#primaryimage"},"thumbnailUrl":"https:\/\/chtululu.be\/wp-content\/uploads\/2017\/01\/belle-grand-mere-chez-babouchka.jpg","datePublished":"2017-01-03T21:21:54+00:00","dateModified":"2025-07-12T10:52:39+00:00","breadcrumb":{"@id":"https:\/\/chtululu.be\/index.php\/produit\/belle-grand-mere\/#breadcrumb"},"inLanguage":"fr-FR","potentialAction":[{"@type":"ReadAction","target":["https:\/\/chtululu.be\/index.php\/produit\/belle-grand-mere\/"]}]},{"@type":"ImageObject","inLanguage":"fr-FR","@id":"https:\/\/chtululu.be\/index.php\/produit\/belle-grand-mere\/#primaryimage","url":"https:\/\/chtululu.be\/wp-content\/uploads\/2017\/01\/belle-grand-mere-chez-babouchka.jpg","contentUrl":"https:\/\/chtululu.be\/wp-content\/uploads\/2017\/01\/belle-grand-mere-chez-babouchka.jpg","width":200,"height":327},{"@type":"BreadcrumbList","@id":"https:\/\/chtululu.be\/index.php\/produit\/belle-grand-mere\/#breadcrumb","itemListElement":[{"@type":"ListItem","position":1,"name":"Accueil","item":"https:\/\/chtululu.be\/"},{"@type":"ListItem","position":2,"name":"Les livres","item":"https:\/\/chtululu.be\/index.php\/livres-doccasion\/"},{"@type":"ListItem","position":3,"name":"Belle grand-m\u00e8re &#8211; Chez Babouchka &#8211; Toi, mon Pacha &#8211; Allo, Babou, viens vite\u0085 on a besoin de toi !"}]},{"@type":"WebSite","@id":"https:\/\/chtululu.be\/#website","url":"https:\/\/chtululu.be\/","name":"Le Chtululu","description":"Votre librairie de seconde main \u00e0 Soignies","publisher":{"@id":"https:\/\/chtululu.be\/#organization"},"potentialAction":[{"@type":"SearchAction","target":{"@type":"EntryPoint","urlTemplate":"https:\/\/chtululu.be\/?s={search_term_string}"},"query-input":{"@type":"PropertyValueSpecification","valueRequired":true,"valueName":"search_term_string"}}],"inLanguage":"fr-FR"},{"@type":"Organization","@id":"https:\/\/chtululu.be\/#organization","name":"Le Chtululu","url":"https:\/\/chtululu.be\/","logo":{"@type":"ImageObject","inLanguage":"fr-FR","@id":"https:\/\/chtululu.be\/#\/schema\/logo\/image\/","url":"https:\/\/chtululu.be\/wp-content\/uploads\/2016\/05\/logo-def-blanc.jpg","contentUrl":"https:\/\/chtululu.be\/wp-content\/uploads\/2016\/05\/logo-def-blanc.jpg","width":2048,"height":1901,"caption":"Le Chtululu"},"image":{"@id":"https:\/\/chtululu.be\/#\/schema\/logo\/image\/"}}]}},"_links":{"self":[{"href":"https:\/\/chtululu.be\/index.php\/wp-json\/wp\/v2\/product\/597","targetHints":{"allow":["GET"]}}],"collection":[{"href":"https:\/\/chtululu.be\/index.php\/wp-json\/wp\/v2\/product"}],"about":[{"href":"https:\/\/chtululu.be\/index.php\/wp-json\/wp\/v2\/types\/product"}],"wp:featuredmedia":[{"embeddable":true,"href":"https:\/\/chtululu.be\/index.php\/wp-json\/wp\/v2\/media\/604"}],"wp:attachment":[{"href":"https:\/\/chtululu.be\/index.php\/wp-json\/wp\/v2\/media?parent=597"}],"wp:term":[{"taxonomy":"product_brand","embeddable":true,"href":"https:\/\/chtululu.be\/index.php\/wp-json\/wp\/v2\/product_brand?post=597"},{"taxonomy":"product_cat","embeddable":true,"href":"https:\/\/chtululu.be\/index.php\/wp-json\/wp\/v2\/product_cat?post=597"},{"taxonomy":"product_tag","embeddable":true,"href":"https:\/\/chtululu.be\/index.php\/wp-json\/wp\/v2\/product_tag?post=597"}],"curies":[{"name":"wp","href":"https:\/\/api.w.org\/{rel}","templated":true}]}}