{"id":596,"date":"2017-01-03T22:21:53","date_gmt":"2017-01-03T21:21:53","guid":{"rendered":"http:\/\/chtululu.be\/index.php\/produit\/laisse-moi-te-dire\/"},"modified":"2017-01-07T18:08:34","modified_gmt":"2017-01-07T17:08:34","slug":"laisse-moi-te-dire","status":"publish","type":"product","link":"https:\/\/chtululu.be\/index.php\/produit\/laisse-moi-te-dire\/","title":{"rendered":"Laisse-moi te dire"},"content":{"rendered":"","protected":false},"excerpt":{"rendered":"<p><strong>Boissard Janine<\/strong><\/p>\n<p>Il y a des hommes qui souffrent. Qui parle d&rsquo;eux ? Il y a des femmes qui pratiquent le renversement des r\u00f4les&#8230; Il y a des enfants sans rep\u00e8res : qui est papa ? qui est maman ? En \u00e9pousant Gabrielle, Jean-Charles ignore qu&rsquo;il sera bient\u00f4t confront\u00e9, lui et ses deux enfants, \u00e0 une femme bless\u00e9e qui s&rsquo;est jur\u00e9 qu&rsquo;aucun homme ne l&rsquo;aura jamais. Que deviendrait Jean-Charles sans la douce Marie ? Connue pour sa d\u00e9fense de la famille, Janine Boissard ose \u00e9crire ce que le pr\u00eat-\u00e0-penser interdit de dire : en imitant les hommes dans ce qu&rsquo;ils ont de plus brutal, certaines d&rsquo;entre nous mettent le couple en danger. Non, l&rsquo;homme et la femme ne sont pas pareils. Oui, il serait temps, apr\u00e8s avoir beaucoup d\u00e9construit, d&rsquo;accepter nos diff\u00e9rences et d&rsquo;aller de l&rsquo;avant. Ensemble.<\/p>\n","protected":false},"featured_media":665,"template":"","meta":{"_acf_changed":false,"_exactmetrics_skip_tracking":false,"_exactmetrics_sitenote_active":false,"_exactmetrics_sitenote_note":"","_exactmetrics_sitenote_category":0},"product_brand":[],"product_cat":[24],"product_tag":[64],"class_list":{"0":"post-596","1":"product","2":"type-product","3":"status-publish","4":"has-post-thumbnail","6":"product_cat-roman","7":"product_tag-boissard-janine","9":"first","10":"instock","11":"sold-individually","12":"taxable","13":"shipping-taxable","14":"purchasable","15":"product-type-simple"},"acf":[],"yoast_head":"<!-- This site is optimized with the Yoast SEO plugin v26.6 - https:\/\/yoast.com\/wordpress\/plugins\/seo\/ -->\n<title>Laisse-moi te dire - Le Chtululu<\/title>\n<meta name=\"robots\" content=\"index, follow, max-snippet:-1, max-image-preview:large, max-video-preview:-1\" \/>\n<link rel=\"canonical\" href=\"https:\/\/chtululu.be\/index.php\/produit\/laisse-moi-te-dire\/\" \/>\n<meta property=\"og:locale\" content=\"fr_FR\" \/>\n<meta property=\"og:type\" content=\"article\" \/>\n<meta property=\"og:title\" content=\"Laisse-moi te dire - Le Chtululu\" \/>\n<meta property=\"og:description\" content=\"Boissard Janine  Il y a des hommes qui souffrent. Qui parle d&#039;eux ? Il y a des femmes qui pratiquent le renversement des r\u00f4les... Il y a des enfants sans rep\u00e8res : qui est papa ? qui est maman ? En \u00e9pousant Gabrielle, Jean-Charles ignore qu&#039;il sera bient\u00f4t confront\u00e9, lui et ses deux enfants, \u00e0 une femme bless\u00e9e qui s&#039;est jur\u00e9 qu&#039;aucun homme ne l&#039;aura jamais. Que deviendrait Jean-Charles sans la douce Marie ? Connue pour sa d\u00e9fense de la famille, Janine Boissard ose \u00e9crire ce que le pr\u00eat-\u00e0-penser interdit de dire : en imitant les hommes dans ce qu&#039;ils ont de plus brutal, certaines d&#039;entre nous mettent le couple en danger. Non, l&#039;homme et la femme ne sont pas pareils. Oui, il serait temps, apr\u00e8s avoir beaucoup d\u00e9construit, d&#039;accepter nos diff\u00e9rences et d&#039;aller de l&#039;avant. Ensemble.\" \/>\n<meta property=\"og:url\" content=\"https:\/\/chtululu.be\/index.php\/produit\/laisse-moi-te-dire\/\" \/>\n<meta property=\"og:site_name\" content=\"Le Chtululu\" \/>\n<meta property=\"article:modified_time\" content=\"2017-01-07T17:08:34+00:00\" \/>\n<meta property=\"og:image\" content=\"https:\/\/chtululu.be\/wp-content\/uploads\/2017\/01\/35-1.jpg\" \/>\n\t<meta property=\"og:image:width\" content=\"200\" \/>\n\t<meta property=\"og:image:height\" content=\"300\" \/>\n\t<meta property=\"og:image:type\" content=\"image\/jpeg\" \/>\n<meta name=\"twitter:card\" content=\"summary_large_image\" \/>\n<script type=\"application\/ld+json\" class=\"yoast-schema-graph\">{\"@context\":\"https:\/\/schema.org\",\"@graph\":[{\"@type\":\"WebPage\",\"@id\":\"https:\/\/chtululu.be\/index.php\/produit\/laisse-moi-te-dire\/\",\"url\":\"https:\/\/chtululu.be\/index.php\/produit\/laisse-moi-te-dire\/\",\"name\":\"Laisse-moi te dire - Le Chtululu\",\"isPartOf\":{\"@id\":\"https:\/\/chtululu.be\/#website\"},\"primaryImageOfPage\":{\"@id\":\"https:\/\/chtululu.be\/index.php\/produit\/laisse-moi-te-dire\/#primaryimage\"},\"image\":{\"@id\":\"https:\/\/chtululu.be\/index.php\/produit\/laisse-moi-te-dire\/#primaryimage\"},\"thumbnailUrl\":\"https:\/\/chtululu.be\/wp-content\/uploads\/2017\/01\/35-1.jpg\",\"datePublished\":\"2017-01-03T21:21:53+00:00\",\"dateModified\":\"2017-01-07T17:08:34+00:00\",\"breadcrumb\":{\"@id\":\"https:\/\/chtululu.be\/index.php\/produit\/laisse-moi-te-dire\/#breadcrumb\"},\"inLanguage\":\"fr-FR\",\"potentialAction\":[{\"@type\":\"ReadAction\",\"target\":[\"https:\/\/chtululu.be\/index.php\/produit\/laisse-moi-te-dire\/\"]}]},{\"@type\":\"ImageObject\",\"inLanguage\":\"fr-FR\",\"@id\":\"https:\/\/chtululu.be\/index.php\/produit\/laisse-moi-te-dire\/#primaryimage\",\"url\":\"https:\/\/chtululu.be\/wp-content\/uploads\/2017\/01\/35-1.jpg\",\"contentUrl\":\"https:\/\/chtululu.be\/wp-content\/uploads\/2017\/01\/35-1.jpg\",\"width\":200,\"height\":300},{\"@type\":\"BreadcrumbList\",\"@id\":\"https:\/\/chtululu.be\/index.php\/produit\/laisse-moi-te-dire\/#breadcrumb\",\"itemListElement\":[{\"@type\":\"ListItem\",\"position\":1,\"name\":\"Accueil\",\"item\":\"https:\/\/chtululu.be\/\"},{\"@type\":\"ListItem\",\"position\":2,\"name\":\"Les livres\",\"item\":\"https:\/\/chtululu.be\/index.php\/livres-doccasion\/\"},{\"@type\":\"ListItem\",\"position\":3,\"name\":\"Laisse-moi te dire\"}]},{\"@type\":\"WebSite\",\"@id\":\"https:\/\/chtululu.be\/#website\",\"url\":\"https:\/\/chtululu.be\/\",\"name\":\"Le Chtululu\",\"description\":\"Votre librairie de seconde main \u00e0 Soignies\",\"publisher\":{\"@id\":\"https:\/\/chtululu.be\/#organization\"},\"potentialAction\":[{\"@type\":\"SearchAction\",\"target\":{\"@type\":\"EntryPoint\",\"urlTemplate\":\"https:\/\/chtululu.be\/?s={search_term_string}\"},\"query-input\":{\"@type\":\"PropertyValueSpecification\",\"valueRequired\":true,\"valueName\":\"search_term_string\"}}],\"inLanguage\":\"fr-FR\"},{\"@type\":\"Organization\",\"@id\":\"https:\/\/chtululu.be\/#organization\",\"name\":\"Le Chtululu\",\"url\":\"https:\/\/chtululu.be\/\",\"logo\":{\"@type\":\"ImageObject\",\"inLanguage\":\"fr-FR\",\"@id\":\"https:\/\/chtululu.be\/#\/schema\/logo\/image\/\",\"url\":\"https:\/\/chtululu.be\/wp-content\/uploads\/2016\/05\/logo-def-blanc.jpg\",\"contentUrl\":\"https:\/\/chtululu.be\/wp-content\/uploads\/2016\/05\/logo-def-blanc.jpg\",\"width\":2048,\"height\":1901,\"caption\":\"Le Chtululu\"},\"image\":{\"@id\":\"https:\/\/chtululu.be\/#\/schema\/logo\/image\/\"}}]}<\/script>\n<!-- \/ Yoast SEO plugin. -->","yoast_head_json":{"title":"Laisse-moi te dire - Le Chtululu","robots":{"index":"index","follow":"follow","max-snippet":"max-snippet:-1","max-image-preview":"max-image-preview:large","max-video-preview":"max-video-preview:-1"},"canonical":"https:\/\/chtululu.be\/index.php\/produit\/laisse-moi-te-dire\/","og_locale":"fr_FR","og_type":"article","og_title":"Laisse-moi te dire - Le Chtululu","og_description":"Boissard Janine  Il y a des hommes qui souffrent. Qui parle d'eux ? Il y a des femmes qui pratiquent le renversement des r\u00f4les... Il y a des enfants sans rep\u00e8res : qui est papa ? qui est maman ? En \u00e9pousant Gabrielle, Jean-Charles ignore qu'il sera bient\u00f4t confront\u00e9, lui et ses deux enfants, \u00e0 une femme bless\u00e9e qui s'est jur\u00e9 qu'aucun homme ne l'aura jamais. Que deviendrait Jean-Charles sans la douce Marie ? Connue pour sa d\u00e9fense de la famille, Janine Boissard ose \u00e9crire ce que le pr\u00eat-\u00e0-penser interdit de dire : en imitant les hommes dans ce qu'ils ont de plus brutal, certaines d'entre nous mettent le couple en danger. Non, l'homme et la femme ne sont pas pareils. Oui, il serait temps, apr\u00e8s avoir beaucoup d\u00e9construit, d'accepter nos diff\u00e9rences et d'aller de l'avant. Ensemble.","og_url":"https:\/\/chtululu.be\/index.php\/produit\/laisse-moi-te-dire\/","og_site_name":"Le Chtululu","article_modified_time":"2017-01-07T17:08:34+00:00","og_image":[{"width":200,"height":300,"url":"https:\/\/chtululu.be\/wp-content\/uploads\/2017\/01\/35-1.jpg","type":"image\/jpeg"}],"twitter_card":"summary_large_image","schema":{"@context":"https:\/\/schema.org","@graph":[{"@type":"WebPage","@id":"https:\/\/chtululu.be\/index.php\/produit\/laisse-moi-te-dire\/","url":"https:\/\/chtululu.be\/index.php\/produit\/laisse-moi-te-dire\/","name":"Laisse-moi te dire - Le Chtululu","isPartOf":{"@id":"https:\/\/chtululu.be\/#website"},"primaryImageOfPage":{"@id":"https:\/\/chtululu.be\/index.php\/produit\/laisse-moi-te-dire\/#primaryimage"},"image":{"@id":"https:\/\/chtululu.be\/index.php\/produit\/laisse-moi-te-dire\/#primaryimage"},"thumbnailUrl":"https:\/\/chtululu.be\/wp-content\/uploads\/2017\/01\/35-1.jpg","datePublished":"2017-01-03T21:21:53+00:00","dateModified":"2017-01-07T17:08:34+00:00","breadcrumb":{"@id":"https:\/\/chtululu.be\/index.php\/produit\/laisse-moi-te-dire\/#breadcrumb"},"inLanguage":"fr-FR","potentialAction":[{"@type":"ReadAction","target":["https:\/\/chtululu.be\/index.php\/produit\/laisse-moi-te-dire\/"]}]},{"@type":"ImageObject","inLanguage":"fr-FR","@id":"https:\/\/chtululu.be\/index.php\/produit\/laisse-moi-te-dire\/#primaryimage","url":"https:\/\/chtululu.be\/wp-content\/uploads\/2017\/01\/35-1.jpg","contentUrl":"https:\/\/chtululu.be\/wp-content\/uploads\/2017\/01\/35-1.jpg","width":200,"height":300},{"@type":"BreadcrumbList","@id":"https:\/\/chtululu.be\/index.php\/produit\/laisse-moi-te-dire\/#breadcrumb","itemListElement":[{"@type":"ListItem","position":1,"name":"Accueil","item":"https:\/\/chtululu.be\/"},{"@type":"ListItem","position":2,"name":"Les livres","item":"https:\/\/chtululu.be\/index.php\/livres-doccasion\/"},{"@type":"ListItem","position":3,"name":"Laisse-moi te dire"}]},{"@type":"WebSite","@id":"https:\/\/chtululu.be\/#website","url":"https:\/\/chtululu.be\/","name":"Le Chtululu","description":"Votre librairie de seconde main \u00e0 Soignies","publisher":{"@id":"https:\/\/chtululu.be\/#organization"},"potentialAction":[{"@type":"SearchAction","target":{"@type":"EntryPoint","urlTemplate":"https:\/\/chtululu.be\/?s={search_term_string}"},"query-input":{"@type":"PropertyValueSpecification","valueRequired":true,"valueName":"search_term_string"}}],"inLanguage":"fr-FR"},{"@type":"Organization","@id":"https:\/\/chtululu.be\/#organization","name":"Le Chtululu","url":"https:\/\/chtululu.be\/","logo":{"@type":"ImageObject","inLanguage":"fr-FR","@id":"https:\/\/chtululu.be\/#\/schema\/logo\/image\/","url":"https:\/\/chtululu.be\/wp-content\/uploads\/2016\/05\/logo-def-blanc.jpg","contentUrl":"https:\/\/chtululu.be\/wp-content\/uploads\/2016\/05\/logo-def-blanc.jpg","width":2048,"height":1901,"caption":"Le Chtululu"},"image":{"@id":"https:\/\/chtululu.be\/#\/schema\/logo\/image\/"}}]}},"_links":{"self":[{"href":"https:\/\/chtululu.be\/index.php\/wp-json\/wp\/v2\/product\/596","targetHints":{"allow":["GET"]}}],"collection":[{"href":"https:\/\/chtululu.be\/index.php\/wp-json\/wp\/v2\/product"}],"about":[{"href":"https:\/\/chtululu.be\/index.php\/wp-json\/wp\/v2\/types\/product"}],"wp:featuredmedia":[{"embeddable":true,"href":"https:\/\/chtululu.be\/index.php\/wp-json\/wp\/v2\/media\/665"}],"wp:attachment":[{"href":"https:\/\/chtululu.be\/index.php\/wp-json\/wp\/v2\/media?parent=596"}],"wp:term":[{"taxonomy":"product_brand","embeddable":true,"href":"https:\/\/chtululu.be\/index.php\/wp-json\/wp\/v2\/product_brand?post=596"},{"taxonomy":"product_cat","embeddable":true,"href":"https:\/\/chtululu.be\/index.php\/wp-json\/wp\/v2\/product_cat?post=596"},{"taxonomy":"product_tag","embeddable":true,"href":"https:\/\/chtululu.be\/index.php\/wp-json\/wp\/v2\/product_tag?post=596"}],"curies":[{"name":"wp","href":"https:\/\/api.w.org\/{rel}","templated":true}]}}