{"id":594,"date":"2017-01-03T22:21:52","date_gmt":"2017-01-03T21:21:52","guid":{"rendered":"http:\/\/chtululu.be\/index.php\/produit\/marie-tempete\/"},"modified":"2017-01-07T17:59:24","modified_gmt":"2017-01-07T16:59:24","slug":"marie-tempete","status":"publish","type":"product","link":"https:\/\/chtululu.be\/index.php\/produit\/marie-tempete\/","title":{"rendered":"Marie-Temp\u00eate"},"content":{"rendered":"","protected":false},"excerpt":{"rendered":"<p><strong>Boissard Janine<\/strong><\/p>\n<p>Apr\u00e8s des ann\u00e9es d&rsquo;un bonheur sans nuages, Marie Delaunay voit sa vie voler en \u00e9clats lorsque Pierre, son mari, patron-p\u00eacheur, dispara\u00eet tragiquement en mer. Elle se retrouve seule avec ses enfants et les traites du chalutier \u00e0 payer.<\/p>\n<p>Alors, pour la m\u00e9moire de Pierre et aussi pour sauver leur bateau menac\u00e9 par les banquiers, elle d\u00e9cide de prendre la rel\u00e8ve. Une femme marin-p\u00eacheur &#8211; et patron ! -, on n&rsquo;a jamais vu \u00e7a dans un petit port breton.<\/p>\n<p>Marie se heurte \u00e0 l&rsquo;hostilit\u00e9 des p\u00eacheurs et de ses enfants. Mais \u00e0 force de courage, de t\u00e9nacit\u00e9 et gr\u00e2ce \u00e0 ses comp\u00e9tences, elle r\u00e9ussit \u00e0 se faire accepter et respecter. C&rsquo;est alors que le destin d\u00e9cide \u00e0 nouveau de s&rsquo;acharner sur elle&#8230;<\/p>\n","protected":false},"featured_media":662,"template":"","meta":{"_acf_changed":false,"_exactmetrics_skip_tracking":false,"_exactmetrics_sitenote_active":false,"_exactmetrics_sitenote_note":"","_exactmetrics_sitenote_category":0},"product_brand":[],"product_cat":[24],"product_tag":[64],"class_list":{"0":"post-594","1":"product","2":"type-product","3":"status-publish","4":"has-post-thumbnail","6":"product_cat-roman","7":"product_tag-boissard-janine","9":"first","10":"instock","11":"sold-individually","12":"taxable","13":"shipping-taxable","14":"purchasable","15":"product-type-simple"},"acf":[],"yoast_head":"<!-- This site is optimized with the Yoast SEO plugin v26.6 - https:\/\/yoast.com\/wordpress\/plugins\/seo\/ -->\n<title>Marie-Temp\u00eate - Le Chtululu<\/title>\n<meta name=\"robots\" content=\"index, follow, max-snippet:-1, max-image-preview:large, max-video-preview:-1\" \/>\n<link rel=\"canonical\" href=\"https:\/\/chtululu.be\/index.php\/produit\/marie-tempete\/\" \/>\n<meta property=\"og:locale\" content=\"fr_FR\" \/>\n<meta property=\"og:type\" content=\"article\" \/>\n<meta property=\"og:title\" content=\"Marie-Temp\u00eate - Le Chtululu\" \/>\n<meta property=\"og:description\" content=\"Boissard Janine  Apr\u00e8s des ann\u00e9es d&#039;un bonheur sans nuages, Marie Delaunay voit sa vie voler en \u00e9clats lorsque Pierre, son mari, patron-p\u00eacheur, dispara\u00eet tragiquement en mer. Elle se retrouve seule avec ses enfants et les traites du chalutier \u00e0 payer.  Alors, pour la m\u00e9moire de Pierre et aussi pour sauver leur bateau menac\u00e9 par les banquiers, elle d\u00e9cide de prendre la rel\u00e8ve. Une femme marin-p\u00eacheur - et patron ! -, on n&#039;a jamais vu \u00e7a dans un petit port breton.  Marie se heurte \u00e0 l&#039;hostilit\u00e9 des p\u00eacheurs et de ses enfants. Mais \u00e0 force de courage, de t\u00e9nacit\u00e9 et gr\u00e2ce \u00e0 ses comp\u00e9tences, elle r\u00e9ussit \u00e0 se faire accepter et respecter. C&#039;est alors que le destin d\u00e9cide \u00e0 nouveau de s&#039;acharner sur elle...\" \/>\n<meta property=\"og:url\" content=\"https:\/\/chtululu.be\/index.php\/produit\/marie-tempete\/\" \/>\n<meta property=\"og:site_name\" content=\"Le Chtululu\" \/>\n<meta property=\"article:modified_time\" content=\"2017-01-07T16:59:24+00:00\" \/>\n<meta property=\"og:image\" content=\"https:\/\/chtululu.be\/wp-content\/uploads\/2017\/01\/9782221083215-fr-300.jpg\" \/>\n\t<meta property=\"og:image:width\" content=\"200\" \/>\n\t<meta property=\"og:image:height\" content=\"313\" \/>\n\t<meta property=\"og:image:type\" content=\"image\/jpeg\" \/>\n<meta name=\"twitter:card\" content=\"summary_large_image\" \/>\n<script type=\"application\/ld+json\" class=\"yoast-schema-graph\">{\"@context\":\"https:\/\/schema.org\",\"@graph\":[{\"@type\":\"WebPage\",\"@id\":\"https:\/\/chtululu.be\/index.php\/produit\/marie-tempete\/\",\"url\":\"https:\/\/chtululu.be\/index.php\/produit\/marie-tempete\/\",\"name\":\"Marie-Temp\u00eate - Le Chtululu\",\"isPartOf\":{\"@id\":\"https:\/\/chtululu.be\/#website\"},\"primaryImageOfPage\":{\"@id\":\"https:\/\/chtululu.be\/index.php\/produit\/marie-tempete\/#primaryimage\"},\"image\":{\"@id\":\"https:\/\/chtululu.be\/index.php\/produit\/marie-tempete\/#primaryimage\"},\"thumbnailUrl\":\"https:\/\/chtululu.be\/wp-content\/uploads\/2017\/01\/9782221083215-fr-300.jpg\",\"datePublished\":\"2017-01-03T21:21:52+00:00\",\"dateModified\":\"2017-01-07T16:59:24+00:00\",\"breadcrumb\":{\"@id\":\"https:\/\/chtululu.be\/index.php\/produit\/marie-tempete\/#breadcrumb\"},\"inLanguage\":\"fr-FR\",\"potentialAction\":[{\"@type\":\"ReadAction\",\"target\":[\"https:\/\/chtululu.be\/index.php\/produit\/marie-tempete\/\"]}]},{\"@type\":\"ImageObject\",\"inLanguage\":\"fr-FR\",\"@id\":\"https:\/\/chtululu.be\/index.php\/produit\/marie-tempete\/#primaryimage\",\"url\":\"https:\/\/chtululu.be\/wp-content\/uploads\/2017\/01\/9782221083215-fr-300.jpg\",\"contentUrl\":\"https:\/\/chtululu.be\/wp-content\/uploads\/2017\/01\/9782221083215-fr-300.jpg\",\"width\":200,\"height\":313},{\"@type\":\"BreadcrumbList\",\"@id\":\"https:\/\/chtululu.be\/index.php\/produit\/marie-tempete\/#breadcrumb\",\"itemListElement\":[{\"@type\":\"ListItem\",\"position\":1,\"name\":\"Accueil\",\"item\":\"https:\/\/chtululu.be\/\"},{\"@type\":\"ListItem\",\"position\":2,\"name\":\"Les livres\",\"item\":\"https:\/\/chtululu.be\/index.php\/livres-doccasion\/\"},{\"@type\":\"ListItem\",\"position\":3,\"name\":\"Marie-Temp\u00eate\"}]},{\"@type\":\"WebSite\",\"@id\":\"https:\/\/chtululu.be\/#website\",\"url\":\"https:\/\/chtululu.be\/\",\"name\":\"Le Chtululu\",\"description\":\"Votre librairie de seconde main \u00e0 Soignies\",\"publisher\":{\"@id\":\"https:\/\/chtululu.be\/#organization\"},\"potentialAction\":[{\"@type\":\"SearchAction\",\"target\":{\"@type\":\"EntryPoint\",\"urlTemplate\":\"https:\/\/chtululu.be\/?s={search_term_string}\"},\"query-input\":{\"@type\":\"PropertyValueSpecification\",\"valueRequired\":true,\"valueName\":\"search_term_string\"}}],\"inLanguage\":\"fr-FR\"},{\"@type\":\"Organization\",\"@id\":\"https:\/\/chtululu.be\/#organization\",\"name\":\"Le Chtululu\",\"url\":\"https:\/\/chtululu.be\/\",\"logo\":{\"@type\":\"ImageObject\",\"inLanguage\":\"fr-FR\",\"@id\":\"https:\/\/chtululu.be\/#\/schema\/logo\/image\/\",\"url\":\"https:\/\/chtululu.be\/wp-content\/uploads\/2016\/05\/logo-def-blanc.jpg\",\"contentUrl\":\"https:\/\/chtululu.be\/wp-content\/uploads\/2016\/05\/logo-def-blanc.jpg\",\"width\":2048,\"height\":1901,\"caption\":\"Le Chtululu\"},\"image\":{\"@id\":\"https:\/\/chtululu.be\/#\/schema\/logo\/image\/\"}}]}<\/script>\n<!-- \/ Yoast SEO plugin. -->","yoast_head_json":{"title":"Marie-Temp\u00eate - Le Chtululu","robots":{"index":"index","follow":"follow","max-snippet":"max-snippet:-1","max-image-preview":"max-image-preview:large","max-video-preview":"max-video-preview:-1"},"canonical":"https:\/\/chtululu.be\/index.php\/produit\/marie-tempete\/","og_locale":"fr_FR","og_type":"article","og_title":"Marie-Temp\u00eate - Le Chtululu","og_description":"Boissard Janine  Apr\u00e8s des ann\u00e9es d'un bonheur sans nuages, Marie Delaunay voit sa vie voler en \u00e9clats lorsque Pierre, son mari, patron-p\u00eacheur, dispara\u00eet tragiquement en mer. Elle se retrouve seule avec ses enfants et les traites du chalutier \u00e0 payer.  Alors, pour la m\u00e9moire de Pierre et aussi pour sauver leur bateau menac\u00e9 par les banquiers, elle d\u00e9cide de prendre la rel\u00e8ve. Une femme marin-p\u00eacheur - et patron ! -, on n'a jamais vu \u00e7a dans un petit port breton.  Marie se heurte \u00e0 l'hostilit\u00e9 des p\u00eacheurs et de ses enfants. Mais \u00e0 force de courage, de t\u00e9nacit\u00e9 et gr\u00e2ce \u00e0 ses comp\u00e9tences, elle r\u00e9ussit \u00e0 se faire accepter et respecter. C'est alors que le destin d\u00e9cide \u00e0 nouveau de s'acharner sur elle...","og_url":"https:\/\/chtululu.be\/index.php\/produit\/marie-tempete\/","og_site_name":"Le Chtululu","article_modified_time":"2017-01-07T16:59:24+00:00","og_image":[{"width":200,"height":313,"url":"https:\/\/chtululu.be\/wp-content\/uploads\/2017\/01\/9782221083215-fr-300.jpg","type":"image\/jpeg"}],"twitter_card":"summary_large_image","schema":{"@context":"https:\/\/schema.org","@graph":[{"@type":"WebPage","@id":"https:\/\/chtululu.be\/index.php\/produit\/marie-tempete\/","url":"https:\/\/chtululu.be\/index.php\/produit\/marie-tempete\/","name":"Marie-Temp\u00eate - Le Chtululu","isPartOf":{"@id":"https:\/\/chtululu.be\/#website"},"primaryImageOfPage":{"@id":"https:\/\/chtululu.be\/index.php\/produit\/marie-tempete\/#primaryimage"},"image":{"@id":"https:\/\/chtululu.be\/index.php\/produit\/marie-tempete\/#primaryimage"},"thumbnailUrl":"https:\/\/chtululu.be\/wp-content\/uploads\/2017\/01\/9782221083215-fr-300.jpg","datePublished":"2017-01-03T21:21:52+00:00","dateModified":"2017-01-07T16:59:24+00:00","breadcrumb":{"@id":"https:\/\/chtululu.be\/index.php\/produit\/marie-tempete\/#breadcrumb"},"inLanguage":"fr-FR","potentialAction":[{"@type":"ReadAction","target":["https:\/\/chtululu.be\/index.php\/produit\/marie-tempete\/"]}]},{"@type":"ImageObject","inLanguage":"fr-FR","@id":"https:\/\/chtululu.be\/index.php\/produit\/marie-tempete\/#primaryimage","url":"https:\/\/chtululu.be\/wp-content\/uploads\/2017\/01\/9782221083215-fr-300.jpg","contentUrl":"https:\/\/chtululu.be\/wp-content\/uploads\/2017\/01\/9782221083215-fr-300.jpg","width":200,"height":313},{"@type":"BreadcrumbList","@id":"https:\/\/chtululu.be\/index.php\/produit\/marie-tempete\/#breadcrumb","itemListElement":[{"@type":"ListItem","position":1,"name":"Accueil","item":"https:\/\/chtululu.be\/"},{"@type":"ListItem","position":2,"name":"Les livres","item":"https:\/\/chtululu.be\/index.php\/livres-doccasion\/"},{"@type":"ListItem","position":3,"name":"Marie-Temp\u00eate"}]},{"@type":"WebSite","@id":"https:\/\/chtululu.be\/#website","url":"https:\/\/chtululu.be\/","name":"Le Chtululu","description":"Votre librairie de seconde main \u00e0 Soignies","publisher":{"@id":"https:\/\/chtululu.be\/#organization"},"potentialAction":[{"@type":"SearchAction","target":{"@type":"EntryPoint","urlTemplate":"https:\/\/chtululu.be\/?s={search_term_string}"},"query-input":{"@type":"PropertyValueSpecification","valueRequired":true,"valueName":"search_term_string"}}],"inLanguage":"fr-FR"},{"@type":"Organization","@id":"https:\/\/chtululu.be\/#organization","name":"Le Chtululu","url":"https:\/\/chtululu.be\/","logo":{"@type":"ImageObject","inLanguage":"fr-FR","@id":"https:\/\/chtululu.be\/#\/schema\/logo\/image\/","url":"https:\/\/chtululu.be\/wp-content\/uploads\/2016\/05\/logo-def-blanc.jpg","contentUrl":"https:\/\/chtululu.be\/wp-content\/uploads\/2016\/05\/logo-def-blanc.jpg","width":2048,"height":1901,"caption":"Le Chtululu"},"image":{"@id":"https:\/\/chtululu.be\/#\/schema\/logo\/image\/"}}]}},"_links":{"self":[{"href":"https:\/\/chtululu.be\/index.php\/wp-json\/wp\/v2\/product\/594","targetHints":{"allow":["GET"]}}],"collection":[{"href":"https:\/\/chtululu.be\/index.php\/wp-json\/wp\/v2\/product"}],"about":[{"href":"https:\/\/chtululu.be\/index.php\/wp-json\/wp\/v2\/types\/product"}],"wp:featuredmedia":[{"embeddable":true,"href":"https:\/\/chtululu.be\/index.php\/wp-json\/wp\/v2\/media\/662"}],"wp:attachment":[{"href":"https:\/\/chtululu.be\/index.php\/wp-json\/wp\/v2\/media?parent=594"}],"wp:term":[{"taxonomy":"product_brand","embeddable":true,"href":"https:\/\/chtululu.be\/index.php\/wp-json\/wp\/v2\/product_brand?post=594"},{"taxonomy":"product_cat","embeddable":true,"href":"https:\/\/chtululu.be\/index.php\/wp-json\/wp\/v2\/product_cat?post=594"},{"taxonomy":"product_tag","embeddable":true,"href":"https:\/\/chtululu.be\/index.php\/wp-json\/wp\/v2\/product_tag?post=594"}],"curies":[{"name":"wp","href":"https:\/\/api.w.org\/{rel}","templated":true}]}}