{"id":592,"date":"2017-01-03T22:21:51","date_gmt":"2017-01-03T21:21:51","guid":{"rendered":"http:\/\/chtululu.be\/index.php\/produit\/la-chaloupe-t-1-le-talisman\/"},"modified":"2017-01-07T18:03:04","modified_gmt":"2017-01-07T17:03:04","slug":"la-chaloupe-t-1-le-talisman","status":"publish","type":"product","link":"https:\/\/chtululu.be\/index.php\/produit\/la-chaloupe-t-1-le-talisman\/","title":{"rendered":"La chaloupe t.1  (Le talisman)"},"content":{"rendered":"","protected":false},"excerpt":{"rendered":"<p><strong>Boissard Janine<\/strong><\/p>\n<p>Elles sont quatre, comme les mousquetaires: Julie, la narratrice, journaliste sur la radio locale, qui r\u00eave du grand amour mais se m\u00e9fie de ses r\u00eaves; Zabelle, la forte en gueule, d\u00e9coratrice en vogue de la r\u00e9gion nantaise, maman d&rsquo;un petit gar\u00e7on qui vit avec son p\u00e8re car elle \u00abn&rsquo;a pas la fibre maternelle\u00bb; Brune la m\u00e9tisse, chercheuse \u00e0 l&rsquo;h\u00f4pital, qui ne veut pas d&rsquo;homme dans sa vie: \u00abtrop occup\u00e9e, trop compliqu\u00e9\u00bb; et Bobine la complex\u00e9e qui vend du bien-\u00eatre en kit dans sa boutique de di\u00e9t\u00e9tique chinoise \u00aben attendant de se laisser ligoter\u00bb. \u00c0 seize ans, elles ont pass\u00e9 les plus beaux jours de leur vie dans cette maison. \u00c0 l&rsquo;\u00e9poque, La Chaloupe s&rsquo;appelait Cyb\u00e8le et elles y rejoignaient chaque fin de semaine la belle et alti\u00e8re Violaine, une grande du lyc\u00e9e qu&rsquo;elles v\u00e9n\u00e9raient. Puis Violaine a disparu \u00e0 la suite d&rsquo;un drame myst\u00e9rieux. Quand elles ont su que Cyb\u00e8le \u00e9tait \u00e0 vendre, elles n&rsquo;ont pas eu de peine \u00e0 convaincre le p\u00e8re de leur amie de les choisir. Mais \u00e0 peine s&rsquo;y installent-elles que d&rsquo;\u00e9tranges ph\u00e9nom\u00e8nes se produisent. Comme si un mal\u00e9fice pesait sur la maison, comme si elle leur demandait \u00e0 la fois de la laisser tranquille et de percer son secret, celui de Violaine. Pour la faire revenir? Quand les secrets et les fant\u00f4mes de la Chaloupe se r\u00e9veillent, la maison du bonheur vacille et entra\u00eene ses occupantes dans une \u00e9trange histoire de sorcellerie symbolis\u00e9e par un talisman en forme de soleil&#8230;Dans ce premier tome consacr\u00e9 \u00e0 Julie et \u00e0 Zabelle, Janine Boissard met en place la fresque de quatre h\u00e9ro\u00efnes attachantes ou s&rsquo;entrecroisent l&rsquo;histoire et les amours de chacune et le myst\u00e8re de la cinqui\u00e8me, que r\u00e9soudra le tome 2 de \u00abLa Chaloupe\u00bb, \u00abL&rsquo;Aventurine\u00bb.<\/p>\n","protected":false},"featured_media":615,"template":"","meta":{"_acf_changed":false,"_exactmetrics_skip_tracking":false,"_exactmetrics_sitenote_active":false,"_exactmetrics_sitenote_note":"","_exactmetrics_sitenote_category":0},"product_brand":[],"product_cat":[24],"product_tag":[64],"class_list":{"0":"post-592","1":"product","2":"type-product","3":"status-publish","4":"has-post-thumbnail","6":"product_cat-roman","7":"product_tag-boissard-janine","9":"first","10":"instock","11":"sold-individually","12":"taxable","13":"shipping-taxable","14":"purchasable","15":"product-type-simple"},"acf":[],"yoast_head":"<!-- This site is optimized with the Yoast SEO plugin v26.6 - https:\/\/yoast.com\/wordpress\/plugins\/seo\/ -->\n<title>La chaloupe t.1 (Le talisman) - Le Chtululu<\/title>\n<meta name=\"robots\" content=\"index, follow, max-snippet:-1, max-image-preview:large, max-video-preview:-1\" \/>\n<link rel=\"canonical\" href=\"https:\/\/chtululu.be\/index.php\/produit\/la-chaloupe-t-1-le-talisman\/\" \/>\n<meta property=\"og:locale\" content=\"fr_FR\" \/>\n<meta property=\"og:type\" content=\"article\" \/>\n<meta property=\"og:title\" content=\"La chaloupe t.1 (Le talisman) - Le Chtululu\" \/>\n<meta property=\"og:description\" content=\"Boissard Janine  Elles sont quatre, comme les mousquetaires: Julie, la narratrice, journaliste sur la radio locale, qui r\u00eave du grand amour mais se m\u00e9fie de ses r\u00eaves; Zabelle, la forte en gueule, d\u00e9coratrice en vogue de la r\u00e9gion nantaise, maman d&#039;un petit gar\u00e7on qui vit avec son p\u00e8re car elle \u00abn&#039;a pas la fibre maternelle\u00bb; Brune la m\u00e9tisse, chercheuse \u00e0 l&#039;h\u00f4pital, qui ne veut pas d&#039;homme dans sa vie: \u00abtrop occup\u00e9e, trop compliqu\u00e9\u00bb; et Bobine la complex\u00e9e qui vend du bien-\u00eatre en kit dans sa boutique de di\u00e9t\u00e9tique chinoise \u00aben attendant de se laisser ligoter\u00bb. \u00c0 seize ans, elles ont pass\u00e9 les plus beaux jours de leur vie dans cette maison. \u00c0 l&#039;\u00e9poque, La Chaloupe s&#039;appelait Cyb\u00e8le et elles y rejoignaient chaque fin de semaine la belle et alti\u00e8re Violaine, une grande du lyc\u00e9e qu&#039;elles v\u00e9n\u00e9raient. Puis Violaine a disparu \u00e0 la suite d&#039;un drame myst\u00e9rieux. Quand elles ont su que Cyb\u00e8le \u00e9tait \u00e0 vendre, elles n&#039;ont pas eu de peine \u00e0 convaincre le p\u00e8re de leur amie de les choisir. Mais \u00e0 peine s&#039;y installent-elles que d&#039;\u00e9tranges ph\u00e9nom\u00e8nes se produisent. Comme si un mal\u00e9fice pesait sur la maison, comme si elle leur demandait \u00e0 la fois de la laisser tranquille et de percer son secret, celui de Violaine. Pour la faire revenir? Quand les secrets et les fant\u00f4mes de la Chaloupe se r\u00e9veillent, la maison du bonheur vacille et entra\u00eene ses occupantes dans une \u00e9trange histoire de sorcellerie symbolis\u00e9e par un talisman en forme de soleil...Dans ce premier tome consacr\u00e9 \u00e0 Julie et \u00e0 Zabelle, Janine Boissard met en place la fresque de quatre h\u00e9ro\u00efnes attachantes ou s&#039;entrecroisent l&#039;histoire et les amours de chacune et le myst\u00e8re de la cinqui\u00e8me, que r\u00e9soudra le tome 2 de \u00abLa Chaloupe\u00bb, \u00abL&#039;Aventurine\u00bb.\" \/>\n<meta property=\"og:url\" content=\"https:\/\/chtululu.be\/index.php\/produit\/la-chaloupe-t-1-le-talisman\/\" \/>\n<meta property=\"og:site_name\" content=\"Le Chtululu\" \/>\n<meta property=\"article:modified_time\" content=\"2017-01-07T17:03:04+00:00\" \/>\n<meta property=\"og:image\" content=\"https:\/\/chtululu.be\/wp-content\/uploads\/2017\/01\/9782221118085.jpg\" \/>\n\t<meta property=\"og:image:width\" content=\"200\" \/>\n\t<meta property=\"og:image:height\" content=\"319\" \/>\n\t<meta property=\"og:image:type\" content=\"image\/jpeg\" \/>\n<meta name=\"twitter:card\" content=\"summary_large_image\" \/>\n<script type=\"application\/ld+json\" class=\"yoast-schema-graph\">{\"@context\":\"https:\/\/schema.org\",\"@graph\":[{\"@type\":\"WebPage\",\"@id\":\"https:\/\/chtululu.be\/index.php\/produit\/la-chaloupe-t-1-le-talisman\/\",\"url\":\"https:\/\/chtululu.be\/index.php\/produit\/la-chaloupe-t-1-le-talisman\/\",\"name\":\"La chaloupe t.1 (Le talisman) - Le Chtululu\",\"isPartOf\":{\"@id\":\"https:\/\/chtululu.be\/#website\"},\"primaryImageOfPage\":{\"@id\":\"https:\/\/chtululu.be\/index.php\/produit\/la-chaloupe-t-1-le-talisman\/#primaryimage\"},\"image\":{\"@id\":\"https:\/\/chtululu.be\/index.php\/produit\/la-chaloupe-t-1-le-talisman\/#primaryimage\"},\"thumbnailUrl\":\"https:\/\/chtululu.be\/wp-content\/uploads\/2017\/01\/9782221118085.jpg\",\"datePublished\":\"2017-01-03T21:21:51+00:00\",\"dateModified\":\"2017-01-07T17:03:04+00:00\",\"breadcrumb\":{\"@id\":\"https:\/\/chtululu.be\/index.php\/produit\/la-chaloupe-t-1-le-talisman\/#breadcrumb\"},\"inLanguage\":\"fr-FR\",\"potentialAction\":[{\"@type\":\"ReadAction\",\"target\":[\"https:\/\/chtululu.be\/index.php\/produit\/la-chaloupe-t-1-le-talisman\/\"]}]},{\"@type\":\"ImageObject\",\"inLanguage\":\"fr-FR\",\"@id\":\"https:\/\/chtululu.be\/index.php\/produit\/la-chaloupe-t-1-le-talisman\/#primaryimage\",\"url\":\"https:\/\/chtululu.be\/wp-content\/uploads\/2017\/01\/9782221118085.jpg\",\"contentUrl\":\"https:\/\/chtululu.be\/wp-content\/uploads\/2017\/01\/9782221118085.jpg\",\"width\":200,\"height\":319},{\"@type\":\"BreadcrumbList\",\"@id\":\"https:\/\/chtululu.be\/index.php\/produit\/la-chaloupe-t-1-le-talisman\/#breadcrumb\",\"itemListElement\":[{\"@type\":\"ListItem\",\"position\":1,\"name\":\"Accueil\",\"item\":\"https:\/\/chtululu.be\/\"},{\"@type\":\"ListItem\",\"position\":2,\"name\":\"Les livres\",\"item\":\"https:\/\/chtululu.be\/index.php\/livres-doccasion\/\"},{\"@type\":\"ListItem\",\"position\":3,\"name\":\"La chaloupe t.1 (Le talisman)\"}]},{\"@type\":\"WebSite\",\"@id\":\"https:\/\/chtululu.be\/#website\",\"url\":\"https:\/\/chtululu.be\/\",\"name\":\"Le Chtululu\",\"description\":\"Votre librairie de seconde main \u00e0 Soignies\",\"publisher\":{\"@id\":\"https:\/\/chtululu.be\/#organization\"},\"potentialAction\":[{\"@type\":\"SearchAction\",\"target\":{\"@type\":\"EntryPoint\",\"urlTemplate\":\"https:\/\/chtululu.be\/?s={search_term_string}\"},\"query-input\":{\"@type\":\"PropertyValueSpecification\",\"valueRequired\":true,\"valueName\":\"search_term_string\"}}],\"inLanguage\":\"fr-FR\"},{\"@type\":\"Organization\",\"@id\":\"https:\/\/chtululu.be\/#organization\",\"name\":\"Le Chtululu\",\"url\":\"https:\/\/chtululu.be\/\",\"logo\":{\"@type\":\"ImageObject\",\"inLanguage\":\"fr-FR\",\"@id\":\"https:\/\/chtululu.be\/#\/schema\/logo\/image\/\",\"url\":\"https:\/\/chtululu.be\/wp-content\/uploads\/2016\/05\/logo-def-blanc.jpg\",\"contentUrl\":\"https:\/\/chtululu.be\/wp-content\/uploads\/2016\/05\/logo-def-blanc.jpg\",\"width\":2048,\"height\":1901,\"caption\":\"Le Chtululu\"},\"image\":{\"@id\":\"https:\/\/chtululu.be\/#\/schema\/logo\/image\/\"}}]}<\/script>\n<!-- \/ Yoast SEO plugin. -->","yoast_head_json":{"title":"La chaloupe t.1 (Le talisman) - Le Chtululu","robots":{"index":"index","follow":"follow","max-snippet":"max-snippet:-1","max-image-preview":"max-image-preview:large","max-video-preview":"max-video-preview:-1"},"canonical":"https:\/\/chtululu.be\/index.php\/produit\/la-chaloupe-t-1-le-talisman\/","og_locale":"fr_FR","og_type":"article","og_title":"La chaloupe t.1 (Le talisman) - Le Chtululu","og_description":"Boissard Janine  Elles sont quatre, comme les mousquetaires: Julie, la narratrice, journaliste sur la radio locale, qui r\u00eave du grand amour mais se m\u00e9fie de ses r\u00eaves; Zabelle, la forte en gueule, d\u00e9coratrice en vogue de la r\u00e9gion nantaise, maman d'un petit gar\u00e7on qui vit avec son p\u00e8re car elle \u00abn'a pas la fibre maternelle\u00bb; Brune la m\u00e9tisse, chercheuse \u00e0 l'h\u00f4pital, qui ne veut pas d'homme dans sa vie: \u00abtrop occup\u00e9e, trop compliqu\u00e9\u00bb; et Bobine la complex\u00e9e qui vend du bien-\u00eatre en kit dans sa boutique de di\u00e9t\u00e9tique chinoise \u00aben attendant de se laisser ligoter\u00bb. \u00c0 seize ans, elles ont pass\u00e9 les plus beaux jours de leur vie dans cette maison. \u00c0 l'\u00e9poque, La Chaloupe s'appelait Cyb\u00e8le et elles y rejoignaient chaque fin de semaine la belle et alti\u00e8re Violaine, une grande du lyc\u00e9e qu'elles v\u00e9n\u00e9raient. Puis Violaine a disparu \u00e0 la suite d'un drame myst\u00e9rieux. Quand elles ont su que Cyb\u00e8le \u00e9tait \u00e0 vendre, elles n'ont pas eu de peine \u00e0 convaincre le p\u00e8re de leur amie de les choisir. Mais \u00e0 peine s'y installent-elles que d'\u00e9tranges ph\u00e9nom\u00e8nes se produisent. Comme si un mal\u00e9fice pesait sur la maison, comme si elle leur demandait \u00e0 la fois de la laisser tranquille et de percer son secret, celui de Violaine. Pour la faire revenir? Quand les secrets et les fant\u00f4mes de la Chaloupe se r\u00e9veillent, la maison du bonheur vacille et entra\u00eene ses occupantes dans une \u00e9trange histoire de sorcellerie symbolis\u00e9e par un talisman en forme de soleil...Dans ce premier tome consacr\u00e9 \u00e0 Julie et \u00e0 Zabelle, Janine Boissard met en place la fresque de quatre h\u00e9ro\u00efnes attachantes ou s'entrecroisent l'histoire et les amours de chacune et le myst\u00e8re de la cinqui\u00e8me, que r\u00e9soudra le tome 2 de \u00abLa Chaloupe\u00bb, \u00abL'Aventurine\u00bb.","og_url":"https:\/\/chtululu.be\/index.php\/produit\/la-chaloupe-t-1-le-talisman\/","og_site_name":"Le Chtululu","article_modified_time":"2017-01-07T17:03:04+00:00","og_image":[{"width":200,"height":319,"url":"https:\/\/chtululu.be\/wp-content\/uploads\/2017\/01\/9782221118085.jpg","type":"image\/jpeg"}],"twitter_card":"summary_large_image","schema":{"@context":"https:\/\/schema.org","@graph":[{"@type":"WebPage","@id":"https:\/\/chtululu.be\/index.php\/produit\/la-chaloupe-t-1-le-talisman\/","url":"https:\/\/chtululu.be\/index.php\/produit\/la-chaloupe-t-1-le-talisman\/","name":"La chaloupe t.1 (Le talisman) - Le Chtululu","isPartOf":{"@id":"https:\/\/chtululu.be\/#website"},"primaryImageOfPage":{"@id":"https:\/\/chtululu.be\/index.php\/produit\/la-chaloupe-t-1-le-talisman\/#primaryimage"},"image":{"@id":"https:\/\/chtululu.be\/index.php\/produit\/la-chaloupe-t-1-le-talisman\/#primaryimage"},"thumbnailUrl":"https:\/\/chtululu.be\/wp-content\/uploads\/2017\/01\/9782221118085.jpg","datePublished":"2017-01-03T21:21:51+00:00","dateModified":"2017-01-07T17:03:04+00:00","breadcrumb":{"@id":"https:\/\/chtululu.be\/index.php\/produit\/la-chaloupe-t-1-le-talisman\/#breadcrumb"},"inLanguage":"fr-FR","potentialAction":[{"@type":"ReadAction","target":["https:\/\/chtululu.be\/index.php\/produit\/la-chaloupe-t-1-le-talisman\/"]}]},{"@type":"ImageObject","inLanguage":"fr-FR","@id":"https:\/\/chtululu.be\/index.php\/produit\/la-chaloupe-t-1-le-talisman\/#primaryimage","url":"https:\/\/chtululu.be\/wp-content\/uploads\/2017\/01\/9782221118085.jpg","contentUrl":"https:\/\/chtululu.be\/wp-content\/uploads\/2017\/01\/9782221118085.jpg","width":200,"height":319},{"@type":"BreadcrumbList","@id":"https:\/\/chtululu.be\/index.php\/produit\/la-chaloupe-t-1-le-talisman\/#breadcrumb","itemListElement":[{"@type":"ListItem","position":1,"name":"Accueil","item":"https:\/\/chtululu.be\/"},{"@type":"ListItem","position":2,"name":"Les livres","item":"https:\/\/chtululu.be\/index.php\/livres-doccasion\/"},{"@type":"ListItem","position":3,"name":"La chaloupe t.1 (Le talisman)"}]},{"@type":"WebSite","@id":"https:\/\/chtululu.be\/#website","url":"https:\/\/chtululu.be\/","name":"Le Chtululu","description":"Votre librairie de seconde main \u00e0 Soignies","publisher":{"@id":"https:\/\/chtululu.be\/#organization"},"potentialAction":[{"@type":"SearchAction","target":{"@type":"EntryPoint","urlTemplate":"https:\/\/chtululu.be\/?s={search_term_string}"},"query-input":{"@type":"PropertyValueSpecification","valueRequired":true,"valueName":"search_term_string"}}],"inLanguage":"fr-FR"},{"@type":"Organization","@id":"https:\/\/chtululu.be\/#organization","name":"Le Chtululu","url":"https:\/\/chtululu.be\/","logo":{"@type":"ImageObject","inLanguage":"fr-FR","@id":"https:\/\/chtululu.be\/#\/schema\/logo\/image\/","url":"https:\/\/chtululu.be\/wp-content\/uploads\/2016\/05\/logo-def-blanc.jpg","contentUrl":"https:\/\/chtululu.be\/wp-content\/uploads\/2016\/05\/logo-def-blanc.jpg","width":2048,"height":1901,"caption":"Le Chtululu"},"image":{"@id":"https:\/\/chtululu.be\/#\/schema\/logo\/image\/"}}]}},"_links":{"self":[{"href":"https:\/\/chtululu.be\/index.php\/wp-json\/wp\/v2\/product\/592","targetHints":{"allow":["GET"]}}],"collection":[{"href":"https:\/\/chtululu.be\/index.php\/wp-json\/wp\/v2\/product"}],"about":[{"href":"https:\/\/chtululu.be\/index.php\/wp-json\/wp\/v2\/types\/product"}],"wp:featuredmedia":[{"embeddable":true,"href":"https:\/\/chtululu.be\/index.php\/wp-json\/wp\/v2\/media\/615"}],"wp:attachment":[{"href":"https:\/\/chtululu.be\/index.php\/wp-json\/wp\/v2\/media?parent=592"}],"wp:term":[{"taxonomy":"product_brand","embeddable":true,"href":"https:\/\/chtululu.be\/index.php\/wp-json\/wp\/v2\/product_brand?post=592"},{"taxonomy":"product_cat","embeddable":true,"href":"https:\/\/chtululu.be\/index.php\/wp-json\/wp\/v2\/product_cat?post=592"},{"taxonomy":"product_tag","embeddable":true,"href":"https:\/\/chtululu.be\/index.php\/wp-json\/wp\/v2\/product_tag?post=592"}],"curies":[{"name":"wp","href":"https:\/\/api.w.org\/{rel}","templated":true}]}}