{"id":591,"date":"2017-01-03T22:21:50","date_gmt":"2017-01-03T21:21:50","guid":{"rendered":"http:\/\/chtululu.be\/index.php\/produit\/une-femme-reconciliee\/"},"modified":"2017-01-22T16:56:32","modified_gmt":"2017-01-22T15:56:32","slug":"une-femme-reconciliee","status":"publish","type":"product","link":"https:\/\/chtululu.be\/index.php\/produit\/une-femme-reconciliee\/","title":{"rendered":"Une femme r\u00e9concili\u00e9e"},"content":{"rendered":"","protected":false},"excerpt":{"rendered":"<p><strong>Boissard Janine<\/strong><\/p>\n<p>Mari\u00e9e \u00e0 dix-sept ans, m\u00e8re \u00e0 vingt, S\u00e9verine, \u00e0 quarante-quatre ans, se retrouve seule, divorc\u00e9e : son mari l&rsquo;a quitt\u00e9e pour \u00e9pouser une autre, ni plus jeune, ni plus jolie, mais \u00a0\u00bb Elle, c&rsquo;est une femme \u00ab\u00a0, lui a-t-il lanc\u00e9 ! S\u00e9verine a perdu toute confiance en elle, en la vie, en l&rsquo;amour.<\/p>\n<p>Son horizon est bien gris, quand surgit dans son existence Vincent, un homme qui lui aussi a \u00e9t\u00e9 cruellement \u00e9prouv\u00e9. \u00a0\u00bb Que veux-tu de moi ? \u00a0\u00bb lui a-t-elle demand\u00e9. \u00a0\u00bb Du bout du doigt, tr\u00e8s gravement, il a touch\u00e9 son front, son c\u0153ur, son ventre : tout, je veux tout. \u00a0\u00bb<\/p>\n<p>Malgr\u00e9 les obstacles, avec tendresse, avec patience, Vincent va r\u00e9ussir \u00e0 faire resurgir chez S\u00e9verine une f\u00e9minit\u00e9 qui, si souvent bless\u00e9e, \u00e9tait enfouie tout au fond d&rsquo;elle-m\u00eame, et lui faire d\u00e9couvrir l&rsquo;amour total : celui qui prend et engage tout l&rsquo;\u00eatre.<\/p>\n<p>Une femme r\u00e9concili\u00e9e, une superbe et \u00e9mouvante histoire d&rsquo;amour, par Janine Boissard, l&rsquo;auteur de la c\u00e9l\u00e8bre s\u00e9rie L&rsquo;Esprit de famille.<\/p>\n<p>&nbsp;<\/p>\n<h6><em>* Un des deux exemplaires en vente est une \u00e9dition France Loisirs.<\/em><\/h6>\n","protected":false},"featured_media":653,"template":"","meta":{"_acf_changed":false,"_exactmetrics_skip_tracking":false,"_exactmetrics_sitenote_active":false,"_exactmetrics_sitenote_note":"","_exactmetrics_sitenote_category":0},"product_brand":[],"product_cat":[24],"product_tag":[64],"class_list":{"0":"post-591","1":"product","2":"type-product","3":"status-publish","4":"has-post-thumbnail","6":"product_cat-roman","7":"product_tag-boissard-janine","9":"first","10":"instock","11":"sold-individually","12":"taxable","13":"shipping-taxable","14":"purchasable","15":"product-type-simple"},"acf":[],"yoast_head":"<!-- This site is optimized with the Yoast SEO plugin v26.6 - https:\/\/yoast.com\/wordpress\/plugins\/seo\/ -->\n<title>Une femme r\u00e9concili\u00e9e - Le Chtululu<\/title>\n<meta name=\"robots\" content=\"index, follow, max-snippet:-1, max-image-preview:large, max-video-preview:-1\" \/>\n<link rel=\"canonical\" href=\"https:\/\/chtululu.be\/index.php\/produit\/une-femme-reconciliee\/\" \/>\n<meta property=\"og:locale\" content=\"fr_FR\" \/>\n<meta property=\"og:type\" content=\"article\" \/>\n<meta property=\"og:title\" content=\"Une femme r\u00e9concili\u00e9e - Le Chtululu\" \/>\n<meta property=\"og:description\" content=\"Boissard Janine  Mari\u00e9e \u00e0 dix-sept ans, m\u00e8re \u00e0 vingt, S\u00e9verine, \u00e0 quarante-quatre ans, se retrouve seule, divorc\u00e9e : son mari l&#039;a quitt\u00e9e pour \u00e9pouser une autre, ni plus jeune, ni plus jolie, mais &quot; Elle, c&#039;est une femme &quot;, lui a-t-il lanc\u00e9 ! S\u00e9verine a perdu toute confiance en elle, en la vie, en l&#039;amour.  Son horizon est bien gris, quand surgit dans son existence Vincent, un homme qui lui aussi a \u00e9t\u00e9 cruellement \u00e9prouv\u00e9. &quot; Que veux-tu de moi ? &quot; lui a-t-elle demand\u00e9. &quot; Du bout du doigt, tr\u00e8s gravement, il a touch\u00e9 son front, son c\u0153ur, son ventre : tout, je veux tout. &quot;  Malgr\u00e9 les obstacles, avec tendresse, avec patience, Vincent va r\u00e9ussir \u00e0 faire resurgir chez S\u00e9verine une f\u00e9minit\u00e9 qui, si souvent bless\u00e9e, \u00e9tait enfouie tout au fond d&#039;elle-m\u00eame, et lui faire d\u00e9couvrir l&#039;amour total : celui qui prend et engage tout l&#039;\u00eatre.  Une femme r\u00e9concili\u00e9e, une superbe et \u00e9mouvante histoire d&#039;amour, par Janine Boissard, l&#039;auteur de la c\u00e9l\u00e8bre s\u00e9rie L&#039;Esprit de famille.  &nbsp; * Un des deux exemplaires en vente est une \u00e9dition France Loisirs.\" \/>\n<meta property=\"og:url\" content=\"https:\/\/chtululu.be\/index.php\/produit\/une-femme-reconciliee\/\" \/>\n<meta property=\"og:site_name\" content=\"Le Chtululu\" \/>\n<meta property=\"article:modified_time\" content=\"2017-01-22T15:56:32+00:00\" \/>\n<meta property=\"og:image\" content=\"https:\/\/chtululu.be\/wp-content\/uploads\/2017\/01\/9782213684826-X_0.jpg\" \/>\n\t<meta property=\"og:image:width\" content=\"200\" \/>\n\t<meta property=\"og:image:height\" content=\"305\" \/>\n\t<meta property=\"og:image:type\" content=\"image\/jpeg\" \/>\n<meta name=\"twitter:card\" content=\"summary_large_image\" \/>\n<script type=\"application\/ld+json\" class=\"yoast-schema-graph\">{\"@context\":\"https:\/\/schema.org\",\"@graph\":[{\"@type\":\"WebPage\",\"@id\":\"https:\/\/chtululu.be\/index.php\/produit\/une-femme-reconciliee\/\",\"url\":\"https:\/\/chtululu.be\/index.php\/produit\/une-femme-reconciliee\/\",\"name\":\"Une femme r\u00e9concili\u00e9e - Le Chtululu\",\"isPartOf\":{\"@id\":\"https:\/\/chtululu.be\/#website\"},\"primaryImageOfPage\":{\"@id\":\"https:\/\/chtululu.be\/index.php\/produit\/une-femme-reconciliee\/#primaryimage\"},\"image\":{\"@id\":\"https:\/\/chtululu.be\/index.php\/produit\/une-femme-reconciliee\/#primaryimage\"},\"thumbnailUrl\":\"https:\/\/chtululu.be\/wp-content\/uploads\/2017\/01\/9782213684826-X_0.jpg\",\"datePublished\":\"2017-01-03T21:21:50+00:00\",\"dateModified\":\"2017-01-22T15:56:32+00:00\",\"breadcrumb\":{\"@id\":\"https:\/\/chtululu.be\/index.php\/produit\/une-femme-reconciliee\/#breadcrumb\"},\"inLanguage\":\"fr-FR\",\"potentialAction\":[{\"@type\":\"ReadAction\",\"target\":[\"https:\/\/chtululu.be\/index.php\/produit\/une-femme-reconciliee\/\"]}]},{\"@type\":\"ImageObject\",\"inLanguage\":\"fr-FR\",\"@id\":\"https:\/\/chtululu.be\/index.php\/produit\/une-femme-reconciliee\/#primaryimage\",\"url\":\"https:\/\/chtululu.be\/wp-content\/uploads\/2017\/01\/9782213684826-X_0.jpg\",\"contentUrl\":\"https:\/\/chtululu.be\/wp-content\/uploads\/2017\/01\/9782213684826-X_0.jpg\",\"width\":200,\"height\":305},{\"@type\":\"BreadcrumbList\",\"@id\":\"https:\/\/chtululu.be\/index.php\/produit\/une-femme-reconciliee\/#breadcrumb\",\"itemListElement\":[{\"@type\":\"ListItem\",\"position\":1,\"name\":\"Accueil\",\"item\":\"https:\/\/chtululu.be\/\"},{\"@type\":\"ListItem\",\"position\":2,\"name\":\"Les livres\",\"item\":\"https:\/\/chtululu.be\/index.php\/livres-doccasion\/\"},{\"@type\":\"ListItem\",\"position\":3,\"name\":\"Une femme r\u00e9concili\u00e9e\"}]},{\"@type\":\"WebSite\",\"@id\":\"https:\/\/chtululu.be\/#website\",\"url\":\"https:\/\/chtululu.be\/\",\"name\":\"Le Chtululu\",\"description\":\"Votre librairie de seconde main \u00e0 Soignies\",\"publisher\":{\"@id\":\"https:\/\/chtululu.be\/#organization\"},\"potentialAction\":[{\"@type\":\"SearchAction\",\"target\":{\"@type\":\"EntryPoint\",\"urlTemplate\":\"https:\/\/chtululu.be\/?s={search_term_string}\"},\"query-input\":{\"@type\":\"PropertyValueSpecification\",\"valueRequired\":true,\"valueName\":\"search_term_string\"}}],\"inLanguage\":\"fr-FR\"},{\"@type\":\"Organization\",\"@id\":\"https:\/\/chtululu.be\/#organization\",\"name\":\"Le Chtululu\",\"url\":\"https:\/\/chtululu.be\/\",\"logo\":{\"@type\":\"ImageObject\",\"inLanguage\":\"fr-FR\",\"@id\":\"https:\/\/chtululu.be\/#\/schema\/logo\/image\/\",\"url\":\"https:\/\/chtululu.be\/wp-content\/uploads\/2016\/05\/logo-def-blanc.jpg\",\"contentUrl\":\"https:\/\/chtululu.be\/wp-content\/uploads\/2016\/05\/logo-def-blanc.jpg\",\"width\":2048,\"height\":1901,\"caption\":\"Le Chtululu\"},\"image\":{\"@id\":\"https:\/\/chtululu.be\/#\/schema\/logo\/image\/\"}}]}<\/script>\n<!-- \/ Yoast SEO plugin. -->","yoast_head_json":{"title":"Une femme r\u00e9concili\u00e9e - Le Chtululu","robots":{"index":"index","follow":"follow","max-snippet":"max-snippet:-1","max-image-preview":"max-image-preview:large","max-video-preview":"max-video-preview:-1"},"canonical":"https:\/\/chtululu.be\/index.php\/produit\/une-femme-reconciliee\/","og_locale":"fr_FR","og_type":"article","og_title":"Une femme r\u00e9concili\u00e9e - Le Chtululu","og_description":"Boissard Janine  Mari\u00e9e \u00e0 dix-sept ans, m\u00e8re \u00e0 vingt, S\u00e9verine, \u00e0 quarante-quatre ans, se retrouve seule, divorc\u00e9e : son mari l'a quitt\u00e9e pour \u00e9pouser une autre, ni plus jeune, ni plus jolie, mais \" Elle, c'est une femme \", lui a-t-il lanc\u00e9 ! S\u00e9verine a perdu toute confiance en elle, en la vie, en l'amour.  Son horizon est bien gris, quand surgit dans son existence Vincent, un homme qui lui aussi a \u00e9t\u00e9 cruellement \u00e9prouv\u00e9. \" Que veux-tu de moi ? \" lui a-t-elle demand\u00e9. \" Du bout du doigt, tr\u00e8s gravement, il a touch\u00e9 son front, son c\u0153ur, son ventre : tout, je veux tout. \"  Malgr\u00e9 les obstacles, avec tendresse, avec patience, Vincent va r\u00e9ussir \u00e0 faire resurgir chez S\u00e9verine une f\u00e9minit\u00e9 qui, si souvent bless\u00e9e, \u00e9tait enfouie tout au fond d'elle-m\u00eame, et lui faire d\u00e9couvrir l'amour total : celui qui prend et engage tout l'\u00eatre.  Une femme r\u00e9concili\u00e9e, une superbe et \u00e9mouvante histoire d'amour, par Janine Boissard, l'auteur de la c\u00e9l\u00e8bre s\u00e9rie L'Esprit de famille.  &nbsp; * Un des deux exemplaires en vente est une \u00e9dition France Loisirs.","og_url":"https:\/\/chtululu.be\/index.php\/produit\/une-femme-reconciliee\/","og_site_name":"Le Chtululu","article_modified_time":"2017-01-22T15:56:32+00:00","og_image":[{"width":200,"height":305,"url":"https:\/\/chtululu.be\/wp-content\/uploads\/2017\/01\/9782213684826-X_0.jpg","type":"image\/jpeg"}],"twitter_card":"summary_large_image","schema":{"@context":"https:\/\/schema.org","@graph":[{"@type":"WebPage","@id":"https:\/\/chtululu.be\/index.php\/produit\/une-femme-reconciliee\/","url":"https:\/\/chtululu.be\/index.php\/produit\/une-femme-reconciliee\/","name":"Une femme r\u00e9concili\u00e9e - Le Chtululu","isPartOf":{"@id":"https:\/\/chtululu.be\/#website"},"primaryImageOfPage":{"@id":"https:\/\/chtululu.be\/index.php\/produit\/une-femme-reconciliee\/#primaryimage"},"image":{"@id":"https:\/\/chtululu.be\/index.php\/produit\/une-femme-reconciliee\/#primaryimage"},"thumbnailUrl":"https:\/\/chtululu.be\/wp-content\/uploads\/2017\/01\/9782213684826-X_0.jpg","datePublished":"2017-01-03T21:21:50+00:00","dateModified":"2017-01-22T15:56:32+00:00","breadcrumb":{"@id":"https:\/\/chtululu.be\/index.php\/produit\/une-femme-reconciliee\/#breadcrumb"},"inLanguage":"fr-FR","potentialAction":[{"@type":"ReadAction","target":["https:\/\/chtululu.be\/index.php\/produit\/une-femme-reconciliee\/"]}]},{"@type":"ImageObject","inLanguage":"fr-FR","@id":"https:\/\/chtululu.be\/index.php\/produit\/une-femme-reconciliee\/#primaryimage","url":"https:\/\/chtululu.be\/wp-content\/uploads\/2017\/01\/9782213684826-X_0.jpg","contentUrl":"https:\/\/chtululu.be\/wp-content\/uploads\/2017\/01\/9782213684826-X_0.jpg","width":200,"height":305},{"@type":"BreadcrumbList","@id":"https:\/\/chtululu.be\/index.php\/produit\/une-femme-reconciliee\/#breadcrumb","itemListElement":[{"@type":"ListItem","position":1,"name":"Accueil","item":"https:\/\/chtululu.be\/"},{"@type":"ListItem","position":2,"name":"Les livres","item":"https:\/\/chtululu.be\/index.php\/livres-doccasion\/"},{"@type":"ListItem","position":3,"name":"Une femme r\u00e9concili\u00e9e"}]},{"@type":"WebSite","@id":"https:\/\/chtululu.be\/#website","url":"https:\/\/chtululu.be\/","name":"Le Chtululu","description":"Votre librairie de seconde main \u00e0 Soignies","publisher":{"@id":"https:\/\/chtululu.be\/#organization"},"potentialAction":[{"@type":"SearchAction","target":{"@type":"EntryPoint","urlTemplate":"https:\/\/chtululu.be\/?s={search_term_string}"},"query-input":{"@type":"PropertyValueSpecification","valueRequired":true,"valueName":"search_term_string"}}],"inLanguage":"fr-FR"},{"@type":"Organization","@id":"https:\/\/chtululu.be\/#organization","name":"Le Chtululu","url":"https:\/\/chtululu.be\/","logo":{"@type":"ImageObject","inLanguage":"fr-FR","@id":"https:\/\/chtululu.be\/#\/schema\/logo\/image\/","url":"https:\/\/chtululu.be\/wp-content\/uploads\/2016\/05\/logo-def-blanc.jpg","contentUrl":"https:\/\/chtululu.be\/wp-content\/uploads\/2016\/05\/logo-def-blanc.jpg","width":2048,"height":1901,"caption":"Le Chtululu"},"image":{"@id":"https:\/\/chtululu.be\/#\/schema\/logo\/image\/"}}]}},"_links":{"self":[{"href":"https:\/\/chtululu.be\/index.php\/wp-json\/wp\/v2\/product\/591","targetHints":{"allow":["GET"]}}],"collection":[{"href":"https:\/\/chtululu.be\/index.php\/wp-json\/wp\/v2\/product"}],"about":[{"href":"https:\/\/chtululu.be\/index.php\/wp-json\/wp\/v2\/types\/product"}],"wp:featuredmedia":[{"embeddable":true,"href":"https:\/\/chtululu.be\/index.php\/wp-json\/wp\/v2\/media\/653"}],"wp:attachment":[{"href":"https:\/\/chtululu.be\/index.php\/wp-json\/wp\/v2\/media?parent=591"}],"wp:term":[{"taxonomy":"product_brand","embeddable":true,"href":"https:\/\/chtululu.be\/index.php\/wp-json\/wp\/v2\/product_brand?post=591"},{"taxonomy":"product_cat","embeddable":true,"href":"https:\/\/chtululu.be\/index.php\/wp-json\/wp\/v2\/product_cat?post=591"},{"taxonomy":"product_tag","embeddable":true,"href":"https:\/\/chtululu.be\/index.php\/wp-json\/wp\/v2\/product_tag?post=591"}],"curies":[{"name":"wp","href":"https:\/\/api.w.org\/{rel}","templated":true}]}}