{"id":590,"date":"2017-01-03T22:21:49","date_gmt":"2017-01-03T21:21:49","guid":{"rendered":"http:\/\/chtululu.be\/index.php\/produit\/existe-en-blanc\/"},"modified":"2021-01-30T22:08:02","modified_gmt":"2021-01-30T21:08:02","slug":"existe-en-blanc","status":"publish","type":"product","link":"https:\/\/chtululu.be\/index.php\/produit\/existe-en-blanc\/","title":{"rendered":"Existe en blanc"},"content":{"rendered":"","protected":false},"excerpt":{"rendered":"<p><strong>Blier Bertand<\/strong><\/p>\n<p>D\u00e9j\u00e0, en culottes courtes, quand je rentrais de l&rsquo;\u00e9cole, je ne manquais pas de passer, avec mon gros cartable, devant le magasin Thirion, articles pour dames, dans la vitrine duquel, sur des bustes sans t\u00eates, resplendissaient d&rsquo;admirables soutifs. Je ralentissais le pas, et la t\u00eate retourn\u00e9e vers les bonnets sublimes, je me remplissais les yeux jusqu&rsquo;\u00e0 l&rsquo;\u00e9vanouissement. Des imb\u00e9ciles toujours pr\u00eats \u00e0 se d\u00e9vouer m&rsquo;allongeaient sur un banc et me tapotaient les joues. Furieux d&rsquo;\u00eatre extirp\u00e9 de mon r\u00eave satin\u00e9, je leur balan\u00e7ais mes bottines dans la gueule.\u00a0\u00bb<br \/>\nCe n&rsquo;est que le d\u00e9but&#8230; Le gamin, \u00e9lev\u00e9 dans une famille tr\u00e8s bizarre, d\u00e9veloppe ce go\u00fbt immod\u00e9r\u00e9 pour le soutien-gorge dans l&rsquo;\u00e2ge adulte. Il faut dire que, d&rsquo;abord repr\u00e9sentant en lingerie f\u00e9minine, il devient directeur des Ressources humaines (!) d&rsquo;une fabrique de soutiens-gorge. Grand baiseur, oui, mais ses d\u00e9sirs sont essentiellement d&rsquo;ordre esth\u00e9tique : c&rsquo;est le soutien-gorge qui le stimule, ou le sein pris dans le soutien-gorge (et pas de n&rsquo;importe quelle marque), et non le sein nu. Lorsque l&rsquo;idiote, pour \u00e9taler tous ses charmes, fait sauter son soutien-gorge, c&rsquo;est fini : il l&rsquo;\u00e9trangle&#8230; Il en \u00e9tranglera un bon tas.<br \/>\n\u00c0 l&rsquo;heure du \u00ab\u00a0consensus mou\u00a0\u00bb et du \u00ab\u00a0litt\u00e9rairement correct\u00a0\u00bb, ce livre est fou et sublime de vraie provocation, d&rsquo;exc\u00e8s, de d\u00e9lire, de beaut\u00e9 sulfureuse, de franche horreur, d&rsquo;un humour plus noir que noir. Ceux qui aiment les films de Bertrand Blier ne seront pas tellement surpris, tout en avouant que jamais il n&rsquo;a \u00e9t\u00e9 si loin ni si fort &#8211; les mots sont beaucoup plus puissants que les images. Et c&rsquo;est ici qu&rsquo;il faut dire que toutes ces folies sont racont\u00e9es d&rsquo;une plume magnifique, constamment jubilatoire, &#8211; telle que le cher Rabelais reconna\u00eetrait avec bonheur son h\u00e9ritier dans les \u00e9lucubrations de l&rsquo;abominable Bertrand Blier.<\/p>\n","protected":false},"featured_media":619,"template":"","meta":{"_acf_changed":false,"_exactmetrics_skip_tracking":false,"_exactmetrics_sitenote_active":false,"_exactmetrics_sitenote_note":"","_exactmetrics_sitenote_category":0},"product_brand":[],"product_cat":[24],"product_tag":[63,67],"class_list":{"0":"post-590","1":"product","2":"type-product","3":"status-publish","4":"has-post-thumbnail","6":"product_cat-roman","7":"product_tag-blier-bertand","8":"product_tag-humour-noir","10":"first","11":"instock","12":"sold-individually","13":"taxable","14":"shipping-taxable","15":"purchasable","16":"product-type-simple"},"acf":[],"yoast_head":"<!-- This site is optimized with the Yoast SEO plugin v26.6 - https:\/\/yoast.com\/wordpress\/plugins\/seo\/ -->\n<title>Existe en blanc - Le Chtululu<\/title>\n<meta name=\"robots\" content=\"index, follow, max-snippet:-1, max-image-preview:large, max-video-preview:-1\" \/>\n<link rel=\"canonical\" href=\"https:\/\/chtululu.be\/index.php\/produit\/existe-en-blanc\/\" \/>\n<meta property=\"og:locale\" content=\"fr_FR\" \/>\n<meta property=\"og:type\" content=\"article\" \/>\n<meta property=\"og:title\" content=\"Existe en blanc - Le Chtululu\" \/>\n<meta property=\"og:description\" content=\"Blier Bertand  D\u00e9j\u00e0, en culottes courtes, quand je rentrais de l&#039;\u00e9cole, je ne manquais pas de passer, avec mon gros cartable, devant le magasin Thirion, articles pour dames, dans la vitrine duquel, sur des bustes sans t\u00eates, resplendissaient d&#039;admirables soutifs. Je ralentissais le pas, et la t\u00eate retourn\u00e9e vers les bonnets sublimes, je me remplissais les yeux jusqu&#039;\u00e0 l&#039;\u00e9vanouissement. Des imb\u00e9ciles toujours pr\u00eats \u00e0 se d\u00e9vouer m&#039;allongeaient sur un banc et me tapotaient les joues. Furieux d&#039;\u00eatre extirp\u00e9 de mon r\u00eave satin\u00e9, je leur balan\u00e7ais mes bottines dans la gueule.&quot; Ce n&#039;est que le d\u00e9but... Le gamin, \u00e9lev\u00e9 dans une famille tr\u00e8s bizarre, d\u00e9veloppe ce go\u00fbt immod\u00e9r\u00e9 pour le soutien-gorge dans l&#039;\u00e2ge adulte. Il faut dire que, d&#039;abord repr\u00e9sentant en lingerie f\u00e9minine, il devient directeur des Ressources humaines (!) d&#039;une fabrique de soutiens-gorge. Grand baiseur, oui, mais ses d\u00e9sirs sont essentiellement d&#039;ordre esth\u00e9tique : c&#039;est le soutien-gorge qui le stimule, ou le sein pris dans le soutien-gorge (et pas de n&#039;importe quelle marque), et non le sein nu. Lorsque l&#039;idiote, pour \u00e9taler tous ses charmes, fait sauter son soutien-gorge, c&#039;est fini : il l&#039;\u00e9trangle... Il en \u00e9tranglera un bon tas. \u00c0 l&#039;heure du &quot;consensus mou&quot; et du &quot;litt\u00e9rairement correct&quot;, ce livre est fou et sublime de vraie provocation, d&#039;exc\u00e8s, de d\u00e9lire, de beaut\u00e9 sulfureuse, de franche horreur, d&#039;un humour plus noir que noir. Ceux qui aiment les films de Bertrand Blier ne seront pas tellement surpris, tout en avouant que jamais il n&#039;a \u00e9t\u00e9 si loin ni si fort - les mots sont beaucoup plus puissants que les images. Et c&#039;est ici qu&#039;il faut dire que toutes ces folies sont racont\u00e9es d&#039;une plume magnifique, constamment jubilatoire, - telle que le cher Rabelais reconna\u00eetrait avec bonheur son h\u00e9ritier dans les \u00e9lucubrations de l&#039;abominable Bertrand Blier.\" \/>\n<meta property=\"og:url\" content=\"https:\/\/chtululu.be\/index.php\/produit\/existe-en-blanc\/\" \/>\n<meta property=\"og:site_name\" content=\"Le Chtululu\" \/>\n<meta property=\"article:modified_time\" content=\"2021-01-30T21:08:02+00:00\" \/>\n<meta property=\"og:image\" content=\"https:\/\/chtululu.be\/wp-content\/uploads\/2017\/01\/9782221086544.jpg\" \/>\n\t<meta property=\"og:image:width\" content=\"200\" \/>\n\t<meta property=\"og:image:height\" content=\"325\" \/>\n\t<meta property=\"og:image:type\" content=\"image\/jpeg\" \/>\n<meta name=\"twitter:card\" content=\"summary_large_image\" \/>\n<script type=\"application\/ld+json\" class=\"yoast-schema-graph\">{\"@context\":\"https:\/\/schema.org\",\"@graph\":[{\"@type\":\"WebPage\",\"@id\":\"https:\/\/chtululu.be\/index.php\/produit\/existe-en-blanc\/\",\"url\":\"https:\/\/chtululu.be\/index.php\/produit\/existe-en-blanc\/\",\"name\":\"Existe en blanc - Le Chtululu\",\"isPartOf\":{\"@id\":\"https:\/\/chtululu.be\/#website\"},\"primaryImageOfPage\":{\"@id\":\"https:\/\/chtululu.be\/index.php\/produit\/existe-en-blanc\/#primaryimage\"},\"image\":{\"@id\":\"https:\/\/chtululu.be\/index.php\/produit\/existe-en-blanc\/#primaryimage\"},\"thumbnailUrl\":\"https:\/\/chtululu.be\/wp-content\/uploads\/2017\/01\/9782221086544.jpg\",\"datePublished\":\"2017-01-03T21:21:49+00:00\",\"dateModified\":\"2021-01-30T21:08:02+00:00\",\"breadcrumb\":{\"@id\":\"https:\/\/chtululu.be\/index.php\/produit\/existe-en-blanc\/#breadcrumb\"},\"inLanguage\":\"fr-FR\",\"potentialAction\":[{\"@type\":\"ReadAction\",\"target\":[\"https:\/\/chtululu.be\/index.php\/produit\/existe-en-blanc\/\"]}]},{\"@type\":\"ImageObject\",\"inLanguage\":\"fr-FR\",\"@id\":\"https:\/\/chtululu.be\/index.php\/produit\/existe-en-blanc\/#primaryimage\",\"url\":\"https:\/\/chtululu.be\/wp-content\/uploads\/2017\/01\/9782221086544.jpg\",\"contentUrl\":\"https:\/\/chtululu.be\/wp-content\/uploads\/2017\/01\/9782221086544.jpg\",\"width\":200,\"height\":325},{\"@type\":\"BreadcrumbList\",\"@id\":\"https:\/\/chtululu.be\/index.php\/produit\/existe-en-blanc\/#breadcrumb\",\"itemListElement\":[{\"@type\":\"ListItem\",\"position\":1,\"name\":\"Accueil\",\"item\":\"https:\/\/chtululu.be\/\"},{\"@type\":\"ListItem\",\"position\":2,\"name\":\"Les livres\",\"item\":\"https:\/\/chtululu.be\/index.php\/livres-doccasion\/\"},{\"@type\":\"ListItem\",\"position\":3,\"name\":\"Existe en blanc\"}]},{\"@type\":\"WebSite\",\"@id\":\"https:\/\/chtululu.be\/#website\",\"url\":\"https:\/\/chtululu.be\/\",\"name\":\"Le Chtululu\",\"description\":\"Votre librairie de seconde main \u00e0 Soignies\",\"publisher\":{\"@id\":\"https:\/\/chtululu.be\/#organization\"},\"potentialAction\":[{\"@type\":\"SearchAction\",\"target\":{\"@type\":\"EntryPoint\",\"urlTemplate\":\"https:\/\/chtululu.be\/?s={search_term_string}\"},\"query-input\":{\"@type\":\"PropertyValueSpecification\",\"valueRequired\":true,\"valueName\":\"search_term_string\"}}],\"inLanguage\":\"fr-FR\"},{\"@type\":\"Organization\",\"@id\":\"https:\/\/chtululu.be\/#organization\",\"name\":\"Le Chtululu\",\"url\":\"https:\/\/chtululu.be\/\",\"logo\":{\"@type\":\"ImageObject\",\"inLanguage\":\"fr-FR\",\"@id\":\"https:\/\/chtululu.be\/#\/schema\/logo\/image\/\",\"url\":\"https:\/\/chtululu.be\/wp-content\/uploads\/2016\/05\/logo-def-blanc.jpg\",\"contentUrl\":\"https:\/\/chtululu.be\/wp-content\/uploads\/2016\/05\/logo-def-blanc.jpg\",\"width\":2048,\"height\":1901,\"caption\":\"Le Chtululu\"},\"image\":{\"@id\":\"https:\/\/chtululu.be\/#\/schema\/logo\/image\/\"}}]}<\/script>\n<!-- \/ Yoast SEO plugin. -->","yoast_head_json":{"title":"Existe en blanc - Le Chtululu","robots":{"index":"index","follow":"follow","max-snippet":"max-snippet:-1","max-image-preview":"max-image-preview:large","max-video-preview":"max-video-preview:-1"},"canonical":"https:\/\/chtululu.be\/index.php\/produit\/existe-en-blanc\/","og_locale":"fr_FR","og_type":"article","og_title":"Existe en blanc - Le Chtululu","og_description":"Blier Bertand  D\u00e9j\u00e0, en culottes courtes, quand je rentrais de l'\u00e9cole, je ne manquais pas de passer, avec mon gros cartable, devant le magasin Thirion, articles pour dames, dans la vitrine duquel, sur des bustes sans t\u00eates, resplendissaient d'admirables soutifs. Je ralentissais le pas, et la t\u00eate retourn\u00e9e vers les bonnets sublimes, je me remplissais les yeux jusqu'\u00e0 l'\u00e9vanouissement. Des imb\u00e9ciles toujours pr\u00eats \u00e0 se d\u00e9vouer m'allongeaient sur un banc et me tapotaient les joues. Furieux d'\u00eatre extirp\u00e9 de mon r\u00eave satin\u00e9, je leur balan\u00e7ais mes bottines dans la gueule.\" Ce n'est que le d\u00e9but... Le gamin, \u00e9lev\u00e9 dans une famille tr\u00e8s bizarre, d\u00e9veloppe ce go\u00fbt immod\u00e9r\u00e9 pour le soutien-gorge dans l'\u00e2ge adulte. Il faut dire que, d'abord repr\u00e9sentant en lingerie f\u00e9minine, il devient directeur des Ressources humaines (!) d'une fabrique de soutiens-gorge. Grand baiseur, oui, mais ses d\u00e9sirs sont essentiellement d'ordre esth\u00e9tique : c'est le soutien-gorge qui le stimule, ou le sein pris dans le soutien-gorge (et pas de n'importe quelle marque), et non le sein nu. Lorsque l'idiote, pour \u00e9taler tous ses charmes, fait sauter son soutien-gorge, c'est fini : il l'\u00e9trangle... Il en \u00e9tranglera un bon tas. \u00c0 l'heure du \"consensus mou\" et du \"litt\u00e9rairement correct\", ce livre est fou et sublime de vraie provocation, d'exc\u00e8s, de d\u00e9lire, de beaut\u00e9 sulfureuse, de franche horreur, d'un humour plus noir que noir. Ceux qui aiment les films de Bertrand Blier ne seront pas tellement surpris, tout en avouant que jamais il n'a \u00e9t\u00e9 si loin ni si fort - les mots sont beaucoup plus puissants que les images. Et c'est ici qu'il faut dire que toutes ces folies sont racont\u00e9es d'une plume magnifique, constamment jubilatoire, - telle que le cher Rabelais reconna\u00eetrait avec bonheur son h\u00e9ritier dans les \u00e9lucubrations de l'abominable Bertrand Blier.","og_url":"https:\/\/chtululu.be\/index.php\/produit\/existe-en-blanc\/","og_site_name":"Le Chtululu","article_modified_time":"2021-01-30T21:08:02+00:00","og_image":[{"width":200,"height":325,"url":"https:\/\/chtululu.be\/wp-content\/uploads\/2017\/01\/9782221086544.jpg","type":"image\/jpeg"}],"twitter_card":"summary_large_image","schema":{"@context":"https:\/\/schema.org","@graph":[{"@type":"WebPage","@id":"https:\/\/chtululu.be\/index.php\/produit\/existe-en-blanc\/","url":"https:\/\/chtululu.be\/index.php\/produit\/existe-en-blanc\/","name":"Existe en blanc - Le Chtululu","isPartOf":{"@id":"https:\/\/chtululu.be\/#website"},"primaryImageOfPage":{"@id":"https:\/\/chtululu.be\/index.php\/produit\/existe-en-blanc\/#primaryimage"},"image":{"@id":"https:\/\/chtululu.be\/index.php\/produit\/existe-en-blanc\/#primaryimage"},"thumbnailUrl":"https:\/\/chtululu.be\/wp-content\/uploads\/2017\/01\/9782221086544.jpg","datePublished":"2017-01-03T21:21:49+00:00","dateModified":"2021-01-30T21:08:02+00:00","breadcrumb":{"@id":"https:\/\/chtululu.be\/index.php\/produit\/existe-en-blanc\/#breadcrumb"},"inLanguage":"fr-FR","potentialAction":[{"@type":"ReadAction","target":["https:\/\/chtululu.be\/index.php\/produit\/existe-en-blanc\/"]}]},{"@type":"ImageObject","inLanguage":"fr-FR","@id":"https:\/\/chtululu.be\/index.php\/produit\/existe-en-blanc\/#primaryimage","url":"https:\/\/chtululu.be\/wp-content\/uploads\/2017\/01\/9782221086544.jpg","contentUrl":"https:\/\/chtululu.be\/wp-content\/uploads\/2017\/01\/9782221086544.jpg","width":200,"height":325},{"@type":"BreadcrumbList","@id":"https:\/\/chtululu.be\/index.php\/produit\/existe-en-blanc\/#breadcrumb","itemListElement":[{"@type":"ListItem","position":1,"name":"Accueil","item":"https:\/\/chtululu.be\/"},{"@type":"ListItem","position":2,"name":"Les livres","item":"https:\/\/chtululu.be\/index.php\/livres-doccasion\/"},{"@type":"ListItem","position":3,"name":"Existe en blanc"}]},{"@type":"WebSite","@id":"https:\/\/chtululu.be\/#website","url":"https:\/\/chtululu.be\/","name":"Le Chtululu","description":"Votre librairie de seconde main \u00e0 Soignies","publisher":{"@id":"https:\/\/chtululu.be\/#organization"},"potentialAction":[{"@type":"SearchAction","target":{"@type":"EntryPoint","urlTemplate":"https:\/\/chtululu.be\/?s={search_term_string}"},"query-input":{"@type":"PropertyValueSpecification","valueRequired":true,"valueName":"search_term_string"}}],"inLanguage":"fr-FR"},{"@type":"Organization","@id":"https:\/\/chtululu.be\/#organization","name":"Le Chtululu","url":"https:\/\/chtululu.be\/","logo":{"@type":"ImageObject","inLanguage":"fr-FR","@id":"https:\/\/chtululu.be\/#\/schema\/logo\/image\/","url":"https:\/\/chtululu.be\/wp-content\/uploads\/2016\/05\/logo-def-blanc.jpg","contentUrl":"https:\/\/chtululu.be\/wp-content\/uploads\/2016\/05\/logo-def-blanc.jpg","width":2048,"height":1901,"caption":"Le Chtululu"},"image":{"@id":"https:\/\/chtululu.be\/#\/schema\/logo\/image\/"}}]}},"_links":{"self":[{"href":"https:\/\/chtululu.be\/index.php\/wp-json\/wp\/v2\/product\/590","targetHints":{"allow":["GET"]}}],"collection":[{"href":"https:\/\/chtululu.be\/index.php\/wp-json\/wp\/v2\/product"}],"about":[{"href":"https:\/\/chtululu.be\/index.php\/wp-json\/wp\/v2\/types\/product"}],"wp:featuredmedia":[{"embeddable":true,"href":"https:\/\/chtululu.be\/index.php\/wp-json\/wp\/v2\/media\/619"}],"wp:attachment":[{"href":"https:\/\/chtululu.be\/index.php\/wp-json\/wp\/v2\/media?parent=590"}],"wp:term":[{"taxonomy":"product_brand","embeddable":true,"href":"https:\/\/chtululu.be\/index.php\/wp-json\/wp\/v2\/product_brand?post=590"},{"taxonomy":"product_cat","embeddable":true,"href":"https:\/\/chtululu.be\/index.php\/wp-json\/wp\/v2\/product_cat?post=590"},{"taxonomy":"product_tag","embeddable":true,"href":"https:\/\/chtululu.be\/index.php\/wp-json\/wp\/v2\/product_tag?post=590"}],"curies":[{"name":"wp","href":"https:\/\/api.w.org\/{rel}","templated":true}]}}