{"id":584,"date":"2017-01-03T22:21:44","date_gmt":"2017-01-03T21:21:44","guid":{"rendered":"http:\/\/chtululu.be\/index.php\/produit\/en-cuisine\/"},"modified":"2017-01-04T21:38:18","modified_gmt":"2017-01-04T20:38:18","slug":"en-cuisine","status":"publish","type":"product","link":"https:\/\/chtululu.be\/index.php\/produit\/en-cuisine\/","title":{"rendered":"En cuisine"},"content":{"rendered":"","protected":false},"excerpt":{"rendered":"<p><b>Ali Monica<\/b><br \/>\nChef des cuisines de l&rsquo;h\u00f4tel Imp\u00e9rial, un palace plus vraiment \u00e0 la hauteur de sa splendeur d&rsquo;antan, Gabriel Lightfoot doit composer chaque jour avec une \u00e9quipe cosmopolite et<br \/>\nchahuteuse, une petite amie chanteuse qui se pose des questions sur leur relation et un p\u00e8re malade qui lui laisse des messages aussi laconiques que culpabilisants sur son r\u00e9pondeur.<\/p>\n<p>Une mort va faire voler en \u00e9clats son fragile \u00e9quilibre : le corps d&rsquo;un des employ\u00e9s est retrouv\u00e9 dans les sous-sols du restaurant. Une mort solitaire, anonyme, parmi ces travailleurs<br \/>\nimmigr\u00e9s interchangeables. Soudain, Gabriel prend conscience que ses cuisines cachent bien des secrets : trafics en tous genres, prostitution, chantages, violence quotidienne&#8230;<\/p>\n<p>Surgit Lena, une fille de l&rsquo;Est, myst\u00e9rieusement li\u00e9e \u00e0 cette mort. Irr\u00e9sistiblement attir\u00e9 par cette femme en perdition, Gabriel va prendre une d\u00e9cision qui remettra en question tout ce en quoi il avait cru jusqu&rsquo;ici&#8230;<\/p>\n","protected":false},"featured_media":582,"template":"","meta":{"_acf_changed":false,"_exactmetrics_skip_tracking":false,"_exactmetrics_sitenote_active":false,"_exactmetrics_sitenote_note":"","_exactmetrics_sitenote_category":0},"product_brand":[],"product_cat":[24],"product_tag":[54,55],"class_list":{"0":"post-584","1":"product","2":"type-product","3":"status-publish","4":"has-post-thumbnail","6":"product_cat-roman","7":"product_tag-ali-monica","8":"product_tag-cuisine","10":"first","11":"instock","12":"taxable","13":"shipping-taxable","14":"purchasable","15":"product-type-simple"},"acf":[],"yoast_head":"<!-- This site is optimized with the Yoast SEO plugin v26.6 - https:\/\/yoast.com\/wordpress\/plugins\/seo\/ -->\n<title>En cuisine - Le Chtululu<\/title>\n<meta name=\"robots\" content=\"index, follow, max-snippet:-1, max-image-preview:large, max-video-preview:-1\" \/>\n<link rel=\"canonical\" href=\"https:\/\/chtululu.be\/index.php\/produit\/en-cuisine\/\" \/>\n<meta property=\"og:locale\" content=\"fr_FR\" \/>\n<meta property=\"og:type\" content=\"article\" \/>\n<meta property=\"og:title\" content=\"En cuisine - Le Chtululu\" \/>\n<meta property=\"og:description\" content=\"Ali Monica Chef des cuisines de l&#039;h\u00f4tel Imp\u00e9rial, un palace plus vraiment \u00e0 la hauteur de sa splendeur d&#039;antan, Gabriel Lightfoot doit composer chaque jour avec une \u00e9quipe cosmopolite et chahuteuse, une petite amie chanteuse qui se pose des questions sur leur relation et un p\u00e8re malade qui lui laisse des messages aussi laconiques que culpabilisants sur son r\u00e9pondeur.  Une mort va faire voler en \u00e9clats son fragile \u00e9quilibre : le corps d&#039;un des employ\u00e9s est retrouv\u00e9 dans les sous-sols du restaurant. Une mort solitaire, anonyme, parmi ces travailleurs immigr\u00e9s interchangeables. Soudain, Gabriel prend conscience que ses cuisines cachent bien des secrets : trafics en tous genres, prostitution, chantages, violence quotidienne...  Surgit Lena, une fille de l&#039;Est, myst\u00e9rieusement li\u00e9e \u00e0 cette mort. Irr\u00e9sistiblement attir\u00e9 par cette femme en perdition, Gabriel va prendre une d\u00e9cision qui remettra en question tout ce en quoi il avait cru jusqu&#039;ici...\" \/>\n<meta property=\"og:url\" content=\"https:\/\/chtululu.be\/index.php\/produit\/en-cuisine\/\" \/>\n<meta property=\"og:site_name\" content=\"Le Chtululu\" \/>\n<meta property=\"article:modified_time\" content=\"2017-01-04T20:38:18+00:00\" \/>\n<meta property=\"og:image\" content=\"https:\/\/chtululu.be\/wp-content\/uploads\/2017\/01\/En_cuisine.jpg\" \/>\n\t<meta property=\"og:image:width\" content=\"200\" \/>\n\t<meta property=\"og:image:height\" content=\"321\" \/>\n\t<meta property=\"og:image:type\" content=\"image\/jpeg\" \/>\n<meta name=\"twitter:card\" content=\"summary_large_image\" \/>\n<script type=\"application\/ld+json\" class=\"yoast-schema-graph\">{\"@context\":\"https:\/\/schema.org\",\"@graph\":[{\"@type\":\"WebPage\",\"@id\":\"https:\/\/chtululu.be\/index.php\/produit\/en-cuisine\/\",\"url\":\"https:\/\/chtululu.be\/index.php\/produit\/en-cuisine\/\",\"name\":\"En cuisine - Le Chtululu\",\"isPartOf\":{\"@id\":\"https:\/\/chtululu.be\/#website\"},\"primaryImageOfPage\":{\"@id\":\"https:\/\/chtululu.be\/index.php\/produit\/en-cuisine\/#primaryimage\"},\"image\":{\"@id\":\"https:\/\/chtululu.be\/index.php\/produit\/en-cuisine\/#primaryimage\"},\"thumbnailUrl\":\"https:\/\/chtululu.be\/wp-content\/uploads\/2017\/01\/En_cuisine.jpg\",\"datePublished\":\"2017-01-03T21:21:44+00:00\",\"dateModified\":\"2017-01-04T20:38:18+00:00\",\"breadcrumb\":{\"@id\":\"https:\/\/chtululu.be\/index.php\/produit\/en-cuisine\/#breadcrumb\"},\"inLanguage\":\"fr-FR\",\"potentialAction\":[{\"@type\":\"ReadAction\",\"target\":[\"https:\/\/chtululu.be\/index.php\/produit\/en-cuisine\/\"]}]},{\"@type\":\"ImageObject\",\"inLanguage\":\"fr-FR\",\"@id\":\"https:\/\/chtululu.be\/index.php\/produit\/en-cuisine\/#primaryimage\",\"url\":\"https:\/\/chtululu.be\/wp-content\/uploads\/2017\/01\/En_cuisine.jpg\",\"contentUrl\":\"https:\/\/chtululu.be\/wp-content\/uploads\/2017\/01\/En_cuisine.jpg\",\"width\":200,\"height\":321},{\"@type\":\"BreadcrumbList\",\"@id\":\"https:\/\/chtululu.be\/index.php\/produit\/en-cuisine\/#breadcrumb\",\"itemListElement\":[{\"@type\":\"ListItem\",\"position\":1,\"name\":\"Accueil\",\"item\":\"https:\/\/chtululu.be\/\"},{\"@type\":\"ListItem\",\"position\":2,\"name\":\"Les livres\",\"item\":\"https:\/\/chtululu.be\/index.php\/livres-doccasion\/\"},{\"@type\":\"ListItem\",\"position\":3,\"name\":\"En cuisine\"}]},{\"@type\":\"WebSite\",\"@id\":\"https:\/\/chtululu.be\/#website\",\"url\":\"https:\/\/chtululu.be\/\",\"name\":\"Le Chtululu\",\"description\":\"Votre librairie de seconde main \u00e0 Soignies\",\"publisher\":{\"@id\":\"https:\/\/chtululu.be\/#organization\"},\"potentialAction\":[{\"@type\":\"SearchAction\",\"target\":{\"@type\":\"EntryPoint\",\"urlTemplate\":\"https:\/\/chtululu.be\/?s={search_term_string}\"},\"query-input\":{\"@type\":\"PropertyValueSpecification\",\"valueRequired\":true,\"valueName\":\"search_term_string\"}}],\"inLanguage\":\"fr-FR\"},{\"@type\":\"Organization\",\"@id\":\"https:\/\/chtululu.be\/#organization\",\"name\":\"Le Chtululu\",\"url\":\"https:\/\/chtululu.be\/\",\"logo\":{\"@type\":\"ImageObject\",\"inLanguage\":\"fr-FR\",\"@id\":\"https:\/\/chtululu.be\/#\/schema\/logo\/image\/\",\"url\":\"https:\/\/chtululu.be\/wp-content\/uploads\/2016\/05\/logo-def-blanc.jpg\",\"contentUrl\":\"https:\/\/chtululu.be\/wp-content\/uploads\/2016\/05\/logo-def-blanc.jpg\",\"width\":2048,\"height\":1901,\"caption\":\"Le Chtululu\"},\"image\":{\"@id\":\"https:\/\/chtululu.be\/#\/schema\/logo\/image\/\"}}]}<\/script>\n<!-- \/ Yoast SEO plugin. -->","yoast_head_json":{"title":"En cuisine - Le Chtululu","robots":{"index":"index","follow":"follow","max-snippet":"max-snippet:-1","max-image-preview":"max-image-preview:large","max-video-preview":"max-video-preview:-1"},"canonical":"https:\/\/chtululu.be\/index.php\/produit\/en-cuisine\/","og_locale":"fr_FR","og_type":"article","og_title":"En cuisine - Le Chtululu","og_description":"Ali Monica Chef des cuisines de l'h\u00f4tel Imp\u00e9rial, un palace plus vraiment \u00e0 la hauteur de sa splendeur d'antan, Gabriel Lightfoot doit composer chaque jour avec une \u00e9quipe cosmopolite et chahuteuse, une petite amie chanteuse qui se pose des questions sur leur relation et un p\u00e8re malade qui lui laisse des messages aussi laconiques que culpabilisants sur son r\u00e9pondeur.  Une mort va faire voler en \u00e9clats son fragile \u00e9quilibre : le corps d'un des employ\u00e9s est retrouv\u00e9 dans les sous-sols du restaurant. Une mort solitaire, anonyme, parmi ces travailleurs immigr\u00e9s interchangeables. Soudain, Gabriel prend conscience que ses cuisines cachent bien des secrets : trafics en tous genres, prostitution, chantages, violence quotidienne...  Surgit Lena, une fille de l'Est, myst\u00e9rieusement li\u00e9e \u00e0 cette mort. Irr\u00e9sistiblement attir\u00e9 par cette femme en perdition, Gabriel va prendre une d\u00e9cision qui remettra en question tout ce en quoi il avait cru jusqu'ici...","og_url":"https:\/\/chtululu.be\/index.php\/produit\/en-cuisine\/","og_site_name":"Le Chtululu","article_modified_time":"2017-01-04T20:38:18+00:00","og_image":[{"width":200,"height":321,"url":"https:\/\/chtululu.be\/wp-content\/uploads\/2017\/01\/En_cuisine.jpg","type":"image\/jpeg"}],"twitter_card":"summary_large_image","schema":{"@context":"https:\/\/schema.org","@graph":[{"@type":"WebPage","@id":"https:\/\/chtululu.be\/index.php\/produit\/en-cuisine\/","url":"https:\/\/chtululu.be\/index.php\/produit\/en-cuisine\/","name":"En cuisine - Le Chtululu","isPartOf":{"@id":"https:\/\/chtululu.be\/#website"},"primaryImageOfPage":{"@id":"https:\/\/chtululu.be\/index.php\/produit\/en-cuisine\/#primaryimage"},"image":{"@id":"https:\/\/chtululu.be\/index.php\/produit\/en-cuisine\/#primaryimage"},"thumbnailUrl":"https:\/\/chtululu.be\/wp-content\/uploads\/2017\/01\/En_cuisine.jpg","datePublished":"2017-01-03T21:21:44+00:00","dateModified":"2017-01-04T20:38:18+00:00","breadcrumb":{"@id":"https:\/\/chtululu.be\/index.php\/produit\/en-cuisine\/#breadcrumb"},"inLanguage":"fr-FR","potentialAction":[{"@type":"ReadAction","target":["https:\/\/chtululu.be\/index.php\/produit\/en-cuisine\/"]}]},{"@type":"ImageObject","inLanguage":"fr-FR","@id":"https:\/\/chtululu.be\/index.php\/produit\/en-cuisine\/#primaryimage","url":"https:\/\/chtululu.be\/wp-content\/uploads\/2017\/01\/En_cuisine.jpg","contentUrl":"https:\/\/chtululu.be\/wp-content\/uploads\/2017\/01\/En_cuisine.jpg","width":200,"height":321},{"@type":"BreadcrumbList","@id":"https:\/\/chtululu.be\/index.php\/produit\/en-cuisine\/#breadcrumb","itemListElement":[{"@type":"ListItem","position":1,"name":"Accueil","item":"https:\/\/chtululu.be\/"},{"@type":"ListItem","position":2,"name":"Les livres","item":"https:\/\/chtululu.be\/index.php\/livres-doccasion\/"},{"@type":"ListItem","position":3,"name":"En cuisine"}]},{"@type":"WebSite","@id":"https:\/\/chtululu.be\/#website","url":"https:\/\/chtululu.be\/","name":"Le Chtululu","description":"Votre librairie de seconde main \u00e0 Soignies","publisher":{"@id":"https:\/\/chtululu.be\/#organization"},"potentialAction":[{"@type":"SearchAction","target":{"@type":"EntryPoint","urlTemplate":"https:\/\/chtululu.be\/?s={search_term_string}"},"query-input":{"@type":"PropertyValueSpecification","valueRequired":true,"valueName":"search_term_string"}}],"inLanguage":"fr-FR"},{"@type":"Organization","@id":"https:\/\/chtululu.be\/#organization","name":"Le Chtululu","url":"https:\/\/chtululu.be\/","logo":{"@type":"ImageObject","inLanguage":"fr-FR","@id":"https:\/\/chtululu.be\/#\/schema\/logo\/image\/","url":"https:\/\/chtululu.be\/wp-content\/uploads\/2016\/05\/logo-def-blanc.jpg","contentUrl":"https:\/\/chtululu.be\/wp-content\/uploads\/2016\/05\/logo-def-blanc.jpg","width":2048,"height":1901,"caption":"Le Chtululu"},"image":{"@id":"https:\/\/chtululu.be\/#\/schema\/logo\/image\/"}}]}},"_links":{"self":[{"href":"https:\/\/chtululu.be\/index.php\/wp-json\/wp\/v2\/product\/584","targetHints":{"allow":["GET"]}}],"collection":[{"href":"https:\/\/chtululu.be\/index.php\/wp-json\/wp\/v2\/product"}],"about":[{"href":"https:\/\/chtululu.be\/index.php\/wp-json\/wp\/v2\/types\/product"}],"wp:featuredmedia":[{"embeddable":true,"href":"https:\/\/chtululu.be\/index.php\/wp-json\/wp\/v2\/media\/582"}],"wp:attachment":[{"href":"https:\/\/chtululu.be\/index.php\/wp-json\/wp\/v2\/media?parent=584"}],"wp:term":[{"taxonomy":"product_brand","embeddable":true,"href":"https:\/\/chtululu.be\/index.php\/wp-json\/wp\/v2\/product_brand?post=584"},{"taxonomy":"product_cat","embeddable":true,"href":"https:\/\/chtululu.be\/index.php\/wp-json\/wp\/v2\/product_cat?post=584"},{"taxonomy":"product_tag","embeddable":true,"href":"https:\/\/chtululu.be\/index.php\/wp-json\/wp\/v2\/product_tag?post=584"}],"curies":[{"name":"wp","href":"https:\/\/api.w.org\/{rel}","templated":true}]}}