{"id":3294,"date":"2023-01-15T14:54:52","date_gmt":"2023-01-15T13:54:52","guid":{"rendered":"https:\/\/chtululu.be\/?post_type=product&#038;p=3294"},"modified":"2023-01-15T14:59:20","modified_gmt":"2023-01-15T13:59:20","slug":"step-up-love-story","status":"publish","type":"product","link":"https:\/\/chtululu.be\/index.php\/produit\/step-up-love-story\/","title":{"rendered":"Step up love story (16 tomes)"},"content":{"rendered":"<h1 class=\"entryTitle\">Step up love story<\/h1>\n<h2>R\u00e9sum\u00e9 de Step up love story<\/h2>\n<div class=\"description\">\n<div class=\"description\">\n<p class=\"bigsize\">Makoto et Yura font connaissance gr\u00e2ce \u00e0 une agence de rencontres. Timides, ils apprennent \u00e0 se conna\u00eetre, se plaisent et finissent par se marier. Aucun des deux n&rsquo;ose cependant l&rsquo;avouer \u00e0 l&rsquo;autre : ils sont tous les deux vierges&#8230; Maladroits et touchants, ils apprendront peu \u00e0 peu \u00e0 se d\u00e9couvrir et profiteront des conseils pas toujours tr\u00e8s fins de leur famille ou de leurs amis pour enrichir leur univers intime.<\/p>\n<p><em>R\u00e9sum\u00e9 tir\u00e9 de <a href=\"https:\/\/www.manga-news.com\/index.php\/serie\/Step-up-love-story\">Manga-news<\/a><\/em><\/p>\n<\/div>\n<\/div>\n","protected":false},"excerpt":{"rendered":"<p>Step up love story<\/p>\n","protected":false},"featured_media":3295,"template":"","meta":{"_acf_changed":false,"_exactmetrics_skip_tracking":false,"_exactmetrics_sitenote_active":false,"_exactmetrics_sitenote_note":"","_exactmetrics_sitenote_category":0},"product_brand":[],"product_cat":[387],"product_tag":[],"class_list":{"0":"post-3294","1":"product","2":"type-product","3":"status-publish","4":"has-post-thumbnail","6":"product_cat-mangas","8":"first","9":"instock","10":"sold-individually","11":"taxable","12":"shipping-taxable","13":"purchasable","14":"product-type-simple"},"acf":[],"yoast_head":"<!-- This site is optimized with the Yoast SEO plugin v26.6 - https:\/\/yoast.com\/wordpress\/plugins\/seo\/ -->\n<title>La s\u00e9rie Step up love story (16 tomes) en seconde main au Chtululu<\/title>\n<meta name=\"description\" content=\"La s\u00e9rie manga Step up love story (16 tomes) est disponible en seconde main au Chtululu (Soignies), en r\u00e9servation ou \u00e0 la livraison.\" \/>\n<meta name=\"robots\" content=\"index, follow, max-snippet:-1, max-image-preview:large, max-video-preview:-1\" \/>\n<link rel=\"canonical\" href=\"https:\/\/chtululu.be\/index.php\/produit\/step-up-love-story\/\" \/>\n<meta property=\"og:locale\" content=\"fr_FR\" \/>\n<meta property=\"og:type\" content=\"article\" \/>\n<meta property=\"og:title\" content=\"La s\u00e9rie Step up love story (16 tomes) en seconde main au Chtululu\" \/>\n<meta property=\"og:description\" content=\"La s\u00e9rie manga Step up love story (16 tomes) est disponible en seconde main au Chtululu (Soignies), en r\u00e9servation ou \u00e0 la livraison.\" \/>\n<meta property=\"og:url\" content=\"https:\/\/chtululu.be\/index.php\/produit\/step-up-love-story\/\" \/>\n<meta property=\"og:site_name\" content=\"Le Chtululu\" \/>\n<meta property=\"article:modified_time\" content=\"2023-01-15T13:59:20+00:00\" \/>\n<meta property=\"og:image\" content=\"https:\/\/chtululu.be\/wp-content\/uploads\/2023\/01\/love3.jpg\" \/>\n\t<meta property=\"og:image:width\" content=\"1536\" \/>\n\t<meta property=\"og:image:height\" content=\"2048\" \/>\n\t<meta property=\"og:image:type\" content=\"image\/jpeg\" \/>\n<meta name=\"twitter:card\" content=\"summary_large_image\" \/>\n<meta name=\"twitter:label1\" content=\"Dur\u00e9e de lecture estim\u00e9e\" \/>\n\t<meta name=\"twitter:data1\" content=\"1 minute\" \/>\n<script type=\"application\/ld+json\" class=\"yoast-schema-graph\">{\"@context\":\"https:\/\/schema.org\",\"@graph\":[{\"@type\":\"WebPage\",\"@id\":\"https:\/\/chtululu.be\/index.php\/produit\/step-up-love-story\/\",\"url\":\"https:\/\/chtululu.be\/index.php\/produit\/step-up-love-story\/\",\"name\":\"La s\u00e9rie Step up love story (16 tomes) en seconde main au Chtululu\",\"isPartOf\":{\"@id\":\"https:\/\/chtululu.be\/#website\"},\"primaryImageOfPage\":{\"@id\":\"https:\/\/chtululu.be\/index.php\/produit\/step-up-love-story\/#primaryimage\"},\"image\":{\"@id\":\"https:\/\/chtululu.be\/index.php\/produit\/step-up-love-story\/#primaryimage\"},\"thumbnailUrl\":\"https:\/\/chtululu.be\/wp-content\/uploads\/2023\/01\/love3.jpg\",\"datePublished\":\"2023-01-15T13:54:52+00:00\",\"dateModified\":\"2023-01-15T13:59:20+00:00\",\"description\":\"La s\u00e9rie manga Step up love story (16 tomes) est disponible en seconde main au Chtululu (Soignies), en r\u00e9servation ou \u00e0 la livraison.\",\"breadcrumb\":{\"@id\":\"https:\/\/chtululu.be\/index.php\/produit\/step-up-love-story\/#breadcrumb\"},\"inLanguage\":\"fr-FR\",\"potentialAction\":[{\"@type\":\"ReadAction\",\"target\":[\"https:\/\/chtululu.be\/index.php\/produit\/step-up-love-story\/\"]}]},{\"@type\":\"ImageObject\",\"inLanguage\":\"fr-FR\",\"@id\":\"https:\/\/chtululu.be\/index.php\/produit\/step-up-love-story\/#primaryimage\",\"url\":\"https:\/\/chtululu.be\/wp-content\/uploads\/2023\/01\/love3.jpg\",\"contentUrl\":\"https:\/\/chtululu.be\/wp-content\/uploads\/2023\/01\/love3.jpg\",\"width\":1536,\"height\":2048,\"caption\":\"Step up love story\"},{\"@type\":\"BreadcrumbList\",\"@id\":\"https:\/\/chtululu.be\/index.php\/produit\/step-up-love-story\/#breadcrumb\",\"itemListElement\":[{\"@type\":\"ListItem\",\"position\":1,\"name\":\"Accueil\",\"item\":\"https:\/\/chtululu.be\/\"},{\"@type\":\"ListItem\",\"position\":2,\"name\":\"Les livres\",\"item\":\"https:\/\/chtululu.be\/index.php\/livres-doccasion\/\"},{\"@type\":\"ListItem\",\"position\":3,\"name\":\"Step up love story (16 tomes)\"}]},{\"@type\":\"WebSite\",\"@id\":\"https:\/\/chtululu.be\/#website\",\"url\":\"https:\/\/chtululu.be\/\",\"name\":\"Le Chtululu\",\"description\":\"Votre librairie de seconde main \u00e0 Soignies\",\"publisher\":{\"@id\":\"https:\/\/chtululu.be\/#organization\"},\"potentialAction\":[{\"@type\":\"SearchAction\",\"target\":{\"@type\":\"EntryPoint\",\"urlTemplate\":\"https:\/\/chtululu.be\/?s={search_term_string}\"},\"query-input\":{\"@type\":\"PropertyValueSpecification\",\"valueRequired\":true,\"valueName\":\"search_term_string\"}}],\"inLanguage\":\"fr-FR\"},{\"@type\":\"Organization\",\"@id\":\"https:\/\/chtululu.be\/#organization\",\"name\":\"Le Chtululu\",\"url\":\"https:\/\/chtululu.be\/\",\"logo\":{\"@type\":\"ImageObject\",\"inLanguage\":\"fr-FR\",\"@id\":\"https:\/\/chtululu.be\/#\/schema\/logo\/image\/\",\"url\":\"https:\/\/chtululu.be\/wp-content\/uploads\/2016\/05\/logo-def-blanc.jpg\",\"contentUrl\":\"https:\/\/chtululu.be\/wp-content\/uploads\/2016\/05\/logo-def-blanc.jpg\",\"width\":2048,\"height\":1901,\"caption\":\"Le Chtululu\"},\"image\":{\"@id\":\"https:\/\/chtululu.be\/#\/schema\/logo\/image\/\"}}]}<\/script>\n<!-- \/ Yoast SEO plugin. -->","yoast_head_json":{"title":"La s\u00e9rie Step up love story (16 tomes) en seconde main au Chtululu","description":"La s\u00e9rie manga Step up love story (16 tomes) est disponible en seconde main au Chtululu (Soignies), en r\u00e9servation ou \u00e0 la livraison.","robots":{"index":"index","follow":"follow","max-snippet":"max-snippet:-1","max-image-preview":"max-image-preview:large","max-video-preview":"max-video-preview:-1"},"canonical":"https:\/\/chtululu.be\/index.php\/produit\/step-up-love-story\/","og_locale":"fr_FR","og_type":"article","og_title":"La s\u00e9rie Step up love story (16 tomes) en seconde main au Chtululu","og_description":"La s\u00e9rie manga Step up love story (16 tomes) est disponible en seconde main au Chtululu (Soignies), en r\u00e9servation ou \u00e0 la livraison.","og_url":"https:\/\/chtululu.be\/index.php\/produit\/step-up-love-story\/","og_site_name":"Le Chtululu","article_modified_time":"2023-01-15T13:59:20+00:00","og_image":[{"width":1536,"height":2048,"url":"https:\/\/chtululu.be\/wp-content\/uploads\/2023\/01\/love3.jpg","type":"image\/jpeg"}],"twitter_card":"summary_large_image","twitter_misc":{"Dur\u00e9e de lecture estim\u00e9e":"1 minute"},"schema":{"@context":"https:\/\/schema.org","@graph":[{"@type":"WebPage","@id":"https:\/\/chtululu.be\/index.php\/produit\/step-up-love-story\/","url":"https:\/\/chtululu.be\/index.php\/produit\/step-up-love-story\/","name":"La s\u00e9rie Step up love story (16 tomes) en seconde main au Chtululu","isPartOf":{"@id":"https:\/\/chtululu.be\/#website"},"primaryImageOfPage":{"@id":"https:\/\/chtululu.be\/index.php\/produit\/step-up-love-story\/#primaryimage"},"image":{"@id":"https:\/\/chtululu.be\/index.php\/produit\/step-up-love-story\/#primaryimage"},"thumbnailUrl":"https:\/\/chtululu.be\/wp-content\/uploads\/2023\/01\/love3.jpg","datePublished":"2023-01-15T13:54:52+00:00","dateModified":"2023-01-15T13:59:20+00:00","description":"La s\u00e9rie manga Step up love story (16 tomes) est disponible en seconde main au Chtululu (Soignies), en r\u00e9servation ou \u00e0 la livraison.","breadcrumb":{"@id":"https:\/\/chtululu.be\/index.php\/produit\/step-up-love-story\/#breadcrumb"},"inLanguage":"fr-FR","potentialAction":[{"@type":"ReadAction","target":["https:\/\/chtululu.be\/index.php\/produit\/step-up-love-story\/"]}]},{"@type":"ImageObject","inLanguage":"fr-FR","@id":"https:\/\/chtululu.be\/index.php\/produit\/step-up-love-story\/#primaryimage","url":"https:\/\/chtululu.be\/wp-content\/uploads\/2023\/01\/love3.jpg","contentUrl":"https:\/\/chtululu.be\/wp-content\/uploads\/2023\/01\/love3.jpg","width":1536,"height":2048,"caption":"Step up love story"},{"@type":"BreadcrumbList","@id":"https:\/\/chtululu.be\/index.php\/produit\/step-up-love-story\/#breadcrumb","itemListElement":[{"@type":"ListItem","position":1,"name":"Accueil","item":"https:\/\/chtululu.be\/"},{"@type":"ListItem","position":2,"name":"Les livres","item":"https:\/\/chtululu.be\/index.php\/livres-doccasion\/"},{"@type":"ListItem","position":3,"name":"Step up love story (16 tomes)"}]},{"@type":"WebSite","@id":"https:\/\/chtululu.be\/#website","url":"https:\/\/chtululu.be\/","name":"Le Chtululu","description":"Votre librairie de seconde main \u00e0 Soignies","publisher":{"@id":"https:\/\/chtululu.be\/#organization"},"potentialAction":[{"@type":"SearchAction","target":{"@type":"EntryPoint","urlTemplate":"https:\/\/chtululu.be\/?s={search_term_string}"},"query-input":{"@type":"PropertyValueSpecification","valueRequired":true,"valueName":"search_term_string"}}],"inLanguage":"fr-FR"},{"@type":"Organization","@id":"https:\/\/chtululu.be\/#organization","name":"Le Chtululu","url":"https:\/\/chtululu.be\/","logo":{"@type":"ImageObject","inLanguage":"fr-FR","@id":"https:\/\/chtululu.be\/#\/schema\/logo\/image\/","url":"https:\/\/chtululu.be\/wp-content\/uploads\/2016\/05\/logo-def-blanc.jpg","contentUrl":"https:\/\/chtululu.be\/wp-content\/uploads\/2016\/05\/logo-def-blanc.jpg","width":2048,"height":1901,"caption":"Le Chtululu"},"image":{"@id":"https:\/\/chtululu.be\/#\/schema\/logo\/image\/"}}]}},"_links":{"self":[{"href":"https:\/\/chtululu.be\/index.php\/wp-json\/wp\/v2\/product\/3294","targetHints":{"allow":["GET"]}}],"collection":[{"href":"https:\/\/chtululu.be\/index.php\/wp-json\/wp\/v2\/product"}],"about":[{"href":"https:\/\/chtululu.be\/index.php\/wp-json\/wp\/v2\/types\/product"}],"wp:featuredmedia":[{"embeddable":true,"href":"https:\/\/chtululu.be\/index.php\/wp-json\/wp\/v2\/media\/3295"}],"wp:attachment":[{"href":"https:\/\/chtululu.be\/index.php\/wp-json\/wp\/v2\/media?parent=3294"}],"wp:term":[{"taxonomy":"product_brand","embeddable":true,"href":"https:\/\/chtululu.be\/index.php\/wp-json\/wp\/v2\/product_brand?post=3294"},{"taxonomy":"product_cat","embeddable":true,"href":"https:\/\/chtululu.be\/index.php\/wp-json\/wp\/v2\/product_cat?post=3294"},{"taxonomy":"product_tag","embeddable":true,"href":"https:\/\/chtululu.be\/index.php\/wp-json\/wp\/v2\/product_tag?post=3294"}],"curies":[{"name":"wp","href":"https:\/\/api.w.org\/{rel}","templated":true}]}}