{"id":3269,"date":"2023-01-08T11:49:50","date_gmt":"2023-01-08T10:49:50","guid":{"rendered":"https:\/\/chtululu.be\/?post_type=product&#038;p=3269"},"modified":"2023-05-18T15:04:55","modified_gmt":"2023-05-18T14:04:55","slug":"card-captor-sakura-12-tomes-serie-complete","status":"publish","type":"product","link":"https:\/\/chtululu.be\/index.php\/produit\/card-captor-sakura-12-tomes-serie-complete\/","title":{"rendered":"Card Captor Sakura (12 tomes &#8211; S\u00e9rie compl\u00e8te)"},"content":{"rendered":"<h1 class=\"entryTitle\">Card Captor Sakura<\/h1>\n<h2>R\u00e9sum\u00e9 de Card Captor Sakura<\/h2>\n<div class=\"description\">\n<div class=\"description\">\n<p class=\"bigsize\">Alors qu&rsquo;elle feuillette un livre myst\u00e9rieux, Sakura, jeune \u00e9l\u00e8ve de CM1, disperse aux quatre vents des dizaines de cartes magiques, qu&rsquo;elle va devoir essayer de r\u00e9cup\u00e9rer au plus vite. Accompagn\u00e9e de K\u00e9lo, un petit animal \u00e9trange, et de son amie Tomoyo, la jeune fille devra apprendre \u00e0 ma\u00eetriser au mieux ses pouvoirs magiques. C&rsquo;est que les esprits des cartes, enfin libres, sont peu enclins \u00e0 se laisser capturer&#8230; Mais toute la d\u00e9termination et l&rsquo;ing\u00e9niosit\u00e9 de Sakura feront d&rsquo;elle une vraie h\u00e9ro\u00efne !<\/p>\n<p><em>R\u00e9sum\u00e9 tir\u00e9 de <a href=\"https:\/\/www.manga-news.com\/index.php\/serie\/Card-Captor-Sakura\">Manga-news<\/a><\/em><\/p>\n<\/div>\n<\/div>\n","protected":false},"excerpt":{"rendered":"<p>Card Captor Sakura<\/p>\n","protected":false},"featured_media":3270,"template":"","meta":{"_acf_changed":false,"_exactmetrics_skip_tracking":false,"_exactmetrics_sitenote_active":false,"_exactmetrics_sitenote_note":"","_exactmetrics_sitenote_category":0},"product_brand":[],"product_cat":[387],"product_tag":[],"class_list":{"0":"post-3269","1":"product","2":"type-product","3":"status-publish","4":"has-post-thumbnail","6":"product_cat-mangas","8":"first","9":"outofstock","10":"sold-individually","11":"taxable","12":"shipping-taxable","13":"purchasable","14":"product-type-simple"},"acf":[],"yoast_head":"<!-- This site is optimized with the Yoast SEO plugin v26.6 - https:\/\/yoast.com\/wordpress\/plugins\/seo\/ -->\n<title>La s\u00e9rie Card Captor Sakura (12 tomes) en seconde main au Chtululu<\/title>\n<meta name=\"description\" content=\"La s\u00e9rie manga Card Captor Sakura (12 tomes) est disponible en seconde main au Chtululu (Soignies), en r\u00e9servation ou \u00e0 la livraison.\" \/>\n<meta name=\"robots\" content=\"index, follow, max-snippet:-1, max-image-preview:large, max-video-preview:-1\" \/>\n<link rel=\"canonical\" href=\"https:\/\/chtululu.be\/index.php\/produit\/card-captor-sakura-12-tomes-serie-complete\/\" \/>\n<meta property=\"og:locale\" content=\"fr_FR\" \/>\n<meta property=\"og:type\" content=\"article\" \/>\n<meta property=\"og:title\" content=\"La s\u00e9rie Card Captor Sakura (12 tomes) en seconde main au Chtululu\" \/>\n<meta property=\"og:description\" content=\"La s\u00e9rie manga Card Captor Sakura (12 tomes) est disponible en seconde main au Chtululu (Soignies), en r\u00e9servation ou \u00e0 la livraison.\" \/>\n<meta property=\"og:url\" content=\"https:\/\/chtululu.be\/index.php\/produit\/card-captor-sakura-12-tomes-serie-complete\/\" \/>\n<meta property=\"og:site_name\" content=\"Le Chtululu\" \/>\n<meta property=\"article:modified_time\" content=\"2023-05-18T14:04:55+00:00\" \/>\n<meta property=\"og:image\" content=\"https:\/\/chtululu.be\/wp-content\/uploads\/2023\/01\/card.jpg\" \/>\n\t<meta property=\"og:image:width\" content=\"2048\" \/>\n\t<meta property=\"og:image:height\" content=\"1536\" \/>\n\t<meta property=\"og:image:type\" content=\"image\/jpeg\" \/>\n<meta name=\"twitter:card\" content=\"summary_large_image\" \/>\n<meta name=\"twitter:label1\" content=\"Dur\u00e9e de lecture estim\u00e9e\" \/>\n\t<meta name=\"twitter:data1\" content=\"1 minute\" \/>\n<script type=\"application\/ld+json\" class=\"yoast-schema-graph\">{\"@context\":\"https:\/\/schema.org\",\"@graph\":[{\"@type\":\"WebPage\",\"@id\":\"https:\/\/chtululu.be\/index.php\/produit\/card-captor-sakura-12-tomes-serie-complete\/\",\"url\":\"https:\/\/chtululu.be\/index.php\/produit\/card-captor-sakura-12-tomes-serie-complete\/\",\"name\":\"La s\u00e9rie Card Captor Sakura (12 tomes) en seconde main au Chtululu\",\"isPartOf\":{\"@id\":\"https:\/\/chtululu.be\/#website\"},\"primaryImageOfPage\":{\"@id\":\"https:\/\/chtululu.be\/index.php\/produit\/card-captor-sakura-12-tomes-serie-complete\/#primaryimage\"},\"image\":{\"@id\":\"https:\/\/chtululu.be\/index.php\/produit\/card-captor-sakura-12-tomes-serie-complete\/#primaryimage\"},\"thumbnailUrl\":\"https:\/\/chtululu.be\/wp-content\/uploads\/2023\/01\/card.jpg\",\"datePublished\":\"2023-01-08T10:49:50+00:00\",\"dateModified\":\"2023-05-18T14:04:55+00:00\",\"description\":\"La s\u00e9rie manga Card Captor Sakura (12 tomes) est disponible en seconde main au Chtululu (Soignies), en r\u00e9servation ou \u00e0 la livraison.\",\"breadcrumb\":{\"@id\":\"https:\/\/chtululu.be\/index.php\/produit\/card-captor-sakura-12-tomes-serie-complete\/#breadcrumb\"},\"inLanguage\":\"fr-FR\",\"potentialAction\":[{\"@type\":\"ReadAction\",\"target\":[\"https:\/\/chtululu.be\/index.php\/produit\/card-captor-sakura-12-tomes-serie-complete\/\"]}]},{\"@type\":\"ImageObject\",\"inLanguage\":\"fr-FR\",\"@id\":\"https:\/\/chtululu.be\/index.php\/produit\/card-captor-sakura-12-tomes-serie-complete\/#primaryimage\",\"url\":\"https:\/\/chtululu.be\/wp-content\/uploads\/2023\/01\/card.jpg\",\"contentUrl\":\"https:\/\/chtululu.be\/wp-content\/uploads\/2023\/01\/card.jpg\",\"width\":2048,\"height\":1536,\"caption\":\"Card Captor Sakura\"},{\"@type\":\"BreadcrumbList\",\"@id\":\"https:\/\/chtululu.be\/index.php\/produit\/card-captor-sakura-12-tomes-serie-complete\/#breadcrumb\",\"itemListElement\":[{\"@type\":\"ListItem\",\"position\":1,\"name\":\"Accueil\",\"item\":\"https:\/\/chtululu.be\/\"},{\"@type\":\"ListItem\",\"position\":2,\"name\":\"Les livres\",\"item\":\"https:\/\/chtululu.be\/index.php\/livres-doccasion\/\"},{\"@type\":\"ListItem\",\"position\":3,\"name\":\"Card Captor Sakura (12 tomes &#8211; S\u00e9rie compl\u00e8te)\"}]},{\"@type\":\"WebSite\",\"@id\":\"https:\/\/chtululu.be\/#website\",\"url\":\"https:\/\/chtululu.be\/\",\"name\":\"Le Chtululu\",\"description\":\"Votre librairie de seconde main \u00e0 Soignies\",\"publisher\":{\"@id\":\"https:\/\/chtululu.be\/#organization\"},\"potentialAction\":[{\"@type\":\"SearchAction\",\"target\":{\"@type\":\"EntryPoint\",\"urlTemplate\":\"https:\/\/chtululu.be\/?s={search_term_string}\"},\"query-input\":{\"@type\":\"PropertyValueSpecification\",\"valueRequired\":true,\"valueName\":\"search_term_string\"}}],\"inLanguage\":\"fr-FR\"},{\"@type\":\"Organization\",\"@id\":\"https:\/\/chtululu.be\/#organization\",\"name\":\"Le Chtululu\",\"url\":\"https:\/\/chtululu.be\/\",\"logo\":{\"@type\":\"ImageObject\",\"inLanguage\":\"fr-FR\",\"@id\":\"https:\/\/chtululu.be\/#\/schema\/logo\/image\/\",\"url\":\"https:\/\/chtululu.be\/wp-content\/uploads\/2016\/05\/logo-def-blanc.jpg\",\"contentUrl\":\"https:\/\/chtululu.be\/wp-content\/uploads\/2016\/05\/logo-def-blanc.jpg\",\"width\":2048,\"height\":1901,\"caption\":\"Le Chtululu\"},\"image\":{\"@id\":\"https:\/\/chtululu.be\/#\/schema\/logo\/image\/\"}}]}<\/script>\n<!-- \/ Yoast SEO plugin. -->","yoast_head_json":{"title":"La s\u00e9rie Card Captor Sakura (12 tomes) en seconde main au Chtululu","description":"La s\u00e9rie manga Card Captor Sakura (12 tomes) est disponible en seconde main au Chtululu (Soignies), en r\u00e9servation ou \u00e0 la livraison.","robots":{"index":"index","follow":"follow","max-snippet":"max-snippet:-1","max-image-preview":"max-image-preview:large","max-video-preview":"max-video-preview:-1"},"canonical":"https:\/\/chtululu.be\/index.php\/produit\/card-captor-sakura-12-tomes-serie-complete\/","og_locale":"fr_FR","og_type":"article","og_title":"La s\u00e9rie Card Captor Sakura (12 tomes) en seconde main au Chtululu","og_description":"La s\u00e9rie manga Card Captor Sakura (12 tomes) est disponible en seconde main au Chtululu (Soignies), en r\u00e9servation ou \u00e0 la livraison.","og_url":"https:\/\/chtululu.be\/index.php\/produit\/card-captor-sakura-12-tomes-serie-complete\/","og_site_name":"Le Chtululu","article_modified_time":"2023-05-18T14:04:55+00:00","og_image":[{"width":2048,"height":1536,"url":"https:\/\/chtululu.be\/wp-content\/uploads\/2023\/01\/card.jpg","type":"image\/jpeg"}],"twitter_card":"summary_large_image","twitter_misc":{"Dur\u00e9e de lecture estim\u00e9e":"1 minute"},"schema":{"@context":"https:\/\/schema.org","@graph":[{"@type":"WebPage","@id":"https:\/\/chtululu.be\/index.php\/produit\/card-captor-sakura-12-tomes-serie-complete\/","url":"https:\/\/chtululu.be\/index.php\/produit\/card-captor-sakura-12-tomes-serie-complete\/","name":"La s\u00e9rie Card Captor Sakura (12 tomes) en seconde main au Chtululu","isPartOf":{"@id":"https:\/\/chtululu.be\/#website"},"primaryImageOfPage":{"@id":"https:\/\/chtululu.be\/index.php\/produit\/card-captor-sakura-12-tomes-serie-complete\/#primaryimage"},"image":{"@id":"https:\/\/chtululu.be\/index.php\/produit\/card-captor-sakura-12-tomes-serie-complete\/#primaryimage"},"thumbnailUrl":"https:\/\/chtululu.be\/wp-content\/uploads\/2023\/01\/card.jpg","datePublished":"2023-01-08T10:49:50+00:00","dateModified":"2023-05-18T14:04:55+00:00","description":"La s\u00e9rie manga Card Captor Sakura (12 tomes) est disponible en seconde main au Chtululu (Soignies), en r\u00e9servation ou \u00e0 la livraison.","breadcrumb":{"@id":"https:\/\/chtululu.be\/index.php\/produit\/card-captor-sakura-12-tomes-serie-complete\/#breadcrumb"},"inLanguage":"fr-FR","potentialAction":[{"@type":"ReadAction","target":["https:\/\/chtululu.be\/index.php\/produit\/card-captor-sakura-12-tomes-serie-complete\/"]}]},{"@type":"ImageObject","inLanguage":"fr-FR","@id":"https:\/\/chtululu.be\/index.php\/produit\/card-captor-sakura-12-tomes-serie-complete\/#primaryimage","url":"https:\/\/chtululu.be\/wp-content\/uploads\/2023\/01\/card.jpg","contentUrl":"https:\/\/chtululu.be\/wp-content\/uploads\/2023\/01\/card.jpg","width":2048,"height":1536,"caption":"Card Captor Sakura"},{"@type":"BreadcrumbList","@id":"https:\/\/chtululu.be\/index.php\/produit\/card-captor-sakura-12-tomes-serie-complete\/#breadcrumb","itemListElement":[{"@type":"ListItem","position":1,"name":"Accueil","item":"https:\/\/chtululu.be\/"},{"@type":"ListItem","position":2,"name":"Les livres","item":"https:\/\/chtululu.be\/index.php\/livres-doccasion\/"},{"@type":"ListItem","position":3,"name":"Card Captor Sakura (12 tomes &#8211; S\u00e9rie compl\u00e8te)"}]},{"@type":"WebSite","@id":"https:\/\/chtululu.be\/#website","url":"https:\/\/chtululu.be\/","name":"Le Chtululu","description":"Votre librairie de seconde main \u00e0 Soignies","publisher":{"@id":"https:\/\/chtululu.be\/#organization"},"potentialAction":[{"@type":"SearchAction","target":{"@type":"EntryPoint","urlTemplate":"https:\/\/chtululu.be\/?s={search_term_string}"},"query-input":{"@type":"PropertyValueSpecification","valueRequired":true,"valueName":"search_term_string"}}],"inLanguage":"fr-FR"},{"@type":"Organization","@id":"https:\/\/chtululu.be\/#organization","name":"Le Chtululu","url":"https:\/\/chtululu.be\/","logo":{"@type":"ImageObject","inLanguage":"fr-FR","@id":"https:\/\/chtululu.be\/#\/schema\/logo\/image\/","url":"https:\/\/chtululu.be\/wp-content\/uploads\/2016\/05\/logo-def-blanc.jpg","contentUrl":"https:\/\/chtululu.be\/wp-content\/uploads\/2016\/05\/logo-def-blanc.jpg","width":2048,"height":1901,"caption":"Le Chtululu"},"image":{"@id":"https:\/\/chtululu.be\/#\/schema\/logo\/image\/"}}]}},"_links":{"self":[{"href":"https:\/\/chtululu.be\/index.php\/wp-json\/wp\/v2\/product\/3269","targetHints":{"allow":["GET"]}}],"collection":[{"href":"https:\/\/chtululu.be\/index.php\/wp-json\/wp\/v2\/product"}],"about":[{"href":"https:\/\/chtululu.be\/index.php\/wp-json\/wp\/v2\/types\/product"}],"wp:featuredmedia":[{"embeddable":true,"href":"https:\/\/chtululu.be\/index.php\/wp-json\/wp\/v2\/media\/3270"}],"wp:attachment":[{"href":"https:\/\/chtululu.be\/index.php\/wp-json\/wp\/v2\/media?parent=3269"}],"wp:term":[{"taxonomy":"product_brand","embeddable":true,"href":"https:\/\/chtululu.be\/index.php\/wp-json\/wp\/v2\/product_brand?post=3269"},{"taxonomy":"product_cat","embeddable":true,"href":"https:\/\/chtululu.be\/index.php\/wp-json\/wp\/v2\/product_cat?post=3269"},{"taxonomy":"product_tag","embeddable":true,"href":"https:\/\/chtululu.be\/index.php\/wp-json\/wp\/v2\/product_tag?post=3269"}],"curies":[{"name":"wp","href":"https:\/\/api.w.org\/{rel}","templated":true}]}}