{"id":3265,"date":"2023-01-08T11:43:01","date_gmt":"2023-01-08T10:43:01","guid":{"rendered":"https:\/\/chtululu.be\/?post_type=product&#038;p=3265"},"modified":"2023-10-01T16:08:14","modified_gmt":"2023-10-01T15:08:14","slug":"fushigi-yugi-du-tome-4-a-17","status":"publish","type":"product","link":"https:\/\/chtululu.be\/index.php\/produit\/fushigi-yugi-du-tome-4-a-17\/","title":{"rendered":"Fushigi Yugi (du tome 4 \u00e0 17)"},"content":{"rendered":"<h1 class=\"entryTitle\">Fushigi Yugi<\/h1>\n<h2>R\u00e9sum\u00e9 de Fushigi Yugi<\/h2>\n<div class=\"description\">\n<div class=\"description\">\n<p class=\"bigsize\">Miaka est une coll\u00e9gienne insouciante comme les autres. En attendant le grand amour, elle mange beaucoup et travaille dur pour rentrer dans un lyc\u00e9e r\u00e9put\u00e9 et faire plaisir \u00e0 sa m\u00e8re. Mais sa vie bascule lorsqu\u2019avec son amie Yui, elles se retrouvent propuls\u00e9es \u00e0 l&rsquo;int\u00e9rieur d&rsquo;un livre dont elles deviennent malgr\u00e9 elle les principales h\u00e9ro\u00efnes. Miaka en tant que pr\u00eatresse du dieu Suzaku, doit l\u2019invoquer pour sauver le pays de K\u00f4nan et d\u00e9couvrir le moyen de rentrer chez elle.<\/p>\n<p><em>R\u00e9sum\u00e9 tir\u00e9 de <a href=\"https:\/\/www.manga-news.com\/index.php\/serie\/Fushigi-Yugi\">Manga-news<\/a><\/em><\/p>\n<\/div>\n<\/div>\n","protected":false},"excerpt":{"rendered":"<p>Fushigi Yugi<\/p>\n","protected":false},"featured_media":3266,"template":"","meta":{"_acf_changed":false,"_exactmetrics_skip_tracking":false,"_exactmetrics_sitenote_active":false,"_exactmetrics_sitenote_note":"","_exactmetrics_sitenote_category":0},"product_brand":[],"product_cat":[387],"product_tag":[],"class_list":{"0":"post-3265","1":"product","2":"type-product","3":"status-publish","4":"has-post-thumbnail","6":"product_cat-mangas","8":"first","9":"outofstock","10":"sold-individually","11":"taxable","12":"shipping-taxable","13":"purchasable","14":"product-type-simple"},"acf":[],"yoast_head":"<!-- This site is optimized with the Yoast SEO plugin v26.6 - https:\/\/yoast.com\/wordpress\/plugins\/seo\/ -->\n<title>La s\u00e9rie Fushigi Yugi (14 tomes) en seconde main au Chtululu<\/title>\n<meta name=\"description\" content=\"La s\u00e9rie manga Fushigi Yugi (14 tomes) est disponible en seconde main au Chtululu (Soignies), en r\u00e9servation ou \u00e0 la livraison.\" \/>\n<meta name=\"robots\" content=\"index, follow, max-snippet:-1, max-image-preview:large, max-video-preview:-1\" \/>\n<link rel=\"canonical\" href=\"https:\/\/chtululu.be\/index.php\/produit\/fushigi-yugi-du-tome-4-a-17\/\" \/>\n<meta property=\"og:locale\" content=\"fr_FR\" \/>\n<meta property=\"og:type\" content=\"article\" \/>\n<meta property=\"og:title\" content=\"La s\u00e9rie Fushigi Yugi (14 tomes) en seconde main au Chtululu\" \/>\n<meta property=\"og:description\" content=\"La s\u00e9rie manga Fushigi Yugi (14 tomes) est disponible en seconde main au Chtululu (Soignies), en r\u00e9servation ou \u00e0 la livraison.\" \/>\n<meta property=\"og:url\" content=\"https:\/\/chtululu.be\/index.php\/produit\/fushigi-yugi-du-tome-4-a-17\/\" \/>\n<meta property=\"og:site_name\" content=\"Le Chtululu\" \/>\n<meta property=\"article:modified_time\" content=\"2023-10-01T15:08:14+00:00\" \/>\n<meta property=\"og:image\" content=\"https:\/\/chtululu.be\/wp-content\/uploads\/2023\/01\/manga1-rotated.jpg\" \/>\n\t<meta property=\"og:image:width\" content=\"2048\" \/>\n\t<meta property=\"og:image:height\" content=\"1536\" \/>\n\t<meta property=\"og:image:type\" content=\"image\/jpeg\" \/>\n<meta name=\"twitter:card\" content=\"summary_large_image\" \/>\n<meta name=\"twitter:label1\" content=\"Dur\u00e9e de lecture estim\u00e9e\" \/>\n\t<meta name=\"twitter:data1\" content=\"1 minute\" \/>\n<script type=\"application\/ld+json\" class=\"yoast-schema-graph\">{\"@context\":\"https:\/\/schema.org\",\"@graph\":[{\"@type\":\"WebPage\",\"@id\":\"https:\/\/chtululu.be\/index.php\/produit\/fushigi-yugi-du-tome-4-a-17\/\",\"url\":\"https:\/\/chtululu.be\/index.php\/produit\/fushigi-yugi-du-tome-4-a-17\/\",\"name\":\"La s\u00e9rie Fushigi Yugi (14 tomes) en seconde main au Chtululu\",\"isPartOf\":{\"@id\":\"https:\/\/chtululu.be\/#website\"},\"primaryImageOfPage\":{\"@id\":\"https:\/\/chtululu.be\/index.php\/produit\/fushigi-yugi-du-tome-4-a-17\/#primaryimage\"},\"image\":{\"@id\":\"https:\/\/chtululu.be\/index.php\/produit\/fushigi-yugi-du-tome-4-a-17\/#primaryimage\"},\"thumbnailUrl\":\"https:\/\/chtululu.be\/wp-content\/uploads\/2023\/01\/manga1-rotated.jpg\",\"datePublished\":\"2023-01-08T10:43:01+00:00\",\"dateModified\":\"2023-10-01T15:08:14+00:00\",\"description\":\"La s\u00e9rie manga Fushigi Yugi (14 tomes) est disponible en seconde main au Chtululu (Soignies), en r\u00e9servation ou \u00e0 la livraison.\",\"breadcrumb\":{\"@id\":\"https:\/\/chtululu.be\/index.php\/produit\/fushigi-yugi-du-tome-4-a-17\/#breadcrumb\"},\"inLanguage\":\"fr-FR\",\"potentialAction\":[{\"@type\":\"ReadAction\",\"target\":[\"https:\/\/chtululu.be\/index.php\/produit\/fushigi-yugi-du-tome-4-a-17\/\"]}]},{\"@type\":\"ImageObject\",\"inLanguage\":\"fr-FR\",\"@id\":\"https:\/\/chtululu.be\/index.php\/produit\/fushigi-yugi-du-tome-4-a-17\/#primaryimage\",\"url\":\"https:\/\/chtululu.be\/wp-content\/uploads\/2023\/01\/manga1-rotated.jpg\",\"contentUrl\":\"https:\/\/chtululu.be\/wp-content\/uploads\/2023\/01\/manga1-rotated.jpg\",\"width\":2048,\"height\":1536,\"caption\":\"Fushigi Yugi\"},{\"@type\":\"BreadcrumbList\",\"@id\":\"https:\/\/chtululu.be\/index.php\/produit\/fushigi-yugi-du-tome-4-a-17\/#breadcrumb\",\"itemListElement\":[{\"@type\":\"ListItem\",\"position\":1,\"name\":\"Accueil\",\"item\":\"https:\/\/chtululu.be\/\"},{\"@type\":\"ListItem\",\"position\":2,\"name\":\"Les livres\",\"item\":\"https:\/\/chtululu.be\/index.php\/livres-doccasion\/\"},{\"@type\":\"ListItem\",\"position\":3,\"name\":\"Fushigi Yugi (du tome 4 \u00e0 17)\"}]},{\"@type\":\"WebSite\",\"@id\":\"https:\/\/chtululu.be\/#website\",\"url\":\"https:\/\/chtululu.be\/\",\"name\":\"Le Chtululu\",\"description\":\"Votre librairie de seconde main \u00e0 Soignies\",\"publisher\":{\"@id\":\"https:\/\/chtululu.be\/#organization\"},\"potentialAction\":[{\"@type\":\"SearchAction\",\"target\":{\"@type\":\"EntryPoint\",\"urlTemplate\":\"https:\/\/chtululu.be\/?s={search_term_string}\"},\"query-input\":{\"@type\":\"PropertyValueSpecification\",\"valueRequired\":true,\"valueName\":\"search_term_string\"}}],\"inLanguage\":\"fr-FR\"},{\"@type\":\"Organization\",\"@id\":\"https:\/\/chtululu.be\/#organization\",\"name\":\"Le Chtululu\",\"url\":\"https:\/\/chtululu.be\/\",\"logo\":{\"@type\":\"ImageObject\",\"inLanguage\":\"fr-FR\",\"@id\":\"https:\/\/chtululu.be\/#\/schema\/logo\/image\/\",\"url\":\"https:\/\/chtululu.be\/wp-content\/uploads\/2016\/05\/logo-def-blanc.jpg\",\"contentUrl\":\"https:\/\/chtululu.be\/wp-content\/uploads\/2016\/05\/logo-def-blanc.jpg\",\"width\":2048,\"height\":1901,\"caption\":\"Le Chtululu\"},\"image\":{\"@id\":\"https:\/\/chtululu.be\/#\/schema\/logo\/image\/\"}}]}<\/script>\n<!-- \/ Yoast SEO plugin. -->","yoast_head_json":{"title":"La s\u00e9rie Fushigi Yugi (14 tomes) en seconde main au Chtululu","description":"La s\u00e9rie manga Fushigi Yugi (14 tomes) est disponible en seconde main au Chtululu (Soignies), en r\u00e9servation ou \u00e0 la livraison.","robots":{"index":"index","follow":"follow","max-snippet":"max-snippet:-1","max-image-preview":"max-image-preview:large","max-video-preview":"max-video-preview:-1"},"canonical":"https:\/\/chtululu.be\/index.php\/produit\/fushigi-yugi-du-tome-4-a-17\/","og_locale":"fr_FR","og_type":"article","og_title":"La s\u00e9rie Fushigi Yugi (14 tomes) en seconde main au Chtululu","og_description":"La s\u00e9rie manga Fushigi Yugi (14 tomes) est disponible en seconde main au Chtululu (Soignies), en r\u00e9servation ou \u00e0 la livraison.","og_url":"https:\/\/chtululu.be\/index.php\/produit\/fushigi-yugi-du-tome-4-a-17\/","og_site_name":"Le Chtululu","article_modified_time":"2023-10-01T15:08:14+00:00","og_image":[{"width":2048,"height":1536,"url":"https:\/\/chtululu.be\/wp-content\/uploads\/2023\/01\/manga1-rotated.jpg","type":"image\/jpeg"}],"twitter_card":"summary_large_image","twitter_misc":{"Dur\u00e9e de lecture estim\u00e9e":"1 minute"},"schema":{"@context":"https:\/\/schema.org","@graph":[{"@type":"WebPage","@id":"https:\/\/chtululu.be\/index.php\/produit\/fushigi-yugi-du-tome-4-a-17\/","url":"https:\/\/chtululu.be\/index.php\/produit\/fushigi-yugi-du-tome-4-a-17\/","name":"La s\u00e9rie Fushigi Yugi (14 tomes) en seconde main au Chtululu","isPartOf":{"@id":"https:\/\/chtululu.be\/#website"},"primaryImageOfPage":{"@id":"https:\/\/chtululu.be\/index.php\/produit\/fushigi-yugi-du-tome-4-a-17\/#primaryimage"},"image":{"@id":"https:\/\/chtululu.be\/index.php\/produit\/fushigi-yugi-du-tome-4-a-17\/#primaryimage"},"thumbnailUrl":"https:\/\/chtululu.be\/wp-content\/uploads\/2023\/01\/manga1-rotated.jpg","datePublished":"2023-01-08T10:43:01+00:00","dateModified":"2023-10-01T15:08:14+00:00","description":"La s\u00e9rie manga Fushigi Yugi (14 tomes) est disponible en seconde main au Chtululu (Soignies), en r\u00e9servation ou \u00e0 la livraison.","breadcrumb":{"@id":"https:\/\/chtululu.be\/index.php\/produit\/fushigi-yugi-du-tome-4-a-17\/#breadcrumb"},"inLanguage":"fr-FR","potentialAction":[{"@type":"ReadAction","target":["https:\/\/chtululu.be\/index.php\/produit\/fushigi-yugi-du-tome-4-a-17\/"]}]},{"@type":"ImageObject","inLanguage":"fr-FR","@id":"https:\/\/chtululu.be\/index.php\/produit\/fushigi-yugi-du-tome-4-a-17\/#primaryimage","url":"https:\/\/chtululu.be\/wp-content\/uploads\/2023\/01\/manga1-rotated.jpg","contentUrl":"https:\/\/chtululu.be\/wp-content\/uploads\/2023\/01\/manga1-rotated.jpg","width":2048,"height":1536,"caption":"Fushigi Yugi"},{"@type":"BreadcrumbList","@id":"https:\/\/chtululu.be\/index.php\/produit\/fushigi-yugi-du-tome-4-a-17\/#breadcrumb","itemListElement":[{"@type":"ListItem","position":1,"name":"Accueil","item":"https:\/\/chtululu.be\/"},{"@type":"ListItem","position":2,"name":"Les livres","item":"https:\/\/chtululu.be\/index.php\/livres-doccasion\/"},{"@type":"ListItem","position":3,"name":"Fushigi Yugi (du tome 4 \u00e0 17)"}]},{"@type":"WebSite","@id":"https:\/\/chtululu.be\/#website","url":"https:\/\/chtululu.be\/","name":"Le Chtululu","description":"Votre librairie de seconde main \u00e0 Soignies","publisher":{"@id":"https:\/\/chtululu.be\/#organization"},"potentialAction":[{"@type":"SearchAction","target":{"@type":"EntryPoint","urlTemplate":"https:\/\/chtululu.be\/?s={search_term_string}"},"query-input":{"@type":"PropertyValueSpecification","valueRequired":true,"valueName":"search_term_string"}}],"inLanguage":"fr-FR"},{"@type":"Organization","@id":"https:\/\/chtululu.be\/#organization","name":"Le Chtululu","url":"https:\/\/chtululu.be\/","logo":{"@type":"ImageObject","inLanguage":"fr-FR","@id":"https:\/\/chtululu.be\/#\/schema\/logo\/image\/","url":"https:\/\/chtululu.be\/wp-content\/uploads\/2016\/05\/logo-def-blanc.jpg","contentUrl":"https:\/\/chtululu.be\/wp-content\/uploads\/2016\/05\/logo-def-blanc.jpg","width":2048,"height":1901,"caption":"Le Chtululu"},"image":{"@id":"https:\/\/chtululu.be\/#\/schema\/logo\/image\/"}}]}},"_links":{"self":[{"href":"https:\/\/chtululu.be\/index.php\/wp-json\/wp\/v2\/product\/3265","targetHints":{"allow":["GET"]}}],"collection":[{"href":"https:\/\/chtululu.be\/index.php\/wp-json\/wp\/v2\/product"}],"about":[{"href":"https:\/\/chtululu.be\/index.php\/wp-json\/wp\/v2\/types\/product"}],"wp:featuredmedia":[{"embeddable":true,"href":"https:\/\/chtululu.be\/index.php\/wp-json\/wp\/v2\/media\/3266"}],"wp:attachment":[{"href":"https:\/\/chtululu.be\/index.php\/wp-json\/wp\/v2\/media?parent=3265"}],"wp:term":[{"taxonomy":"product_brand","embeddable":true,"href":"https:\/\/chtululu.be\/index.php\/wp-json\/wp\/v2\/product_brand?post=3265"},{"taxonomy":"product_cat","embeddable":true,"href":"https:\/\/chtululu.be\/index.php\/wp-json\/wp\/v2\/product_cat?post=3265"},{"taxonomy":"product_tag","embeddable":true,"href":"https:\/\/chtululu.be\/index.php\/wp-json\/wp\/v2\/product_tag?post=3265"}],"curies":[{"name":"wp","href":"https:\/\/api.w.org\/{rel}","templated":true}]}}