{"id":3251,"date":"2022-12-31T13:35:53","date_gmt":"2022-12-31T12:35:53","guid":{"rendered":"https:\/\/chtululu.be\/?post_type=product&#038;p=3251"},"modified":"2022-12-31T13:48:13","modified_gmt":"2022-12-31T12:48:13","slug":"kenshin-le-vagabond-13-tomes-tomes-4-9-et-de-18-a-28","status":"publish","type":"product","link":"https:\/\/chtululu.be\/index.php\/produit\/kenshin-le-vagabond-13-tomes-tomes-4-9-et-de-18-a-28\/","title":{"rendered":"Kenshin le vagabond (13 tomes &#8211; Tomes 4, 9 et de 18 \u00e0 28)"},"content":{"rendered":"<h1>Kenshin le vagabond<\/h1>\n<p>Tomes:<\/p>\n<ul>\n<li>Tome 4<\/li>\n<li>Tome 9<\/li>\n<li>Tomes 18 \u00e0 28<\/li>\n<\/ul>\n<h2>R\u00e9sum\u00e9 de Kenshin le vagabond<\/h2>\n<div class=\"description\">\n<div class=\"description\">\n<p>Au milieu du si\u00e8cle dernier, le Japon s&rsquo;appr\u00eate \u00e0 entrer dans l&rsquo;\u00e8re Meiji, passant sans transition du Moyen Age \u00e0 l&rsquo;industrialisation. Les samoura\u00efs n&rsquo;ont plus leur place dans cette soci\u00e9t\u00e9 moderne o\u00f9 les guerriers sont moins utiles que les commer\u00e7ants. Sans emploi, n&rsquo;ayant plus le droit de porter le sabre, confront\u00e9s aux fusils et aux canons, les samoura\u00efs vont peu \u00e0 peu dispara\u00eetre pour entrer dans la l\u00e9gende.<br \/>\nKenshin est l&rsquo;un de ces guerriers perdus. Grand ma\u00eetre de sabre il est devenu un vagabond errant sur les routes du Japon. Mais son esprit chevaleresque et son courage vont faire de cet ancien mercenaire un justicier aim\u00e9 et respect\u00e9.<\/p>\n<p><em>R\u00e9sum\u00e9 tir\u00e9 de <a href=\"https:\/\/www.manga-news.com\/index.php\/serie\/Kenshin-le-vagabond\">Manga-news<\/a><\/em><\/p>\n<\/div>\n<\/div>\n","protected":false},"excerpt":{"rendered":"<p>Kenshin le vagabond<\/p>\n","protected":false},"featured_media":3252,"template":"","meta":{"_acf_changed":false,"_exactmetrics_skip_tracking":false,"_exactmetrics_sitenote_active":false,"_exactmetrics_sitenote_note":"","_exactmetrics_sitenote_category":0},"product_brand":[],"product_cat":[387],"product_tag":[],"class_list":{"0":"post-3251","1":"product","2":"type-product","3":"status-publish","4":"has-post-thumbnail","6":"product_cat-mangas","8":"first","9":"instock","10":"sold-individually","11":"taxable","12":"shipping-taxable","13":"purchasable","14":"product-type-simple"},"acf":[],"yoast_head":"<!-- This site is optimized with the Yoast SEO plugin v26.6 - https:\/\/yoast.com\/wordpress\/plugins\/seo\/ -->\n<title>Kenshin le vagabond (13 tomes) en seconde main au Chtululu<\/title>\n<meta name=\"description\" content=\"La s\u00e9rie manga Kenshin le vagabond (13 tomes) est disponible en seconde main au Chtululu (Soignies), en r\u00e9servation ou \u00e0 la livraison.\" \/>\n<meta name=\"robots\" content=\"index, follow, max-snippet:-1, max-image-preview:large, max-video-preview:-1\" \/>\n<link rel=\"canonical\" href=\"https:\/\/chtululu.be\/index.php\/produit\/kenshin-le-vagabond-13-tomes-tomes-4-9-et-de-18-a-28\/\" \/>\n<meta property=\"og:locale\" content=\"fr_FR\" \/>\n<meta property=\"og:type\" content=\"article\" \/>\n<meta property=\"og:title\" content=\"Kenshin le vagabond (13 tomes) en seconde main au Chtululu\" \/>\n<meta property=\"og:description\" content=\"La s\u00e9rie manga Kenshin le vagabond (13 tomes) est disponible en seconde main au Chtululu (Soignies), en r\u00e9servation ou \u00e0 la livraison.\" \/>\n<meta property=\"og:url\" content=\"https:\/\/chtululu.be\/index.php\/produit\/kenshin-le-vagabond-13-tomes-tomes-4-9-et-de-18-a-28\/\" \/>\n<meta property=\"og:site_name\" content=\"Le Chtululu\" \/>\n<meta property=\"article:modified_time\" content=\"2022-12-31T12:48:13+00:00\" \/>\n<meta property=\"og:image\" content=\"https:\/\/chtululu.be\/wp-content\/uploads\/2022\/12\/kenshin3.jpg\" \/>\n\t<meta property=\"og:image:width\" content=\"1536\" \/>\n\t<meta property=\"og:image:height\" content=\"2048\" \/>\n\t<meta property=\"og:image:type\" content=\"image\/jpeg\" \/>\n<meta name=\"twitter:card\" content=\"summary_large_image\" \/>\n<meta name=\"twitter:label1\" content=\"Dur\u00e9e de lecture estim\u00e9e\" \/>\n\t<meta name=\"twitter:data1\" content=\"1 minute\" \/>\n<script type=\"application\/ld+json\" class=\"yoast-schema-graph\">{\"@context\":\"https:\/\/schema.org\",\"@graph\":[{\"@type\":\"WebPage\",\"@id\":\"https:\/\/chtululu.be\/index.php\/produit\/kenshin-le-vagabond-13-tomes-tomes-4-9-et-de-18-a-28\/\",\"url\":\"https:\/\/chtululu.be\/index.php\/produit\/kenshin-le-vagabond-13-tomes-tomes-4-9-et-de-18-a-28\/\",\"name\":\"Kenshin le vagabond (13 tomes) en seconde main au Chtululu\",\"isPartOf\":{\"@id\":\"https:\/\/chtululu.be\/#website\"},\"primaryImageOfPage\":{\"@id\":\"https:\/\/chtululu.be\/index.php\/produit\/kenshin-le-vagabond-13-tomes-tomes-4-9-et-de-18-a-28\/#primaryimage\"},\"image\":{\"@id\":\"https:\/\/chtululu.be\/index.php\/produit\/kenshin-le-vagabond-13-tomes-tomes-4-9-et-de-18-a-28\/#primaryimage\"},\"thumbnailUrl\":\"https:\/\/chtululu.be\/wp-content\/uploads\/2022\/12\/kenshin3.jpg\",\"datePublished\":\"2022-12-31T12:35:53+00:00\",\"dateModified\":\"2022-12-31T12:48:13+00:00\",\"description\":\"La s\u00e9rie manga Kenshin le vagabond (13 tomes) est disponible en seconde main au Chtululu (Soignies), en r\u00e9servation ou \u00e0 la livraison.\",\"breadcrumb\":{\"@id\":\"https:\/\/chtululu.be\/index.php\/produit\/kenshin-le-vagabond-13-tomes-tomes-4-9-et-de-18-a-28\/#breadcrumb\"},\"inLanguage\":\"fr-FR\",\"potentialAction\":[{\"@type\":\"ReadAction\",\"target\":[\"https:\/\/chtululu.be\/index.php\/produit\/kenshin-le-vagabond-13-tomes-tomes-4-9-et-de-18-a-28\/\"]}]},{\"@type\":\"ImageObject\",\"inLanguage\":\"fr-FR\",\"@id\":\"https:\/\/chtululu.be\/index.php\/produit\/kenshin-le-vagabond-13-tomes-tomes-4-9-et-de-18-a-28\/#primaryimage\",\"url\":\"https:\/\/chtululu.be\/wp-content\/uploads\/2022\/12\/kenshin3.jpg\",\"contentUrl\":\"https:\/\/chtululu.be\/wp-content\/uploads\/2022\/12\/kenshin3.jpg\",\"width\":1536,\"height\":2048,\"caption\":\"Kenshin le vagabond\"},{\"@type\":\"BreadcrumbList\",\"@id\":\"https:\/\/chtululu.be\/index.php\/produit\/kenshin-le-vagabond-13-tomes-tomes-4-9-et-de-18-a-28\/#breadcrumb\",\"itemListElement\":[{\"@type\":\"ListItem\",\"position\":1,\"name\":\"Accueil\",\"item\":\"https:\/\/chtululu.be\/\"},{\"@type\":\"ListItem\",\"position\":2,\"name\":\"Les livres\",\"item\":\"https:\/\/chtululu.be\/index.php\/livres-doccasion\/\"},{\"@type\":\"ListItem\",\"position\":3,\"name\":\"Kenshin le vagabond (13 tomes &#8211; Tomes 4, 9 et de 18 \u00e0 28)\"}]},{\"@type\":\"WebSite\",\"@id\":\"https:\/\/chtululu.be\/#website\",\"url\":\"https:\/\/chtululu.be\/\",\"name\":\"Le Chtululu\",\"description\":\"Votre librairie de seconde main \u00e0 Soignies\",\"publisher\":{\"@id\":\"https:\/\/chtululu.be\/#organization\"},\"potentialAction\":[{\"@type\":\"SearchAction\",\"target\":{\"@type\":\"EntryPoint\",\"urlTemplate\":\"https:\/\/chtululu.be\/?s={search_term_string}\"},\"query-input\":{\"@type\":\"PropertyValueSpecification\",\"valueRequired\":true,\"valueName\":\"search_term_string\"}}],\"inLanguage\":\"fr-FR\"},{\"@type\":\"Organization\",\"@id\":\"https:\/\/chtululu.be\/#organization\",\"name\":\"Le Chtululu\",\"url\":\"https:\/\/chtululu.be\/\",\"logo\":{\"@type\":\"ImageObject\",\"inLanguage\":\"fr-FR\",\"@id\":\"https:\/\/chtululu.be\/#\/schema\/logo\/image\/\",\"url\":\"https:\/\/chtululu.be\/wp-content\/uploads\/2016\/05\/logo-def-blanc.jpg\",\"contentUrl\":\"https:\/\/chtululu.be\/wp-content\/uploads\/2016\/05\/logo-def-blanc.jpg\",\"width\":2048,\"height\":1901,\"caption\":\"Le Chtululu\"},\"image\":{\"@id\":\"https:\/\/chtululu.be\/#\/schema\/logo\/image\/\"}}]}<\/script>\n<!-- \/ Yoast SEO plugin. -->","yoast_head_json":{"title":"Kenshin le vagabond (13 tomes) en seconde main au Chtululu","description":"La s\u00e9rie manga Kenshin le vagabond (13 tomes) est disponible en seconde main au Chtululu (Soignies), en r\u00e9servation ou \u00e0 la livraison.","robots":{"index":"index","follow":"follow","max-snippet":"max-snippet:-1","max-image-preview":"max-image-preview:large","max-video-preview":"max-video-preview:-1"},"canonical":"https:\/\/chtululu.be\/index.php\/produit\/kenshin-le-vagabond-13-tomes-tomes-4-9-et-de-18-a-28\/","og_locale":"fr_FR","og_type":"article","og_title":"Kenshin le vagabond (13 tomes) en seconde main au Chtululu","og_description":"La s\u00e9rie manga Kenshin le vagabond (13 tomes) est disponible en seconde main au Chtululu (Soignies), en r\u00e9servation ou \u00e0 la livraison.","og_url":"https:\/\/chtululu.be\/index.php\/produit\/kenshin-le-vagabond-13-tomes-tomes-4-9-et-de-18-a-28\/","og_site_name":"Le Chtululu","article_modified_time":"2022-12-31T12:48:13+00:00","og_image":[{"width":1536,"height":2048,"url":"https:\/\/chtululu.be\/wp-content\/uploads\/2022\/12\/kenshin3.jpg","type":"image\/jpeg"}],"twitter_card":"summary_large_image","twitter_misc":{"Dur\u00e9e de lecture estim\u00e9e":"1 minute"},"schema":{"@context":"https:\/\/schema.org","@graph":[{"@type":"WebPage","@id":"https:\/\/chtululu.be\/index.php\/produit\/kenshin-le-vagabond-13-tomes-tomes-4-9-et-de-18-a-28\/","url":"https:\/\/chtululu.be\/index.php\/produit\/kenshin-le-vagabond-13-tomes-tomes-4-9-et-de-18-a-28\/","name":"Kenshin le vagabond (13 tomes) en seconde main au Chtululu","isPartOf":{"@id":"https:\/\/chtululu.be\/#website"},"primaryImageOfPage":{"@id":"https:\/\/chtululu.be\/index.php\/produit\/kenshin-le-vagabond-13-tomes-tomes-4-9-et-de-18-a-28\/#primaryimage"},"image":{"@id":"https:\/\/chtululu.be\/index.php\/produit\/kenshin-le-vagabond-13-tomes-tomes-4-9-et-de-18-a-28\/#primaryimage"},"thumbnailUrl":"https:\/\/chtululu.be\/wp-content\/uploads\/2022\/12\/kenshin3.jpg","datePublished":"2022-12-31T12:35:53+00:00","dateModified":"2022-12-31T12:48:13+00:00","description":"La s\u00e9rie manga Kenshin le vagabond (13 tomes) est disponible en seconde main au Chtululu (Soignies), en r\u00e9servation ou \u00e0 la livraison.","breadcrumb":{"@id":"https:\/\/chtululu.be\/index.php\/produit\/kenshin-le-vagabond-13-tomes-tomes-4-9-et-de-18-a-28\/#breadcrumb"},"inLanguage":"fr-FR","potentialAction":[{"@type":"ReadAction","target":["https:\/\/chtululu.be\/index.php\/produit\/kenshin-le-vagabond-13-tomes-tomes-4-9-et-de-18-a-28\/"]}]},{"@type":"ImageObject","inLanguage":"fr-FR","@id":"https:\/\/chtululu.be\/index.php\/produit\/kenshin-le-vagabond-13-tomes-tomes-4-9-et-de-18-a-28\/#primaryimage","url":"https:\/\/chtululu.be\/wp-content\/uploads\/2022\/12\/kenshin3.jpg","contentUrl":"https:\/\/chtululu.be\/wp-content\/uploads\/2022\/12\/kenshin3.jpg","width":1536,"height":2048,"caption":"Kenshin le vagabond"},{"@type":"BreadcrumbList","@id":"https:\/\/chtululu.be\/index.php\/produit\/kenshin-le-vagabond-13-tomes-tomes-4-9-et-de-18-a-28\/#breadcrumb","itemListElement":[{"@type":"ListItem","position":1,"name":"Accueil","item":"https:\/\/chtululu.be\/"},{"@type":"ListItem","position":2,"name":"Les livres","item":"https:\/\/chtululu.be\/index.php\/livres-doccasion\/"},{"@type":"ListItem","position":3,"name":"Kenshin le vagabond (13 tomes &#8211; Tomes 4, 9 et de 18 \u00e0 28)"}]},{"@type":"WebSite","@id":"https:\/\/chtululu.be\/#website","url":"https:\/\/chtululu.be\/","name":"Le Chtululu","description":"Votre librairie de seconde main \u00e0 Soignies","publisher":{"@id":"https:\/\/chtululu.be\/#organization"},"potentialAction":[{"@type":"SearchAction","target":{"@type":"EntryPoint","urlTemplate":"https:\/\/chtululu.be\/?s={search_term_string}"},"query-input":{"@type":"PropertyValueSpecification","valueRequired":true,"valueName":"search_term_string"}}],"inLanguage":"fr-FR"},{"@type":"Organization","@id":"https:\/\/chtululu.be\/#organization","name":"Le Chtululu","url":"https:\/\/chtululu.be\/","logo":{"@type":"ImageObject","inLanguage":"fr-FR","@id":"https:\/\/chtululu.be\/#\/schema\/logo\/image\/","url":"https:\/\/chtululu.be\/wp-content\/uploads\/2016\/05\/logo-def-blanc.jpg","contentUrl":"https:\/\/chtululu.be\/wp-content\/uploads\/2016\/05\/logo-def-blanc.jpg","width":2048,"height":1901,"caption":"Le Chtululu"},"image":{"@id":"https:\/\/chtululu.be\/#\/schema\/logo\/image\/"}}]}},"_links":{"self":[{"href":"https:\/\/chtululu.be\/index.php\/wp-json\/wp\/v2\/product\/3251","targetHints":{"allow":["GET"]}}],"collection":[{"href":"https:\/\/chtululu.be\/index.php\/wp-json\/wp\/v2\/product"}],"about":[{"href":"https:\/\/chtululu.be\/index.php\/wp-json\/wp\/v2\/types\/product"}],"wp:featuredmedia":[{"embeddable":true,"href":"https:\/\/chtululu.be\/index.php\/wp-json\/wp\/v2\/media\/3252"}],"wp:attachment":[{"href":"https:\/\/chtululu.be\/index.php\/wp-json\/wp\/v2\/media?parent=3251"}],"wp:term":[{"taxonomy":"product_brand","embeddable":true,"href":"https:\/\/chtululu.be\/index.php\/wp-json\/wp\/v2\/product_brand?post=3251"},{"taxonomy":"product_cat","embeddable":true,"href":"https:\/\/chtululu.be\/index.php\/wp-json\/wp\/v2\/product_cat?post=3251"},{"taxonomy":"product_tag","embeddable":true,"href":"https:\/\/chtululu.be\/index.php\/wp-json\/wp\/v2\/product_tag?post=3251"}],"curies":[{"name":"wp","href":"https:\/\/api.w.org\/{rel}","templated":true}]}}