{"id":3238,"date":"2022-12-29T20:40:42","date_gmt":"2022-12-29T19:40:42","guid":{"rendered":"https:\/\/chtululu.be\/?post_type=product&#038;p=3238"},"modified":"2025-02-26T15:09:13","modified_gmt":"2025-02-26T14:09:13","slug":"le-garcon-du-train-sois-fort-garcon-tomes-1-a-3","status":"publish","type":"product","link":"https:\/\/chtululu.be\/index.php\/produit\/le-garcon-du-train-sois-fort-garcon-tomes-1-a-3\/","title":{"rendered":"Le gar\u00e7on du train &#8211; Sois fort, gar\u00e7on ! (tomes 1 \u00e0 3)"},"content":{"rendered":"<h1>Le gar\u00e7on du train &#8211; Sois fort, gar\u00e7on !<\/h1>\n<h2>R\u00e9sum\u00e9 de Le gar\u00e7on du train &#8211; Sois fort, gar\u00e7on !<\/h2>\n<div class=\"description\">\n<div class=\"description\">\n<p>Il \u00e9tait une fois\u2026 un gar\u00e7on enferm\u00e9 dans ses passions d\u2019otaku. qui prit son courage \u00e0 deux mains et sauva une jeune femme dans le train, agress\u00e9e par un ivrogne. Celle-ci, reconnaissante, lui offrit un cadeau pour le remercier. Lui, bien \u00e9videmment, tomba amoureux de cette jeune employ\u00e9e de bureau, charmante et d\u00e9licate. Mais comment faire, quand on est un otaku timide et r\u00e9serv\u00e9, pour savoir comment s\u2019y prendre avec une demoiselle ? La solution se trouve peut-\u00eatre sur internet, sur ce forum, le 2channel, o\u00f9 des milliers de gens viennent vous aider et vous encourager dans un s\u00e9curisant anonymat. M\u00eame si, au final, notre gar\u00e7on devra \u00e9galement changer par lui-m\u00eame afin de conqu\u00e9rir l\u2019\u00e9lue de son c\u0153ur.<\/p>\n<p><em>R\u00e9sum\u00e9 tir\u00e9 de <a href=\"https:\/\/www.manga-news.com\/index.php\/serie\/Le-Garcon-du-Train-Sois-fort-Garcon\">Manga-news<\/a><\/em><\/p>\n<\/div>\n<\/div>\n","protected":false},"excerpt":{"rendered":"<p>Le gar\u00e7on du train<\/p>\n","protected":false},"featured_media":3239,"template":"","meta":{"_acf_changed":false,"_exactmetrics_skip_tracking":false,"_exactmetrics_sitenote_active":false,"_exactmetrics_sitenote_note":"","_exactmetrics_sitenote_category":0},"product_brand":[],"product_cat":[387],"product_tag":[],"class_list":{"0":"post-3238","1":"product","2":"type-product","3":"status-publish","4":"has-post-thumbnail","6":"product_cat-mangas","8":"first","9":"outofstock","10":"sold-individually","11":"taxable","12":"shipping-taxable","13":"purchasable","14":"product-type-simple"},"acf":[],"yoast_head":"<!-- This site is optimized with the Yoast SEO plugin v26.6 - https:\/\/yoast.com\/wordpress\/plugins\/seo\/ -->\n<title>Le gar\u00e7on du train (tomes 1 \u00e0 3) en seconde main au Chtululu<\/title>\n<meta name=\"description\" content=\"La s\u00e9rie manga Le gar\u00e7on du train (tomes 1 \u00e0 3) est disponible en seconde main au Chtululu (Soignies), en r\u00e9servation ou \u00e0 la livraison.\" \/>\n<meta name=\"robots\" content=\"index, follow, max-snippet:-1, max-image-preview:large, max-video-preview:-1\" \/>\n<link rel=\"canonical\" href=\"https:\/\/chtululu.be\/index.php\/produit\/le-garcon-du-train-sois-fort-garcon-tomes-1-a-3\/\" \/>\n<meta property=\"og:locale\" content=\"fr_FR\" \/>\n<meta property=\"og:type\" content=\"article\" \/>\n<meta property=\"og:title\" content=\"Le gar\u00e7on du train (tomes 1 \u00e0 3) en seconde main au Chtululu\" \/>\n<meta property=\"og:description\" content=\"La s\u00e9rie manga Le gar\u00e7on du train (tomes 1 \u00e0 3) est disponible en seconde main au Chtululu (Soignies), en r\u00e9servation ou \u00e0 la livraison.\" \/>\n<meta property=\"og:url\" content=\"https:\/\/chtululu.be\/index.php\/produit\/le-garcon-du-train-sois-fort-garcon-tomes-1-a-3\/\" \/>\n<meta property=\"og:site_name\" content=\"Le Chtululu\" \/>\n<meta property=\"article:modified_time\" content=\"2025-02-26T14:09:13+00:00\" \/>\n<meta property=\"og:image\" content=\"https:\/\/chtululu.be\/wp-content\/uploads\/2022\/12\/train-rotated.jpg\" \/>\n\t<meta property=\"og:image:width\" content=\"2048\" \/>\n\t<meta property=\"og:image:height\" content=\"1536\" \/>\n\t<meta property=\"og:image:type\" content=\"image\/jpeg\" \/>\n<meta name=\"twitter:card\" content=\"summary_large_image\" \/>\n<meta name=\"twitter:label1\" content=\"Dur\u00e9e de lecture estim\u00e9e\" \/>\n\t<meta name=\"twitter:data1\" content=\"1 minute\" \/>\n<script type=\"application\/ld+json\" class=\"yoast-schema-graph\">{\"@context\":\"https:\/\/schema.org\",\"@graph\":[{\"@type\":\"WebPage\",\"@id\":\"https:\/\/chtululu.be\/index.php\/produit\/le-garcon-du-train-sois-fort-garcon-tomes-1-a-3\/\",\"url\":\"https:\/\/chtululu.be\/index.php\/produit\/le-garcon-du-train-sois-fort-garcon-tomes-1-a-3\/\",\"name\":\"Le gar\u00e7on du train (tomes 1 \u00e0 3) en seconde main au Chtululu\",\"isPartOf\":{\"@id\":\"https:\/\/chtululu.be\/#website\"},\"primaryImageOfPage\":{\"@id\":\"https:\/\/chtululu.be\/index.php\/produit\/le-garcon-du-train-sois-fort-garcon-tomes-1-a-3\/#primaryimage\"},\"image\":{\"@id\":\"https:\/\/chtululu.be\/index.php\/produit\/le-garcon-du-train-sois-fort-garcon-tomes-1-a-3\/#primaryimage\"},\"thumbnailUrl\":\"https:\/\/chtululu.be\/wp-content\/uploads\/2022\/12\/train-rotated.jpg\",\"datePublished\":\"2022-12-29T19:40:42+00:00\",\"dateModified\":\"2025-02-26T14:09:13+00:00\",\"description\":\"La s\u00e9rie manga Le gar\u00e7on du train (tomes 1 \u00e0 3) est disponible en seconde main au Chtululu (Soignies), en r\u00e9servation ou \u00e0 la livraison.\",\"breadcrumb\":{\"@id\":\"https:\/\/chtululu.be\/index.php\/produit\/le-garcon-du-train-sois-fort-garcon-tomes-1-a-3\/#breadcrumb\"},\"inLanguage\":\"fr-FR\",\"potentialAction\":[{\"@type\":\"ReadAction\",\"target\":[\"https:\/\/chtululu.be\/index.php\/produit\/le-garcon-du-train-sois-fort-garcon-tomes-1-a-3\/\"]}]},{\"@type\":\"ImageObject\",\"inLanguage\":\"fr-FR\",\"@id\":\"https:\/\/chtululu.be\/index.php\/produit\/le-garcon-du-train-sois-fort-garcon-tomes-1-a-3\/#primaryimage\",\"url\":\"https:\/\/chtululu.be\/wp-content\/uploads\/2022\/12\/train-rotated.jpg\",\"contentUrl\":\"https:\/\/chtululu.be\/wp-content\/uploads\/2022\/12\/train-rotated.jpg\",\"width\":2048,\"height\":1536,\"caption\":\"Le gar\u00e7on du train\"},{\"@type\":\"BreadcrumbList\",\"@id\":\"https:\/\/chtululu.be\/index.php\/produit\/le-garcon-du-train-sois-fort-garcon-tomes-1-a-3\/#breadcrumb\",\"itemListElement\":[{\"@type\":\"ListItem\",\"position\":1,\"name\":\"Accueil\",\"item\":\"https:\/\/chtululu.be\/\"},{\"@type\":\"ListItem\",\"position\":2,\"name\":\"Les livres\",\"item\":\"https:\/\/chtululu.be\/index.php\/livres-doccasion\/\"},{\"@type\":\"ListItem\",\"position\":3,\"name\":\"Le gar\u00e7on du train &#8211; Sois fort, gar\u00e7on ! (tomes 1 \u00e0 3)\"}]},{\"@type\":\"WebSite\",\"@id\":\"https:\/\/chtululu.be\/#website\",\"url\":\"https:\/\/chtululu.be\/\",\"name\":\"Le Chtululu\",\"description\":\"Votre librairie de seconde main \u00e0 Soignies\",\"publisher\":{\"@id\":\"https:\/\/chtululu.be\/#organization\"},\"potentialAction\":[{\"@type\":\"SearchAction\",\"target\":{\"@type\":\"EntryPoint\",\"urlTemplate\":\"https:\/\/chtululu.be\/?s={search_term_string}\"},\"query-input\":{\"@type\":\"PropertyValueSpecification\",\"valueRequired\":true,\"valueName\":\"search_term_string\"}}],\"inLanguage\":\"fr-FR\"},{\"@type\":\"Organization\",\"@id\":\"https:\/\/chtululu.be\/#organization\",\"name\":\"Le Chtululu\",\"url\":\"https:\/\/chtululu.be\/\",\"logo\":{\"@type\":\"ImageObject\",\"inLanguage\":\"fr-FR\",\"@id\":\"https:\/\/chtululu.be\/#\/schema\/logo\/image\/\",\"url\":\"https:\/\/chtululu.be\/wp-content\/uploads\/2016\/05\/logo-def-blanc.jpg\",\"contentUrl\":\"https:\/\/chtululu.be\/wp-content\/uploads\/2016\/05\/logo-def-blanc.jpg\",\"width\":2048,\"height\":1901,\"caption\":\"Le Chtululu\"},\"image\":{\"@id\":\"https:\/\/chtululu.be\/#\/schema\/logo\/image\/\"}}]}<\/script>\n<!-- \/ Yoast SEO plugin. -->","yoast_head_json":{"title":"Le gar\u00e7on du train (tomes 1 \u00e0 3) en seconde main au Chtululu","description":"La s\u00e9rie manga Le gar\u00e7on du train (tomes 1 \u00e0 3) est disponible en seconde main au Chtululu (Soignies), en r\u00e9servation ou \u00e0 la livraison.","robots":{"index":"index","follow":"follow","max-snippet":"max-snippet:-1","max-image-preview":"max-image-preview:large","max-video-preview":"max-video-preview:-1"},"canonical":"https:\/\/chtululu.be\/index.php\/produit\/le-garcon-du-train-sois-fort-garcon-tomes-1-a-3\/","og_locale":"fr_FR","og_type":"article","og_title":"Le gar\u00e7on du train (tomes 1 \u00e0 3) en seconde main au Chtululu","og_description":"La s\u00e9rie manga Le gar\u00e7on du train (tomes 1 \u00e0 3) est disponible en seconde main au Chtululu (Soignies), en r\u00e9servation ou \u00e0 la livraison.","og_url":"https:\/\/chtululu.be\/index.php\/produit\/le-garcon-du-train-sois-fort-garcon-tomes-1-a-3\/","og_site_name":"Le Chtululu","article_modified_time":"2025-02-26T14:09:13+00:00","og_image":[{"width":2048,"height":1536,"url":"https:\/\/chtululu.be\/wp-content\/uploads\/2022\/12\/train-rotated.jpg","type":"image\/jpeg"}],"twitter_card":"summary_large_image","twitter_misc":{"Dur\u00e9e de lecture estim\u00e9e":"1 minute"},"schema":{"@context":"https:\/\/schema.org","@graph":[{"@type":"WebPage","@id":"https:\/\/chtululu.be\/index.php\/produit\/le-garcon-du-train-sois-fort-garcon-tomes-1-a-3\/","url":"https:\/\/chtululu.be\/index.php\/produit\/le-garcon-du-train-sois-fort-garcon-tomes-1-a-3\/","name":"Le gar\u00e7on du train (tomes 1 \u00e0 3) en seconde main au Chtululu","isPartOf":{"@id":"https:\/\/chtululu.be\/#website"},"primaryImageOfPage":{"@id":"https:\/\/chtululu.be\/index.php\/produit\/le-garcon-du-train-sois-fort-garcon-tomes-1-a-3\/#primaryimage"},"image":{"@id":"https:\/\/chtululu.be\/index.php\/produit\/le-garcon-du-train-sois-fort-garcon-tomes-1-a-3\/#primaryimage"},"thumbnailUrl":"https:\/\/chtululu.be\/wp-content\/uploads\/2022\/12\/train-rotated.jpg","datePublished":"2022-12-29T19:40:42+00:00","dateModified":"2025-02-26T14:09:13+00:00","description":"La s\u00e9rie manga Le gar\u00e7on du train (tomes 1 \u00e0 3) est disponible en seconde main au Chtululu (Soignies), en r\u00e9servation ou \u00e0 la livraison.","breadcrumb":{"@id":"https:\/\/chtululu.be\/index.php\/produit\/le-garcon-du-train-sois-fort-garcon-tomes-1-a-3\/#breadcrumb"},"inLanguage":"fr-FR","potentialAction":[{"@type":"ReadAction","target":["https:\/\/chtululu.be\/index.php\/produit\/le-garcon-du-train-sois-fort-garcon-tomes-1-a-3\/"]}]},{"@type":"ImageObject","inLanguage":"fr-FR","@id":"https:\/\/chtululu.be\/index.php\/produit\/le-garcon-du-train-sois-fort-garcon-tomes-1-a-3\/#primaryimage","url":"https:\/\/chtululu.be\/wp-content\/uploads\/2022\/12\/train-rotated.jpg","contentUrl":"https:\/\/chtululu.be\/wp-content\/uploads\/2022\/12\/train-rotated.jpg","width":2048,"height":1536,"caption":"Le gar\u00e7on du train"},{"@type":"BreadcrumbList","@id":"https:\/\/chtululu.be\/index.php\/produit\/le-garcon-du-train-sois-fort-garcon-tomes-1-a-3\/#breadcrumb","itemListElement":[{"@type":"ListItem","position":1,"name":"Accueil","item":"https:\/\/chtululu.be\/"},{"@type":"ListItem","position":2,"name":"Les livres","item":"https:\/\/chtululu.be\/index.php\/livres-doccasion\/"},{"@type":"ListItem","position":3,"name":"Le gar\u00e7on du train &#8211; Sois fort, gar\u00e7on ! (tomes 1 \u00e0 3)"}]},{"@type":"WebSite","@id":"https:\/\/chtululu.be\/#website","url":"https:\/\/chtululu.be\/","name":"Le Chtululu","description":"Votre librairie de seconde main \u00e0 Soignies","publisher":{"@id":"https:\/\/chtululu.be\/#organization"},"potentialAction":[{"@type":"SearchAction","target":{"@type":"EntryPoint","urlTemplate":"https:\/\/chtululu.be\/?s={search_term_string}"},"query-input":{"@type":"PropertyValueSpecification","valueRequired":true,"valueName":"search_term_string"}}],"inLanguage":"fr-FR"},{"@type":"Organization","@id":"https:\/\/chtululu.be\/#organization","name":"Le Chtululu","url":"https:\/\/chtululu.be\/","logo":{"@type":"ImageObject","inLanguage":"fr-FR","@id":"https:\/\/chtululu.be\/#\/schema\/logo\/image\/","url":"https:\/\/chtululu.be\/wp-content\/uploads\/2016\/05\/logo-def-blanc.jpg","contentUrl":"https:\/\/chtululu.be\/wp-content\/uploads\/2016\/05\/logo-def-blanc.jpg","width":2048,"height":1901,"caption":"Le Chtululu"},"image":{"@id":"https:\/\/chtululu.be\/#\/schema\/logo\/image\/"}}]}},"_links":{"self":[{"href":"https:\/\/chtululu.be\/index.php\/wp-json\/wp\/v2\/product\/3238","targetHints":{"allow":["GET"]}}],"collection":[{"href":"https:\/\/chtululu.be\/index.php\/wp-json\/wp\/v2\/product"}],"about":[{"href":"https:\/\/chtululu.be\/index.php\/wp-json\/wp\/v2\/types\/product"}],"wp:featuredmedia":[{"embeddable":true,"href":"https:\/\/chtululu.be\/index.php\/wp-json\/wp\/v2\/media\/3239"}],"wp:attachment":[{"href":"https:\/\/chtululu.be\/index.php\/wp-json\/wp\/v2\/media?parent=3238"}],"wp:term":[{"taxonomy":"product_brand","embeddable":true,"href":"https:\/\/chtululu.be\/index.php\/wp-json\/wp\/v2\/product_brand?post=3238"},{"taxonomy":"product_cat","embeddable":true,"href":"https:\/\/chtululu.be\/index.php\/wp-json\/wp\/v2\/product_cat?post=3238"},{"taxonomy":"product_tag","embeddable":true,"href":"https:\/\/chtululu.be\/index.php\/wp-json\/wp\/v2\/product_tag?post=3238"}],"curies":[{"name":"wp","href":"https:\/\/api.w.org\/{rel}","templated":true}]}}