{"id":3202,"date":"2022-08-27T14:41:33","date_gmt":"2022-08-27T13:41:33","guid":{"rendered":"https:\/\/chtululu.be\/?post_type=product&#038;p=3202"},"modified":"2023-10-31T16:31:01","modified_gmt":"2023-10-31T15:31:01","slug":"lofficiel-artistique-et-theatral","status":"publish","type":"product","link":"https:\/\/chtululu.be\/index.php\/produit\/lofficiel-artistique-et-theatral\/","title":{"rendered":"L&rsquo;Officiel artistique et th\u00e9\u00e2tral (1919 &#8211; 1926) &#8211; 7 volumes"},"content":{"rendered":"<h1>L&rsquo;Officiel artistique et th\u00e9\u00e2tral (1919 &#8211; 1926)<\/h1>\n<p>&nbsp;<\/p>\n<p>Le mensuel illustr\u00e9 belge L&rsquo;Officiel artistique et th\u00e9\u00e2tral, les \u00e9ditions de 1919 \u00e0 126 reli\u00e9es en 7 volumes.<\/p>\n","protected":false},"excerpt":{"rendered":"<p>L&rsquo;Officiel artistique et th\u00e9\u00e2tral (1919 &#8211; 1926) &#8211; 7 volumes<\/p>\n","protected":false},"featured_media":3204,"template":"","meta":{"_acf_changed":false,"_exactmetrics_skip_tracking":false,"_exactmetrics_sitenote_active":false,"_exactmetrics_sitenote_note":"","_exactmetrics_sitenote_category":0},"product_brand":[],"product_cat":[289,382],"product_tag":[],"class_list":{"0":"post-3202","1":"product","2":"type-product","3":"status-publish","4":"has-post-thumbnail","6":"product_cat-livres-rares","7":"product_cat-savoirs","9":"first","10":"outofstock","11":"sold-individually","12":"taxable","13":"shipping-taxable","14":"purchasable","15":"product-type-simple"},"acf":[],"yoast_head":"<!-- This site is optimized with the Yoast SEO plugin v26.6 - https:\/\/yoast.com\/wordpress\/plugins\/seo\/ -->\n<title>L&#039;Officiel artistique et th\u00e9\u00e2tral (1919 - 1926) - 7 volumes<\/title>\n<meta name=\"description\" content=\"L&#039;Officiel artistique et th\u00e9\u00e2tral (1919 - 1926) - 7 volumes en seconde main est disponible au Chtululu, sur r\u00e9servation ou \u00e0 la livraison.\" \/>\n<meta name=\"robots\" content=\"index, follow, max-snippet:-1, max-image-preview:large, max-video-preview:-1\" \/>\n<link rel=\"canonical\" href=\"https:\/\/chtululu.be\/index.php\/produit\/lofficiel-artistique-et-theatral\/\" \/>\n<meta property=\"og:locale\" content=\"fr_FR\" \/>\n<meta property=\"og:type\" content=\"article\" \/>\n<meta property=\"og:title\" content=\"L&#039;Officiel artistique et th\u00e9\u00e2tral (1919 - 1926) - 7 volumes\" \/>\n<meta property=\"og:description\" content=\"L&#039;Officiel artistique et th\u00e9\u00e2tral (1919 - 1926) - 7 volumes en seconde main est disponible au Chtululu, sur r\u00e9servation ou \u00e0 la livraison.\" \/>\n<meta property=\"og:url\" content=\"https:\/\/chtululu.be\/index.php\/produit\/lofficiel-artistique-et-theatral\/\" \/>\n<meta property=\"og:site_name\" content=\"Le Chtululu\" \/>\n<meta property=\"article:modified_time\" content=\"2023-10-31T15:31:01+00:00\" \/>\n<meta property=\"og:image\" content=\"https:\/\/chtululu.be\/wp-content\/uploads\/2022\/08\/301306318_759190178627692_213577202250255446_n-scaled.jpg\" \/>\n\t<meta property=\"og:image:width\" content=\"1920\" \/>\n\t<meta property=\"og:image:height\" content=\"2560\" \/>\n\t<meta property=\"og:image:type\" content=\"image\/jpeg\" \/>\n<meta name=\"twitter:card\" content=\"summary_large_image\" \/>\n<meta name=\"twitter:label1\" content=\"Dur\u00e9e de lecture estim\u00e9e\" \/>\n\t<meta name=\"twitter:data1\" content=\"1 minute\" \/>\n<script type=\"application\/ld+json\" class=\"yoast-schema-graph\">{\"@context\":\"https:\/\/schema.org\",\"@graph\":[{\"@type\":\"WebPage\",\"@id\":\"https:\/\/chtululu.be\/index.php\/produit\/lofficiel-artistique-et-theatral\/\",\"url\":\"https:\/\/chtululu.be\/index.php\/produit\/lofficiel-artistique-et-theatral\/\",\"name\":\"L'Officiel artistique et th\u00e9\u00e2tral (1919 - 1926) - 7 volumes\",\"isPartOf\":{\"@id\":\"https:\/\/chtululu.be\/#website\"},\"primaryImageOfPage\":{\"@id\":\"https:\/\/chtululu.be\/index.php\/produit\/lofficiel-artistique-et-theatral\/#primaryimage\"},\"image\":{\"@id\":\"https:\/\/chtululu.be\/index.php\/produit\/lofficiel-artistique-et-theatral\/#primaryimage\"},\"thumbnailUrl\":\"https:\/\/chtululu.be\/wp-content\/uploads\/2022\/08\/301306318_759190178627692_213577202250255446_n-scaled.jpg\",\"datePublished\":\"2022-08-27T13:41:33+00:00\",\"dateModified\":\"2023-10-31T15:31:01+00:00\",\"description\":\"L'Officiel artistique et th\u00e9\u00e2tral (1919 - 1926) - 7 volumes en seconde main est disponible au Chtululu, sur r\u00e9servation ou \u00e0 la livraison.\",\"breadcrumb\":{\"@id\":\"https:\/\/chtululu.be\/index.php\/produit\/lofficiel-artistique-et-theatral\/#breadcrumb\"},\"inLanguage\":\"fr-FR\",\"potentialAction\":[{\"@type\":\"ReadAction\",\"target\":[\"https:\/\/chtululu.be\/index.php\/produit\/lofficiel-artistique-et-theatral\/\"]}]},{\"@type\":\"ImageObject\",\"inLanguage\":\"fr-FR\",\"@id\":\"https:\/\/chtululu.be\/index.php\/produit\/lofficiel-artistique-et-theatral\/#primaryimage\",\"url\":\"https:\/\/chtululu.be\/wp-content\/uploads\/2022\/08\/301306318_759190178627692_213577202250255446_n-scaled.jpg\",\"contentUrl\":\"https:\/\/chtululu.be\/wp-content\/uploads\/2022\/08\/301306318_759190178627692_213577202250255446_n-scaled.jpg\",\"width\":1920,\"height\":2560,\"caption\":\"L'Officiel artistique et th\u00e9\u00e2tral\"},{\"@type\":\"BreadcrumbList\",\"@id\":\"https:\/\/chtululu.be\/index.php\/produit\/lofficiel-artistique-et-theatral\/#breadcrumb\",\"itemListElement\":[{\"@type\":\"ListItem\",\"position\":1,\"name\":\"Accueil\",\"item\":\"https:\/\/chtululu.be\/\"},{\"@type\":\"ListItem\",\"position\":2,\"name\":\"Les livres\",\"item\":\"https:\/\/chtululu.be\/index.php\/livres-doccasion\/\"},{\"@type\":\"ListItem\",\"position\":3,\"name\":\"L&rsquo;Officiel artistique et th\u00e9\u00e2tral (1919 &#8211; 1926) &#8211; 7 volumes\"}]},{\"@type\":\"WebSite\",\"@id\":\"https:\/\/chtululu.be\/#website\",\"url\":\"https:\/\/chtululu.be\/\",\"name\":\"Le Chtululu\",\"description\":\"Votre librairie de seconde main \u00e0 Soignies\",\"publisher\":{\"@id\":\"https:\/\/chtululu.be\/#organization\"},\"potentialAction\":[{\"@type\":\"SearchAction\",\"target\":{\"@type\":\"EntryPoint\",\"urlTemplate\":\"https:\/\/chtululu.be\/?s={search_term_string}\"},\"query-input\":{\"@type\":\"PropertyValueSpecification\",\"valueRequired\":true,\"valueName\":\"search_term_string\"}}],\"inLanguage\":\"fr-FR\"},{\"@type\":\"Organization\",\"@id\":\"https:\/\/chtululu.be\/#organization\",\"name\":\"Le Chtululu\",\"url\":\"https:\/\/chtululu.be\/\",\"logo\":{\"@type\":\"ImageObject\",\"inLanguage\":\"fr-FR\",\"@id\":\"https:\/\/chtululu.be\/#\/schema\/logo\/image\/\",\"url\":\"https:\/\/chtululu.be\/wp-content\/uploads\/2016\/05\/logo-def-blanc.jpg\",\"contentUrl\":\"https:\/\/chtululu.be\/wp-content\/uploads\/2016\/05\/logo-def-blanc.jpg\",\"width\":2048,\"height\":1901,\"caption\":\"Le Chtululu\"},\"image\":{\"@id\":\"https:\/\/chtululu.be\/#\/schema\/logo\/image\/\"}}]}<\/script>\n<!-- \/ Yoast SEO plugin. -->","yoast_head_json":{"title":"L'Officiel artistique et th\u00e9\u00e2tral (1919 - 1926) - 7 volumes","description":"L'Officiel artistique et th\u00e9\u00e2tral (1919 - 1926) - 7 volumes en seconde main est disponible au Chtululu, sur r\u00e9servation ou \u00e0 la livraison.","robots":{"index":"index","follow":"follow","max-snippet":"max-snippet:-1","max-image-preview":"max-image-preview:large","max-video-preview":"max-video-preview:-1"},"canonical":"https:\/\/chtululu.be\/index.php\/produit\/lofficiel-artistique-et-theatral\/","og_locale":"fr_FR","og_type":"article","og_title":"L'Officiel artistique et th\u00e9\u00e2tral (1919 - 1926) - 7 volumes","og_description":"L'Officiel artistique et th\u00e9\u00e2tral (1919 - 1926) - 7 volumes en seconde main est disponible au Chtululu, sur r\u00e9servation ou \u00e0 la livraison.","og_url":"https:\/\/chtululu.be\/index.php\/produit\/lofficiel-artistique-et-theatral\/","og_site_name":"Le Chtululu","article_modified_time":"2023-10-31T15:31:01+00:00","og_image":[{"width":1920,"height":2560,"url":"https:\/\/chtululu.be\/wp-content\/uploads\/2022\/08\/301306318_759190178627692_213577202250255446_n-scaled.jpg","type":"image\/jpeg"}],"twitter_card":"summary_large_image","twitter_misc":{"Dur\u00e9e de lecture estim\u00e9e":"1 minute"},"schema":{"@context":"https:\/\/schema.org","@graph":[{"@type":"WebPage","@id":"https:\/\/chtululu.be\/index.php\/produit\/lofficiel-artistique-et-theatral\/","url":"https:\/\/chtululu.be\/index.php\/produit\/lofficiel-artistique-et-theatral\/","name":"L'Officiel artistique et th\u00e9\u00e2tral (1919 - 1926) - 7 volumes","isPartOf":{"@id":"https:\/\/chtululu.be\/#website"},"primaryImageOfPage":{"@id":"https:\/\/chtululu.be\/index.php\/produit\/lofficiel-artistique-et-theatral\/#primaryimage"},"image":{"@id":"https:\/\/chtululu.be\/index.php\/produit\/lofficiel-artistique-et-theatral\/#primaryimage"},"thumbnailUrl":"https:\/\/chtululu.be\/wp-content\/uploads\/2022\/08\/301306318_759190178627692_213577202250255446_n-scaled.jpg","datePublished":"2022-08-27T13:41:33+00:00","dateModified":"2023-10-31T15:31:01+00:00","description":"L'Officiel artistique et th\u00e9\u00e2tral (1919 - 1926) - 7 volumes en seconde main est disponible au Chtululu, sur r\u00e9servation ou \u00e0 la livraison.","breadcrumb":{"@id":"https:\/\/chtululu.be\/index.php\/produit\/lofficiel-artistique-et-theatral\/#breadcrumb"},"inLanguage":"fr-FR","potentialAction":[{"@type":"ReadAction","target":["https:\/\/chtululu.be\/index.php\/produit\/lofficiel-artistique-et-theatral\/"]}]},{"@type":"ImageObject","inLanguage":"fr-FR","@id":"https:\/\/chtululu.be\/index.php\/produit\/lofficiel-artistique-et-theatral\/#primaryimage","url":"https:\/\/chtululu.be\/wp-content\/uploads\/2022\/08\/301306318_759190178627692_213577202250255446_n-scaled.jpg","contentUrl":"https:\/\/chtululu.be\/wp-content\/uploads\/2022\/08\/301306318_759190178627692_213577202250255446_n-scaled.jpg","width":1920,"height":2560,"caption":"L'Officiel artistique et th\u00e9\u00e2tral"},{"@type":"BreadcrumbList","@id":"https:\/\/chtululu.be\/index.php\/produit\/lofficiel-artistique-et-theatral\/#breadcrumb","itemListElement":[{"@type":"ListItem","position":1,"name":"Accueil","item":"https:\/\/chtululu.be\/"},{"@type":"ListItem","position":2,"name":"Les livres","item":"https:\/\/chtululu.be\/index.php\/livres-doccasion\/"},{"@type":"ListItem","position":3,"name":"L&rsquo;Officiel artistique et th\u00e9\u00e2tral (1919 &#8211; 1926) &#8211; 7 volumes"}]},{"@type":"WebSite","@id":"https:\/\/chtululu.be\/#website","url":"https:\/\/chtululu.be\/","name":"Le Chtululu","description":"Votre librairie de seconde main \u00e0 Soignies","publisher":{"@id":"https:\/\/chtululu.be\/#organization"},"potentialAction":[{"@type":"SearchAction","target":{"@type":"EntryPoint","urlTemplate":"https:\/\/chtululu.be\/?s={search_term_string}"},"query-input":{"@type":"PropertyValueSpecification","valueRequired":true,"valueName":"search_term_string"}}],"inLanguage":"fr-FR"},{"@type":"Organization","@id":"https:\/\/chtululu.be\/#organization","name":"Le Chtululu","url":"https:\/\/chtululu.be\/","logo":{"@type":"ImageObject","inLanguage":"fr-FR","@id":"https:\/\/chtululu.be\/#\/schema\/logo\/image\/","url":"https:\/\/chtululu.be\/wp-content\/uploads\/2016\/05\/logo-def-blanc.jpg","contentUrl":"https:\/\/chtululu.be\/wp-content\/uploads\/2016\/05\/logo-def-blanc.jpg","width":2048,"height":1901,"caption":"Le Chtululu"},"image":{"@id":"https:\/\/chtululu.be\/#\/schema\/logo\/image\/"}}]}},"_links":{"self":[{"href":"https:\/\/chtululu.be\/index.php\/wp-json\/wp\/v2\/product\/3202","targetHints":{"allow":["GET"]}}],"collection":[{"href":"https:\/\/chtululu.be\/index.php\/wp-json\/wp\/v2\/product"}],"about":[{"href":"https:\/\/chtululu.be\/index.php\/wp-json\/wp\/v2\/types\/product"}],"wp:featuredmedia":[{"embeddable":true,"href":"https:\/\/chtululu.be\/index.php\/wp-json\/wp\/v2\/media\/3204"}],"wp:attachment":[{"href":"https:\/\/chtululu.be\/index.php\/wp-json\/wp\/v2\/media?parent=3202"}],"wp:term":[{"taxonomy":"product_brand","embeddable":true,"href":"https:\/\/chtululu.be\/index.php\/wp-json\/wp\/v2\/product_brand?post=3202"},{"taxonomy":"product_cat","embeddable":true,"href":"https:\/\/chtululu.be\/index.php\/wp-json\/wp\/v2\/product_cat?post=3202"},{"taxonomy":"product_tag","embeddable":true,"href":"https:\/\/chtululu.be\/index.php\/wp-json\/wp\/v2\/product_tag?post=3202"}],"curies":[{"name":"wp","href":"https:\/\/api.w.org\/{rel}","templated":true}]}}