{"id":3155,"date":"2022-08-21T18:03:23","date_gmt":"2022-08-21T17:03:23","guid":{"rendered":"https:\/\/chtululu.be\/?post_type=product&#038;p=3155"},"modified":"2022-08-21T18:59:44","modified_gmt":"2022-08-21T17:59:44","slug":"tout-se-joue-avant-6-ans","status":"publish","type":"product","link":"https:\/\/chtululu.be\/index.php\/produit\/tout-se-joue-avant-6-ans\/","title":{"rendered":"Tout se joue avant 6 ans (dr. Fizhugh Dodson)"},"content":{"rendered":"<h1>Tout se joue avant 6 ans<\/h1>\n<p>Vous attendez un heureux \u00e9v\u00e9nement ? Tout se joue avant 6 ans (\u00e9d. Marabout 2013) est disponible.<\/p>\n<p>Les grandes \u00e9tapes d&rsquo;une \u00e9ducation r\u00e9ussie. Le best-seller mondial de l&rsquo;\u00e9duction par Docteur Fitzhugh Dodson<\/p>\n<p>&nbsp;<\/p>\n","protected":false},"excerpt":{"rendered":"<p>Tout se joue avant 6 ans.<\/p>\n","protected":false},"featured_media":3156,"template":"","meta":{"_acf_changed":false,"_exactmetrics_skip_tracking":false,"_exactmetrics_sitenote_active":false,"_exactmetrics_sitenote_note":"","_exactmetrics_sitenote_category":0},"product_brand":[],"product_cat":[382],"product_tag":[471,470],"class_list":{"0":"post-3155","1":"product","2":"type-product","3":"status-publish","4":"has-post-thumbnail","6":"product_cat-savoirs","7":"product_tag-bebe","8":"product_tag-grossesse","10":"first","11":"instock","12":"sold-individually","13":"taxable","14":"shipping-taxable","15":"purchasable","16":"product-type-simple"},"acf":[],"yoast_head":"<!-- This site is optimized with the Yoast SEO plugin v26.6 - https:\/\/yoast.com\/wordpress\/plugins\/seo\/ -->\n<title>Tout se joue avant 6 ans. Le best-seller de l&#039;\u00e9ducation mondiale<\/title>\n<meta name=\"description\" content=\"Tout se joue avant 6 ans (\u00e9d. Marabout 2013) est disponible en seconde main au Chtululu, sur r\u00e9servation ou \u00e0 la livraison.\" \/>\n<meta name=\"robots\" content=\"index, follow, max-snippet:-1, max-image-preview:large, max-video-preview:-1\" \/>\n<link rel=\"canonical\" href=\"https:\/\/chtululu.be\/index.php\/produit\/tout-se-joue-avant-6-ans\/\" \/>\n<meta property=\"og:locale\" content=\"fr_FR\" \/>\n<meta property=\"og:type\" content=\"article\" \/>\n<meta property=\"og:title\" content=\"Tout se joue avant 6 ans. Le best-seller de l&#039;\u00e9ducation mondiale\" \/>\n<meta property=\"og:description\" content=\"Tout se joue avant 6 ans (\u00e9d. Marabout 2013) est disponible en seconde main au Chtululu, sur r\u00e9servation ou \u00e0 la livraison.\" \/>\n<meta property=\"og:url\" content=\"https:\/\/chtululu.be\/index.php\/produit\/tout-se-joue-avant-6-ans\/\" \/>\n<meta property=\"og:site_name\" content=\"Le Chtululu\" \/>\n<meta property=\"article:modified_time\" content=\"2022-08-21T17:59:44+00:00\" \/>\n<meta property=\"og:image\" content=\"https:\/\/chtululu.be\/wp-content\/uploads\/2022\/08\/parent_1-scaled.jpg\" \/>\n\t<meta property=\"og:image:width\" content=\"1920\" \/>\n\t<meta property=\"og:image:height\" content=\"2560\" \/>\n\t<meta property=\"og:image:type\" content=\"image\/jpeg\" \/>\n<meta name=\"twitter:card\" content=\"summary_large_image\" \/>\n<meta name=\"twitter:label1\" content=\"Dur\u00e9e de lecture estim\u00e9e\" \/>\n\t<meta name=\"twitter:data1\" content=\"1 minute\" \/>\n<script type=\"application\/ld+json\" class=\"yoast-schema-graph\">{\"@context\":\"https:\/\/schema.org\",\"@graph\":[{\"@type\":\"WebPage\",\"@id\":\"https:\/\/chtululu.be\/index.php\/produit\/tout-se-joue-avant-6-ans\/\",\"url\":\"https:\/\/chtululu.be\/index.php\/produit\/tout-se-joue-avant-6-ans\/\",\"name\":\"Tout se joue avant 6 ans. Le best-seller de l'\u00e9ducation mondiale\",\"isPartOf\":{\"@id\":\"https:\/\/chtululu.be\/#website\"},\"primaryImageOfPage\":{\"@id\":\"https:\/\/chtululu.be\/index.php\/produit\/tout-se-joue-avant-6-ans\/#primaryimage\"},\"image\":{\"@id\":\"https:\/\/chtululu.be\/index.php\/produit\/tout-se-joue-avant-6-ans\/#primaryimage\"},\"thumbnailUrl\":\"https:\/\/chtululu.be\/wp-content\/uploads\/2022\/08\/parent_1-scaled.jpg\",\"datePublished\":\"2022-08-21T17:03:23+00:00\",\"dateModified\":\"2022-08-21T17:59:44+00:00\",\"description\":\"Tout se joue avant 6 ans (\u00e9d. Marabout 2013) est disponible en seconde main au Chtululu, sur r\u00e9servation ou \u00e0 la livraison.\",\"breadcrumb\":{\"@id\":\"https:\/\/chtululu.be\/index.php\/produit\/tout-se-joue-avant-6-ans\/#breadcrumb\"},\"inLanguage\":\"fr-FR\",\"potentialAction\":[{\"@type\":\"ReadAction\",\"target\":[\"https:\/\/chtululu.be\/index.php\/produit\/tout-se-joue-avant-6-ans\/\"]}]},{\"@type\":\"ImageObject\",\"inLanguage\":\"fr-FR\",\"@id\":\"https:\/\/chtululu.be\/index.php\/produit\/tout-se-joue-avant-6-ans\/#primaryimage\",\"url\":\"https:\/\/chtululu.be\/wp-content\/uploads\/2022\/08\/parent_1-scaled.jpg\",\"contentUrl\":\"https:\/\/chtululu.be\/wp-content\/uploads\/2022\/08\/parent_1-scaled.jpg\",\"width\":1920,\"height\":2560,\"caption\":\"Tout se joue avant 6 ans\"},{\"@type\":\"BreadcrumbList\",\"@id\":\"https:\/\/chtululu.be\/index.php\/produit\/tout-se-joue-avant-6-ans\/#breadcrumb\",\"itemListElement\":[{\"@type\":\"ListItem\",\"position\":1,\"name\":\"Accueil\",\"item\":\"https:\/\/chtululu.be\/\"},{\"@type\":\"ListItem\",\"position\":2,\"name\":\"Les livres\",\"item\":\"https:\/\/chtululu.be\/index.php\/livres-doccasion\/\"},{\"@type\":\"ListItem\",\"position\":3,\"name\":\"Tout se joue avant 6 ans (dr. Fizhugh Dodson)\"}]},{\"@type\":\"WebSite\",\"@id\":\"https:\/\/chtululu.be\/#website\",\"url\":\"https:\/\/chtululu.be\/\",\"name\":\"Le Chtululu\",\"description\":\"Votre librairie de seconde main \u00e0 Soignies\",\"publisher\":{\"@id\":\"https:\/\/chtululu.be\/#organization\"},\"potentialAction\":[{\"@type\":\"SearchAction\",\"target\":{\"@type\":\"EntryPoint\",\"urlTemplate\":\"https:\/\/chtululu.be\/?s={search_term_string}\"},\"query-input\":{\"@type\":\"PropertyValueSpecification\",\"valueRequired\":true,\"valueName\":\"search_term_string\"}}],\"inLanguage\":\"fr-FR\"},{\"@type\":\"Organization\",\"@id\":\"https:\/\/chtululu.be\/#organization\",\"name\":\"Le Chtululu\",\"url\":\"https:\/\/chtululu.be\/\",\"logo\":{\"@type\":\"ImageObject\",\"inLanguage\":\"fr-FR\",\"@id\":\"https:\/\/chtululu.be\/#\/schema\/logo\/image\/\",\"url\":\"https:\/\/chtululu.be\/wp-content\/uploads\/2016\/05\/logo-def-blanc.jpg\",\"contentUrl\":\"https:\/\/chtululu.be\/wp-content\/uploads\/2016\/05\/logo-def-blanc.jpg\",\"width\":2048,\"height\":1901,\"caption\":\"Le Chtululu\"},\"image\":{\"@id\":\"https:\/\/chtululu.be\/#\/schema\/logo\/image\/\"}}]}<\/script>\n<!-- \/ Yoast SEO plugin. -->","yoast_head_json":{"title":"Tout se joue avant 6 ans. Le best-seller de l'\u00e9ducation mondiale","description":"Tout se joue avant 6 ans (\u00e9d. Marabout 2013) est disponible en seconde main au Chtululu, sur r\u00e9servation ou \u00e0 la livraison.","robots":{"index":"index","follow":"follow","max-snippet":"max-snippet:-1","max-image-preview":"max-image-preview:large","max-video-preview":"max-video-preview:-1"},"canonical":"https:\/\/chtululu.be\/index.php\/produit\/tout-se-joue-avant-6-ans\/","og_locale":"fr_FR","og_type":"article","og_title":"Tout se joue avant 6 ans. Le best-seller de l'\u00e9ducation mondiale","og_description":"Tout se joue avant 6 ans (\u00e9d. Marabout 2013) est disponible en seconde main au Chtululu, sur r\u00e9servation ou \u00e0 la livraison.","og_url":"https:\/\/chtululu.be\/index.php\/produit\/tout-se-joue-avant-6-ans\/","og_site_name":"Le Chtululu","article_modified_time":"2022-08-21T17:59:44+00:00","og_image":[{"width":1920,"height":2560,"url":"https:\/\/chtululu.be\/wp-content\/uploads\/2022\/08\/parent_1-scaled.jpg","type":"image\/jpeg"}],"twitter_card":"summary_large_image","twitter_misc":{"Dur\u00e9e de lecture estim\u00e9e":"1 minute"},"schema":{"@context":"https:\/\/schema.org","@graph":[{"@type":"WebPage","@id":"https:\/\/chtululu.be\/index.php\/produit\/tout-se-joue-avant-6-ans\/","url":"https:\/\/chtululu.be\/index.php\/produit\/tout-se-joue-avant-6-ans\/","name":"Tout se joue avant 6 ans. Le best-seller de l'\u00e9ducation mondiale","isPartOf":{"@id":"https:\/\/chtululu.be\/#website"},"primaryImageOfPage":{"@id":"https:\/\/chtululu.be\/index.php\/produit\/tout-se-joue-avant-6-ans\/#primaryimage"},"image":{"@id":"https:\/\/chtululu.be\/index.php\/produit\/tout-se-joue-avant-6-ans\/#primaryimage"},"thumbnailUrl":"https:\/\/chtululu.be\/wp-content\/uploads\/2022\/08\/parent_1-scaled.jpg","datePublished":"2022-08-21T17:03:23+00:00","dateModified":"2022-08-21T17:59:44+00:00","description":"Tout se joue avant 6 ans (\u00e9d. Marabout 2013) est disponible en seconde main au Chtululu, sur r\u00e9servation ou \u00e0 la livraison.","breadcrumb":{"@id":"https:\/\/chtululu.be\/index.php\/produit\/tout-se-joue-avant-6-ans\/#breadcrumb"},"inLanguage":"fr-FR","potentialAction":[{"@type":"ReadAction","target":["https:\/\/chtululu.be\/index.php\/produit\/tout-se-joue-avant-6-ans\/"]}]},{"@type":"ImageObject","inLanguage":"fr-FR","@id":"https:\/\/chtululu.be\/index.php\/produit\/tout-se-joue-avant-6-ans\/#primaryimage","url":"https:\/\/chtululu.be\/wp-content\/uploads\/2022\/08\/parent_1-scaled.jpg","contentUrl":"https:\/\/chtululu.be\/wp-content\/uploads\/2022\/08\/parent_1-scaled.jpg","width":1920,"height":2560,"caption":"Tout se joue avant 6 ans"},{"@type":"BreadcrumbList","@id":"https:\/\/chtululu.be\/index.php\/produit\/tout-se-joue-avant-6-ans\/#breadcrumb","itemListElement":[{"@type":"ListItem","position":1,"name":"Accueil","item":"https:\/\/chtululu.be\/"},{"@type":"ListItem","position":2,"name":"Les livres","item":"https:\/\/chtululu.be\/index.php\/livres-doccasion\/"},{"@type":"ListItem","position":3,"name":"Tout se joue avant 6 ans (dr. Fizhugh Dodson)"}]},{"@type":"WebSite","@id":"https:\/\/chtululu.be\/#website","url":"https:\/\/chtululu.be\/","name":"Le Chtululu","description":"Votre librairie de seconde main \u00e0 Soignies","publisher":{"@id":"https:\/\/chtululu.be\/#organization"},"potentialAction":[{"@type":"SearchAction","target":{"@type":"EntryPoint","urlTemplate":"https:\/\/chtululu.be\/?s={search_term_string}"},"query-input":{"@type":"PropertyValueSpecification","valueRequired":true,"valueName":"search_term_string"}}],"inLanguage":"fr-FR"},{"@type":"Organization","@id":"https:\/\/chtululu.be\/#organization","name":"Le Chtululu","url":"https:\/\/chtululu.be\/","logo":{"@type":"ImageObject","inLanguage":"fr-FR","@id":"https:\/\/chtululu.be\/#\/schema\/logo\/image\/","url":"https:\/\/chtululu.be\/wp-content\/uploads\/2016\/05\/logo-def-blanc.jpg","contentUrl":"https:\/\/chtululu.be\/wp-content\/uploads\/2016\/05\/logo-def-blanc.jpg","width":2048,"height":1901,"caption":"Le Chtululu"},"image":{"@id":"https:\/\/chtululu.be\/#\/schema\/logo\/image\/"}}]}},"_links":{"self":[{"href":"https:\/\/chtululu.be\/index.php\/wp-json\/wp\/v2\/product\/3155","targetHints":{"allow":["GET"]}}],"collection":[{"href":"https:\/\/chtululu.be\/index.php\/wp-json\/wp\/v2\/product"}],"about":[{"href":"https:\/\/chtululu.be\/index.php\/wp-json\/wp\/v2\/types\/product"}],"wp:featuredmedia":[{"embeddable":true,"href":"https:\/\/chtululu.be\/index.php\/wp-json\/wp\/v2\/media\/3156"}],"wp:attachment":[{"href":"https:\/\/chtululu.be\/index.php\/wp-json\/wp\/v2\/media?parent=3155"}],"wp:term":[{"taxonomy":"product_brand","embeddable":true,"href":"https:\/\/chtululu.be\/index.php\/wp-json\/wp\/v2\/product_brand?post=3155"},{"taxonomy":"product_cat","embeddable":true,"href":"https:\/\/chtululu.be\/index.php\/wp-json\/wp\/v2\/product_cat?post=3155"},{"taxonomy":"product_tag","embeddable":true,"href":"https:\/\/chtululu.be\/index.php\/wp-json\/wp\/v2\/product_tag?post=3155"}],"curies":[{"name":"wp","href":"https:\/\/api.w.org\/{rel}","templated":true}]}}