{"id":3091,"date":"2022-05-14T16:42:18","date_gmt":"2022-05-14T15:42:18","guid":{"rendered":"https:\/\/chtululu.be\/?post_type=product&#038;p=3091"},"modified":"2022-05-14T16:58:57","modified_gmt":"2022-05-14T15:58:57","slug":"akihabaradeep","status":"publish","type":"product","link":"https:\/\/chtululu.be\/index.php\/produit\/akihabaradeep\/","title":{"rendered":"Akihabara@Deep (6 tomes &#8211; S\u00e9rie compl\u00e8te)"},"content":{"rendered":"<h1>Akihabara@Deep<\/h1>\n<h2>R\u00e9sum\u00e9 de la s\u00e9rie manga Akihabara@Deep<\/h2>\n<div class=\"description\">\n<div class=\"description\">\n<p class=\"bigsize\">K\u00f4ji Shima est un jeune homme qui peine \u00e0 trouver un job. Ses recherches d\u2019emploi le m\u00e8nent dans le quartier Tokyo\u00efte d\u2019Akihabara, o\u00f9 il d\u00e9couvre le monde des \u00abOtakus\u00bb, des \u00abCosplayeuses\u00bb et des bars o\u00f9 les serveuses<br \/>\nsont d\u00e9guis\u00e9es en soubrettes sexy. Il y fait la rencontre d\u2019un groupe d\u2019adolescents qui ont pour mission de g\u00e9rer un site internet dont le nom est \u00abLe garde du corps de Yui\u00bb. Ce site a pour vocation de prot\u00e9ger le quartier d\u2019Akihabara et ses habitants de tous les probl\u00e8mes g\u00e9n\u00e9r\u00e9s par d\u2019\u00e9ventuels \u00abhackers\u00bb mal intentionn\u00e9s. K\u00f4ji, gr\u00e2ce \u00e0 ses comp\u00e9tences informatiques hors normes, va tout naturellement int\u00e9grer cette \u00e9quipe et donner ainsi un sens \u00e0 sa vie.<\/p>\n<p>&nbsp;<\/p>\n<p><em>R\u00e9sum\u00e9 tir\u00e9 de <a href=\"https:\/\/www.manga-news.com\/index.php\/serie\/Akihabara\">Manga-news<\/a><\/em><\/p>\n<p>&nbsp;<\/p>\n<p>Envie de d\u00e9couvrir d&rsquo;autres Seinen ? D\u00e9couvrez <a href=\"https:\/\/chtululu.be\/index.php\/produit\/seinen\/\">notre liste de Seinen<\/a> !<\/p>\n<\/div>\n<\/div>\n","protected":false},"excerpt":{"rendered":"<p>Akihabara@Deep (6 tomes)<\/p>\n","protected":false},"featured_media":3092,"template":"","meta":{"_acf_changed":false,"_exactmetrics_skip_tracking":false,"_exactmetrics_sitenote_active":false,"_exactmetrics_sitenote_note":"","_exactmetrics_sitenote_category":0},"product_brand":[],"product_cat":[387],"product_tag":[],"class_list":{"0":"post-3091","1":"product","2":"type-product","3":"status-publish","4":"has-post-thumbnail","6":"product_cat-mangas","8":"first","9":"instock","10":"sold-individually","11":"taxable","12":"shipping-taxable","13":"purchasable","14":"product-type-simple"},"acf":[],"yoast_head":"<!-- This site is optimized with the Yoast SEO plugin v26.6 - https:\/\/yoast.com\/wordpress\/plugins\/seo\/ -->\n<title>Akihabara@Deep (s\u00e9rie compl\u00e8te) en seconde main au Chtululu<\/title>\n<meta name=\"description\" content=\"La s\u00e9rie Akihabara@Deep (s\u00e9rie compl\u00e8te) est disponible en seconde main au Chtululu (Soignies), en r\u00e9servation ou \u00e0 la livraison.\" \/>\n<meta name=\"robots\" content=\"index, follow, max-snippet:-1, max-image-preview:large, max-video-preview:-1\" \/>\n<link rel=\"canonical\" href=\"https:\/\/chtululu.be\/index.php\/produit\/akihabaradeep\/\" \/>\n<meta property=\"og:locale\" content=\"fr_FR\" \/>\n<meta property=\"og:type\" content=\"article\" \/>\n<meta property=\"og:title\" content=\"Akihabara@Deep (s\u00e9rie compl\u00e8te) en seconde main au Chtululu\" \/>\n<meta property=\"og:description\" content=\"La s\u00e9rie Akihabara@Deep (s\u00e9rie compl\u00e8te) est disponible en seconde main au Chtululu (Soignies), en r\u00e9servation ou \u00e0 la livraison.\" \/>\n<meta property=\"og:url\" content=\"https:\/\/chtululu.be\/index.php\/produit\/akihabaradeep\/\" \/>\n<meta property=\"og:site_name\" content=\"Le Chtululu\" \/>\n<meta property=\"article:modified_time\" content=\"2022-05-14T15:58:57+00:00\" \/>\n<meta property=\"og:image\" content=\"https:\/\/chtululu.be\/wp-content\/uploads\/2022\/05\/IMG_20220514_173702-scaled.jpg\" \/>\n\t<meta property=\"og:image:width\" content=\"1920\" \/>\n\t<meta property=\"og:image:height\" content=\"2560\" \/>\n\t<meta property=\"og:image:type\" content=\"image\/jpeg\" \/>\n<meta name=\"twitter:card\" content=\"summary_large_image\" \/>\n<meta name=\"twitter:label1\" content=\"Dur\u00e9e de lecture estim\u00e9e\" \/>\n\t<meta name=\"twitter:data1\" content=\"1 minute\" \/>\n<script type=\"application\/ld+json\" class=\"yoast-schema-graph\">{\"@context\":\"https:\/\/schema.org\",\"@graph\":[{\"@type\":\"WebPage\",\"@id\":\"https:\/\/chtululu.be\/index.php\/produit\/akihabaradeep\/\",\"url\":\"https:\/\/chtululu.be\/index.php\/produit\/akihabaradeep\/\",\"name\":\"Akihabara@Deep (s\u00e9rie compl\u00e8te) en seconde main au Chtululu\",\"isPartOf\":{\"@id\":\"https:\/\/chtululu.be\/#website\"},\"primaryImageOfPage\":{\"@id\":\"https:\/\/chtululu.be\/index.php\/produit\/akihabaradeep\/#primaryimage\"},\"image\":{\"@id\":\"https:\/\/chtululu.be\/index.php\/produit\/akihabaradeep\/#primaryimage\"},\"thumbnailUrl\":\"https:\/\/chtululu.be\/wp-content\/uploads\/2022\/05\/IMG_20220514_173702-scaled.jpg\",\"datePublished\":\"2022-05-14T15:42:18+00:00\",\"dateModified\":\"2022-05-14T15:58:57+00:00\",\"description\":\"La s\u00e9rie Akihabara@Deep (s\u00e9rie compl\u00e8te) est disponible en seconde main au Chtululu (Soignies), en r\u00e9servation ou \u00e0 la livraison.\",\"breadcrumb\":{\"@id\":\"https:\/\/chtululu.be\/index.php\/produit\/akihabaradeep\/#breadcrumb\"},\"inLanguage\":\"fr-FR\",\"potentialAction\":[{\"@type\":\"ReadAction\",\"target\":[\"https:\/\/chtululu.be\/index.php\/produit\/akihabaradeep\/\"]}]},{\"@type\":\"ImageObject\",\"inLanguage\":\"fr-FR\",\"@id\":\"https:\/\/chtululu.be\/index.php\/produit\/akihabaradeep\/#primaryimage\",\"url\":\"https:\/\/chtululu.be\/wp-content\/uploads\/2022\/05\/IMG_20220514_173702-scaled.jpg\",\"contentUrl\":\"https:\/\/chtululu.be\/wp-content\/uploads\/2022\/05\/IMG_20220514_173702-scaled.jpg\",\"width\":1920,\"height\":2560,\"caption\":\"Akihabara@Deep\"},{\"@type\":\"BreadcrumbList\",\"@id\":\"https:\/\/chtululu.be\/index.php\/produit\/akihabaradeep\/#breadcrumb\",\"itemListElement\":[{\"@type\":\"ListItem\",\"position\":1,\"name\":\"Accueil\",\"item\":\"https:\/\/chtululu.be\/\"},{\"@type\":\"ListItem\",\"position\":2,\"name\":\"Les livres\",\"item\":\"https:\/\/chtululu.be\/index.php\/livres-doccasion\/\"},{\"@type\":\"ListItem\",\"position\":3,\"name\":\"Akihabara@Deep (6 tomes &#8211; S\u00e9rie compl\u00e8te)\"}]},{\"@type\":\"WebSite\",\"@id\":\"https:\/\/chtululu.be\/#website\",\"url\":\"https:\/\/chtululu.be\/\",\"name\":\"Le Chtululu\",\"description\":\"Votre librairie de seconde main \u00e0 Soignies\",\"publisher\":{\"@id\":\"https:\/\/chtululu.be\/#organization\"},\"potentialAction\":[{\"@type\":\"SearchAction\",\"target\":{\"@type\":\"EntryPoint\",\"urlTemplate\":\"https:\/\/chtululu.be\/?s={search_term_string}\"},\"query-input\":{\"@type\":\"PropertyValueSpecification\",\"valueRequired\":true,\"valueName\":\"search_term_string\"}}],\"inLanguage\":\"fr-FR\"},{\"@type\":\"Organization\",\"@id\":\"https:\/\/chtululu.be\/#organization\",\"name\":\"Le Chtululu\",\"url\":\"https:\/\/chtululu.be\/\",\"logo\":{\"@type\":\"ImageObject\",\"inLanguage\":\"fr-FR\",\"@id\":\"https:\/\/chtululu.be\/#\/schema\/logo\/image\/\",\"url\":\"https:\/\/chtululu.be\/wp-content\/uploads\/2016\/05\/logo-def-blanc.jpg\",\"contentUrl\":\"https:\/\/chtululu.be\/wp-content\/uploads\/2016\/05\/logo-def-blanc.jpg\",\"width\":2048,\"height\":1901,\"caption\":\"Le Chtululu\"},\"image\":{\"@id\":\"https:\/\/chtululu.be\/#\/schema\/logo\/image\/\"}}]}<\/script>\n<!-- \/ Yoast SEO plugin. -->","yoast_head_json":{"title":"Akihabara@Deep (s\u00e9rie compl\u00e8te) en seconde main au Chtululu","description":"La s\u00e9rie Akihabara@Deep (s\u00e9rie compl\u00e8te) est disponible en seconde main au Chtululu (Soignies), en r\u00e9servation ou \u00e0 la livraison.","robots":{"index":"index","follow":"follow","max-snippet":"max-snippet:-1","max-image-preview":"max-image-preview:large","max-video-preview":"max-video-preview:-1"},"canonical":"https:\/\/chtululu.be\/index.php\/produit\/akihabaradeep\/","og_locale":"fr_FR","og_type":"article","og_title":"Akihabara@Deep (s\u00e9rie compl\u00e8te) en seconde main au Chtululu","og_description":"La s\u00e9rie Akihabara@Deep (s\u00e9rie compl\u00e8te) est disponible en seconde main au Chtululu (Soignies), en r\u00e9servation ou \u00e0 la livraison.","og_url":"https:\/\/chtululu.be\/index.php\/produit\/akihabaradeep\/","og_site_name":"Le Chtululu","article_modified_time":"2022-05-14T15:58:57+00:00","og_image":[{"width":1920,"height":2560,"url":"https:\/\/chtululu.be\/wp-content\/uploads\/2022\/05\/IMG_20220514_173702-scaled.jpg","type":"image\/jpeg"}],"twitter_card":"summary_large_image","twitter_misc":{"Dur\u00e9e de lecture estim\u00e9e":"1 minute"},"schema":{"@context":"https:\/\/schema.org","@graph":[{"@type":"WebPage","@id":"https:\/\/chtululu.be\/index.php\/produit\/akihabaradeep\/","url":"https:\/\/chtululu.be\/index.php\/produit\/akihabaradeep\/","name":"Akihabara@Deep (s\u00e9rie compl\u00e8te) en seconde main au Chtululu","isPartOf":{"@id":"https:\/\/chtululu.be\/#website"},"primaryImageOfPage":{"@id":"https:\/\/chtululu.be\/index.php\/produit\/akihabaradeep\/#primaryimage"},"image":{"@id":"https:\/\/chtululu.be\/index.php\/produit\/akihabaradeep\/#primaryimage"},"thumbnailUrl":"https:\/\/chtululu.be\/wp-content\/uploads\/2022\/05\/IMG_20220514_173702-scaled.jpg","datePublished":"2022-05-14T15:42:18+00:00","dateModified":"2022-05-14T15:58:57+00:00","description":"La s\u00e9rie Akihabara@Deep (s\u00e9rie compl\u00e8te) est disponible en seconde main au Chtululu (Soignies), en r\u00e9servation ou \u00e0 la livraison.","breadcrumb":{"@id":"https:\/\/chtululu.be\/index.php\/produit\/akihabaradeep\/#breadcrumb"},"inLanguage":"fr-FR","potentialAction":[{"@type":"ReadAction","target":["https:\/\/chtululu.be\/index.php\/produit\/akihabaradeep\/"]}]},{"@type":"ImageObject","inLanguage":"fr-FR","@id":"https:\/\/chtululu.be\/index.php\/produit\/akihabaradeep\/#primaryimage","url":"https:\/\/chtululu.be\/wp-content\/uploads\/2022\/05\/IMG_20220514_173702-scaled.jpg","contentUrl":"https:\/\/chtululu.be\/wp-content\/uploads\/2022\/05\/IMG_20220514_173702-scaled.jpg","width":1920,"height":2560,"caption":"Akihabara@Deep"},{"@type":"BreadcrumbList","@id":"https:\/\/chtululu.be\/index.php\/produit\/akihabaradeep\/#breadcrumb","itemListElement":[{"@type":"ListItem","position":1,"name":"Accueil","item":"https:\/\/chtululu.be\/"},{"@type":"ListItem","position":2,"name":"Les livres","item":"https:\/\/chtululu.be\/index.php\/livres-doccasion\/"},{"@type":"ListItem","position":3,"name":"Akihabara@Deep (6 tomes &#8211; S\u00e9rie compl\u00e8te)"}]},{"@type":"WebSite","@id":"https:\/\/chtululu.be\/#website","url":"https:\/\/chtululu.be\/","name":"Le Chtululu","description":"Votre librairie de seconde main \u00e0 Soignies","publisher":{"@id":"https:\/\/chtululu.be\/#organization"},"potentialAction":[{"@type":"SearchAction","target":{"@type":"EntryPoint","urlTemplate":"https:\/\/chtululu.be\/?s={search_term_string}"},"query-input":{"@type":"PropertyValueSpecification","valueRequired":true,"valueName":"search_term_string"}}],"inLanguage":"fr-FR"},{"@type":"Organization","@id":"https:\/\/chtululu.be\/#organization","name":"Le Chtululu","url":"https:\/\/chtululu.be\/","logo":{"@type":"ImageObject","inLanguage":"fr-FR","@id":"https:\/\/chtululu.be\/#\/schema\/logo\/image\/","url":"https:\/\/chtululu.be\/wp-content\/uploads\/2016\/05\/logo-def-blanc.jpg","contentUrl":"https:\/\/chtululu.be\/wp-content\/uploads\/2016\/05\/logo-def-blanc.jpg","width":2048,"height":1901,"caption":"Le Chtululu"},"image":{"@id":"https:\/\/chtululu.be\/#\/schema\/logo\/image\/"}}]}},"_links":{"self":[{"href":"https:\/\/chtululu.be\/index.php\/wp-json\/wp\/v2\/product\/3091","targetHints":{"allow":["GET"]}}],"collection":[{"href":"https:\/\/chtululu.be\/index.php\/wp-json\/wp\/v2\/product"}],"about":[{"href":"https:\/\/chtululu.be\/index.php\/wp-json\/wp\/v2\/types\/product"}],"wp:featuredmedia":[{"embeddable":true,"href":"https:\/\/chtululu.be\/index.php\/wp-json\/wp\/v2\/media\/3092"}],"wp:attachment":[{"href":"https:\/\/chtululu.be\/index.php\/wp-json\/wp\/v2\/media?parent=3091"}],"wp:term":[{"taxonomy":"product_brand","embeddable":true,"href":"https:\/\/chtululu.be\/index.php\/wp-json\/wp\/v2\/product_brand?post=3091"},{"taxonomy":"product_cat","embeddable":true,"href":"https:\/\/chtululu.be\/index.php\/wp-json\/wp\/v2\/product_cat?post=3091"},{"taxonomy":"product_tag","embeddable":true,"href":"https:\/\/chtululu.be\/index.php\/wp-json\/wp\/v2\/product_tag?post=3091"}],"curies":[{"name":"wp","href":"https:\/\/api.w.org\/{rel}","templated":true}]}}