{"id":3068,"date":"2022-04-10T10:15:43","date_gmt":"2022-04-10T09:15:43","guid":{"rendered":"https:\/\/chtululu.be\/?post_type=product&#038;p=3068"},"modified":"2022-04-10T11:17:04","modified_gmt":"2022-04-10T10:17:04","slug":"conan-doyle","status":"publish","type":"product","link":"https:\/\/chtululu.be\/index.php\/produit\/conan-doyle\/","title":{"rendered":"Arthur Conan Doyle, \u0153uvres compl\u00e8tes (vol. I, VI et XIX)"},"content":{"rendered":"<h1>Arthur Conan Doyle, \u0153uvres compl\u00e8tes (vol. I, VI et XIX)<\/h1>\n<p>D\u00e9couvrez trois volumes de l&rsquo;\u0153uvre d&rsquo;Arthur Conan Doyle.<\/p>\n<p>&nbsp;<\/p>\n<h2>Vol. I<\/h2>\n<div class=\"description\">\n<div class=\"description\">\n<ul>\n<li class=\"bigsize\">Girldelstone et Cie<\/li>\n<li>Raffles Haw<\/li>\n<li>Idylle de banlieue<\/li>\n<\/ul>\n<p>&nbsp;<\/p>\n<h2>Vol. VI. Le cycle de Sherlock Holmes<\/h2>\n<ul>\n<li>Les Archives de Sherlock Holmes<\/li>\n<li>Les Exploits de Sherlock Holmes<\/li>\n<\/ul>\n<p>&nbsp;<\/p>\n<\/div>\n<h2>Vol. XIX. Le professeur Challenger<\/h2>\n<ul>\n<li>Le monde perdu<\/li>\n<li>La Ceinture empoisonn\u00e9e<\/li>\n<li>Au pays de Brumes<\/li>\n<li>La machine \u00e0 d\u00e9sint\u00e9grer<\/li>\n<li>Quand la terre hurla<\/li>\n<\/ul>\n<p>(la couverture de ce volume se d\u00e9tache un peu. Voir la photo).<\/p>\n<p>&nbsp;<\/p>\n<p>Vous \u00eates fan d&rsquo;Arthur Conan Doyle et de Sherlock Holmes ? <a href=\"https:\/\/chtululu.be\/index.php\/etiquette-produit\/conan-doyle-arthur\/\">D\u00e9couvrez tous les autres livres de l&rsquo;auteur<\/a>.<\/p>\n<\/div>\n","protected":false},"excerpt":{"rendered":"<p>\u0152uvres compl\u00e8tes d&rsquo;Arthur Conan Doyle<\/p>\n","protected":false},"featured_media":3070,"template":"","meta":{"_acf_changed":false,"_exactmetrics_skip_tracking":false,"_exactmetrics_sitenote_active":false,"_exactmetrics_sitenote_note":"","_exactmetrics_sitenote_category":0},"product_brand":[],"product_cat":[385],"product_tag":[102],"class_list":{"0":"post-3068","1":"product","2":"type-product","3":"status-publish","4":"has-post-thumbnail","6":"product_cat-thrillers-policiers","7":"product_tag-conan-doyle-arthur","9":"first","10":"instock","11":"sold-individually","12":"taxable","13":"shipping-taxable","14":"purchasable","15":"product-type-simple"},"acf":[],"yoast_head":"<!-- This site is optimized with the Yoast SEO plugin v26.6 - https:\/\/yoast.com\/wordpress\/plugins\/seo\/ -->\n<title>Le Arthur Conan Doyle, \u0153uvres compl\u00e8tes (vol. I, VI et XIX) au Chtululu<\/title>\n<meta name=\"description\" content=\"\u0152uvres compl\u00e8tes d&#039;Arthur Conan Doyle (vol. I, VI et XIX) sont disponibles en seconde main au Chtululu, en r\u00e9servation ou \u00e0 la livraison.\" \/>\n<meta name=\"robots\" content=\"index, follow, max-snippet:-1, max-image-preview:large, max-video-preview:-1\" \/>\n<link rel=\"canonical\" href=\"https:\/\/chtululu.be\/index.php\/produit\/conan-doyle\/\" \/>\n<meta property=\"og:locale\" content=\"fr_FR\" \/>\n<meta property=\"og:type\" content=\"article\" \/>\n<meta property=\"og:title\" content=\"Le Arthur Conan Doyle, \u0153uvres compl\u00e8tes (vol. I, VI et XIX) au Chtululu\" \/>\n<meta property=\"og:description\" content=\"\u0152uvres compl\u00e8tes d&#039;Arthur Conan Doyle (vol. I, VI et XIX) sont disponibles en seconde main au Chtululu, en r\u00e9servation ou \u00e0 la livraison.\" \/>\n<meta property=\"og:url\" content=\"https:\/\/chtululu.be\/index.php\/produit\/conan-doyle\/\" \/>\n<meta property=\"og:site_name\" content=\"Le Chtululu\" \/>\n<meta property=\"article:modified_time\" content=\"2022-04-10T10:17:04+00:00\" \/>\n<meta property=\"og:image\" content=\"https:\/\/chtululu.be\/wp-content\/uploads\/2022\/04\/doyle1.png\" \/>\n\t<meta property=\"og:image:width\" content=\"500\" \/>\n\t<meta property=\"og:image:height\" content=\"500\" \/>\n\t<meta property=\"og:image:type\" content=\"image\/png\" \/>\n<meta name=\"twitter:card\" content=\"summary_large_image\" \/>\n<meta name=\"twitter:label1\" content=\"Dur\u00e9e de lecture estim\u00e9e\" \/>\n\t<meta name=\"twitter:data1\" content=\"1 minute\" \/>\n<script type=\"application\/ld+json\" class=\"yoast-schema-graph\">{\"@context\":\"https:\/\/schema.org\",\"@graph\":[{\"@type\":\"WebPage\",\"@id\":\"https:\/\/chtululu.be\/index.php\/produit\/conan-doyle\/\",\"url\":\"https:\/\/chtululu.be\/index.php\/produit\/conan-doyle\/\",\"name\":\"Le Arthur Conan Doyle, \u0153uvres compl\u00e8tes (vol. I, VI et XIX) au Chtululu\",\"isPartOf\":{\"@id\":\"https:\/\/chtululu.be\/#website\"},\"primaryImageOfPage\":{\"@id\":\"https:\/\/chtululu.be\/index.php\/produit\/conan-doyle\/#primaryimage\"},\"image\":{\"@id\":\"https:\/\/chtululu.be\/index.php\/produit\/conan-doyle\/#primaryimage\"},\"thumbnailUrl\":\"https:\/\/chtululu.be\/wp-content\/uploads\/2022\/04\/doyle1.png\",\"datePublished\":\"2022-04-10T09:15:43+00:00\",\"dateModified\":\"2022-04-10T10:17:04+00:00\",\"description\":\"\u0152uvres compl\u00e8tes d'Arthur Conan Doyle (vol. I, VI et XIX) sont disponibles en seconde main au Chtululu, en r\u00e9servation ou \u00e0 la livraison.\",\"breadcrumb\":{\"@id\":\"https:\/\/chtululu.be\/index.php\/produit\/conan-doyle\/#breadcrumb\"},\"inLanguage\":\"fr-FR\",\"potentialAction\":[{\"@type\":\"ReadAction\",\"target\":[\"https:\/\/chtululu.be\/index.php\/produit\/conan-doyle\/\"]}]},{\"@type\":\"ImageObject\",\"inLanguage\":\"fr-FR\",\"@id\":\"https:\/\/chtululu.be\/index.php\/produit\/conan-doyle\/#primaryimage\",\"url\":\"https:\/\/chtululu.be\/wp-content\/uploads\/2022\/04\/doyle1.png\",\"contentUrl\":\"https:\/\/chtululu.be\/wp-content\/uploads\/2022\/04\/doyle1.png\",\"width\":500,\"height\":500,\"caption\":\"Arthur Conan Doyle\"},{\"@type\":\"BreadcrumbList\",\"@id\":\"https:\/\/chtululu.be\/index.php\/produit\/conan-doyle\/#breadcrumb\",\"itemListElement\":[{\"@type\":\"ListItem\",\"position\":1,\"name\":\"Accueil\",\"item\":\"https:\/\/chtululu.be\/\"},{\"@type\":\"ListItem\",\"position\":2,\"name\":\"Les livres\",\"item\":\"https:\/\/chtululu.be\/index.php\/livres-doccasion\/\"},{\"@type\":\"ListItem\",\"position\":3,\"name\":\"Arthur Conan Doyle, \u0153uvres compl\u00e8tes (vol. I, VI et XIX)\"}]},{\"@type\":\"WebSite\",\"@id\":\"https:\/\/chtululu.be\/#website\",\"url\":\"https:\/\/chtululu.be\/\",\"name\":\"Le Chtululu\",\"description\":\"Votre librairie de seconde main \u00e0 Soignies\",\"publisher\":{\"@id\":\"https:\/\/chtululu.be\/#organization\"},\"potentialAction\":[{\"@type\":\"SearchAction\",\"target\":{\"@type\":\"EntryPoint\",\"urlTemplate\":\"https:\/\/chtululu.be\/?s={search_term_string}\"},\"query-input\":{\"@type\":\"PropertyValueSpecification\",\"valueRequired\":true,\"valueName\":\"search_term_string\"}}],\"inLanguage\":\"fr-FR\"},{\"@type\":\"Organization\",\"@id\":\"https:\/\/chtululu.be\/#organization\",\"name\":\"Le Chtululu\",\"url\":\"https:\/\/chtululu.be\/\",\"logo\":{\"@type\":\"ImageObject\",\"inLanguage\":\"fr-FR\",\"@id\":\"https:\/\/chtululu.be\/#\/schema\/logo\/image\/\",\"url\":\"https:\/\/chtululu.be\/wp-content\/uploads\/2016\/05\/logo-def-blanc.jpg\",\"contentUrl\":\"https:\/\/chtululu.be\/wp-content\/uploads\/2016\/05\/logo-def-blanc.jpg\",\"width\":2048,\"height\":1901,\"caption\":\"Le Chtululu\"},\"image\":{\"@id\":\"https:\/\/chtululu.be\/#\/schema\/logo\/image\/\"}}]}<\/script>\n<!-- \/ Yoast SEO plugin. -->","yoast_head_json":{"title":"Le Arthur Conan Doyle, \u0153uvres compl\u00e8tes (vol. I, VI et XIX) au Chtululu","description":"\u0152uvres compl\u00e8tes d'Arthur Conan Doyle (vol. I, VI et XIX) sont disponibles en seconde main au Chtululu, en r\u00e9servation ou \u00e0 la livraison.","robots":{"index":"index","follow":"follow","max-snippet":"max-snippet:-1","max-image-preview":"max-image-preview:large","max-video-preview":"max-video-preview:-1"},"canonical":"https:\/\/chtululu.be\/index.php\/produit\/conan-doyle\/","og_locale":"fr_FR","og_type":"article","og_title":"Le Arthur Conan Doyle, \u0153uvres compl\u00e8tes (vol. I, VI et XIX) au Chtululu","og_description":"\u0152uvres compl\u00e8tes d'Arthur Conan Doyle (vol. I, VI et XIX) sont disponibles en seconde main au Chtululu, en r\u00e9servation ou \u00e0 la livraison.","og_url":"https:\/\/chtululu.be\/index.php\/produit\/conan-doyle\/","og_site_name":"Le Chtululu","article_modified_time":"2022-04-10T10:17:04+00:00","og_image":[{"width":500,"height":500,"url":"https:\/\/chtululu.be\/wp-content\/uploads\/2022\/04\/doyle1.png","type":"image\/png"}],"twitter_card":"summary_large_image","twitter_misc":{"Dur\u00e9e de lecture estim\u00e9e":"1 minute"},"schema":{"@context":"https:\/\/schema.org","@graph":[{"@type":"WebPage","@id":"https:\/\/chtululu.be\/index.php\/produit\/conan-doyle\/","url":"https:\/\/chtululu.be\/index.php\/produit\/conan-doyle\/","name":"Le Arthur Conan Doyle, \u0153uvres compl\u00e8tes (vol. I, VI et XIX) au Chtululu","isPartOf":{"@id":"https:\/\/chtululu.be\/#website"},"primaryImageOfPage":{"@id":"https:\/\/chtululu.be\/index.php\/produit\/conan-doyle\/#primaryimage"},"image":{"@id":"https:\/\/chtululu.be\/index.php\/produit\/conan-doyle\/#primaryimage"},"thumbnailUrl":"https:\/\/chtululu.be\/wp-content\/uploads\/2022\/04\/doyle1.png","datePublished":"2022-04-10T09:15:43+00:00","dateModified":"2022-04-10T10:17:04+00:00","description":"\u0152uvres compl\u00e8tes d'Arthur Conan Doyle (vol. I, VI et XIX) sont disponibles en seconde main au Chtululu, en r\u00e9servation ou \u00e0 la livraison.","breadcrumb":{"@id":"https:\/\/chtululu.be\/index.php\/produit\/conan-doyle\/#breadcrumb"},"inLanguage":"fr-FR","potentialAction":[{"@type":"ReadAction","target":["https:\/\/chtululu.be\/index.php\/produit\/conan-doyle\/"]}]},{"@type":"ImageObject","inLanguage":"fr-FR","@id":"https:\/\/chtululu.be\/index.php\/produit\/conan-doyle\/#primaryimage","url":"https:\/\/chtululu.be\/wp-content\/uploads\/2022\/04\/doyle1.png","contentUrl":"https:\/\/chtululu.be\/wp-content\/uploads\/2022\/04\/doyle1.png","width":500,"height":500,"caption":"Arthur Conan Doyle"},{"@type":"BreadcrumbList","@id":"https:\/\/chtululu.be\/index.php\/produit\/conan-doyle\/#breadcrumb","itemListElement":[{"@type":"ListItem","position":1,"name":"Accueil","item":"https:\/\/chtululu.be\/"},{"@type":"ListItem","position":2,"name":"Les livres","item":"https:\/\/chtululu.be\/index.php\/livres-doccasion\/"},{"@type":"ListItem","position":3,"name":"Arthur Conan Doyle, \u0153uvres compl\u00e8tes (vol. I, VI et XIX)"}]},{"@type":"WebSite","@id":"https:\/\/chtululu.be\/#website","url":"https:\/\/chtululu.be\/","name":"Le Chtululu","description":"Votre librairie de seconde main \u00e0 Soignies","publisher":{"@id":"https:\/\/chtululu.be\/#organization"},"potentialAction":[{"@type":"SearchAction","target":{"@type":"EntryPoint","urlTemplate":"https:\/\/chtululu.be\/?s={search_term_string}"},"query-input":{"@type":"PropertyValueSpecification","valueRequired":true,"valueName":"search_term_string"}}],"inLanguage":"fr-FR"},{"@type":"Organization","@id":"https:\/\/chtululu.be\/#organization","name":"Le Chtululu","url":"https:\/\/chtululu.be\/","logo":{"@type":"ImageObject","inLanguage":"fr-FR","@id":"https:\/\/chtululu.be\/#\/schema\/logo\/image\/","url":"https:\/\/chtululu.be\/wp-content\/uploads\/2016\/05\/logo-def-blanc.jpg","contentUrl":"https:\/\/chtululu.be\/wp-content\/uploads\/2016\/05\/logo-def-blanc.jpg","width":2048,"height":1901,"caption":"Le Chtululu"},"image":{"@id":"https:\/\/chtululu.be\/#\/schema\/logo\/image\/"}}]}},"_links":{"self":[{"href":"https:\/\/chtululu.be\/index.php\/wp-json\/wp\/v2\/product\/3068","targetHints":{"allow":["GET"]}}],"collection":[{"href":"https:\/\/chtululu.be\/index.php\/wp-json\/wp\/v2\/product"}],"about":[{"href":"https:\/\/chtululu.be\/index.php\/wp-json\/wp\/v2\/types\/product"}],"wp:featuredmedia":[{"embeddable":true,"href":"https:\/\/chtululu.be\/index.php\/wp-json\/wp\/v2\/media\/3070"}],"wp:attachment":[{"href":"https:\/\/chtululu.be\/index.php\/wp-json\/wp\/v2\/media?parent=3068"}],"wp:term":[{"taxonomy":"product_brand","embeddable":true,"href":"https:\/\/chtululu.be\/index.php\/wp-json\/wp\/v2\/product_brand?post=3068"},{"taxonomy":"product_cat","embeddable":true,"href":"https:\/\/chtululu.be\/index.php\/wp-json\/wp\/v2\/product_cat?post=3068"},{"taxonomy":"product_tag","embeddable":true,"href":"https:\/\/chtululu.be\/index.php\/wp-json\/wp\/v2\/product_tag?post=3068"}],"curies":[{"name":"wp","href":"https:\/\/api.w.org\/{rel}","templated":true}]}}