{"id":3009,"date":"2022-04-04T21:57:28","date_gmt":"2022-04-04T20:57:28","guid":{"rendered":"https:\/\/chtululu.be\/?post_type=product&#038;p=3009"},"modified":"2022-04-04T22:18:03","modified_gmt":"2022-04-04T21:18:03","slug":"musique","status":"publish","type":"product","link":"https:\/\/chtululu.be\/index.php\/produit\/musique\/","title":{"rendered":"Musique (Danielle Steel)"},"content":{"rendered":"<h2>Musique (Danielle Steel)<\/h2>\n<h2 class=\"orange \">4e de couverture<\/h2>\n<div class=\"reset-content\">\n<p><strong>D\u00e9couvrez le roman Musique de Danielle Steel<\/strong><\/p>\n<p>Seule et d\u00e9prim\u00e9e, apr\u00e8s le d\u00e9c\u00e8s de son mari, st\u00e9phanie ne sait plus que faire d&rsquo;elle-m\u00eame. Elle accepte a contrecoeur de partir en vacances avec deux couples d&rsquo;amis et passe un s\u00e9jour doux-amer. Sur la route du retour, sous l&rsquo;impulsion du moment, elle se rend \u00e0 Las Vegas. Apr\u00e8s tout, personne ne l&rsquo;attend plus chez elle.<\/p>\n<p>Elle d\u00e9couvre les paysages uniques du Grand Canyon et fait la rencontre de Chase, un homme charmant avec qui elle prend plaisir a discuter, gracieusement, il lui offre des billets pour un concert. Ce n&rsquo;est que plus tard qu&rsquo;elle comprend qu&rsquo;il n&rsquo;est autre que Chase Taylor, grande star mondialement connue de la musique country. Et quand il lui propose de l&rsquo;accompagner entourn\u00e9e, St\u00e9phanie accepte s\u00e9duite \u00e0 l&rsquo;id\u00e9e de rencontrer de nouvelles personnes et pr\u00eate a se laisser porter par la musique.<\/p>\n<p>Vous adorez <a href=\"https:\/\/chtululu.be\/index.php\/etiquette-produit\/steel-danielle\/\" target=\"_blank\" rel=\"noopener noreferrer\">Danielle Steel<\/a> ? D\u00e9couvrez les livres que nous avons en stock.<\/p>\n<\/div>\n","protected":false},"excerpt":{"rendered":"<p>Musique de Danielle Steel<\/p>\n","protected":false},"featured_media":3010,"template":"","meta":{"_acf_changed":false,"_exactmetrics_skip_tracking":false,"_exactmetrics_sitenote_active":false,"_exactmetrics_sitenote_note":"","_exactmetrics_sitenote_category":0},"product_brand":[],"product_cat":[24],"product_tag":[467],"class_list":{"0":"post-3009","1":"product","2":"type-product","3":"status-publish","4":"has-post-thumbnail","6":"product_cat-roman","7":"product_tag-steel-danielle","9":"first","10":"instock","11":"sold-individually","12":"taxable","13":"shipping-taxable","14":"purchasable","15":"product-type-simple"},"acf":[],"yoast_head":"<!-- This site is optimized with the Yoast SEO plugin v26.6 - https:\/\/yoast.com\/wordpress\/plugins\/seo\/ -->\n<title>Musique de Danielle Steel est disponible sur chtululu.be<\/title>\n<meta name=\"description\" content=\"Le roman Musique de Danielle Steel et bien d&#039;autres sont disponibles en seconde main au Chtululu, sur r\u00e9servation ou \u00e0 la livraison.\" \/>\n<meta name=\"robots\" content=\"index, follow, max-snippet:-1, max-image-preview:large, max-video-preview:-1\" \/>\n<link rel=\"canonical\" href=\"https:\/\/chtululu.be\/index.php\/produit\/musique\/\" \/>\n<meta property=\"og:locale\" content=\"fr_FR\" \/>\n<meta property=\"og:type\" content=\"article\" \/>\n<meta property=\"og:title\" content=\"Musique de Danielle Steel est disponible sur chtululu.be\" \/>\n<meta property=\"og:description\" content=\"Le roman Musique de Danielle Steel et bien d&#039;autres sont disponibles en seconde main au Chtululu, sur r\u00e9servation ou \u00e0 la livraison.\" \/>\n<meta property=\"og:url\" content=\"https:\/\/chtululu.be\/index.php\/produit\/musique\/\" \/>\n<meta property=\"og:site_name\" content=\"Le Chtululu\" \/>\n<meta property=\"article:modified_time\" content=\"2022-04-04T21:18:03+00:00\" \/>\n<meta property=\"og:image\" content=\"https:\/\/chtululu.be\/wp-content\/uploads\/2022\/04\/musique1.png\" \/>\n\t<meta property=\"og:image:width\" content=\"500\" \/>\n\t<meta property=\"og:image:height\" content=\"500\" \/>\n\t<meta property=\"og:image:type\" content=\"image\/png\" \/>\n<meta name=\"twitter:card\" content=\"summary_large_image\" \/>\n<meta name=\"twitter:label1\" content=\"Dur\u00e9e de lecture estim\u00e9e\" \/>\n\t<meta name=\"twitter:data1\" content=\"1 minute\" \/>\n<script type=\"application\/ld+json\" class=\"yoast-schema-graph\">{\"@context\":\"https:\/\/schema.org\",\"@graph\":[{\"@type\":\"WebPage\",\"@id\":\"https:\/\/chtululu.be\/index.php\/produit\/musique\/\",\"url\":\"https:\/\/chtululu.be\/index.php\/produit\/musique\/\",\"name\":\"Musique de Danielle Steel est disponible sur chtululu.be\",\"isPartOf\":{\"@id\":\"https:\/\/chtululu.be\/#website\"},\"primaryImageOfPage\":{\"@id\":\"https:\/\/chtululu.be\/index.php\/produit\/musique\/#primaryimage\"},\"image\":{\"@id\":\"https:\/\/chtululu.be\/index.php\/produit\/musique\/#primaryimage\"},\"thumbnailUrl\":\"https:\/\/chtululu.be\/wp-content\/uploads\/2022\/04\/musique1.png\",\"datePublished\":\"2022-04-04T20:57:28+00:00\",\"dateModified\":\"2022-04-04T21:18:03+00:00\",\"description\":\"Le roman Musique de Danielle Steel et bien d'autres sont disponibles en seconde main au Chtululu, sur r\u00e9servation ou \u00e0 la livraison.\",\"breadcrumb\":{\"@id\":\"https:\/\/chtululu.be\/index.php\/produit\/musique\/#breadcrumb\"},\"inLanguage\":\"fr-FR\",\"potentialAction\":[{\"@type\":\"ReadAction\",\"target\":[\"https:\/\/chtululu.be\/index.php\/produit\/musique\/\"]}]},{\"@type\":\"ImageObject\",\"inLanguage\":\"fr-FR\",\"@id\":\"https:\/\/chtululu.be\/index.php\/produit\/musique\/#primaryimage\",\"url\":\"https:\/\/chtululu.be\/wp-content\/uploads\/2022\/04\/musique1.png\",\"contentUrl\":\"https:\/\/chtululu.be\/wp-content\/uploads\/2022\/04\/musique1.png\",\"width\":500,\"height\":500,\"caption\":\"Musique\"},{\"@type\":\"BreadcrumbList\",\"@id\":\"https:\/\/chtululu.be\/index.php\/produit\/musique\/#breadcrumb\",\"itemListElement\":[{\"@type\":\"ListItem\",\"position\":1,\"name\":\"Accueil\",\"item\":\"https:\/\/chtululu.be\/\"},{\"@type\":\"ListItem\",\"position\":2,\"name\":\"Les livres\",\"item\":\"https:\/\/chtululu.be\/index.php\/livres-doccasion\/\"},{\"@type\":\"ListItem\",\"position\":3,\"name\":\"Musique (Danielle Steel)\"}]},{\"@type\":\"WebSite\",\"@id\":\"https:\/\/chtululu.be\/#website\",\"url\":\"https:\/\/chtululu.be\/\",\"name\":\"Le Chtululu\",\"description\":\"Votre librairie de seconde main \u00e0 Soignies\",\"publisher\":{\"@id\":\"https:\/\/chtululu.be\/#organization\"},\"potentialAction\":[{\"@type\":\"SearchAction\",\"target\":{\"@type\":\"EntryPoint\",\"urlTemplate\":\"https:\/\/chtululu.be\/?s={search_term_string}\"},\"query-input\":{\"@type\":\"PropertyValueSpecification\",\"valueRequired\":true,\"valueName\":\"search_term_string\"}}],\"inLanguage\":\"fr-FR\"},{\"@type\":\"Organization\",\"@id\":\"https:\/\/chtululu.be\/#organization\",\"name\":\"Le Chtululu\",\"url\":\"https:\/\/chtululu.be\/\",\"logo\":{\"@type\":\"ImageObject\",\"inLanguage\":\"fr-FR\",\"@id\":\"https:\/\/chtululu.be\/#\/schema\/logo\/image\/\",\"url\":\"https:\/\/chtululu.be\/wp-content\/uploads\/2016\/05\/logo-def-blanc.jpg\",\"contentUrl\":\"https:\/\/chtululu.be\/wp-content\/uploads\/2016\/05\/logo-def-blanc.jpg\",\"width\":2048,\"height\":1901,\"caption\":\"Le Chtululu\"},\"image\":{\"@id\":\"https:\/\/chtululu.be\/#\/schema\/logo\/image\/\"}}]}<\/script>\n<!-- \/ Yoast SEO plugin. -->","yoast_head_json":{"title":"Musique de Danielle Steel est disponible sur chtululu.be","description":"Le roman Musique de Danielle Steel et bien d'autres sont disponibles en seconde main au Chtululu, sur r\u00e9servation ou \u00e0 la livraison.","robots":{"index":"index","follow":"follow","max-snippet":"max-snippet:-1","max-image-preview":"max-image-preview:large","max-video-preview":"max-video-preview:-1"},"canonical":"https:\/\/chtululu.be\/index.php\/produit\/musique\/","og_locale":"fr_FR","og_type":"article","og_title":"Musique de Danielle Steel est disponible sur chtululu.be","og_description":"Le roman Musique de Danielle Steel et bien d'autres sont disponibles en seconde main au Chtululu, sur r\u00e9servation ou \u00e0 la livraison.","og_url":"https:\/\/chtululu.be\/index.php\/produit\/musique\/","og_site_name":"Le Chtululu","article_modified_time":"2022-04-04T21:18:03+00:00","og_image":[{"width":500,"height":500,"url":"https:\/\/chtululu.be\/wp-content\/uploads\/2022\/04\/musique1.png","type":"image\/png"}],"twitter_card":"summary_large_image","twitter_misc":{"Dur\u00e9e de lecture estim\u00e9e":"1 minute"},"schema":{"@context":"https:\/\/schema.org","@graph":[{"@type":"WebPage","@id":"https:\/\/chtululu.be\/index.php\/produit\/musique\/","url":"https:\/\/chtululu.be\/index.php\/produit\/musique\/","name":"Musique de Danielle Steel est disponible sur chtululu.be","isPartOf":{"@id":"https:\/\/chtululu.be\/#website"},"primaryImageOfPage":{"@id":"https:\/\/chtululu.be\/index.php\/produit\/musique\/#primaryimage"},"image":{"@id":"https:\/\/chtululu.be\/index.php\/produit\/musique\/#primaryimage"},"thumbnailUrl":"https:\/\/chtululu.be\/wp-content\/uploads\/2022\/04\/musique1.png","datePublished":"2022-04-04T20:57:28+00:00","dateModified":"2022-04-04T21:18:03+00:00","description":"Le roman Musique de Danielle Steel et bien d'autres sont disponibles en seconde main au Chtululu, sur r\u00e9servation ou \u00e0 la livraison.","breadcrumb":{"@id":"https:\/\/chtululu.be\/index.php\/produit\/musique\/#breadcrumb"},"inLanguage":"fr-FR","potentialAction":[{"@type":"ReadAction","target":["https:\/\/chtululu.be\/index.php\/produit\/musique\/"]}]},{"@type":"ImageObject","inLanguage":"fr-FR","@id":"https:\/\/chtululu.be\/index.php\/produit\/musique\/#primaryimage","url":"https:\/\/chtululu.be\/wp-content\/uploads\/2022\/04\/musique1.png","contentUrl":"https:\/\/chtululu.be\/wp-content\/uploads\/2022\/04\/musique1.png","width":500,"height":500,"caption":"Musique"},{"@type":"BreadcrumbList","@id":"https:\/\/chtululu.be\/index.php\/produit\/musique\/#breadcrumb","itemListElement":[{"@type":"ListItem","position":1,"name":"Accueil","item":"https:\/\/chtululu.be\/"},{"@type":"ListItem","position":2,"name":"Les livres","item":"https:\/\/chtululu.be\/index.php\/livres-doccasion\/"},{"@type":"ListItem","position":3,"name":"Musique (Danielle Steel)"}]},{"@type":"WebSite","@id":"https:\/\/chtululu.be\/#website","url":"https:\/\/chtululu.be\/","name":"Le Chtululu","description":"Votre librairie de seconde main \u00e0 Soignies","publisher":{"@id":"https:\/\/chtululu.be\/#organization"},"potentialAction":[{"@type":"SearchAction","target":{"@type":"EntryPoint","urlTemplate":"https:\/\/chtululu.be\/?s={search_term_string}"},"query-input":{"@type":"PropertyValueSpecification","valueRequired":true,"valueName":"search_term_string"}}],"inLanguage":"fr-FR"},{"@type":"Organization","@id":"https:\/\/chtululu.be\/#organization","name":"Le Chtululu","url":"https:\/\/chtululu.be\/","logo":{"@type":"ImageObject","inLanguage":"fr-FR","@id":"https:\/\/chtululu.be\/#\/schema\/logo\/image\/","url":"https:\/\/chtululu.be\/wp-content\/uploads\/2016\/05\/logo-def-blanc.jpg","contentUrl":"https:\/\/chtululu.be\/wp-content\/uploads\/2016\/05\/logo-def-blanc.jpg","width":2048,"height":1901,"caption":"Le Chtululu"},"image":{"@id":"https:\/\/chtululu.be\/#\/schema\/logo\/image\/"}}]}},"_links":{"self":[{"href":"https:\/\/chtululu.be\/index.php\/wp-json\/wp\/v2\/product\/3009","targetHints":{"allow":["GET"]}}],"collection":[{"href":"https:\/\/chtululu.be\/index.php\/wp-json\/wp\/v2\/product"}],"about":[{"href":"https:\/\/chtululu.be\/index.php\/wp-json\/wp\/v2\/types\/product"}],"wp:featuredmedia":[{"embeddable":true,"href":"https:\/\/chtululu.be\/index.php\/wp-json\/wp\/v2\/media\/3010"}],"wp:attachment":[{"href":"https:\/\/chtululu.be\/index.php\/wp-json\/wp\/v2\/media?parent=3009"}],"wp:term":[{"taxonomy":"product_brand","embeddable":true,"href":"https:\/\/chtululu.be\/index.php\/wp-json\/wp\/v2\/product_brand?post=3009"},{"taxonomy":"product_cat","embeddable":true,"href":"https:\/\/chtululu.be\/index.php\/wp-json\/wp\/v2\/product_cat?post=3009"},{"taxonomy":"product_tag","embeddable":true,"href":"https:\/\/chtululu.be\/index.php\/wp-json\/wp\/v2\/product_tag?post=3009"}],"curies":[{"name":"wp","href":"https:\/\/api.w.org\/{rel}","templated":true}]}}