{"id":3005,"date":"2022-04-04T21:51:20","date_gmt":"2022-04-04T20:51:20","guid":{"rendered":"https:\/\/chtululu.be\/?post_type=product&#038;p=3005"},"modified":"2022-04-04T21:55:24","modified_gmt":"2022-04-04T20:55:24","slug":"une-vie-parfaite","status":"publish","type":"product","link":"https:\/\/chtululu.be\/index.php\/produit\/une-vie-parfaite\/","title":{"rendered":"Une vie parfaite (Danielle Steel)"},"content":{"rendered":"<h2>Une vie parfaite (Danielle Steel)<\/h2>\n<h2 class=\"orange \">4e de couverture<\/h2>\n<div class=\"reset-content\">\n<p>Une image de bonheur.<\/p>\n<p>Blaise MaCarthy est une star du journalisme t\u00e9l\u00e9vis\u00e9 mondialement connue pour ses interviews percutantes de politiciens et de c\u00e9l\u00e9brit\u00e9s.\u00a0 Mais cette m\u00e8re c\u00e9libataire ne m\u00e8ne pas la belle vie qu&rsquo;imagigent les t\u00e9l\u00e9spectateurs.<\/p>\n<p>Sa fille Salima souffre d&rsquo;un diab\u00e8te de type 1 qui l&rsquo;a rendu aveugle dans son enfance. Son \u00e9tat n\u00e9cessitant des soins permanents, elle r\u00e9side dans un internat sp\u00e9cialis\u00e9 du Massachusetts.\u00a0 \u00c0 la suite d&rsquo;un drame, Salima, alors \u00e2g\u00e9e de dix-neuf ans, doit retourner vvre \u00e0 New York aupr\u00e8s de sa m\u00e8re.<\/p>\n<p>Blaise ne peut assumer le quotidien de sa fille et son travail.\u00a0 L&rsquo;\u00e9cole lui propose donc un \u00e9ducateur sp\u00e9cialis\u00e9: Simon Ward, beau, jeune homme de trente-deux ans aux multiples talents.\u00a0 \u00c0 peine arriv\u00e9 dans leur vie, il bouscule les habitudes de la petite famille.<\/p>\n<\/div>\n","protected":false},"excerpt":{"rendered":"<p>Une vie parfaite de Danielle Steel<\/p>\n","protected":false},"featured_media":3006,"template":"","meta":{"_acf_changed":false,"_exactmetrics_skip_tracking":false,"_exactmetrics_sitenote_active":false,"_exactmetrics_sitenote_note":"","_exactmetrics_sitenote_category":0},"product_brand":[],"product_cat":[24],"product_tag":[467],"class_list":{"0":"post-3005","1":"product","2":"type-product","3":"status-publish","4":"has-post-thumbnail","6":"product_cat-roman","7":"product_tag-steel-danielle","9":"first","10":"instock","11":"sold-individually","12":"taxable","13":"shipping-taxable","14":"purchasable","15":"product-type-simple"},"acf":[],"yoast_head":"<!-- This site is optimized with the Yoast SEO plugin v26.6 - https:\/\/yoast.com\/wordpress\/plugins\/seo\/ -->\n<title>Une vie parfaite de Danielle Steel est disponible sur chtululu.be<\/title>\n<meta name=\"description\" content=\"Une vie parfaite de Danielle Steel est disponible en seconde main au Chtululu, sur r\u00e9servation ou \u00e0 la livraison.\" \/>\n<meta name=\"robots\" content=\"index, follow, max-snippet:-1, max-image-preview:large, max-video-preview:-1\" \/>\n<link rel=\"canonical\" href=\"https:\/\/chtululu.be\/index.php\/produit\/une-vie-parfaite\/\" \/>\n<meta property=\"og:locale\" content=\"fr_FR\" \/>\n<meta property=\"og:type\" content=\"article\" \/>\n<meta property=\"og:title\" content=\"Une vie parfaite de Danielle Steel est disponible sur chtululu.be\" \/>\n<meta property=\"og:description\" content=\"Une vie parfaite de Danielle Steel est disponible en seconde main au Chtululu, sur r\u00e9servation ou \u00e0 la livraison.\" \/>\n<meta property=\"og:url\" content=\"https:\/\/chtululu.be\/index.php\/produit\/une-vie-parfaite\/\" \/>\n<meta property=\"og:site_name\" content=\"Le Chtululu\" \/>\n<meta property=\"article:modified_time\" content=\"2022-04-04T20:55:24+00:00\" \/>\n<meta property=\"og:image\" content=\"https:\/\/chtululu.be\/wp-content\/uploads\/2022\/04\/une-vie-parfaite.png\" \/>\n\t<meta property=\"og:image:width\" content=\"500\" \/>\n\t<meta property=\"og:image:height\" content=\"500\" \/>\n\t<meta property=\"og:image:type\" content=\"image\/png\" \/>\n<meta name=\"twitter:card\" content=\"summary_large_image\" \/>\n<meta name=\"twitter:label1\" content=\"Dur\u00e9e de lecture estim\u00e9e\" \/>\n\t<meta name=\"twitter:data1\" content=\"1 minute\" \/>\n<script type=\"application\/ld+json\" class=\"yoast-schema-graph\">{\"@context\":\"https:\/\/schema.org\",\"@graph\":[{\"@type\":\"WebPage\",\"@id\":\"https:\/\/chtululu.be\/index.php\/produit\/une-vie-parfaite\/\",\"url\":\"https:\/\/chtululu.be\/index.php\/produit\/une-vie-parfaite\/\",\"name\":\"Une vie parfaite de Danielle Steel est disponible sur chtululu.be\",\"isPartOf\":{\"@id\":\"https:\/\/chtululu.be\/#website\"},\"primaryImageOfPage\":{\"@id\":\"https:\/\/chtululu.be\/index.php\/produit\/une-vie-parfaite\/#primaryimage\"},\"image\":{\"@id\":\"https:\/\/chtululu.be\/index.php\/produit\/une-vie-parfaite\/#primaryimage\"},\"thumbnailUrl\":\"https:\/\/chtululu.be\/wp-content\/uploads\/2022\/04\/une-vie-parfaite.png\",\"datePublished\":\"2022-04-04T20:51:20+00:00\",\"dateModified\":\"2022-04-04T20:55:24+00:00\",\"description\":\"Une vie parfaite de Danielle Steel est disponible en seconde main au Chtululu, sur r\u00e9servation ou \u00e0 la livraison.\",\"breadcrumb\":{\"@id\":\"https:\/\/chtululu.be\/index.php\/produit\/une-vie-parfaite\/#breadcrumb\"},\"inLanguage\":\"fr-FR\",\"potentialAction\":[{\"@type\":\"ReadAction\",\"target\":[\"https:\/\/chtululu.be\/index.php\/produit\/une-vie-parfaite\/\"]}]},{\"@type\":\"ImageObject\",\"inLanguage\":\"fr-FR\",\"@id\":\"https:\/\/chtululu.be\/index.php\/produit\/une-vie-parfaite\/#primaryimage\",\"url\":\"https:\/\/chtululu.be\/wp-content\/uploads\/2022\/04\/une-vie-parfaite.png\",\"contentUrl\":\"https:\/\/chtululu.be\/wp-content\/uploads\/2022\/04\/une-vie-parfaite.png\",\"width\":500,\"height\":500,\"caption\":\"Une vie parfaite\"},{\"@type\":\"BreadcrumbList\",\"@id\":\"https:\/\/chtululu.be\/index.php\/produit\/une-vie-parfaite\/#breadcrumb\",\"itemListElement\":[{\"@type\":\"ListItem\",\"position\":1,\"name\":\"Accueil\",\"item\":\"https:\/\/chtululu.be\/\"},{\"@type\":\"ListItem\",\"position\":2,\"name\":\"Les livres\",\"item\":\"https:\/\/chtululu.be\/index.php\/livres-doccasion\/\"},{\"@type\":\"ListItem\",\"position\":3,\"name\":\"Une vie parfaite (Danielle Steel)\"}]},{\"@type\":\"WebSite\",\"@id\":\"https:\/\/chtululu.be\/#website\",\"url\":\"https:\/\/chtululu.be\/\",\"name\":\"Le Chtululu\",\"description\":\"Votre librairie de seconde main \u00e0 Soignies\",\"publisher\":{\"@id\":\"https:\/\/chtululu.be\/#organization\"},\"potentialAction\":[{\"@type\":\"SearchAction\",\"target\":{\"@type\":\"EntryPoint\",\"urlTemplate\":\"https:\/\/chtululu.be\/?s={search_term_string}\"},\"query-input\":{\"@type\":\"PropertyValueSpecification\",\"valueRequired\":true,\"valueName\":\"search_term_string\"}}],\"inLanguage\":\"fr-FR\"},{\"@type\":\"Organization\",\"@id\":\"https:\/\/chtululu.be\/#organization\",\"name\":\"Le Chtululu\",\"url\":\"https:\/\/chtululu.be\/\",\"logo\":{\"@type\":\"ImageObject\",\"inLanguage\":\"fr-FR\",\"@id\":\"https:\/\/chtululu.be\/#\/schema\/logo\/image\/\",\"url\":\"https:\/\/chtululu.be\/wp-content\/uploads\/2016\/05\/logo-def-blanc.jpg\",\"contentUrl\":\"https:\/\/chtululu.be\/wp-content\/uploads\/2016\/05\/logo-def-blanc.jpg\",\"width\":2048,\"height\":1901,\"caption\":\"Le Chtululu\"},\"image\":{\"@id\":\"https:\/\/chtululu.be\/#\/schema\/logo\/image\/\"}}]}<\/script>\n<!-- \/ Yoast SEO plugin. -->","yoast_head_json":{"title":"Une vie parfaite de Danielle Steel est disponible sur chtululu.be","description":"Une vie parfaite de Danielle Steel est disponible en seconde main au Chtululu, sur r\u00e9servation ou \u00e0 la livraison.","robots":{"index":"index","follow":"follow","max-snippet":"max-snippet:-1","max-image-preview":"max-image-preview:large","max-video-preview":"max-video-preview:-1"},"canonical":"https:\/\/chtululu.be\/index.php\/produit\/une-vie-parfaite\/","og_locale":"fr_FR","og_type":"article","og_title":"Une vie parfaite de Danielle Steel est disponible sur chtululu.be","og_description":"Une vie parfaite de Danielle Steel est disponible en seconde main au Chtululu, sur r\u00e9servation ou \u00e0 la livraison.","og_url":"https:\/\/chtululu.be\/index.php\/produit\/une-vie-parfaite\/","og_site_name":"Le Chtululu","article_modified_time":"2022-04-04T20:55:24+00:00","og_image":[{"width":500,"height":500,"url":"https:\/\/chtululu.be\/wp-content\/uploads\/2022\/04\/une-vie-parfaite.png","type":"image\/png"}],"twitter_card":"summary_large_image","twitter_misc":{"Dur\u00e9e de lecture estim\u00e9e":"1 minute"},"schema":{"@context":"https:\/\/schema.org","@graph":[{"@type":"WebPage","@id":"https:\/\/chtululu.be\/index.php\/produit\/une-vie-parfaite\/","url":"https:\/\/chtululu.be\/index.php\/produit\/une-vie-parfaite\/","name":"Une vie parfaite de Danielle Steel est disponible sur chtululu.be","isPartOf":{"@id":"https:\/\/chtululu.be\/#website"},"primaryImageOfPage":{"@id":"https:\/\/chtululu.be\/index.php\/produit\/une-vie-parfaite\/#primaryimage"},"image":{"@id":"https:\/\/chtululu.be\/index.php\/produit\/une-vie-parfaite\/#primaryimage"},"thumbnailUrl":"https:\/\/chtululu.be\/wp-content\/uploads\/2022\/04\/une-vie-parfaite.png","datePublished":"2022-04-04T20:51:20+00:00","dateModified":"2022-04-04T20:55:24+00:00","description":"Une vie parfaite de Danielle Steel est disponible en seconde main au Chtululu, sur r\u00e9servation ou \u00e0 la livraison.","breadcrumb":{"@id":"https:\/\/chtululu.be\/index.php\/produit\/une-vie-parfaite\/#breadcrumb"},"inLanguage":"fr-FR","potentialAction":[{"@type":"ReadAction","target":["https:\/\/chtululu.be\/index.php\/produit\/une-vie-parfaite\/"]}]},{"@type":"ImageObject","inLanguage":"fr-FR","@id":"https:\/\/chtululu.be\/index.php\/produit\/une-vie-parfaite\/#primaryimage","url":"https:\/\/chtululu.be\/wp-content\/uploads\/2022\/04\/une-vie-parfaite.png","contentUrl":"https:\/\/chtululu.be\/wp-content\/uploads\/2022\/04\/une-vie-parfaite.png","width":500,"height":500,"caption":"Une vie parfaite"},{"@type":"BreadcrumbList","@id":"https:\/\/chtululu.be\/index.php\/produit\/une-vie-parfaite\/#breadcrumb","itemListElement":[{"@type":"ListItem","position":1,"name":"Accueil","item":"https:\/\/chtululu.be\/"},{"@type":"ListItem","position":2,"name":"Les livres","item":"https:\/\/chtululu.be\/index.php\/livres-doccasion\/"},{"@type":"ListItem","position":3,"name":"Une vie parfaite (Danielle Steel)"}]},{"@type":"WebSite","@id":"https:\/\/chtululu.be\/#website","url":"https:\/\/chtululu.be\/","name":"Le Chtululu","description":"Votre librairie de seconde main \u00e0 Soignies","publisher":{"@id":"https:\/\/chtululu.be\/#organization"},"potentialAction":[{"@type":"SearchAction","target":{"@type":"EntryPoint","urlTemplate":"https:\/\/chtululu.be\/?s={search_term_string}"},"query-input":{"@type":"PropertyValueSpecification","valueRequired":true,"valueName":"search_term_string"}}],"inLanguage":"fr-FR"},{"@type":"Organization","@id":"https:\/\/chtululu.be\/#organization","name":"Le Chtululu","url":"https:\/\/chtululu.be\/","logo":{"@type":"ImageObject","inLanguage":"fr-FR","@id":"https:\/\/chtululu.be\/#\/schema\/logo\/image\/","url":"https:\/\/chtululu.be\/wp-content\/uploads\/2016\/05\/logo-def-blanc.jpg","contentUrl":"https:\/\/chtululu.be\/wp-content\/uploads\/2016\/05\/logo-def-blanc.jpg","width":2048,"height":1901,"caption":"Le Chtululu"},"image":{"@id":"https:\/\/chtululu.be\/#\/schema\/logo\/image\/"}}]}},"_links":{"self":[{"href":"https:\/\/chtululu.be\/index.php\/wp-json\/wp\/v2\/product\/3005","targetHints":{"allow":["GET"]}}],"collection":[{"href":"https:\/\/chtululu.be\/index.php\/wp-json\/wp\/v2\/product"}],"about":[{"href":"https:\/\/chtululu.be\/index.php\/wp-json\/wp\/v2\/types\/product"}],"wp:featuredmedia":[{"embeddable":true,"href":"https:\/\/chtululu.be\/index.php\/wp-json\/wp\/v2\/media\/3006"}],"wp:attachment":[{"href":"https:\/\/chtululu.be\/index.php\/wp-json\/wp\/v2\/media?parent=3005"}],"wp:term":[{"taxonomy":"product_brand","embeddable":true,"href":"https:\/\/chtululu.be\/index.php\/wp-json\/wp\/v2\/product_brand?post=3005"},{"taxonomy":"product_cat","embeddable":true,"href":"https:\/\/chtululu.be\/index.php\/wp-json\/wp\/v2\/product_cat?post=3005"},{"taxonomy":"product_tag","embeddable":true,"href":"https:\/\/chtululu.be\/index.php\/wp-json\/wp\/v2\/product_tag?post=3005"}],"curies":[{"name":"wp","href":"https:\/\/api.w.org\/{rel}","templated":true}]}}