{"id":3001,"date":"2022-04-04T21:36:34","date_gmt":"2022-04-04T20:36:34","guid":{"rendered":"https:\/\/chtululu.be\/?post_type=product&#038;p=3001"},"modified":"2022-04-04T22:19:42","modified_gmt":"2022-04-04T21:19:42","slug":"joyeux-anniversaire","status":"publish","type":"product","link":"https:\/\/chtululu.be\/index.php\/produit\/joyeux-anniversaire\/","title":{"rendered":"Joyeux anniversaire (Danielle Steel)"},"content":{"rendered":"<h2>Joyeux anniversaire (Danielle Steel)<\/h2>\n<h2 class=\"orange \">4e de couverture<\/h2>\n<div class=\"reset-content\">\n<p>D\u00e9couvrez le roman Joyeux anniversaire de Danielle Steel<\/p>\n<p>En ce premier jour de novembre, les anniversaires d&rsquo;April, Valerie et Jack s&rsquo;annoncent inoubliables. C\u00e9libataire, April est propri\u00e9taire d&rsquo;un restaurant new-yorkais tr\u00e8s r\u00e9put\u00e9 auquel elle se consacre corps et \u00e2me. Le jour de ses trente ans, elle re\u00e7oit un cadeau qui risque de bouleverser sa vie&#8230;<\/p>\n<p>Sa m\u00e8re, Valerie Wyatt, est l&rsquo;animatrice vedette d&rsquo;une \u00e9mission de d\u00e9coration. Obs\u00e9d\u00e9e par la jeunesse, elle est pr\u00eate \u00e0 tout pour dissimuler son \u00e2ge. Ses efforts ne peuvent pourtant \u00e9clipser la dure r\u00e9alit\u00e9 : aujourd&rsquo;hui, elle f\u00eate ses soixante ans.<br \/>\nC\u00e9l\u00e8bre journaliste sportif, Jack Adams collectionne les histoires d&rsquo;un soir avec de jeunes mannequins. Mais, au lendemain d&rsquo;une nuit agit\u00e9e, il inaugure son entr\u00e9e dans la cinquantaine avec le dos bloqu\u00e9 et une conscience aigu\u00eb de son \u00e2ge.<br \/>\nDans ce roman subtil et chaleureux, Danielle Steel nous rappelle que, peu importe le nombre des bougies, il n&rsquo;est jamais trop tard pour prendre sa vie en main.<\/p>\n<p>Vous adorez <a href=\"https:\/\/chtululu.be\/index.php\/etiquette-produit\/steel-danielle\/\" target=\"_blank\" rel=\"noopener noreferrer\">Danielle Steel<\/a> ? D\u00e9couvrez les livres que nous avons en stock.<\/p>\n<\/div>\n","protected":false},"excerpt":{"rendered":"<p>Joyeux anniversaire de Danielle Steel<\/p>\n","protected":false},"featured_media":3002,"template":"","meta":{"_acf_changed":false,"_exactmetrics_skip_tracking":false,"_exactmetrics_sitenote_active":false,"_exactmetrics_sitenote_note":"","_exactmetrics_sitenote_category":0},"product_brand":[],"product_cat":[24],"product_tag":[467],"class_list":{"0":"post-3001","1":"product","2":"type-product","3":"status-publish","4":"has-post-thumbnail","6":"product_cat-roman","7":"product_tag-steel-danielle","9":"first","10":"instock","11":"sold-individually","12":"taxable","13":"shipping-taxable","14":"purchasable","15":"product-type-simple"},"acf":[],"yoast_head":"<!-- This site is optimized with the Yoast SEO plugin v26.6 - https:\/\/yoast.com\/wordpress\/plugins\/seo\/ -->\n<title>Joyeux anniversaire de Danielle Steel est disponible sur chtululu.be<\/title>\n<meta name=\"description\" content=\"Joyeux anniversaire de Danielle Steel est disponible en seconde main au Chtululu, sur r\u00e9servation ou \u00e0 la livraison.\" \/>\n<meta name=\"robots\" content=\"index, follow, max-snippet:-1, max-image-preview:large, max-video-preview:-1\" \/>\n<link rel=\"canonical\" href=\"https:\/\/chtululu.be\/index.php\/produit\/joyeux-anniversaire\/\" \/>\n<meta property=\"og:locale\" content=\"fr_FR\" \/>\n<meta property=\"og:type\" content=\"article\" \/>\n<meta property=\"og:title\" content=\"Joyeux anniversaire de Danielle Steel est disponible sur chtululu.be\" \/>\n<meta property=\"og:description\" content=\"Joyeux anniversaire de Danielle Steel est disponible en seconde main au Chtululu, sur r\u00e9servation ou \u00e0 la livraison.\" \/>\n<meta property=\"og:url\" content=\"https:\/\/chtululu.be\/index.php\/produit\/joyeux-anniversaire\/\" \/>\n<meta property=\"og:site_name\" content=\"Le Chtululu\" \/>\n<meta property=\"article:modified_time\" content=\"2022-04-04T21:19:42+00:00\" \/>\n<meta property=\"og:image\" content=\"https:\/\/chtululu.be\/wp-content\/uploads\/2022\/04\/joyeux-anniversaire.png\" \/>\n\t<meta property=\"og:image:width\" content=\"500\" \/>\n\t<meta property=\"og:image:height\" content=\"500\" \/>\n\t<meta property=\"og:image:type\" content=\"image\/png\" \/>\n<meta name=\"twitter:card\" content=\"summary_large_image\" \/>\n<meta name=\"twitter:label1\" content=\"Dur\u00e9e de lecture estim\u00e9e\" \/>\n\t<meta name=\"twitter:data1\" content=\"1 minute\" \/>\n<script type=\"application\/ld+json\" class=\"yoast-schema-graph\">{\"@context\":\"https:\/\/schema.org\",\"@graph\":[{\"@type\":\"WebPage\",\"@id\":\"https:\/\/chtululu.be\/index.php\/produit\/joyeux-anniversaire\/\",\"url\":\"https:\/\/chtululu.be\/index.php\/produit\/joyeux-anniversaire\/\",\"name\":\"Joyeux anniversaire de Danielle Steel est disponible sur chtululu.be\",\"isPartOf\":{\"@id\":\"https:\/\/chtululu.be\/#website\"},\"primaryImageOfPage\":{\"@id\":\"https:\/\/chtululu.be\/index.php\/produit\/joyeux-anniversaire\/#primaryimage\"},\"image\":{\"@id\":\"https:\/\/chtululu.be\/index.php\/produit\/joyeux-anniversaire\/#primaryimage\"},\"thumbnailUrl\":\"https:\/\/chtululu.be\/wp-content\/uploads\/2022\/04\/joyeux-anniversaire.png\",\"datePublished\":\"2022-04-04T20:36:34+00:00\",\"dateModified\":\"2022-04-04T21:19:42+00:00\",\"description\":\"Joyeux anniversaire de Danielle Steel est disponible en seconde main au Chtululu, sur r\u00e9servation ou \u00e0 la livraison.\",\"breadcrumb\":{\"@id\":\"https:\/\/chtululu.be\/index.php\/produit\/joyeux-anniversaire\/#breadcrumb\"},\"inLanguage\":\"fr-FR\",\"potentialAction\":[{\"@type\":\"ReadAction\",\"target\":[\"https:\/\/chtululu.be\/index.php\/produit\/joyeux-anniversaire\/\"]}]},{\"@type\":\"ImageObject\",\"inLanguage\":\"fr-FR\",\"@id\":\"https:\/\/chtululu.be\/index.php\/produit\/joyeux-anniversaire\/#primaryimage\",\"url\":\"https:\/\/chtululu.be\/wp-content\/uploads\/2022\/04\/joyeux-anniversaire.png\",\"contentUrl\":\"https:\/\/chtululu.be\/wp-content\/uploads\/2022\/04\/joyeux-anniversaire.png\",\"width\":500,\"height\":500,\"caption\":\"Joyeux anniversaire\"},{\"@type\":\"BreadcrumbList\",\"@id\":\"https:\/\/chtululu.be\/index.php\/produit\/joyeux-anniversaire\/#breadcrumb\",\"itemListElement\":[{\"@type\":\"ListItem\",\"position\":1,\"name\":\"Accueil\",\"item\":\"https:\/\/chtululu.be\/\"},{\"@type\":\"ListItem\",\"position\":2,\"name\":\"Les livres\",\"item\":\"https:\/\/chtululu.be\/index.php\/livres-doccasion\/\"},{\"@type\":\"ListItem\",\"position\":3,\"name\":\"Joyeux anniversaire (Danielle Steel)\"}]},{\"@type\":\"WebSite\",\"@id\":\"https:\/\/chtululu.be\/#website\",\"url\":\"https:\/\/chtululu.be\/\",\"name\":\"Le Chtululu\",\"description\":\"Votre librairie de seconde main \u00e0 Soignies\",\"publisher\":{\"@id\":\"https:\/\/chtululu.be\/#organization\"},\"potentialAction\":[{\"@type\":\"SearchAction\",\"target\":{\"@type\":\"EntryPoint\",\"urlTemplate\":\"https:\/\/chtululu.be\/?s={search_term_string}\"},\"query-input\":{\"@type\":\"PropertyValueSpecification\",\"valueRequired\":true,\"valueName\":\"search_term_string\"}}],\"inLanguage\":\"fr-FR\"},{\"@type\":\"Organization\",\"@id\":\"https:\/\/chtululu.be\/#organization\",\"name\":\"Le Chtululu\",\"url\":\"https:\/\/chtululu.be\/\",\"logo\":{\"@type\":\"ImageObject\",\"inLanguage\":\"fr-FR\",\"@id\":\"https:\/\/chtululu.be\/#\/schema\/logo\/image\/\",\"url\":\"https:\/\/chtululu.be\/wp-content\/uploads\/2016\/05\/logo-def-blanc.jpg\",\"contentUrl\":\"https:\/\/chtululu.be\/wp-content\/uploads\/2016\/05\/logo-def-blanc.jpg\",\"width\":2048,\"height\":1901,\"caption\":\"Le Chtululu\"},\"image\":{\"@id\":\"https:\/\/chtululu.be\/#\/schema\/logo\/image\/\"}}]}<\/script>\n<!-- \/ Yoast SEO plugin. -->","yoast_head_json":{"title":"Joyeux anniversaire de Danielle Steel est disponible sur chtululu.be","description":"Joyeux anniversaire de Danielle Steel est disponible en seconde main au Chtululu, sur r\u00e9servation ou \u00e0 la livraison.","robots":{"index":"index","follow":"follow","max-snippet":"max-snippet:-1","max-image-preview":"max-image-preview:large","max-video-preview":"max-video-preview:-1"},"canonical":"https:\/\/chtululu.be\/index.php\/produit\/joyeux-anniversaire\/","og_locale":"fr_FR","og_type":"article","og_title":"Joyeux anniversaire de Danielle Steel est disponible sur chtululu.be","og_description":"Joyeux anniversaire de Danielle Steel est disponible en seconde main au Chtululu, sur r\u00e9servation ou \u00e0 la livraison.","og_url":"https:\/\/chtululu.be\/index.php\/produit\/joyeux-anniversaire\/","og_site_name":"Le Chtululu","article_modified_time":"2022-04-04T21:19:42+00:00","og_image":[{"width":500,"height":500,"url":"https:\/\/chtululu.be\/wp-content\/uploads\/2022\/04\/joyeux-anniversaire.png","type":"image\/png"}],"twitter_card":"summary_large_image","twitter_misc":{"Dur\u00e9e de lecture estim\u00e9e":"1 minute"},"schema":{"@context":"https:\/\/schema.org","@graph":[{"@type":"WebPage","@id":"https:\/\/chtululu.be\/index.php\/produit\/joyeux-anniversaire\/","url":"https:\/\/chtululu.be\/index.php\/produit\/joyeux-anniversaire\/","name":"Joyeux anniversaire de Danielle Steel est disponible sur chtululu.be","isPartOf":{"@id":"https:\/\/chtululu.be\/#website"},"primaryImageOfPage":{"@id":"https:\/\/chtululu.be\/index.php\/produit\/joyeux-anniversaire\/#primaryimage"},"image":{"@id":"https:\/\/chtululu.be\/index.php\/produit\/joyeux-anniversaire\/#primaryimage"},"thumbnailUrl":"https:\/\/chtululu.be\/wp-content\/uploads\/2022\/04\/joyeux-anniversaire.png","datePublished":"2022-04-04T20:36:34+00:00","dateModified":"2022-04-04T21:19:42+00:00","description":"Joyeux anniversaire de Danielle Steel est disponible en seconde main au Chtululu, sur r\u00e9servation ou \u00e0 la livraison.","breadcrumb":{"@id":"https:\/\/chtululu.be\/index.php\/produit\/joyeux-anniversaire\/#breadcrumb"},"inLanguage":"fr-FR","potentialAction":[{"@type":"ReadAction","target":["https:\/\/chtululu.be\/index.php\/produit\/joyeux-anniversaire\/"]}]},{"@type":"ImageObject","inLanguage":"fr-FR","@id":"https:\/\/chtululu.be\/index.php\/produit\/joyeux-anniversaire\/#primaryimage","url":"https:\/\/chtululu.be\/wp-content\/uploads\/2022\/04\/joyeux-anniversaire.png","contentUrl":"https:\/\/chtululu.be\/wp-content\/uploads\/2022\/04\/joyeux-anniversaire.png","width":500,"height":500,"caption":"Joyeux anniversaire"},{"@type":"BreadcrumbList","@id":"https:\/\/chtululu.be\/index.php\/produit\/joyeux-anniversaire\/#breadcrumb","itemListElement":[{"@type":"ListItem","position":1,"name":"Accueil","item":"https:\/\/chtululu.be\/"},{"@type":"ListItem","position":2,"name":"Les livres","item":"https:\/\/chtululu.be\/index.php\/livres-doccasion\/"},{"@type":"ListItem","position":3,"name":"Joyeux anniversaire (Danielle Steel)"}]},{"@type":"WebSite","@id":"https:\/\/chtululu.be\/#website","url":"https:\/\/chtululu.be\/","name":"Le Chtululu","description":"Votre librairie de seconde main \u00e0 Soignies","publisher":{"@id":"https:\/\/chtululu.be\/#organization"},"potentialAction":[{"@type":"SearchAction","target":{"@type":"EntryPoint","urlTemplate":"https:\/\/chtululu.be\/?s={search_term_string}"},"query-input":{"@type":"PropertyValueSpecification","valueRequired":true,"valueName":"search_term_string"}}],"inLanguage":"fr-FR"},{"@type":"Organization","@id":"https:\/\/chtululu.be\/#organization","name":"Le Chtululu","url":"https:\/\/chtululu.be\/","logo":{"@type":"ImageObject","inLanguage":"fr-FR","@id":"https:\/\/chtululu.be\/#\/schema\/logo\/image\/","url":"https:\/\/chtululu.be\/wp-content\/uploads\/2016\/05\/logo-def-blanc.jpg","contentUrl":"https:\/\/chtululu.be\/wp-content\/uploads\/2016\/05\/logo-def-blanc.jpg","width":2048,"height":1901,"caption":"Le Chtululu"},"image":{"@id":"https:\/\/chtululu.be\/#\/schema\/logo\/image\/"}}]}},"_links":{"self":[{"href":"https:\/\/chtululu.be\/index.php\/wp-json\/wp\/v2\/product\/3001","targetHints":{"allow":["GET"]}}],"collection":[{"href":"https:\/\/chtululu.be\/index.php\/wp-json\/wp\/v2\/product"}],"about":[{"href":"https:\/\/chtululu.be\/index.php\/wp-json\/wp\/v2\/types\/product"}],"wp:featuredmedia":[{"embeddable":true,"href":"https:\/\/chtululu.be\/index.php\/wp-json\/wp\/v2\/media\/3002"}],"wp:attachment":[{"href":"https:\/\/chtululu.be\/index.php\/wp-json\/wp\/v2\/media?parent=3001"}],"wp:term":[{"taxonomy":"product_brand","embeddable":true,"href":"https:\/\/chtululu.be\/index.php\/wp-json\/wp\/v2\/product_brand?post=3001"},{"taxonomy":"product_cat","embeddable":true,"href":"https:\/\/chtululu.be\/index.php\/wp-json\/wp\/v2\/product_cat?post=3001"},{"taxonomy":"product_tag","embeddable":true,"href":"https:\/\/chtululu.be\/index.php\/wp-json\/wp\/v2\/product_tag?post=3001"}],"curies":[{"name":"wp","href":"https:\/\/api.w.org\/{rel}","templated":true}]}}