{"id":2992,"date":"2022-03-27T15:47:49","date_gmt":"2022-03-27T14:47:49","guid":{"rendered":"https:\/\/chtululu.be\/?post_type=product&#038;p=2992"},"modified":"2022-03-27T15:58:22","modified_gmt":"2022-03-27T14:58:22","slug":"les-aventures-de-robinson-crusoe-daniel-de-foe","status":"publish","type":"product","link":"https:\/\/chtululu.be\/index.php\/produit\/les-aventures-de-robinson-crusoe-daniel-de-foe\/","title":{"rendered":"Les aventures de Robinson Cruso\u00e9 (Daniel de Foe)"},"content":{"rendered":"<h2>Les aventures de Robinson Cruso\u00e9<\/h2>\n<div class=\"reset-content\">\n<p>Page de garde<\/p>\n<p><em>Nouvelle \u00e9dition accompagn\u00e9e d&rsquo;une notice in\u00e9dite sur Daniel de Foe et sur le Robinson Cruso\u00e9 par Maurice Dreyfous avec de nombreuses illustrations de K. Halswelle et V.-A. Poirson.<\/em><\/p>\n<p>Paul Paclot, libraire-\u00e9diteur<\/p>\n<p>&nbsp;<\/p>\n<\/div>\n","protected":false},"excerpt":{"rendered":"<p>Les aventures de Robinson Cruso\u00e9 (Daniel de Foe) &#8211; Vieille \u00e9dition illustr\u00e9e.<\/p>\n<p>A part la couverture ab\u00eem\u00e9e et qui se d\u00e9tache, les pages sont bien conserv\u00e9es.<\/p>\n<p>&nbsp;<\/p>\n","protected":false},"featured_media":2993,"template":"","meta":{"_acf_changed":false,"_exactmetrics_skip_tracking":false,"_exactmetrics_sitenote_active":false,"_exactmetrics_sitenote_note":"","_exactmetrics_sitenote_category":0},"product_brand":[],"product_cat":[280,289],"product_tag":[],"class_list":{"0":"post-2992","1":"product","2":"type-product","3":"status-publish","4":"has-post-thumbnail","6":"product_cat-jeunesse","7":"product_cat-livres-rares","9":"first","10":"instock","11":"featured","12":"sold-individually","13":"taxable","14":"shipping-taxable","15":"purchasable","16":"product-type-simple"},"acf":[],"yoast_head":"<!-- This site is optimized with the Yoast SEO plugin v26.6 - https:\/\/yoast.com\/wordpress\/plugins\/seo\/ -->\n<title>Robinson Cruso\u00e9 en vielle \u00e9dition est disponible sur chtululu.be<\/title>\n<meta name=\"description\" content=\"Robinson Cruso\u00e9 (vieille \u00e9dition illustr\u00e9e) est disponible en seconde main au Chtululu, sur r\u00e9servation ou \u00e0 la livraison.\" \/>\n<meta name=\"robots\" content=\"index, follow, max-snippet:-1, max-image-preview:large, max-video-preview:-1\" \/>\n<link rel=\"canonical\" href=\"https:\/\/chtululu.be\/index.php\/produit\/les-aventures-de-robinson-crusoe-daniel-de-foe\/\" \/>\n<meta property=\"og:locale\" content=\"fr_FR\" \/>\n<meta property=\"og:type\" content=\"article\" \/>\n<meta property=\"og:title\" content=\"Robinson Cruso\u00e9 en vielle \u00e9dition est disponible sur chtululu.be\" \/>\n<meta property=\"og:description\" content=\"Robinson Cruso\u00e9 (vieille \u00e9dition illustr\u00e9e) est disponible en seconde main au Chtululu, sur r\u00e9servation ou \u00e0 la livraison.\" \/>\n<meta property=\"og:url\" content=\"https:\/\/chtululu.be\/index.php\/produit\/les-aventures-de-robinson-crusoe-daniel-de-foe\/\" \/>\n<meta property=\"og:site_name\" content=\"Le Chtululu\" \/>\n<meta property=\"article:modified_time\" content=\"2022-03-27T14:58:22+00:00\" \/>\n<meta property=\"og:image\" content=\"https:\/\/chtululu.be\/wp-content\/uploads\/2022\/03\/robinson.png\" \/>\n\t<meta property=\"og:image:width\" content=\"500\" \/>\n\t<meta property=\"og:image:height\" content=\"500\" \/>\n\t<meta property=\"og:image:type\" content=\"image\/png\" \/>\n<meta name=\"twitter:card\" content=\"summary_large_image\" \/>\n<meta name=\"twitter:label1\" content=\"Dur\u00e9e de lecture estim\u00e9e\" \/>\n\t<meta name=\"twitter:data1\" content=\"1 minute\" \/>\n<script type=\"application\/ld+json\" class=\"yoast-schema-graph\">{\"@context\":\"https:\/\/schema.org\",\"@graph\":[{\"@type\":\"WebPage\",\"@id\":\"https:\/\/chtululu.be\/index.php\/produit\/les-aventures-de-robinson-crusoe-daniel-de-foe\/\",\"url\":\"https:\/\/chtululu.be\/index.php\/produit\/les-aventures-de-robinson-crusoe-daniel-de-foe\/\",\"name\":\"Robinson Cruso\u00e9 en vielle \u00e9dition est disponible sur chtululu.be\",\"isPartOf\":{\"@id\":\"https:\/\/chtululu.be\/#website\"},\"primaryImageOfPage\":{\"@id\":\"https:\/\/chtululu.be\/index.php\/produit\/les-aventures-de-robinson-crusoe-daniel-de-foe\/#primaryimage\"},\"image\":{\"@id\":\"https:\/\/chtululu.be\/index.php\/produit\/les-aventures-de-robinson-crusoe-daniel-de-foe\/#primaryimage\"},\"thumbnailUrl\":\"https:\/\/chtululu.be\/wp-content\/uploads\/2022\/03\/robinson.png\",\"datePublished\":\"2022-03-27T14:47:49+00:00\",\"dateModified\":\"2022-03-27T14:58:22+00:00\",\"description\":\"Robinson Cruso\u00e9 (vieille \u00e9dition illustr\u00e9e) est disponible en seconde main au Chtululu, sur r\u00e9servation ou \u00e0 la livraison.\",\"breadcrumb\":{\"@id\":\"https:\/\/chtululu.be\/index.php\/produit\/les-aventures-de-robinson-crusoe-daniel-de-foe\/#breadcrumb\"},\"inLanguage\":\"fr-FR\",\"potentialAction\":[{\"@type\":\"ReadAction\",\"target\":[\"https:\/\/chtululu.be\/index.php\/produit\/les-aventures-de-robinson-crusoe-daniel-de-foe\/\"]}]},{\"@type\":\"ImageObject\",\"inLanguage\":\"fr-FR\",\"@id\":\"https:\/\/chtululu.be\/index.php\/produit\/les-aventures-de-robinson-crusoe-daniel-de-foe\/#primaryimage\",\"url\":\"https:\/\/chtululu.be\/wp-content\/uploads\/2022\/03\/robinson.png\",\"contentUrl\":\"https:\/\/chtululu.be\/wp-content\/uploads\/2022\/03\/robinson.png\",\"width\":500,\"height\":500,\"caption\":\"Robinson Cruso\u00e9\"},{\"@type\":\"BreadcrumbList\",\"@id\":\"https:\/\/chtululu.be\/index.php\/produit\/les-aventures-de-robinson-crusoe-daniel-de-foe\/#breadcrumb\",\"itemListElement\":[{\"@type\":\"ListItem\",\"position\":1,\"name\":\"Accueil\",\"item\":\"https:\/\/chtululu.be\/\"},{\"@type\":\"ListItem\",\"position\":2,\"name\":\"Les livres\",\"item\":\"https:\/\/chtululu.be\/index.php\/livres-doccasion\/\"},{\"@type\":\"ListItem\",\"position\":3,\"name\":\"Les aventures de Robinson Cruso\u00e9 (Daniel de Foe)\"}]},{\"@type\":\"WebSite\",\"@id\":\"https:\/\/chtululu.be\/#website\",\"url\":\"https:\/\/chtululu.be\/\",\"name\":\"Le Chtululu\",\"description\":\"Votre librairie de seconde main \u00e0 Soignies\",\"publisher\":{\"@id\":\"https:\/\/chtululu.be\/#organization\"},\"potentialAction\":[{\"@type\":\"SearchAction\",\"target\":{\"@type\":\"EntryPoint\",\"urlTemplate\":\"https:\/\/chtululu.be\/?s={search_term_string}\"},\"query-input\":{\"@type\":\"PropertyValueSpecification\",\"valueRequired\":true,\"valueName\":\"search_term_string\"}}],\"inLanguage\":\"fr-FR\"},{\"@type\":\"Organization\",\"@id\":\"https:\/\/chtululu.be\/#organization\",\"name\":\"Le Chtululu\",\"url\":\"https:\/\/chtululu.be\/\",\"logo\":{\"@type\":\"ImageObject\",\"inLanguage\":\"fr-FR\",\"@id\":\"https:\/\/chtululu.be\/#\/schema\/logo\/image\/\",\"url\":\"https:\/\/chtululu.be\/wp-content\/uploads\/2016\/05\/logo-def-blanc.jpg\",\"contentUrl\":\"https:\/\/chtululu.be\/wp-content\/uploads\/2016\/05\/logo-def-blanc.jpg\",\"width\":2048,\"height\":1901,\"caption\":\"Le Chtululu\"},\"image\":{\"@id\":\"https:\/\/chtululu.be\/#\/schema\/logo\/image\/\"}}]}<\/script>\n<!-- \/ Yoast SEO plugin. -->","yoast_head_json":{"title":"Robinson Cruso\u00e9 en vielle \u00e9dition est disponible sur chtululu.be","description":"Robinson Cruso\u00e9 (vieille \u00e9dition illustr\u00e9e) est disponible en seconde main au Chtululu, sur r\u00e9servation ou \u00e0 la livraison.","robots":{"index":"index","follow":"follow","max-snippet":"max-snippet:-1","max-image-preview":"max-image-preview:large","max-video-preview":"max-video-preview:-1"},"canonical":"https:\/\/chtululu.be\/index.php\/produit\/les-aventures-de-robinson-crusoe-daniel-de-foe\/","og_locale":"fr_FR","og_type":"article","og_title":"Robinson Cruso\u00e9 en vielle \u00e9dition est disponible sur chtululu.be","og_description":"Robinson Cruso\u00e9 (vieille \u00e9dition illustr\u00e9e) est disponible en seconde main au Chtululu, sur r\u00e9servation ou \u00e0 la livraison.","og_url":"https:\/\/chtululu.be\/index.php\/produit\/les-aventures-de-robinson-crusoe-daniel-de-foe\/","og_site_name":"Le Chtululu","article_modified_time":"2022-03-27T14:58:22+00:00","og_image":[{"width":500,"height":500,"url":"https:\/\/chtululu.be\/wp-content\/uploads\/2022\/03\/robinson.png","type":"image\/png"}],"twitter_card":"summary_large_image","twitter_misc":{"Dur\u00e9e de lecture estim\u00e9e":"1 minute"},"schema":{"@context":"https:\/\/schema.org","@graph":[{"@type":"WebPage","@id":"https:\/\/chtululu.be\/index.php\/produit\/les-aventures-de-robinson-crusoe-daniel-de-foe\/","url":"https:\/\/chtululu.be\/index.php\/produit\/les-aventures-de-robinson-crusoe-daniel-de-foe\/","name":"Robinson Cruso\u00e9 en vielle \u00e9dition est disponible sur chtululu.be","isPartOf":{"@id":"https:\/\/chtululu.be\/#website"},"primaryImageOfPage":{"@id":"https:\/\/chtululu.be\/index.php\/produit\/les-aventures-de-robinson-crusoe-daniel-de-foe\/#primaryimage"},"image":{"@id":"https:\/\/chtululu.be\/index.php\/produit\/les-aventures-de-robinson-crusoe-daniel-de-foe\/#primaryimage"},"thumbnailUrl":"https:\/\/chtululu.be\/wp-content\/uploads\/2022\/03\/robinson.png","datePublished":"2022-03-27T14:47:49+00:00","dateModified":"2022-03-27T14:58:22+00:00","description":"Robinson Cruso\u00e9 (vieille \u00e9dition illustr\u00e9e) est disponible en seconde main au Chtululu, sur r\u00e9servation ou \u00e0 la livraison.","breadcrumb":{"@id":"https:\/\/chtululu.be\/index.php\/produit\/les-aventures-de-robinson-crusoe-daniel-de-foe\/#breadcrumb"},"inLanguage":"fr-FR","potentialAction":[{"@type":"ReadAction","target":["https:\/\/chtululu.be\/index.php\/produit\/les-aventures-de-robinson-crusoe-daniel-de-foe\/"]}]},{"@type":"ImageObject","inLanguage":"fr-FR","@id":"https:\/\/chtululu.be\/index.php\/produit\/les-aventures-de-robinson-crusoe-daniel-de-foe\/#primaryimage","url":"https:\/\/chtululu.be\/wp-content\/uploads\/2022\/03\/robinson.png","contentUrl":"https:\/\/chtululu.be\/wp-content\/uploads\/2022\/03\/robinson.png","width":500,"height":500,"caption":"Robinson Cruso\u00e9"},{"@type":"BreadcrumbList","@id":"https:\/\/chtululu.be\/index.php\/produit\/les-aventures-de-robinson-crusoe-daniel-de-foe\/#breadcrumb","itemListElement":[{"@type":"ListItem","position":1,"name":"Accueil","item":"https:\/\/chtululu.be\/"},{"@type":"ListItem","position":2,"name":"Les livres","item":"https:\/\/chtululu.be\/index.php\/livres-doccasion\/"},{"@type":"ListItem","position":3,"name":"Les aventures de Robinson Cruso\u00e9 (Daniel de Foe)"}]},{"@type":"WebSite","@id":"https:\/\/chtululu.be\/#website","url":"https:\/\/chtululu.be\/","name":"Le Chtululu","description":"Votre librairie de seconde main \u00e0 Soignies","publisher":{"@id":"https:\/\/chtululu.be\/#organization"},"potentialAction":[{"@type":"SearchAction","target":{"@type":"EntryPoint","urlTemplate":"https:\/\/chtululu.be\/?s={search_term_string}"},"query-input":{"@type":"PropertyValueSpecification","valueRequired":true,"valueName":"search_term_string"}}],"inLanguage":"fr-FR"},{"@type":"Organization","@id":"https:\/\/chtululu.be\/#organization","name":"Le Chtululu","url":"https:\/\/chtululu.be\/","logo":{"@type":"ImageObject","inLanguage":"fr-FR","@id":"https:\/\/chtululu.be\/#\/schema\/logo\/image\/","url":"https:\/\/chtululu.be\/wp-content\/uploads\/2016\/05\/logo-def-blanc.jpg","contentUrl":"https:\/\/chtululu.be\/wp-content\/uploads\/2016\/05\/logo-def-blanc.jpg","width":2048,"height":1901,"caption":"Le Chtululu"},"image":{"@id":"https:\/\/chtululu.be\/#\/schema\/logo\/image\/"}}]}},"_links":{"self":[{"href":"https:\/\/chtululu.be\/index.php\/wp-json\/wp\/v2\/product\/2992","targetHints":{"allow":["GET"]}}],"collection":[{"href":"https:\/\/chtululu.be\/index.php\/wp-json\/wp\/v2\/product"}],"about":[{"href":"https:\/\/chtululu.be\/index.php\/wp-json\/wp\/v2\/types\/product"}],"wp:featuredmedia":[{"embeddable":true,"href":"https:\/\/chtululu.be\/index.php\/wp-json\/wp\/v2\/media\/2993"}],"wp:attachment":[{"href":"https:\/\/chtululu.be\/index.php\/wp-json\/wp\/v2\/media?parent=2992"}],"wp:term":[{"taxonomy":"product_brand","embeddable":true,"href":"https:\/\/chtululu.be\/index.php\/wp-json\/wp\/v2\/product_brand?post=2992"},{"taxonomy":"product_cat","embeddable":true,"href":"https:\/\/chtululu.be\/index.php\/wp-json\/wp\/v2\/product_cat?post=2992"},{"taxonomy":"product_tag","embeddable":true,"href":"https:\/\/chtululu.be\/index.php\/wp-json\/wp\/v2\/product_tag?post=2992"}],"curies":[{"name":"wp","href":"https:\/\/api.w.org\/{rel}","templated":true}]}}