{"id":2987,"date":"2022-03-27T15:30:49","date_gmt":"2022-03-27T14:30:49","guid":{"rendered":"https:\/\/chtululu.be\/?post_type=product&#038;p=2987"},"modified":"2022-04-04T21:47:06","modified_gmt":"2022-04-04T20:47:06","slug":"archiecture-paysagere","status":"publish","type":"product","link":"https:\/\/chtululu.be\/index.php\/produit\/archiecture-paysagere\/","title":{"rendered":"Architecture paysag\u00e8re"},"content":{"rendered":"<h2>Architecture paysag\u00e8re<\/h2>\n<h2 class=\"orange \">4e de couverture<\/h2>\n<div class=\"reset-content\">\n<p>Depuis l&rsquo;explosion de la d\u00e9mographie urbaine, l&rsquo;environnement des villes a \u00e9t\u00e9 soumis \u00e0 de violentes transformations aux cons\u00e9quences bien visibles. Le paysage s&rsquo;est modifi\u00e9, les immeubles rempla\u00e7ant les zones vertes. Au fil du temps, avec la prise de conscience de la n\u00e9cessit\u00e9 de prot\u00e9ger notre environnement, cette urbanisation agressive s&rsquo;est ralentie. L&rsquo;homme cherche maintenant \u00e0 relever le d\u00e9fi consistant \u00e0 r\u00e9g\u00e9n\u00e9rer les espaces perdus et \u00e0 recr\u00e9er de nouvelles zones vertes. Les architectes, paysagistes et designers sont mis \u00e0 contribution pour trouver des solutions permettant \u00e0 la fois un bon entretien de ces espaces et le d\u00e9veloppement de nouveaux projets.<\/p>\n<p>Cet ouvrage se propose d&rsquo;unir art et paysagisme en pr\u00e9sentant plusieurs projets illustr\u00e9s de photographies et de plans.<\/p>\n<\/div>\n","protected":false},"excerpt":{"rendered":"<p>Architecture paysag\u00e8re (\u00e9ditions Place des victoires).<\/p>\n<p>Couverture l\u00e9g\u00e8rement d\u00e9chir\u00e9e.<\/p>\n","protected":false},"featured_media":2991,"template":"","meta":{"_acf_changed":false,"_exactmetrics_skip_tracking":false,"_exactmetrics_sitenote_active":false,"_exactmetrics_sitenote_note":"","_exactmetrics_sitenote_category":0},"product_brand":[],"product_cat":[382],"product_tag":[],"class_list":{"0":"post-2987","1":"product","2":"type-product","3":"status-publish","4":"has-post-thumbnail","6":"product_cat-savoirs","8":"first","9":"instock","10":"sold-individually","11":"taxable","12":"shipping-taxable","13":"purchasable","14":"product-type-simple"},"acf":[],"yoast_head":"<!-- This site is optimized with the Yoast SEO plugin v26.6 - https:\/\/yoast.com\/wordpress\/plugins\/seo\/ -->\n<title>Le livre Architecture paysage est disponible sur chtululu.be<\/title>\n<meta name=\"description\" content=\"Le livre Architecture paysag\u00e8re est disponible en seconde main au Chtululu, sur r\u00e9servation ou \u00e0 la livraison.\" \/>\n<meta name=\"robots\" content=\"index, follow, max-snippet:-1, max-image-preview:large, max-video-preview:-1\" \/>\n<link rel=\"canonical\" href=\"https:\/\/chtululu.be\/index.php\/produit\/archiecture-paysagere\/\" \/>\n<meta property=\"og:locale\" content=\"fr_FR\" \/>\n<meta property=\"og:type\" content=\"article\" \/>\n<meta property=\"og:title\" content=\"Le livre Architecture paysage est disponible sur chtululu.be\" \/>\n<meta property=\"og:description\" content=\"Le livre Architecture paysag\u00e8re est disponible en seconde main au Chtululu, sur r\u00e9servation ou \u00e0 la livraison.\" \/>\n<meta property=\"og:url\" content=\"https:\/\/chtululu.be\/index.php\/produit\/archiecture-paysagere\/\" \/>\n<meta property=\"og:site_name\" content=\"Le Chtululu\" \/>\n<meta property=\"article:modified_time\" content=\"2022-04-04T20:47:06+00:00\" \/>\n<meta property=\"og:image\" content=\"https:\/\/chtululu.be\/wp-content\/uploads\/2022\/03\/architecture.png\" \/>\n\t<meta property=\"og:image:width\" content=\"500\" \/>\n\t<meta property=\"og:image:height\" content=\"500\" \/>\n\t<meta property=\"og:image:type\" content=\"image\/png\" \/>\n<meta name=\"twitter:card\" content=\"summary_large_image\" \/>\n<meta name=\"twitter:label1\" content=\"Dur\u00e9e de lecture estim\u00e9e\" \/>\n\t<meta name=\"twitter:data1\" content=\"1 minute\" \/>\n<script type=\"application\/ld+json\" class=\"yoast-schema-graph\">{\"@context\":\"https:\/\/schema.org\",\"@graph\":[{\"@type\":\"WebPage\",\"@id\":\"https:\/\/chtululu.be\/index.php\/produit\/archiecture-paysagere\/\",\"url\":\"https:\/\/chtululu.be\/index.php\/produit\/archiecture-paysagere\/\",\"name\":\"Le livre Architecture paysage est disponible sur chtululu.be\",\"isPartOf\":{\"@id\":\"https:\/\/chtululu.be\/#website\"},\"primaryImageOfPage\":{\"@id\":\"https:\/\/chtululu.be\/index.php\/produit\/archiecture-paysagere\/#primaryimage\"},\"image\":{\"@id\":\"https:\/\/chtululu.be\/index.php\/produit\/archiecture-paysagere\/#primaryimage\"},\"thumbnailUrl\":\"https:\/\/chtululu.be\/wp-content\/uploads\/2022\/03\/architecture.png\",\"datePublished\":\"2022-03-27T14:30:49+00:00\",\"dateModified\":\"2022-04-04T20:47:06+00:00\",\"description\":\"Le livre Architecture paysag\u00e8re est disponible en seconde main au Chtululu, sur r\u00e9servation ou \u00e0 la livraison.\",\"breadcrumb\":{\"@id\":\"https:\/\/chtululu.be\/index.php\/produit\/archiecture-paysagere\/#breadcrumb\"},\"inLanguage\":\"fr-FR\",\"potentialAction\":[{\"@type\":\"ReadAction\",\"target\":[\"https:\/\/chtululu.be\/index.php\/produit\/archiecture-paysagere\/\"]}]},{\"@type\":\"ImageObject\",\"inLanguage\":\"fr-FR\",\"@id\":\"https:\/\/chtululu.be\/index.php\/produit\/archiecture-paysagere\/#primaryimage\",\"url\":\"https:\/\/chtululu.be\/wp-content\/uploads\/2022\/03\/architecture.png\",\"contentUrl\":\"https:\/\/chtululu.be\/wp-content\/uploads\/2022\/03\/architecture.png\",\"width\":500,\"height\":500},{\"@type\":\"BreadcrumbList\",\"@id\":\"https:\/\/chtululu.be\/index.php\/produit\/archiecture-paysagere\/#breadcrumb\",\"itemListElement\":[{\"@type\":\"ListItem\",\"position\":1,\"name\":\"Accueil\",\"item\":\"https:\/\/chtululu.be\/\"},{\"@type\":\"ListItem\",\"position\":2,\"name\":\"Les livres\",\"item\":\"https:\/\/chtululu.be\/index.php\/livres-doccasion\/\"},{\"@type\":\"ListItem\",\"position\":3,\"name\":\"Architecture paysag\u00e8re\"}]},{\"@type\":\"WebSite\",\"@id\":\"https:\/\/chtululu.be\/#website\",\"url\":\"https:\/\/chtululu.be\/\",\"name\":\"Le Chtululu\",\"description\":\"Votre librairie de seconde main \u00e0 Soignies\",\"publisher\":{\"@id\":\"https:\/\/chtululu.be\/#organization\"},\"potentialAction\":[{\"@type\":\"SearchAction\",\"target\":{\"@type\":\"EntryPoint\",\"urlTemplate\":\"https:\/\/chtululu.be\/?s={search_term_string}\"},\"query-input\":{\"@type\":\"PropertyValueSpecification\",\"valueRequired\":true,\"valueName\":\"search_term_string\"}}],\"inLanguage\":\"fr-FR\"},{\"@type\":\"Organization\",\"@id\":\"https:\/\/chtululu.be\/#organization\",\"name\":\"Le Chtululu\",\"url\":\"https:\/\/chtululu.be\/\",\"logo\":{\"@type\":\"ImageObject\",\"inLanguage\":\"fr-FR\",\"@id\":\"https:\/\/chtululu.be\/#\/schema\/logo\/image\/\",\"url\":\"https:\/\/chtululu.be\/wp-content\/uploads\/2016\/05\/logo-def-blanc.jpg\",\"contentUrl\":\"https:\/\/chtululu.be\/wp-content\/uploads\/2016\/05\/logo-def-blanc.jpg\",\"width\":2048,\"height\":1901,\"caption\":\"Le Chtululu\"},\"image\":{\"@id\":\"https:\/\/chtululu.be\/#\/schema\/logo\/image\/\"}}]}<\/script>\n<!-- \/ Yoast SEO plugin. -->","yoast_head_json":{"title":"Le livre Architecture paysage est disponible sur chtululu.be","description":"Le livre Architecture paysag\u00e8re est disponible en seconde main au Chtululu, sur r\u00e9servation ou \u00e0 la livraison.","robots":{"index":"index","follow":"follow","max-snippet":"max-snippet:-1","max-image-preview":"max-image-preview:large","max-video-preview":"max-video-preview:-1"},"canonical":"https:\/\/chtululu.be\/index.php\/produit\/archiecture-paysagere\/","og_locale":"fr_FR","og_type":"article","og_title":"Le livre Architecture paysage est disponible sur chtululu.be","og_description":"Le livre Architecture paysag\u00e8re est disponible en seconde main au Chtululu, sur r\u00e9servation ou \u00e0 la livraison.","og_url":"https:\/\/chtululu.be\/index.php\/produit\/archiecture-paysagere\/","og_site_name":"Le Chtululu","article_modified_time":"2022-04-04T20:47:06+00:00","og_image":[{"width":500,"height":500,"url":"https:\/\/chtululu.be\/wp-content\/uploads\/2022\/03\/architecture.png","type":"image\/png"}],"twitter_card":"summary_large_image","twitter_misc":{"Dur\u00e9e de lecture estim\u00e9e":"1 minute"},"schema":{"@context":"https:\/\/schema.org","@graph":[{"@type":"WebPage","@id":"https:\/\/chtululu.be\/index.php\/produit\/archiecture-paysagere\/","url":"https:\/\/chtululu.be\/index.php\/produit\/archiecture-paysagere\/","name":"Le livre Architecture paysage est disponible sur chtululu.be","isPartOf":{"@id":"https:\/\/chtululu.be\/#website"},"primaryImageOfPage":{"@id":"https:\/\/chtululu.be\/index.php\/produit\/archiecture-paysagere\/#primaryimage"},"image":{"@id":"https:\/\/chtululu.be\/index.php\/produit\/archiecture-paysagere\/#primaryimage"},"thumbnailUrl":"https:\/\/chtululu.be\/wp-content\/uploads\/2022\/03\/architecture.png","datePublished":"2022-03-27T14:30:49+00:00","dateModified":"2022-04-04T20:47:06+00:00","description":"Le livre Architecture paysag\u00e8re est disponible en seconde main au Chtululu, sur r\u00e9servation ou \u00e0 la livraison.","breadcrumb":{"@id":"https:\/\/chtululu.be\/index.php\/produit\/archiecture-paysagere\/#breadcrumb"},"inLanguage":"fr-FR","potentialAction":[{"@type":"ReadAction","target":["https:\/\/chtululu.be\/index.php\/produit\/archiecture-paysagere\/"]}]},{"@type":"ImageObject","inLanguage":"fr-FR","@id":"https:\/\/chtululu.be\/index.php\/produit\/archiecture-paysagere\/#primaryimage","url":"https:\/\/chtululu.be\/wp-content\/uploads\/2022\/03\/architecture.png","contentUrl":"https:\/\/chtululu.be\/wp-content\/uploads\/2022\/03\/architecture.png","width":500,"height":500},{"@type":"BreadcrumbList","@id":"https:\/\/chtululu.be\/index.php\/produit\/archiecture-paysagere\/#breadcrumb","itemListElement":[{"@type":"ListItem","position":1,"name":"Accueil","item":"https:\/\/chtululu.be\/"},{"@type":"ListItem","position":2,"name":"Les livres","item":"https:\/\/chtululu.be\/index.php\/livres-doccasion\/"},{"@type":"ListItem","position":3,"name":"Architecture paysag\u00e8re"}]},{"@type":"WebSite","@id":"https:\/\/chtululu.be\/#website","url":"https:\/\/chtululu.be\/","name":"Le Chtululu","description":"Votre librairie de seconde main \u00e0 Soignies","publisher":{"@id":"https:\/\/chtululu.be\/#organization"},"potentialAction":[{"@type":"SearchAction","target":{"@type":"EntryPoint","urlTemplate":"https:\/\/chtululu.be\/?s={search_term_string}"},"query-input":{"@type":"PropertyValueSpecification","valueRequired":true,"valueName":"search_term_string"}}],"inLanguage":"fr-FR"},{"@type":"Organization","@id":"https:\/\/chtululu.be\/#organization","name":"Le Chtululu","url":"https:\/\/chtululu.be\/","logo":{"@type":"ImageObject","inLanguage":"fr-FR","@id":"https:\/\/chtululu.be\/#\/schema\/logo\/image\/","url":"https:\/\/chtululu.be\/wp-content\/uploads\/2016\/05\/logo-def-blanc.jpg","contentUrl":"https:\/\/chtululu.be\/wp-content\/uploads\/2016\/05\/logo-def-blanc.jpg","width":2048,"height":1901,"caption":"Le Chtululu"},"image":{"@id":"https:\/\/chtululu.be\/#\/schema\/logo\/image\/"}}]}},"_links":{"self":[{"href":"https:\/\/chtululu.be\/index.php\/wp-json\/wp\/v2\/product\/2987","targetHints":{"allow":["GET"]}}],"collection":[{"href":"https:\/\/chtululu.be\/index.php\/wp-json\/wp\/v2\/product"}],"about":[{"href":"https:\/\/chtululu.be\/index.php\/wp-json\/wp\/v2\/types\/product"}],"wp:featuredmedia":[{"embeddable":true,"href":"https:\/\/chtululu.be\/index.php\/wp-json\/wp\/v2\/media\/2991"}],"wp:attachment":[{"href":"https:\/\/chtululu.be\/index.php\/wp-json\/wp\/v2\/media?parent=2987"}],"wp:term":[{"taxonomy":"product_brand","embeddable":true,"href":"https:\/\/chtululu.be\/index.php\/wp-json\/wp\/v2\/product_brand?post=2987"},{"taxonomy":"product_cat","embeddable":true,"href":"https:\/\/chtululu.be\/index.php\/wp-json\/wp\/v2\/product_cat?post=2987"},{"taxonomy":"product_tag","embeddable":true,"href":"https:\/\/chtululu.be\/index.php\/wp-json\/wp\/v2\/product_tag?post=2987"}],"curies":[{"name":"wp","href":"https:\/\/api.w.org\/{rel}","templated":true}]}}