{"id":2899,"date":"2021-09-26T14:47:50","date_gmt":"2021-09-26T13:47:50","guid":{"rendered":"https:\/\/chtululu.be\/?post_type=product&#038;p=2899"},"modified":"2022-04-04T22:45:47","modified_gmt":"2022-04-04T21:45:47","slug":"sulak-de-philippe-jaenada","status":"publish","type":"product","link":"https:\/\/chtululu.be\/index.php\/produit\/sulak-de-philippe-jaenada\/","title":{"rendered":"Sulak (Philippe Jaenada)"},"content":{"rendered":"<h2>Sulak\u00a0(Philippe Jaenada)<\/h2>\n<p>R\u00e9sum\u00e9 de Sulak<\/p>\n<p>Aucun romancier n&rsquo;aurait pu inventer un personnage aussi fascinant que celui de Bruno Sulak. Tout au long des ann\u00e9es 80, ses braquages audacieux et ses \u00e9vasions r\u00e9p\u00e9t\u00e9es \u2013 sans la moindre effusion de sang \u2013 ont d\u00e9fray\u00e9 la chronique judiciaire. Ancien l\u00e9gionnaire, parachutiste \u00e9m\u00e9rite, charmeur, g\u00e9n\u00e9reux et int\u00e8gre, follement \u00e9pris de libert\u00e9, Bruno Sulak a marqu\u00e9 les m\u00e9moires avec ses casses spectaculaires. Pendant dix ans ce jeune homme a d\u00e9fi\u00e9 les lois de la R\u00e9publique, s&rsquo;est jou\u00e9 du syst\u00e8me carc\u00e9ral, a brav\u00e9 l&rsquo;ensemble d&rsquo;une soci\u00e9t\u00e9 contre laquelle il \u00e9tait entr\u00e9 en guerre \u00e0 forces d&rsquo;injustices, aux c\u00f4t\u00e9s de Steve, son ami et complice, et de Thalie, grande et belle brune, son amour hors la loi. Aussi fulgurante que rocambolesque, son existence s&rsquo;est achev\u00e9e sur un point d&rsquo;interrogation : une mort dans des circonstances obscures qui suscite encore la pol\u00e9mique.<\/p>\n<p><a href=\"https:\/\/www.babelio.com\/livres\/Jaenada-Sulak\/495151\">R\u00e9sum\u00e9 issu de Babelio<\/a><\/p>\n","protected":false},"excerpt":{"rendered":"<p>Sulak de Philippe Jaenada<\/p>\n","protected":false},"featured_media":2900,"template":"","meta":{"_acf_changed":false,"_exactmetrics_skip_tracking":false,"_exactmetrics_sitenote_active":false,"_exactmetrics_sitenote_note":"","_exactmetrics_sitenote_category":0},"product_brand":[],"product_cat":[24],"product_tag":[459],"class_list":{"0":"post-2899","1":"product","2":"type-product","3":"status-publish","4":"has-post-thumbnail","6":"product_cat-roman","7":"product_tag-jaenada-philippe","9":"first","10":"instock","11":"sold-individually","12":"taxable","13":"shipping-taxable","14":"purchasable","15":"product-type-simple"},"acf":[],"yoast_head":"<!-- This site is optimized with the Yoast SEO plugin v26.6 - https:\/\/yoast.com\/wordpress\/plugins\/seo\/ -->\n<title>Sulak de Philippe Jaenada est disponible au Chtululu<\/title>\n<meta name=\"description\" content=\"Sulak de Philippe Jaenada (2013) est disponible en seconde main au Chtululu, \u00e0 la gare de Soignies, sur r\u00e9servation ou \u00e0 la livraison.\" \/>\n<meta name=\"robots\" content=\"index, follow, max-snippet:-1, max-image-preview:large, max-video-preview:-1\" \/>\n<link rel=\"canonical\" href=\"https:\/\/chtululu.be\/index.php\/produit\/sulak-de-philippe-jaenada\/\" \/>\n<meta property=\"og:locale\" content=\"fr_FR\" \/>\n<meta property=\"og:type\" content=\"article\" \/>\n<meta property=\"og:title\" content=\"Sulak de Philippe Jaenada est disponible au Chtululu\" \/>\n<meta property=\"og:description\" content=\"Sulak de Philippe Jaenada (2013) est disponible en seconde main au Chtululu, \u00e0 la gare de Soignies, sur r\u00e9servation ou \u00e0 la livraison.\" \/>\n<meta property=\"og:url\" content=\"https:\/\/chtululu.be\/index.php\/produit\/sulak-de-philippe-jaenada\/\" \/>\n<meta property=\"og:site_name\" content=\"Le Chtululu\" \/>\n<meta property=\"article:modified_time\" content=\"2022-04-04T21:45:47+00:00\" \/>\n<meta property=\"og:image\" content=\"https:\/\/chtululu.be\/wp-content\/uploads\/2021\/09\/sulak.jpg\" \/>\n\t<meta property=\"og:image:width\" content=\"500\" \/>\n\t<meta property=\"og:image:height\" content=\"500\" \/>\n\t<meta property=\"og:image:type\" content=\"image\/jpeg\" \/>\n<meta name=\"twitter:card\" content=\"summary_large_image\" \/>\n<meta name=\"twitter:label1\" content=\"Dur\u00e9e de lecture estim\u00e9e\" \/>\n\t<meta name=\"twitter:data1\" content=\"1 minute\" \/>\n<script type=\"application\/ld+json\" class=\"yoast-schema-graph\">{\"@context\":\"https:\/\/schema.org\",\"@graph\":[{\"@type\":\"WebPage\",\"@id\":\"https:\/\/chtululu.be\/index.php\/produit\/sulak-de-philippe-jaenada\/\",\"url\":\"https:\/\/chtululu.be\/index.php\/produit\/sulak-de-philippe-jaenada\/\",\"name\":\"Sulak de Philippe Jaenada est disponible au Chtululu\",\"isPartOf\":{\"@id\":\"https:\/\/chtululu.be\/#website\"},\"primaryImageOfPage\":{\"@id\":\"https:\/\/chtululu.be\/index.php\/produit\/sulak-de-philippe-jaenada\/#primaryimage\"},\"image\":{\"@id\":\"https:\/\/chtululu.be\/index.php\/produit\/sulak-de-philippe-jaenada\/#primaryimage\"},\"thumbnailUrl\":\"https:\/\/chtululu.be\/wp-content\/uploads\/2021\/09\/sulak.jpg\",\"datePublished\":\"2021-09-26T13:47:50+00:00\",\"dateModified\":\"2022-04-04T21:45:47+00:00\",\"description\":\"Sulak de Philippe Jaenada (2013) est disponible en seconde main au Chtululu, \u00e0 la gare de Soignies, sur r\u00e9servation ou \u00e0 la livraison.\",\"breadcrumb\":{\"@id\":\"https:\/\/chtululu.be\/index.php\/produit\/sulak-de-philippe-jaenada\/#breadcrumb\"},\"inLanguage\":\"fr-FR\",\"potentialAction\":[{\"@type\":\"ReadAction\",\"target\":[\"https:\/\/chtululu.be\/index.php\/produit\/sulak-de-philippe-jaenada\/\"]}]},{\"@type\":\"ImageObject\",\"inLanguage\":\"fr-FR\",\"@id\":\"https:\/\/chtululu.be\/index.php\/produit\/sulak-de-philippe-jaenada\/#primaryimage\",\"url\":\"https:\/\/chtululu.be\/wp-content\/uploads\/2021\/09\/sulak.jpg\",\"contentUrl\":\"https:\/\/chtululu.be\/wp-content\/uploads\/2021\/09\/sulak.jpg\",\"width\":500,\"height\":500,\"caption\":\"Sulak\"},{\"@type\":\"BreadcrumbList\",\"@id\":\"https:\/\/chtululu.be\/index.php\/produit\/sulak-de-philippe-jaenada\/#breadcrumb\",\"itemListElement\":[{\"@type\":\"ListItem\",\"position\":1,\"name\":\"Accueil\",\"item\":\"https:\/\/chtululu.be\/\"},{\"@type\":\"ListItem\",\"position\":2,\"name\":\"Les livres\",\"item\":\"https:\/\/chtululu.be\/index.php\/livres-doccasion\/\"},{\"@type\":\"ListItem\",\"position\":3,\"name\":\"Sulak (Philippe Jaenada)\"}]},{\"@type\":\"WebSite\",\"@id\":\"https:\/\/chtululu.be\/#website\",\"url\":\"https:\/\/chtululu.be\/\",\"name\":\"Le Chtululu\",\"description\":\"Votre librairie de seconde main \u00e0 Soignies\",\"publisher\":{\"@id\":\"https:\/\/chtululu.be\/#organization\"},\"potentialAction\":[{\"@type\":\"SearchAction\",\"target\":{\"@type\":\"EntryPoint\",\"urlTemplate\":\"https:\/\/chtululu.be\/?s={search_term_string}\"},\"query-input\":{\"@type\":\"PropertyValueSpecification\",\"valueRequired\":true,\"valueName\":\"search_term_string\"}}],\"inLanguage\":\"fr-FR\"},{\"@type\":\"Organization\",\"@id\":\"https:\/\/chtululu.be\/#organization\",\"name\":\"Le Chtululu\",\"url\":\"https:\/\/chtululu.be\/\",\"logo\":{\"@type\":\"ImageObject\",\"inLanguage\":\"fr-FR\",\"@id\":\"https:\/\/chtululu.be\/#\/schema\/logo\/image\/\",\"url\":\"https:\/\/chtululu.be\/wp-content\/uploads\/2016\/05\/logo-def-blanc.jpg\",\"contentUrl\":\"https:\/\/chtululu.be\/wp-content\/uploads\/2016\/05\/logo-def-blanc.jpg\",\"width\":2048,\"height\":1901,\"caption\":\"Le Chtululu\"},\"image\":{\"@id\":\"https:\/\/chtululu.be\/#\/schema\/logo\/image\/\"}}]}<\/script>\n<!-- \/ Yoast SEO plugin. -->","yoast_head_json":{"title":"Sulak de Philippe Jaenada est disponible au Chtululu","description":"Sulak de Philippe Jaenada (2013) est disponible en seconde main au Chtululu, \u00e0 la gare de Soignies, sur r\u00e9servation ou \u00e0 la livraison.","robots":{"index":"index","follow":"follow","max-snippet":"max-snippet:-1","max-image-preview":"max-image-preview:large","max-video-preview":"max-video-preview:-1"},"canonical":"https:\/\/chtululu.be\/index.php\/produit\/sulak-de-philippe-jaenada\/","og_locale":"fr_FR","og_type":"article","og_title":"Sulak de Philippe Jaenada est disponible au Chtululu","og_description":"Sulak de Philippe Jaenada (2013) est disponible en seconde main au Chtululu, \u00e0 la gare de Soignies, sur r\u00e9servation ou \u00e0 la livraison.","og_url":"https:\/\/chtululu.be\/index.php\/produit\/sulak-de-philippe-jaenada\/","og_site_name":"Le Chtululu","article_modified_time":"2022-04-04T21:45:47+00:00","og_image":[{"width":500,"height":500,"url":"https:\/\/chtululu.be\/wp-content\/uploads\/2021\/09\/sulak.jpg","type":"image\/jpeg"}],"twitter_card":"summary_large_image","twitter_misc":{"Dur\u00e9e de lecture estim\u00e9e":"1 minute"},"schema":{"@context":"https:\/\/schema.org","@graph":[{"@type":"WebPage","@id":"https:\/\/chtululu.be\/index.php\/produit\/sulak-de-philippe-jaenada\/","url":"https:\/\/chtululu.be\/index.php\/produit\/sulak-de-philippe-jaenada\/","name":"Sulak de Philippe Jaenada est disponible au Chtululu","isPartOf":{"@id":"https:\/\/chtululu.be\/#website"},"primaryImageOfPage":{"@id":"https:\/\/chtululu.be\/index.php\/produit\/sulak-de-philippe-jaenada\/#primaryimage"},"image":{"@id":"https:\/\/chtululu.be\/index.php\/produit\/sulak-de-philippe-jaenada\/#primaryimage"},"thumbnailUrl":"https:\/\/chtululu.be\/wp-content\/uploads\/2021\/09\/sulak.jpg","datePublished":"2021-09-26T13:47:50+00:00","dateModified":"2022-04-04T21:45:47+00:00","description":"Sulak de Philippe Jaenada (2013) est disponible en seconde main au Chtululu, \u00e0 la gare de Soignies, sur r\u00e9servation ou \u00e0 la livraison.","breadcrumb":{"@id":"https:\/\/chtululu.be\/index.php\/produit\/sulak-de-philippe-jaenada\/#breadcrumb"},"inLanguage":"fr-FR","potentialAction":[{"@type":"ReadAction","target":["https:\/\/chtululu.be\/index.php\/produit\/sulak-de-philippe-jaenada\/"]}]},{"@type":"ImageObject","inLanguage":"fr-FR","@id":"https:\/\/chtululu.be\/index.php\/produit\/sulak-de-philippe-jaenada\/#primaryimage","url":"https:\/\/chtululu.be\/wp-content\/uploads\/2021\/09\/sulak.jpg","contentUrl":"https:\/\/chtululu.be\/wp-content\/uploads\/2021\/09\/sulak.jpg","width":500,"height":500,"caption":"Sulak"},{"@type":"BreadcrumbList","@id":"https:\/\/chtululu.be\/index.php\/produit\/sulak-de-philippe-jaenada\/#breadcrumb","itemListElement":[{"@type":"ListItem","position":1,"name":"Accueil","item":"https:\/\/chtululu.be\/"},{"@type":"ListItem","position":2,"name":"Les livres","item":"https:\/\/chtululu.be\/index.php\/livres-doccasion\/"},{"@type":"ListItem","position":3,"name":"Sulak (Philippe Jaenada)"}]},{"@type":"WebSite","@id":"https:\/\/chtululu.be\/#website","url":"https:\/\/chtululu.be\/","name":"Le Chtululu","description":"Votre librairie de seconde main \u00e0 Soignies","publisher":{"@id":"https:\/\/chtululu.be\/#organization"},"potentialAction":[{"@type":"SearchAction","target":{"@type":"EntryPoint","urlTemplate":"https:\/\/chtululu.be\/?s={search_term_string}"},"query-input":{"@type":"PropertyValueSpecification","valueRequired":true,"valueName":"search_term_string"}}],"inLanguage":"fr-FR"},{"@type":"Organization","@id":"https:\/\/chtululu.be\/#organization","name":"Le Chtululu","url":"https:\/\/chtululu.be\/","logo":{"@type":"ImageObject","inLanguage":"fr-FR","@id":"https:\/\/chtululu.be\/#\/schema\/logo\/image\/","url":"https:\/\/chtululu.be\/wp-content\/uploads\/2016\/05\/logo-def-blanc.jpg","contentUrl":"https:\/\/chtululu.be\/wp-content\/uploads\/2016\/05\/logo-def-blanc.jpg","width":2048,"height":1901,"caption":"Le Chtululu"},"image":{"@id":"https:\/\/chtululu.be\/#\/schema\/logo\/image\/"}}]}},"_links":{"self":[{"href":"https:\/\/chtululu.be\/index.php\/wp-json\/wp\/v2\/product\/2899","targetHints":{"allow":["GET"]}}],"collection":[{"href":"https:\/\/chtululu.be\/index.php\/wp-json\/wp\/v2\/product"}],"about":[{"href":"https:\/\/chtululu.be\/index.php\/wp-json\/wp\/v2\/types\/product"}],"wp:featuredmedia":[{"embeddable":true,"href":"https:\/\/chtululu.be\/index.php\/wp-json\/wp\/v2\/media\/2900"}],"wp:attachment":[{"href":"https:\/\/chtululu.be\/index.php\/wp-json\/wp\/v2\/media?parent=2899"}],"wp:term":[{"taxonomy":"product_brand","embeddable":true,"href":"https:\/\/chtululu.be\/index.php\/wp-json\/wp\/v2\/product_brand?post=2899"},{"taxonomy":"product_cat","embeddable":true,"href":"https:\/\/chtululu.be\/index.php\/wp-json\/wp\/v2\/product_cat?post=2899"},{"taxonomy":"product_tag","embeddable":true,"href":"https:\/\/chtululu.be\/index.php\/wp-json\/wp\/v2\/product_tag?post=2899"}],"curies":[{"name":"wp","href":"https:\/\/api.w.org\/{rel}","templated":true}]}}