{"id":2884,"date":"2021-09-19T18:11:04","date_gmt":"2021-09-19T17:11:04","guid":{"rendered":"https:\/\/chtululu.be\/?post_type=product&#038;p=2884"},"modified":"2021-09-19T18:27:32","modified_gmt":"2021-09-19T17:27:32","slug":"la-ruche-dhellstrom","status":"publish","type":"product","link":"https:\/\/chtululu.be\/index.php\/produit\/la-ruche-dhellstrom\/","title":{"rendered":"La ruche d&rsquo;Hellstrom (Frank Herbert)"},"content":{"rendered":"<p>A l&rsquo;occasion de la sortie du film Dune, (re)d\u00e9couvrez les autres livres de Frank Herbert :<\/p>\n<p>&nbsp;<\/p>\n<h2>La ruche d&rsquo;Hellstrom<\/h2>\n<div align=\"justify\">\n<div align=\"justify\">\n<div align=\"justify\"><\/div>\n<\/div>\n<div align=\"justify\">\n<div>\u00a0\u00a0<em>F<\/em><em>rank Herbert, n\u00e9 aux E.U. en 1920, est c\u00e9l\u00e8bre pour son gigantesque roman\u00a0<\/em>Dune,\u00a0<em>couronn\u00e9 en 1966 par le Hugo.\u00a0<\/em>La ruche d&rsquo;Hellstrom\u00a0<em>a re\u00e7u le Prix Apollo. Fervent adepte de l&rsquo;\u00e9cologie, Herbert vit aujourd&rsquo;hui dans une ferme de l&rsquo;Etat de Washington, en autarcie presque compl\u00e8te.<\/em><\/div>\n<div><\/div>\n<div>Cette fois, <em>l&rsquo;Agence \u2014\u00a0<\/em>le tout-puissant service secret am\u00e9ricain\u00a0\u2014 d\u00e9cide de passer \u00e0 l&rsquo;action massive. Elle vient de perdre trois agents (tu\u00e9s\u00a0? enlev\u00e9s\u00a0?) aux abords de la ferme du \u00ab\u00a0Val Gard\u00e9\u00a0\u00bb, dans l&rsquo;Oregon. L\u00e0 o\u00f9 le Dr Hellstrom s&rsquo;est enferm\u00e9. Pour travailler.<\/div>\n<div><\/div>\n<div>Hellstrom, le biologiste et entomologiste c\u00e9l\u00e8bre, l&rsquo;instigateur d&rsquo;un certain \u00ab Projet 40 \u00bb. De ce projet,\u00a0<em>l&rsquo;Agence\u00a0<\/em>sait peu de chose mais le croit dangereux&#8230;<\/div>\n<div><\/div>\n<div>Le mot para\u00eetra d\u00e9risoire \u00e0 Janvert et \u00e0 ses hommes lorsqu&rsquo;ils r\u00e9ussiront \u00e0 p\u00e9n\u00e9trer dans l&rsquo;immense b\u00e2tisse : des hommes-insectes vivent l\u00e0 \u00ab en ruche \u00bb, des cerveaux artificiels cr\u00e9ent des armes radicales, il y a des cuves o\u00f9 l&rsquo;on&#8230;<\/div>\n<div><\/div>\n<div>Janvert aura-t-il la force d&rsquo;aller jusqu&rsquo;au bout ?<\/div>\n<div><\/div>\n<\/div>\n<\/div>\n<div align=\"justify\"><a href=\"https:\/\/www.noosfere.org\/livres\/niourf.asp?numlivre=-324058\">R\u00e9sum\u00e9 de La ruche d&rsquo;Hellstrom, issu du site Noosfere.org<\/a><\/div>\n","protected":false},"excerpt":{"rendered":"<p>La ruche d&rsquo;Hellstrom\u00a0de Frank Herbert (par l&rsquo;auteur de Dune)<\/p>\n","protected":false},"featured_media":2885,"template":"","meta":{"_acf_changed":false,"_exactmetrics_skip_tracking":false,"_exactmetrics_sitenote_active":false,"_exactmetrics_sitenote_note":"","_exactmetrics_sitenote_category":0},"product_brand":[],"product_cat":[384],"product_tag":[399,394],"class_list":{"0":"post-2884","1":"product","2":"type-product","3":"status-publish","4":"has-post-thumbnail","6":"product_cat-sf","7":"product_tag-herbert","8":"product_tag-sf","10":"first","11":"instock","12":"sold-individually","13":"taxable","14":"shipping-taxable","15":"purchasable","16":"product-type-simple"},"acf":[],"yoast_head":"<!-- This site is optimized with the Yoast SEO plugin v26.6 - https:\/\/yoast.com\/wordpress\/plugins\/seo\/ -->\n<title>Le La ruche d&#039;Hellstrom (Frank Herbert) en seconde main au Chtululu<\/title>\n<meta name=\"description\" content=\"La ruche d&#039;Hellstrom de Frank Herbert est disponible en seconde main au Chtululu (gare de Soignies), en r\u00e9servation ou \u00e0 la livraison.\" \/>\n<meta name=\"robots\" content=\"index, follow, max-snippet:-1, max-image-preview:large, max-video-preview:-1\" \/>\n<link rel=\"canonical\" href=\"https:\/\/chtululu.be\/index.php\/produit\/la-ruche-dhellstrom\/\" \/>\n<meta property=\"og:locale\" content=\"fr_FR\" \/>\n<meta property=\"og:type\" content=\"article\" \/>\n<meta property=\"og:title\" content=\"Le La ruche d&#039;Hellstrom (Frank Herbert) en seconde main au Chtululu\" \/>\n<meta property=\"og:description\" content=\"La ruche d&#039;Hellstrom de Frank Herbert est disponible en seconde main au Chtululu (gare de Soignies), en r\u00e9servation ou \u00e0 la livraison.\" \/>\n<meta property=\"og:url\" content=\"https:\/\/chtululu.be\/index.php\/produit\/la-ruche-dhellstrom\/\" \/>\n<meta property=\"og:site_name\" content=\"Le Chtululu\" \/>\n<meta property=\"article:modified_time\" content=\"2021-09-19T17:27:32+00:00\" \/>\n<meta property=\"og:image\" content=\"https:\/\/chtululu.be\/wp-content\/uploads\/2021\/09\/Herbert6.jpg\" \/>\n\t<meta property=\"og:image:width\" content=\"500\" \/>\n\t<meta property=\"og:image:height\" content=\"500\" \/>\n\t<meta property=\"og:image:type\" content=\"image\/jpeg\" \/>\n<meta name=\"twitter:card\" content=\"summary_large_image\" \/>\n<meta name=\"twitter:label1\" content=\"Dur\u00e9e de lecture estim\u00e9e\" \/>\n\t<meta name=\"twitter:data1\" content=\"1 minute\" \/>\n<script type=\"application\/ld+json\" class=\"yoast-schema-graph\">{\"@context\":\"https:\/\/schema.org\",\"@graph\":[{\"@type\":\"WebPage\",\"@id\":\"https:\/\/chtululu.be\/index.php\/produit\/la-ruche-dhellstrom\/\",\"url\":\"https:\/\/chtululu.be\/index.php\/produit\/la-ruche-dhellstrom\/\",\"name\":\"Le La ruche d'Hellstrom (Frank Herbert) en seconde main au Chtululu\",\"isPartOf\":{\"@id\":\"https:\/\/chtululu.be\/#website\"},\"primaryImageOfPage\":{\"@id\":\"https:\/\/chtululu.be\/index.php\/produit\/la-ruche-dhellstrom\/#primaryimage\"},\"image\":{\"@id\":\"https:\/\/chtululu.be\/index.php\/produit\/la-ruche-dhellstrom\/#primaryimage\"},\"thumbnailUrl\":\"https:\/\/chtululu.be\/wp-content\/uploads\/2021\/09\/Herbert6.jpg\",\"datePublished\":\"2021-09-19T17:11:04+00:00\",\"dateModified\":\"2021-09-19T17:27:32+00:00\",\"description\":\"La ruche d'Hellstrom de Frank Herbert est disponible en seconde main au Chtululu (gare de Soignies), en r\u00e9servation ou \u00e0 la livraison.\",\"breadcrumb\":{\"@id\":\"https:\/\/chtululu.be\/index.php\/produit\/la-ruche-dhellstrom\/#breadcrumb\"},\"inLanguage\":\"fr-FR\",\"potentialAction\":[{\"@type\":\"ReadAction\",\"target\":[\"https:\/\/chtululu.be\/index.php\/produit\/la-ruche-dhellstrom\/\"]}]},{\"@type\":\"ImageObject\",\"inLanguage\":\"fr-FR\",\"@id\":\"https:\/\/chtululu.be\/index.php\/produit\/la-ruche-dhellstrom\/#primaryimage\",\"url\":\"https:\/\/chtululu.be\/wp-content\/uploads\/2021\/09\/Herbert6.jpg\",\"contentUrl\":\"https:\/\/chtululu.be\/wp-content\/uploads\/2021\/09\/Herbert6.jpg\",\"width\":500,\"height\":500,\"caption\":\"La ruche d'Hellstrom\"},{\"@type\":\"BreadcrumbList\",\"@id\":\"https:\/\/chtululu.be\/index.php\/produit\/la-ruche-dhellstrom\/#breadcrumb\",\"itemListElement\":[{\"@type\":\"ListItem\",\"position\":1,\"name\":\"Accueil\",\"item\":\"https:\/\/chtululu.be\/\"},{\"@type\":\"ListItem\",\"position\":2,\"name\":\"Les livres\",\"item\":\"https:\/\/chtululu.be\/index.php\/livres-doccasion\/\"},{\"@type\":\"ListItem\",\"position\":3,\"name\":\"La ruche d&rsquo;Hellstrom (Frank Herbert)\"}]},{\"@type\":\"WebSite\",\"@id\":\"https:\/\/chtululu.be\/#website\",\"url\":\"https:\/\/chtululu.be\/\",\"name\":\"Le Chtululu\",\"description\":\"Votre librairie de seconde main \u00e0 Soignies\",\"publisher\":{\"@id\":\"https:\/\/chtululu.be\/#organization\"},\"potentialAction\":[{\"@type\":\"SearchAction\",\"target\":{\"@type\":\"EntryPoint\",\"urlTemplate\":\"https:\/\/chtululu.be\/?s={search_term_string}\"},\"query-input\":{\"@type\":\"PropertyValueSpecification\",\"valueRequired\":true,\"valueName\":\"search_term_string\"}}],\"inLanguage\":\"fr-FR\"},{\"@type\":\"Organization\",\"@id\":\"https:\/\/chtululu.be\/#organization\",\"name\":\"Le Chtululu\",\"url\":\"https:\/\/chtululu.be\/\",\"logo\":{\"@type\":\"ImageObject\",\"inLanguage\":\"fr-FR\",\"@id\":\"https:\/\/chtululu.be\/#\/schema\/logo\/image\/\",\"url\":\"https:\/\/chtululu.be\/wp-content\/uploads\/2016\/05\/logo-def-blanc.jpg\",\"contentUrl\":\"https:\/\/chtululu.be\/wp-content\/uploads\/2016\/05\/logo-def-blanc.jpg\",\"width\":2048,\"height\":1901,\"caption\":\"Le Chtululu\"},\"image\":{\"@id\":\"https:\/\/chtululu.be\/#\/schema\/logo\/image\/\"}}]}<\/script>\n<!-- \/ Yoast SEO plugin. -->","yoast_head_json":{"title":"Le La ruche d'Hellstrom (Frank Herbert) en seconde main au Chtululu","description":"La ruche d'Hellstrom de Frank Herbert est disponible en seconde main au Chtululu (gare de Soignies), en r\u00e9servation ou \u00e0 la livraison.","robots":{"index":"index","follow":"follow","max-snippet":"max-snippet:-1","max-image-preview":"max-image-preview:large","max-video-preview":"max-video-preview:-1"},"canonical":"https:\/\/chtululu.be\/index.php\/produit\/la-ruche-dhellstrom\/","og_locale":"fr_FR","og_type":"article","og_title":"Le La ruche d'Hellstrom (Frank Herbert) en seconde main au Chtululu","og_description":"La ruche d'Hellstrom de Frank Herbert est disponible en seconde main au Chtululu (gare de Soignies), en r\u00e9servation ou \u00e0 la livraison.","og_url":"https:\/\/chtululu.be\/index.php\/produit\/la-ruche-dhellstrom\/","og_site_name":"Le Chtululu","article_modified_time":"2021-09-19T17:27:32+00:00","og_image":[{"width":500,"height":500,"url":"https:\/\/chtululu.be\/wp-content\/uploads\/2021\/09\/Herbert6.jpg","type":"image\/jpeg"}],"twitter_card":"summary_large_image","twitter_misc":{"Dur\u00e9e de lecture estim\u00e9e":"1 minute"},"schema":{"@context":"https:\/\/schema.org","@graph":[{"@type":"WebPage","@id":"https:\/\/chtululu.be\/index.php\/produit\/la-ruche-dhellstrom\/","url":"https:\/\/chtululu.be\/index.php\/produit\/la-ruche-dhellstrom\/","name":"Le La ruche d'Hellstrom (Frank Herbert) en seconde main au Chtululu","isPartOf":{"@id":"https:\/\/chtululu.be\/#website"},"primaryImageOfPage":{"@id":"https:\/\/chtululu.be\/index.php\/produit\/la-ruche-dhellstrom\/#primaryimage"},"image":{"@id":"https:\/\/chtululu.be\/index.php\/produit\/la-ruche-dhellstrom\/#primaryimage"},"thumbnailUrl":"https:\/\/chtululu.be\/wp-content\/uploads\/2021\/09\/Herbert6.jpg","datePublished":"2021-09-19T17:11:04+00:00","dateModified":"2021-09-19T17:27:32+00:00","description":"La ruche d'Hellstrom de Frank Herbert est disponible en seconde main au Chtululu (gare de Soignies), en r\u00e9servation ou \u00e0 la livraison.","breadcrumb":{"@id":"https:\/\/chtululu.be\/index.php\/produit\/la-ruche-dhellstrom\/#breadcrumb"},"inLanguage":"fr-FR","potentialAction":[{"@type":"ReadAction","target":["https:\/\/chtululu.be\/index.php\/produit\/la-ruche-dhellstrom\/"]}]},{"@type":"ImageObject","inLanguage":"fr-FR","@id":"https:\/\/chtululu.be\/index.php\/produit\/la-ruche-dhellstrom\/#primaryimage","url":"https:\/\/chtululu.be\/wp-content\/uploads\/2021\/09\/Herbert6.jpg","contentUrl":"https:\/\/chtululu.be\/wp-content\/uploads\/2021\/09\/Herbert6.jpg","width":500,"height":500,"caption":"La ruche d'Hellstrom"},{"@type":"BreadcrumbList","@id":"https:\/\/chtululu.be\/index.php\/produit\/la-ruche-dhellstrom\/#breadcrumb","itemListElement":[{"@type":"ListItem","position":1,"name":"Accueil","item":"https:\/\/chtululu.be\/"},{"@type":"ListItem","position":2,"name":"Les livres","item":"https:\/\/chtululu.be\/index.php\/livres-doccasion\/"},{"@type":"ListItem","position":3,"name":"La ruche d&rsquo;Hellstrom (Frank Herbert)"}]},{"@type":"WebSite","@id":"https:\/\/chtululu.be\/#website","url":"https:\/\/chtululu.be\/","name":"Le Chtululu","description":"Votre librairie de seconde main \u00e0 Soignies","publisher":{"@id":"https:\/\/chtululu.be\/#organization"},"potentialAction":[{"@type":"SearchAction","target":{"@type":"EntryPoint","urlTemplate":"https:\/\/chtululu.be\/?s={search_term_string}"},"query-input":{"@type":"PropertyValueSpecification","valueRequired":true,"valueName":"search_term_string"}}],"inLanguage":"fr-FR"},{"@type":"Organization","@id":"https:\/\/chtululu.be\/#organization","name":"Le Chtululu","url":"https:\/\/chtululu.be\/","logo":{"@type":"ImageObject","inLanguage":"fr-FR","@id":"https:\/\/chtululu.be\/#\/schema\/logo\/image\/","url":"https:\/\/chtululu.be\/wp-content\/uploads\/2016\/05\/logo-def-blanc.jpg","contentUrl":"https:\/\/chtululu.be\/wp-content\/uploads\/2016\/05\/logo-def-blanc.jpg","width":2048,"height":1901,"caption":"Le Chtululu"},"image":{"@id":"https:\/\/chtululu.be\/#\/schema\/logo\/image\/"}}]}},"_links":{"self":[{"href":"https:\/\/chtululu.be\/index.php\/wp-json\/wp\/v2\/product\/2884","targetHints":{"allow":["GET"]}}],"collection":[{"href":"https:\/\/chtululu.be\/index.php\/wp-json\/wp\/v2\/product"}],"about":[{"href":"https:\/\/chtululu.be\/index.php\/wp-json\/wp\/v2\/types\/product"}],"wp:featuredmedia":[{"embeddable":true,"href":"https:\/\/chtululu.be\/index.php\/wp-json\/wp\/v2\/media\/2885"}],"wp:attachment":[{"href":"https:\/\/chtululu.be\/index.php\/wp-json\/wp\/v2\/media?parent=2884"}],"wp:term":[{"taxonomy":"product_brand","embeddable":true,"href":"https:\/\/chtululu.be\/index.php\/wp-json\/wp\/v2\/product_brand?post=2884"},{"taxonomy":"product_cat","embeddable":true,"href":"https:\/\/chtululu.be\/index.php\/wp-json\/wp\/v2\/product_cat?post=2884"},{"taxonomy":"product_tag","embeddable":true,"href":"https:\/\/chtululu.be\/index.php\/wp-json\/wp\/v2\/product_tag?post=2884"}],"curies":[{"name":"wp","href":"https:\/\/api.w.org\/{rel}","templated":true}]}}