{"id":2878,"date":"2021-09-19T18:04:13","date_gmt":"2021-09-19T17:04:13","guid":{"rendered":"https:\/\/chtululu.be\/?post_type=product&#038;p=2878"},"modified":"2021-09-19T18:06:47","modified_gmt":"2021-09-19T17:06:47","slug":"la-barriere-santaroga","status":"publish","type":"product","link":"https:\/\/chtululu.be\/index.php\/produit\/la-barriere-santaroga\/","title":{"rendered":"La barri\u00e8re Santaroga (Frank Herbert)"},"content":{"rendered":"<p>A l&rsquo;occasion de la sortie du film Dune, (re)d\u00e9couvrez les autres livres de Frank Herbert :<\/p>\n<h2>La barri\u00e8re Santaroga<\/h2>\n<div align=\"justify\">\n<div align=\"justify\">\n<div align=\"justify\">\n<div>\u00a0\u00a0Gilbert Dasein est un jeune et brillant psychologue de l&rsquo;Universit\u00e9 de Berkeley. On lui demande un rapport sur la vall\u00e9e de Santaroga, dont les habitants semblent r\u00e9sister \u00e0 l&rsquo;implantation d&rsquo;un magasin. Dans ce petit monde, il n&rsquo;y a ni fous ni d\u00e9linquants, mais quelque chose doit porter malheur aux \u00e9trangers\u00a0: deux enqu\u00eateurs ont d\u00e9j\u00e0 \u00e9t\u00e9 tu\u00e9s accidentellement. Dasein, lui, n&rsquo;a pas oubli\u00e9 la belle Jenny Sorge, native de Santaroga, qui fut son \u00e9tudiante \u00e0 Berkeley\u00a0; il accepte la mission avec l&rsquo;espoir de la revoir. Curieuse vall\u00e9e en v\u00e9rit\u00e9\u00a0: vieilles b\u00e2tisses, vieilles machines, gens renfrogn\u00e9s&#8230; jusqu&rsquo;\u00e0 ce qu&rsquo;on reconnaisse en lui l&rsquo;ami de Jenny. Alors l&rsquo;accueil devient chaleureux et Dasein, libre de faire ce qu&rsquo;il veut, ne comprend pas pourquoi lui arrivent tous ces accidents. O\u00f9 est l&rsquo;invisible barri\u00e8re Santaroga\u00a0? Esp\u00e9rons que Dasein saura la trouver avant d&rsquo;y laisser sa peau.<\/div>\n<div><\/div>\n<div>\u00a0\u00a0\u00a0\u00a0\u00a0Frank Herbert (1920-1986) est surtout connu par le colossal cycle de\u00a0<em>Dune<\/em>, qui a fait de lui le ma\u00eetre incontest\u00e9 de la S.F. Ses fid\u00e8les retrouveront ici ses th\u00e8mes favoris\u00a0: l&rsquo;\u00e9cologie, la drogue, les pouvoirs de l&rsquo;esprit. La Barri\u00e8re Santaroga est l&rsquo;un de ces romans policiers m\u00e9taphysiques o\u00f9 l&rsquo;enqu\u00eateur s&rsquo;aper\u00e7oit que tout s&rsquo;\u00e9claire quand il arrive \u00e0 se comprendre lui-m\u00eame.<\/div>\n<\/div>\n<\/div>\n<div align=\"justify\"><\/div>\n<\/div>\n<div align=\"justify\"><a href=\"https:\/\/www.noosfere.org\/livres\/niourf.asp?numlivre=2570\">R\u00e9sum\u00e9 de La barri\u00e8re Santaroga, issu du site Noosfere.org<\/a><\/div>\n","protected":false},"excerpt":{"rendered":"<p>Les pr\u00eatres du psi de Frank Herbert (par l&rsquo;auteur de Dune)<\/p>\n","protected":false},"featured_media":2879,"template":"","meta":{"_acf_changed":false,"_exactmetrics_skip_tracking":false,"_exactmetrics_sitenote_active":false,"_exactmetrics_sitenote_note":"","_exactmetrics_sitenote_category":0},"product_brand":[],"product_cat":[384],"product_tag":[399,394],"class_list":{"0":"post-2878","1":"product","2":"type-product","3":"status-publish","4":"has-post-thumbnail","6":"product_cat-sf","7":"product_tag-herbert","8":"product_tag-sf","10":"first","11":"instock","12":"sold-individually","13":"taxable","14":"shipping-taxable","15":"purchasable","16":"product-type-simple"},"acf":[],"yoast_head":"<!-- This site is optimized with the Yoast SEO plugin v26.6 - https:\/\/yoast.com\/wordpress\/plugins\/seo\/ -->\n<title>Le La barri\u00e8re Santaroga (Frank Herbert) en seconde main au Chtululu<\/title>\n<meta name=\"description\" content=\"La barri\u00e8re Santaroga de Frank Herbert est disponible en seconde main au Chtululu (gare de Soignies), en r\u00e9servation ou \u00e0 la livraison.\" \/>\n<meta name=\"robots\" content=\"index, follow, max-snippet:-1, max-image-preview:large, max-video-preview:-1\" \/>\n<link rel=\"canonical\" href=\"https:\/\/chtululu.be\/index.php\/produit\/la-barriere-santaroga\/\" \/>\n<meta property=\"og:locale\" content=\"fr_FR\" \/>\n<meta property=\"og:type\" content=\"article\" \/>\n<meta property=\"og:title\" content=\"Le La barri\u00e8re Santaroga (Frank Herbert) en seconde main au Chtululu\" \/>\n<meta property=\"og:description\" content=\"La barri\u00e8re Santaroga de Frank Herbert est disponible en seconde main au Chtululu (gare de Soignies), en r\u00e9servation ou \u00e0 la livraison.\" \/>\n<meta property=\"og:url\" content=\"https:\/\/chtululu.be\/index.php\/produit\/la-barriere-santaroga\/\" \/>\n<meta property=\"og:site_name\" content=\"Le Chtululu\" \/>\n<meta property=\"article:modified_time\" content=\"2021-09-19T17:06:47+00:00\" \/>\n<meta property=\"og:image\" content=\"https:\/\/chtululu.be\/wp-content\/uploads\/2021\/09\/barriere.jpg\" \/>\n\t<meta property=\"og:image:width\" content=\"500\" \/>\n\t<meta property=\"og:image:height\" content=\"500\" \/>\n\t<meta property=\"og:image:type\" content=\"image\/jpeg\" \/>\n<meta name=\"twitter:card\" content=\"summary_large_image\" \/>\n<meta name=\"twitter:label1\" content=\"Dur\u00e9e de lecture estim\u00e9e\" \/>\n\t<meta name=\"twitter:data1\" content=\"1 minute\" \/>\n<script type=\"application\/ld+json\" class=\"yoast-schema-graph\">{\"@context\":\"https:\/\/schema.org\",\"@graph\":[{\"@type\":\"WebPage\",\"@id\":\"https:\/\/chtululu.be\/index.php\/produit\/la-barriere-santaroga\/\",\"url\":\"https:\/\/chtululu.be\/index.php\/produit\/la-barriere-santaroga\/\",\"name\":\"Le La barri\u00e8re Santaroga (Frank Herbert) en seconde main au Chtululu\",\"isPartOf\":{\"@id\":\"https:\/\/chtululu.be\/#website\"},\"primaryImageOfPage\":{\"@id\":\"https:\/\/chtululu.be\/index.php\/produit\/la-barriere-santaroga\/#primaryimage\"},\"image\":{\"@id\":\"https:\/\/chtululu.be\/index.php\/produit\/la-barriere-santaroga\/#primaryimage\"},\"thumbnailUrl\":\"https:\/\/chtululu.be\/wp-content\/uploads\/2021\/09\/barriere.jpg\",\"datePublished\":\"2021-09-19T17:04:13+00:00\",\"dateModified\":\"2021-09-19T17:06:47+00:00\",\"description\":\"La barri\u00e8re Santaroga de Frank Herbert est disponible en seconde main au Chtululu (gare de Soignies), en r\u00e9servation ou \u00e0 la livraison.\",\"breadcrumb\":{\"@id\":\"https:\/\/chtululu.be\/index.php\/produit\/la-barriere-santaroga\/#breadcrumb\"},\"inLanguage\":\"fr-FR\",\"potentialAction\":[{\"@type\":\"ReadAction\",\"target\":[\"https:\/\/chtululu.be\/index.php\/produit\/la-barriere-santaroga\/\"]}]},{\"@type\":\"ImageObject\",\"inLanguage\":\"fr-FR\",\"@id\":\"https:\/\/chtululu.be\/index.php\/produit\/la-barriere-santaroga\/#primaryimage\",\"url\":\"https:\/\/chtululu.be\/wp-content\/uploads\/2021\/09\/barriere.jpg\",\"contentUrl\":\"https:\/\/chtululu.be\/wp-content\/uploads\/2021\/09\/barriere.jpg\",\"width\":500,\"height\":500,\"caption\":\"La barri\u00e8re Santaroga\"},{\"@type\":\"BreadcrumbList\",\"@id\":\"https:\/\/chtululu.be\/index.php\/produit\/la-barriere-santaroga\/#breadcrumb\",\"itemListElement\":[{\"@type\":\"ListItem\",\"position\":1,\"name\":\"Accueil\",\"item\":\"https:\/\/chtululu.be\/\"},{\"@type\":\"ListItem\",\"position\":2,\"name\":\"Les livres\",\"item\":\"https:\/\/chtululu.be\/index.php\/livres-doccasion\/\"},{\"@type\":\"ListItem\",\"position\":3,\"name\":\"La barri\u00e8re Santaroga (Frank Herbert)\"}]},{\"@type\":\"WebSite\",\"@id\":\"https:\/\/chtululu.be\/#website\",\"url\":\"https:\/\/chtululu.be\/\",\"name\":\"Le Chtululu\",\"description\":\"Votre librairie de seconde main \u00e0 Soignies\",\"publisher\":{\"@id\":\"https:\/\/chtululu.be\/#organization\"},\"potentialAction\":[{\"@type\":\"SearchAction\",\"target\":{\"@type\":\"EntryPoint\",\"urlTemplate\":\"https:\/\/chtululu.be\/?s={search_term_string}\"},\"query-input\":{\"@type\":\"PropertyValueSpecification\",\"valueRequired\":true,\"valueName\":\"search_term_string\"}}],\"inLanguage\":\"fr-FR\"},{\"@type\":\"Organization\",\"@id\":\"https:\/\/chtululu.be\/#organization\",\"name\":\"Le Chtululu\",\"url\":\"https:\/\/chtululu.be\/\",\"logo\":{\"@type\":\"ImageObject\",\"inLanguage\":\"fr-FR\",\"@id\":\"https:\/\/chtululu.be\/#\/schema\/logo\/image\/\",\"url\":\"https:\/\/chtululu.be\/wp-content\/uploads\/2016\/05\/logo-def-blanc.jpg\",\"contentUrl\":\"https:\/\/chtululu.be\/wp-content\/uploads\/2016\/05\/logo-def-blanc.jpg\",\"width\":2048,\"height\":1901,\"caption\":\"Le Chtululu\"},\"image\":{\"@id\":\"https:\/\/chtululu.be\/#\/schema\/logo\/image\/\"}}]}<\/script>\n<!-- \/ Yoast SEO plugin. -->","yoast_head_json":{"title":"Le La barri\u00e8re Santaroga (Frank Herbert) en seconde main au Chtululu","description":"La barri\u00e8re Santaroga de Frank Herbert est disponible en seconde main au Chtululu (gare de Soignies), en r\u00e9servation ou \u00e0 la livraison.","robots":{"index":"index","follow":"follow","max-snippet":"max-snippet:-1","max-image-preview":"max-image-preview:large","max-video-preview":"max-video-preview:-1"},"canonical":"https:\/\/chtululu.be\/index.php\/produit\/la-barriere-santaroga\/","og_locale":"fr_FR","og_type":"article","og_title":"Le La barri\u00e8re Santaroga (Frank Herbert) en seconde main au Chtululu","og_description":"La barri\u00e8re Santaroga de Frank Herbert est disponible en seconde main au Chtululu (gare de Soignies), en r\u00e9servation ou \u00e0 la livraison.","og_url":"https:\/\/chtululu.be\/index.php\/produit\/la-barriere-santaroga\/","og_site_name":"Le Chtululu","article_modified_time":"2021-09-19T17:06:47+00:00","og_image":[{"width":500,"height":500,"url":"https:\/\/chtululu.be\/wp-content\/uploads\/2021\/09\/barriere.jpg","type":"image\/jpeg"}],"twitter_card":"summary_large_image","twitter_misc":{"Dur\u00e9e de lecture estim\u00e9e":"1 minute"},"schema":{"@context":"https:\/\/schema.org","@graph":[{"@type":"WebPage","@id":"https:\/\/chtululu.be\/index.php\/produit\/la-barriere-santaroga\/","url":"https:\/\/chtululu.be\/index.php\/produit\/la-barriere-santaroga\/","name":"Le La barri\u00e8re Santaroga (Frank Herbert) en seconde main au Chtululu","isPartOf":{"@id":"https:\/\/chtululu.be\/#website"},"primaryImageOfPage":{"@id":"https:\/\/chtululu.be\/index.php\/produit\/la-barriere-santaroga\/#primaryimage"},"image":{"@id":"https:\/\/chtululu.be\/index.php\/produit\/la-barriere-santaroga\/#primaryimage"},"thumbnailUrl":"https:\/\/chtululu.be\/wp-content\/uploads\/2021\/09\/barriere.jpg","datePublished":"2021-09-19T17:04:13+00:00","dateModified":"2021-09-19T17:06:47+00:00","description":"La barri\u00e8re Santaroga de Frank Herbert est disponible en seconde main au Chtululu (gare de Soignies), en r\u00e9servation ou \u00e0 la livraison.","breadcrumb":{"@id":"https:\/\/chtululu.be\/index.php\/produit\/la-barriere-santaroga\/#breadcrumb"},"inLanguage":"fr-FR","potentialAction":[{"@type":"ReadAction","target":["https:\/\/chtululu.be\/index.php\/produit\/la-barriere-santaroga\/"]}]},{"@type":"ImageObject","inLanguage":"fr-FR","@id":"https:\/\/chtululu.be\/index.php\/produit\/la-barriere-santaroga\/#primaryimage","url":"https:\/\/chtululu.be\/wp-content\/uploads\/2021\/09\/barriere.jpg","contentUrl":"https:\/\/chtululu.be\/wp-content\/uploads\/2021\/09\/barriere.jpg","width":500,"height":500,"caption":"La barri\u00e8re Santaroga"},{"@type":"BreadcrumbList","@id":"https:\/\/chtululu.be\/index.php\/produit\/la-barriere-santaroga\/#breadcrumb","itemListElement":[{"@type":"ListItem","position":1,"name":"Accueil","item":"https:\/\/chtululu.be\/"},{"@type":"ListItem","position":2,"name":"Les livres","item":"https:\/\/chtululu.be\/index.php\/livres-doccasion\/"},{"@type":"ListItem","position":3,"name":"La barri\u00e8re Santaroga (Frank Herbert)"}]},{"@type":"WebSite","@id":"https:\/\/chtululu.be\/#website","url":"https:\/\/chtululu.be\/","name":"Le Chtululu","description":"Votre librairie de seconde main \u00e0 Soignies","publisher":{"@id":"https:\/\/chtululu.be\/#organization"},"potentialAction":[{"@type":"SearchAction","target":{"@type":"EntryPoint","urlTemplate":"https:\/\/chtululu.be\/?s={search_term_string}"},"query-input":{"@type":"PropertyValueSpecification","valueRequired":true,"valueName":"search_term_string"}}],"inLanguage":"fr-FR"},{"@type":"Organization","@id":"https:\/\/chtululu.be\/#organization","name":"Le Chtululu","url":"https:\/\/chtululu.be\/","logo":{"@type":"ImageObject","inLanguage":"fr-FR","@id":"https:\/\/chtululu.be\/#\/schema\/logo\/image\/","url":"https:\/\/chtululu.be\/wp-content\/uploads\/2016\/05\/logo-def-blanc.jpg","contentUrl":"https:\/\/chtululu.be\/wp-content\/uploads\/2016\/05\/logo-def-blanc.jpg","width":2048,"height":1901,"caption":"Le Chtululu"},"image":{"@id":"https:\/\/chtululu.be\/#\/schema\/logo\/image\/"}}]}},"_links":{"self":[{"href":"https:\/\/chtululu.be\/index.php\/wp-json\/wp\/v2\/product\/2878","targetHints":{"allow":["GET"]}}],"collection":[{"href":"https:\/\/chtululu.be\/index.php\/wp-json\/wp\/v2\/product"}],"about":[{"href":"https:\/\/chtululu.be\/index.php\/wp-json\/wp\/v2\/types\/product"}],"wp:featuredmedia":[{"embeddable":true,"href":"https:\/\/chtululu.be\/index.php\/wp-json\/wp\/v2\/media\/2879"}],"wp:attachment":[{"href":"https:\/\/chtululu.be\/index.php\/wp-json\/wp\/v2\/media?parent=2878"}],"wp:term":[{"taxonomy":"product_brand","embeddable":true,"href":"https:\/\/chtululu.be\/index.php\/wp-json\/wp\/v2\/product_brand?post=2878"},{"taxonomy":"product_cat","embeddable":true,"href":"https:\/\/chtululu.be\/index.php\/wp-json\/wp\/v2\/product_cat?post=2878"},{"taxonomy":"product_tag","embeddable":true,"href":"https:\/\/chtululu.be\/index.php\/wp-json\/wp\/v2\/product_tag?post=2878"}],"curies":[{"name":"wp","href":"https:\/\/api.w.org\/{rel}","templated":true}]}}