{"id":2875,"date":"2021-09-19T17:56:38","date_gmt":"2021-09-19T16:56:38","guid":{"rendered":"https:\/\/chtululu.be\/?post_type=product&#038;p=2875"},"modified":"2021-09-19T18:26:42","modified_gmt":"2021-09-19T17:26:42","slug":"les-pretres-du-psi","status":"publish","type":"product","link":"https:\/\/chtululu.be\/index.php\/produit\/les-pretres-du-psi\/","title":{"rendered":"Les pr\u00eatres du psi (Frank Herbert)"},"content":{"rendered":"<p>A l&rsquo;occasion de la sortie du film Dune, (re)d\u00e9couvrez les autres livres de Frank Herbert :<\/p>\n<p>&nbsp;<\/p>\n<h2>Les pr\u00eatres du psi<\/h2>\n<div align=\"justify\">\n<div align=\"justify\">\n<div align=\"justify\">\n<div>D\u00e8s l&rsquo;arriv\u00e9e sur Amel, Orne fut assailli par la puissance de l&rsquo;environnement psi. C&rsquo;\u00e9tait comme un champ magn\u00e9tique. La plan\u00e8te grouillait de sensations. Partout des clochers, des d\u00f4mes, des minarets, des pagodes, des ziggourats, des monolithes&#8230; Et les pr\u00eatres, au pied de l&rsquo;astronef, initiaient d\u00e9j\u00e0 les \u00e9tudiants en th\u00e9ologie. Toutes les sectes de l&rsquo;univers se c\u00f4\u00adtoyaient sur Amel, et elles y faisaient ce qu&rsquo;elles voulaient. On leur avait d\u00e9j\u00e0 envoy\u00e9 des agents de l&rsquo;I.R., mais ils n&rsquo;avaient jamais d\u00e9pass\u00e9 le spatioport. Les pr\u00eatres \u00e9taient puissants. Et cette fois, ils \u00e9taient sur le point d&rsquo;avoir la peau de l&rsquo;I.R. Voil\u00e0 pourquoi Orne arrivait l\u00e0 en mis\u00adsion. Lui qui avait jur\u00e9 de supprimer partout les germes de guerre, et qui n&rsquo;avait que les armes de l&rsquo;I.R. Quelques pouvoirs psi, \u00e9videmment. Mais y avait-il de quoi se mesurer aux pr\u00eatres\u00a0?<\/div>\n<div><\/div>\n<div><\/div>\n<div><em>F<\/em><em>rank Herbert, n\u00e9 en 1920 aux Etats-Unis, commence \u00e0 publier de la science-fiction en 1952. C&rsquo;est en 1965 qu&rsquo;il entreprend de raconter l&rsquo;histoire de Muad&rsquo;Dib et de sa lign\u00e9e dans un cycle de romans-fresques \u2014\u00a0Dune, le Messie de Dune, les Enfants de Dune, l&rsquo;Empereur-Dieu de Dune\u00a0\u2014 qui font de lui le ma\u00eetre incontest\u00e9 du genre. G\u00e9rard Klein, qui l&rsquo;a fait conna\u00eetre en France, lui a consacr\u00e9 un tr\u00e8s beau Livre d&rsquo;or.<\/em><\/div>\n<\/div>\n<\/div>\n<div align=\"justify\"><\/div>\n<\/div>\n<div align=\"justify\"><a href=\"https:\/\/www.noosfere.org\/livres\/niourf.asp?numlivre=2570\">R\u00e9sum\u00e9 de Les pr\u00eatres du psi, issu du site Noosfere.org<\/a><\/div>\n","protected":false},"excerpt":{"rendered":"<p>Les pr\u00eatres du psi de Frank Herbert (par l&rsquo;auteur de Dune)<\/p>\n","protected":false},"featured_media":2876,"template":"","meta":{"_acf_changed":false,"_exactmetrics_skip_tracking":false,"_exactmetrics_sitenote_active":false,"_exactmetrics_sitenote_note":"","_exactmetrics_sitenote_category":0},"product_brand":[],"product_cat":[384],"product_tag":[399,394],"class_list":{"0":"post-2875","1":"product","2":"type-product","3":"status-publish","4":"has-post-thumbnail","6":"product_cat-sf","7":"product_tag-herbert","8":"product_tag-sf","10":"first","11":"instock","12":"sold-individually","13":"taxable","14":"shipping-taxable","15":"purchasable","16":"product-type-simple"},"acf":[],"yoast_head":"<!-- This site is optimized with the Yoast SEO plugin v26.6 - https:\/\/yoast.com\/wordpress\/plugins\/seo\/ -->\n<title>Le Les pr\u00eatres du psi (Frank Herbert) en seconde main au Chtululu<\/title>\n<meta name=\"description\" content=\"Les pr\u00eatres du psi de Frank Herbert est disponible en seconde main au Chtululu (gare de Soignies), en r\u00e9servation ou \u00e0 la livraison.\" \/>\n<meta name=\"robots\" content=\"index, follow, max-snippet:-1, max-image-preview:large, max-video-preview:-1\" \/>\n<link rel=\"canonical\" href=\"https:\/\/chtululu.be\/index.php\/produit\/les-pretres-du-psi\/\" \/>\n<meta property=\"og:locale\" content=\"fr_FR\" \/>\n<meta property=\"og:type\" content=\"article\" \/>\n<meta property=\"og:title\" content=\"Le Les pr\u00eatres du psi (Frank Herbert) en seconde main au Chtululu\" \/>\n<meta property=\"og:description\" content=\"Les pr\u00eatres du psi de Frank Herbert est disponible en seconde main au Chtululu (gare de Soignies), en r\u00e9servation ou \u00e0 la livraison.\" \/>\n<meta property=\"og:url\" content=\"https:\/\/chtululu.be\/index.php\/produit\/les-pretres-du-psi\/\" \/>\n<meta property=\"og:site_name\" content=\"Le Chtululu\" \/>\n<meta property=\"article:modified_time\" content=\"2021-09-19T17:26:42+00:00\" \/>\n<meta property=\"og:image\" content=\"https:\/\/chtululu.be\/wp-content\/uploads\/2021\/09\/Herbert4.jpg\" \/>\n\t<meta property=\"og:image:width\" content=\"500\" \/>\n\t<meta property=\"og:image:height\" content=\"500\" \/>\n\t<meta property=\"og:image:type\" content=\"image\/jpeg\" \/>\n<meta name=\"twitter:card\" content=\"summary_large_image\" \/>\n<meta name=\"twitter:label1\" content=\"Dur\u00e9e de lecture estim\u00e9e\" \/>\n\t<meta name=\"twitter:data1\" content=\"2 minutes\" \/>\n<script type=\"application\/ld+json\" class=\"yoast-schema-graph\">{\"@context\":\"https:\/\/schema.org\",\"@graph\":[{\"@type\":\"WebPage\",\"@id\":\"https:\/\/chtululu.be\/index.php\/produit\/les-pretres-du-psi\/\",\"url\":\"https:\/\/chtululu.be\/index.php\/produit\/les-pretres-du-psi\/\",\"name\":\"Le Les pr\u00eatres du psi (Frank Herbert) en seconde main au Chtululu\",\"isPartOf\":{\"@id\":\"https:\/\/chtululu.be\/#website\"},\"primaryImageOfPage\":{\"@id\":\"https:\/\/chtululu.be\/index.php\/produit\/les-pretres-du-psi\/#primaryimage\"},\"image\":{\"@id\":\"https:\/\/chtululu.be\/index.php\/produit\/les-pretres-du-psi\/#primaryimage\"},\"thumbnailUrl\":\"https:\/\/chtululu.be\/wp-content\/uploads\/2021\/09\/Herbert4.jpg\",\"datePublished\":\"2021-09-19T16:56:38+00:00\",\"dateModified\":\"2021-09-19T17:26:42+00:00\",\"description\":\"Les pr\u00eatres du psi de Frank Herbert est disponible en seconde main au Chtululu (gare de Soignies), en r\u00e9servation ou \u00e0 la livraison.\",\"breadcrumb\":{\"@id\":\"https:\/\/chtululu.be\/index.php\/produit\/les-pretres-du-psi\/#breadcrumb\"},\"inLanguage\":\"fr-FR\",\"potentialAction\":[{\"@type\":\"ReadAction\",\"target\":[\"https:\/\/chtululu.be\/index.php\/produit\/les-pretres-du-psi\/\"]}]},{\"@type\":\"ImageObject\",\"inLanguage\":\"fr-FR\",\"@id\":\"https:\/\/chtululu.be\/index.php\/produit\/les-pretres-du-psi\/#primaryimage\",\"url\":\"https:\/\/chtululu.be\/wp-content\/uploads\/2021\/09\/Herbert4.jpg\",\"contentUrl\":\"https:\/\/chtululu.be\/wp-content\/uploads\/2021\/09\/Herbert4.jpg\",\"width\":500,\"height\":500,\"caption\":\"Les pr\u00eatres du psi\"},{\"@type\":\"BreadcrumbList\",\"@id\":\"https:\/\/chtululu.be\/index.php\/produit\/les-pretres-du-psi\/#breadcrumb\",\"itemListElement\":[{\"@type\":\"ListItem\",\"position\":1,\"name\":\"Accueil\",\"item\":\"https:\/\/chtululu.be\/\"},{\"@type\":\"ListItem\",\"position\":2,\"name\":\"Les livres\",\"item\":\"https:\/\/chtululu.be\/index.php\/livres-doccasion\/\"},{\"@type\":\"ListItem\",\"position\":3,\"name\":\"Les pr\u00eatres du psi (Frank Herbert)\"}]},{\"@type\":\"WebSite\",\"@id\":\"https:\/\/chtululu.be\/#website\",\"url\":\"https:\/\/chtululu.be\/\",\"name\":\"Le Chtululu\",\"description\":\"Votre librairie de seconde main \u00e0 Soignies\",\"publisher\":{\"@id\":\"https:\/\/chtululu.be\/#organization\"},\"potentialAction\":[{\"@type\":\"SearchAction\",\"target\":{\"@type\":\"EntryPoint\",\"urlTemplate\":\"https:\/\/chtululu.be\/?s={search_term_string}\"},\"query-input\":{\"@type\":\"PropertyValueSpecification\",\"valueRequired\":true,\"valueName\":\"search_term_string\"}}],\"inLanguage\":\"fr-FR\"},{\"@type\":\"Organization\",\"@id\":\"https:\/\/chtululu.be\/#organization\",\"name\":\"Le Chtululu\",\"url\":\"https:\/\/chtululu.be\/\",\"logo\":{\"@type\":\"ImageObject\",\"inLanguage\":\"fr-FR\",\"@id\":\"https:\/\/chtululu.be\/#\/schema\/logo\/image\/\",\"url\":\"https:\/\/chtululu.be\/wp-content\/uploads\/2016\/05\/logo-def-blanc.jpg\",\"contentUrl\":\"https:\/\/chtululu.be\/wp-content\/uploads\/2016\/05\/logo-def-blanc.jpg\",\"width\":2048,\"height\":1901,\"caption\":\"Le Chtululu\"},\"image\":{\"@id\":\"https:\/\/chtululu.be\/#\/schema\/logo\/image\/\"}}]}<\/script>\n<!-- \/ Yoast SEO plugin. -->","yoast_head_json":{"title":"Le Les pr\u00eatres du psi (Frank Herbert) en seconde main au Chtululu","description":"Les pr\u00eatres du psi de Frank Herbert est disponible en seconde main au Chtululu (gare de Soignies), en r\u00e9servation ou \u00e0 la livraison.","robots":{"index":"index","follow":"follow","max-snippet":"max-snippet:-1","max-image-preview":"max-image-preview:large","max-video-preview":"max-video-preview:-1"},"canonical":"https:\/\/chtululu.be\/index.php\/produit\/les-pretres-du-psi\/","og_locale":"fr_FR","og_type":"article","og_title":"Le Les pr\u00eatres du psi (Frank Herbert) en seconde main au Chtululu","og_description":"Les pr\u00eatres du psi de Frank Herbert est disponible en seconde main au Chtululu (gare de Soignies), en r\u00e9servation ou \u00e0 la livraison.","og_url":"https:\/\/chtululu.be\/index.php\/produit\/les-pretres-du-psi\/","og_site_name":"Le Chtululu","article_modified_time":"2021-09-19T17:26:42+00:00","og_image":[{"width":500,"height":500,"url":"https:\/\/chtululu.be\/wp-content\/uploads\/2021\/09\/Herbert4.jpg","type":"image\/jpeg"}],"twitter_card":"summary_large_image","twitter_misc":{"Dur\u00e9e de lecture estim\u00e9e":"2 minutes"},"schema":{"@context":"https:\/\/schema.org","@graph":[{"@type":"WebPage","@id":"https:\/\/chtululu.be\/index.php\/produit\/les-pretres-du-psi\/","url":"https:\/\/chtululu.be\/index.php\/produit\/les-pretres-du-psi\/","name":"Le Les pr\u00eatres du psi (Frank Herbert) en seconde main au Chtululu","isPartOf":{"@id":"https:\/\/chtululu.be\/#website"},"primaryImageOfPage":{"@id":"https:\/\/chtululu.be\/index.php\/produit\/les-pretres-du-psi\/#primaryimage"},"image":{"@id":"https:\/\/chtululu.be\/index.php\/produit\/les-pretres-du-psi\/#primaryimage"},"thumbnailUrl":"https:\/\/chtululu.be\/wp-content\/uploads\/2021\/09\/Herbert4.jpg","datePublished":"2021-09-19T16:56:38+00:00","dateModified":"2021-09-19T17:26:42+00:00","description":"Les pr\u00eatres du psi de Frank Herbert est disponible en seconde main au Chtululu (gare de Soignies), en r\u00e9servation ou \u00e0 la livraison.","breadcrumb":{"@id":"https:\/\/chtululu.be\/index.php\/produit\/les-pretres-du-psi\/#breadcrumb"},"inLanguage":"fr-FR","potentialAction":[{"@type":"ReadAction","target":["https:\/\/chtululu.be\/index.php\/produit\/les-pretres-du-psi\/"]}]},{"@type":"ImageObject","inLanguage":"fr-FR","@id":"https:\/\/chtululu.be\/index.php\/produit\/les-pretres-du-psi\/#primaryimage","url":"https:\/\/chtululu.be\/wp-content\/uploads\/2021\/09\/Herbert4.jpg","contentUrl":"https:\/\/chtululu.be\/wp-content\/uploads\/2021\/09\/Herbert4.jpg","width":500,"height":500,"caption":"Les pr\u00eatres du psi"},{"@type":"BreadcrumbList","@id":"https:\/\/chtululu.be\/index.php\/produit\/les-pretres-du-psi\/#breadcrumb","itemListElement":[{"@type":"ListItem","position":1,"name":"Accueil","item":"https:\/\/chtululu.be\/"},{"@type":"ListItem","position":2,"name":"Les livres","item":"https:\/\/chtululu.be\/index.php\/livres-doccasion\/"},{"@type":"ListItem","position":3,"name":"Les pr\u00eatres du psi (Frank Herbert)"}]},{"@type":"WebSite","@id":"https:\/\/chtululu.be\/#website","url":"https:\/\/chtululu.be\/","name":"Le Chtululu","description":"Votre librairie de seconde main \u00e0 Soignies","publisher":{"@id":"https:\/\/chtululu.be\/#organization"},"potentialAction":[{"@type":"SearchAction","target":{"@type":"EntryPoint","urlTemplate":"https:\/\/chtululu.be\/?s={search_term_string}"},"query-input":{"@type":"PropertyValueSpecification","valueRequired":true,"valueName":"search_term_string"}}],"inLanguage":"fr-FR"},{"@type":"Organization","@id":"https:\/\/chtululu.be\/#organization","name":"Le Chtululu","url":"https:\/\/chtululu.be\/","logo":{"@type":"ImageObject","inLanguage":"fr-FR","@id":"https:\/\/chtululu.be\/#\/schema\/logo\/image\/","url":"https:\/\/chtululu.be\/wp-content\/uploads\/2016\/05\/logo-def-blanc.jpg","contentUrl":"https:\/\/chtululu.be\/wp-content\/uploads\/2016\/05\/logo-def-blanc.jpg","width":2048,"height":1901,"caption":"Le Chtululu"},"image":{"@id":"https:\/\/chtululu.be\/#\/schema\/logo\/image\/"}}]}},"_links":{"self":[{"href":"https:\/\/chtululu.be\/index.php\/wp-json\/wp\/v2\/product\/2875","targetHints":{"allow":["GET"]}}],"collection":[{"href":"https:\/\/chtululu.be\/index.php\/wp-json\/wp\/v2\/product"}],"about":[{"href":"https:\/\/chtululu.be\/index.php\/wp-json\/wp\/v2\/types\/product"}],"wp:featuredmedia":[{"embeddable":true,"href":"https:\/\/chtululu.be\/index.php\/wp-json\/wp\/v2\/media\/2876"}],"wp:attachment":[{"href":"https:\/\/chtululu.be\/index.php\/wp-json\/wp\/v2\/media?parent=2875"}],"wp:term":[{"taxonomy":"product_brand","embeddable":true,"href":"https:\/\/chtululu.be\/index.php\/wp-json\/wp\/v2\/product_brand?post=2875"},{"taxonomy":"product_cat","embeddable":true,"href":"https:\/\/chtululu.be\/index.php\/wp-json\/wp\/v2\/product_cat?post=2875"},{"taxonomy":"product_tag","embeddable":true,"href":"https:\/\/chtululu.be\/index.php\/wp-json\/wp\/v2\/product_tag?post=2875"}],"curies":[{"name":"wp","href":"https:\/\/api.w.org\/{rel}","templated":true}]}}