{"id":2872,"date":"2021-09-19T17:50:11","date_gmt":"2021-09-19T16:50:11","guid":{"rendered":"https:\/\/chtululu.be\/?post_type=product&#038;p=2872"},"modified":"2021-09-19T18:28:05","modified_gmt":"2021-09-19T17:28:05","slug":"letoile-et-le-fouet","status":"publish","type":"product","link":"https:\/\/chtululu.be\/index.php\/produit\/letoile-et-le-fouet\/","title":{"rendered":"L&rsquo;\u00e9toile et le fouet (Frank Herbert)"},"content":{"rendered":"<p>A l&rsquo;occasion de la sortie du film Dune, (re)d\u00e9couvrez les autres livres de Frank Herbert :<\/p>\n<p>&nbsp;<\/p>\n<h2>L&rsquo;\u00e9toile et le fouet<\/h2>\n<div align=\"justify\">\n<div align=\"justify\">\n<div align=\"justify\">Dans toute la galaxie, on emprunte couramment les portes dans l&rsquo;espace. Comme les homme d&rsquo;autrefois prenaient l&rsquo;autobus. Gr\u00e2ce aux portes on franchit instantan\u00e9ment des milliers d&rsquo;ann\u00e9es lumi\u00e8re. Gr\u00e2ce \u00e0 elles, des milliers de civilisations ont fait un gigantesque bond en avant.<\/div>\n<div align=\"justify\"><\/div>\n<div align=\"justify\">Seulement les portes sont inexplicables. Et les Calibans, qui les ont introduites, sont incompr\u00e9hensibles. M\u00eame quand ils cherchent \u00e0 se faire comprendre. Pourquoi pas, puisque tout marche bien ?<\/div>\n<div align=\"justify\"><\/div>\n<div align=\"justify\">Les choses tournent mal quand les Calibans commencent \u00e0 dispara\u00eetre. Un peu partout, les \u00eatres intelligents sont frapp\u00e9s de folie et de mort. Bient\u00f4t il ne reste plus qu&rsquo;un seul Caliban. S&rsquo;il dispara\u00eet \u00e0 son tour, il n&rsquo;y aura plus de portes, et tous ceux qui les ont emprunt\u00e9es, m\u00eame une seule fois, seront condamn\u00e9s \u00e0 mourir. Mc Kie, du Bureau du Sabotage, a du pain sur la planche. Comment communiquer avec le Caliban ?<\/div>\n<div align=\"justify\"><\/div>\n<div align=\"justify\"><i>F<\/i><i>rank Herbert, n\u00e9 en 1920 aux \u00c9tats-Unis, commence \u00e0 publier de la science-fiction en 1952. La diversit\u00e9 de ses travaux de recherches \u2014\u00a0g\u00e9ologie sous-marine, botanique, psychologie, ethnologie\u00a0\u2014 , la vari\u00e9t\u00e9 de ses exp\u00e9riences professionnelles ne sont pas sans lien avec le relativisme g\u00e9n\u00e9ralis\u00e9 qui s&rsquo;exprime dans ses \u0153uvres majeures\u00a0:\u00a0<\/i>Dune<i>\u00a0(Prix Hugo, 1966), suivi du\u00a0<\/i>Messie de Dune<i>, parus dans cette collection.<\/i><\/div>\n<div align=\"justify\"><\/div>\n<\/div>\n<\/div>\n<div align=\"justify\"><a href=\"https:\/\/www.noosfere.org\/livres\/niourf.asp?numlivre=245\">R\u00e9sum\u00e9 de L&rsquo;\u00e9toile et le fouet, issu du site Noosfere.org<\/a><\/div>\n","protected":false},"excerpt":{"rendered":"<p>L&rsquo;\u00e9toile et le fouet de Frank Herbert (par l&rsquo;auteur de Dune)<\/p>\n","protected":false},"featured_media":2873,"template":"","meta":{"_acf_changed":false,"_exactmetrics_skip_tracking":false,"_exactmetrics_sitenote_active":false,"_exactmetrics_sitenote_note":"","_exactmetrics_sitenote_category":0},"product_brand":[],"product_cat":[384],"product_tag":[399,394],"class_list":{"0":"post-2872","1":"product","2":"type-product","3":"status-publish","4":"has-post-thumbnail","6":"product_cat-sf","7":"product_tag-herbert","8":"product_tag-sf","10":"first","11":"instock","12":"sold-individually","13":"taxable","14":"shipping-taxable","15":"purchasable","16":"product-type-simple"},"acf":[],"yoast_head":"<!-- This site is optimized with the Yoast SEO plugin v26.6 - https:\/\/yoast.com\/wordpress\/plugins\/seo\/ -->\n<title>Le L&#039;\u00e9toile et le fouet (Frank Herbert) en seconde main au Chtululu<\/title>\n<meta name=\"description\" content=\"L&#039;\u00e9toile et le fouet de Frank Herbert est disponible en seconde main au Chtululu (gare de Soignies), en r\u00e9servation ou \u00e0 la livraison.\" \/>\n<meta name=\"robots\" content=\"index, follow, max-snippet:-1, max-image-preview:large, max-video-preview:-1\" \/>\n<link rel=\"canonical\" href=\"https:\/\/chtululu.be\/index.php\/produit\/letoile-et-le-fouet\/\" \/>\n<meta property=\"og:locale\" content=\"fr_FR\" \/>\n<meta property=\"og:type\" content=\"article\" \/>\n<meta property=\"og:title\" content=\"Le L&#039;\u00e9toile et le fouet (Frank Herbert) en seconde main au Chtululu\" \/>\n<meta property=\"og:description\" content=\"L&#039;\u00e9toile et le fouet de Frank Herbert est disponible en seconde main au Chtululu (gare de Soignies), en r\u00e9servation ou \u00e0 la livraison.\" \/>\n<meta property=\"og:url\" content=\"https:\/\/chtululu.be\/index.php\/produit\/letoile-et-le-fouet\/\" \/>\n<meta property=\"og:site_name\" content=\"Le Chtululu\" \/>\n<meta property=\"article:modified_time\" content=\"2021-09-19T17:28:05+00:00\" \/>\n<meta property=\"og:image\" content=\"https:\/\/chtululu.be\/wp-content\/uploads\/2021\/09\/Letoile-et-le-fouet.jpg\" \/>\n\t<meta property=\"og:image:width\" content=\"500\" \/>\n\t<meta property=\"og:image:height\" content=\"500\" \/>\n\t<meta property=\"og:image:type\" content=\"image\/jpeg\" \/>\n<meta name=\"twitter:card\" content=\"summary_large_image\" \/>\n<meta name=\"twitter:label1\" content=\"Dur\u00e9e de lecture estim\u00e9e\" \/>\n\t<meta name=\"twitter:data1\" content=\"2 minutes\" \/>\n<script type=\"application\/ld+json\" class=\"yoast-schema-graph\">{\"@context\":\"https:\/\/schema.org\",\"@graph\":[{\"@type\":\"WebPage\",\"@id\":\"https:\/\/chtululu.be\/index.php\/produit\/letoile-et-le-fouet\/\",\"url\":\"https:\/\/chtululu.be\/index.php\/produit\/letoile-et-le-fouet\/\",\"name\":\"Le L'\u00e9toile et le fouet (Frank Herbert) en seconde main au Chtululu\",\"isPartOf\":{\"@id\":\"https:\/\/chtululu.be\/#website\"},\"primaryImageOfPage\":{\"@id\":\"https:\/\/chtululu.be\/index.php\/produit\/letoile-et-le-fouet\/#primaryimage\"},\"image\":{\"@id\":\"https:\/\/chtululu.be\/index.php\/produit\/letoile-et-le-fouet\/#primaryimage\"},\"thumbnailUrl\":\"https:\/\/chtululu.be\/wp-content\/uploads\/2021\/09\/Letoile-et-le-fouet.jpg\",\"datePublished\":\"2021-09-19T16:50:11+00:00\",\"dateModified\":\"2021-09-19T17:28:05+00:00\",\"description\":\"L'\u00e9toile et le fouet de Frank Herbert est disponible en seconde main au Chtululu (gare de Soignies), en r\u00e9servation ou \u00e0 la livraison.\",\"breadcrumb\":{\"@id\":\"https:\/\/chtululu.be\/index.php\/produit\/letoile-et-le-fouet\/#breadcrumb\"},\"inLanguage\":\"fr-FR\",\"potentialAction\":[{\"@type\":\"ReadAction\",\"target\":[\"https:\/\/chtululu.be\/index.php\/produit\/letoile-et-le-fouet\/\"]}]},{\"@type\":\"ImageObject\",\"inLanguage\":\"fr-FR\",\"@id\":\"https:\/\/chtululu.be\/index.php\/produit\/letoile-et-le-fouet\/#primaryimage\",\"url\":\"https:\/\/chtululu.be\/wp-content\/uploads\/2021\/09\/Letoile-et-le-fouet.jpg\",\"contentUrl\":\"https:\/\/chtululu.be\/wp-content\/uploads\/2021\/09\/Letoile-et-le-fouet.jpg\",\"width\":500,\"height\":500,\"caption\":\"L'\u00e9toile et le fouet\"},{\"@type\":\"BreadcrumbList\",\"@id\":\"https:\/\/chtululu.be\/index.php\/produit\/letoile-et-le-fouet\/#breadcrumb\",\"itemListElement\":[{\"@type\":\"ListItem\",\"position\":1,\"name\":\"Accueil\",\"item\":\"https:\/\/chtululu.be\/\"},{\"@type\":\"ListItem\",\"position\":2,\"name\":\"Les livres\",\"item\":\"https:\/\/chtululu.be\/index.php\/livres-doccasion\/\"},{\"@type\":\"ListItem\",\"position\":3,\"name\":\"L&rsquo;\u00e9toile et le fouet (Frank Herbert)\"}]},{\"@type\":\"WebSite\",\"@id\":\"https:\/\/chtululu.be\/#website\",\"url\":\"https:\/\/chtululu.be\/\",\"name\":\"Le Chtululu\",\"description\":\"Votre librairie de seconde main \u00e0 Soignies\",\"publisher\":{\"@id\":\"https:\/\/chtululu.be\/#organization\"},\"potentialAction\":[{\"@type\":\"SearchAction\",\"target\":{\"@type\":\"EntryPoint\",\"urlTemplate\":\"https:\/\/chtululu.be\/?s={search_term_string}\"},\"query-input\":{\"@type\":\"PropertyValueSpecification\",\"valueRequired\":true,\"valueName\":\"search_term_string\"}}],\"inLanguage\":\"fr-FR\"},{\"@type\":\"Organization\",\"@id\":\"https:\/\/chtululu.be\/#organization\",\"name\":\"Le Chtululu\",\"url\":\"https:\/\/chtululu.be\/\",\"logo\":{\"@type\":\"ImageObject\",\"inLanguage\":\"fr-FR\",\"@id\":\"https:\/\/chtululu.be\/#\/schema\/logo\/image\/\",\"url\":\"https:\/\/chtululu.be\/wp-content\/uploads\/2016\/05\/logo-def-blanc.jpg\",\"contentUrl\":\"https:\/\/chtululu.be\/wp-content\/uploads\/2016\/05\/logo-def-blanc.jpg\",\"width\":2048,\"height\":1901,\"caption\":\"Le Chtululu\"},\"image\":{\"@id\":\"https:\/\/chtululu.be\/#\/schema\/logo\/image\/\"}}]}<\/script>\n<!-- \/ Yoast SEO plugin. -->","yoast_head_json":{"title":"Le L'\u00e9toile et le fouet (Frank Herbert) en seconde main au Chtululu","description":"L'\u00e9toile et le fouet de Frank Herbert est disponible en seconde main au Chtululu (gare de Soignies), en r\u00e9servation ou \u00e0 la livraison.","robots":{"index":"index","follow":"follow","max-snippet":"max-snippet:-1","max-image-preview":"max-image-preview:large","max-video-preview":"max-video-preview:-1"},"canonical":"https:\/\/chtululu.be\/index.php\/produit\/letoile-et-le-fouet\/","og_locale":"fr_FR","og_type":"article","og_title":"Le L'\u00e9toile et le fouet (Frank Herbert) en seconde main au Chtululu","og_description":"L'\u00e9toile et le fouet de Frank Herbert est disponible en seconde main au Chtululu (gare de Soignies), en r\u00e9servation ou \u00e0 la livraison.","og_url":"https:\/\/chtululu.be\/index.php\/produit\/letoile-et-le-fouet\/","og_site_name":"Le Chtululu","article_modified_time":"2021-09-19T17:28:05+00:00","og_image":[{"width":500,"height":500,"url":"https:\/\/chtululu.be\/wp-content\/uploads\/2021\/09\/Letoile-et-le-fouet.jpg","type":"image\/jpeg"}],"twitter_card":"summary_large_image","twitter_misc":{"Dur\u00e9e de lecture estim\u00e9e":"2 minutes"},"schema":{"@context":"https:\/\/schema.org","@graph":[{"@type":"WebPage","@id":"https:\/\/chtululu.be\/index.php\/produit\/letoile-et-le-fouet\/","url":"https:\/\/chtululu.be\/index.php\/produit\/letoile-et-le-fouet\/","name":"Le L'\u00e9toile et le fouet (Frank Herbert) en seconde main au Chtululu","isPartOf":{"@id":"https:\/\/chtululu.be\/#website"},"primaryImageOfPage":{"@id":"https:\/\/chtululu.be\/index.php\/produit\/letoile-et-le-fouet\/#primaryimage"},"image":{"@id":"https:\/\/chtululu.be\/index.php\/produit\/letoile-et-le-fouet\/#primaryimage"},"thumbnailUrl":"https:\/\/chtululu.be\/wp-content\/uploads\/2021\/09\/Letoile-et-le-fouet.jpg","datePublished":"2021-09-19T16:50:11+00:00","dateModified":"2021-09-19T17:28:05+00:00","description":"L'\u00e9toile et le fouet de Frank Herbert est disponible en seconde main au Chtululu (gare de Soignies), en r\u00e9servation ou \u00e0 la livraison.","breadcrumb":{"@id":"https:\/\/chtululu.be\/index.php\/produit\/letoile-et-le-fouet\/#breadcrumb"},"inLanguage":"fr-FR","potentialAction":[{"@type":"ReadAction","target":["https:\/\/chtululu.be\/index.php\/produit\/letoile-et-le-fouet\/"]}]},{"@type":"ImageObject","inLanguage":"fr-FR","@id":"https:\/\/chtululu.be\/index.php\/produit\/letoile-et-le-fouet\/#primaryimage","url":"https:\/\/chtululu.be\/wp-content\/uploads\/2021\/09\/Letoile-et-le-fouet.jpg","contentUrl":"https:\/\/chtululu.be\/wp-content\/uploads\/2021\/09\/Letoile-et-le-fouet.jpg","width":500,"height":500,"caption":"L'\u00e9toile et le fouet"},{"@type":"BreadcrumbList","@id":"https:\/\/chtululu.be\/index.php\/produit\/letoile-et-le-fouet\/#breadcrumb","itemListElement":[{"@type":"ListItem","position":1,"name":"Accueil","item":"https:\/\/chtululu.be\/"},{"@type":"ListItem","position":2,"name":"Les livres","item":"https:\/\/chtululu.be\/index.php\/livres-doccasion\/"},{"@type":"ListItem","position":3,"name":"L&rsquo;\u00e9toile et le fouet (Frank Herbert)"}]},{"@type":"WebSite","@id":"https:\/\/chtululu.be\/#website","url":"https:\/\/chtululu.be\/","name":"Le Chtululu","description":"Votre librairie de seconde main \u00e0 Soignies","publisher":{"@id":"https:\/\/chtululu.be\/#organization"},"potentialAction":[{"@type":"SearchAction","target":{"@type":"EntryPoint","urlTemplate":"https:\/\/chtululu.be\/?s={search_term_string}"},"query-input":{"@type":"PropertyValueSpecification","valueRequired":true,"valueName":"search_term_string"}}],"inLanguage":"fr-FR"},{"@type":"Organization","@id":"https:\/\/chtululu.be\/#organization","name":"Le Chtululu","url":"https:\/\/chtululu.be\/","logo":{"@type":"ImageObject","inLanguage":"fr-FR","@id":"https:\/\/chtululu.be\/#\/schema\/logo\/image\/","url":"https:\/\/chtululu.be\/wp-content\/uploads\/2016\/05\/logo-def-blanc.jpg","contentUrl":"https:\/\/chtululu.be\/wp-content\/uploads\/2016\/05\/logo-def-blanc.jpg","width":2048,"height":1901,"caption":"Le Chtululu"},"image":{"@id":"https:\/\/chtululu.be\/#\/schema\/logo\/image\/"}}]}},"_links":{"self":[{"href":"https:\/\/chtululu.be\/index.php\/wp-json\/wp\/v2\/product\/2872","targetHints":{"allow":["GET"]}}],"collection":[{"href":"https:\/\/chtululu.be\/index.php\/wp-json\/wp\/v2\/product"}],"about":[{"href":"https:\/\/chtululu.be\/index.php\/wp-json\/wp\/v2\/types\/product"}],"wp:featuredmedia":[{"embeddable":true,"href":"https:\/\/chtululu.be\/index.php\/wp-json\/wp\/v2\/media\/2873"}],"wp:attachment":[{"href":"https:\/\/chtululu.be\/index.php\/wp-json\/wp\/v2\/media?parent=2872"}],"wp:term":[{"taxonomy":"product_brand","embeddable":true,"href":"https:\/\/chtululu.be\/index.php\/wp-json\/wp\/v2\/product_brand?post=2872"},{"taxonomy":"product_cat","embeddable":true,"href":"https:\/\/chtululu.be\/index.php\/wp-json\/wp\/v2\/product_cat?post=2872"},{"taxonomy":"product_tag","embeddable":true,"href":"https:\/\/chtululu.be\/index.php\/wp-json\/wp\/v2\/product_tag?post=2872"}],"curies":[{"name":"wp","href":"https:\/\/api.w.org\/{rel}","templated":true}]}}