{"id":2869,"date":"2021-09-19T17:45:40","date_gmt":"2021-09-19T16:45:40","guid":{"rendered":"https:\/\/chtululu.be\/?post_type=product&#038;p=2869"},"modified":"2021-09-19T18:25:54","modified_gmt":"2021-09-19T17:25:54","slug":"champ-mental","status":"publish","type":"product","link":"https:\/\/chtululu.be\/index.php\/produit\/champ-mental\/","title":{"rendered":"Champ mental (Frank Herbert)"},"content":{"rendered":"<p>A l&rsquo;occasion de la sortie du film Dune, (re)d\u00e9couvrez les autres livres de Frank Herbert :<\/p>\n<h2>Champ mental<\/h2>\n<div align=\"justify\">\n<div align=\"justify\">\u00a0Francine Millar \u00e9tait clinicienne et elle se demandait ce qu&rsquo;elle faisait l\u00e0. Le vaisseau spatial, haut de dix-huit kilom\u00e8tres, emplissait l&rsquo;horizon du d\u00e9sert. Il \u00e9tait arriv\u00e9 depuis sept mois et son message avait \u00e9t\u00e9 transmis \u00e0 tous les gouvernements\u00a0:<\/div>\n<div align=\"justify\"><\/div>\n<div align=\"justify\">\u00a0\u00a0\u00a0\u00a0\u00a0\u00ab\u00a0Votre probl\u00e8me\u00a0: communiquer avec nous.<\/div>\n<div align=\"justify\">\u00a0\u00a0\u00a0\u00a0\u00a0\u00ab\u00a0Si vous r\u00e9ussissez, vous en tirerez un grand profit.<\/div>\n<div align=\"justify\">\u00a0\u00a0\u00a0\u00a0\u00a0\u00ab\u00a0Si vous \u00e9chouez, vous serez d\u00e9truits.\u00a0\u00bb<\/div>\n<div align=\"justify\">\u00a0\u00a0\u00a0\u00a0\u00a0Trente mille sp\u00e9cialistes \u00e9tudiaient le probl\u00e8me. Francine savait qu&rsquo;ils n&rsquo;avaient pas avanc\u00e9 d&rsquo;un pouce. Les arm\u00e9es se concentraient, mais tout le monde suait la d\u00e9faite. Les suicides se multipliaient.<\/div>\n<div align=\"justify\">\u00a0\u00a0\u00a0\u00a0\u00a0Les Galactiques voulaient-ils conqu\u00e9rir la Terre\u00a0? l&rsquo;acheter\u00a0? la convertir\u00a0? la pr\u00e9venir\u00a0? On analysait tout, leurs paroles et leurs gestes, mais nul n&rsquo;avait la moindre id\u00e9e de ce qu&rsquo;il fallait leur dire.<\/div>\n<div align=\"justify\">\u00a0\u00a0\u00a0\u00a0\u00a0Francine pensait \u00e0 son mari, mort peu avant. Une perte sans rem\u00e8de. Une douleur intense. Une exp\u00e9rience incommunicable. Sauf si&#8230;<\/div>\n<\/div>\n<div align=\"justify\"><\/div>\n<div align=\"justify\"><a href=\"https:\/\/www.noosfere.org\/livres\/niourf.asp?numlivre=245\">R\u00e9sum\u00e9 de Champ mental, issu du site Noosfere.org<\/a><\/div>\n","protected":false},"excerpt":{"rendered":"<p>Champ mental de Frank Herbert (premier roman de l&rsquo;auteur de Dune)<\/p>\n","protected":false},"featured_media":2870,"template":"","meta":{"_acf_changed":false,"_exactmetrics_skip_tracking":false,"_exactmetrics_sitenote_active":false,"_exactmetrics_sitenote_note":"","_exactmetrics_sitenote_category":0},"product_brand":[],"product_cat":[384],"product_tag":[399,394],"class_list":{"0":"post-2869","1":"product","2":"type-product","3":"status-publish","4":"has-post-thumbnail","6":"product_cat-sf","7":"product_tag-herbert","8":"product_tag-sf","10":"first","11":"instock","12":"sold-individually","13":"taxable","14":"shipping-taxable","15":"purchasable","16":"product-type-simple"},"acf":[],"yoast_head":"<!-- This site is optimized with the Yoast SEO plugin v26.6 - https:\/\/yoast.com\/wordpress\/plugins\/seo\/ -->\n<title>Le Champ mental (Frank Herbert) en seconde main au Chtululu<\/title>\n<meta name=\"description\" content=\"Champ mental de Frank Herbert est disponible en seconde main au Chtululu (gare de Soignies), en r\u00e9servation ou \u00e0 la livraison.\" \/>\n<meta name=\"robots\" content=\"index, follow, max-snippet:-1, max-image-preview:large, max-video-preview:-1\" \/>\n<link rel=\"canonical\" href=\"https:\/\/chtululu.be\/index.php\/produit\/champ-mental\/\" \/>\n<meta property=\"og:locale\" content=\"fr_FR\" \/>\n<meta property=\"og:type\" content=\"article\" \/>\n<meta property=\"og:title\" content=\"Le Champ mental (Frank Herbert) en seconde main au Chtululu\" \/>\n<meta property=\"og:description\" content=\"Champ mental de Frank Herbert est disponible en seconde main au Chtululu (gare de Soignies), en r\u00e9servation ou \u00e0 la livraison.\" \/>\n<meta property=\"og:url\" content=\"https:\/\/chtululu.be\/index.php\/produit\/champ-mental\/\" \/>\n<meta property=\"og:site_name\" content=\"Le Chtululu\" \/>\n<meta property=\"article:modified_time\" content=\"2021-09-19T17:25:54+00:00\" \/>\n<meta property=\"og:image\" content=\"https:\/\/chtululu.be\/wp-content\/uploads\/2021\/09\/Champ-mental.jpg\" \/>\n\t<meta property=\"og:image:width\" content=\"500\" \/>\n\t<meta property=\"og:image:height\" content=\"500\" \/>\n\t<meta property=\"og:image:type\" content=\"image\/jpeg\" \/>\n<meta name=\"twitter:card\" content=\"summary_large_image\" \/>\n<meta name=\"twitter:label1\" content=\"Dur\u00e9e de lecture estim\u00e9e\" \/>\n\t<meta name=\"twitter:data1\" content=\"1 minute\" \/>\n<script type=\"application\/ld+json\" class=\"yoast-schema-graph\">{\"@context\":\"https:\/\/schema.org\",\"@graph\":[{\"@type\":\"WebPage\",\"@id\":\"https:\/\/chtululu.be\/index.php\/produit\/champ-mental\/\",\"url\":\"https:\/\/chtululu.be\/index.php\/produit\/champ-mental\/\",\"name\":\"Le Champ mental (Frank Herbert) en seconde main au Chtululu\",\"isPartOf\":{\"@id\":\"https:\/\/chtululu.be\/#website\"},\"primaryImageOfPage\":{\"@id\":\"https:\/\/chtululu.be\/index.php\/produit\/champ-mental\/#primaryimage\"},\"image\":{\"@id\":\"https:\/\/chtululu.be\/index.php\/produit\/champ-mental\/#primaryimage\"},\"thumbnailUrl\":\"https:\/\/chtululu.be\/wp-content\/uploads\/2021\/09\/Champ-mental.jpg\",\"datePublished\":\"2021-09-19T16:45:40+00:00\",\"dateModified\":\"2021-09-19T17:25:54+00:00\",\"description\":\"Champ mental de Frank Herbert est disponible en seconde main au Chtululu (gare de Soignies), en r\u00e9servation ou \u00e0 la livraison.\",\"breadcrumb\":{\"@id\":\"https:\/\/chtululu.be\/index.php\/produit\/champ-mental\/#breadcrumb\"},\"inLanguage\":\"fr-FR\",\"potentialAction\":[{\"@type\":\"ReadAction\",\"target\":[\"https:\/\/chtululu.be\/index.php\/produit\/champ-mental\/\"]}]},{\"@type\":\"ImageObject\",\"inLanguage\":\"fr-FR\",\"@id\":\"https:\/\/chtululu.be\/index.php\/produit\/champ-mental\/#primaryimage\",\"url\":\"https:\/\/chtululu.be\/wp-content\/uploads\/2021\/09\/Champ-mental.jpg\",\"contentUrl\":\"https:\/\/chtululu.be\/wp-content\/uploads\/2021\/09\/Champ-mental.jpg\",\"width\":500,\"height\":500,\"caption\":\"Champ mental\"},{\"@type\":\"BreadcrumbList\",\"@id\":\"https:\/\/chtululu.be\/index.php\/produit\/champ-mental\/#breadcrumb\",\"itemListElement\":[{\"@type\":\"ListItem\",\"position\":1,\"name\":\"Accueil\",\"item\":\"https:\/\/chtululu.be\/\"},{\"@type\":\"ListItem\",\"position\":2,\"name\":\"Les livres\",\"item\":\"https:\/\/chtululu.be\/index.php\/livres-doccasion\/\"},{\"@type\":\"ListItem\",\"position\":3,\"name\":\"Champ mental (Frank Herbert)\"}]},{\"@type\":\"WebSite\",\"@id\":\"https:\/\/chtululu.be\/#website\",\"url\":\"https:\/\/chtululu.be\/\",\"name\":\"Le Chtululu\",\"description\":\"Votre librairie de seconde main \u00e0 Soignies\",\"publisher\":{\"@id\":\"https:\/\/chtululu.be\/#organization\"},\"potentialAction\":[{\"@type\":\"SearchAction\",\"target\":{\"@type\":\"EntryPoint\",\"urlTemplate\":\"https:\/\/chtululu.be\/?s={search_term_string}\"},\"query-input\":{\"@type\":\"PropertyValueSpecification\",\"valueRequired\":true,\"valueName\":\"search_term_string\"}}],\"inLanguage\":\"fr-FR\"},{\"@type\":\"Organization\",\"@id\":\"https:\/\/chtululu.be\/#organization\",\"name\":\"Le Chtululu\",\"url\":\"https:\/\/chtululu.be\/\",\"logo\":{\"@type\":\"ImageObject\",\"inLanguage\":\"fr-FR\",\"@id\":\"https:\/\/chtululu.be\/#\/schema\/logo\/image\/\",\"url\":\"https:\/\/chtululu.be\/wp-content\/uploads\/2016\/05\/logo-def-blanc.jpg\",\"contentUrl\":\"https:\/\/chtululu.be\/wp-content\/uploads\/2016\/05\/logo-def-blanc.jpg\",\"width\":2048,\"height\":1901,\"caption\":\"Le Chtululu\"},\"image\":{\"@id\":\"https:\/\/chtululu.be\/#\/schema\/logo\/image\/\"}}]}<\/script>\n<!-- \/ Yoast SEO plugin. -->","yoast_head_json":{"title":"Le Champ mental (Frank Herbert) en seconde main au Chtululu","description":"Champ mental de Frank Herbert est disponible en seconde main au Chtululu (gare de Soignies), en r\u00e9servation ou \u00e0 la livraison.","robots":{"index":"index","follow":"follow","max-snippet":"max-snippet:-1","max-image-preview":"max-image-preview:large","max-video-preview":"max-video-preview:-1"},"canonical":"https:\/\/chtululu.be\/index.php\/produit\/champ-mental\/","og_locale":"fr_FR","og_type":"article","og_title":"Le Champ mental (Frank Herbert) en seconde main au Chtululu","og_description":"Champ mental de Frank Herbert est disponible en seconde main au Chtululu (gare de Soignies), en r\u00e9servation ou \u00e0 la livraison.","og_url":"https:\/\/chtululu.be\/index.php\/produit\/champ-mental\/","og_site_name":"Le Chtululu","article_modified_time":"2021-09-19T17:25:54+00:00","og_image":[{"width":500,"height":500,"url":"https:\/\/chtululu.be\/wp-content\/uploads\/2021\/09\/Champ-mental.jpg","type":"image\/jpeg"}],"twitter_card":"summary_large_image","twitter_misc":{"Dur\u00e9e de lecture estim\u00e9e":"1 minute"},"schema":{"@context":"https:\/\/schema.org","@graph":[{"@type":"WebPage","@id":"https:\/\/chtululu.be\/index.php\/produit\/champ-mental\/","url":"https:\/\/chtululu.be\/index.php\/produit\/champ-mental\/","name":"Le Champ mental (Frank Herbert) en seconde main au Chtululu","isPartOf":{"@id":"https:\/\/chtululu.be\/#website"},"primaryImageOfPage":{"@id":"https:\/\/chtululu.be\/index.php\/produit\/champ-mental\/#primaryimage"},"image":{"@id":"https:\/\/chtululu.be\/index.php\/produit\/champ-mental\/#primaryimage"},"thumbnailUrl":"https:\/\/chtululu.be\/wp-content\/uploads\/2021\/09\/Champ-mental.jpg","datePublished":"2021-09-19T16:45:40+00:00","dateModified":"2021-09-19T17:25:54+00:00","description":"Champ mental de Frank Herbert est disponible en seconde main au Chtululu (gare de Soignies), en r\u00e9servation ou \u00e0 la livraison.","breadcrumb":{"@id":"https:\/\/chtululu.be\/index.php\/produit\/champ-mental\/#breadcrumb"},"inLanguage":"fr-FR","potentialAction":[{"@type":"ReadAction","target":["https:\/\/chtululu.be\/index.php\/produit\/champ-mental\/"]}]},{"@type":"ImageObject","inLanguage":"fr-FR","@id":"https:\/\/chtululu.be\/index.php\/produit\/champ-mental\/#primaryimage","url":"https:\/\/chtululu.be\/wp-content\/uploads\/2021\/09\/Champ-mental.jpg","contentUrl":"https:\/\/chtululu.be\/wp-content\/uploads\/2021\/09\/Champ-mental.jpg","width":500,"height":500,"caption":"Champ mental"},{"@type":"BreadcrumbList","@id":"https:\/\/chtululu.be\/index.php\/produit\/champ-mental\/#breadcrumb","itemListElement":[{"@type":"ListItem","position":1,"name":"Accueil","item":"https:\/\/chtululu.be\/"},{"@type":"ListItem","position":2,"name":"Les livres","item":"https:\/\/chtululu.be\/index.php\/livres-doccasion\/"},{"@type":"ListItem","position":3,"name":"Champ mental (Frank Herbert)"}]},{"@type":"WebSite","@id":"https:\/\/chtululu.be\/#website","url":"https:\/\/chtululu.be\/","name":"Le Chtululu","description":"Votre librairie de seconde main \u00e0 Soignies","publisher":{"@id":"https:\/\/chtululu.be\/#organization"},"potentialAction":[{"@type":"SearchAction","target":{"@type":"EntryPoint","urlTemplate":"https:\/\/chtululu.be\/?s={search_term_string}"},"query-input":{"@type":"PropertyValueSpecification","valueRequired":true,"valueName":"search_term_string"}}],"inLanguage":"fr-FR"},{"@type":"Organization","@id":"https:\/\/chtululu.be\/#organization","name":"Le Chtululu","url":"https:\/\/chtululu.be\/","logo":{"@type":"ImageObject","inLanguage":"fr-FR","@id":"https:\/\/chtululu.be\/#\/schema\/logo\/image\/","url":"https:\/\/chtululu.be\/wp-content\/uploads\/2016\/05\/logo-def-blanc.jpg","contentUrl":"https:\/\/chtululu.be\/wp-content\/uploads\/2016\/05\/logo-def-blanc.jpg","width":2048,"height":1901,"caption":"Le Chtululu"},"image":{"@id":"https:\/\/chtululu.be\/#\/schema\/logo\/image\/"}}]}},"_links":{"self":[{"href":"https:\/\/chtululu.be\/index.php\/wp-json\/wp\/v2\/product\/2869","targetHints":{"allow":["GET"]}}],"collection":[{"href":"https:\/\/chtululu.be\/index.php\/wp-json\/wp\/v2\/product"}],"about":[{"href":"https:\/\/chtululu.be\/index.php\/wp-json\/wp\/v2\/types\/product"}],"wp:featuredmedia":[{"embeddable":true,"href":"https:\/\/chtululu.be\/index.php\/wp-json\/wp\/v2\/media\/2870"}],"wp:attachment":[{"href":"https:\/\/chtululu.be\/index.php\/wp-json\/wp\/v2\/media?parent=2869"}],"wp:term":[{"taxonomy":"product_brand","embeddable":true,"href":"https:\/\/chtululu.be\/index.php\/wp-json\/wp\/v2\/product_brand?post=2869"},{"taxonomy":"product_cat","embeddable":true,"href":"https:\/\/chtululu.be\/index.php\/wp-json\/wp\/v2\/product_cat?post=2869"},{"taxonomy":"product_tag","embeddable":true,"href":"https:\/\/chtululu.be\/index.php\/wp-json\/wp\/v2\/product_tag?post=2869"}],"curies":[{"name":"wp","href":"https:\/\/api.w.org\/{rel}","templated":true}]}}