{"id":2845,"date":"2021-08-28T12:36:46","date_gmt":"2021-08-28T11:36:46","guid":{"rendered":"https:\/\/chtululu.be\/?post_type=product&#038;p=2845"},"modified":"2021-08-28T12:38:43","modified_gmt":"2021-08-28T11:38:43","slug":"le-sabre-de-shibito","status":"publish","type":"product","link":"https:\/\/chtululu.be\/index.php\/produit\/le-sabre-de-shibito\/","title":{"rendered":"Le sabre de Shibito (4 tomes)"},"content":{"rendered":"<h2>R\u00e9sum\u00e9 de Le sabre de Shibito<\/h2>\n<div class=\"description\">\n<div class=\"description\">\n<p class=\"bigsize\">Dans le Japon m\u00e9di\u00e9val, le clan Saezuki d\u00e9sormais sur le d\u00e9clin, travaille \u00e0 la r\u00e9surrection d\u2019un samoura\u00ef l\u00e9gendaire et invincible, dont la destin\u00e9e sera de r\u00e9gner \u00e0 nouveau sur le Japon tout entier. Son nom : Shibito. Mais cet \u00eatre tout droit sorti des limbes n\u2019a plus ni m\u00e9moire, ni \u00e9motions, ni humanit\u00e9\u2026 Ce que le clan Saezuki n\u2019avait pas pr\u00e9vu, c\u2019est lui serait peut-\u00eatre difficile de garder le contr\u00f4le de sa cr\u00e9ature&#8230;<\/p>\n<p><em>R\u00e9sum\u00e9 tir\u00e9 de <a href=\"https:\/\/www.manga-news.com\/index.php\/serie\/Sabre-de-Shibito-le\">Manga-news<\/a><\/em><\/p>\n<\/div>\n<\/div>\n","protected":false},"excerpt":{"rendered":"<p>Le sabre de Shibito (4 tomes)<\/p>\n","protected":false},"featured_media":2846,"template":"","meta":{"_acf_changed":false,"_exactmetrics_skip_tracking":false,"_exactmetrics_sitenote_active":false,"_exactmetrics_sitenote_note":"","_exactmetrics_sitenote_category":0},"product_brand":[],"product_cat":[387],"product_tag":[],"class_list":{"0":"post-2845","1":"product","2":"type-product","3":"status-publish","4":"has-post-thumbnail","6":"product_cat-mangas","8":"first","9":"instock","10":"sold-individually","11":"taxable","12":"shipping-taxable","13":"purchasable","14":"product-type-simple"},"acf":[],"yoast_head":"<!-- This site is optimized with the Yoast SEO plugin v26.6 - https:\/\/yoast.com\/wordpress\/plugins\/seo\/ -->\n<title>Le Le sabre de Shibito (4 tomes) en seconde main au Chtululu<\/title>\n<meta name=\"description\" content=\"La s\u00e9rie Le sabre de Shibito (4 tomes) est disponible en seconde main au Chtululu (gare de Soignies), en r\u00e9servation ou \u00e0 la livraison.\" \/>\n<meta name=\"robots\" content=\"index, follow, max-snippet:-1, max-image-preview:large, max-video-preview:-1\" \/>\n<link rel=\"canonical\" href=\"https:\/\/chtululu.be\/index.php\/produit\/le-sabre-de-shibito\/\" \/>\n<meta property=\"og:locale\" content=\"fr_FR\" \/>\n<meta property=\"og:type\" content=\"article\" \/>\n<meta property=\"og:title\" content=\"Le Le sabre de Shibito (4 tomes) en seconde main au Chtululu\" \/>\n<meta property=\"og:description\" content=\"La s\u00e9rie Le sabre de Shibito (4 tomes) est disponible en seconde main au Chtululu (gare de Soignies), en r\u00e9servation ou \u00e0 la livraison.\" \/>\n<meta property=\"og:url\" content=\"https:\/\/chtululu.be\/index.php\/produit\/le-sabre-de-shibito\/\" \/>\n<meta property=\"og:site_name\" content=\"Le Chtululu\" \/>\n<meta property=\"article:modified_time\" content=\"2021-08-28T11:38:43+00:00\" \/>\n<meta property=\"og:image\" content=\"https:\/\/chtululu.be\/wp-content\/uploads\/2021\/08\/sabre.jpg\" \/>\n\t<meta property=\"og:image:width\" content=\"500\" \/>\n\t<meta property=\"og:image:height\" content=\"500\" \/>\n\t<meta property=\"og:image:type\" content=\"image\/jpeg\" \/>\n<meta name=\"twitter:card\" content=\"summary_large_image\" \/>\n<meta name=\"twitter:label1\" content=\"Dur\u00e9e de lecture estim\u00e9e\" \/>\n\t<meta name=\"twitter:data1\" content=\"1 minute\" \/>\n<script type=\"application\/ld+json\" class=\"yoast-schema-graph\">{\"@context\":\"https:\/\/schema.org\",\"@graph\":[{\"@type\":\"WebPage\",\"@id\":\"https:\/\/chtululu.be\/index.php\/produit\/le-sabre-de-shibito\/\",\"url\":\"https:\/\/chtululu.be\/index.php\/produit\/le-sabre-de-shibito\/\",\"name\":\"Le Le sabre de Shibito (4 tomes) en seconde main au Chtululu\",\"isPartOf\":{\"@id\":\"https:\/\/chtululu.be\/#website\"},\"primaryImageOfPage\":{\"@id\":\"https:\/\/chtululu.be\/index.php\/produit\/le-sabre-de-shibito\/#primaryimage\"},\"image\":{\"@id\":\"https:\/\/chtululu.be\/index.php\/produit\/le-sabre-de-shibito\/#primaryimage\"},\"thumbnailUrl\":\"https:\/\/chtululu.be\/wp-content\/uploads\/2021\/08\/sabre.jpg\",\"datePublished\":\"2021-08-28T11:36:46+00:00\",\"dateModified\":\"2021-08-28T11:38:43+00:00\",\"description\":\"La s\u00e9rie Le sabre de Shibito (4 tomes) est disponible en seconde main au Chtululu (gare de Soignies), en r\u00e9servation ou \u00e0 la livraison.\",\"breadcrumb\":{\"@id\":\"https:\/\/chtululu.be\/index.php\/produit\/le-sabre-de-shibito\/#breadcrumb\"},\"inLanguage\":\"fr-FR\",\"potentialAction\":[{\"@type\":\"ReadAction\",\"target\":[\"https:\/\/chtululu.be\/index.php\/produit\/le-sabre-de-shibito\/\"]}]},{\"@type\":\"ImageObject\",\"inLanguage\":\"fr-FR\",\"@id\":\"https:\/\/chtululu.be\/index.php\/produit\/le-sabre-de-shibito\/#primaryimage\",\"url\":\"https:\/\/chtululu.be\/wp-content\/uploads\/2021\/08\/sabre.jpg\",\"contentUrl\":\"https:\/\/chtululu.be\/wp-content\/uploads\/2021\/08\/sabre.jpg\",\"width\":500,\"height\":500,\"caption\":\"Le sabre de Shibito\"},{\"@type\":\"BreadcrumbList\",\"@id\":\"https:\/\/chtululu.be\/index.php\/produit\/le-sabre-de-shibito\/#breadcrumb\",\"itemListElement\":[{\"@type\":\"ListItem\",\"position\":1,\"name\":\"Accueil\",\"item\":\"https:\/\/chtululu.be\/\"},{\"@type\":\"ListItem\",\"position\":2,\"name\":\"Les livres\",\"item\":\"https:\/\/chtululu.be\/index.php\/livres-doccasion\/\"},{\"@type\":\"ListItem\",\"position\":3,\"name\":\"Le sabre de Shibito (4 tomes)\"}]},{\"@type\":\"WebSite\",\"@id\":\"https:\/\/chtululu.be\/#website\",\"url\":\"https:\/\/chtululu.be\/\",\"name\":\"Le Chtululu\",\"description\":\"Votre librairie de seconde main \u00e0 Soignies\",\"publisher\":{\"@id\":\"https:\/\/chtululu.be\/#organization\"},\"potentialAction\":[{\"@type\":\"SearchAction\",\"target\":{\"@type\":\"EntryPoint\",\"urlTemplate\":\"https:\/\/chtululu.be\/?s={search_term_string}\"},\"query-input\":{\"@type\":\"PropertyValueSpecification\",\"valueRequired\":true,\"valueName\":\"search_term_string\"}}],\"inLanguage\":\"fr-FR\"},{\"@type\":\"Organization\",\"@id\":\"https:\/\/chtululu.be\/#organization\",\"name\":\"Le Chtululu\",\"url\":\"https:\/\/chtululu.be\/\",\"logo\":{\"@type\":\"ImageObject\",\"inLanguage\":\"fr-FR\",\"@id\":\"https:\/\/chtululu.be\/#\/schema\/logo\/image\/\",\"url\":\"https:\/\/chtululu.be\/wp-content\/uploads\/2016\/05\/logo-def-blanc.jpg\",\"contentUrl\":\"https:\/\/chtululu.be\/wp-content\/uploads\/2016\/05\/logo-def-blanc.jpg\",\"width\":2048,\"height\":1901,\"caption\":\"Le Chtululu\"},\"image\":{\"@id\":\"https:\/\/chtululu.be\/#\/schema\/logo\/image\/\"}}]}<\/script>\n<!-- \/ Yoast SEO plugin. -->","yoast_head_json":{"title":"Le Le sabre de Shibito (4 tomes) en seconde main au Chtululu","description":"La s\u00e9rie Le sabre de Shibito (4 tomes) est disponible en seconde main au Chtululu (gare de Soignies), en r\u00e9servation ou \u00e0 la livraison.","robots":{"index":"index","follow":"follow","max-snippet":"max-snippet:-1","max-image-preview":"max-image-preview:large","max-video-preview":"max-video-preview:-1"},"canonical":"https:\/\/chtululu.be\/index.php\/produit\/le-sabre-de-shibito\/","og_locale":"fr_FR","og_type":"article","og_title":"Le Le sabre de Shibito (4 tomes) en seconde main au Chtululu","og_description":"La s\u00e9rie Le sabre de Shibito (4 tomes) est disponible en seconde main au Chtululu (gare de Soignies), en r\u00e9servation ou \u00e0 la livraison.","og_url":"https:\/\/chtululu.be\/index.php\/produit\/le-sabre-de-shibito\/","og_site_name":"Le Chtululu","article_modified_time":"2021-08-28T11:38:43+00:00","og_image":[{"width":500,"height":500,"url":"https:\/\/chtululu.be\/wp-content\/uploads\/2021\/08\/sabre.jpg","type":"image\/jpeg"}],"twitter_card":"summary_large_image","twitter_misc":{"Dur\u00e9e de lecture estim\u00e9e":"1 minute"},"schema":{"@context":"https:\/\/schema.org","@graph":[{"@type":"WebPage","@id":"https:\/\/chtululu.be\/index.php\/produit\/le-sabre-de-shibito\/","url":"https:\/\/chtululu.be\/index.php\/produit\/le-sabre-de-shibito\/","name":"Le Le sabre de Shibito (4 tomes) en seconde main au Chtululu","isPartOf":{"@id":"https:\/\/chtululu.be\/#website"},"primaryImageOfPage":{"@id":"https:\/\/chtululu.be\/index.php\/produit\/le-sabre-de-shibito\/#primaryimage"},"image":{"@id":"https:\/\/chtululu.be\/index.php\/produit\/le-sabre-de-shibito\/#primaryimage"},"thumbnailUrl":"https:\/\/chtululu.be\/wp-content\/uploads\/2021\/08\/sabre.jpg","datePublished":"2021-08-28T11:36:46+00:00","dateModified":"2021-08-28T11:38:43+00:00","description":"La s\u00e9rie Le sabre de Shibito (4 tomes) est disponible en seconde main au Chtululu (gare de Soignies), en r\u00e9servation ou \u00e0 la livraison.","breadcrumb":{"@id":"https:\/\/chtululu.be\/index.php\/produit\/le-sabre-de-shibito\/#breadcrumb"},"inLanguage":"fr-FR","potentialAction":[{"@type":"ReadAction","target":["https:\/\/chtululu.be\/index.php\/produit\/le-sabre-de-shibito\/"]}]},{"@type":"ImageObject","inLanguage":"fr-FR","@id":"https:\/\/chtululu.be\/index.php\/produit\/le-sabre-de-shibito\/#primaryimage","url":"https:\/\/chtululu.be\/wp-content\/uploads\/2021\/08\/sabre.jpg","contentUrl":"https:\/\/chtululu.be\/wp-content\/uploads\/2021\/08\/sabre.jpg","width":500,"height":500,"caption":"Le sabre de Shibito"},{"@type":"BreadcrumbList","@id":"https:\/\/chtululu.be\/index.php\/produit\/le-sabre-de-shibito\/#breadcrumb","itemListElement":[{"@type":"ListItem","position":1,"name":"Accueil","item":"https:\/\/chtululu.be\/"},{"@type":"ListItem","position":2,"name":"Les livres","item":"https:\/\/chtululu.be\/index.php\/livres-doccasion\/"},{"@type":"ListItem","position":3,"name":"Le sabre de Shibito (4 tomes)"}]},{"@type":"WebSite","@id":"https:\/\/chtululu.be\/#website","url":"https:\/\/chtululu.be\/","name":"Le Chtululu","description":"Votre librairie de seconde main \u00e0 Soignies","publisher":{"@id":"https:\/\/chtululu.be\/#organization"},"potentialAction":[{"@type":"SearchAction","target":{"@type":"EntryPoint","urlTemplate":"https:\/\/chtululu.be\/?s={search_term_string}"},"query-input":{"@type":"PropertyValueSpecification","valueRequired":true,"valueName":"search_term_string"}}],"inLanguage":"fr-FR"},{"@type":"Organization","@id":"https:\/\/chtululu.be\/#organization","name":"Le Chtululu","url":"https:\/\/chtululu.be\/","logo":{"@type":"ImageObject","inLanguage":"fr-FR","@id":"https:\/\/chtululu.be\/#\/schema\/logo\/image\/","url":"https:\/\/chtululu.be\/wp-content\/uploads\/2016\/05\/logo-def-blanc.jpg","contentUrl":"https:\/\/chtululu.be\/wp-content\/uploads\/2016\/05\/logo-def-blanc.jpg","width":2048,"height":1901,"caption":"Le Chtululu"},"image":{"@id":"https:\/\/chtululu.be\/#\/schema\/logo\/image\/"}}]}},"_links":{"self":[{"href":"https:\/\/chtululu.be\/index.php\/wp-json\/wp\/v2\/product\/2845","targetHints":{"allow":["GET"]}}],"collection":[{"href":"https:\/\/chtululu.be\/index.php\/wp-json\/wp\/v2\/product"}],"about":[{"href":"https:\/\/chtululu.be\/index.php\/wp-json\/wp\/v2\/types\/product"}],"wp:featuredmedia":[{"embeddable":true,"href":"https:\/\/chtululu.be\/index.php\/wp-json\/wp\/v2\/media\/2846"}],"wp:attachment":[{"href":"https:\/\/chtululu.be\/index.php\/wp-json\/wp\/v2\/media?parent=2845"}],"wp:term":[{"taxonomy":"product_brand","embeddable":true,"href":"https:\/\/chtululu.be\/index.php\/wp-json\/wp\/v2\/product_brand?post=2845"},{"taxonomy":"product_cat","embeddable":true,"href":"https:\/\/chtululu.be\/index.php\/wp-json\/wp\/v2\/product_cat?post=2845"},{"taxonomy":"product_tag","embeddable":true,"href":"https:\/\/chtululu.be\/index.php\/wp-json\/wp\/v2\/product_tag?post=2845"}],"curies":[{"name":"wp","href":"https:\/\/api.w.org\/{rel}","templated":true}]}}