{"id":2838,"date":"2021-08-28T12:23:15","date_gmt":"2021-08-28T11:23:15","guid":{"rendered":"https:\/\/chtululu.be\/?post_type=product&#038;p=2838"},"modified":"2021-11-16T21:19:49","modified_gmt":"2021-11-16T20:19:49","slug":"darwins-game","status":"publish","type":"product","link":"https:\/\/chtululu.be\/index.php\/produit\/darwins-game\/","title":{"rendered":"Darwin&rsquo;s game (9 tomes)"},"content":{"rendered":"<p id=\":1j9\" class=\"hP\" tabindex=\"-1\" data-thread-perm-id=\"thread-a:r-5439077243156272530\" data-legacy-thread-id=\"1785e96985fbb80f\">Attention: tomes 1, 2,3 et 8, 9,10,11,12 et 13. Possibilit\u00e9 de commander uniquement les trois premiers ou les tomes de 8 \u00e0 13 en nous contactant \u00e0 info[a]chtululu.be<\/p>\n<h2>R\u00e9sum\u00e9 de Darwin&rsquo;s game<\/h2>\n<div class=\"description\">\n<div class=\"description\">\n<p class=\"bigsize\">La vie de Kaname Sudo bascule le jour o\u00f9 ces quelques mots a priori inoffensifs s\u2019affichent sur son portable. Il a le malheur d\u2019accepter l\u2019invitation. Aussit\u00f4t mordu au cou par un serpent virtuel surgi de l\u2019\u00e9cran, il est d\u00e9sormais l\u2019esclave d\u2019un jeu impitoyable, le \u00ab\u00a0Darwin\u2019s Game\u00a0\u00bb, v\u00e9ritable ar\u00e8ne urbaine dans laquelle des participants interconnect\u00e9s via un r\u00e9seau social s\u2019affrontent dans des duels \u00e0 mort.<\/p>\n<p>Tr\u00e8s vite, le lyc\u00e9en doit se rendre \u00e0 l\u2019\u00e9vidence : m\u00eame s\u2019il essaie de se soustraire au jeu, ses adversaires, attir\u00e9s par l\u2019app\u00e2t du gain et le frisson du combat, sont pr\u00eats \u00e0 tout pour le retrouver\u2026<\/p>\n<p><em>R\u00e9sum\u00e9 tir\u00e9 de <a href=\"https:\/\/www.manga-news.com\/index.php\/serie\/Darwins-Game\">Manga-news<\/a><\/em><\/p>\n<\/div>\n<\/div>\n","protected":false},"excerpt":{"rendered":"<p>Darwin&rsquo;s game (tomes 1, 2,3 et 8, 9, 10, 11, 13)<\/p>\n","protected":false},"featured_media":2839,"template":"","meta":{"_acf_changed":false,"_exactmetrics_skip_tracking":false,"_exactmetrics_sitenote_active":false,"_exactmetrics_sitenote_note":"","_exactmetrics_sitenote_category":0},"product_brand":[],"product_cat":[387],"product_tag":[],"class_list":{"0":"post-2838","1":"product","2":"type-product","3":"status-publish","4":"has-post-thumbnail","6":"product_cat-mangas","8":"first","9":"outofstock","10":"sold-individually","11":"taxable","12":"shipping-taxable","13":"purchasable","14":"product-type-simple"},"acf":[],"yoast_head":"<!-- This site is optimized with the Yoast SEO plugin v26.6 - https:\/\/yoast.com\/wordpress\/plugins\/seo\/ -->\n<title>Le Darwin&#039;s game (9 tomes) en seconde main au Chtululu<\/title>\n<meta name=\"description\" content=\"La s\u00e9rie Darwin&#039;s game est disponible en seconde main au Chtululu (gare de Soignies), en r\u00e9servation ou \u00e0 la livraison.\" \/>\n<meta name=\"robots\" content=\"index, follow, max-snippet:-1, max-image-preview:large, max-video-preview:-1\" \/>\n<link rel=\"canonical\" href=\"https:\/\/chtululu.be\/index.php\/produit\/darwins-game\/\" \/>\n<meta property=\"og:locale\" content=\"fr_FR\" \/>\n<meta property=\"og:type\" content=\"article\" \/>\n<meta property=\"og:title\" content=\"Le Darwin&#039;s game (9 tomes) en seconde main au Chtululu\" \/>\n<meta property=\"og:description\" content=\"La s\u00e9rie Darwin&#039;s game est disponible en seconde main au Chtululu (gare de Soignies), en r\u00e9servation ou \u00e0 la livraison.\" \/>\n<meta property=\"og:url\" content=\"https:\/\/chtululu.be\/index.php\/produit\/darwins-game\/\" \/>\n<meta property=\"og:site_name\" content=\"Le Chtululu\" \/>\n<meta property=\"article:modified_time\" content=\"2021-11-16T20:19:49+00:00\" \/>\n<meta property=\"og:image\" content=\"https:\/\/chtululu.be\/wp-content\/uploads\/2021\/08\/darwin.jpg\" \/>\n\t<meta property=\"og:image:width\" content=\"500\" \/>\n\t<meta property=\"og:image:height\" content=\"500\" \/>\n\t<meta property=\"og:image:type\" content=\"image\/jpeg\" \/>\n<meta name=\"twitter:card\" content=\"summary_large_image\" \/>\n<meta name=\"twitter:label1\" content=\"Dur\u00e9e de lecture estim\u00e9e\" \/>\n\t<meta name=\"twitter:data1\" content=\"1 minute\" \/>\n<script type=\"application\/ld+json\" class=\"yoast-schema-graph\">{\"@context\":\"https:\/\/schema.org\",\"@graph\":[{\"@type\":\"WebPage\",\"@id\":\"https:\/\/chtululu.be\/index.php\/produit\/darwins-game\/\",\"url\":\"https:\/\/chtululu.be\/index.php\/produit\/darwins-game\/\",\"name\":\"Le Darwin's game (9 tomes) en seconde main au Chtululu\",\"isPartOf\":{\"@id\":\"https:\/\/chtululu.be\/#website\"},\"primaryImageOfPage\":{\"@id\":\"https:\/\/chtululu.be\/index.php\/produit\/darwins-game\/#primaryimage\"},\"image\":{\"@id\":\"https:\/\/chtululu.be\/index.php\/produit\/darwins-game\/#primaryimage\"},\"thumbnailUrl\":\"https:\/\/chtululu.be\/wp-content\/uploads\/2021\/08\/darwin.jpg\",\"datePublished\":\"2021-08-28T11:23:15+00:00\",\"dateModified\":\"2021-11-16T20:19:49+00:00\",\"description\":\"La s\u00e9rie Darwin's game est disponible en seconde main au Chtululu (gare de Soignies), en r\u00e9servation ou \u00e0 la livraison.\",\"breadcrumb\":{\"@id\":\"https:\/\/chtululu.be\/index.php\/produit\/darwins-game\/#breadcrumb\"},\"inLanguage\":\"fr-FR\",\"potentialAction\":[{\"@type\":\"ReadAction\",\"target\":[\"https:\/\/chtululu.be\/index.php\/produit\/darwins-game\/\"]}]},{\"@type\":\"ImageObject\",\"inLanguage\":\"fr-FR\",\"@id\":\"https:\/\/chtululu.be\/index.php\/produit\/darwins-game\/#primaryimage\",\"url\":\"https:\/\/chtululu.be\/wp-content\/uploads\/2021\/08\/darwin.jpg\",\"contentUrl\":\"https:\/\/chtululu.be\/wp-content\/uploads\/2021\/08\/darwin.jpg\",\"width\":500,\"height\":500,\"caption\":\"Darwin's game\"},{\"@type\":\"BreadcrumbList\",\"@id\":\"https:\/\/chtululu.be\/index.php\/produit\/darwins-game\/#breadcrumb\",\"itemListElement\":[{\"@type\":\"ListItem\",\"position\":1,\"name\":\"Accueil\",\"item\":\"https:\/\/chtululu.be\/\"},{\"@type\":\"ListItem\",\"position\":2,\"name\":\"Les livres\",\"item\":\"https:\/\/chtululu.be\/index.php\/livres-doccasion\/\"},{\"@type\":\"ListItem\",\"position\":3,\"name\":\"Darwin&rsquo;s game (9 tomes)\"}]},{\"@type\":\"WebSite\",\"@id\":\"https:\/\/chtululu.be\/#website\",\"url\":\"https:\/\/chtululu.be\/\",\"name\":\"Le Chtululu\",\"description\":\"Votre librairie de seconde main \u00e0 Soignies\",\"publisher\":{\"@id\":\"https:\/\/chtululu.be\/#organization\"},\"potentialAction\":[{\"@type\":\"SearchAction\",\"target\":{\"@type\":\"EntryPoint\",\"urlTemplate\":\"https:\/\/chtululu.be\/?s={search_term_string}\"},\"query-input\":{\"@type\":\"PropertyValueSpecification\",\"valueRequired\":true,\"valueName\":\"search_term_string\"}}],\"inLanguage\":\"fr-FR\"},{\"@type\":\"Organization\",\"@id\":\"https:\/\/chtululu.be\/#organization\",\"name\":\"Le Chtululu\",\"url\":\"https:\/\/chtululu.be\/\",\"logo\":{\"@type\":\"ImageObject\",\"inLanguage\":\"fr-FR\",\"@id\":\"https:\/\/chtululu.be\/#\/schema\/logo\/image\/\",\"url\":\"https:\/\/chtululu.be\/wp-content\/uploads\/2016\/05\/logo-def-blanc.jpg\",\"contentUrl\":\"https:\/\/chtululu.be\/wp-content\/uploads\/2016\/05\/logo-def-blanc.jpg\",\"width\":2048,\"height\":1901,\"caption\":\"Le Chtululu\"},\"image\":{\"@id\":\"https:\/\/chtululu.be\/#\/schema\/logo\/image\/\"}}]}<\/script>\n<!-- \/ Yoast SEO plugin. -->","yoast_head_json":{"title":"Le Darwin's game (9 tomes) en seconde main au Chtululu","description":"La s\u00e9rie Darwin's game est disponible en seconde main au Chtululu (gare de Soignies), en r\u00e9servation ou \u00e0 la livraison.","robots":{"index":"index","follow":"follow","max-snippet":"max-snippet:-1","max-image-preview":"max-image-preview:large","max-video-preview":"max-video-preview:-1"},"canonical":"https:\/\/chtululu.be\/index.php\/produit\/darwins-game\/","og_locale":"fr_FR","og_type":"article","og_title":"Le Darwin's game (9 tomes) en seconde main au Chtululu","og_description":"La s\u00e9rie Darwin's game est disponible en seconde main au Chtululu (gare de Soignies), en r\u00e9servation ou \u00e0 la livraison.","og_url":"https:\/\/chtululu.be\/index.php\/produit\/darwins-game\/","og_site_name":"Le Chtululu","article_modified_time":"2021-11-16T20:19:49+00:00","og_image":[{"width":500,"height":500,"url":"https:\/\/chtululu.be\/wp-content\/uploads\/2021\/08\/darwin.jpg","type":"image\/jpeg"}],"twitter_card":"summary_large_image","twitter_misc":{"Dur\u00e9e de lecture estim\u00e9e":"1 minute"},"schema":{"@context":"https:\/\/schema.org","@graph":[{"@type":"WebPage","@id":"https:\/\/chtululu.be\/index.php\/produit\/darwins-game\/","url":"https:\/\/chtululu.be\/index.php\/produit\/darwins-game\/","name":"Le Darwin's game (9 tomes) en seconde main au Chtululu","isPartOf":{"@id":"https:\/\/chtululu.be\/#website"},"primaryImageOfPage":{"@id":"https:\/\/chtululu.be\/index.php\/produit\/darwins-game\/#primaryimage"},"image":{"@id":"https:\/\/chtululu.be\/index.php\/produit\/darwins-game\/#primaryimage"},"thumbnailUrl":"https:\/\/chtululu.be\/wp-content\/uploads\/2021\/08\/darwin.jpg","datePublished":"2021-08-28T11:23:15+00:00","dateModified":"2021-11-16T20:19:49+00:00","description":"La s\u00e9rie Darwin's game est disponible en seconde main au Chtululu (gare de Soignies), en r\u00e9servation ou \u00e0 la livraison.","breadcrumb":{"@id":"https:\/\/chtululu.be\/index.php\/produit\/darwins-game\/#breadcrumb"},"inLanguage":"fr-FR","potentialAction":[{"@type":"ReadAction","target":["https:\/\/chtululu.be\/index.php\/produit\/darwins-game\/"]}]},{"@type":"ImageObject","inLanguage":"fr-FR","@id":"https:\/\/chtululu.be\/index.php\/produit\/darwins-game\/#primaryimage","url":"https:\/\/chtululu.be\/wp-content\/uploads\/2021\/08\/darwin.jpg","contentUrl":"https:\/\/chtululu.be\/wp-content\/uploads\/2021\/08\/darwin.jpg","width":500,"height":500,"caption":"Darwin's game"},{"@type":"BreadcrumbList","@id":"https:\/\/chtululu.be\/index.php\/produit\/darwins-game\/#breadcrumb","itemListElement":[{"@type":"ListItem","position":1,"name":"Accueil","item":"https:\/\/chtululu.be\/"},{"@type":"ListItem","position":2,"name":"Les livres","item":"https:\/\/chtululu.be\/index.php\/livres-doccasion\/"},{"@type":"ListItem","position":3,"name":"Darwin&rsquo;s game (9 tomes)"}]},{"@type":"WebSite","@id":"https:\/\/chtululu.be\/#website","url":"https:\/\/chtululu.be\/","name":"Le Chtululu","description":"Votre librairie de seconde main \u00e0 Soignies","publisher":{"@id":"https:\/\/chtululu.be\/#organization"},"potentialAction":[{"@type":"SearchAction","target":{"@type":"EntryPoint","urlTemplate":"https:\/\/chtululu.be\/?s={search_term_string}"},"query-input":{"@type":"PropertyValueSpecification","valueRequired":true,"valueName":"search_term_string"}}],"inLanguage":"fr-FR"},{"@type":"Organization","@id":"https:\/\/chtululu.be\/#organization","name":"Le Chtululu","url":"https:\/\/chtululu.be\/","logo":{"@type":"ImageObject","inLanguage":"fr-FR","@id":"https:\/\/chtululu.be\/#\/schema\/logo\/image\/","url":"https:\/\/chtululu.be\/wp-content\/uploads\/2016\/05\/logo-def-blanc.jpg","contentUrl":"https:\/\/chtululu.be\/wp-content\/uploads\/2016\/05\/logo-def-blanc.jpg","width":2048,"height":1901,"caption":"Le Chtululu"},"image":{"@id":"https:\/\/chtululu.be\/#\/schema\/logo\/image\/"}}]}},"_links":{"self":[{"href":"https:\/\/chtululu.be\/index.php\/wp-json\/wp\/v2\/product\/2838","targetHints":{"allow":["GET"]}}],"collection":[{"href":"https:\/\/chtululu.be\/index.php\/wp-json\/wp\/v2\/product"}],"about":[{"href":"https:\/\/chtululu.be\/index.php\/wp-json\/wp\/v2\/types\/product"}],"wp:featuredmedia":[{"embeddable":true,"href":"https:\/\/chtululu.be\/index.php\/wp-json\/wp\/v2\/media\/2839"}],"wp:attachment":[{"href":"https:\/\/chtululu.be\/index.php\/wp-json\/wp\/v2\/media?parent=2838"}],"wp:term":[{"taxonomy":"product_brand","embeddable":true,"href":"https:\/\/chtululu.be\/index.php\/wp-json\/wp\/v2\/product_brand?post=2838"},{"taxonomy":"product_cat","embeddable":true,"href":"https:\/\/chtululu.be\/index.php\/wp-json\/wp\/v2\/product_cat?post=2838"},{"taxonomy":"product_tag","embeddable":true,"href":"https:\/\/chtululu.be\/index.php\/wp-json\/wp\/v2\/product_tag?post=2838"}],"curies":[{"name":"wp","href":"https:\/\/api.w.org\/{rel}","templated":true}]}}