{"id":2761,"date":"2021-08-22T13:31:55","date_gmt":"2021-08-22T12:31:55","guid":{"rendered":"https:\/\/chtululu.be\/?post_type=product&#038;p=2761"},"modified":"2021-10-24T14:07:19","modified_gmt":"2021-10-24T13:07:19","slug":"elements-dalgebre-n-j-schons","status":"publish","type":"product","link":"https:\/\/chtululu.be\/index.php\/produit\/elements-dalgebre-n-j-schons\/","title":{"rendered":"\u00c9l\u00e9ments d&rsquo;alg\u00e8bre (N. -J. Schons)"},"content":{"rendered":"<h2>\u00c9l\u00e9ments d&rsquo;alg\u00e8bre (N. -J. Schons)<\/h2>\n<p>Dixi\u00e8me \u00e9dition, 1974<\/p>\n<p>(\u00e9d. La Procure &#8211; Namur\u00a0 \/ Bruxelles)<\/p>\n","protected":false},"excerpt":{"rendered":"<p>\u00c9l\u00e9ments d&rsquo;alg\u00e8bre (N. -J. Schons)<\/p>\n","protected":false},"featured_media":2762,"template":"","meta":{"_acf_changed":false,"_exactmetrics_skip_tracking":false,"_exactmetrics_sitenote_active":false,"_exactmetrics_sitenote_note":"","_exactmetrics_sitenote_category":0},"product_brand":[],"product_cat":[382],"product_tag":[456,453],"class_list":{"0":"post-2761","1":"product","2":"type-product","3":"status-publish","4":"has-post-thumbnail","6":"product_cat-savoirs","7":"product_tag-livres-scolaires","8":"product_tag-mathematique","10":"first","11":"outofstock","12":"taxable","13":"shipping-taxable","14":"purchasable","15":"product-type-simple"},"acf":[],"yoast_head":"<!-- This site is optimized with the Yoast SEO plugin v26.6 - https:\/\/yoast.com\/wordpress\/plugins\/seo\/ -->\n<title>\u00c9l\u00e9ments d&#039;alg\u00e8bre (N. -J. Schons) en seconde main au Chtululu<\/title>\n<meta name=\"description\" content=\"\u00c9l\u00e9ments d&#039;alg\u00e8bre par N. -J. Schons (1974) est disponible en seconde main. Disponible sur place sur r\u00e9servation ou via livraison.\" \/>\n<meta name=\"robots\" content=\"index, follow, max-snippet:-1, max-image-preview:large, max-video-preview:-1\" \/>\n<link rel=\"canonical\" href=\"https:\/\/chtululu.be\/index.php\/produit\/elements-dalgebre-n-j-schons\/\" \/>\n<meta property=\"og:locale\" content=\"fr_FR\" \/>\n<meta property=\"og:type\" content=\"article\" \/>\n<meta property=\"og:title\" content=\"\u00c9l\u00e9ments d&#039;alg\u00e8bre (N. -J. Schons) en seconde main au Chtululu\" \/>\n<meta property=\"og:description\" content=\"\u00c9l\u00e9ments d&#039;alg\u00e8bre par N. -J. Schons (1974) est disponible en seconde main. Disponible sur place sur r\u00e9servation ou via livraison.\" \/>\n<meta property=\"og:url\" content=\"https:\/\/chtululu.be\/index.php\/produit\/elements-dalgebre-n-j-schons\/\" \/>\n<meta property=\"og:site_name\" content=\"Le Chtululu\" \/>\n<meta property=\"article:modified_time\" content=\"2021-10-24T13:07:19+00:00\" \/>\n<meta property=\"og:image\" content=\"https:\/\/chtululu.be\/wp-content\/uploads\/2021\/08\/elements_algebre_1.jpg\" \/>\n\t<meta property=\"og:image:width\" content=\"500\" \/>\n\t<meta property=\"og:image:height\" content=\"500\" \/>\n\t<meta property=\"og:image:type\" content=\"image\/jpeg\" \/>\n<meta name=\"twitter:card\" content=\"summary_large_image\" \/>\n<meta name=\"twitter:label1\" content=\"Dur\u00e9e de lecture estim\u00e9e\" \/>\n\t<meta name=\"twitter:data1\" content=\"1 minute\" \/>\n<script type=\"application\/ld+json\" class=\"yoast-schema-graph\">{\"@context\":\"https:\/\/schema.org\",\"@graph\":[{\"@type\":\"WebPage\",\"@id\":\"https:\/\/chtululu.be\/index.php\/produit\/elements-dalgebre-n-j-schons\/\",\"url\":\"https:\/\/chtululu.be\/index.php\/produit\/elements-dalgebre-n-j-schons\/\",\"name\":\"\u00c9l\u00e9ments d'alg\u00e8bre (N. -J. Schons) en seconde main au Chtululu\",\"isPartOf\":{\"@id\":\"https:\/\/chtululu.be\/#website\"},\"primaryImageOfPage\":{\"@id\":\"https:\/\/chtululu.be\/index.php\/produit\/elements-dalgebre-n-j-schons\/#primaryimage\"},\"image\":{\"@id\":\"https:\/\/chtululu.be\/index.php\/produit\/elements-dalgebre-n-j-schons\/#primaryimage\"},\"thumbnailUrl\":\"https:\/\/chtululu.be\/wp-content\/uploads\/2021\/08\/elements_algebre_1.jpg\",\"datePublished\":\"2021-08-22T12:31:55+00:00\",\"dateModified\":\"2021-10-24T13:07:19+00:00\",\"description\":\"\u00c9l\u00e9ments d'alg\u00e8bre par N. -J. Schons (1974) est disponible en seconde main. Disponible sur place sur r\u00e9servation ou via livraison.\",\"breadcrumb\":{\"@id\":\"https:\/\/chtululu.be\/index.php\/produit\/elements-dalgebre-n-j-schons\/#breadcrumb\"},\"inLanguage\":\"fr-FR\",\"potentialAction\":[{\"@type\":\"ReadAction\",\"target\":[\"https:\/\/chtululu.be\/index.php\/produit\/elements-dalgebre-n-j-schons\/\"]}]},{\"@type\":\"ImageObject\",\"inLanguage\":\"fr-FR\",\"@id\":\"https:\/\/chtululu.be\/index.php\/produit\/elements-dalgebre-n-j-schons\/#primaryimage\",\"url\":\"https:\/\/chtululu.be\/wp-content\/uploads\/2021\/08\/elements_algebre_1.jpg\",\"contentUrl\":\"https:\/\/chtululu.be\/wp-content\/uploads\/2021\/08\/elements_algebre_1.jpg\",\"width\":500,\"height\":500,\"caption\":\"\u00e9l\u00e9ments d'alg\u00e8bre\"},{\"@type\":\"BreadcrumbList\",\"@id\":\"https:\/\/chtululu.be\/index.php\/produit\/elements-dalgebre-n-j-schons\/#breadcrumb\",\"itemListElement\":[{\"@type\":\"ListItem\",\"position\":1,\"name\":\"Accueil\",\"item\":\"https:\/\/chtululu.be\/\"},{\"@type\":\"ListItem\",\"position\":2,\"name\":\"Les livres\",\"item\":\"https:\/\/chtululu.be\/index.php\/livres-doccasion\/\"},{\"@type\":\"ListItem\",\"position\":3,\"name\":\"\u00c9l\u00e9ments d&rsquo;alg\u00e8bre (N. -J. Schons)\"}]},{\"@type\":\"WebSite\",\"@id\":\"https:\/\/chtululu.be\/#website\",\"url\":\"https:\/\/chtululu.be\/\",\"name\":\"Le Chtululu\",\"description\":\"Votre librairie de seconde main \u00e0 Soignies\",\"publisher\":{\"@id\":\"https:\/\/chtululu.be\/#organization\"},\"potentialAction\":[{\"@type\":\"SearchAction\",\"target\":{\"@type\":\"EntryPoint\",\"urlTemplate\":\"https:\/\/chtululu.be\/?s={search_term_string}\"},\"query-input\":{\"@type\":\"PropertyValueSpecification\",\"valueRequired\":true,\"valueName\":\"search_term_string\"}}],\"inLanguage\":\"fr-FR\"},{\"@type\":\"Organization\",\"@id\":\"https:\/\/chtululu.be\/#organization\",\"name\":\"Le Chtululu\",\"url\":\"https:\/\/chtululu.be\/\",\"logo\":{\"@type\":\"ImageObject\",\"inLanguage\":\"fr-FR\",\"@id\":\"https:\/\/chtululu.be\/#\/schema\/logo\/image\/\",\"url\":\"https:\/\/chtululu.be\/wp-content\/uploads\/2016\/05\/logo-def-blanc.jpg\",\"contentUrl\":\"https:\/\/chtululu.be\/wp-content\/uploads\/2016\/05\/logo-def-blanc.jpg\",\"width\":2048,\"height\":1901,\"caption\":\"Le Chtululu\"},\"image\":{\"@id\":\"https:\/\/chtululu.be\/#\/schema\/logo\/image\/\"}}]}<\/script>\n<!-- \/ Yoast SEO plugin. -->","yoast_head_json":{"title":"\u00c9l\u00e9ments d'alg\u00e8bre (N. -J. Schons) en seconde main au Chtululu","description":"\u00c9l\u00e9ments d'alg\u00e8bre par N. -J. Schons (1974) est disponible en seconde main. Disponible sur place sur r\u00e9servation ou via livraison.","robots":{"index":"index","follow":"follow","max-snippet":"max-snippet:-1","max-image-preview":"max-image-preview:large","max-video-preview":"max-video-preview:-1"},"canonical":"https:\/\/chtululu.be\/index.php\/produit\/elements-dalgebre-n-j-schons\/","og_locale":"fr_FR","og_type":"article","og_title":"\u00c9l\u00e9ments d'alg\u00e8bre (N. -J. Schons) en seconde main au Chtululu","og_description":"\u00c9l\u00e9ments d'alg\u00e8bre par N. -J. Schons (1974) est disponible en seconde main. Disponible sur place sur r\u00e9servation ou via livraison.","og_url":"https:\/\/chtululu.be\/index.php\/produit\/elements-dalgebre-n-j-schons\/","og_site_name":"Le Chtululu","article_modified_time":"2021-10-24T13:07:19+00:00","og_image":[{"width":500,"height":500,"url":"https:\/\/chtululu.be\/wp-content\/uploads\/2021\/08\/elements_algebre_1.jpg","type":"image\/jpeg"}],"twitter_card":"summary_large_image","twitter_misc":{"Dur\u00e9e de lecture estim\u00e9e":"1 minute"},"schema":{"@context":"https:\/\/schema.org","@graph":[{"@type":"WebPage","@id":"https:\/\/chtululu.be\/index.php\/produit\/elements-dalgebre-n-j-schons\/","url":"https:\/\/chtululu.be\/index.php\/produit\/elements-dalgebre-n-j-schons\/","name":"\u00c9l\u00e9ments d'alg\u00e8bre (N. -J. Schons) en seconde main au Chtululu","isPartOf":{"@id":"https:\/\/chtululu.be\/#website"},"primaryImageOfPage":{"@id":"https:\/\/chtululu.be\/index.php\/produit\/elements-dalgebre-n-j-schons\/#primaryimage"},"image":{"@id":"https:\/\/chtululu.be\/index.php\/produit\/elements-dalgebre-n-j-schons\/#primaryimage"},"thumbnailUrl":"https:\/\/chtululu.be\/wp-content\/uploads\/2021\/08\/elements_algebre_1.jpg","datePublished":"2021-08-22T12:31:55+00:00","dateModified":"2021-10-24T13:07:19+00:00","description":"\u00c9l\u00e9ments d'alg\u00e8bre par N. -J. Schons (1974) est disponible en seconde main. Disponible sur place sur r\u00e9servation ou via livraison.","breadcrumb":{"@id":"https:\/\/chtululu.be\/index.php\/produit\/elements-dalgebre-n-j-schons\/#breadcrumb"},"inLanguage":"fr-FR","potentialAction":[{"@type":"ReadAction","target":["https:\/\/chtululu.be\/index.php\/produit\/elements-dalgebre-n-j-schons\/"]}]},{"@type":"ImageObject","inLanguage":"fr-FR","@id":"https:\/\/chtululu.be\/index.php\/produit\/elements-dalgebre-n-j-schons\/#primaryimage","url":"https:\/\/chtululu.be\/wp-content\/uploads\/2021\/08\/elements_algebre_1.jpg","contentUrl":"https:\/\/chtululu.be\/wp-content\/uploads\/2021\/08\/elements_algebre_1.jpg","width":500,"height":500,"caption":"\u00e9l\u00e9ments d'alg\u00e8bre"},{"@type":"BreadcrumbList","@id":"https:\/\/chtululu.be\/index.php\/produit\/elements-dalgebre-n-j-schons\/#breadcrumb","itemListElement":[{"@type":"ListItem","position":1,"name":"Accueil","item":"https:\/\/chtululu.be\/"},{"@type":"ListItem","position":2,"name":"Les livres","item":"https:\/\/chtululu.be\/index.php\/livres-doccasion\/"},{"@type":"ListItem","position":3,"name":"\u00c9l\u00e9ments d&rsquo;alg\u00e8bre (N. -J. Schons)"}]},{"@type":"WebSite","@id":"https:\/\/chtululu.be\/#website","url":"https:\/\/chtululu.be\/","name":"Le Chtululu","description":"Votre librairie de seconde main \u00e0 Soignies","publisher":{"@id":"https:\/\/chtululu.be\/#organization"},"potentialAction":[{"@type":"SearchAction","target":{"@type":"EntryPoint","urlTemplate":"https:\/\/chtululu.be\/?s={search_term_string}"},"query-input":{"@type":"PropertyValueSpecification","valueRequired":true,"valueName":"search_term_string"}}],"inLanguage":"fr-FR"},{"@type":"Organization","@id":"https:\/\/chtululu.be\/#organization","name":"Le Chtululu","url":"https:\/\/chtululu.be\/","logo":{"@type":"ImageObject","inLanguage":"fr-FR","@id":"https:\/\/chtululu.be\/#\/schema\/logo\/image\/","url":"https:\/\/chtululu.be\/wp-content\/uploads\/2016\/05\/logo-def-blanc.jpg","contentUrl":"https:\/\/chtululu.be\/wp-content\/uploads\/2016\/05\/logo-def-blanc.jpg","width":2048,"height":1901,"caption":"Le Chtululu"},"image":{"@id":"https:\/\/chtululu.be\/#\/schema\/logo\/image\/"}}]}},"_links":{"self":[{"href":"https:\/\/chtululu.be\/index.php\/wp-json\/wp\/v2\/product\/2761","targetHints":{"allow":["GET"]}}],"collection":[{"href":"https:\/\/chtululu.be\/index.php\/wp-json\/wp\/v2\/product"}],"about":[{"href":"https:\/\/chtululu.be\/index.php\/wp-json\/wp\/v2\/types\/product"}],"wp:featuredmedia":[{"embeddable":true,"href":"https:\/\/chtululu.be\/index.php\/wp-json\/wp\/v2\/media\/2762"}],"wp:attachment":[{"href":"https:\/\/chtululu.be\/index.php\/wp-json\/wp\/v2\/media?parent=2761"}],"wp:term":[{"taxonomy":"product_brand","embeddable":true,"href":"https:\/\/chtululu.be\/index.php\/wp-json\/wp\/v2\/product_brand?post=2761"},{"taxonomy":"product_cat","embeddable":true,"href":"https:\/\/chtululu.be\/index.php\/wp-json\/wp\/v2\/product_cat?post=2761"},{"taxonomy":"product_tag","embeddable":true,"href":"https:\/\/chtululu.be\/index.php\/wp-json\/wp\/v2\/product_tag?post=2761"}],"curies":[{"name":"wp","href":"https:\/\/api.w.org\/{rel}","templated":true}]}}