{"id":2730,"date":"2021-08-18T14:00:52","date_gmt":"2021-08-18T13:00:52","guid":{"rendered":"https:\/\/chtululu.be\/?post_type=product&#038;p=2730"},"modified":"2021-08-18T14:22:58","modified_gmt":"2021-08-18T13:22:58","slug":"la-fille-demantelee-de-jacqueline-harpman","status":"publish","type":"product","link":"https:\/\/chtululu.be\/index.php\/produit\/la-fille-demantelee-de-jacqueline-harpman\/","title":{"rendered":"La fille d\u00e9mantel\u00e9e de Jacqueline Harpman"},"content":{"rendered":"<h2>La fille d\u00e9mantel\u00e9e de Jacqueline Harpman<\/h2>\n<p>(\u00e9d. Labor, coll. Espace nord)<\/p>\n<p>&nbsp;<\/p>\n<p>\u00ab Mais comment tue-t-on sa m\u00e8re quand elle est d\u00e9j\u00e0 morte ? \u00bb Edm\u00e9e va tenter de le faire en racontant leur histoire : chaque mot est un cri pour se d\u00e9livrer de Rose, cette m\u00e8re dans la lign\u00e9e de Mme Lepic et de Folcoche. Elle va la mettre \u00e0 nu et en tracer un portrait terrible. Dure, \u00e9go\u00efste, Rose a \u00e9t\u00e9 une enfant mal aim\u00e9e. Et Edm\u00e9e, dans ses tentatives d\u2019\u00e9lucidation, livre ici un violent r\u00e9quisitoire contre une relation de haine et d\u2019amour qui l\u2019a marqu\u00e9e \u00e0 jamais.<\/p>\n","protected":false},"excerpt":{"rendered":"<p>La fille d\u00e9mantel\u00e9e de Jacqueline Harpman<\/p>\n","protected":false},"featured_media":2731,"template":"","meta":{"_acf_changed":false,"_exactmetrics_skip_tracking":false,"_exactmetrics_sitenote_active":false,"_exactmetrics_sitenote_note":"","_exactmetrics_sitenote_category":0},"product_brand":[],"product_cat":[24],"product_tag":[96,442,447],"class_list":{"0":"post-2730","1":"product","2":"type-product","3":"status-publish","4":"has-post-thumbnail","6":"product_cat-roman","7":"product_tag-belge","8":"product_tag-espace-nord","9":"product_tag-harpman-jacqueline","11":"first","12":"instock","13":"featured","14":"taxable","15":"shipping-taxable","16":"purchasable","17":"product-type-simple"},"acf":[],"yoast_head":"<!-- This site is optimized with the Yoast SEO plugin v26.6 - https:\/\/yoast.com\/wordpress\/plugins\/seo\/ -->\n<title>La fille d\u00e9mantel\u00e9e de Jacqueline Harpman au Chtululu<\/title>\n<meta name=\"description\" content=\"La fille d\u00e9mantel\u00e9e de Jacqueline Harpman en seconde main. Disponible sur place sur r\u00e9servation ou via livraison.\" \/>\n<meta name=\"robots\" content=\"index, follow, max-snippet:-1, max-image-preview:large, max-video-preview:-1\" \/>\n<link rel=\"canonical\" href=\"https:\/\/chtululu.be\/index.php\/produit\/la-fille-demantelee-de-jacqueline-harpman\/\" \/>\n<meta property=\"og:locale\" content=\"fr_FR\" \/>\n<meta property=\"og:type\" content=\"article\" \/>\n<meta property=\"og:title\" content=\"La fille d\u00e9mantel\u00e9e de Jacqueline Harpman au Chtululu\" \/>\n<meta property=\"og:description\" content=\"La fille d\u00e9mantel\u00e9e de Jacqueline Harpman en seconde main. Disponible sur place sur r\u00e9servation ou via livraison.\" \/>\n<meta property=\"og:url\" content=\"https:\/\/chtululu.be\/index.php\/produit\/la-fille-demantelee-de-jacqueline-harpman\/\" \/>\n<meta property=\"og:site_name\" content=\"Le Chtululu\" \/>\n<meta property=\"article:modified_time\" content=\"2021-08-18T13:22:58+00:00\" \/>\n<meta property=\"og:image\" content=\"https:\/\/chtululu.be\/wp-content\/uploads\/2021\/08\/harpman-fille.png\" \/>\n\t<meta property=\"og:image:width\" content=\"500\" \/>\n\t<meta property=\"og:image:height\" content=\"500\" \/>\n\t<meta property=\"og:image:type\" content=\"image\/png\" \/>\n<meta name=\"twitter:card\" content=\"summary_large_image\" \/>\n<meta name=\"twitter:label1\" content=\"Dur\u00e9e de lecture estim\u00e9e\" \/>\n\t<meta name=\"twitter:data1\" content=\"1 minute\" \/>\n<script type=\"application\/ld+json\" class=\"yoast-schema-graph\">{\"@context\":\"https:\/\/schema.org\",\"@graph\":[{\"@type\":\"WebPage\",\"@id\":\"https:\/\/chtululu.be\/index.php\/produit\/la-fille-demantelee-de-jacqueline-harpman\/\",\"url\":\"https:\/\/chtululu.be\/index.php\/produit\/la-fille-demantelee-de-jacqueline-harpman\/\",\"name\":\"La fille d\u00e9mantel\u00e9e de Jacqueline Harpman au Chtululu\",\"isPartOf\":{\"@id\":\"https:\/\/chtululu.be\/#website\"},\"primaryImageOfPage\":{\"@id\":\"https:\/\/chtululu.be\/index.php\/produit\/la-fille-demantelee-de-jacqueline-harpman\/#primaryimage\"},\"image\":{\"@id\":\"https:\/\/chtululu.be\/index.php\/produit\/la-fille-demantelee-de-jacqueline-harpman\/#primaryimage\"},\"thumbnailUrl\":\"https:\/\/chtululu.be\/wp-content\/uploads\/2021\/08\/harpman-fille.png\",\"datePublished\":\"2021-08-18T13:00:52+00:00\",\"dateModified\":\"2021-08-18T13:22:58+00:00\",\"description\":\"La fille d\u00e9mantel\u00e9e de Jacqueline Harpman en seconde main. Disponible sur place sur r\u00e9servation ou via livraison.\",\"breadcrumb\":{\"@id\":\"https:\/\/chtululu.be\/index.php\/produit\/la-fille-demantelee-de-jacqueline-harpman\/#breadcrumb\"},\"inLanguage\":\"fr-FR\",\"potentialAction\":[{\"@type\":\"ReadAction\",\"target\":[\"https:\/\/chtululu.be\/index.php\/produit\/la-fille-demantelee-de-jacqueline-harpman\/\"]}]},{\"@type\":\"ImageObject\",\"inLanguage\":\"fr-FR\",\"@id\":\"https:\/\/chtululu.be\/index.php\/produit\/la-fille-demantelee-de-jacqueline-harpman\/#primaryimage\",\"url\":\"https:\/\/chtululu.be\/wp-content\/uploads\/2021\/08\/harpman-fille.png\",\"contentUrl\":\"https:\/\/chtululu.be\/wp-content\/uploads\/2021\/08\/harpman-fille.png\",\"width\":500,\"height\":500,\"caption\":\"Jacqueline Harpman\"},{\"@type\":\"BreadcrumbList\",\"@id\":\"https:\/\/chtululu.be\/index.php\/produit\/la-fille-demantelee-de-jacqueline-harpman\/#breadcrumb\",\"itemListElement\":[{\"@type\":\"ListItem\",\"position\":1,\"name\":\"Accueil\",\"item\":\"https:\/\/chtululu.be\/\"},{\"@type\":\"ListItem\",\"position\":2,\"name\":\"Les livres\",\"item\":\"https:\/\/chtululu.be\/index.php\/livres-doccasion\/\"},{\"@type\":\"ListItem\",\"position\":3,\"name\":\"La fille d\u00e9mantel\u00e9e de Jacqueline Harpman\"}]},{\"@type\":\"WebSite\",\"@id\":\"https:\/\/chtululu.be\/#website\",\"url\":\"https:\/\/chtululu.be\/\",\"name\":\"Le Chtululu\",\"description\":\"Votre librairie de seconde main \u00e0 Soignies\",\"publisher\":{\"@id\":\"https:\/\/chtululu.be\/#organization\"},\"potentialAction\":[{\"@type\":\"SearchAction\",\"target\":{\"@type\":\"EntryPoint\",\"urlTemplate\":\"https:\/\/chtululu.be\/?s={search_term_string}\"},\"query-input\":{\"@type\":\"PropertyValueSpecification\",\"valueRequired\":true,\"valueName\":\"search_term_string\"}}],\"inLanguage\":\"fr-FR\"},{\"@type\":\"Organization\",\"@id\":\"https:\/\/chtululu.be\/#organization\",\"name\":\"Le Chtululu\",\"url\":\"https:\/\/chtululu.be\/\",\"logo\":{\"@type\":\"ImageObject\",\"inLanguage\":\"fr-FR\",\"@id\":\"https:\/\/chtululu.be\/#\/schema\/logo\/image\/\",\"url\":\"https:\/\/chtululu.be\/wp-content\/uploads\/2016\/05\/logo-def-blanc.jpg\",\"contentUrl\":\"https:\/\/chtululu.be\/wp-content\/uploads\/2016\/05\/logo-def-blanc.jpg\",\"width\":2048,\"height\":1901,\"caption\":\"Le Chtululu\"},\"image\":{\"@id\":\"https:\/\/chtululu.be\/#\/schema\/logo\/image\/\"}}]}<\/script>\n<!-- \/ Yoast SEO plugin. -->","yoast_head_json":{"title":"La fille d\u00e9mantel\u00e9e de Jacqueline Harpman au Chtululu","description":"La fille d\u00e9mantel\u00e9e de Jacqueline Harpman en seconde main. Disponible sur place sur r\u00e9servation ou via livraison.","robots":{"index":"index","follow":"follow","max-snippet":"max-snippet:-1","max-image-preview":"max-image-preview:large","max-video-preview":"max-video-preview:-1"},"canonical":"https:\/\/chtululu.be\/index.php\/produit\/la-fille-demantelee-de-jacqueline-harpman\/","og_locale":"fr_FR","og_type":"article","og_title":"La fille d\u00e9mantel\u00e9e de Jacqueline Harpman au Chtululu","og_description":"La fille d\u00e9mantel\u00e9e de Jacqueline Harpman en seconde main. Disponible sur place sur r\u00e9servation ou via livraison.","og_url":"https:\/\/chtululu.be\/index.php\/produit\/la-fille-demantelee-de-jacqueline-harpman\/","og_site_name":"Le Chtululu","article_modified_time":"2021-08-18T13:22:58+00:00","og_image":[{"width":500,"height":500,"url":"https:\/\/chtululu.be\/wp-content\/uploads\/2021\/08\/harpman-fille.png","type":"image\/png"}],"twitter_card":"summary_large_image","twitter_misc":{"Dur\u00e9e de lecture estim\u00e9e":"1 minute"},"schema":{"@context":"https:\/\/schema.org","@graph":[{"@type":"WebPage","@id":"https:\/\/chtululu.be\/index.php\/produit\/la-fille-demantelee-de-jacqueline-harpman\/","url":"https:\/\/chtululu.be\/index.php\/produit\/la-fille-demantelee-de-jacqueline-harpman\/","name":"La fille d\u00e9mantel\u00e9e de Jacqueline Harpman au Chtululu","isPartOf":{"@id":"https:\/\/chtululu.be\/#website"},"primaryImageOfPage":{"@id":"https:\/\/chtululu.be\/index.php\/produit\/la-fille-demantelee-de-jacqueline-harpman\/#primaryimage"},"image":{"@id":"https:\/\/chtululu.be\/index.php\/produit\/la-fille-demantelee-de-jacqueline-harpman\/#primaryimage"},"thumbnailUrl":"https:\/\/chtululu.be\/wp-content\/uploads\/2021\/08\/harpman-fille.png","datePublished":"2021-08-18T13:00:52+00:00","dateModified":"2021-08-18T13:22:58+00:00","description":"La fille d\u00e9mantel\u00e9e de Jacqueline Harpman en seconde main. Disponible sur place sur r\u00e9servation ou via livraison.","breadcrumb":{"@id":"https:\/\/chtululu.be\/index.php\/produit\/la-fille-demantelee-de-jacqueline-harpman\/#breadcrumb"},"inLanguage":"fr-FR","potentialAction":[{"@type":"ReadAction","target":["https:\/\/chtululu.be\/index.php\/produit\/la-fille-demantelee-de-jacqueline-harpman\/"]}]},{"@type":"ImageObject","inLanguage":"fr-FR","@id":"https:\/\/chtululu.be\/index.php\/produit\/la-fille-demantelee-de-jacqueline-harpman\/#primaryimage","url":"https:\/\/chtululu.be\/wp-content\/uploads\/2021\/08\/harpman-fille.png","contentUrl":"https:\/\/chtululu.be\/wp-content\/uploads\/2021\/08\/harpman-fille.png","width":500,"height":500,"caption":"Jacqueline Harpman"},{"@type":"BreadcrumbList","@id":"https:\/\/chtululu.be\/index.php\/produit\/la-fille-demantelee-de-jacqueline-harpman\/#breadcrumb","itemListElement":[{"@type":"ListItem","position":1,"name":"Accueil","item":"https:\/\/chtululu.be\/"},{"@type":"ListItem","position":2,"name":"Les livres","item":"https:\/\/chtululu.be\/index.php\/livres-doccasion\/"},{"@type":"ListItem","position":3,"name":"La fille d\u00e9mantel\u00e9e de Jacqueline Harpman"}]},{"@type":"WebSite","@id":"https:\/\/chtululu.be\/#website","url":"https:\/\/chtululu.be\/","name":"Le Chtululu","description":"Votre librairie de seconde main \u00e0 Soignies","publisher":{"@id":"https:\/\/chtululu.be\/#organization"},"potentialAction":[{"@type":"SearchAction","target":{"@type":"EntryPoint","urlTemplate":"https:\/\/chtululu.be\/?s={search_term_string}"},"query-input":{"@type":"PropertyValueSpecification","valueRequired":true,"valueName":"search_term_string"}}],"inLanguage":"fr-FR"},{"@type":"Organization","@id":"https:\/\/chtululu.be\/#organization","name":"Le Chtululu","url":"https:\/\/chtululu.be\/","logo":{"@type":"ImageObject","inLanguage":"fr-FR","@id":"https:\/\/chtululu.be\/#\/schema\/logo\/image\/","url":"https:\/\/chtululu.be\/wp-content\/uploads\/2016\/05\/logo-def-blanc.jpg","contentUrl":"https:\/\/chtululu.be\/wp-content\/uploads\/2016\/05\/logo-def-blanc.jpg","width":2048,"height":1901,"caption":"Le Chtululu"},"image":{"@id":"https:\/\/chtululu.be\/#\/schema\/logo\/image\/"}}]}},"_links":{"self":[{"href":"https:\/\/chtululu.be\/index.php\/wp-json\/wp\/v2\/product\/2730","targetHints":{"allow":["GET"]}}],"collection":[{"href":"https:\/\/chtululu.be\/index.php\/wp-json\/wp\/v2\/product"}],"about":[{"href":"https:\/\/chtululu.be\/index.php\/wp-json\/wp\/v2\/types\/product"}],"wp:featuredmedia":[{"embeddable":true,"href":"https:\/\/chtululu.be\/index.php\/wp-json\/wp\/v2\/media\/2731"}],"wp:attachment":[{"href":"https:\/\/chtululu.be\/index.php\/wp-json\/wp\/v2\/media?parent=2730"}],"wp:term":[{"taxonomy":"product_brand","embeddable":true,"href":"https:\/\/chtululu.be\/index.php\/wp-json\/wp\/v2\/product_brand?post=2730"},{"taxonomy":"product_cat","embeddable":true,"href":"https:\/\/chtululu.be\/index.php\/wp-json\/wp\/v2\/product_cat?post=2730"},{"taxonomy":"product_tag","embeddable":true,"href":"https:\/\/chtululu.be\/index.php\/wp-json\/wp\/v2\/product_tag?post=2730"}],"curies":[{"name":"wp","href":"https:\/\/api.w.org\/{rel}","templated":true}]}}