{"id":2727,"date":"2021-08-18T13:55:34","date_gmt":"2021-08-18T12:55:34","guid":{"rendered":"https:\/\/chtululu.be\/?post_type=product&#038;p=2727"},"modified":"2021-08-21T13:28:04","modified_gmt":"2021-08-21T12:28:04","slug":"nicole-malinconi","status":"publish","type":"product","link":"https:\/\/chtululu.be\/index.php\/produit\/nicole-malinconi\/","title":{"rendered":"Nous deux &#8211; Da Solo de Nicole Malinconi"},"content":{"rendered":"<h2>Nous deux &#8211; Da Solo de Nicole Malinconi<\/h2>\n<p>(\u00e9d. Labor, coll. Espace nord)<\/p>\n<p>&nbsp;<\/p>\n<p>Nous deux : \u00ab Un jour, j\u2019ai \u00e9crit l\u2019histoire de ma m\u00e8re. Je l\u2019ai \u00e9crite apr\u00e8s sa mort car, de son vivant nous n\u2019avions pu, elle et moi, nous parler de l\u2019amour et de la haine qui nous unissaient, qui faisaient de nous deux quelque chose de confondu.\u00bb<\/p>\n<p>Da solo : \u00ab Un vieil homme, arriv\u00e9 tr\u00e8s loin dans l\u2019\u00e2ge, est seul, sans sa femme Lyse qui est partie la premi\u00e8re, et sans sa fille Lisa qui parfois vient le voir. Il y a de nombreuses ann\u00e9es, il avait quitt\u00e9 son village d\u2019Italie parce que depuis l\u2019enfance, il \u00e9tait pris par le d\u00e9sir d\u2019aller voir derri\u00e8re les collines et plus loin encore.\u00a0Il se parle \u00e0 lui-m\u00eame pour se rem\u00e9morer sa vie. Car m\u00eame sans la force d\u2019encore faire grand-chose, le vieil homme a gard\u00e9 la force de la pens\u00e9e.\u00bb<\/p>\n","protected":false},"excerpt":{"rendered":"<p>Nous deux &#8211; Da Solo de Nicole Malinconi<\/p>\n","protected":false},"featured_media":2728,"template":"","meta":{"_acf_changed":false,"_exactmetrics_skip_tracking":false,"_exactmetrics_sitenote_active":false,"_exactmetrics_sitenote_note":"","_exactmetrics_sitenote_category":0},"product_brand":[],"product_cat":[24],"product_tag":[96,442,448],"class_list":{"0":"post-2727","1":"product","2":"type-product","3":"status-publish","4":"has-post-thumbnail","6":"product_cat-roman","7":"product_tag-belge","8":"product_tag-espace-nord","9":"product_tag-malinconi-nicole","11":"first","12":"instock","13":"featured","14":"taxable","15":"shipping-taxable","16":"purchasable","17":"product-type-simple"},"acf":[],"yoast_head":"<!-- This site is optimized with the Yoast SEO plugin v26.6 - https:\/\/yoast.com\/wordpress\/plugins\/seo\/ -->\n<title>Nous deux - Da Solo de Nicole Malinconi au Chtululu<\/title>\n<meta name=\"description\" content=\"D\u00e9couvrez Nous deux - Da Solo de Nicole Malinconi en seconde main. Disponible sur r\u00e9servation ou via livraison.\" \/>\n<meta name=\"robots\" content=\"index, follow, max-snippet:-1, max-image-preview:large, max-video-preview:-1\" \/>\n<link rel=\"canonical\" href=\"https:\/\/chtululu.be\/index.php\/produit\/nicole-malinconi\/\" \/>\n<meta property=\"og:locale\" content=\"fr_FR\" \/>\n<meta property=\"og:type\" content=\"article\" \/>\n<meta property=\"og:title\" content=\"Nous deux - Da Solo de Nicole Malinconi au Chtululu\" \/>\n<meta property=\"og:description\" content=\"D\u00e9couvrez Nous deux - Da Solo de Nicole Malinconi en seconde main. Disponible sur r\u00e9servation ou via livraison.\" \/>\n<meta property=\"og:url\" content=\"https:\/\/chtululu.be\/index.php\/produit\/nicole-malinconi\/\" \/>\n<meta property=\"og:site_name\" content=\"Le Chtululu\" \/>\n<meta property=\"article:modified_time\" content=\"2021-08-21T12:28:04+00:00\" \/>\n<meta property=\"og:image\" content=\"https:\/\/chtululu.be\/wp-content\/uploads\/2021\/08\/Nous-deux-Da-Solo-de-Nicole-Malinconi.png\" \/>\n\t<meta property=\"og:image:width\" content=\"500\" \/>\n\t<meta property=\"og:image:height\" content=\"500\" \/>\n\t<meta property=\"og:image:type\" content=\"image\/png\" \/>\n<meta name=\"twitter:card\" content=\"summary_large_image\" \/>\n<meta name=\"twitter:label1\" content=\"Dur\u00e9e de lecture estim\u00e9e\" \/>\n\t<meta name=\"twitter:data1\" content=\"1 minute\" \/>\n<script type=\"application\/ld+json\" class=\"yoast-schema-graph\">{\"@context\":\"https:\/\/schema.org\",\"@graph\":[{\"@type\":\"WebPage\",\"@id\":\"https:\/\/chtululu.be\/index.php\/produit\/nicole-malinconi\/\",\"url\":\"https:\/\/chtululu.be\/index.php\/produit\/nicole-malinconi\/\",\"name\":\"Nous deux - Da Solo de Nicole Malinconi au Chtululu\",\"isPartOf\":{\"@id\":\"https:\/\/chtululu.be\/#website\"},\"primaryImageOfPage\":{\"@id\":\"https:\/\/chtululu.be\/index.php\/produit\/nicole-malinconi\/#primaryimage\"},\"image\":{\"@id\":\"https:\/\/chtululu.be\/index.php\/produit\/nicole-malinconi\/#primaryimage\"},\"thumbnailUrl\":\"https:\/\/chtululu.be\/wp-content\/uploads\/2021\/08\/Nous-deux-Da-Solo-de-Nicole-Malinconi.png\",\"datePublished\":\"2021-08-18T12:55:34+00:00\",\"dateModified\":\"2021-08-21T12:28:04+00:00\",\"description\":\"D\u00e9couvrez Nous deux - Da Solo de Nicole Malinconi en seconde main. Disponible sur r\u00e9servation ou via livraison.\",\"breadcrumb\":{\"@id\":\"https:\/\/chtululu.be\/index.php\/produit\/nicole-malinconi\/#breadcrumb\"},\"inLanguage\":\"fr-FR\",\"potentialAction\":[{\"@type\":\"ReadAction\",\"target\":[\"https:\/\/chtululu.be\/index.php\/produit\/nicole-malinconi\/\"]}]},{\"@type\":\"ImageObject\",\"inLanguage\":\"fr-FR\",\"@id\":\"https:\/\/chtululu.be\/index.php\/produit\/nicole-malinconi\/#primaryimage\",\"url\":\"https:\/\/chtululu.be\/wp-content\/uploads\/2021\/08\/Nous-deux-Da-Solo-de-Nicole-Malinconi.png\",\"contentUrl\":\"https:\/\/chtululu.be\/wp-content\/uploads\/2021\/08\/Nous-deux-Da-Solo-de-Nicole-Malinconi.png\",\"width\":500,\"height\":500,\"caption\":\"Nicole Malinconi\"},{\"@type\":\"BreadcrumbList\",\"@id\":\"https:\/\/chtululu.be\/index.php\/produit\/nicole-malinconi\/#breadcrumb\",\"itemListElement\":[{\"@type\":\"ListItem\",\"position\":1,\"name\":\"Accueil\",\"item\":\"https:\/\/chtululu.be\/\"},{\"@type\":\"ListItem\",\"position\":2,\"name\":\"Les livres\",\"item\":\"https:\/\/chtululu.be\/index.php\/livres-doccasion\/\"},{\"@type\":\"ListItem\",\"position\":3,\"name\":\"Nous deux &#8211; Da Solo de Nicole Malinconi\"}]},{\"@type\":\"WebSite\",\"@id\":\"https:\/\/chtululu.be\/#website\",\"url\":\"https:\/\/chtululu.be\/\",\"name\":\"Le Chtululu\",\"description\":\"Votre librairie de seconde main \u00e0 Soignies\",\"publisher\":{\"@id\":\"https:\/\/chtululu.be\/#organization\"},\"potentialAction\":[{\"@type\":\"SearchAction\",\"target\":{\"@type\":\"EntryPoint\",\"urlTemplate\":\"https:\/\/chtululu.be\/?s={search_term_string}\"},\"query-input\":{\"@type\":\"PropertyValueSpecification\",\"valueRequired\":true,\"valueName\":\"search_term_string\"}}],\"inLanguage\":\"fr-FR\"},{\"@type\":\"Organization\",\"@id\":\"https:\/\/chtululu.be\/#organization\",\"name\":\"Le Chtululu\",\"url\":\"https:\/\/chtululu.be\/\",\"logo\":{\"@type\":\"ImageObject\",\"inLanguage\":\"fr-FR\",\"@id\":\"https:\/\/chtululu.be\/#\/schema\/logo\/image\/\",\"url\":\"https:\/\/chtululu.be\/wp-content\/uploads\/2016\/05\/logo-def-blanc.jpg\",\"contentUrl\":\"https:\/\/chtululu.be\/wp-content\/uploads\/2016\/05\/logo-def-blanc.jpg\",\"width\":2048,\"height\":1901,\"caption\":\"Le Chtululu\"},\"image\":{\"@id\":\"https:\/\/chtululu.be\/#\/schema\/logo\/image\/\"}}]}<\/script>\n<!-- \/ Yoast SEO plugin. -->","yoast_head_json":{"title":"Nous deux - Da Solo de Nicole Malinconi au Chtululu","description":"D\u00e9couvrez Nous deux - Da Solo de Nicole Malinconi en seconde main. Disponible sur r\u00e9servation ou via livraison.","robots":{"index":"index","follow":"follow","max-snippet":"max-snippet:-1","max-image-preview":"max-image-preview:large","max-video-preview":"max-video-preview:-1"},"canonical":"https:\/\/chtululu.be\/index.php\/produit\/nicole-malinconi\/","og_locale":"fr_FR","og_type":"article","og_title":"Nous deux - Da Solo de Nicole Malinconi au Chtululu","og_description":"D\u00e9couvrez Nous deux - Da Solo de Nicole Malinconi en seconde main. Disponible sur r\u00e9servation ou via livraison.","og_url":"https:\/\/chtululu.be\/index.php\/produit\/nicole-malinconi\/","og_site_name":"Le Chtululu","article_modified_time":"2021-08-21T12:28:04+00:00","og_image":[{"width":500,"height":500,"url":"https:\/\/chtululu.be\/wp-content\/uploads\/2021\/08\/Nous-deux-Da-Solo-de-Nicole-Malinconi.png","type":"image\/png"}],"twitter_card":"summary_large_image","twitter_misc":{"Dur\u00e9e de lecture estim\u00e9e":"1 minute"},"schema":{"@context":"https:\/\/schema.org","@graph":[{"@type":"WebPage","@id":"https:\/\/chtululu.be\/index.php\/produit\/nicole-malinconi\/","url":"https:\/\/chtululu.be\/index.php\/produit\/nicole-malinconi\/","name":"Nous deux - Da Solo de Nicole Malinconi au Chtululu","isPartOf":{"@id":"https:\/\/chtululu.be\/#website"},"primaryImageOfPage":{"@id":"https:\/\/chtululu.be\/index.php\/produit\/nicole-malinconi\/#primaryimage"},"image":{"@id":"https:\/\/chtululu.be\/index.php\/produit\/nicole-malinconi\/#primaryimage"},"thumbnailUrl":"https:\/\/chtululu.be\/wp-content\/uploads\/2021\/08\/Nous-deux-Da-Solo-de-Nicole-Malinconi.png","datePublished":"2021-08-18T12:55:34+00:00","dateModified":"2021-08-21T12:28:04+00:00","description":"D\u00e9couvrez Nous deux - Da Solo de Nicole Malinconi en seconde main. Disponible sur r\u00e9servation ou via livraison.","breadcrumb":{"@id":"https:\/\/chtululu.be\/index.php\/produit\/nicole-malinconi\/#breadcrumb"},"inLanguage":"fr-FR","potentialAction":[{"@type":"ReadAction","target":["https:\/\/chtululu.be\/index.php\/produit\/nicole-malinconi\/"]}]},{"@type":"ImageObject","inLanguage":"fr-FR","@id":"https:\/\/chtululu.be\/index.php\/produit\/nicole-malinconi\/#primaryimage","url":"https:\/\/chtululu.be\/wp-content\/uploads\/2021\/08\/Nous-deux-Da-Solo-de-Nicole-Malinconi.png","contentUrl":"https:\/\/chtululu.be\/wp-content\/uploads\/2021\/08\/Nous-deux-Da-Solo-de-Nicole-Malinconi.png","width":500,"height":500,"caption":"Nicole Malinconi"},{"@type":"BreadcrumbList","@id":"https:\/\/chtululu.be\/index.php\/produit\/nicole-malinconi\/#breadcrumb","itemListElement":[{"@type":"ListItem","position":1,"name":"Accueil","item":"https:\/\/chtululu.be\/"},{"@type":"ListItem","position":2,"name":"Les livres","item":"https:\/\/chtululu.be\/index.php\/livres-doccasion\/"},{"@type":"ListItem","position":3,"name":"Nous deux &#8211; Da Solo de Nicole Malinconi"}]},{"@type":"WebSite","@id":"https:\/\/chtululu.be\/#website","url":"https:\/\/chtululu.be\/","name":"Le Chtululu","description":"Votre librairie de seconde main \u00e0 Soignies","publisher":{"@id":"https:\/\/chtululu.be\/#organization"},"potentialAction":[{"@type":"SearchAction","target":{"@type":"EntryPoint","urlTemplate":"https:\/\/chtululu.be\/?s={search_term_string}"},"query-input":{"@type":"PropertyValueSpecification","valueRequired":true,"valueName":"search_term_string"}}],"inLanguage":"fr-FR"},{"@type":"Organization","@id":"https:\/\/chtululu.be\/#organization","name":"Le Chtululu","url":"https:\/\/chtululu.be\/","logo":{"@type":"ImageObject","inLanguage":"fr-FR","@id":"https:\/\/chtululu.be\/#\/schema\/logo\/image\/","url":"https:\/\/chtululu.be\/wp-content\/uploads\/2016\/05\/logo-def-blanc.jpg","contentUrl":"https:\/\/chtululu.be\/wp-content\/uploads\/2016\/05\/logo-def-blanc.jpg","width":2048,"height":1901,"caption":"Le Chtululu"},"image":{"@id":"https:\/\/chtululu.be\/#\/schema\/logo\/image\/"}}]}},"_links":{"self":[{"href":"https:\/\/chtululu.be\/index.php\/wp-json\/wp\/v2\/product\/2727","targetHints":{"allow":["GET"]}}],"collection":[{"href":"https:\/\/chtululu.be\/index.php\/wp-json\/wp\/v2\/product"}],"about":[{"href":"https:\/\/chtululu.be\/index.php\/wp-json\/wp\/v2\/types\/product"}],"wp:featuredmedia":[{"embeddable":true,"href":"https:\/\/chtululu.be\/index.php\/wp-json\/wp\/v2\/media\/2728"}],"wp:attachment":[{"href":"https:\/\/chtululu.be\/index.php\/wp-json\/wp\/v2\/media?parent=2727"}],"wp:term":[{"taxonomy":"product_brand","embeddable":true,"href":"https:\/\/chtululu.be\/index.php\/wp-json\/wp\/v2\/product_brand?post=2727"},{"taxonomy":"product_cat","embeddable":true,"href":"https:\/\/chtululu.be\/index.php\/wp-json\/wp\/v2\/product_cat?post=2727"},{"taxonomy":"product_tag","embeddable":true,"href":"https:\/\/chtululu.be\/index.php\/wp-json\/wp\/v2\/product_tag?post=2727"}],"curies":[{"name":"wp","href":"https:\/\/api.w.org\/{rel}","templated":true}]}}