{"id":2724,"date":"2021-08-18T13:49:31","date_gmt":"2021-08-18T12:49:31","guid":{"rendered":"https:\/\/chtululu.be\/?post_type=product&#038;p=2724"},"modified":"2021-08-21T13:22:12","modified_gmt":"2021-08-21T12:22:12","slug":"jusquau-dernier-jour-de-mes-jours","status":"publish","type":"product","link":"https:\/\/chtululu.be\/index.php\/produit\/jusquau-dernier-jour-de-mes-jours\/","title":{"rendered":"Jusqu&rsquo;au dernier jour de mes jours de Jacqueline Harpman"},"content":{"rendered":"<h2>Jusqu&rsquo;au dernier jour de mes jours de Jacqueline Harpman<\/h2>\n<p>(coll. Espace nord)<\/p>\n<p>&nbsp;<\/p>\n<p>S\u2019il \u00e9tait donn\u00e9 \u00e0 Jacqueline Harpman de choisir l\u2019objet de sa r\u00e9incarnation, \u00e0 coup s\u00fbr, elle serait une femme. Mais quelle femme ? Celle qui, comme dans la nouvelle qui inaugure le recueil, se bat aux c\u00f4t\u00e9s d\u2019hommes et de femmes pour venger la mort de son p\u00e8re et celle d\u2019autres r\u00e9sistants ? Ou encore celle qui, par peur de vieillir, enfante \u00e0 pr\u00e8s de soixante ans et se condamne elle-m\u00eame ainsi que son enfant \u00e0 vivre \u00e0 l\u2019\u00e9cart du monde ? Ou bien encore celle qui sauva, \u00e0 sa fa\u00e7on, les vierges de son pays des griffes du dragon ?<br \/>\nAutant d\u2019histoires singuli\u00e8res qui ont toutes pour fil rouge des destins de femmes.<\/p>\n","protected":false},"excerpt":{"rendered":"<p>Jusqu&rsquo;au dernier jour de mes jours de Jacqueline Harpman<\/p>\n","protected":false},"featured_media":2725,"template":"","meta":{"_acf_changed":false,"_exactmetrics_skip_tracking":false,"_exactmetrics_sitenote_active":false,"_exactmetrics_sitenote_note":"","_exactmetrics_sitenote_category":0},"product_brand":[],"product_cat":[24],"product_tag":[96,442,447],"class_list":{"0":"post-2724","1":"product","2":"type-product","3":"status-publish","4":"has-post-thumbnail","6":"product_cat-roman","7":"product_tag-belge","8":"product_tag-espace-nord","9":"product_tag-harpman-jacqueline","11":"first","12":"instock","13":"featured","14":"taxable","15":"shipping-taxable","16":"purchasable","17":"product-type-simple"},"acf":[],"yoast_head":"<!-- This site is optimized with the Yoast SEO plugin v26.6 - https:\/\/yoast.com\/wordpress\/plugins\/seo\/ -->\n<title>Jusqu&#039;au dernier jour de mes jours de Jacqueline Harpman au Chtululu<\/title>\n<meta name=\"description\" content=\"D\u00e9couvrez Jusqu&#039;au dernier jour de mes jours de J. Harpman en seconde main. Disponible sur r\u00e9servation ou via livraison.\" \/>\n<meta name=\"robots\" content=\"index, follow, max-snippet:-1, max-image-preview:large, max-video-preview:-1\" \/>\n<link rel=\"canonical\" href=\"https:\/\/chtululu.be\/index.php\/produit\/jusquau-dernier-jour-de-mes-jours\/\" \/>\n<meta property=\"og:locale\" content=\"fr_FR\" \/>\n<meta property=\"og:type\" content=\"article\" \/>\n<meta property=\"og:title\" content=\"Jusqu&#039;au dernier jour de mes jours de Jacqueline Harpman au Chtululu\" \/>\n<meta property=\"og:description\" content=\"D\u00e9couvrez Jusqu&#039;au dernier jour de mes jours de J. Harpman en seconde main. Disponible sur r\u00e9servation ou via livraison.\" \/>\n<meta property=\"og:url\" content=\"https:\/\/chtululu.be\/index.php\/produit\/jusquau-dernier-jour-de-mes-jours\/\" \/>\n<meta property=\"og:site_name\" content=\"Le Chtululu\" \/>\n<meta property=\"article:modified_time\" content=\"2021-08-21T12:22:12+00:00\" \/>\n<meta property=\"og:image\" content=\"https:\/\/chtululu.be\/wp-content\/uploads\/2021\/08\/harpman.png\" \/>\n\t<meta property=\"og:image:width\" content=\"500\" \/>\n\t<meta property=\"og:image:height\" content=\"500\" \/>\n\t<meta property=\"og:image:type\" content=\"image\/png\" \/>\n<meta name=\"twitter:card\" content=\"summary_large_image\" \/>\n<meta name=\"twitter:label1\" content=\"Dur\u00e9e de lecture estim\u00e9e\" \/>\n\t<meta name=\"twitter:data1\" content=\"1 minute\" \/>\n<script type=\"application\/ld+json\" class=\"yoast-schema-graph\">{\"@context\":\"https:\/\/schema.org\",\"@graph\":[{\"@type\":\"WebPage\",\"@id\":\"https:\/\/chtululu.be\/index.php\/produit\/jusquau-dernier-jour-de-mes-jours\/\",\"url\":\"https:\/\/chtululu.be\/index.php\/produit\/jusquau-dernier-jour-de-mes-jours\/\",\"name\":\"Jusqu'au dernier jour de mes jours de Jacqueline Harpman au Chtululu\",\"isPartOf\":{\"@id\":\"https:\/\/chtululu.be\/#website\"},\"primaryImageOfPage\":{\"@id\":\"https:\/\/chtululu.be\/index.php\/produit\/jusquau-dernier-jour-de-mes-jours\/#primaryimage\"},\"image\":{\"@id\":\"https:\/\/chtululu.be\/index.php\/produit\/jusquau-dernier-jour-de-mes-jours\/#primaryimage\"},\"thumbnailUrl\":\"https:\/\/chtululu.be\/wp-content\/uploads\/2021\/08\/harpman.png\",\"datePublished\":\"2021-08-18T12:49:31+00:00\",\"dateModified\":\"2021-08-21T12:22:12+00:00\",\"description\":\"D\u00e9couvrez Jusqu'au dernier jour de mes jours de J. Harpman en seconde main. Disponible sur r\u00e9servation ou via livraison.\",\"breadcrumb\":{\"@id\":\"https:\/\/chtululu.be\/index.php\/produit\/jusquau-dernier-jour-de-mes-jours\/#breadcrumb\"},\"inLanguage\":\"fr-FR\",\"potentialAction\":[{\"@type\":\"ReadAction\",\"target\":[\"https:\/\/chtululu.be\/index.php\/produit\/jusquau-dernier-jour-de-mes-jours\/\"]}]},{\"@type\":\"ImageObject\",\"inLanguage\":\"fr-FR\",\"@id\":\"https:\/\/chtululu.be\/index.php\/produit\/jusquau-dernier-jour-de-mes-jours\/#primaryimage\",\"url\":\"https:\/\/chtululu.be\/wp-content\/uploads\/2021\/08\/harpman.png\",\"contentUrl\":\"https:\/\/chtululu.be\/wp-content\/uploads\/2021\/08\/harpman.png\",\"width\":500,\"height\":500,\"caption\":\"Jusqu'au dernier jour de mes jours\"},{\"@type\":\"BreadcrumbList\",\"@id\":\"https:\/\/chtululu.be\/index.php\/produit\/jusquau-dernier-jour-de-mes-jours\/#breadcrumb\",\"itemListElement\":[{\"@type\":\"ListItem\",\"position\":1,\"name\":\"Accueil\",\"item\":\"https:\/\/chtululu.be\/\"},{\"@type\":\"ListItem\",\"position\":2,\"name\":\"Les livres\",\"item\":\"https:\/\/chtululu.be\/index.php\/livres-doccasion\/\"},{\"@type\":\"ListItem\",\"position\":3,\"name\":\"Jusqu&rsquo;au dernier jour de mes jours de Jacqueline Harpman\"}]},{\"@type\":\"WebSite\",\"@id\":\"https:\/\/chtululu.be\/#website\",\"url\":\"https:\/\/chtululu.be\/\",\"name\":\"Le Chtululu\",\"description\":\"Votre librairie de seconde main \u00e0 Soignies\",\"publisher\":{\"@id\":\"https:\/\/chtululu.be\/#organization\"},\"potentialAction\":[{\"@type\":\"SearchAction\",\"target\":{\"@type\":\"EntryPoint\",\"urlTemplate\":\"https:\/\/chtululu.be\/?s={search_term_string}\"},\"query-input\":{\"@type\":\"PropertyValueSpecification\",\"valueRequired\":true,\"valueName\":\"search_term_string\"}}],\"inLanguage\":\"fr-FR\"},{\"@type\":\"Organization\",\"@id\":\"https:\/\/chtululu.be\/#organization\",\"name\":\"Le Chtululu\",\"url\":\"https:\/\/chtululu.be\/\",\"logo\":{\"@type\":\"ImageObject\",\"inLanguage\":\"fr-FR\",\"@id\":\"https:\/\/chtululu.be\/#\/schema\/logo\/image\/\",\"url\":\"https:\/\/chtululu.be\/wp-content\/uploads\/2016\/05\/logo-def-blanc.jpg\",\"contentUrl\":\"https:\/\/chtululu.be\/wp-content\/uploads\/2016\/05\/logo-def-blanc.jpg\",\"width\":2048,\"height\":1901,\"caption\":\"Le Chtululu\"},\"image\":{\"@id\":\"https:\/\/chtululu.be\/#\/schema\/logo\/image\/\"}}]}<\/script>\n<!-- \/ Yoast SEO plugin. -->","yoast_head_json":{"title":"Jusqu'au dernier jour de mes jours de Jacqueline Harpman au Chtululu","description":"D\u00e9couvrez Jusqu'au dernier jour de mes jours de J. Harpman en seconde main. Disponible sur r\u00e9servation ou via livraison.","robots":{"index":"index","follow":"follow","max-snippet":"max-snippet:-1","max-image-preview":"max-image-preview:large","max-video-preview":"max-video-preview:-1"},"canonical":"https:\/\/chtululu.be\/index.php\/produit\/jusquau-dernier-jour-de-mes-jours\/","og_locale":"fr_FR","og_type":"article","og_title":"Jusqu'au dernier jour de mes jours de Jacqueline Harpman au Chtululu","og_description":"D\u00e9couvrez Jusqu'au dernier jour de mes jours de J. Harpman en seconde main. Disponible sur r\u00e9servation ou via livraison.","og_url":"https:\/\/chtululu.be\/index.php\/produit\/jusquau-dernier-jour-de-mes-jours\/","og_site_name":"Le Chtululu","article_modified_time":"2021-08-21T12:22:12+00:00","og_image":[{"width":500,"height":500,"url":"https:\/\/chtululu.be\/wp-content\/uploads\/2021\/08\/harpman.png","type":"image\/png"}],"twitter_card":"summary_large_image","twitter_misc":{"Dur\u00e9e de lecture estim\u00e9e":"1 minute"},"schema":{"@context":"https:\/\/schema.org","@graph":[{"@type":"WebPage","@id":"https:\/\/chtululu.be\/index.php\/produit\/jusquau-dernier-jour-de-mes-jours\/","url":"https:\/\/chtululu.be\/index.php\/produit\/jusquau-dernier-jour-de-mes-jours\/","name":"Jusqu'au dernier jour de mes jours de Jacqueline Harpman au Chtululu","isPartOf":{"@id":"https:\/\/chtululu.be\/#website"},"primaryImageOfPage":{"@id":"https:\/\/chtululu.be\/index.php\/produit\/jusquau-dernier-jour-de-mes-jours\/#primaryimage"},"image":{"@id":"https:\/\/chtululu.be\/index.php\/produit\/jusquau-dernier-jour-de-mes-jours\/#primaryimage"},"thumbnailUrl":"https:\/\/chtululu.be\/wp-content\/uploads\/2021\/08\/harpman.png","datePublished":"2021-08-18T12:49:31+00:00","dateModified":"2021-08-21T12:22:12+00:00","description":"D\u00e9couvrez Jusqu'au dernier jour de mes jours de J. Harpman en seconde main. Disponible sur r\u00e9servation ou via livraison.","breadcrumb":{"@id":"https:\/\/chtululu.be\/index.php\/produit\/jusquau-dernier-jour-de-mes-jours\/#breadcrumb"},"inLanguage":"fr-FR","potentialAction":[{"@type":"ReadAction","target":["https:\/\/chtululu.be\/index.php\/produit\/jusquau-dernier-jour-de-mes-jours\/"]}]},{"@type":"ImageObject","inLanguage":"fr-FR","@id":"https:\/\/chtululu.be\/index.php\/produit\/jusquau-dernier-jour-de-mes-jours\/#primaryimage","url":"https:\/\/chtululu.be\/wp-content\/uploads\/2021\/08\/harpman.png","contentUrl":"https:\/\/chtululu.be\/wp-content\/uploads\/2021\/08\/harpman.png","width":500,"height":500,"caption":"Jusqu'au dernier jour de mes jours"},{"@type":"BreadcrumbList","@id":"https:\/\/chtululu.be\/index.php\/produit\/jusquau-dernier-jour-de-mes-jours\/#breadcrumb","itemListElement":[{"@type":"ListItem","position":1,"name":"Accueil","item":"https:\/\/chtululu.be\/"},{"@type":"ListItem","position":2,"name":"Les livres","item":"https:\/\/chtululu.be\/index.php\/livres-doccasion\/"},{"@type":"ListItem","position":3,"name":"Jusqu&rsquo;au dernier jour de mes jours de Jacqueline Harpman"}]},{"@type":"WebSite","@id":"https:\/\/chtululu.be\/#website","url":"https:\/\/chtululu.be\/","name":"Le Chtululu","description":"Votre librairie de seconde main \u00e0 Soignies","publisher":{"@id":"https:\/\/chtululu.be\/#organization"},"potentialAction":[{"@type":"SearchAction","target":{"@type":"EntryPoint","urlTemplate":"https:\/\/chtululu.be\/?s={search_term_string}"},"query-input":{"@type":"PropertyValueSpecification","valueRequired":true,"valueName":"search_term_string"}}],"inLanguage":"fr-FR"},{"@type":"Organization","@id":"https:\/\/chtululu.be\/#organization","name":"Le Chtululu","url":"https:\/\/chtululu.be\/","logo":{"@type":"ImageObject","inLanguage":"fr-FR","@id":"https:\/\/chtululu.be\/#\/schema\/logo\/image\/","url":"https:\/\/chtululu.be\/wp-content\/uploads\/2016\/05\/logo-def-blanc.jpg","contentUrl":"https:\/\/chtululu.be\/wp-content\/uploads\/2016\/05\/logo-def-blanc.jpg","width":2048,"height":1901,"caption":"Le Chtululu"},"image":{"@id":"https:\/\/chtululu.be\/#\/schema\/logo\/image\/"}}]}},"_links":{"self":[{"href":"https:\/\/chtululu.be\/index.php\/wp-json\/wp\/v2\/product\/2724","targetHints":{"allow":["GET"]}}],"collection":[{"href":"https:\/\/chtululu.be\/index.php\/wp-json\/wp\/v2\/product"}],"about":[{"href":"https:\/\/chtululu.be\/index.php\/wp-json\/wp\/v2\/types\/product"}],"wp:featuredmedia":[{"embeddable":true,"href":"https:\/\/chtululu.be\/index.php\/wp-json\/wp\/v2\/media\/2725"}],"wp:attachment":[{"href":"https:\/\/chtululu.be\/index.php\/wp-json\/wp\/v2\/media?parent=2724"}],"wp:term":[{"taxonomy":"product_brand","embeddable":true,"href":"https:\/\/chtululu.be\/index.php\/wp-json\/wp\/v2\/product_brand?post=2724"},{"taxonomy":"product_cat","embeddable":true,"href":"https:\/\/chtululu.be\/index.php\/wp-json\/wp\/v2\/product_cat?post=2724"},{"taxonomy":"product_tag","embeddable":true,"href":"https:\/\/chtululu.be\/index.php\/wp-json\/wp\/v2\/product_tag?post=2724"}],"curies":[{"name":"wp","href":"https:\/\/api.w.org\/{rel}","templated":true}]}}