{"id":2718,"date":"2021-08-18T13:36:52","date_gmt":"2021-08-18T12:36:52","guid":{"rendered":"https:\/\/chtululu.be\/?post_type=product&#038;p=2718"},"modified":"2021-08-21T13:14:09","modified_gmt":"2021-08-21T12:14:09","slug":"nouvelles-belges-a-lusage-de-tous","status":"publish","type":"product","link":"https:\/\/chtululu.be\/index.php\/produit\/nouvelles-belges-a-lusage-de-tous\/","title":{"rendered":"Nouvelles belges \u00e0 l&rsquo;usage de tous"},"content":{"rendered":"<h2>Nouvelles belges \u00e0 l&rsquo;usage de tous<\/h2>\n<p>(\u00e9d. Luc Pire, coll. Espace nord)<\/p>\n<p>&nbsp;<\/p>\n<p>Pour h\u00e9riter d\u2019un milliardaire excentrique, les membres de sa famille doivent se soumettre \u00e0 un dernier caprice de sa part. Dans un caf\u00e9, un homme r\u00e9alise qu\u2019un autre, parti aux toilettes, n\u2019en revient pas. Un p\u00eacheur de perles, victime de la cupidit\u00e9 d\u2019un aventurier, d\u00e9cide de se venger d\u2019une bien curieuse fa\u00e7on\u2026 Retrouvez ces trois histoires parmi une vingtaine de nouvelles \u00e9tonnantes, singuli\u00e8res, \u00e9pouvantables ou amusantes r\u00e9unies par Ren\u00e9 Godenne, le sp\u00e9cialiste du genre. Une s\u00e9lection subjective et assum\u00e9e d\u2019auteurs belges qui accordent \u00e0 la nouvelle une place importante (Jean Ray, Franz Hellens, Vincent Engel, Michel Lambert) ou plus marginale (Marcel Thiry, Dominique Rolin, Yves Wellens), mais toujours particuli\u00e8re.<\/p>\n","protected":false},"excerpt":{"rendered":"<p>Nouvelles belges \u00e0 l&rsquo;usage de tous<\/p>\n","protected":false},"featured_media":2720,"template":"","meta":{"_acf_changed":false,"_exactmetrics_skip_tracking":false,"_exactmetrics_sitenote_active":false,"_exactmetrics_sitenote_note":"","_exactmetrics_sitenote_category":0},"product_brand":[],"product_cat":[24],"product_tag":[96,442],"class_list":{"0":"post-2718","1":"product","2":"type-product","3":"status-publish","4":"has-post-thumbnail","6":"product_cat-roman","7":"product_tag-belge","8":"product_tag-espace-nord","10":"first","11":"instock","12":"featured","13":"taxable","14":"shipping-taxable","15":"purchasable","16":"product-type-simple"},"acf":[],"yoast_head":"<!-- This site is optimized with the Yoast SEO plugin v26.6 - https:\/\/yoast.com\/wordpress\/plugins\/seo\/ -->\n<title>Nouvelles belges \u00e0 l&#039;usage de tous en seconde main au Chtululu<\/title>\n<meta name=\"description\" content=\"D\u00e9couvrez Nouvelles belges \u00e0 l&#039;usage de tous en seconde main. Disponible sur r\u00e9servation ou via livraison.\" \/>\n<meta name=\"robots\" content=\"index, follow, max-snippet:-1, max-image-preview:large, max-video-preview:-1\" \/>\n<link rel=\"canonical\" href=\"https:\/\/chtululu.be\/index.php\/produit\/nouvelles-belges-a-lusage-de-tous\/\" \/>\n<meta property=\"og:locale\" content=\"fr_FR\" \/>\n<meta property=\"og:type\" content=\"article\" \/>\n<meta property=\"og:title\" content=\"Nouvelles belges \u00e0 l&#039;usage de tous en seconde main au Chtululu\" \/>\n<meta property=\"og:description\" content=\"D\u00e9couvrez Nouvelles belges \u00e0 l&#039;usage de tous en seconde main. Disponible sur r\u00e9servation ou via livraison.\" \/>\n<meta property=\"og:url\" content=\"https:\/\/chtululu.be\/index.php\/produit\/nouvelles-belges-a-lusage-de-tous\/\" \/>\n<meta property=\"og:site_name\" content=\"Le Chtululu\" \/>\n<meta property=\"article:modified_time\" content=\"2021-08-21T12:14:09+00:00\" \/>\n<meta property=\"og:image\" content=\"https:\/\/chtululu.be\/wp-content\/uploads\/2021\/08\/nouvelles.png\" \/>\n\t<meta property=\"og:image:width\" content=\"500\" \/>\n\t<meta property=\"og:image:height\" content=\"500\" \/>\n\t<meta property=\"og:image:type\" content=\"image\/png\" \/>\n<meta name=\"twitter:card\" content=\"summary_large_image\" \/>\n<meta name=\"twitter:label1\" content=\"Dur\u00e9e de lecture estim\u00e9e\" \/>\n\t<meta name=\"twitter:data1\" content=\"1 minute\" \/>\n<script type=\"application\/ld+json\" class=\"yoast-schema-graph\">{\"@context\":\"https:\/\/schema.org\",\"@graph\":[{\"@type\":\"WebPage\",\"@id\":\"https:\/\/chtululu.be\/index.php\/produit\/nouvelles-belges-a-lusage-de-tous\/\",\"url\":\"https:\/\/chtululu.be\/index.php\/produit\/nouvelles-belges-a-lusage-de-tous\/\",\"name\":\"Nouvelles belges \u00e0 l'usage de tous en seconde main au Chtululu\",\"isPartOf\":{\"@id\":\"https:\/\/chtululu.be\/#website\"},\"primaryImageOfPage\":{\"@id\":\"https:\/\/chtululu.be\/index.php\/produit\/nouvelles-belges-a-lusage-de-tous\/#primaryimage\"},\"image\":{\"@id\":\"https:\/\/chtululu.be\/index.php\/produit\/nouvelles-belges-a-lusage-de-tous\/#primaryimage\"},\"thumbnailUrl\":\"https:\/\/chtululu.be\/wp-content\/uploads\/2021\/08\/nouvelles.png\",\"datePublished\":\"2021-08-18T12:36:52+00:00\",\"dateModified\":\"2021-08-21T12:14:09+00:00\",\"description\":\"D\u00e9couvrez Nouvelles belges \u00e0 l'usage de tous en seconde main. Disponible sur r\u00e9servation ou via livraison.\",\"breadcrumb\":{\"@id\":\"https:\/\/chtululu.be\/index.php\/produit\/nouvelles-belges-a-lusage-de-tous\/#breadcrumb\"},\"inLanguage\":\"fr-FR\",\"potentialAction\":[{\"@type\":\"ReadAction\",\"target\":[\"https:\/\/chtululu.be\/index.php\/produit\/nouvelles-belges-a-lusage-de-tous\/\"]}]},{\"@type\":\"ImageObject\",\"inLanguage\":\"fr-FR\",\"@id\":\"https:\/\/chtululu.be\/index.php\/produit\/nouvelles-belges-a-lusage-de-tous\/#primaryimage\",\"url\":\"https:\/\/chtululu.be\/wp-content\/uploads\/2021\/08\/nouvelles.png\",\"contentUrl\":\"https:\/\/chtululu.be\/wp-content\/uploads\/2021\/08\/nouvelles.png\",\"width\":500,\"height\":500,\"caption\":\"Nouvelles belges \u00e0 l'usage de tous\"},{\"@type\":\"BreadcrumbList\",\"@id\":\"https:\/\/chtululu.be\/index.php\/produit\/nouvelles-belges-a-lusage-de-tous\/#breadcrumb\",\"itemListElement\":[{\"@type\":\"ListItem\",\"position\":1,\"name\":\"Accueil\",\"item\":\"https:\/\/chtululu.be\/\"},{\"@type\":\"ListItem\",\"position\":2,\"name\":\"Les livres\",\"item\":\"https:\/\/chtululu.be\/index.php\/livres-doccasion\/\"},{\"@type\":\"ListItem\",\"position\":3,\"name\":\"Nouvelles belges \u00e0 l&rsquo;usage de tous\"}]},{\"@type\":\"WebSite\",\"@id\":\"https:\/\/chtululu.be\/#website\",\"url\":\"https:\/\/chtululu.be\/\",\"name\":\"Le Chtululu\",\"description\":\"Votre librairie de seconde main \u00e0 Soignies\",\"publisher\":{\"@id\":\"https:\/\/chtululu.be\/#organization\"},\"potentialAction\":[{\"@type\":\"SearchAction\",\"target\":{\"@type\":\"EntryPoint\",\"urlTemplate\":\"https:\/\/chtululu.be\/?s={search_term_string}\"},\"query-input\":{\"@type\":\"PropertyValueSpecification\",\"valueRequired\":true,\"valueName\":\"search_term_string\"}}],\"inLanguage\":\"fr-FR\"},{\"@type\":\"Organization\",\"@id\":\"https:\/\/chtululu.be\/#organization\",\"name\":\"Le Chtululu\",\"url\":\"https:\/\/chtululu.be\/\",\"logo\":{\"@type\":\"ImageObject\",\"inLanguage\":\"fr-FR\",\"@id\":\"https:\/\/chtululu.be\/#\/schema\/logo\/image\/\",\"url\":\"https:\/\/chtululu.be\/wp-content\/uploads\/2016\/05\/logo-def-blanc.jpg\",\"contentUrl\":\"https:\/\/chtululu.be\/wp-content\/uploads\/2016\/05\/logo-def-blanc.jpg\",\"width\":2048,\"height\":1901,\"caption\":\"Le Chtululu\"},\"image\":{\"@id\":\"https:\/\/chtululu.be\/#\/schema\/logo\/image\/\"}}]}<\/script>\n<!-- \/ Yoast SEO plugin. -->","yoast_head_json":{"title":"Nouvelles belges \u00e0 l'usage de tous en seconde main au Chtululu","description":"D\u00e9couvrez Nouvelles belges \u00e0 l'usage de tous en seconde main. Disponible sur r\u00e9servation ou via livraison.","robots":{"index":"index","follow":"follow","max-snippet":"max-snippet:-1","max-image-preview":"max-image-preview:large","max-video-preview":"max-video-preview:-1"},"canonical":"https:\/\/chtululu.be\/index.php\/produit\/nouvelles-belges-a-lusage-de-tous\/","og_locale":"fr_FR","og_type":"article","og_title":"Nouvelles belges \u00e0 l'usage de tous en seconde main au Chtululu","og_description":"D\u00e9couvrez Nouvelles belges \u00e0 l'usage de tous en seconde main. Disponible sur r\u00e9servation ou via livraison.","og_url":"https:\/\/chtululu.be\/index.php\/produit\/nouvelles-belges-a-lusage-de-tous\/","og_site_name":"Le Chtululu","article_modified_time":"2021-08-21T12:14:09+00:00","og_image":[{"width":500,"height":500,"url":"https:\/\/chtululu.be\/wp-content\/uploads\/2021\/08\/nouvelles.png","type":"image\/png"}],"twitter_card":"summary_large_image","twitter_misc":{"Dur\u00e9e de lecture estim\u00e9e":"1 minute"},"schema":{"@context":"https:\/\/schema.org","@graph":[{"@type":"WebPage","@id":"https:\/\/chtululu.be\/index.php\/produit\/nouvelles-belges-a-lusage-de-tous\/","url":"https:\/\/chtululu.be\/index.php\/produit\/nouvelles-belges-a-lusage-de-tous\/","name":"Nouvelles belges \u00e0 l'usage de tous en seconde main au Chtululu","isPartOf":{"@id":"https:\/\/chtululu.be\/#website"},"primaryImageOfPage":{"@id":"https:\/\/chtululu.be\/index.php\/produit\/nouvelles-belges-a-lusage-de-tous\/#primaryimage"},"image":{"@id":"https:\/\/chtululu.be\/index.php\/produit\/nouvelles-belges-a-lusage-de-tous\/#primaryimage"},"thumbnailUrl":"https:\/\/chtululu.be\/wp-content\/uploads\/2021\/08\/nouvelles.png","datePublished":"2021-08-18T12:36:52+00:00","dateModified":"2021-08-21T12:14:09+00:00","description":"D\u00e9couvrez Nouvelles belges \u00e0 l'usage de tous en seconde main. Disponible sur r\u00e9servation ou via livraison.","breadcrumb":{"@id":"https:\/\/chtululu.be\/index.php\/produit\/nouvelles-belges-a-lusage-de-tous\/#breadcrumb"},"inLanguage":"fr-FR","potentialAction":[{"@type":"ReadAction","target":["https:\/\/chtululu.be\/index.php\/produit\/nouvelles-belges-a-lusage-de-tous\/"]}]},{"@type":"ImageObject","inLanguage":"fr-FR","@id":"https:\/\/chtululu.be\/index.php\/produit\/nouvelles-belges-a-lusage-de-tous\/#primaryimage","url":"https:\/\/chtululu.be\/wp-content\/uploads\/2021\/08\/nouvelles.png","contentUrl":"https:\/\/chtululu.be\/wp-content\/uploads\/2021\/08\/nouvelles.png","width":500,"height":500,"caption":"Nouvelles belges \u00e0 l'usage de tous"},{"@type":"BreadcrumbList","@id":"https:\/\/chtululu.be\/index.php\/produit\/nouvelles-belges-a-lusage-de-tous\/#breadcrumb","itemListElement":[{"@type":"ListItem","position":1,"name":"Accueil","item":"https:\/\/chtululu.be\/"},{"@type":"ListItem","position":2,"name":"Les livres","item":"https:\/\/chtululu.be\/index.php\/livres-doccasion\/"},{"@type":"ListItem","position":3,"name":"Nouvelles belges \u00e0 l&rsquo;usage de tous"}]},{"@type":"WebSite","@id":"https:\/\/chtululu.be\/#website","url":"https:\/\/chtululu.be\/","name":"Le Chtululu","description":"Votre librairie de seconde main \u00e0 Soignies","publisher":{"@id":"https:\/\/chtululu.be\/#organization"},"potentialAction":[{"@type":"SearchAction","target":{"@type":"EntryPoint","urlTemplate":"https:\/\/chtululu.be\/?s={search_term_string}"},"query-input":{"@type":"PropertyValueSpecification","valueRequired":true,"valueName":"search_term_string"}}],"inLanguage":"fr-FR"},{"@type":"Organization","@id":"https:\/\/chtululu.be\/#organization","name":"Le Chtululu","url":"https:\/\/chtululu.be\/","logo":{"@type":"ImageObject","inLanguage":"fr-FR","@id":"https:\/\/chtululu.be\/#\/schema\/logo\/image\/","url":"https:\/\/chtululu.be\/wp-content\/uploads\/2016\/05\/logo-def-blanc.jpg","contentUrl":"https:\/\/chtululu.be\/wp-content\/uploads\/2016\/05\/logo-def-blanc.jpg","width":2048,"height":1901,"caption":"Le Chtululu"},"image":{"@id":"https:\/\/chtululu.be\/#\/schema\/logo\/image\/"}}]}},"_links":{"self":[{"href":"https:\/\/chtululu.be\/index.php\/wp-json\/wp\/v2\/product\/2718","targetHints":{"allow":["GET"]}}],"collection":[{"href":"https:\/\/chtululu.be\/index.php\/wp-json\/wp\/v2\/product"}],"about":[{"href":"https:\/\/chtululu.be\/index.php\/wp-json\/wp\/v2\/types\/product"}],"wp:featuredmedia":[{"embeddable":true,"href":"https:\/\/chtululu.be\/index.php\/wp-json\/wp\/v2\/media\/2720"}],"wp:attachment":[{"href":"https:\/\/chtululu.be\/index.php\/wp-json\/wp\/v2\/media?parent=2718"}],"wp:term":[{"taxonomy":"product_brand","embeddable":true,"href":"https:\/\/chtululu.be\/index.php\/wp-json\/wp\/v2\/product_brand?post=2718"},{"taxonomy":"product_cat","embeddable":true,"href":"https:\/\/chtululu.be\/index.php\/wp-json\/wp\/v2\/product_cat?post=2718"},{"taxonomy":"product_tag","embeddable":true,"href":"https:\/\/chtululu.be\/index.php\/wp-json\/wp\/v2\/product_tag?post=2718"}],"curies":[{"name":"wp","href":"https:\/\/api.w.org\/{rel}","templated":true}]}}