{"id":2715,"date":"2021-08-18T13:26:22","date_gmt":"2021-08-18T12:26:22","guid":{"rendered":"https:\/\/chtululu.be\/?post_type=product&#038;p=2715"},"modified":"2021-08-21T13:21:23","modified_gmt":"2021-08-21T12:21:23","slug":"malpertuis","status":"publish","type":"product","link":"https:\/\/chtululu.be\/index.php\/produit\/malpertuis\/","title":{"rendered":"Malpertuis de Jean Ray"},"content":{"rendered":"<h2>Malpertuis de Jean Ray<\/h2>\n<p>(coll. Espace nord)<\/p>\n<p>\u00ab Malpertuis ! C&rsquo;est la premi\u00e8re fois que le nom coule, d&rsquo;une encre lourde, de ma plume terrifi\u00e9e. Cette maison impos\u00e9e comme point final de tant de destin\u00e9es humaines, par des volont\u00e9s terribles entre toutes, j&rsquo;en repousse encore l&rsquo;image ; je recule, j&rsquo;atermoie, avant de la faire surgir au premier plan de ma m\u00e9moire. D&rsquo;ailleurs, les personnages se pr\u00e9sentent moins patients que la maison, press\u00e9s sans doute par la bri\u00e8vet\u00e9 de leur terme terrestre. Apr\u00e8s eux, les choses demeurent, comme la pierre dont se font les maisons maudites. \u00bb<\/p>\n","protected":false},"excerpt":{"rendered":"<p>Malpertuis de Jean Ray<\/p>\n","protected":false},"featured_media":2716,"template":"","meta":{"_acf_changed":false,"_exactmetrics_skip_tracking":false,"_exactmetrics_sitenote_active":false,"_exactmetrics_sitenote_note":"","_exactmetrics_sitenote_category":0},"product_brand":[],"product_cat":[24],"product_tag":[96,442,446],"class_list":{"0":"post-2715","1":"product","2":"type-product","3":"status-publish","4":"has-post-thumbnail","6":"product_cat-roman","7":"product_tag-belge","8":"product_tag-espace-nord","9":"product_tag-ray-jean","11":"first","12":"instock","13":"featured","14":"taxable","15":"shipping-taxable","16":"purchasable","17":"product-type-simple"},"acf":[],"yoast_head":"<!-- This site is optimized with the Yoast SEO plugin v26.6 - https:\/\/yoast.com\/wordpress\/plugins\/seo\/ -->\n<title>Malpertuis de Jean Ray en seconde main au Chtululu<\/title>\n<meta name=\"description\" content=\"D\u00e9couvrez Malpertuis de Jean Ray en seconde main, un indispensable de la litt\u00e9rature belge. Disponible sur r\u00e9servation ou via livraison.\" \/>\n<meta name=\"robots\" content=\"index, follow, max-snippet:-1, max-image-preview:large, max-video-preview:-1\" \/>\n<link rel=\"canonical\" href=\"https:\/\/chtululu.be\/index.php\/produit\/malpertuis\/\" \/>\n<meta property=\"og:locale\" content=\"fr_FR\" \/>\n<meta property=\"og:type\" content=\"article\" \/>\n<meta property=\"og:title\" content=\"Malpertuis de Jean Ray en seconde main au Chtululu\" \/>\n<meta property=\"og:description\" content=\"D\u00e9couvrez Malpertuis de Jean Ray en seconde main, un indispensable de la litt\u00e9rature belge. Disponible sur r\u00e9servation ou via livraison.\" \/>\n<meta property=\"og:url\" content=\"https:\/\/chtululu.be\/index.php\/produit\/malpertuis\/\" \/>\n<meta property=\"og:site_name\" content=\"Le Chtululu\" \/>\n<meta property=\"article:modified_time\" content=\"2021-08-21T12:21:23+00:00\" \/>\n<meta property=\"og:image\" content=\"https:\/\/chtululu.be\/wp-content\/uploads\/2021\/08\/malpertuis.png\" \/>\n\t<meta property=\"og:image:width\" content=\"500\" \/>\n\t<meta property=\"og:image:height\" content=\"500\" \/>\n\t<meta property=\"og:image:type\" content=\"image\/png\" \/>\n<meta name=\"twitter:card\" content=\"summary_large_image\" \/>\n<meta name=\"twitter:label1\" content=\"Dur\u00e9e de lecture estim\u00e9e\" \/>\n\t<meta name=\"twitter:data1\" content=\"1 minute\" \/>\n<script type=\"application\/ld+json\" class=\"yoast-schema-graph\">{\"@context\":\"https:\/\/schema.org\",\"@graph\":[{\"@type\":\"WebPage\",\"@id\":\"https:\/\/chtululu.be\/index.php\/produit\/malpertuis\/\",\"url\":\"https:\/\/chtululu.be\/index.php\/produit\/malpertuis\/\",\"name\":\"Malpertuis de Jean Ray en seconde main au Chtululu\",\"isPartOf\":{\"@id\":\"https:\/\/chtululu.be\/#website\"},\"primaryImageOfPage\":{\"@id\":\"https:\/\/chtululu.be\/index.php\/produit\/malpertuis\/#primaryimage\"},\"image\":{\"@id\":\"https:\/\/chtululu.be\/index.php\/produit\/malpertuis\/#primaryimage\"},\"thumbnailUrl\":\"https:\/\/chtululu.be\/wp-content\/uploads\/2021\/08\/malpertuis.png\",\"datePublished\":\"2021-08-18T12:26:22+00:00\",\"dateModified\":\"2021-08-21T12:21:23+00:00\",\"description\":\"D\u00e9couvrez Malpertuis de Jean Ray en seconde main, un indispensable de la litt\u00e9rature belge. Disponible sur r\u00e9servation ou via livraison.\",\"breadcrumb\":{\"@id\":\"https:\/\/chtululu.be\/index.php\/produit\/malpertuis\/#breadcrumb\"},\"inLanguage\":\"fr-FR\",\"potentialAction\":[{\"@type\":\"ReadAction\",\"target\":[\"https:\/\/chtululu.be\/index.php\/produit\/malpertuis\/\"]}]},{\"@type\":\"ImageObject\",\"inLanguage\":\"fr-FR\",\"@id\":\"https:\/\/chtululu.be\/index.php\/produit\/malpertuis\/#primaryimage\",\"url\":\"https:\/\/chtululu.be\/wp-content\/uploads\/2021\/08\/malpertuis.png\",\"contentUrl\":\"https:\/\/chtululu.be\/wp-content\/uploads\/2021\/08\/malpertuis.png\",\"width\":500,\"height\":500,\"caption\":\"Malpertuis\"},{\"@type\":\"BreadcrumbList\",\"@id\":\"https:\/\/chtululu.be\/index.php\/produit\/malpertuis\/#breadcrumb\",\"itemListElement\":[{\"@type\":\"ListItem\",\"position\":1,\"name\":\"Accueil\",\"item\":\"https:\/\/chtululu.be\/\"},{\"@type\":\"ListItem\",\"position\":2,\"name\":\"Les livres\",\"item\":\"https:\/\/chtululu.be\/index.php\/livres-doccasion\/\"},{\"@type\":\"ListItem\",\"position\":3,\"name\":\"Malpertuis de Jean Ray\"}]},{\"@type\":\"WebSite\",\"@id\":\"https:\/\/chtululu.be\/#website\",\"url\":\"https:\/\/chtululu.be\/\",\"name\":\"Le Chtululu\",\"description\":\"Votre librairie de seconde main \u00e0 Soignies\",\"publisher\":{\"@id\":\"https:\/\/chtululu.be\/#organization\"},\"potentialAction\":[{\"@type\":\"SearchAction\",\"target\":{\"@type\":\"EntryPoint\",\"urlTemplate\":\"https:\/\/chtululu.be\/?s={search_term_string}\"},\"query-input\":{\"@type\":\"PropertyValueSpecification\",\"valueRequired\":true,\"valueName\":\"search_term_string\"}}],\"inLanguage\":\"fr-FR\"},{\"@type\":\"Organization\",\"@id\":\"https:\/\/chtululu.be\/#organization\",\"name\":\"Le Chtululu\",\"url\":\"https:\/\/chtululu.be\/\",\"logo\":{\"@type\":\"ImageObject\",\"inLanguage\":\"fr-FR\",\"@id\":\"https:\/\/chtululu.be\/#\/schema\/logo\/image\/\",\"url\":\"https:\/\/chtululu.be\/wp-content\/uploads\/2016\/05\/logo-def-blanc.jpg\",\"contentUrl\":\"https:\/\/chtululu.be\/wp-content\/uploads\/2016\/05\/logo-def-blanc.jpg\",\"width\":2048,\"height\":1901,\"caption\":\"Le Chtululu\"},\"image\":{\"@id\":\"https:\/\/chtululu.be\/#\/schema\/logo\/image\/\"}}]}<\/script>\n<!-- \/ Yoast SEO plugin. -->","yoast_head_json":{"title":"Malpertuis de Jean Ray en seconde main au Chtululu","description":"D\u00e9couvrez Malpertuis de Jean Ray en seconde main, un indispensable de la litt\u00e9rature belge. Disponible sur r\u00e9servation ou via livraison.","robots":{"index":"index","follow":"follow","max-snippet":"max-snippet:-1","max-image-preview":"max-image-preview:large","max-video-preview":"max-video-preview:-1"},"canonical":"https:\/\/chtululu.be\/index.php\/produit\/malpertuis\/","og_locale":"fr_FR","og_type":"article","og_title":"Malpertuis de Jean Ray en seconde main au Chtululu","og_description":"D\u00e9couvrez Malpertuis de Jean Ray en seconde main, un indispensable de la litt\u00e9rature belge. Disponible sur r\u00e9servation ou via livraison.","og_url":"https:\/\/chtululu.be\/index.php\/produit\/malpertuis\/","og_site_name":"Le Chtululu","article_modified_time":"2021-08-21T12:21:23+00:00","og_image":[{"width":500,"height":500,"url":"https:\/\/chtululu.be\/wp-content\/uploads\/2021\/08\/malpertuis.png","type":"image\/png"}],"twitter_card":"summary_large_image","twitter_misc":{"Dur\u00e9e de lecture estim\u00e9e":"1 minute"},"schema":{"@context":"https:\/\/schema.org","@graph":[{"@type":"WebPage","@id":"https:\/\/chtululu.be\/index.php\/produit\/malpertuis\/","url":"https:\/\/chtululu.be\/index.php\/produit\/malpertuis\/","name":"Malpertuis de Jean Ray en seconde main au Chtululu","isPartOf":{"@id":"https:\/\/chtululu.be\/#website"},"primaryImageOfPage":{"@id":"https:\/\/chtululu.be\/index.php\/produit\/malpertuis\/#primaryimage"},"image":{"@id":"https:\/\/chtululu.be\/index.php\/produit\/malpertuis\/#primaryimage"},"thumbnailUrl":"https:\/\/chtululu.be\/wp-content\/uploads\/2021\/08\/malpertuis.png","datePublished":"2021-08-18T12:26:22+00:00","dateModified":"2021-08-21T12:21:23+00:00","description":"D\u00e9couvrez Malpertuis de Jean Ray en seconde main, un indispensable de la litt\u00e9rature belge. Disponible sur r\u00e9servation ou via livraison.","breadcrumb":{"@id":"https:\/\/chtululu.be\/index.php\/produit\/malpertuis\/#breadcrumb"},"inLanguage":"fr-FR","potentialAction":[{"@type":"ReadAction","target":["https:\/\/chtululu.be\/index.php\/produit\/malpertuis\/"]}]},{"@type":"ImageObject","inLanguage":"fr-FR","@id":"https:\/\/chtululu.be\/index.php\/produit\/malpertuis\/#primaryimage","url":"https:\/\/chtululu.be\/wp-content\/uploads\/2021\/08\/malpertuis.png","contentUrl":"https:\/\/chtululu.be\/wp-content\/uploads\/2021\/08\/malpertuis.png","width":500,"height":500,"caption":"Malpertuis"},{"@type":"BreadcrumbList","@id":"https:\/\/chtululu.be\/index.php\/produit\/malpertuis\/#breadcrumb","itemListElement":[{"@type":"ListItem","position":1,"name":"Accueil","item":"https:\/\/chtululu.be\/"},{"@type":"ListItem","position":2,"name":"Les livres","item":"https:\/\/chtululu.be\/index.php\/livres-doccasion\/"},{"@type":"ListItem","position":3,"name":"Malpertuis de Jean Ray"}]},{"@type":"WebSite","@id":"https:\/\/chtululu.be\/#website","url":"https:\/\/chtululu.be\/","name":"Le Chtululu","description":"Votre librairie de seconde main \u00e0 Soignies","publisher":{"@id":"https:\/\/chtululu.be\/#organization"},"potentialAction":[{"@type":"SearchAction","target":{"@type":"EntryPoint","urlTemplate":"https:\/\/chtululu.be\/?s={search_term_string}"},"query-input":{"@type":"PropertyValueSpecification","valueRequired":true,"valueName":"search_term_string"}}],"inLanguage":"fr-FR"},{"@type":"Organization","@id":"https:\/\/chtululu.be\/#organization","name":"Le Chtululu","url":"https:\/\/chtululu.be\/","logo":{"@type":"ImageObject","inLanguage":"fr-FR","@id":"https:\/\/chtululu.be\/#\/schema\/logo\/image\/","url":"https:\/\/chtululu.be\/wp-content\/uploads\/2016\/05\/logo-def-blanc.jpg","contentUrl":"https:\/\/chtululu.be\/wp-content\/uploads\/2016\/05\/logo-def-blanc.jpg","width":2048,"height":1901,"caption":"Le Chtululu"},"image":{"@id":"https:\/\/chtululu.be\/#\/schema\/logo\/image\/"}}]}},"_links":{"self":[{"href":"https:\/\/chtululu.be\/index.php\/wp-json\/wp\/v2\/product\/2715","targetHints":{"allow":["GET"]}}],"collection":[{"href":"https:\/\/chtululu.be\/index.php\/wp-json\/wp\/v2\/product"}],"about":[{"href":"https:\/\/chtululu.be\/index.php\/wp-json\/wp\/v2\/types\/product"}],"wp:featuredmedia":[{"embeddable":true,"href":"https:\/\/chtululu.be\/index.php\/wp-json\/wp\/v2\/media\/2716"}],"wp:attachment":[{"href":"https:\/\/chtululu.be\/index.php\/wp-json\/wp\/v2\/media?parent=2715"}],"wp:term":[{"taxonomy":"product_brand","embeddable":true,"href":"https:\/\/chtululu.be\/index.php\/wp-json\/wp\/v2\/product_brand?post=2715"},{"taxonomy":"product_cat","embeddable":true,"href":"https:\/\/chtululu.be\/index.php\/wp-json\/wp\/v2\/product_cat?post=2715"},{"taxonomy":"product_tag","embeddable":true,"href":"https:\/\/chtululu.be\/index.php\/wp-json\/wp\/v2\/product_tag?post=2715"}],"curies":[{"name":"wp","href":"https:\/\/api.w.org\/{rel}","templated":true}]}}