{"id":2517,"date":"2021-04-18T14:25:13","date_gmt":"2021-04-18T13:25:13","guid":{"rendered":"https:\/\/chtululu.be\/?post_type=product&#038;p=2517"},"modified":"2022-12-28T18:41:55","modified_gmt":"2022-12-28T17:41:55","slug":"appelez-moi-elvira","status":"publish","type":"product","link":"https:\/\/chtululu.be\/index.php\/produit\/appelez-moi-elvira\/","title":{"rendered":"Appelez-moi Elvira &#8230;"},"content":{"rendered":"<h2>Appelez-moi Elvira &#8230;<\/h2>\n<p>Traite des femmes et r\u00e9seaux p\u00e9dophilie en Belgique francophone. Enqu\u00eate et t\u00e9moignages.<\/p>\n","protected":false},"excerpt":{"rendered":"<p>Appelez-moi Elvira &#8230;<\/p>\n<p>Traite des femmes et r\u00e9seaux p\u00e9dophilie en Belgique francophone. Enqu\u00eate et t\u00e9moignages.<\/p>\n","protected":false},"featured_media":2518,"template":"","meta":{"_acf_changed":false,"_exactmetrics_skip_tracking":false,"_exactmetrics_sitenote_active":false,"_exactmetrics_sitenote_note":"","_exactmetrics_sitenote_category":0},"product_brand":[],"product_cat":[383,382],"product_tag":[96],"class_list":{"0":"post-2517","1":"product","2":"type-product","3":"status-publish","4":"has-post-thumbnail","6":"product_cat-biographies-temoignages","7":"product_cat-savoirs","8":"product_tag-belge","10":"first","11":"outofstock","12":"sold-individually","13":"taxable","14":"shipping-taxable","15":"purchasable","16":"product-type-simple"},"acf":[],"yoast_head":"<!-- This site is optimized with the Yoast SEO plugin v26.6 - https:\/\/yoast.com\/wordpress\/plugins\/seo\/ -->\n<title>Appelez-moi Elvira ... - Le Chtululu (gare de Soignies)<\/title>\n<meta name=\"description\" content=\"Appelez-moi Elvira ... Traite des femmes et r\u00e9seaux p\u00e9dophilie en Belgique francophone. Enqu\u00eate et t\u00e9moignages. R\u00e9servez ce livre.\" \/>\n<meta name=\"robots\" content=\"index, follow, max-snippet:-1, max-image-preview:large, max-video-preview:-1\" \/>\n<link rel=\"canonical\" href=\"https:\/\/chtululu.be\/index.php\/produit\/appelez-moi-elvira\/\" \/>\n<meta property=\"og:locale\" content=\"fr_FR\" \/>\n<meta property=\"og:type\" content=\"article\" \/>\n<meta property=\"og:title\" content=\"Appelez-moi Elvira ... - Le Chtululu (gare de Soignies)\" \/>\n<meta property=\"og:description\" content=\"Appelez-moi Elvira ... Traite des femmes et r\u00e9seaux p\u00e9dophilie en Belgique francophone. Enqu\u00eate et t\u00e9moignages. R\u00e9servez ce livre.\" \/>\n<meta property=\"og:url\" content=\"https:\/\/chtululu.be\/index.php\/produit\/appelez-moi-elvira\/\" \/>\n<meta property=\"og:site_name\" content=\"Le Chtululu\" \/>\n<meta property=\"article:modified_time\" content=\"2022-12-28T17:41:55+00:00\" \/>\n<meta property=\"og:image\" content=\"https:\/\/chtululu.be\/wp-content\/uploads\/2021\/04\/Appelez-moi-Elvira-scaled.jpg\" \/>\n\t<meta property=\"og:image:width\" content=\"1920\" \/>\n\t<meta property=\"og:image:height\" content=\"2560\" \/>\n\t<meta property=\"og:image:type\" content=\"image\/jpeg\" \/>\n<meta name=\"twitter:card\" content=\"summary_large_image\" \/>\n<meta name=\"twitter:label1\" content=\"Dur\u00e9e de lecture estim\u00e9e\" \/>\n\t<meta name=\"twitter:data1\" content=\"1 minute\" \/>\n<script type=\"application\/ld+json\" class=\"yoast-schema-graph\">{\"@context\":\"https:\/\/schema.org\",\"@graph\":[{\"@type\":\"WebPage\",\"@id\":\"https:\/\/chtululu.be\/index.php\/produit\/appelez-moi-elvira\/\",\"url\":\"https:\/\/chtululu.be\/index.php\/produit\/appelez-moi-elvira\/\",\"name\":\"Appelez-moi Elvira ... - Le Chtululu (gare de Soignies)\",\"isPartOf\":{\"@id\":\"https:\/\/chtululu.be\/#website\"},\"primaryImageOfPage\":{\"@id\":\"https:\/\/chtululu.be\/index.php\/produit\/appelez-moi-elvira\/#primaryimage\"},\"image\":{\"@id\":\"https:\/\/chtululu.be\/index.php\/produit\/appelez-moi-elvira\/#primaryimage\"},\"thumbnailUrl\":\"https:\/\/chtululu.be\/wp-content\/uploads\/2021\/04\/Appelez-moi-Elvira-scaled.jpg\",\"datePublished\":\"2021-04-18T13:25:13+00:00\",\"dateModified\":\"2022-12-28T17:41:55+00:00\",\"description\":\"Appelez-moi Elvira ... Traite des femmes et r\u00e9seaux p\u00e9dophilie en Belgique francophone. Enqu\u00eate et t\u00e9moignages. R\u00e9servez ce livre.\",\"breadcrumb\":{\"@id\":\"https:\/\/chtululu.be\/index.php\/produit\/appelez-moi-elvira\/#breadcrumb\"},\"inLanguage\":\"fr-FR\",\"potentialAction\":[{\"@type\":\"ReadAction\",\"target\":[\"https:\/\/chtululu.be\/index.php\/produit\/appelez-moi-elvira\/\"]}]},{\"@type\":\"ImageObject\",\"inLanguage\":\"fr-FR\",\"@id\":\"https:\/\/chtululu.be\/index.php\/produit\/appelez-moi-elvira\/#primaryimage\",\"url\":\"https:\/\/chtululu.be\/wp-content\/uploads\/2021\/04\/Appelez-moi-Elvira-scaled.jpg\",\"contentUrl\":\"https:\/\/chtululu.be\/wp-content\/uploads\/2021\/04\/Appelez-moi-Elvira-scaled.jpg\",\"width\":1920,\"height\":2560,\"caption\":\"Appelez-moi Elvira ...\"},{\"@type\":\"BreadcrumbList\",\"@id\":\"https:\/\/chtululu.be\/index.php\/produit\/appelez-moi-elvira\/#breadcrumb\",\"itemListElement\":[{\"@type\":\"ListItem\",\"position\":1,\"name\":\"Accueil\",\"item\":\"https:\/\/chtululu.be\/\"},{\"@type\":\"ListItem\",\"position\":2,\"name\":\"Les livres\",\"item\":\"https:\/\/chtululu.be\/index.php\/livres-doccasion\/\"},{\"@type\":\"ListItem\",\"position\":3,\"name\":\"Appelez-moi Elvira &#8230;\"}]},{\"@type\":\"WebSite\",\"@id\":\"https:\/\/chtululu.be\/#website\",\"url\":\"https:\/\/chtululu.be\/\",\"name\":\"Le Chtululu\",\"description\":\"Votre librairie de seconde main \u00e0 Soignies\",\"publisher\":{\"@id\":\"https:\/\/chtululu.be\/#organization\"},\"potentialAction\":[{\"@type\":\"SearchAction\",\"target\":{\"@type\":\"EntryPoint\",\"urlTemplate\":\"https:\/\/chtululu.be\/?s={search_term_string}\"},\"query-input\":{\"@type\":\"PropertyValueSpecification\",\"valueRequired\":true,\"valueName\":\"search_term_string\"}}],\"inLanguage\":\"fr-FR\"},{\"@type\":\"Organization\",\"@id\":\"https:\/\/chtululu.be\/#organization\",\"name\":\"Le Chtululu\",\"url\":\"https:\/\/chtululu.be\/\",\"logo\":{\"@type\":\"ImageObject\",\"inLanguage\":\"fr-FR\",\"@id\":\"https:\/\/chtululu.be\/#\/schema\/logo\/image\/\",\"url\":\"https:\/\/chtululu.be\/wp-content\/uploads\/2016\/05\/logo-def-blanc.jpg\",\"contentUrl\":\"https:\/\/chtululu.be\/wp-content\/uploads\/2016\/05\/logo-def-blanc.jpg\",\"width\":2048,\"height\":1901,\"caption\":\"Le Chtululu\"},\"image\":{\"@id\":\"https:\/\/chtululu.be\/#\/schema\/logo\/image\/\"}}]}<\/script>\n<!-- \/ Yoast SEO plugin. -->","yoast_head_json":{"title":"Appelez-moi Elvira ... - Le Chtululu (gare de Soignies)","description":"Appelez-moi Elvira ... Traite des femmes et r\u00e9seaux p\u00e9dophilie en Belgique francophone. Enqu\u00eate et t\u00e9moignages. R\u00e9servez ce livre.","robots":{"index":"index","follow":"follow","max-snippet":"max-snippet:-1","max-image-preview":"max-image-preview:large","max-video-preview":"max-video-preview:-1"},"canonical":"https:\/\/chtululu.be\/index.php\/produit\/appelez-moi-elvira\/","og_locale":"fr_FR","og_type":"article","og_title":"Appelez-moi Elvira ... - Le Chtululu (gare de Soignies)","og_description":"Appelez-moi Elvira ... Traite des femmes et r\u00e9seaux p\u00e9dophilie en Belgique francophone. Enqu\u00eate et t\u00e9moignages. R\u00e9servez ce livre.","og_url":"https:\/\/chtululu.be\/index.php\/produit\/appelez-moi-elvira\/","og_site_name":"Le Chtululu","article_modified_time":"2022-12-28T17:41:55+00:00","og_image":[{"width":1920,"height":2560,"url":"https:\/\/chtululu.be\/wp-content\/uploads\/2021\/04\/Appelez-moi-Elvira-scaled.jpg","type":"image\/jpeg"}],"twitter_card":"summary_large_image","twitter_misc":{"Dur\u00e9e de lecture estim\u00e9e":"1 minute"},"schema":{"@context":"https:\/\/schema.org","@graph":[{"@type":"WebPage","@id":"https:\/\/chtululu.be\/index.php\/produit\/appelez-moi-elvira\/","url":"https:\/\/chtululu.be\/index.php\/produit\/appelez-moi-elvira\/","name":"Appelez-moi Elvira ... - Le Chtululu (gare de Soignies)","isPartOf":{"@id":"https:\/\/chtululu.be\/#website"},"primaryImageOfPage":{"@id":"https:\/\/chtululu.be\/index.php\/produit\/appelez-moi-elvira\/#primaryimage"},"image":{"@id":"https:\/\/chtululu.be\/index.php\/produit\/appelez-moi-elvira\/#primaryimage"},"thumbnailUrl":"https:\/\/chtululu.be\/wp-content\/uploads\/2021\/04\/Appelez-moi-Elvira-scaled.jpg","datePublished":"2021-04-18T13:25:13+00:00","dateModified":"2022-12-28T17:41:55+00:00","description":"Appelez-moi Elvira ... Traite des femmes et r\u00e9seaux p\u00e9dophilie en Belgique francophone. Enqu\u00eate et t\u00e9moignages. R\u00e9servez ce livre.","breadcrumb":{"@id":"https:\/\/chtululu.be\/index.php\/produit\/appelez-moi-elvira\/#breadcrumb"},"inLanguage":"fr-FR","potentialAction":[{"@type":"ReadAction","target":["https:\/\/chtululu.be\/index.php\/produit\/appelez-moi-elvira\/"]}]},{"@type":"ImageObject","inLanguage":"fr-FR","@id":"https:\/\/chtululu.be\/index.php\/produit\/appelez-moi-elvira\/#primaryimage","url":"https:\/\/chtululu.be\/wp-content\/uploads\/2021\/04\/Appelez-moi-Elvira-scaled.jpg","contentUrl":"https:\/\/chtululu.be\/wp-content\/uploads\/2021\/04\/Appelez-moi-Elvira-scaled.jpg","width":1920,"height":2560,"caption":"Appelez-moi Elvira ..."},{"@type":"BreadcrumbList","@id":"https:\/\/chtululu.be\/index.php\/produit\/appelez-moi-elvira\/#breadcrumb","itemListElement":[{"@type":"ListItem","position":1,"name":"Accueil","item":"https:\/\/chtululu.be\/"},{"@type":"ListItem","position":2,"name":"Les livres","item":"https:\/\/chtululu.be\/index.php\/livres-doccasion\/"},{"@type":"ListItem","position":3,"name":"Appelez-moi Elvira &#8230;"}]},{"@type":"WebSite","@id":"https:\/\/chtululu.be\/#website","url":"https:\/\/chtululu.be\/","name":"Le Chtululu","description":"Votre librairie de seconde main \u00e0 Soignies","publisher":{"@id":"https:\/\/chtululu.be\/#organization"},"potentialAction":[{"@type":"SearchAction","target":{"@type":"EntryPoint","urlTemplate":"https:\/\/chtululu.be\/?s={search_term_string}"},"query-input":{"@type":"PropertyValueSpecification","valueRequired":true,"valueName":"search_term_string"}}],"inLanguage":"fr-FR"},{"@type":"Organization","@id":"https:\/\/chtululu.be\/#organization","name":"Le Chtululu","url":"https:\/\/chtululu.be\/","logo":{"@type":"ImageObject","inLanguage":"fr-FR","@id":"https:\/\/chtululu.be\/#\/schema\/logo\/image\/","url":"https:\/\/chtululu.be\/wp-content\/uploads\/2016\/05\/logo-def-blanc.jpg","contentUrl":"https:\/\/chtululu.be\/wp-content\/uploads\/2016\/05\/logo-def-blanc.jpg","width":2048,"height":1901,"caption":"Le Chtululu"},"image":{"@id":"https:\/\/chtululu.be\/#\/schema\/logo\/image\/"}}]}},"_links":{"self":[{"href":"https:\/\/chtululu.be\/index.php\/wp-json\/wp\/v2\/product\/2517","targetHints":{"allow":["GET"]}}],"collection":[{"href":"https:\/\/chtululu.be\/index.php\/wp-json\/wp\/v2\/product"}],"about":[{"href":"https:\/\/chtululu.be\/index.php\/wp-json\/wp\/v2\/types\/product"}],"wp:featuredmedia":[{"embeddable":true,"href":"https:\/\/chtululu.be\/index.php\/wp-json\/wp\/v2\/media\/2518"}],"wp:attachment":[{"href":"https:\/\/chtululu.be\/index.php\/wp-json\/wp\/v2\/media?parent=2517"}],"wp:term":[{"taxonomy":"product_brand","embeddable":true,"href":"https:\/\/chtululu.be\/index.php\/wp-json\/wp\/v2\/product_brand?post=2517"},{"taxonomy":"product_cat","embeddable":true,"href":"https:\/\/chtululu.be\/index.php\/wp-json\/wp\/v2\/product_cat?post=2517"},{"taxonomy":"product_tag","embeddable":true,"href":"https:\/\/chtululu.be\/index.php\/wp-json\/wp\/v2\/product_tag?post=2517"}],"curies":[{"name":"wp","href":"https:\/\/api.w.org\/{rel}","templated":true}]}}