{"id":2434,"date":"2021-03-31T15:42:07","date_gmt":"2021-03-31T14:42:07","guid":{"rendered":"https:\/\/chtululu.be\/?post_type=product&#038;p=2434"},"modified":"2021-08-27T20:26:06","modified_gmt":"2021-08-27T19:26:06","slug":"liste-de-romans-edition-harlequin","status":"publish","type":"product","link":"https:\/\/chtululu.be\/index.php\/produit\/liste-de-romans-edition-harlequin\/","title":{"rendered":"Harlequin \u00e0 3\u20ac"},"content":{"rendered":"<h2>Harlequin \u00e0 3\u20ac<\/h2>\n<p>Un livre vous int\u00e9resse ? Ajoutez-le au panier et indiquez le titre en commentaire (derni\u00e8re \u00e9tape: Notes de commande). Si vous en avez s\u00e9lectionn\u00e9 plusieurs, adaptez tout simplement la quantit\u00e9.<\/p>\n<p>&nbsp;<\/p>\n<table width=\"710\">\n<tbody>\n<tr>\n<td width=\"80\"><strong>Num\u00e9ro<\/strong><\/td>\n<td width=\"212\"><strong>Titre 1<\/strong><\/td>\n<td width=\"203\"><strong>Titre 2<\/strong><\/td>\n<td width=\"135\"><strong>Collection<\/strong><\/td>\n<td width=\"80\"><strong>Prix<\/strong><\/td>\n<\/tr>\n<tr>\n<td>407<\/td>\n<td>La marque du pass\u00e9<\/td>\n<td>\u00e0 l&rsquo;\u00e9preuve de la v\u00e9rit\u00e9<\/td>\n<td>Black Rose<\/td>\n<td>3 \u20ac<\/td>\n<\/tr>\n<tr>\n<td>11<\/td>\n<td>L&rsquo;amant du bout du monde<\/td>\n<td>Le souffle du d\u00e9sir<\/td>\n<td>Passion<\/td>\n<td>3 \u20ac<\/td>\n<\/tr>\n<tr>\n<td>33<\/td>\n<td>Un h\u00e9ritier chez les Elliott<\/td>\n<td>L&rsquo;amour \u00e0 fleur de peau<\/td>\n<td>Passion<\/td>\n<td>3 \u20ac<\/td>\n<\/tr>\n<tr>\n<td>35<\/td>\n<td>Scandaleuse liaison<\/td>\n<td>Troublante passion<\/td>\n<td>Passion<\/td>\n<td>3 \u20ac<\/td>\n<\/tr>\n<tr>\n<td>58<\/td>\n<td>Une exquise vengeance<\/td>\n<td>Troublante alliance<\/td>\n<td>Passion<\/td>\n<td>3 \u20ac<\/td>\n<\/tr>\n<tr>\n<td>60<\/td>\n<td>Amants et rivaux<\/td>\n<td>Le secret de Sacha<\/td>\n<td>Passion<\/td>\n<td>3 \u20ac<\/td>\n<\/tr>\n<tr>\n<td>61<\/td>\n<td>La baie des secrets<\/td>\n<td>Un myst\u00e9rieux amant<\/td>\n<td>Passion<\/td>\n<td>3 \u20ac<\/td>\n<\/tr>\n<tr>\n<td>66<\/td>\n<td>Un c\u0153ur sous la neige<\/td>\n<td>Si longtemps loin de toi<\/td>\n<td>Passion<\/td>\n<td>3 \u20ac<\/td>\n<\/tr>\n<tr>\n<td>105<\/td>\n<td>L&rsquo;\u00e9t\u00e9 des secrets<\/td>\n<td>Bien plusqu&rsquo;une nuit<\/td>\n<td>Passion<\/td>\n<td>3 \u20ac<\/td>\n<\/tr>\n<tr>\n<td>112<\/td>\n<td>Au c\u0153ur du d\u00e9sert<\/td>\n<td>Rendez-vous sous les \u00e9toiles<\/td>\n<td>Passion<\/td>\n<td>3 \u20ac<\/td>\n<\/tr>\n<tr>\n<td>145<\/td>\n<td>L&rsquo;h\u00e9riti\u00e8re insoumise<\/td>\n<td>Ce d\u00e9sir dans tes yeux<\/td>\n<td>Passion<\/td>\n<td>3 \u20ac<\/td>\n<\/tr>\n<tr>\n<td>146<\/td>\n<td>La promesse d&rsquo;une nuit<\/td>\n<td>Une ma\u00eetresse inoubliable<\/td>\n<td>Passion<\/td>\n<td>3 \u20ac<\/td>\n<\/tr>\n<tr>\n<td>147<\/td>\n<td>Un enfant avec toi<\/td>\n<td>L&rsquo;h\u00e9riti\u00e8re amoureuse<\/td>\n<td>Passion<\/td>\n<td>3 \u20ac<\/td>\n<\/tr>\n<tr>\n<td>159<\/td>\n<td>Amoureuse d&rsquo;un inconnu<\/td>\n<td>Ce troublant secret<\/td>\n<td>Passion<\/td>\n<td>3 \u20ac<\/td>\n<\/tr>\n<tr>\n<td>177<\/td>\n<td>Au c\u0153ur de la passion<\/td>\n<td>La femme d&rsquo;un autre<\/td>\n<td>Passion<\/td>\n<td>3 \u20ac<\/td>\n<\/tr>\n<tr>\n<td>188<\/td>\n<td>Un homme \u00e0 s\u00e9duire<\/td>\n<td>L&rsquo;enfant d&rsquo;un Westmoreland<\/td>\n<td>Passion<\/td>\n<td>3 \u20ac<\/td>\n<\/tr>\n<tr>\n<td>198<\/td>\n<td>La force d&rsquo;une rencontre<\/td>\n<td>Une attirance irr\u00e9sistible<\/td>\n<td>Passion<\/td>\n<td>3 \u20ac<\/td>\n<\/tr>\n<tr>\n<td>202<\/td>\n<td>La femme interdite<\/td>\n<td>Un amant passionn\u00e9<\/td>\n<td>Passion<\/td>\n<td>3 \u20ac<\/td>\n<\/tr>\n<tr>\n<td>203<\/td>\n<td>Un mariage \u00e0 Castaldini<\/td>\n<td>De si troublants souvenirs\u2026<\/td>\n<td>Passion<\/td>\n<td>3 \u20ac<\/td>\n<\/tr>\n<tr>\n<td>205<\/td>\n<td>Scandale chez les Hardcastle<\/td>\n<td>S\u00e9duite par un milliardaire<\/td>\n<td>Passion<\/td>\n<td>3 \u20ac<\/td>\n<\/tr>\n<tr>\n<td>207<\/td>\n<td>Sous le charme d&rsquo;une h\u00e9riti\u00e8re<\/td>\n<td>Troublant sentiment<\/td>\n<td>Passion<\/td>\n<td>3 \u20ac<\/td>\n<\/tr>\n<tr>\n<td>211<\/td>\n<td>Une rencontre orageuse<\/td>\n<td>Un \u00e9t\u00e9 \u00e0 Belle Rose<\/td>\n<td>Passion<\/td>\n<td>3 \u20ac<\/td>\n<\/tr>\n<tr>\n<td>212<\/td>\n<td>Une nuit, un secret\u2026<\/td>\n<td>L&rsquo;amant de Tierra Rosa<\/td>\n<td>Passion<\/td>\n<td>3 \u20ac<\/td>\n<\/tr>\n<tr>\n<td>214<\/td>\n<td>Un r\u00eave irr\u00e9sistible<\/td>\n<td>L&rsquo;appel du d\u00e9sir<\/td>\n<td>Passion<\/td>\n<td>3 \u20ac<\/td>\n<\/tr>\n<tr>\n<td>215<\/td>\n<td>De br\u00fblants souvenirs<\/td>\n<td>Une si douce vengeance<\/td>\n<td>Passion<\/td>\n<td>3 \u20ac<\/td>\n<\/tr>\n<tr>\n<td>222<\/td>\n<td>Le secret d&rsquo;une h\u00e9riti\u00e8re<\/td>\n<td>L&rsquo;\u00e9clat de tes yeux bleus<\/td>\n<td>Passion<\/td>\n<td>3 \u20ac<\/td>\n<\/tr>\n<tr>\n<td>223<\/td>\n<td>L&rsquo;homme du d\u00e9sert<\/td>\n<td>Un si troublant souvenir<\/td>\n<td>Passion<\/td>\n<td>3 \u20ac<\/td>\n<\/tr>\n<tr>\n<td>239<\/td>\n<td>Une h\u00e9riti\u00e8re en fuite<\/td>\n<td>Les promessesde l&rsquo;hiver<\/td>\n<td>Passion<\/td>\n<td>3 \u20ac<\/td>\n<\/tr>\n<tr>\n<td>248<\/td>\n<td>La fianc\u00e9e de Sebastian Nikosto<\/td>\n<td>Un fascinant d\u00e9fi<\/td>\n<td>Passion<\/td>\n<td>3 \u20ac<\/td>\n<\/tr>\n<tr>\n<td>259<\/td>\n<td>Un s\u00e9duisant rival<\/td>\n<td>Br\u00fblante r\u00e9v\u00e9lation<\/td>\n<td>Passion<\/td>\n<td>3 \u20ac<\/td>\n<\/tr>\n<tr>\n<td>260<\/td>\n<td>Le souvenir d&rsquo;une \u00e9treinte<\/td>\n<td>Une envo\u00fbtante attirance<\/td>\n<td>Passion<\/td>\n<td>3 \u20ac<\/td>\n<\/tr>\n<tr>\n<td>262<\/td>\n<td>Amoureuse d&rsquo;un Dante<\/td>\n<td>Sentiments secrets<\/td>\n<td>Passion<\/td>\n<td>3 \u20ac<\/td>\n<\/tr>\n<tr>\n<td>275<\/td>\n<td>L&rsquo;amant aux yeux verts<\/td>\n<td>Un sentiment inattendu<\/td>\n<td>Passion<\/td>\n<td>3 \u20ac<\/td>\n<\/tr>\n<tr>\n<td>282<\/td>\n<td>Audacieux arrangement<\/td>\n<td>Le souvenir d&rsquo;une liaison<\/td>\n<td>Passion<\/td>\n<td>3 \u20ac<\/td>\n<\/tr>\n<tr>\n<td>284<\/td>\n<td>Une h\u00e9riti\u00e8re tr\u00e8s secr\u00e8te<\/td>\n<td>Ce serment entre nous<\/td>\n<td>Passion<\/td>\n<td>3 \u20ac<\/td>\n<\/tr>\n<tr>\n<td>287<\/td>\n<td>La vall\u00e9e de la passion<\/td>\n<td>Souvenirs br\u00fblants<\/td>\n<td>Passion<\/td>\n<td>3 \u20ac<\/td>\n<\/tr>\n<tr>\n<td>288<\/td>\n<td>Envo\u00fbtante tentation<\/td>\n<td>L&rsquo;inconnue de Thunder Canyon<\/td>\n<td>Passion<\/td>\n<td>3 \u20ac<\/td>\n<\/tr>\n<tr>\n<td>289<\/td>\n<td>S\u00e9duction interdite<\/td>\n<td>Le retour de Rafe Mendoza<\/td>\n<td>Passion<\/td>\n<td>3 \u20ac<\/td>\n<\/tr>\n<tr>\n<td>290<\/td>\n<td>La plus belle des promesses<\/td>\n<td>Un secret sur le rig-vage<\/td>\n<td>Passion<\/td>\n<td>3 \u20ac<\/td>\n<\/tr>\n<tr>\n<td>304<\/td>\n<td>Un mariage chez les Dante<\/td>\n<td>Une \u00e9tincelle de d\u00e9sir<\/td>\n<td>Passion<\/td>\n<td>3 \u20ac<\/td>\n<\/tr>\n<tr>\n<td>307<\/td>\n<td>Un scandaleux mariage<\/td>\n<td>Ce troublant aveu<\/td>\n<td>Passion<\/td>\n<td>3 \u20ac<\/td>\n<\/tr>\n<tr>\n<td>315<\/td>\n<td>Un \u00e9t\u00e9 plein de promesses<\/td>\n<td>La br\u00fblure des sentiments<\/td>\n<td>Passion<\/td>\n<td>3 \u20ac<\/td>\n<\/tr>\n<tr>\n<td>324<\/td>\n<td>L&rsquo;h\u00e9ritier des Montoya<\/td>\n<td>De si douce retrouvailles<\/td>\n<td>Passion<\/td>\n<td>3 \u20ac<\/td>\n<\/tr>\n<tr>\n<td>547<\/td>\n<td>Toi, et rien d&rsquo;autre<\/td>\n<td>Una chance insp\u00e9r\u00e9e<\/td>\n<td>Passion<\/td>\n<td>3 \u20ac<\/td>\n<\/tr>\n<tr>\n<td>581<\/td>\n<td>Mari\u00e9e..ou presque<\/td>\n<td>Une alliance surgie du pass\u00e9<\/td>\n<td>Passion<\/td>\n<td>3 \u20ac<\/td>\n<\/tr>\n<tr>\n<td>582<\/td>\n<td>P\u00e8re de famille ou s\u00e9ducteur ?<\/td>\n<td>Les surprises de la destin\u00e9e<\/td>\n<td>Passion<\/td>\n<td>3 \u20ac<\/td>\n<\/tr>\n<tr>\n<td>590<\/td>\n<td>Le c\u0153ur trahi<\/td>\n<td>Trois enfants \u00e0 aimer<\/td>\n<td>Passion<\/td>\n<td>3 \u20ac<\/td>\n<\/tr>\n<tr>\n<td>591<\/td>\n<td>D\u00e9sis sous la soleil<\/td>\n<td>L&rsquo;h\u00e9ritier des Montoro<\/td>\n<td>Passion<\/td>\n<td>3 \u20ac<\/td>\n<\/tr>\n<tr>\n<td>600<\/td>\n<td>Le faux mariage d&rsquo;un fortune<\/td>\n<td>L&rsquo;amour \u00e0 toute \u00e9preuve<\/td>\n<td>Passion<\/td>\n<td>3 \u20ac<\/td>\n<\/tr>\n<tr>\n<td>606<\/td>\n<td>4 Nouvelles<\/td>\n<td>4 nouvelles<\/td>\n<td>Passion<\/td>\n<td>3 \u20ac<\/td>\n<\/tr>\n<tr>\n<td>616<\/td>\n<td>Sensuelle ennemie<\/td>\n<td>Le d\u00e9sir d\u00e9fendu<\/td>\n<td>Passion<\/td>\n<td>3 \u20ac<\/td>\n<\/tr>\n<tr>\n<td>617<\/td>\n<td>Neuf mois pour t&rsquo;acceuillir<\/td>\n<td>Un secret \u00e0 d\u00e9couvrir<\/td>\n<td>Passion<\/td>\n<td>3 \u20ac<\/td>\n<\/tr>\n<tr>\n<td>622<\/td>\n<td>Si pr\u00e8s de la tentation<\/td>\n<td>L&rsquo;h\u00e9ritier cach\u00e9<\/td>\n<td>Passion<\/td>\n<td>3 \u20ac<\/td>\n<\/tr>\n<tr>\n<td>632<\/td>\n<td>Fianc\u00e9e \u00e0 son patron<\/td>\n<td>L&rsquo;amour pour destin<\/td>\n<td>Passion<\/td>\n<td>3 \u20ac<\/td>\n<\/tr>\n<tr>\n<td>1425<\/td>\n<td>Les surprises de la passion<\/td>\n<td>La plus belle preuve d&rsquo;amour<\/td>\n<td>Passion<\/td>\n<td>3 \u20ac<\/td>\n<\/tr>\n<tr>\n<td>1429<\/td>\n<td>Un troublant petit jeu<\/td>\n<td>Le c\u0153ur a ses raisons\u2026<\/td>\n<td>Passion<\/td>\n<td>3 \u20ac<\/td>\n<\/tr>\n<tr>\n<td>HS<\/td>\n<td>Coup de foudre pour Vito Cesare<\/td>\n<td>2 autres r\u00e9cits<\/td>\n<td>Passion<\/td>\n<td>3 \u20ac<\/td>\n<\/tr>\n<tr>\n<td>HS<\/td>\n<td>Un mois pour s&rsquo;aimer<\/td>\n<td>2 autres r\u00e9cits<\/td>\n<td>Passion<\/td>\n<td>3 \u20ac<\/td>\n<\/tr>\n<\/tbody>\n<\/table>\n","protected":false},"excerpt":{"rendered":"<p>Liste de romans Harlequin \u00e0 3\u20ac<\/p>\n","protected":false},"featured_media":2435,"template":"","meta":{"_acf_changed":false,"_exactmetrics_skip_tracking":false,"_exactmetrics_sitenote_active":false,"_exactmetrics_sitenote_note":"","_exactmetrics_sitenote_category":0},"product_brand":[],"product_cat":[24],"product_tag":[405],"class_list":{"0":"post-2434","1":"product","2":"type-product","3":"status-publish","4":"has-post-thumbnail","6":"product_cat-roman","7":"product_tag-harlequin","9":"first","10":"instock","11":"taxable","12":"shipping-taxable","13":"purchasable","14":"product-type-simple"},"acf":[],"yoast_head":"<!-- This site is optimized with the Yoast SEO plugin v26.6 - https:\/\/yoast.com\/wordpress\/plugins\/seo\/ -->\n<title>Harlequin \u00e0 3\u20ac en seconde main - Le Chtululu \u00e0 la gare de Soignies<\/title>\n<meta name=\"description\" content=\"Une liste de romans Harlequin \u00e0 3\u20ac est disponible en seconde main au Chtululu. (gare de Soignies) D\u00e9couvrez-les maintenant !\" \/>\n<meta name=\"robots\" content=\"index, follow, max-snippet:-1, max-image-preview:large, max-video-preview:-1\" \/>\n<link rel=\"canonical\" href=\"https:\/\/chtululu.be\/index.php\/produit\/liste-de-romans-edition-harlequin\/\" \/>\n<meta property=\"og:locale\" content=\"fr_FR\" \/>\n<meta property=\"og:type\" content=\"article\" \/>\n<meta property=\"og:title\" content=\"Harlequin \u00e0 3\u20ac en seconde main - Le Chtululu \u00e0 la gare de Soignies\" \/>\n<meta property=\"og:description\" content=\"Une liste de romans Harlequin \u00e0 3\u20ac est disponible en seconde main au Chtululu. (gare de Soignies) D\u00e9couvrez-les maintenant !\" \/>\n<meta property=\"og:url\" content=\"https:\/\/chtululu.be\/index.php\/produit\/liste-de-romans-edition-harlequin\/\" \/>\n<meta property=\"og:site_name\" content=\"Le Chtululu\" \/>\n<meta property=\"article:modified_time\" content=\"2021-08-27T19:26:06+00:00\" \/>\n<meta property=\"og:image\" content=\"https:\/\/chtululu.be\/wp-content\/uploads\/2021\/03\/Harlequin-scaled.jpg\" \/>\n\t<meta property=\"og:image:width\" content=\"2560\" \/>\n\t<meta property=\"og:image:height\" content=\"1920\" \/>\n\t<meta property=\"og:image:type\" content=\"image\/jpeg\" \/>\n<meta name=\"twitter:card\" content=\"summary_large_image\" \/>\n<meta name=\"twitter:label1\" content=\"Dur\u00e9e de lecture estim\u00e9e\" \/>\n\t<meta name=\"twitter:data1\" content=\"4 minutes\" \/>\n<script type=\"application\/ld+json\" class=\"yoast-schema-graph\">{\"@context\":\"https:\/\/schema.org\",\"@graph\":[{\"@type\":\"WebPage\",\"@id\":\"https:\/\/chtululu.be\/index.php\/produit\/liste-de-romans-edition-harlequin\/\",\"url\":\"https:\/\/chtululu.be\/index.php\/produit\/liste-de-romans-edition-harlequin\/\",\"name\":\"Harlequin \u00e0 3\u20ac en seconde main - Le Chtululu \u00e0 la gare de Soignies\",\"isPartOf\":{\"@id\":\"https:\/\/chtululu.be\/#website\"},\"primaryImageOfPage\":{\"@id\":\"https:\/\/chtululu.be\/index.php\/produit\/liste-de-romans-edition-harlequin\/#primaryimage\"},\"image\":{\"@id\":\"https:\/\/chtululu.be\/index.php\/produit\/liste-de-romans-edition-harlequin\/#primaryimage\"},\"thumbnailUrl\":\"https:\/\/chtululu.be\/wp-content\/uploads\/2021\/03\/Harlequin-scaled.jpg\",\"datePublished\":\"2021-03-31T14:42:07+00:00\",\"dateModified\":\"2021-08-27T19:26:06+00:00\",\"description\":\"Une liste de romans Harlequin \u00e0 3\u20ac est disponible en seconde main au Chtululu. (gare de Soignies) D\u00e9couvrez-les maintenant !\",\"breadcrumb\":{\"@id\":\"https:\/\/chtululu.be\/index.php\/produit\/liste-de-romans-edition-harlequin\/#breadcrumb\"},\"inLanguage\":\"fr-FR\",\"potentialAction\":[{\"@type\":\"ReadAction\",\"target\":[\"https:\/\/chtululu.be\/index.php\/produit\/liste-de-romans-edition-harlequin\/\"]}]},{\"@type\":\"ImageObject\",\"inLanguage\":\"fr-FR\",\"@id\":\"https:\/\/chtululu.be\/index.php\/produit\/liste-de-romans-edition-harlequin\/#primaryimage\",\"url\":\"https:\/\/chtululu.be\/wp-content\/uploads\/2021\/03\/Harlequin-scaled.jpg\",\"contentUrl\":\"https:\/\/chtululu.be\/wp-content\/uploads\/2021\/03\/Harlequin-scaled.jpg\",\"width\":2560,\"height\":1920,\"caption\":\"Harlequin \u00e0 2\u20ac\"},{\"@type\":\"BreadcrumbList\",\"@id\":\"https:\/\/chtululu.be\/index.php\/produit\/liste-de-romans-edition-harlequin\/#breadcrumb\",\"itemListElement\":[{\"@type\":\"ListItem\",\"position\":1,\"name\":\"Accueil\",\"item\":\"https:\/\/chtululu.be\/\"},{\"@type\":\"ListItem\",\"position\":2,\"name\":\"Les livres\",\"item\":\"https:\/\/chtululu.be\/index.php\/livres-doccasion\/\"},{\"@type\":\"ListItem\",\"position\":3,\"name\":\"Harlequin \u00e0 3\u20ac\"}]},{\"@type\":\"WebSite\",\"@id\":\"https:\/\/chtululu.be\/#website\",\"url\":\"https:\/\/chtululu.be\/\",\"name\":\"Le Chtululu\",\"description\":\"Votre librairie de seconde main \u00e0 Soignies\",\"publisher\":{\"@id\":\"https:\/\/chtululu.be\/#organization\"},\"potentialAction\":[{\"@type\":\"SearchAction\",\"target\":{\"@type\":\"EntryPoint\",\"urlTemplate\":\"https:\/\/chtululu.be\/?s={search_term_string}\"},\"query-input\":{\"@type\":\"PropertyValueSpecification\",\"valueRequired\":true,\"valueName\":\"search_term_string\"}}],\"inLanguage\":\"fr-FR\"},{\"@type\":\"Organization\",\"@id\":\"https:\/\/chtululu.be\/#organization\",\"name\":\"Le Chtululu\",\"url\":\"https:\/\/chtululu.be\/\",\"logo\":{\"@type\":\"ImageObject\",\"inLanguage\":\"fr-FR\",\"@id\":\"https:\/\/chtululu.be\/#\/schema\/logo\/image\/\",\"url\":\"https:\/\/chtululu.be\/wp-content\/uploads\/2016\/05\/logo-def-blanc.jpg\",\"contentUrl\":\"https:\/\/chtululu.be\/wp-content\/uploads\/2016\/05\/logo-def-blanc.jpg\",\"width\":2048,\"height\":1901,\"caption\":\"Le Chtululu\"},\"image\":{\"@id\":\"https:\/\/chtululu.be\/#\/schema\/logo\/image\/\"}}]}<\/script>\n<!-- \/ Yoast SEO plugin. -->","yoast_head_json":{"title":"Harlequin \u00e0 3\u20ac en seconde main - Le Chtululu \u00e0 la gare de Soignies","description":"Une liste de romans Harlequin \u00e0 3\u20ac est disponible en seconde main au Chtululu. (gare de Soignies) D\u00e9couvrez-les maintenant !","robots":{"index":"index","follow":"follow","max-snippet":"max-snippet:-1","max-image-preview":"max-image-preview:large","max-video-preview":"max-video-preview:-1"},"canonical":"https:\/\/chtululu.be\/index.php\/produit\/liste-de-romans-edition-harlequin\/","og_locale":"fr_FR","og_type":"article","og_title":"Harlequin \u00e0 3\u20ac en seconde main - Le Chtululu \u00e0 la gare de Soignies","og_description":"Une liste de romans Harlequin \u00e0 3\u20ac est disponible en seconde main au Chtululu. (gare de Soignies) D\u00e9couvrez-les maintenant !","og_url":"https:\/\/chtululu.be\/index.php\/produit\/liste-de-romans-edition-harlequin\/","og_site_name":"Le Chtululu","article_modified_time":"2021-08-27T19:26:06+00:00","og_image":[{"width":2560,"height":1920,"url":"https:\/\/chtululu.be\/wp-content\/uploads\/2021\/03\/Harlequin-scaled.jpg","type":"image\/jpeg"}],"twitter_card":"summary_large_image","twitter_misc":{"Dur\u00e9e de lecture estim\u00e9e":"4 minutes"},"schema":{"@context":"https:\/\/schema.org","@graph":[{"@type":"WebPage","@id":"https:\/\/chtululu.be\/index.php\/produit\/liste-de-romans-edition-harlequin\/","url":"https:\/\/chtululu.be\/index.php\/produit\/liste-de-romans-edition-harlequin\/","name":"Harlequin \u00e0 3\u20ac en seconde main - Le Chtululu \u00e0 la gare de Soignies","isPartOf":{"@id":"https:\/\/chtululu.be\/#website"},"primaryImageOfPage":{"@id":"https:\/\/chtululu.be\/index.php\/produit\/liste-de-romans-edition-harlequin\/#primaryimage"},"image":{"@id":"https:\/\/chtululu.be\/index.php\/produit\/liste-de-romans-edition-harlequin\/#primaryimage"},"thumbnailUrl":"https:\/\/chtululu.be\/wp-content\/uploads\/2021\/03\/Harlequin-scaled.jpg","datePublished":"2021-03-31T14:42:07+00:00","dateModified":"2021-08-27T19:26:06+00:00","description":"Une liste de romans Harlequin \u00e0 3\u20ac est disponible en seconde main au Chtululu. (gare de Soignies) D\u00e9couvrez-les maintenant !","breadcrumb":{"@id":"https:\/\/chtululu.be\/index.php\/produit\/liste-de-romans-edition-harlequin\/#breadcrumb"},"inLanguage":"fr-FR","potentialAction":[{"@type":"ReadAction","target":["https:\/\/chtululu.be\/index.php\/produit\/liste-de-romans-edition-harlequin\/"]}]},{"@type":"ImageObject","inLanguage":"fr-FR","@id":"https:\/\/chtululu.be\/index.php\/produit\/liste-de-romans-edition-harlequin\/#primaryimage","url":"https:\/\/chtululu.be\/wp-content\/uploads\/2021\/03\/Harlequin-scaled.jpg","contentUrl":"https:\/\/chtululu.be\/wp-content\/uploads\/2021\/03\/Harlequin-scaled.jpg","width":2560,"height":1920,"caption":"Harlequin \u00e0 2\u20ac"},{"@type":"BreadcrumbList","@id":"https:\/\/chtululu.be\/index.php\/produit\/liste-de-romans-edition-harlequin\/#breadcrumb","itemListElement":[{"@type":"ListItem","position":1,"name":"Accueil","item":"https:\/\/chtululu.be\/"},{"@type":"ListItem","position":2,"name":"Les livres","item":"https:\/\/chtululu.be\/index.php\/livres-doccasion\/"},{"@type":"ListItem","position":3,"name":"Harlequin \u00e0 3\u20ac"}]},{"@type":"WebSite","@id":"https:\/\/chtululu.be\/#website","url":"https:\/\/chtululu.be\/","name":"Le Chtululu","description":"Votre librairie de seconde main \u00e0 Soignies","publisher":{"@id":"https:\/\/chtululu.be\/#organization"},"potentialAction":[{"@type":"SearchAction","target":{"@type":"EntryPoint","urlTemplate":"https:\/\/chtululu.be\/?s={search_term_string}"},"query-input":{"@type":"PropertyValueSpecification","valueRequired":true,"valueName":"search_term_string"}}],"inLanguage":"fr-FR"},{"@type":"Organization","@id":"https:\/\/chtululu.be\/#organization","name":"Le Chtululu","url":"https:\/\/chtululu.be\/","logo":{"@type":"ImageObject","inLanguage":"fr-FR","@id":"https:\/\/chtululu.be\/#\/schema\/logo\/image\/","url":"https:\/\/chtululu.be\/wp-content\/uploads\/2016\/05\/logo-def-blanc.jpg","contentUrl":"https:\/\/chtululu.be\/wp-content\/uploads\/2016\/05\/logo-def-blanc.jpg","width":2048,"height":1901,"caption":"Le Chtululu"},"image":{"@id":"https:\/\/chtululu.be\/#\/schema\/logo\/image\/"}}]}},"_links":{"self":[{"href":"https:\/\/chtululu.be\/index.php\/wp-json\/wp\/v2\/product\/2434","targetHints":{"allow":["GET"]}}],"collection":[{"href":"https:\/\/chtululu.be\/index.php\/wp-json\/wp\/v2\/product"}],"about":[{"href":"https:\/\/chtululu.be\/index.php\/wp-json\/wp\/v2\/types\/product"}],"wp:featuredmedia":[{"embeddable":true,"href":"https:\/\/chtululu.be\/index.php\/wp-json\/wp\/v2\/media\/2435"}],"wp:attachment":[{"href":"https:\/\/chtululu.be\/index.php\/wp-json\/wp\/v2\/media?parent=2434"}],"wp:term":[{"taxonomy":"product_brand","embeddable":true,"href":"https:\/\/chtululu.be\/index.php\/wp-json\/wp\/v2\/product_brand?post=2434"},{"taxonomy":"product_cat","embeddable":true,"href":"https:\/\/chtululu.be\/index.php\/wp-json\/wp\/v2\/product_cat?post=2434"},{"taxonomy":"product_tag","embeddable":true,"href":"https:\/\/chtululu.be\/index.php\/wp-json\/wp\/v2\/product_tag?post=2434"}],"curies":[{"name":"wp","href":"https:\/\/api.w.org\/{rel}","templated":true}]}}