{"id":2375,"date":"2021-03-26T16:34:47","date_gmt":"2021-03-26T15:34:47","guid":{"rendered":"https:\/\/chtululu.be\/?post_type=product&#038;p=2375"},"modified":"2023-09-30T19:34:29","modified_gmt":"2023-09-30T18:34:29","slug":"contes-et-recits-23-livres","status":"publish","type":"product","link":"https:\/\/chtululu.be\/index.php\/produit\/contes-et-recits-23-livres\/","title":{"rendered":"Contes et r\u00e9cits (23 livres)"},"content":{"rendered":"<p>Contes et r\u00e9cits (23 livres)<\/p>\n<p>Disponible au lot (50\u20ac)<\/p>\n<ul>\n<li>Poucette,<\/li>\n<li>La Belle au Bois dormant,<\/li>\n<li>La petite table l&rsquo;\u00e2ne et le b\u00e2ton,<\/li>\n<li>La petite sir\u00e8ne,<\/li>\n<li>La petite fille aux allumettes,<\/li>\n<li>Le vaillant petit tailleur,<\/li>\n<li>Le vilain petit canard,<\/li>\n<li>L&rsquo;\u00e9lixir de vie,<\/li>\n<li>Le petit Poucet,<\/li>\n<li>Heidi,<\/li>\n<li>Les sept corbeaux,<\/li>\n<li>La fille du roi et la grenouille,<\/li>\n<li>Abou-Kir et Abou-Sir,<\/li>\n<li>La gardeuse d&rsquo;oies,<\/li>\n<li>Le loup et les sept chevreaux,<\/li>\n<li>Les musiciens de Br\u00eame,<\/li>\n<li>La princesse et le chevalier,<\/li>\n<li>Aladin et la lampe merveilleuse,<\/li>\n<li>L&rsquo;astucieuse fille du paysan,<\/li>\n<li>Hansel et Gretel,<\/li>\n<li>La l\u00e9gende de Tyl l&rsquo;espi\u00e8gle,<\/li>\n<li>Le chat bott\u00e9,<\/li>\n<li>La princesse captive.<\/li>\n<\/ul>\n<p>&nbsp;<\/p>\n","protected":false},"excerpt":{"rendered":"<h4>Contes et r\u00e9cits (23 livres)<\/h4>\n","protected":false},"featured_media":2376,"template":"","meta":{"_acf_changed":false,"_exactmetrics_skip_tracking":false,"_exactmetrics_sitenote_active":false,"_exactmetrics_sitenote_note":"","_exactmetrics_sitenote_category":0},"product_brand":[],"product_cat":[280],"product_tag":[],"class_list":{"0":"post-2375","1":"product","2":"type-product","3":"status-publish","4":"has-post-thumbnail","6":"product_cat-jeunesse","8":"first","9":"outofstock","10":"sold-individually","11":"taxable","12":"shipping-taxable","13":"purchasable","14":"product-type-simple"},"acf":[],"yoast_head":"<!-- This site is optimized with the Yoast SEO plugin v26.6 - https:\/\/yoast.com\/wordpress\/plugins\/seo\/ -->\n<title>Contes et r\u00e9cits (23 livres) au Chtululu<\/title>\n<meta name=\"description\" content=\"Des livres jeunesses Contes et r\u00e9cits \u00e9dition Christophe Colomb (23 livres) sont disponible en seconde main au Chtululu (gare de Soignies).\" \/>\n<meta name=\"robots\" content=\"index, follow, max-snippet:-1, max-image-preview:large, max-video-preview:-1\" \/>\n<link rel=\"canonical\" href=\"https:\/\/chtululu.be\/index.php\/produit\/contes-et-recits-23-livres\/\" \/>\n<meta property=\"og:locale\" content=\"fr_FR\" \/>\n<meta property=\"og:type\" content=\"article\" \/>\n<meta property=\"og:title\" content=\"Contes et r\u00e9cits (23 livres) au Chtululu\" \/>\n<meta property=\"og:description\" content=\"Des livres jeunesses Contes et r\u00e9cits \u00e9dition Christophe Colomb (23 livres) sont disponible en seconde main au Chtululu (gare de Soignies).\" \/>\n<meta property=\"og:url\" content=\"https:\/\/chtululu.be\/index.php\/produit\/contes-et-recits-23-livres\/\" \/>\n<meta property=\"og:site_name\" content=\"Le Chtululu\" \/>\n<meta property=\"article:modified_time\" content=\"2023-09-30T18:34:29+00:00\" \/>\n<meta property=\"og:image\" content=\"https:\/\/chtululu.be\/wp-content\/uploads\/2021\/03\/Livre-de-compte-belle-photo-scaled.jpg\" \/>\n\t<meta property=\"og:image:width\" content=\"2560\" \/>\n\t<meta property=\"og:image:height\" content=\"1920\" \/>\n\t<meta property=\"og:image:type\" content=\"image\/jpeg\" \/>\n<meta name=\"twitter:card\" content=\"summary_large_image\" \/>\n<meta name=\"twitter:label1\" content=\"Dur\u00e9e de lecture estim\u00e9e\" \/>\n\t<meta name=\"twitter:data1\" content=\"1 minute\" \/>\n<script type=\"application\/ld+json\" class=\"yoast-schema-graph\">{\"@context\":\"https:\/\/schema.org\",\"@graph\":[{\"@type\":\"WebPage\",\"@id\":\"https:\/\/chtululu.be\/index.php\/produit\/contes-et-recits-23-livres\/\",\"url\":\"https:\/\/chtululu.be\/index.php\/produit\/contes-et-recits-23-livres\/\",\"name\":\"Contes et r\u00e9cits (23 livres) au Chtululu\",\"isPartOf\":{\"@id\":\"https:\/\/chtululu.be\/#website\"},\"primaryImageOfPage\":{\"@id\":\"https:\/\/chtululu.be\/index.php\/produit\/contes-et-recits-23-livres\/#primaryimage\"},\"image\":{\"@id\":\"https:\/\/chtululu.be\/index.php\/produit\/contes-et-recits-23-livres\/#primaryimage\"},\"thumbnailUrl\":\"https:\/\/chtululu.be\/wp-content\/uploads\/2021\/03\/Livre-de-compte-belle-photo-scaled.jpg\",\"datePublished\":\"2021-03-26T15:34:47+00:00\",\"dateModified\":\"2023-09-30T18:34:29+00:00\",\"description\":\"Des livres jeunesses Contes et r\u00e9cits \u00e9dition Christophe Colomb (23 livres) sont disponible en seconde main au Chtululu (gare de Soignies).\",\"breadcrumb\":{\"@id\":\"https:\/\/chtululu.be\/index.php\/produit\/contes-et-recits-23-livres\/#breadcrumb\"},\"inLanguage\":\"fr-FR\",\"potentialAction\":[{\"@type\":\"ReadAction\",\"target\":[\"https:\/\/chtululu.be\/index.php\/produit\/contes-et-recits-23-livres\/\"]}]},{\"@type\":\"ImageObject\",\"inLanguage\":\"fr-FR\",\"@id\":\"https:\/\/chtululu.be\/index.php\/produit\/contes-et-recits-23-livres\/#primaryimage\",\"url\":\"https:\/\/chtululu.be\/wp-content\/uploads\/2021\/03\/Livre-de-compte-belle-photo-scaled.jpg\",\"contentUrl\":\"https:\/\/chtululu.be\/wp-content\/uploads\/2021\/03\/Livre-de-compte-belle-photo-scaled.jpg\",\"width\":2560,\"height\":1920,\"caption\":\"Contes et r\u00e9cits\"},{\"@type\":\"BreadcrumbList\",\"@id\":\"https:\/\/chtululu.be\/index.php\/produit\/contes-et-recits-23-livres\/#breadcrumb\",\"itemListElement\":[{\"@type\":\"ListItem\",\"position\":1,\"name\":\"Accueil\",\"item\":\"https:\/\/chtululu.be\/\"},{\"@type\":\"ListItem\",\"position\":2,\"name\":\"Les livres\",\"item\":\"https:\/\/chtululu.be\/index.php\/livres-doccasion\/\"},{\"@type\":\"ListItem\",\"position\":3,\"name\":\"Contes et r\u00e9cits (23 livres)\"}]},{\"@type\":\"WebSite\",\"@id\":\"https:\/\/chtululu.be\/#website\",\"url\":\"https:\/\/chtululu.be\/\",\"name\":\"Le Chtululu\",\"description\":\"Votre librairie de seconde main \u00e0 Soignies\",\"publisher\":{\"@id\":\"https:\/\/chtululu.be\/#organization\"},\"potentialAction\":[{\"@type\":\"SearchAction\",\"target\":{\"@type\":\"EntryPoint\",\"urlTemplate\":\"https:\/\/chtululu.be\/?s={search_term_string}\"},\"query-input\":{\"@type\":\"PropertyValueSpecification\",\"valueRequired\":true,\"valueName\":\"search_term_string\"}}],\"inLanguage\":\"fr-FR\"},{\"@type\":\"Organization\",\"@id\":\"https:\/\/chtululu.be\/#organization\",\"name\":\"Le Chtululu\",\"url\":\"https:\/\/chtululu.be\/\",\"logo\":{\"@type\":\"ImageObject\",\"inLanguage\":\"fr-FR\",\"@id\":\"https:\/\/chtululu.be\/#\/schema\/logo\/image\/\",\"url\":\"https:\/\/chtululu.be\/wp-content\/uploads\/2016\/05\/logo-def-blanc.jpg\",\"contentUrl\":\"https:\/\/chtululu.be\/wp-content\/uploads\/2016\/05\/logo-def-blanc.jpg\",\"width\":2048,\"height\":1901,\"caption\":\"Le Chtululu\"},\"image\":{\"@id\":\"https:\/\/chtululu.be\/#\/schema\/logo\/image\/\"}}]}<\/script>\n<!-- \/ Yoast SEO plugin. -->","yoast_head_json":{"title":"Contes et r\u00e9cits (23 livres) au Chtululu","description":"Des livres jeunesses Contes et r\u00e9cits \u00e9dition Christophe Colomb (23 livres) sont disponible en seconde main au Chtululu (gare de Soignies).","robots":{"index":"index","follow":"follow","max-snippet":"max-snippet:-1","max-image-preview":"max-image-preview:large","max-video-preview":"max-video-preview:-1"},"canonical":"https:\/\/chtululu.be\/index.php\/produit\/contes-et-recits-23-livres\/","og_locale":"fr_FR","og_type":"article","og_title":"Contes et r\u00e9cits (23 livres) au Chtululu","og_description":"Des livres jeunesses Contes et r\u00e9cits \u00e9dition Christophe Colomb (23 livres) sont disponible en seconde main au Chtululu (gare de Soignies).","og_url":"https:\/\/chtululu.be\/index.php\/produit\/contes-et-recits-23-livres\/","og_site_name":"Le Chtululu","article_modified_time":"2023-09-30T18:34:29+00:00","og_image":[{"width":2560,"height":1920,"url":"https:\/\/chtululu.be\/wp-content\/uploads\/2021\/03\/Livre-de-compte-belle-photo-scaled.jpg","type":"image\/jpeg"}],"twitter_card":"summary_large_image","twitter_misc":{"Dur\u00e9e de lecture estim\u00e9e":"1 minute"},"schema":{"@context":"https:\/\/schema.org","@graph":[{"@type":"WebPage","@id":"https:\/\/chtululu.be\/index.php\/produit\/contes-et-recits-23-livres\/","url":"https:\/\/chtululu.be\/index.php\/produit\/contes-et-recits-23-livres\/","name":"Contes et r\u00e9cits (23 livres) au Chtululu","isPartOf":{"@id":"https:\/\/chtululu.be\/#website"},"primaryImageOfPage":{"@id":"https:\/\/chtululu.be\/index.php\/produit\/contes-et-recits-23-livres\/#primaryimage"},"image":{"@id":"https:\/\/chtululu.be\/index.php\/produit\/contes-et-recits-23-livres\/#primaryimage"},"thumbnailUrl":"https:\/\/chtululu.be\/wp-content\/uploads\/2021\/03\/Livre-de-compte-belle-photo-scaled.jpg","datePublished":"2021-03-26T15:34:47+00:00","dateModified":"2023-09-30T18:34:29+00:00","description":"Des livres jeunesses Contes et r\u00e9cits \u00e9dition Christophe Colomb (23 livres) sont disponible en seconde main au Chtululu (gare de Soignies).","breadcrumb":{"@id":"https:\/\/chtululu.be\/index.php\/produit\/contes-et-recits-23-livres\/#breadcrumb"},"inLanguage":"fr-FR","potentialAction":[{"@type":"ReadAction","target":["https:\/\/chtululu.be\/index.php\/produit\/contes-et-recits-23-livres\/"]}]},{"@type":"ImageObject","inLanguage":"fr-FR","@id":"https:\/\/chtululu.be\/index.php\/produit\/contes-et-recits-23-livres\/#primaryimage","url":"https:\/\/chtululu.be\/wp-content\/uploads\/2021\/03\/Livre-de-compte-belle-photo-scaled.jpg","contentUrl":"https:\/\/chtululu.be\/wp-content\/uploads\/2021\/03\/Livre-de-compte-belle-photo-scaled.jpg","width":2560,"height":1920,"caption":"Contes et r\u00e9cits"},{"@type":"BreadcrumbList","@id":"https:\/\/chtululu.be\/index.php\/produit\/contes-et-recits-23-livres\/#breadcrumb","itemListElement":[{"@type":"ListItem","position":1,"name":"Accueil","item":"https:\/\/chtululu.be\/"},{"@type":"ListItem","position":2,"name":"Les livres","item":"https:\/\/chtululu.be\/index.php\/livres-doccasion\/"},{"@type":"ListItem","position":3,"name":"Contes et r\u00e9cits (23 livres)"}]},{"@type":"WebSite","@id":"https:\/\/chtululu.be\/#website","url":"https:\/\/chtululu.be\/","name":"Le Chtululu","description":"Votre librairie de seconde main \u00e0 Soignies","publisher":{"@id":"https:\/\/chtululu.be\/#organization"},"potentialAction":[{"@type":"SearchAction","target":{"@type":"EntryPoint","urlTemplate":"https:\/\/chtululu.be\/?s={search_term_string}"},"query-input":{"@type":"PropertyValueSpecification","valueRequired":true,"valueName":"search_term_string"}}],"inLanguage":"fr-FR"},{"@type":"Organization","@id":"https:\/\/chtululu.be\/#organization","name":"Le Chtululu","url":"https:\/\/chtululu.be\/","logo":{"@type":"ImageObject","inLanguage":"fr-FR","@id":"https:\/\/chtululu.be\/#\/schema\/logo\/image\/","url":"https:\/\/chtululu.be\/wp-content\/uploads\/2016\/05\/logo-def-blanc.jpg","contentUrl":"https:\/\/chtululu.be\/wp-content\/uploads\/2016\/05\/logo-def-blanc.jpg","width":2048,"height":1901,"caption":"Le Chtululu"},"image":{"@id":"https:\/\/chtululu.be\/#\/schema\/logo\/image\/"}}]}},"_links":{"self":[{"href":"https:\/\/chtululu.be\/index.php\/wp-json\/wp\/v2\/product\/2375","targetHints":{"allow":["GET"]}}],"collection":[{"href":"https:\/\/chtululu.be\/index.php\/wp-json\/wp\/v2\/product"}],"about":[{"href":"https:\/\/chtululu.be\/index.php\/wp-json\/wp\/v2\/types\/product"}],"wp:featuredmedia":[{"embeddable":true,"href":"https:\/\/chtululu.be\/index.php\/wp-json\/wp\/v2\/media\/2376"}],"wp:attachment":[{"href":"https:\/\/chtululu.be\/index.php\/wp-json\/wp\/v2\/media?parent=2375"}],"wp:term":[{"taxonomy":"product_brand","embeddable":true,"href":"https:\/\/chtululu.be\/index.php\/wp-json\/wp\/v2\/product_brand?post=2375"},{"taxonomy":"product_cat","embeddable":true,"href":"https:\/\/chtululu.be\/index.php\/wp-json\/wp\/v2\/product_cat?post=2375"},{"taxonomy":"product_tag","embeddable":true,"href":"https:\/\/chtululu.be\/index.php\/wp-json\/wp\/v2\/product_tag?post=2375"}],"curies":[{"name":"wp","href":"https:\/\/api.w.org\/{rel}","templated":true}]}}