{"id":2370,"date":"2021-03-26T11:25:56","date_gmt":"2021-03-26T10:25:56","guid":{"rendered":"https:\/\/chtululu.be\/?post_type=product&#038;p=2370"},"modified":"2024-09-21T21:00:57","modified_gmt":"2024-09-21T20:00:57","slug":"le-club-des-baby-sitters-13-tomes","status":"publish","type":"product","link":"https:\/\/chtululu.be\/index.php\/produit\/le-club-des-baby-sitters-13-tomes\/","title":{"rendered":"Le club des baby sitters (13 tomes)"},"content":{"rendered":"<p>Le club des baby sitters (13 tomes)<\/p>\n<p>Disponible au lot (5\u20ac)<\/p>\n<ul>\n<li>1: L&rsquo;id\u00e9e g\u00e9niale de Val\u00e9rie,<\/li>\n<li>6: Un grand jour pour Val\u00e9rie,<\/li>\n<li>7: Julie n&rsquo;a pas de chance,<\/li>\n<li>8: Sophie est amoureuse,<\/li>\n<li>9: Carole et le passage secret,<\/li>\n<li>10: Bruno aime M\u00e9lanie,<\/li>\n<li>11: Val\u00e9rie et les snobs, 15:<\/li>\n<li>15: Carole et les Mini-Miss,<\/li>\n<li>17: M\u00e9lanie et le mal\u00e9fice,<\/li>\n<li>18: L&rsquo;erreur de Sophie,<\/li>\n<li>19: Une mauvaise farce pour Julie,<\/li>\n<li>21: Double \u00ab\u00a0cauchemar\u00a0\u00bb pour Marjorie,<\/li>\n<li>22: Justine, animal-sitter.<\/li>\n<\/ul>\n<p>&nbsp;<\/p>\n","protected":false},"excerpt":{"rendered":"<h4>Le club des baby sitters (13 tomes)<\/h4>\n","protected":false},"featured_media":2371,"template":"","meta":{"_acf_changed":false,"_exactmetrics_skip_tracking":false,"_exactmetrics_sitenote_active":false,"_exactmetrics_sitenote_note":"","_exactmetrics_sitenote_category":0},"product_brand":[],"product_cat":[280],"product_tag":[],"class_list":{"0":"post-2370","1":"product","2":"type-product","3":"status-publish","4":"has-post-thumbnail","6":"product_cat-jeunesse","8":"first","9":"outofstock","10":"sold-individually","11":"taxable","12":"shipping-taxable","13":"purchasable","14":"product-type-simple"},"acf":[],"yoast_head":"<!-- This site is optimized with the Yoast SEO plugin v26.6 - https:\/\/yoast.com\/wordpress\/plugins\/seo\/ -->\n<title>Le club des baby sitters (13 tomes) au Chtululu<\/title>\n<meta name=\"description\" content=\"Des livres jeunesses Le club des baby sitters (13 tomes) sont disponible en seconde main au Chtululu (gare de Soignies). Contactez-nous !\" \/>\n<meta name=\"robots\" content=\"index, follow, max-snippet:-1, max-image-preview:large, max-video-preview:-1\" \/>\n<link rel=\"canonical\" href=\"https:\/\/chtululu.be\/index.php\/produit\/le-club-des-baby-sitters-13-tomes\/\" \/>\n<meta property=\"og:locale\" content=\"fr_FR\" \/>\n<meta property=\"og:type\" content=\"article\" \/>\n<meta property=\"og:title\" content=\"Le club des baby sitters (13 tomes) au Chtululu\" \/>\n<meta property=\"og:description\" content=\"Des livres jeunesses Le club des baby sitters (13 tomes) sont disponible en seconde main au Chtululu (gare de Soignies). Contactez-nous !\" \/>\n<meta property=\"og:url\" content=\"https:\/\/chtululu.be\/index.php\/produit\/le-club-des-baby-sitters-13-tomes\/\" \/>\n<meta property=\"og:site_name\" content=\"Le Chtululu\" \/>\n<meta property=\"article:modified_time\" content=\"2024-09-21T20:00:57+00:00\" \/>\n<meta property=\"og:image\" content=\"https:\/\/chtululu.be\/wp-content\/uploads\/2021\/03\/Le-club-des-baby-sitters-belle-photo-scaled.jpg\" \/>\n\t<meta property=\"og:image:width\" content=\"1920\" \/>\n\t<meta property=\"og:image:height\" content=\"2560\" \/>\n\t<meta property=\"og:image:type\" content=\"image\/jpeg\" \/>\n<meta name=\"twitter:card\" content=\"summary_large_image\" \/>\n<meta name=\"twitter:label1\" content=\"Dur\u00e9e de lecture estim\u00e9e\" \/>\n\t<meta name=\"twitter:data1\" content=\"1 minute\" \/>\n<script type=\"application\/ld+json\" class=\"yoast-schema-graph\">{\"@context\":\"https:\/\/schema.org\",\"@graph\":[{\"@type\":\"WebPage\",\"@id\":\"https:\/\/chtululu.be\/index.php\/produit\/le-club-des-baby-sitters-13-tomes\/\",\"url\":\"https:\/\/chtululu.be\/index.php\/produit\/le-club-des-baby-sitters-13-tomes\/\",\"name\":\"Le club des baby sitters (13 tomes) au Chtululu\",\"isPartOf\":{\"@id\":\"https:\/\/chtululu.be\/#website\"},\"primaryImageOfPage\":{\"@id\":\"https:\/\/chtululu.be\/index.php\/produit\/le-club-des-baby-sitters-13-tomes\/#primaryimage\"},\"image\":{\"@id\":\"https:\/\/chtululu.be\/index.php\/produit\/le-club-des-baby-sitters-13-tomes\/#primaryimage\"},\"thumbnailUrl\":\"https:\/\/chtululu.be\/wp-content\/uploads\/2021\/03\/Le-club-des-baby-sitters-belle-photo-scaled.jpg\",\"datePublished\":\"2021-03-26T10:25:56+00:00\",\"dateModified\":\"2024-09-21T20:00:57+00:00\",\"description\":\"Des livres jeunesses Le club des baby sitters (13 tomes) sont disponible en seconde main au Chtululu (gare de Soignies). Contactez-nous !\",\"breadcrumb\":{\"@id\":\"https:\/\/chtululu.be\/index.php\/produit\/le-club-des-baby-sitters-13-tomes\/#breadcrumb\"},\"inLanguage\":\"fr-FR\",\"potentialAction\":[{\"@type\":\"ReadAction\",\"target\":[\"https:\/\/chtululu.be\/index.php\/produit\/le-club-des-baby-sitters-13-tomes\/\"]}]},{\"@type\":\"ImageObject\",\"inLanguage\":\"fr-FR\",\"@id\":\"https:\/\/chtululu.be\/index.php\/produit\/le-club-des-baby-sitters-13-tomes\/#primaryimage\",\"url\":\"https:\/\/chtululu.be\/wp-content\/uploads\/2021\/03\/Le-club-des-baby-sitters-belle-photo-scaled.jpg\",\"contentUrl\":\"https:\/\/chtululu.be\/wp-content\/uploads\/2021\/03\/Le-club-des-baby-sitters-belle-photo-scaled.jpg\",\"width\":1920,\"height\":2560,\"caption\":\"Le club des baby sitters\"},{\"@type\":\"BreadcrumbList\",\"@id\":\"https:\/\/chtululu.be\/index.php\/produit\/le-club-des-baby-sitters-13-tomes\/#breadcrumb\",\"itemListElement\":[{\"@type\":\"ListItem\",\"position\":1,\"name\":\"Accueil\",\"item\":\"https:\/\/chtululu.be\/\"},{\"@type\":\"ListItem\",\"position\":2,\"name\":\"Les livres\",\"item\":\"https:\/\/chtululu.be\/index.php\/livres-doccasion\/\"},{\"@type\":\"ListItem\",\"position\":3,\"name\":\"Le club des baby sitters (13 tomes)\"}]},{\"@type\":\"WebSite\",\"@id\":\"https:\/\/chtululu.be\/#website\",\"url\":\"https:\/\/chtululu.be\/\",\"name\":\"Le Chtululu\",\"description\":\"Votre librairie de seconde main \u00e0 Soignies\",\"publisher\":{\"@id\":\"https:\/\/chtululu.be\/#organization\"},\"potentialAction\":[{\"@type\":\"SearchAction\",\"target\":{\"@type\":\"EntryPoint\",\"urlTemplate\":\"https:\/\/chtululu.be\/?s={search_term_string}\"},\"query-input\":{\"@type\":\"PropertyValueSpecification\",\"valueRequired\":true,\"valueName\":\"search_term_string\"}}],\"inLanguage\":\"fr-FR\"},{\"@type\":\"Organization\",\"@id\":\"https:\/\/chtululu.be\/#organization\",\"name\":\"Le Chtululu\",\"url\":\"https:\/\/chtululu.be\/\",\"logo\":{\"@type\":\"ImageObject\",\"inLanguage\":\"fr-FR\",\"@id\":\"https:\/\/chtululu.be\/#\/schema\/logo\/image\/\",\"url\":\"https:\/\/chtululu.be\/wp-content\/uploads\/2016\/05\/logo-def-blanc.jpg\",\"contentUrl\":\"https:\/\/chtululu.be\/wp-content\/uploads\/2016\/05\/logo-def-blanc.jpg\",\"width\":2048,\"height\":1901,\"caption\":\"Le Chtululu\"},\"image\":{\"@id\":\"https:\/\/chtululu.be\/#\/schema\/logo\/image\/\"}}]}<\/script>\n<!-- \/ Yoast SEO plugin. -->","yoast_head_json":{"title":"Le club des baby sitters (13 tomes) au Chtululu","description":"Des livres jeunesses Le club des baby sitters (13 tomes) sont disponible en seconde main au Chtululu (gare de Soignies). Contactez-nous !","robots":{"index":"index","follow":"follow","max-snippet":"max-snippet:-1","max-image-preview":"max-image-preview:large","max-video-preview":"max-video-preview:-1"},"canonical":"https:\/\/chtululu.be\/index.php\/produit\/le-club-des-baby-sitters-13-tomes\/","og_locale":"fr_FR","og_type":"article","og_title":"Le club des baby sitters (13 tomes) au Chtululu","og_description":"Des livres jeunesses Le club des baby sitters (13 tomes) sont disponible en seconde main au Chtululu (gare de Soignies). Contactez-nous !","og_url":"https:\/\/chtululu.be\/index.php\/produit\/le-club-des-baby-sitters-13-tomes\/","og_site_name":"Le Chtululu","article_modified_time":"2024-09-21T20:00:57+00:00","og_image":[{"width":1920,"height":2560,"url":"https:\/\/chtululu.be\/wp-content\/uploads\/2021\/03\/Le-club-des-baby-sitters-belle-photo-scaled.jpg","type":"image\/jpeg"}],"twitter_card":"summary_large_image","twitter_misc":{"Dur\u00e9e de lecture estim\u00e9e":"1 minute"},"schema":{"@context":"https:\/\/schema.org","@graph":[{"@type":"WebPage","@id":"https:\/\/chtululu.be\/index.php\/produit\/le-club-des-baby-sitters-13-tomes\/","url":"https:\/\/chtululu.be\/index.php\/produit\/le-club-des-baby-sitters-13-tomes\/","name":"Le club des baby sitters (13 tomes) au Chtululu","isPartOf":{"@id":"https:\/\/chtululu.be\/#website"},"primaryImageOfPage":{"@id":"https:\/\/chtululu.be\/index.php\/produit\/le-club-des-baby-sitters-13-tomes\/#primaryimage"},"image":{"@id":"https:\/\/chtululu.be\/index.php\/produit\/le-club-des-baby-sitters-13-tomes\/#primaryimage"},"thumbnailUrl":"https:\/\/chtululu.be\/wp-content\/uploads\/2021\/03\/Le-club-des-baby-sitters-belle-photo-scaled.jpg","datePublished":"2021-03-26T10:25:56+00:00","dateModified":"2024-09-21T20:00:57+00:00","description":"Des livres jeunesses Le club des baby sitters (13 tomes) sont disponible en seconde main au Chtululu (gare de Soignies). Contactez-nous !","breadcrumb":{"@id":"https:\/\/chtululu.be\/index.php\/produit\/le-club-des-baby-sitters-13-tomes\/#breadcrumb"},"inLanguage":"fr-FR","potentialAction":[{"@type":"ReadAction","target":["https:\/\/chtululu.be\/index.php\/produit\/le-club-des-baby-sitters-13-tomes\/"]}]},{"@type":"ImageObject","inLanguage":"fr-FR","@id":"https:\/\/chtululu.be\/index.php\/produit\/le-club-des-baby-sitters-13-tomes\/#primaryimage","url":"https:\/\/chtululu.be\/wp-content\/uploads\/2021\/03\/Le-club-des-baby-sitters-belle-photo-scaled.jpg","contentUrl":"https:\/\/chtululu.be\/wp-content\/uploads\/2021\/03\/Le-club-des-baby-sitters-belle-photo-scaled.jpg","width":1920,"height":2560,"caption":"Le club des baby sitters"},{"@type":"BreadcrumbList","@id":"https:\/\/chtululu.be\/index.php\/produit\/le-club-des-baby-sitters-13-tomes\/#breadcrumb","itemListElement":[{"@type":"ListItem","position":1,"name":"Accueil","item":"https:\/\/chtululu.be\/"},{"@type":"ListItem","position":2,"name":"Les livres","item":"https:\/\/chtululu.be\/index.php\/livres-doccasion\/"},{"@type":"ListItem","position":3,"name":"Le club des baby sitters (13 tomes)"}]},{"@type":"WebSite","@id":"https:\/\/chtululu.be\/#website","url":"https:\/\/chtululu.be\/","name":"Le Chtululu","description":"Votre librairie de seconde main \u00e0 Soignies","publisher":{"@id":"https:\/\/chtululu.be\/#organization"},"potentialAction":[{"@type":"SearchAction","target":{"@type":"EntryPoint","urlTemplate":"https:\/\/chtululu.be\/?s={search_term_string}"},"query-input":{"@type":"PropertyValueSpecification","valueRequired":true,"valueName":"search_term_string"}}],"inLanguage":"fr-FR"},{"@type":"Organization","@id":"https:\/\/chtululu.be\/#organization","name":"Le Chtululu","url":"https:\/\/chtululu.be\/","logo":{"@type":"ImageObject","inLanguage":"fr-FR","@id":"https:\/\/chtululu.be\/#\/schema\/logo\/image\/","url":"https:\/\/chtululu.be\/wp-content\/uploads\/2016\/05\/logo-def-blanc.jpg","contentUrl":"https:\/\/chtululu.be\/wp-content\/uploads\/2016\/05\/logo-def-blanc.jpg","width":2048,"height":1901,"caption":"Le Chtululu"},"image":{"@id":"https:\/\/chtululu.be\/#\/schema\/logo\/image\/"}}]}},"_links":{"self":[{"href":"https:\/\/chtululu.be\/index.php\/wp-json\/wp\/v2\/product\/2370","targetHints":{"allow":["GET"]}}],"collection":[{"href":"https:\/\/chtululu.be\/index.php\/wp-json\/wp\/v2\/product"}],"about":[{"href":"https:\/\/chtululu.be\/index.php\/wp-json\/wp\/v2\/types\/product"}],"wp:featuredmedia":[{"embeddable":true,"href":"https:\/\/chtululu.be\/index.php\/wp-json\/wp\/v2\/media\/2371"}],"wp:attachment":[{"href":"https:\/\/chtululu.be\/index.php\/wp-json\/wp\/v2\/media?parent=2370"}],"wp:term":[{"taxonomy":"product_brand","embeddable":true,"href":"https:\/\/chtululu.be\/index.php\/wp-json\/wp\/v2\/product_brand?post=2370"},{"taxonomy":"product_cat","embeddable":true,"href":"https:\/\/chtululu.be\/index.php\/wp-json\/wp\/v2\/product_cat?post=2370"},{"taxonomy":"product_tag","embeddable":true,"href":"https:\/\/chtululu.be\/index.php\/wp-json\/wp\/v2\/product_tag?post=2370"}],"curies":[{"name":"wp","href":"https:\/\/api.w.org\/{rel}","templated":true}]}}