{"id":2328,"date":"2021-03-23T12:00:07","date_gmt":"2021-03-23T11:00:07","guid":{"rendered":"https:\/\/chtululu.be\/?post_type=product&#038;p=2328"},"modified":"2022-07-07T21:54:12","modified_gmt":"2022-07-07T20:54:12","slug":"zachtbell-20-tomes","status":"publish","type":"product","link":"https:\/\/chtululu.be\/index.php\/produit\/zachtbell-20-tomes\/","title":{"rendered":"Zachtbell! (20 tomes)"},"content":{"rendered":"<h4 id=\":1j9\" class=\"hP\" tabindex=\"-1\" data-thread-perm-id=\"thread-a:r-5439077243156272530\" data-legacy-thread-id=\"1785e96985fbb80f\">Zachtbell! (20 tomes)<\/h4>\n<h2>R\u00e9sum\u00e9 de Zachtbell!<\/h2>\n<div class=\"description\">\n<div class=\"description\">\n<p class=\"bigsize\">Kiyomaro est un enfant surdou\u00e9. Il s&rsquo;ennuie en classe et du fait d&rsquo;un sentiment de sup\u00e9riorit\u00e9 prononc\u00e9, il n&rsquo;est pas des plus populaires aupr\u00e8s de ses camarades&#8230; Son p\u00e8re, un scientifique souvent absent lui envoie, un jour, un myst\u00e9rieux petit gar\u00e7on \u00e0 la t\u00eate ronde, apparemment amn\u00e9sique, qui porte le nom de Zatch Bell. Kiyomaro va vite d\u00e9couvrir que ce petit gar\u00e7on provient en fait d&rsquo;un monde parall\u00e8le peupl\u00e9 de \u00ab\u00a0d\u00e9mons\u00a0\u00bb. Zatch poss\u00e8de des pouvoirs: il peut notamment lancer des d\u00e9charges \u00e9lectriques par la bouche! Mais il a besoin du concours d&rsquo;un humain pour les d\u00e9clencher! Kiyomaro fera donc office de \u00ab\u00a0ma\u00eetre-sorts\u00a0\u00bb.<\/p>\n<p><em>R\u00e9sum\u00e9 tir\u00e9 de Manga-news<\/em><\/p>\n<\/div>\n<\/div>\n","protected":false},"excerpt":{"rendered":"<h4 id=\":1j9\" class=\"hP\" tabindex=\"-1\" data-thread-perm-id=\"thread-a:r-5439077243156272530\" data-legacy-thread-id=\"1785e96985fbb80f\">Zachtbell!<\/h4>\n<div id=\":1j8\" class=\"pG\" role=\"img\" data-tooltip-contained=\"true\" data-tooltip-align=\"b,l\" data-tooltip-delay=\"1500\" aria-label=\"Importance faible\"><\/div>\n","protected":false},"featured_media":2329,"template":"","meta":{"_acf_changed":false,"_exactmetrics_skip_tracking":false,"_exactmetrics_sitenote_active":false,"_exactmetrics_sitenote_note":"","_exactmetrics_sitenote_category":0},"product_brand":[],"product_cat":[387],"product_tag":[],"class_list":{"0":"post-2328","1":"product","2":"type-product","3":"status-publish","4":"has-post-thumbnail","6":"product_cat-mangas","8":"first","9":"instock","10":"sold-individually","11":"taxable","12":"shipping-taxable","13":"purchasable","14":"product-type-simple"},"acf":[],"yoast_head":"<!-- This site is optimized with the Yoast SEO plugin v26.6 - https:\/\/yoast.com\/wordpress\/plugins\/seo\/ -->\n<title>Zachtbell! (20 tomes) au Chtululu<\/title>\n<meta name=\"description\" content=\"La s\u00e9rie manga Zachtbell! (20 tomes) est disponible en seconde main au Chtululu (gare de Soignies). R\u00e9servez-la.\" \/>\n<meta name=\"robots\" content=\"index, follow, max-snippet:-1, max-image-preview:large, max-video-preview:-1\" \/>\n<link rel=\"canonical\" href=\"https:\/\/chtululu.be\/index.php\/produit\/zachtbell-20-tomes\/\" \/>\n<meta property=\"og:locale\" content=\"fr_FR\" \/>\n<meta property=\"og:type\" content=\"article\" \/>\n<meta property=\"og:title\" content=\"Zachtbell! (20 tomes) au Chtululu\" \/>\n<meta property=\"og:description\" content=\"La s\u00e9rie manga Zachtbell! (20 tomes) est disponible en seconde main au Chtululu (gare de Soignies). R\u00e9servez-la.\" \/>\n<meta property=\"og:url\" content=\"https:\/\/chtululu.be\/index.php\/produit\/zachtbell-20-tomes\/\" \/>\n<meta property=\"og:site_name\" content=\"Le Chtululu\" \/>\n<meta property=\"article:modified_time\" content=\"2022-07-07T20:54:12+00:00\" \/>\n<meta property=\"og:image\" content=\"https:\/\/chtululu.be\/wp-content\/uploads\/2021\/03\/Zachtbell-belle-photo-scaled.jpg\" \/>\n\t<meta property=\"og:image:width\" content=\"1920\" \/>\n\t<meta property=\"og:image:height\" content=\"2560\" \/>\n\t<meta property=\"og:image:type\" content=\"image\/jpeg\" \/>\n<meta name=\"twitter:card\" content=\"summary_large_image\" \/>\n<meta name=\"twitter:label1\" content=\"Dur\u00e9e de lecture estim\u00e9e\" \/>\n\t<meta name=\"twitter:data1\" content=\"1 minute\" \/>\n<script type=\"application\/ld+json\" class=\"yoast-schema-graph\">{\"@context\":\"https:\/\/schema.org\",\"@graph\":[{\"@type\":\"WebPage\",\"@id\":\"https:\/\/chtululu.be\/index.php\/produit\/zachtbell-20-tomes\/\",\"url\":\"https:\/\/chtululu.be\/index.php\/produit\/zachtbell-20-tomes\/\",\"name\":\"Zachtbell! (20 tomes) au Chtululu\",\"isPartOf\":{\"@id\":\"https:\/\/chtululu.be\/#website\"},\"primaryImageOfPage\":{\"@id\":\"https:\/\/chtululu.be\/index.php\/produit\/zachtbell-20-tomes\/#primaryimage\"},\"image\":{\"@id\":\"https:\/\/chtululu.be\/index.php\/produit\/zachtbell-20-tomes\/#primaryimage\"},\"thumbnailUrl\":\"https:\/\/chtululu.be\/wp-content\/uploads\/2021\/03\/Zachtbell-belle-photo-scaled.jpg\",\"datePublished\":\"2021-03-23T11:00:07+00:00\",\"dateModified\":\"2022-07-07T20:54:12+00:00\",\"description\":\"La s\u00e9rie manga Zachtbell! (20 tomes) est disponible en seconde main au Chtululu (gare de Soignies). R\u00e9servez-la.\",\"breadcrumb\":{\"@id\":\"https:\/\/chtululu.be\/index.php\/produit\/zachtbell-20-tomes\/#breadcrumb\"},\"inLanguage\":\"fr-FR\",\"potentialAction\":[{\"@type\":\"ReadAction\",\"target\":[\"https:\/\/chtululu.be\/index.php\/produit\/zachtbell-20-tomes\/\"]}]},{\"@type\":\"ImageObject\",\"inLanguage\":\"fr-FR\",\"@id\":\"https:\/\/chtululu.be\/index.php\/produit\/zachtbell-20-tomes\/#primaryimage\",\"url\":\"https:\/\/chtululu.be\/wp-content\/uploads\/2021\/03\/Zachtbell-belle-photo-scaled.jpg\",\"contentUrl\":\"https:\/\/chtululu.be\/wp-content\/uploads\/2021\/03\/Zachtbell-belle-photo-scaled.jpg\",\"width\":1920,\"height\":2560,\"caption\":\"Zachtbell!\"},{\"@type\":\"BreadcrumbList\",\"@id\":\"https:\/\/chtululu.be\/index.php\/produit\/zachtbell-20-tomes\/#breadcrumb\",\"itemListElement\":[{\"@type\":\"ListItem\",\"position\":1,\"name\":\"Accueil\",\"item\":\"https:\/\/chtululu.be\/\"},{\"@type\":\"ListItem\",\"position\":2,\"name\":\"Les livres\",\"item\":\"https:\/\/chtululu.be\/index.php\/livres-doccasion\/\"},{\"@type\":\"ListItem\",\"position\":3,\"name\":\"Zachtbell! (20 tomes)\"}]},{\"@type\":\"WebSite\",\"@id\":\"https:\/\/chtululu.be\/#website\",\"url\":\"https:\/\/chtululu.be\/\",\"name\":\"Le Chtululu\",\"description\":\"Votre librairie de seconde main \u00e0 Soignies\",\"publisher\":{\"@id\":\"https:\/\/chtululu.be\/#organization\"},\"potentialAction\":[{\"@type\":\"SearchAction\",\"target\":{\"@type\":\"EntryPoint\",\"urlTemplate\":\"https:\/\/chtululu.be\/?s={search_term_string}\"},\"query-input\":{\"@type\":\"PropertyValueSpecification\",\"valueRequired\":true,\"valueName\":\"search_term_string\"}}],\"inLanguage\":\"fr-FR\"},{\"@type\":\"Organization\",\"@id\":\"https:\/\/chtululu.be\/#organization\",\"name\":\"Le Chtululu\",\"url\":\"https:\/\/chtululu.be\/\",\"logo\":{\"@type\":\"ImageObject\",\"inLanguage\":\"fr-FR\",\"@id\":\"https:\/\/chtululu.be\/#\/schema\/logo\/image\/\",\"url\":\"https:\/\/chtululu.be\/wp-content\/uploads\/2016\/05\/logo-def-blanc.jpg\",\"contentUrl\":\"https:\/\/chtululu.be\/wp-content\/uploads\/2016\/05\/logo-def-blanc.jpg\",\"width\":2048,\"height\":1901,\"caption\":\"Le Chtululu\"},\"image\":{\"@id\":\"https:\/\/chtululu.be\/#\/schema\/logo\/image\/\"}}]}<\/script>\n<!-- \/ Yoast SEO plugin. -->","yoast_head_json":{"title":"Zachtbell! (20 tomes) au Chtululu","description":"La s\u00e9rie manga Zachtbell! (20 tomes) est disponible en seconde main au Chtululu (gare de Soignies). R\u00e9servez-la.","robots":{"index":"index","follow":"follow","max-snippet":"max-snippet:-1","max-image-preview":"max-image-preview:large","max-video-preview":"max-video-preview:-1"},"canonical":"https:\/\/chtululu.be\/index.php\/produit\/zachtbell-20-tomes\/","og_locale":"fr_FR","og_type":"article","og_title":"Zachtbell! (20 tomes) au Chtululu","og_description":"La s\u00e9rie manga Zachtbell! (20 tomes) est disponible en seconde main au Chtululu (gare de Soignies). R\u00e9servez-la.","og_url":"https:\/\/chtululu.be\/index.php\/produit\/zachtbell-20-tomes\/","og_site_name":"Le Chtululu","article_modified_time":"2022-07-07T20:54:12+00:00","og_image":[{"width":1920,"height":2560,"url":"https:\/\/chtululu.be\/wp-content\/uploads\/2021\/03\/Zachtbell-belle-photo-scaled.jpg","type":"image\/jpeg"}],"twitter_card":"summary_large_image","twitter_misc":{"Dur\u00e9e de lecture estim\u00e9e":"1 minute"},"schema":{"@context":"https:\/\/schema.org","@graph":[{"@type":"WebPage","@id":"https:\/\/chtululu.be\/index.php\/produit\/zachtbell-20-tomes\/","url":"https:\/\/chtululu.be\/index.php\/produit\/zachtbell-20-tomes\/","name":"Zachtbell! (20 tomes) au Chtululu","isPartOf":{"@id":"https:\/\/chtululu.be\/#website"},"primaryImageOfPage":{"@id":"https:\/\/chtululu.be\/index.php\/produit\/zachtbell-20-tomes\/#primaryimage"},"image":{"@id":"https:\/\/chtululu.be\/index.php\/produit\/zachtbell-20-tomes\/#primaryimage"},"thumbnailUrl":"https:\/\/chtululu.be\/wp-content\/uploads\/2021\/03\/Zachtbell-belle-photo-scaled.jpg","datePublished":"2021-03-23T11:00:07+00:00","dateModified":"2022-07-07T20:54:12+00:00","description":"La s\u00e9rie manga Zachtbell! (20 tomes) est disponible en seconde main au Chtululu (gare de Soignies). R\u00e9servez-la.","breadcrumb":{"@id":"https:\/\/chtululu.be\/index.php\/produit\/zachtbell-20-tomes\/#breadcrumb"},"inLanguage":"fr-FR","potentialAction":[{"@type":"ReadAction","target":["https:\/\/chtululu.be\/index.php\/produit\/zachtbell-20-tomes\/"]}]},{"@type":"ImageObject","inLanguage":"fr-FR","@id":"https:\/\/chtululu.be\/index.php\/produit\/zachtbell-20-tomes\/#primaryimage","url":"https:\/\/chtululu.be\/wp-content\/uploads\/2021\/03\/Zachtbell-belle-photo-scaled.jpg","contentUrl":"https:\/\/chtululu.be\/wp-content\/uploads\/2021\/03\/Zachtbell-belle-photo-scaled.jpg","width":1920,"height":2560,"caption":"Zachtbell!"},{"@type":"BreadcrumbList","@id":"https:\/\/chtululu.be\/index.php\/produit\/zachtbell-20-tomes\/#breadcrumb","itemListElement":[{"@type":"ListItem","position":1,"name":"Accueil","item":"https:\/\/chtululu.be\/"},{"@type":"ListItem","position":2,"name":"Les livres","item":"https:\/\/chtululu.be\/index.php\/livres-doccasion\/"},{"@type":"ListItem","position":3,"name":"Zachtbell! (20 tomes)"}]},{"@type":"WebSite","@id":"https:\/\/chtululu.be\/#website","url":"https:\/\/chtululu.be\/","name":"Le Chtululu","description":"Votre librairie de seconde main \u00e0 Soignies","publisher":{"@id":"https:\/\/chtululu.be\/#organization"},"potentialAction":[{"@type":"SearchAction","target":{"@type":"EntryPoint","urlTemplate":"https:\/\/chtululu.be\/?s={search_term_string}"},"query-input":{"@type":"PropertyValueSpecification","valueRequired":true,"valueName":"search_term_string"}}],"inLanguage":"fr-FR"},{"@type":"Organization","@id":"https:\/\/chtululu.be\/#organization","name":"Le Chtululu","url":"https:\/\/chtululu.be\/","logo":{"@type":"ImageObject","inLanguage":"fr-FR","@id":"https:\/\/chtululu.be\/#\/schema\/logo\/image\/","url":"https:\/\/chtululu.be\/wp-content\/uploads\/2016\/05\/logo-def-blanc.jpg","contentUrl":"https:\/\/chtululu.be\/wp-content\/uploads\/2016\/05\/logo-def-blanc.jpg","width":2048,"height":1901,"caption":"Le Chtululu"},"image":{"@id":"https:\/\/chtululu.be\/#\/schema\/logo\/image\/"}}]}},"_links":{"self":[{"href":"https:\/\/chtululu.be\/index.php\/wp-json\/wp\/v2\/product\/2328","targetHints":{"allow":["GET"]}}],"collection":[{"href":"https:\/\/chtululu.be\/index.php\/wp-json\/wp\/v2\/product"}],"about":[{"href":"https:\/\/chtululu.be\/index.php\/wp-json\/wp\/v2\/types\/product"}],"wp:featuredmedia":[{"embeddable":true,"href":"https:\/\/chtululu.be\/index.php\/wp-json\/wp\/v2\/media\/2329"}],"wp:attachment":[{"href":"https:\/\/chtululu.be\/index.php\/wp-json\/wp\/v2\/media?parent=2328"}],"wp:term":[{"taxonomy":"product_brand","embeddable":true,"href":"https:\/\/chtululu.be\/index.php\/wp-json\/wp\/v2\/product_brand?post=2328"},{"taxonomy":"product_cat","embeddable":true,"href":"https:\/\/chtululu.be\/index.php\/wp-json\/wp\/v2\/product_cat?post=2328"},{"taxonomy":"product_tag","embeddable":true,"href":"https:\/\/chtululu.be\/index.php\/wp-json\/wp\/v2\/product_tag?post=2328"}],"curies":[{"name":"wp","href":"https:\/\/api.w.org\/{rel}","templated":true}]}}