{"id":2211,"date":"2021-03-19T10:06:02","date_gmt":"2021-03-19T09:06:02","guid":{"rendered":"https:\/\/chtululu.be\/?post_type=product&#038;p=2211"},"modified":"2024-04-14T11:50:38","modified_gmt":"2024-04-14T10:50:38","slug":"reve-de-coucou-2-tomes-serie-complete","status":"publish","type":"product","link":"https:\/\/chtululu.be\/index.php\/produit\/reve-de-coucou-2-tomes-serie-complete\/","title":{"rendered":"R\u00eave de coucou (2 tomes &#8211; s\u00e9rie compl\u00e8te)"},"content":{"rendered":"<p>R\u00eave de coucou (2 tomes &#8211; s\u00e9rie compl\u00e8te)<\/p>\n<h2>R\u00e9sum\u00e9 de R\u00eave de coucou<\/h2>\n<div class=\"description\">\n<div class=\"description\">\n<p class=\"bigsize\">Depuis des ann\u00e9es, Natsuka est amoureux de son ancien camarade d\u2019\u00e9cole, Hakushima. Mais son amour a toujours \u00e9t\u00e9 \u00e0 sens unique, et Natsuka n\u2019a jamais os\u00e9 lui avouer son homosexualit\u00e9 de peur de perdre \u00e9galement son amiti\u00e9. Pour \u00e9chapper \u00e0 ses sentiments persistants, il fr\u00e9quente quelqu\u2019un d\u2019autre, un gar\u00e7on de son \u00e2ge nomm\u00e9 Seno, qu\u2019il ne voit que pour le sexe. Mais lors d\u2019un accident, Hakushima et Seno tombent tous les deux dans le coma. Natsuka attend avec impatience le r\u00e9veil de Hakushima, mais c\u2019est Seno qui reprend conscience en premier\u2026 jurant ses grands dieux qu\u2019il s\u2019appelle Hiro Hakushima !<br \/>\nL\u2019amour de Natsuka pour Hakushima va-t-il au-del\u00e0 du corps que celui-ci occupe ? Quel futur peut bien les attendre ?<\/p>\n<p><em>R\u00e9sum\u00e9 tir\u00e9 de Manga-news<\/em><\/p>\n<\/div>\n<\/div>\n","protected":false},"excerpt":{"rendered":"<h4>R\u00eave de coucou<\/h4>\n","protected":false},"featured_media":2212,"template":"","meta":{"_acf_changed":false,"_exactmetrics_skip_tracking":false,"_exactmetrics_sitenote_active":false,"_exactmetrics_sitenote_note":"","_exactmetrics_sitenote_category":0},"product_brand":[],"product_cat":[387],"product_tag":[],"class_list":{"0":"post-2211","1":"product","2":"type-product","3":"status-publish","4":"has-post-thumbnail","6":"product_cat-mangas","8":"first","9":"outofstock","10":"sold-individually","11":"taxable","12":"shipping-taxable","13":"purchasable","14":"product-type-simple"},"acf":[],"yoast_head":"<!-- This site is optimized with the Yoast SEO plugin v26.6 - https:\/\/yoast.com\/wordpress\/plugins\/seo\/ -->\n<title>R\u00eave de coucou (2 tomes - s\u00e9rie compl\u00e8te) au Chtululu<\/title>\n<meta name=\"description\" content=\"La s\u00e9rie manga R\u00eave de coucou\u00a0(2 tomes) est compl\u00e8te et disponible en seconde main au Chtululu (gare de Soignies). R\u00e9servez-la.\" \/>\n<meta name=\"robots\" content=\"index, follow, max-snippet:-1, max-image-preview:large, max-video-preview:-1\" \/>\n<link rel=\"canonical\" href=\"https:\/\/chtululu.be\/index.php\/produit\/reve-de-coucou-2-tomes-serie-complete\/\" \/>\n<meta property=\"og:locale\" content=\"fr_FR\" \/>\n<meta property=\"og:type\" content=\"article\" \/>\n<meta property=\"og:title\" content=\"R\u00eave de coucou (2 tomes - s\u00e9rie compl\u00e8te) au Chtululu\" \/>\n<meta property=\"og:description\" content=\"La s\u00e9rie manga R\u00eave de coucou\u00a0(2 tomes) est compl\u00e8te et disponible en seconde main au Chtululu (gare de Soignies). R\u00e9servez-la.\" \/>\n<meta property=\"og:url\" content=\"https:\/\/chtululu.be\/index.php\/produit\/reve-de-coucou-2-tomes-serie-complete\/\" \/>\n<meta property=\"og:site_name\" content=\"Le Chtululu\" \/>\n<meta property=\"article:modified_time\" content=\"2024-04-14T10:50:38+00:00\" \/>\n<meta property=\"og:image\" content=\"https:\/\/chtululu.be\/wp-content\/uploads\/2021\/03\/Reve-de-coucou-belle-photo-scaled.jpg\" \/>\n\t<meta property=\"og:image:width\" content=\"1920\" \/>\n\t<meta property=\"og:image:height\" content=\"2560\" \/>\n\t<meta property=\"og:image:type\" content=\"image\/jpeg\" \/>\n<meta name=\"twitter:card\" content=\"summary_large_image\" \/>\n<meta name=\"twitter:label1\" content=\"Dur\u00e9e de lecture estim\u00e9e\" \/>\n\t<meta name=\"twitter:data1\" content=\"1 minute\" \/>\n<script type=\"application\/ld+json\" class=\"yoast-schema-graph\">{\"@context\":\"https:\/\/schema.org\",\"@graph\":[{\"@type\":\"WebPage\",\"@id\":\"https:\/\/chtululu.be\/index.php\/produit\/reve-de-coucou-2-tomes-serie-complete\/\",\"url\":\"https:\/\/chtululu.be\/index.php\/produit\/reve-de-coucou-2-tomes-serie-complete\/\",\"name\":\"R\u00eave de coucou (2 tomes - s\u00e9rie compl\u00e8te) au Chtululu\",\"isPartOf\":{\"@id\":\"https:\/\/chtululu.be\/#website\"},\"primaryImageOfPage\":{\"@id\":\"https:\/\/chtululu.be\/index.php\/produit\/reve-de-coucou-2-tomes-serie-complete\/#primaryimage\"},\"image\":{\"@id\":\"https:\/\/chtululu.be\/index.php\/produit\/reve-de-coucou-2-tomes-serie-complete\/#primaryimage\"},\"thumbnailUrl\":\"https:\/\/chtululu.be\/wp-content\/uploads\/2021\/03\/Reve-de-coucou-belle-photo-scaled.jpg\",\"datePublished\":\"2021-03-19T09:06:02+00:00\",\"dateModified\":\"2024-04-14T10:50:38+00:00\",\"description\":\"La s\u00e9rie manga R\u00eave de coucou\u00a0(2 tomes) est compl\u00e8te et disponible en seconde main au Chtululu (gare de Soignies). R\u00e9servez-la.\",\"breadcrumb\":{\"@id\":\"https:\/\/chtululu.be\/index.php\/produit\/reve-de-coucou-2-tomes-serie-complete\/#breadcrumb\"},\"inLanguage\":\"fr-FR\",\"potentialAction\":[{\"@type\":\"ReadAction\",\"target\":[\"https:\/\/chtululu.be\/index.php\/produit\/reve-de-coucou-2-tomes-serie-complete\/\"]}]},{\"@type\":\"ImageObject\",\"inLanguage\":\"fr-FR\",\"@id\":\"https:\/\/chtululu.be\/index.php\/produit\/reve-de-coucou-2-tomes-serie-complete\/#primaryimage\",\"url\":\"https:\/\/chtululu.be\/wp-content\/uploads\/2021\/03\/Reve-de-coucou-belle-photo-scaled.jpg\",\"contentUrl\":\"https:\/\/chtululu.be\/wp-content\/uploads\/2021\/03\/Reve-de-coucou-belle-photo-scaled.jpg\",\"width\":1920,\"height\":2560,\"caption\":\"smart\"},{\"@type\":\"BreadcrumbList\",\"@id\":\"https:\/\/chtululu.be\/index.php\/produit\/reve-de-coucou-2-tomes-serie-complete\/#breadcrumb\",\"itemListElement\":[{\"@type\":\"ListItem\",\"position\":1,\"name\":\"Accueil\",\"item\":\"https:\/\/chtululu.be\/\"},{\"@type\":\"ListItem\",\"position\":2,\"name\":\"Les livres\",\"item\":\"https:\/\/chtululu.be\/index.php\/livres-doccasion\/\"},{\"@type\":\"ListItem\",\"position\":3,\"name\":\"R\u00eave de coucou (2 tomes &#8211; s\u00e9rie compl\u00e8te)\"}]},{\"@type\":\"WebSite\",\"@id\":\"https:\/\/chtululu.be\/#website\",\"url\":\"https:\/\/chtululu.be\/\",\"name\":\"Le Chtululu\",\"description\":\"Votre librairie de seconde main \u00e0 Soignies\",\"publisher\":{\"@id\":\"https:\/\/chtululu.be\/#organization\"},\"potentialAction\":[{\"@type\":\"SearchAction\",\"target\":{\"@type\":\"EntryPoint\",\"urlTemplate\":\"https:\/\/chtululu.be\/?s={search_term_string}\"},\"query-input\":{\"@type\":\"PropertyValueSpecification\",\"valueRequired\":true,\"valueName\":\"search_term_string\"}}],\"inLanguage\":\"fr-FR\"},{\"@type\":\"Organization\",\"@id\":\"https:\/\/chtululu.be\/#organization\",\"name\":\"Le Chtululu\",\"url\":\"https:\/\/chtululu.be\/\",\"logo\":{\"@type\":\"ImageObject\",\"inLanguage\":\"fr-FR\",\"@id\":\"https:\/\/chtululu.be\/#\/schema\/logo\/image\/\",\"url\":\"https:\/\/chtululu.be\/wp-content\/uploads\/2016\/05\/logo-def-blanc.jpg\",\"contentUrl\":\"https:\/\/chtululu.be\/wp-content\/uploads\/2016\/05\/logo-def-blanc.jpg\",\"width\":2048,\"height\":1901,\"caption\":\"Le Chtululu\"},\"image\":{\"@id\":\"https:\/\/chtululu.be\/#\/schema\/logo\/image\/\"}}]}<\/script>\n<!-- \/ Yoast SEO plugin. -->","yoast_head_json":{"title":"R\u00eave de coucou (2 tomes - s\u00e9rie compl\u00e8te) au Chtululu","description":"La s\u00e9rie manga R\u00eave de coucou\u00a0(2 tomes) est compl\u00e8te et disponible en seconde main au Chtululu (gare de Soignies). R\u00e9servez-la.","robots":{"index":"index","follow":"follow","max-snippet":"max-snippet:-1","max-image-preview":"max-image-preview:large","max-video-preview":"max-video-preview:-1"},"canonical":"https:\/\/chtululu.be\/index.php\/produit\/reve-de-coucou-2-tomes-serie-complete\/","og_locale":"fr_FR","og_type":"article","og_title":"R\u00eave de coucou (2 tomes - s\u00e9rie compl\u00e8te) au Chtululu","og_description":"La s\u00e9rie manga R\u00eave de coucou\u00a0(2 tomes) est compl\u00e8te et disponible en seconde main au Chtululu (gare de Soignies). R\u00e9servez-la.","og_url":"https:\/\/chtululu.be\/index.php\/produit\/reve-de-coucou-2-tomes-serie-complete\/","og_site_name":"Le Chtululu","article_modified_time":"2024-04-14T10:50:38+00:00","og_image":[{"width":1920,"height":2560,"url":"https:\/\/chtululu.be\/wp-content\/uploads\/2021\/03\/Reve-de-coucou-belle-photo-scaled.jpg","type":"image\/jpeg"}],"twitter_card":"summary_large_image","twitter_misc":{"Dur\u00e9e de lecture estim\u00e9e":"1 minute"},"schema":{"@context":"https:\/\/schema.org","@graph":[{"@type":"WebPage","@id":"https:\/\/chtululu.be\/index.php\/produit\/reve-de-coucou-2-tomes-serie-complete\/","url":"https:\/\/chtululu.be\/index.php\/produit\/reve-de-coucou-2-tomes-serie-complete\/","name":"R\u00eave de coucou (2 tomes - s\u00e9rie compl\u00e8te) au Chtululu","isPartOf":{"@id":"https:\/\/chtululu.be\/#website"},"primaryImageOfPage":{"@id":"https:\/\/chtululu.be\/index.php\/produit\/reve-de-coucou-2-tomes-serie-complete\/#primaryimage"},"image":{"@id":"https:\/\/chtululu.be\/index.php\/produit\/reve-de-coucou-2-tomes-serie-complete\/#primaryimage"},"thumbnailUrl":"https:\/\/chtululu.be\/wp-content\/uploads\/2021\/03\/Reve-de-coucou-belle-photo-scaled.jpg","datePublished":"2021-03-19T09:06:02+00:00","dateModified":"2024-04-14T10:50:38+00:00","description":"La s\u00e9rie manga R\u00eave de coucou\u00a0(2 tomes) est compl\u00e8te et disponible en seconde main au Chtululu (gare de Soignies). R\u00e9servez-la.","breadcrumb":{"@id":"https:\/\/chtululu.be\/index.php\/produit\/reve-de-coucou-2-tomes-serie-complete\/#breadcrumb"},"inLanguage":"fr-FR","potentialAction":[{"@type":"ReadAction","target":["https:\/\/chtululu.be\/index.php\/produit\/reve-de-coucou-2-tomes-serie-complete\/"]}]},{"@type":"ImageObject","inLanguage":"fr-FR","@id":"https:\/\/chtululu.be\/index.php\/produit\/reve-de-coucou-2-tomes-serie-complete\/#primaryimage","url":"https:\/\/chtululu.be\/wp-content\/uploads\/2021\/03\/Reve-de-coucou-belle-photo-scaled.jpg","contentUrl":"https:\/\/chtululu.be\/wp-content\/uploads\/2021\/03\/Reve-de-coucou-belle-photo-scaled.jpg","width":1920,"height":2560,"caption":"smart"},{"@type":"BreadcrumbList","@id":"https:\/\/chtululu.be\/index.php\/produit\/reve-de-coucou-2-tomes-serie-complete\/#breadcrumb","itemListElement":[{"@type":"ListItem","position":1,"name":"Accueil","item":"https:\/\/chtululu.be\/"},{"@type":"ListItem","position":2,"name":"Les livres","item":"https:\/\/chtululu.be\/index.php\/livres-doccasion\/"},{"@type":"ListItem","position":3,"name":"R\u00eave de coucou (2 tomes &#8211; s\u00e9rie compl\u00e8te)"}]},{"@type":"WebSite","@id":"https:\/\/chtululu.be\/#website","url":"https:\/\/chtululu.be\/","name":"Le Chtululu","description":"Votre librairie de seconde main \u00e0 Soignies","publisher":{"@id":"https:\/\/chtululu.be\/#organization"},"potentialAction":[{"@type":"SearchAction","target":{"@type":"EntryPoint","urlTemplate":"https:\/\/chtululu.be\/?s={search_term_string}"},"query-input":{"@type":"PropertyValueSpecification","valueRequired":true,"valueName":"search_term_string"}}],"inLanguage":"fr-FR"},{"@type":"Organization","@id":"https:\/\/chtululu.be\/#organization","name":"Le Chtululu","url":"https:\/\/chtululu.be\/","logo":{"@type":"ImageObject","inLanguage":"fr-FR","@id":"https:\/\/chtululu.be\/#\/schema\/logo\/image\/","url":"https:\/\/chtululu.be\/wp-content\/uploads\/2016\/05\/logo-def-blanc.jpg","contentUrl":"https:\/\/chtululu.be\/wp-content\/uploads\/2016\/05\/logo-def-blanc.jpg","width":2048,"height":1901,"caption":"Le Chtululu"},"image":{"@id":"https:\/\/chtululu.be\/#\/schema\/logo\/image\/"}}]}},"_links":{"self":[{"href":"https:\/\/chtululu.be\/index.php\/wp-json\/wp\/v2\/product\/2211","targetHints":{"allow":["GET"]}}],"collection":[{"href":"https:\/\/chtululu.be\/index.php\/wp-json\/wp\/v2\/product"}],"about":[{"href":"https:\/\/chtululu.be\/index.php\/wp-json\/wp\/v2\/types\/product"}],"wp:featuredmedia":[{"embeddable":true,"href":"https:\/\/chtululu.be\/index.php\/wp-json\/wp\/v2\/media\/2212"}],"wp:attachment":[{"href":"https:\/\/chtululu.be\/index.php\/wp-json\/wp\/v2\/media?parent=2211"}],"wp:term":[{"taxonomy":"product_brand","embeddable":true,"href":"https:\/\/chtululu.be\/index.php\/wp-json\/wp\/v2\/product_brand?post=2211"},{"taxonomy":"product_cat","embeddable":true,"href":"https:\/\/chtululu.be\/index.php\/wp-json\/wp\/v2\/product_cat?post=2211"},{"taxonomy":"product_tag","embeddable":true,"href":"https:\/\/chtululu.be\/index.php\/wp-json\/wp\/v2\/product_tag?post=2211"}],"curies":[{"name":"wp","href":"https:\/\/api.w.org\/{rel}","templated":true}]}}