{"id":2169,"date":"2021-03-18T13:03:30","date_gmt":"2021-03-18T12:03:30","guid":{"rendered":"https:\/\/chtululu.be\/?post_type=product&#038;p=2169"},"modified":"2023-12-04T09:36:13","modified_gmt":"2023-12-04T08:36:13","slug":"kiss-of-rose-princess-9-tomes-serie-complete-copie","status":"publish","type":"product","link":"https:\/\/chtululu.be\/index.php\/produit\/kiss-of-rose-princess-9-tomes-serie-complete-copie\/","title":{"rendered":"Kiss of Rose Princess (9 tomes &#8211; s\u00e9rie compl\u00e8te)"},"content":{"rendered":"<p>Kiss of Rose Princess (9 tomes &#8211; s\u00e9rie compl\u00e8te)<\/p>\n<h2>Kiss of Rose Princess<\/h2>\n<div class=\"description\">\n<div class=\"description\">\n<p class=\"bigsize\">Le p\u00e8re d&rsquo;Anis Yamamoto a confi\u00e9 \u00e0 sa fille, encore enfant, un collier en forme de rose suppos\u00e9 la tenir \u00e9loign\u00e9e d&rsquo;une mal\u00e9diction. Mais une curieuse cr\u00e9ature va le lui retirer et laisser derri\u00e8re elle une simple carte rouge. Enjointe \u00e0 d\u00e9poser un baiser sur cette carte, elle fait appara\u00eetre Kaede, son camarade de classe et rival qui lui fait serment d&rsquo;all\u00e9geance&#8230; contre son gr\u00e9. Anis est d\u00e9sormais la princesse des roses, li\u00e9e aux 4 chevaliers de la rose&#8230; et camarades de classe. Chacun dot\u00e9 d&rsquo;un pouvoir unique, ils vont devoir ob\u00e9ir \u00e0 la jeune fille&#8230; qu&rsquo;ils le veuillent ou non !<\/p>\n<p><em>R\u00e9sum\u00e9 tir\u00e9 de Manga-news<\/em><\/p>\n<\/div>\n<\/div>\n","protected":false},"excerpt":{"rendered":"<h4>Kiss of Rose Princess<\/h4>\n","protected":false},"featured_media":2170,"template":"","meta":{"_acf_changed":false,"_exactmetrics_skip_tracking":false,"_exactmetrics_sitenote_active":false,"_exactmetrics_sitenote_note":"","_exactmetrics_sitenote_category":0},"product_brand":[],"product_cat":[387],"product_tag":[],"class_list":{"0":"post-2169","1":"product","2":"type-product","3":"status-publish","4":"has-post-thumbnail","6":"product_cat-mangas","8":"first","9":"outofstock","10":"sold-individually","11":"taxable","12":"shipping-taxable","13":"purchasable","14":"product-type-simple"},"acf":[],"yoast_head":"<!-- This site is optimized with the Yoast SEO plugin v26.6 - https:\/\/yoast.com\/wordpress\/plugins\/seo\/ -->\n<title>Kiss of Rose Princess (9 tomes - s\u00e9rie compl\u00e8te) au Chtululu<\/title>\n<meta name=\"description\" content=\"La s\u00e9rie manga Kiss of Rose Princess (9 tomes) est compl\u00e8te et disponible en seconde main au Chtululu (gare de Soignies). R\u00e9servez-la.\" \/>\n<meta name=\"robots\" content=\"index, follow, max-snippet:-1, max-image-preview:large, max-video-preview:-1\" \/>\n<link rel=\"canonical\" href=\"https:\/\/chtululu.be\/index.php\/produit\/kiss-of-rose-princess-9-tomes-serie-complete-copie\/\" \/>\n<meta property=\"og:locale\" content=\"fr_FR\" \/>\n<meta property=\"og:type\" content=\"article\" \/>\n<meta property=\"og:title\" content=\"Kiss of Rose Princess (9 tomes - s\u00e9rie compl\u00e8te) au Chtululu\" \/>\n<meta property=\"og:description\" content=\"La s\u00e9rie manga Kiss of Rose Princess (9 tomes) est compl\u00e8te et disponible en seconde main au Chtululu (gare de Soignies). R\u00e9servez-la.\" \/>\n<meta property=\"og:url\" content=\"https:\/\/chtululu.be\/index.php\/produit\/kiss-of-rose-princess-9-tomes-serie-complete-copie\/\" \/>\n<meta property=\"og:site_name\" content=\"Le Chtululu\" \/>\n<meta property=\"article:modified_time\" content=\"2023-12-04T08:36:13+00:00\" \/>\n<meta property=\"og:image\" content=\"https:\/\/chtululu.be\/wp-content\/uploads\/2021\/03\/Kiss-of-Rose-Princess-belle-photo-scaled.jpg\" \/>\n\t<meta property=\"og:image:width\" content=\"2560\" \/>\n\t<meta property=\"og:image:height\" content=\"1920\" \/>\n\t<meta property=\"og:image:type\" content=\"image\/jpeg\" \/>\n<meta name=\"twitter:card\" content=\"summary_large_image\" \/>\n<meta name=\"twitter:label1\" content=\"Dur\u00e9e de lecture estim\u00e9e\" \/>\n\t<meta name=\"twitter:data1\" content=\"1 minute\" \/>\n<script type=\"application\/ld+json\" class=\"yoast-schema-graph\">{\"@context\":\"https:\/\/schema.org\",\"@graph\":[{\"@type\":\"WebPage\",\"@id\":\"https:\/\/chtululu.be\/index.php\/produit\/kiss-of-rose-princess-9-tomes-serie-complete-copie\/\",\"url\":\"https:\/\/chtululu.be\/index.php\/produit\/kiss-of-rose-princess-9-tomes-serie-complete-copie\/\",\"name\":\"Kiss of Rose Princess (9 tomes - s\u00e9rie compl\u00e8te) au Chtululu\",\"isPartOf\":{\"@id\":\"https:\/\/chtululu.be\/#website\"},\"primaryImageOfPage\":{\"@id\":\"https:\/\/chtululu.be\/index.php\/produit\/kiss-of-rose-princess-9-tomes-serie-complete-copie\/#primaryimage\"},\"image\":{\"@id\":\"https:\/\/chtululu.be\/index.php\/produit\/kiss-of-rose-princess-9-tomes-serie-complete-copie\/#primaryimage\"},\"thumbnailUrl\":\"https:\/\/chtululu.be\/wp-content\/uploads\/2021\/03\/Kiss-of-Rose-Princess-belle-photo-scaled.jpg\",\"datePublished\":\"2021-03-18T12:03:30+00:00\",\"dateModified\":\"2023-12-04T08:36:13+00:00\",\"description\":\"La s\u00e9rie manga Kiss of Rose Princess (9 tomes) est compl\u00e8te et disponible en seconde main au Chtululu (gare de Soignies). R\u00e9servez-la.\",\"breadcrumb\":{\"@id\":\"https:\/\/chtululu.be\/index.php\/produit\/kiss-of-rose-princess-9-tomes-serie-complete-copie\/#breadcrumb\"},\"inLanguage\":\"fr-FR\",\"potentialAction\":[{\"@type\":\"ReadAction\",\"target\":[\"https:\/\/chtululu.be\/index.php\/produit\/kiss-of-rose-princess-9-tomes-serie-complete-copie\/\"]}]},{\"@type\":\"ImageObject\",\"inLanguage\":\"fr-FR\",\"@id\":\"https:\/\/chtululu.be\/index.php\/produit\/kiss-of-rose-princess-9-tomes-serie-complete-copie\/#primaryimage\",\"url\":\"https:\/\/chtululu.be\/wp-content\/uploads\/2021\/03\/Kiss-of-Rose-Princess-belle-photo-scaled.jpg\",\"contentUrl\":\"https:\/\/chtululu.be\/wp-content\/uploads\/2021\/03\/Kiss-of-Rose-Princess-belle-photo-scaled.jpg\",\"width\":2560,\"height\":1920,\"caption\":\"smart\"},{\"@type\":\"BreadcrumbList\",\"@id\":\"https:\/\/chtululu.be\/index.php\/produit\/kiss-of-rose-princess-9-tomes-serie-complete-copie\/#breadcrumb\",\"itemListElement\":[{\"@type\":\"ListItem\",\"position\":1,\"name\":\"Accueil\",\"item\":\"https:\/\/chtululu.be\/\"},{\"@type\":\"ListItem\",\"position\":2,\"name\":\"Les livres\",\"item\":\"https:\/\/chtululu.be\/index.php\/livres-doccasion\/\"},{\"@type\":\"ListItem\",\"position\":3,\"name\":\"Kiss of Rose Princess (9 tomes &#8211; s\u00e9rie compl\u00e8te)\"}]},{\"@type\":\"WebSite\",\"@id\":\"https:\/\/chtululu.be\/#website\",\"url\":\"https:\/\/chtululu.be\/\",\"name\":\"Le Chtululu\",\"description\":\"Votre librairie de seconde main \u00e0 Soignies\",\"publisher\":{\"@id\":\"https:\/\/chtululu.be\/#organization\"},\"potentialAction\":[{\"@type\":\"SearchAction\",\"target\":{\"@type\":\"EntryPoint\",\"urlTemplate\":\"https:\/\/chtululu.be\/?s={search_term_string}\"},\"query-input\":{\"@type\":\"PropertyValueSpecification\",\"valueRequired\":true,\"valueName\":\"search_term_string\"}}],\"inLanguage\":\"fr-FR\"},{\"@type\":\"Organization\",\"@id\":\"https:\/\/chtululu.be\/#organization\",\"name\":\"Le Chtululu\",\"url\":\"https:\/\/chtululu.be\/\",\"logo\":{\"@type\":\"ImageObject\",\"inLanguage\":\"fr-FR\",\"@id\":\"https:\/\/chtululu.be\/#\/schema\/logo\/image\/\",\"url\":\"https:\/\/chtululu.be\/wp-content\/uploads\/2016\/05\/logo-def-blanc.jpg\",\"contentUrl\":\"https:\/\/chtululu.be\/wp-content\/uploads\/2016\/05\/logo-def-blanc.jpg\",\"width\":2048,\"height\":1901,\"caption\":\"Le Chtululu\"},\"image\":{\"@id\":\"https:\/\/chtululu.be\/#\/schema\/logo\/image\/\"}}]}<\/script>\n<!-- \/ Yoast SEO plugin. -->","yoast_head_json":{"title":"Kiss of Rose Princess (9 tomes - s\u00e9rie compl\u00e8te) au Chtululu","description":"La s\u00e9rie manga Kiss of Rose Princess (9 tomes) est compl\u00e8te et disponible en seconde main au Chtululu (gare de Soignies). R\u00e9servez-la.","robots":{"index":"index","follow":"follow","max-snippet":"max-snippet:-1","max-image-preview":"max-image-preview:large","max-video-preview":"max-video-preview:-1"},"canonical":"https:\/\/chtululu.be\/index.php\/produit\/kiss-of-rose-princess-9-tomes-serie-complete-copie\/","og_locale":"fr_FR","og_type":"article","og_title":"Kiss of Rose Princess (9 tomes - s\u00e9rie compl\u00e8te) au Chtululu","og_description":"La s\u00e9rie manga Kiss of Rose Princess (9 tomes) est compl\u00e8te et disponible en seconde main au Chtululu (gare de Soignies). R\u00e9servez-la.","og_url":"https:\/\/chtululu.be\/index.php\/produit\/kiss-of-rose-princess-9-tomes-serie-complete-copie\/","og_site_name":"Le Chtululu","article_modified_time":"2023-12-04T08:36:13+00:00","og_image":[{"width":2560,"height":1920,"url":"https:\/\/chtululu.be\/wp-content\/uploads\/2021\/03\/Kiss-of-Rose-Princess-belle-photo-scaled.jpg","type":"image\/jpeg"}],"twitter_card":"summary_large_image","twitter_misc":{"Dur\u00e9e de lecture estim\u00e9e":"1 minute"},"schema":{"@context":"https:\/\/schema.org","@graph":[{"@type":"WebPage","@id":"https:\/\/chtululu.be\/index.php\/produit\/kiss-of-rose-princess-9-tomes-serie-complete-copie\/","url":"https:\/\/chtululu.be\/index.php\/produit\/kiss-of-rose-princess-9-tomes-serie-complete-copie\/","name":"Kiss of Rose Princess (9 tomes - s\u00e9rie compl\u00e8te) au Chtululu","isPartOf":{"@id":"https:\/\/chtululu.be\/#website"},"primaryImageOfPage":{"@id":"https:\/\/chtululu.be\/index.php\/produit\/kiss-of-rose-princess-9-tomes-serie-complete-copie\/#primaryimage"},"image":{"@id":"https:\/\/chtululu.be\/index.php\/produit\/kiss-of-rose-princess-9-tomes-serie-complete-copie\/#primaryimage"},"thumbnailUrl":"https:\/\/chtululu.be\/wp-content\/uploads\/2021\/03\/Kiss-of-Rose-Princess-belle-photo-scaled.jpg","datePublished":"2021-03-18T12:03:30+00:00","dateModified":"2023-12-04T08:36:13+00:00","description":"La s\u00e9rie manga Kiss of Rose Princess (9 tomes) est compl\u00e8te et disponible en seconde main au Chtululu (gare de Soignies). R\u00e9servez-la.","breadcrumb":{"@id":"https:\/\/chtululu.be\/index.php\/produit\/kiss-of-rose-princess-9-tomes-serie-complete-copie\/#breadcrumb"},"inLanguage":"fr-FR","potentialAction":[{"@type":"ReadAction","target":["https:\/\/chtululu.be\/index.php\/produit\/kiss-of-rose-princess-9-tomes-serie-complete-copie\/"]}]},{"@type":"ImageObject","inLanguage":"fr-FR","@id":"https:\/\/chtululu.be\/index.php\/produit\/kiss-of-rose-princess-9-tomes-serie-complete-copie\/#primaryimage","url":"https:\/\/chtululu.be\/wp-content\/uploads\/2021\/03\/Kiss-of-Rose-Princess-belle-photo-scaled.jpg","contentUrl":"https:\/\/chtululu.be\/wp-content\/uploads\/2021\/03\/Kiss-of-Rose-Princess-belle-photo-scaled.jpg","width":2560,"height":1920,"caption":"smart"},{"@type":"BreadcrumbList","@id":"https:\/\/chtululu.be\/index.php\/produit\/kiss-of-rose-princess-9-tomes-serie-complete-copie\/#breadcrumb","itemListElement":[{"@type":"ListItem","position":1,"name":"Accueil","item":"https:\/\/chtululu.be\/"},{"@type":"ListItem","position":2,"name":"Les livres","item":"https:\/\/chtululu.be\/index.php\/livres-doccasion\/"},{"@type":"ListItem","position":3,"name":"Kiss of Rose Princess (9 tomes &#8211; s\u00e9rie compl\u00e8te)"}]},{"@type":"WebSite","@id":"https:\/\/chtululu.be\/#website","url":"https:\/\/chtululu.be\/","name":"Le Chtululu","description":"Votre librairie de seconde main \u00e0 Soignies","publisher":{"@id":"https:\/\/chtululu.be\/#organization"},"potentialAction":[{"@type":"SearchAction","target":{"@type":"EntryPoint","urlTemplate":"https:\/\/chtululu.be\/?s={search_term_string}"},"query-input":{"@type":"PropertyValueSpecification","valueRequired":true,"valueName":"search_term_string"}}],"inLanguage":"fr-FR"},{"@type":"Organization","@id":"https:\/\/chtululu.be\/#organization","name":"Le Chtululu","url":"https:\/\/chtululu.be\/","logo":{"@type":"ImageObject","inLanguage":"fr-FR","@id":"https:\/\/chtululu.be\/#\/schema\/logo\/image\/","url":"https:\/\/chtululu.be\/wp-content\/uploads\/2016\/05\/logo-def-blanc.jpg","contentUrl":"https:\/\/chtululu.be\/wp-content\/uploads\/2016\/05\/logo-def-blanc.jpg","width":2048,"height":1901,"caption":"Le Chtululu"},"image":{"@id":"https:\/\/chtululu.be\/#\/schema\/logo\/image\/"}}]}},"_links":{"self":[{"href":"https:\/\/chtululu.be\/index.php\/wp-json\/wp\/v2\/product\/2169","targetHints":{"allow":["GET"]}}],"collection":[{"href":"https:\/\/chtululu.be\/index.php\/wp-json\/wp\/v2\/product"}],"about":[{"href":"https:\/\/chtululu.be\/index.php\/wp-json\/wp\/v2\/types\/product"}],"wp:featuredmedia":[{"embeddable":true,"href":"https:\/\/chtululu.be\/index.php\/wp-json\/wp\/v2\/media\/2170"}],"wp:attachment":[{"href":"https:\/\/chtululu.be\/index.php\/wp-json\/wp\/v2\/media?parent=2169"}],"wp:term":[{"taxonomy":"product_brand","embeddable":true,"href":"https:\/\/chtululu.be\/index.php\/wp-json\/wp\/v2\/product_brand?post=2169"},{"taxonomy":"product_cat","embeddable":true,"href":"https:\/\/chtululu.be\/index.php\/wp-json\/wp\/v2\/product_cat?post=2169"},{"taxonomy":"product_tag","embeddable":true,"href":"https:\/\/chtululu.be\/index.php\/wp-json\/wp\/v2\/product_tag?post=2169"}],"curies":[{"name":"wp","href":"https:\/\/api.w.org\/{rel}","templated":true}]}}