{"id":2097,"date":"2021-03-12T16:36:18","date_gmt":"2021-03-12T15:36:18","guid":{"rendered":"https:\/\/chtululu.be\/?post_type=product&#038;p=2097"},"modified":"2022-02-26T21:02:09","modified_gmt":"2022-02-26T20:02:09","slug":"ah-my-goddess-39-tomes","status":"publish","type":"product","link":"https:\/\/chtululu.be\/index.php\/produit\/ah-my-goddess-39-tomes\/","title":{"rendered":"Ah! My goddess (29 tomes)"},"content":{"rendered":"<p>Ah! My goddess (29 tomes &#8211; Il manque les tomes 24 et 25)<\/p>\n<h2>R\u00e9sum\u00e9 de Ah! My goddess<\/h2>\n<div class=\"description\">\n<div class=\"description\">\n<p class=\"bigsize\">Alors qu&rsquo;il passe une soir\u00e9e seul, Keichi Morisato, un \u00e9tudiant, compose un mauvais num\u00e9ro de t\u00e9l\u00e9phone et tombe sur le \u00ab\u00a0bureau divin SOS amiti\u00e9\u00a0\u00bb qui fait appara\u00eetre devant lui une superbe jeune fille pr\u00eate \u00e0 exaucer un de ses v\u0153ux ! D\u00e9contenanc\u00e9, Keichi g\u00e8re la situation comme il peut, imaginant une blague, puis se lance : ce qu&rsquo;il d\u00e9sire, c&rsquo;est qu&rsquo;une d\u00e9esse comme elle reste avec lui pour la vie ! Cataclysme dans la pi\u00e8ce : un vent violent semble tout bousculer&#8230; puis c&rsquo;est le calme. La jolie d\u00e9esse, pr\u00e9nomm\u00e9e Belldandy, confirme \u00e0 Keichi que son v\u0153u est exauc\u00e9. Elle le suivra d\u00e9sormais partout et partagera avec lui bons et mauvais moments. Un r\u00eave devenu r\u00e9alit\u00e9 qui n&rsquo;est cependant pas sans cons\u00e9quence&#8230; Uld et Skuld, les deux s\u0153urs de Belldandy, vont en effet d\u00e9barquer elles aussi sur Terre et mettre leur grain de sel dans une relation d\u00e9j\u00e0 jug\u00e9e curieuse par bien des proches du jeune \u00e9tudiant.<\/p>\n<p><em>R\u00e9sum\u00e9 tir\u00e9 de Manga-news<\/em><\/p>\n<\/div>\n<\/div>\n","protected":false},"excerpt":{"rendered":"<h4>Ah! My goddess<\/h4>\n","protected":false},"featured_media":2098,"template":"","meta":{"_acf_changed":false,"_exactmetrics_skip_tracking":false,"_exactmetrics_sitenote_active":false,"_exactmetrics_sitenote_note":"","_exactmetrics_sitenote_category":0},"product_brand":[],"product_cat":[387],"product_tag":[],"class_list":{"0":"post-2097","1":"product","2":"type-product","3":"status-publish","4":"has-post-thumbnail","6":"product_cat-mangas","8":"first","9":"outofstock","10":"sold-individually","11":"taxable","12":"shipping-taxable","13":"purchasable","14":"product-type-simple"},"acf":[],"yoast_head":"<!-- This site is optimized with the Yoast SEO plugin v26.6 - https:\/\/yoast.com\/wordpress\/plugins\/seo\/ -->\n<title>Ah! My goddess (29 tomes) au Chtululu<\/title>\n<meta name=\"description\" content=\"La s\u00e9rie manga Ah! My goddess (37 tomes) est disponible en seconde main au Chtululu (gare de Soignies). R\u00e9servez-la.\" \/>\n<meta name=\"robots\" content=\"index, follow, max-snippet:-1, max-image-preview:large, max-video-preview:-1\" \/>\n<link rel=\"canonical\" href=\"https:\/\/chtululu.be\/index.php\/produit\/ah-my-goddess-39-tomes\/\" \/>\n<meta property=\"og:locale\" content=\"fr_FR\" \/>\n<meta property=\"og:type\" content=\"article\" \/>\n<meta property=\"og:title\" content=\"Ah! My goddess (29 tomes) au Chtululu\" \/>\n<meta property=\"og:description\" content=\"La s\u00e9rie manga Ah! My goddess (37 tomes) est disponible en seconde main au Chtululu (gare de Soignies). R\u00e9servez-la.\" \/>\n<meta property=\"og:url\" content=\"https:\/\/chtululu.be\/index.php\/produit\/ah-my-goddess-39-tomes\/\" \/>\n<meta property=\"og:site_name\" content=\"Le Chtululu\" \/>\n<meta property=\"article:modified_time\" content=\"2022-02-26T20:02:09+00:00\" \/>\n<meta property=\"og:image\" content=\"https:\/\/chtululu.be\/wp-content\/uploads\/2021\/03\/Ah-My-goddess-1ere-page-scaled.jpg\" \/>\n\t<meta property=\"og:image:width\" content=\"1920\" \/>\n\t<meta property=\"og:image:height\" content=\"2560\" \/>\n\t<meta property=\"og:image:type\" content=\"image\/jpeg\" \/>\n<meta name=\"twitter:card\" content=\"summary_large_image\" \/>\n<meta name=\"twitter:label1\" content=\"Dur\u00e9e de lecture estim\u00e9e\" \/>\n\t<meta name=\"twitter:data1\" content=\"1 minute\" \/>\n<script type=\"application\/ld+json\" class=\"yoast-schema-graph\">{\"@context\":\"https:\/\/schema.org\",\"@graph\":[{\"@type\":\"WebPage\",\"@id\":\"https:\/\/chtululu.be\/index.php\/produit\/ah-my-goddess-39-tomes\/\",\"url\":\"https:\/\/chtululu.be\/index.php\/produit\/ah-my-goddess-39-tomes\/\",\"name\":\"Ah! My goddess (29 tomes) au Chtululu\",\"isPartOf\":{\"@id\":\"https:\/\/chtululu.be\/#website\"},\"primaryImageOfPage\":{\"@id\":\"https:\/\/chtululu.be\/index.php\/produit\/ah-my-goddess-39-tomes\/#primaryimage\"},\"image\":{\"@id\":\"https:\/\/chtululu.be\/index.php\/produit\/ah-my-goddess-39-tomes\/#primaryimage\"},\"thumbnailUrl\":\"https:\/\/chtululu.be\/wp-content\/uploads\/2021\/03\/Ah-My-goddess-1ere-page-scaled.jpg\",\"datePublished\":\"2021-03-12T15:36:18+00:00\",\"dateModified\":\"2022-02-26T20:02:09+00:00\",\"description\":\"La s\u00e9rie manga Ah! My goddess (37 tomes) est disponible en seconde main au Chtululu (gare de Soignies). R\u00e9servez-la.\",\"breadcrumb\":{\"@id\":\"https:\/\/chtululu.be\/index.php\/produit\/ah-my-goddess-39-tomes\/#breadcrumb\"},\"inLanguage\":\"fr-FR\",\"potentialAction\":[{\"@type\":\"ReadAction\",\"target\":[\"https:\/\/chtululu.be\/index.php\/produit\/ah-my-goddess-39-tomes\/\"]}]},{\"@type\":\"ImageObject\",\"inLanguage\":\"fr-FR\",\"@id\":\"https:\/\/chtululu.be\/index.php\/produit\/ah-my-goddess-39-tomes\/#primaryimage\",\"url\":\"https:\/\/chtululu.be\/wp-content\/uploads\/2021\/03\/Ah-My-goddess-1ere-page-scaled.jpg\",\"contentUrl\":\"https:\/\/chtululu.be\/wp-content\/uploads\/2021\/03\/Ah-My-goddess-1ere-page-scaled.jpg\",\"width\":1920,\"height\":2560,\"caption\":\"smart\"},{\"@type\":\"BreadcrumbList\",\"@id\":\"https:\/\/chtululu.be\/index.php\/produit\/ah-my-goddess-39-tomes\/#breadcrumb\",\"itemListElement\":[{\"@type\":\"ListItem\",\"position\":1,\"name\":\"Accueil\",\"item\":\"https:\/\/chtululu.be\/\"},{\"@type\":\"ListItem\",\"position\":2,\"name\":\"Les livres\",\"item\":\"https:\/\/chtululu.be\/index.php\/livres-doccasion\/\"},{\"@type\":\"ListItem\",\"position\":3,\"name\":\"Ah! My goddess (29 tomes)\"}]},{\"@type\":\"WebSite\",\"@id\":\"https:\/\/chtululu.be\/#website\",\"url\":\"https:\/\/chtululu.be\/\",\"name\":\"Le Chtululu\",\"description\":\"Votre librairie de seconde main \u00e0 Soignies\",\"publisher\":{\"@id\":\"https:\/\/chtululu.be\/#organization\"},\"potentialAction\":[{\"@type\":\"SearchAction\",\"target\":{\"@type\":\"EntryPoint\",\"urlTemplate\":\"https:\/\/chtululu.be\/?s={search_term_string}\"},\"query-input\":{\"@type\":\"PropertyValueSpecification\",\"valueRequired\":true,\"valueName\":\"search_term_string\"}}],\"inLanguage\":\"fr-FR\"},{\"@type\":\"Organization\",\"@id\":\"https:\/\/chtululu.be\/#organization\",\"name\":\"Le Chtululu\",\"url\":\"https:\/\/chtululu.be\/\",\"logo\":{\"@type\":\"ImageObject\",\"inLanguage\":\"fr-FR\",\"@id\":\"https:\/\/chtululu.be\/#\/schema\/logo\/image\/\",\"url\":\"https:\/\/chtululu.be\/wp-content\/uploads\/2016\/05\/logo-def-blanc.jpg\",\"contentUrl\":\"https:\/\/chtululu.be\/wp-content\/uploads\/2016\/05\/logo-def-blanc.jpg\",\"width\":2048,\"height\":1901,\"caption\":\"Le Chtululu\"},\"image\":{\"@id\":\"https:\/\/chtululu.be\/#\/schema\/logo\/image\/\"}}]}<\/script>\n<!-- \/ Yoast SEO plugin. -->","yoast_head_json":{"title":"Ah! My goddess (29 tomes) au Chtululu","description":"La s\u00e9rie manga Ah! My goddess (37 tomes) est disponible en seconde main au Chtululu (gare de Soignies). R\u00e9servez-la.","robots":{"index":"index","follow":"follow","max-snippet":"max-snippet:-1","max-image-preview":"max-image-preview:large","max-video-preview":"max-video-preview:-1"},"canonical":"https:\/\/chtululu.be\/index.php\/produit\/ah-my-goddess-39-tomes\/","og_locale":"fr_FR","og_type":"article","og_title":"Ah! My goddess (29 tomes) au Chtululu","og_description":"La s\u00e9rie manga Ah! My goddess (37 tomes) est disponible en seconde main au Chtululu (gare de Soignies). R\u00e9servez-la.","og_url":"https:\/\/chtululu.be\/index.php\/produit\/ah-my-goddess-39-tomes\/","og_site_name":"Le Chtululu","article_modified_time":"2022-02-26T20:02:09+00:00","og_image":[{"width":1920,"height":2560,"url":"https:\/\/chtululu.be\/wp-content\/uploads\/2021\/03\/Ah-My-goddess-1ere-page-scaled.jpg","type":"image\/jpeg"}],"twitter_card":"summary_large_image","twitter_misc":{"Dur\u00e9e de lecture estim\u00e9e":"1 minute"},"schema":{"@context":"https:\/\/schema.org","@graph":[{"@type":"WebPage","@id":"https:\/\/chtululu.be\/index.php\/produit\/ah-my-goddess-39-tomes\/","url":"https:\/\/chtululu.be\/index.php\/produit\/ah-my-goddess-39-tomes\/","name":"Ah! My goddess (29 tomes) au Chtululu","isPartOf":{"@id":"https:\/\/chtululu.be\/#website"},"primaryImageOfPage":{"@id":"https:\/\/chtululu.be\/index.php\/produit\/ah-my-goddess-39-tomes\/#primaryimage"},"image":{"@id":"https:\/\/chtululu.be\/index.php\/produit\/ah-my-goddess-39-tomes\/#primaryimage"},"thumbnailUrl":"https:\/\/chtululu.be\/wp-content\/uploads\/2021\/03\/Ah-My-goddess-1ere-page-scaled.jpg","datePublished":"2021-03-12T15:36:18+00:00","dateModified":"2022-02-26T20:02:09+00:00","description":"La s\u00e9rie manga Ah! My goddess (37 tomes) est disponible en seconde main au Chtululu (gare de Soignies). R\u00e9servez-la.","breadcrumb":{"@id":"https:\/\/chtululu.be\/index.php\/produit\/ah-my-goddess-39-tomes\/#breadcrumb"},"inLanguage":"fr-FR","potentialAction":[{"@type":"ReadAction","target":["https:\/\/chtululu.be\/index.php\/produit\/ah-my-goddess-39-tomes\/"]}]},{"@type":"ImageObject","inLanguage":"fr-FR","@id":"https:\/\/chtululu.be\/index.php\/produit\/ah-my-goddess-39-tomes\/#primaryimage","url":"https:\/\/chtululu.be\/wp-content\/uploads\/2021\/03\/Ah-My-goddess-1ere-page-scaled.jpg","contentUrl":"https:\/\/chtululu.be\/wp-content\/uploads\/2021\/03\/Ah-My-goddess-1ere-page-scaled.jpg","width":1920,"height":2560,"caption":"smart"},{"@type":"BreadcrumbList","@id":"https:\/\/chtululu.be\/index.php\/produit\/ah-my-goddess-39-tomes\/#breadcrumb","itemListElement":[{"@type":"ListItem","position":1,"name":"Accueil","item":"https:\/\/chtululu.be\/"},{"@type":"ListItem","position":2,"name":"Les livres","item":"https:\/\/chtululu.be\/index.php\/livres-doccasion\/"},{"@type":"ListItem","position":3,"name":"Ah! My goddess (29 tomes)"}]},{"@type":"WebSite","@id":"https:\/\/chtululu.be\/#website","url":"https:\/\/chtululu.be\/","name":"Le Chtululu","description":"Votre librairie de seconde main \u00e0 Soignies","publisher":{"@id":"https:\/\/chtululu.be\/#organization"},"potentialAction":[{"@type":"SearchAction","target":{"@type":"EntryPoint","urlTemplate":"https:\/\/chtululu.be\/?s={search_term_string}"},"query-input":{"@type":"PropertyValueSpecification","valueRequired":true,"valueName":"search_term_string"}}],"inLanguage":"fr-FR"},{"@type":"Organization","@id":"https:\/\/chtululu.be\/#organization","name":"Le Chtululu","url":"https:\/\/chtululu.be\/","logo":{"@type":"ImageObject","inLanguage":"fr-FR","@id":"https:\/\/chtululu.be\/#\/schema\/logo\/image\/","url":"https:\/\/chtululu.be\/wp-content\/uploads\/2016\/05\/logo-def-blanc.jpg","contentUrl":"https:\/\/chtululu.be\/wp-content\/uploads\/2016\/05\/logo-def-blanc.jpg","width":2048,"height":1901,"caption":"Le Chtululu"},"image":{"@id":"https:\/\/chtululu.be\/#\/schema\/logo\/image\/"}}]}},"_links":{"self":[{"href":"https:\/\/chtululu.be\/index.php\/wp-json\/wp\/v2\/product\/2097","targetHints":{"allow":["GET"]}}],"collection":[{"href":"https:\/\/chtululu.be\/index.php\/wp-json\/wp\/v2\/product"}],"about":[{"href":"https:\/\/chtululu.be\/index.php\/wp-json\/wp\/v2\/types\/product"}],"wp:featuredmedia":[{"embeddable":true,"href":"https:\/\/chtululu.be\/index.php\/wp-json\/wp\/v2\/media\/2098"}],"wp:attachment":[{"href":"https:\/\/chtululu.be\/index.php\/wp-json\/wp\/v2\/media?parent=2097"}],"wp:term":[{"taxonomy":"product_brand","embeddable":true,"href":"https:\/\/chtululu.be\/index.php\/wp-json\/wp\/v2\/product_brand?post=2097"},{"taxonomy":"product_cat","embeddable":true,"href":"https:\/\/chtululu.be\/index.php\/wp-json\/wp\/v2\/product_cat?post=2097"},{"taxonomy":"product_tag","embeddable":true,"href":"https:\/\/chtululu.be\/index.php\/wp-json\/wp\/v2\/product_tag?post=2097"}],"curies":[{"name":"wp","href":"https:\/\/api.w.org\/{rel}","templated":true}]}}