{"id":2053,"date":"2021-02-16T20:49:58","date_gmt":"2021-02-16T19:49:58","guid":{"rendered":"https:\/\/chtululu.be\/?post_type=product&#038;p=2053"},"modified":"2021-03-26T09:47:02","modified_gmt":"2021-03-26T08:47:02","slug":"to-the-abandoned-sacred-beasts","status":"publish","type":"product","link":"https:\/\/chtululu.be\/index.php\/produit\/to-the-abandoned-sacred-beasts\/","title":{"rendered":"To the Abandoned Sacred Beasts (4 tomes)"},"content":{"rendered":"<p>To the Abandoned Sacred Beasts &#8211; 4 tomes (s\u00e9rie en cours)<\/p>\n<h2>R\u00e9sum\u00e9 de To the Abandoned Sacred Beasts<\/h2>\n<div class=\"description\">\n<div class=\"description\">\n<p class=\"bigsize\">Les guerriers du Nord, mi-hommes mi-b\u00eates, appel\u00e9s Divins mim\u00e9tiques ramen\u00e8rent la paix et furent trait\u00e9s en h\u00e9ros par le peuple. Aujourd\u2019hui, craints de tous, ces Divins doivent apprendre \u00e0 faire face au Chasseur de B\u00eates car t\u00f4t ou tard ils perdront la raison. Nancy Charlotte Bancroft est la fille d\u2019un de ces Divins. D\u00e9termin\u00e9e \u00e0 venger la mort de son p\u00e8re, elle suit l\u2019\u00e9nigmatique Hank. Elle est entra\u00een\u00e9e dans une chasse aux dieux devenus monstres durant laquelle elle d\u00e9couvrira les v\u00e9rit\u00e9s cach\u00e9es de l\u2019existence de ces B\u00eates Divines (Sacred Beasts).<\/p>\n<p><em>R\u00e9sum\u00e9 tir\u00e9 de Manga-news<\/em><\/p>\n<\/div>\n<\/div>\n","protected":false},"excerpt":{"rendered":"<p>To the Abandoned Sacred Beasts<\/p>\n","protected":false},"featured_media":2054,"template":"","meta":{"_acf_changed":false,"_exactmetrics_skip_tracking":false,"_exactmetrics_sitenote_active":false,"_exactmetrics_sitenote_note":"","_exactmetrics_sitenote_category":0},"product_brand":[],"product_cat":[387],"product_tag":[],"class_list":{"0":"post-2053","1":"product","2":"type-product","3":"status-publish","4":"has-post-thumbnail","6":"product_cat-mangas","8":"first","9":"instock","10":"sold-individually","11":"taxable","12":"shipping-taxable","13":"purchasable","14":"product-type-simple"},"acf":[],"yoast_head":"<!-- This site is optimized with the Yoast SEO plugin v26.6 - https:\/\/yoast.com\/wordpress\/plugins\/seo\/ -->\n<title>To the Abandoned Sacred Beasts (4 tomes) au Chtululu<\/title>\n<meta name=\"description\" content=\"La s\u00e9rie manga To the Abandoned Sacred Beast (4 tomes) est disponible en seconde main au Chtululu (gare de Soignies). R\u00e9servez-la.\" \/>\n<meta name=\"robots\" content=\"index, follow, max-snippet:-1, max-image-preview:large, max-video-preview:-1\" \/>\n<link rel=\"canonical\" href=\"https:\/\/chtululu.be\/index.php\/produit\/to-the-abandoned-sacred-beasts\/\" \/>\n<meta property=\"og:locale\" content=\"fr_FR\" \/>\n<meta property=\"og:type\" content=\"article\" \/>\n<meta property=\"og:title\" content=\"To the Abandoned Sacred Beasts (4 tomes) au Chtululu\" \/>\n<meta property=\"og:description\" content=\"La s\u00e9rie manga To the Abandoned Sacred Beast (4 tomes) est disponible en seconde main au Chtululu (gare de Soignies). R\u00e9servez-la.\" \/>\n<meta property=\"og:url\" content=\"https:\/\/chtululu.be\/index.php\/produit\/to-the-abandoned-sacred-beasts\/\" \/>\n<meta property=\"og:site_name\" content=\"Le Chtululu\" \/>\n<meta property=\"article:modified_time\" content=\"2021-03-26T08:47:02+00:00\" \/>\n<meta property=\"og:image\" content=\"https:\/\/chtululu.be\/wp-content\/uploads\/2021\/02\/IMG_20210214_093001-scaled.jpg\" \/>\n\t<meta property=\"og:image:width\" content=\"1920\" \/>\n\t<meta property=\"og:image:height\" content=\"2560\" \/>\n\t<meta property=\"og:image:type\" content=\"image\/jpeg\" \/>\n<meta name=\"twitter:card\" content=\"summary_large_image\" \/>\n<meta name=\"twitter:label1\" content=\"Dur\u00e9e de lecture estim\u00e9e\" \/>\n\t<meta name=\"twitter:data1\" content=\"1 minute\" \/>\n<script type=\"application\/ld+json\" class=\"yoast-schema-graph\">{\"@context\":\"https:\/\/schema.org\",\"@graph\":[{\"@type\":\"WebPage\",\"@id\":\"https:\/\/chtululu.be\/index.php\/produit\/to-the-abandoned-sacred-beasts\/\",\"url\":\"https:\/\/chtululu.be\/index.php\/produit\/to-the-abandoned-sacred-beasts\/\",\"name\":\"To the Abandoned Sacred Beasts (4 tomes) au Chtululu\",\"isPartOf\":{\"@id\":\"https:\/\/chtululu.be\/#website\"},\"primaryImageOfPage\":{\"@id\":\"https:\/\/chtululu.be\/index.php\/produit\/to-the-abandoned-sacred-beasts\/#primaryimage\"},\"image\":{\"@id\":\"https:\/\/chtululu.be\/index.php\/produit\/to-the-abandoned-sacred-beasts\/#primaryimage\"},\"thumbnailUrl\":\"https:\/\/chtululu.be\/wp-content\/uploads\/2021\/02\/IMG_20210214_093001-scaled.jpg\",\"datePublished\":\"2021-02-16T19:49:58+00:00\",\"dateModified\":\"2021-03-26T08:47:02+00:00\",\"description\":\"La s\u00e9rie manga To the Abandoned Sacred Beast (4 tomes) est disponible en seconde main au Chtululu (gare de Soignies). R\u00e9servez-la.\",\"breadcrumb\":{\"@id\":\"https:\/\/chtululu.be\/index.php\/produit\/to-the-abandoned-sacred-beasts\/#breadcrumb\"},\"inLanguage\":\"fr-FR\",\"potentialAction\":[{\"@type\":\"ReadAction\",\"target\":[\"https:\/\/chtululu.be\/index.php\/produit\/to-the-abandoned-sacred-beasts\/\"]}]},{\"@type\":\"ImageObject\",\"inLanguage\":\"fr-FR\",\"@id\":\"https:\/\/chtululu.be\/index.php\/produit\/to-the-abandoned-sacred-beasts\/#primaryimage\",\"url\":\"https:\/\/chtululu.be\/wp-content\/uploads\/2021\/02\/IMG_20210214_093001-scaled.jpg\",\"contentUrl\":\"https:\/\/chtululu.be\/wp-content\/uploads\/2021\/02\/IMG_20210214_093001-scaled.jpg\",\"width\":1920,\"height\":2560,\"caption\":\"To the Abandoned Sacred Beasts\"},{\"@type\":\"BreadcrumbList\",\"@id\":\"https:\/\/chtululu.be\/index.php\/produit\/to-the-abandoned-sacred-beasts\/#breadcrumb\",\"itemListElement\":[{\"@type\":\"ListItem\",\"position\":1,\"name\":\"Accueil\",\"item\":\"https:\/\/chtululu.be\/\"},{\"@type\":\"ListItem\",\"position\":2,\"name\":\"Les livres\",\"item\":\"https:\/\/chtululu.be\/index.php\/livres-doccasion\/\"},{\"@type\":\"ListItem\",\"position\":3,\"name\":\"To the Abandoned Sacred Beasts (4 tomes)\"}]},{\"@type\":\"WebSite\",\"@id\":\"https:\/\/chtululu.be\/#website\",\"url\":\"https:\/\/chtululu.be\/\",\"name\":\"Le Chtululu\",\"description\":\"Votre librairie de seconde main \u00e0 Soignies\",\"publisher\":{\"@id\":\"https:\/\/chtululu.be\/#organization\"},\"potentialAction\":[{\"@type\":\"SearchAction\",\"target\":{\"@type\":\"EntryPoint\",\"urlTemplate\":\"https:\/\/chtululu.be\/?s={search_term_string}\"},\"query-input\":{\"@type\":\"PropertyValueSpecification\",\"valueRequired\":true,\"valueName\":\"search_term_string\"}}],\"inLanguage\":\"fr-FR\"},{\"@type\":\"Organization\",\"@id\":\"https:\/\/chtululu.be\/#organization\",\"name\":\"Le Chtululu\",\"url\":\"https:\/\/chtululu.be\/\",\"logo\":{\"@type\":\"ImageObject\",\"inLanguage\":\"fr-FR\",\"@id\":\"https:\/\/chtululu.be\/#\/schema\/logo\/image\/\",\"url\":\"https:\/\/chtululu.be\/wp-content\/uploads\/2016\/05\/logo-def-blanc.jpg\",\"contentUrl\":\"https:\/\/chtululu.be\/wp-content\/uploads\/2016\/05\/logo-def-blanc.jpg\",\"width\":2048,\"height\":1901,\"caption\":\"Le Chtululu\"},\"image\":{\"@id\":\"https:\/\/chtululu.be\/#\/schema\/logo\/image\/\"}}]}<\/script>\n<!-- \/ Yoast SEO plugin. -->","yoast_head_json":{"title":"To the Abandoned Sacred Beasts (4 tomes) au Chtululu","description":"La s\u00e9rie manga To the Abandoned Sacred Beast (4 tomes) est disponible en seconde main au Chtululu (gare de Soignies). R\u00e9servez-la.","robots":{"index":"index","follow":"follow","max-snippet":"max-snippet:-1","max-image-preview":"max-image-preview:large","max-video-preview":"max-video-preview:-1"},"canonical":"https:\/\/chtululu.be\/index.php\/produit\/to-the-abandoned-sacred-beasts\/","og_locale":"fr_FR","og_type":"article","og_title":"To the Abandoned Sacred Beasts (4 tomes) au Chtululu","og_description":"La s\u00e9rie manga To the Abandoned Sacred Beast (4 tomes) est disponible en seconde main au Chtululu (gare de Soignies). R\u00e9servez-la.","og_url":"https:\/\/chtululu.be\/index.php\/produit\/to-the-abandoned-sacred-beasts\/","og_site_name":"Le Chtululu","article_modified_time":"2021-03-26T08:47:02+00:00","og_image":[{"width":1920,"height":2560,"url":"https:\/\/chtululu.be\/wp-content\/uploads\/2021\/02\/IMG_20210214_093001-scaled.jpg","type":"image\/jpeg"}],"twitter_card":"summary_large_image","twitter_misc":{"Dur\u00e9e de lecture estim\u00e9e":"1 minute"},"schema":{"@context":"https:\/\/schema.org","@graph":[{"@type":"WebPage","@id":"https:\/\/chtululu.be\/index.php\/produit\/to-the-abandoned-sacred-beasts\/","url":"https:\/\/chtululu.be\/index.php\/produit\/to-the-abandoned-sacred-beasts\/","name":"To the Abandoned Sacred Beasts (4 tomes) au Chtululu","isPartOf":{"@id":"https:\/\/chtululu.be\/#website"},"primaryImageOfPage":{"@id":"https:\/\/chtululu.be\/index.php\/produit\/to-the-abandoned-sacred-beasts\/#primaryimage"},"image":{"@id":"https:\/\/chtululu.be\/index.php\/produit\/to-the-abandoned-sacred-beasts\/#primaryimage"},"thumbnailUrl":"https:\/\/chtululu.be\/wp-content\/uploads\/2021\/02\/IMG_20210214_093001-scaled.jpg","datePublished":"2021-02-16T19:49:58+00:00","dateModified":"2021-03-26T08:47:02+00:00","description":"La s\u00e9rie manga To the Abandoned Sacred Beast (4 tomes) est disponible en seconde main au Chtululu (gare de Soignies). R\u00e9servez-la.","breadcrumb":{"@id":"https:\/\/chtululu.be\/index.php\/produit\/to-the-abandoned-sacred-beasts\/#breadcrumb"},"inLanguage":"fr-FR","potentialAction":[{"@type":"ReadAction","target":["https:\/\/chtululu.be\/index.php\/produit\/to-the-abandoned-sacred-beasts\/"]}]},{"@type":"ImageObject","inLanguage":"fr-FR","@id":"https:\/\/chtululu.be\/index.php\/produit\/to-the-abandoned-sacred-beasts\/#primaryimage","url":"https:\/\/chtululu.be\/wp-content\/uploads\/2021\/02\/IMG_20210214_093001-scaled.jpg","contentUrl":"https:\/\/chtululu.be\/wp-content\/uploads\/2021\/02\/IMG_20210214_093001-scaled.jpg","width":1920,"height":2560,"caption":"To the Abandoned Sacred Beasts"},{"@type":"BreadcrumbList","@id":"https:\/\/chtululu.be\/index.php\/produit\/to-the-abandoned-sacred-beasts\/#breadcrumb","itemListElement":[{"@type":"ListItem","position":1,"name":"Accueil","item":"https:\/\/chtululu.be\/"},{"@type":"ListItem","position":2,"name":"Les livres","item":"https:\/\/chtululu.be\/index.php\/livres-doccasion\/"},{"@type":"ListItem","position":3,"name":"To the Abandoned Sacred Beasts (4 tomes)"}]},{"@type":"WebSite","@id":"https:\/\/chtululu.be\/#website","url":"https:\/\/chtululu.be\/","name":"Le Chtululu","description":"Votre librairie de seconde main \u00e0 Soignies","publisher":{"@id":"https:\/\/chtululu.be\/#organization"},"potentialAction":[{"@type":"SearchAction","target":{"@type":"EntryPoint","urlTemplate":"https:\/\/chtululu.be\/?s={search_term_string}"},"query-input":{"@type":"PropertyValueSpecification","valueRequired":true,"valueName":"search_term_string"}}],"inLanguage":"fr-FR"},{"@type":"Organization","@id":"https:\/\/chtululu.be\/#organization","name":"Le Chtululu","url":"https:\/\/chtululu.be\/","logo":{"@type":"ImageObject","inLanguage":"fr-FR","@id":"https:\/\/chtululu.be\/#\/schema\/logo\/image\/","url":"https:\/\/chtululu.be\/wp-content\/uploads\/2016\/05\/logo-def-blanc.jpg","contentUrl":"https:\/\/chtululu.be\/wp-content\/uploads\/2016\/05\/logo-def-blanc.jpg","width":2048,"height":1901,"caption":"Le Chtululu"},"image":{"@id":"https:\/\/chtululu.be\/#\/schema\/logo\/image\/"}}]}},"_links":{"self":[{"href":"https:\/\/chtululu.be\/index.php\/wp-json\/wp\/v2\/product\/2053","targetHints":{"allow":["GET"]}}],"collection":[{"href":"https:\/\/chtululu.be\/index.php\/wp-json\/wp\/v2\/product"}],"about":[{"href":"https:\/\/chtululu.be\/index.php\/wp-json\/wp\/v2\/types\/product"}],"wp:featuredmedia":[{"embeddable":true,"href":"https:\/\/chtululu.be\/index.php\/wp-json\/wp\/v2\/media\/2054"}],"wp:attachment":[{"href":"https:\/\/chtululu.be\/index.php\/wp-json\/wp\/v2\/media?parent=2053"}],"wp:term":[{"taxonomy":"product_brand","embeddable":true,"href":"https:\/\/chtululu.be\/index.php\/wp-json\/wp\/v2\/product_brand?post=2053"},{"taxonomy":"product_cat","embeddable":true,"href":"https:\/\/chtululu.be\/index.php\/wp-json\/wp\/v2\/product_cat?post=2053"},{"taxonomy":"product_tag","embeddable":true,"href":"https:\/\/chtululu.be\/index.php\/wp-json\/wp\/v2\/product_tag?post=2053"}],"curies":[{"name":"wp","href":"https:\/\/api.w.org\/{rel}","templated":true}]}}