{"id":2046,"date":"2021-02-14T11:26:39","date_gmt":"2021-02-14T10:26:39","guid":{"rendered":"https:\/\/chtululu.be\/?post_type=product&#038;p=2046"},"modified":"2021-03-26T09:47:23","modified_gmt":"2021-03-26T08:47:23","slug":"a-lassaut-du-roi","status":"publish","type":"product","link":"https:\/\/chtululu.be\/index.php\/produit\/a-lassaut-du-roi\/","title":{"rendered":"A l&rsquo;Assaut du Roi (4 tomes &#8211; s\u00e9rie compl\u00e8te)"},"content":{"rendered":"<p>A l&rsquo;Assaut du Roi (shonen) &#8211; 4 tomes &#8211; S\u00e9rie compl\u00e8te<\/p>\n<h2>R\u00e9sum\u00e9<\/h2>\n<div class=\"description\">\n<div class=\"description\">\n<p class=\"bigsize\">Ippei est un petit gar\u00e7on curieux, qui r\u00eave de vivre des aventures hors du commun. Quand Hime, une nouvelle camarade de classe, lui fait d\u00e9couvrir les \u00e9checs, il a une v\u00e9ritable r\u00e9v\u00e9lation : il a enfin trouv\u00e9 la discipline qui le fait palpiter. Il promet alors \u00e0 sa nouvelle amie de progresser afin d\u2019un jour l\u2019affronter d\u2019\u00e9gal \u00e0 \u00e9gal.<br \/>\nEt il s\u2019av\u00e8re qu\u2019Ippei a un don inn\u00e9 pour les \u00e9checs ; il visualise tr\u00e8s bien le jeu de l\u2019adversaire, et prend \u00e9norm\u00e9ment de plaisir \u00e0 jouer. C\u2019est le d\u00e9but d\u2019une belle ascension et d\u2019une grande aventure ! R\u00e9sum\u00e9 de Manga-News.<\/p>\n<\/div>\n<\/div>\n","protected":false},"excerpt":{"rendered":"<p>A l&rsquo;Assaut du Roi<\/p>\n","protected":false},"featured_media":2047,"template":"","meta":{"_acf_changed":false,"_exactmetrics_skip_tracking":false,"_exactmetrics_sitenote_active":false,"_exactmetrics_sitenote_note":"","_exactmetrics_sitenote_category":0},"product_brand":[],"product_cat":[387],"product_tag":[],"class_list":{"0":"post-2046","1":"product","2":"type-product","3":"status-publish","4":"has-post-thumbnail","6":"product_cat-mangas","8":"first","9":"instock","10":"sold-individually","11":"taxable","12":"shipping-taxable","13":"purchasable","14":"product-type-simple"},"acf":[],"yoast_head":"<!-- This site is optimized with the Yoast SEO plugin v26.6 - https:\/\/yoast.com\/wordpress\/plugins\/seo\/ -->\n<title>A l&#039;Assaut du Roi (4 tomes - s\u00e9rie compl\u00e8te) au Chtululu<\/title>\n<meta name=\"description\" content=\"La s\u00e9rie manga A l&#039;Assaut du Roi (4 tomes) est compl\u00e8te et disponible en seconde main au Chtululu (gare de Soignies). R\u00e9servez-la.\" \/>\n<meta name=\"robots\" content=\"index, follow, max-snippet:-1, max-image-preview:large, max-video-preview:-1\" \/>\n<link rel=\"canonical\" href=\"https:\/\/chtululu.be\/index.php\/produit\/a-lassaut-du-roi\/\" \/>\n<meta property=\"og:locale\" content=\"fr_FR\" \/>\n<meta property=\"og:type\" content=\"article\" \/>\n<meta property=\"og:title\" content=\"A l&#039;Assaut du Roi (4 tomes - s\u00e9rie compl\u00e8te) au Chtululu\" \/>\n<meta property=\"og:description\" content=\"La s\u00e9rie manga A l&#039;Assaut du Roi (4 tomes) est compl\u00e8te et disponible en seconde main au Chtululu (gare de Soignies). R\u00e9servez-la.\" \/>\n<meta property=\"og:url\" content=\"https:\/\/chtululu.be\/index.php\/produit\/a-lassaut-du-roi\/\" \/>\n<meta property=\"og:site_name\" content=\"Le Chtululu\" \/>\n<meta property=\"article:modified_time\" content=\"2021-03-26T08:47:23+00:00\" \/>\n<meta property=\"og:image\" content=\"https:\/\/chtululu.be\/wp-content\/uploads\/2021\/02\/IMG_20210214_093600-scaled.jpg\" \/>\n\t<meta property=\"og:image:width\" content=\"2560\" \/>\n\t<meta property=\"og:image:height\" content=\"1920\" \/>\n\t<meta property=\"og:image:type\" content=\"image\/jpeg\" \/>\n<meta name=\"twitter:card\" content=\"summary_large_image\" \/>\n<meta name=\"twitter:label1\" content=\"Dur\u00e9e de lecture estim\u00e9e\" \/>\n\t<meta name=\"twitter:data1\" content=\"1 minute\" \/>\n<script type=\"application\/ld+json\" class=\"yoast-schema-graph\">{\"@context\":\"https:\/\/schema.org\",\"@graph\":[{\"@type\":\"WebPage\",\"@id\":\"https:\/\/chtululu.be\/index.php\/produit\/a-lassaut-du-roi\/\",\"url\":\"https:\/\/chtululu.be\/index.php\/produit\/a-lassaut-du-roi\/\",\"name\":\"A l'Assaut du Roi (4 tomes - s\u00e9rie compl\u00e8te) au Chtululu\",\"isPartOf\":{\"@id\":\"https:\/\/chtululu.be\/#website\"},\"primaryImageOfPage\":{\"@id\":\"https:\/\/chtululu.be\/index.php\/produit\/a-lassaut-du-roi\/#primaryimage\"},\"image\":{\"@id\":\"https:\/\/chtululu.be\/index.php\/produit\/a-lassaut-du-roi\/#primaryimage\"},\"thumbnailUrl\":\"https:\/\/chtululu.be\/wp-content\/uploads\/2021\/02\/IMG_20210214_093600-scaled.jpg\",\"datePublished\":\"2021-02-14T10:26:39+00:00\",\"dateModified\":\"2021-03-26T08:47:23+00:00\",\"description\":\"La s\u00e9rie manga A l'Assaut du Roi (4 tomes) est compl\u00e8te et disponible en seconde main au Chtululu (gare de Soignies). R\u00e9servez-la.\",\"breadcrumb\":{\"@id\":\"https:\/\/chtululu.be\/index.php\/produit\/a-lassaut-du-roi\/#breadcrumb\"},\"inLanguage\":\"fr-FR\",\"potentialAction\":[{\"@type\":\"ReadAction\",\"target\":[\"https:\/\/chtululu.be\/index.php\/produit\/a-lassaut-du-roi\/\"]}]},{\"@type\":\"ImageObject\",\"inLanguage\":\"fr-FR\",\"@id\":\"https:\/\/chtululu.be\/index.php\/produit\/a-lassaut-du-roi\/#primaryimage\",\"url\":\"https:\/\/chtululu.be\/wp-content\/uploads\/2021\/02\/IMG_20210214_093600-scaled.jpg\",\"contentUrl\":\"https:\/\/chtululu.be\/wp-content\/uploads\/2021\/02\/IMG_20210214_093600-scaled.jpg\",\"width\":2560,\"height\":1920,\"caption\":\"A l'Assaut du Roi\"},{\"@type\":\"BreadcrumbList\",\"@id\":\"https:\/\/chtululu.be\/index.php\/produit\/a-lassaut-du-roi\/#breadcrumb\",\"itemListElement\":[{\"@type\":\"ListItem\",\"position\":1,\"name\":\"Accueil\",\"item\":\"https:\/\/chtululu.be\/\"},{\"@type\":\"ListItem\",\"position\":2,\"name\":\"Les livres\",\"item\":\"https:\/\/chtululu.be\/index.php\/livres-doccasion\/\"},{\"@type\":\"ListItem\",\"position\":3,\"name\":\"A l&rsquo;Assaut du Roi (4 tomes &#8211; s\u00e9rie compl\u00e8te)\"}]},{\"@type\":\"WebSite\",\"@id\":\"https:\/\/chtululu.be\/#website\",\"url\":\"https:\/\/chtululu.be\/\",\"name\":\"Le Chtululu\",\"description\":\"Votre librairie de seconde main \u00e0 Soignies\",\"publisher\":{\"@id\":\"https:\/\/chtululu.be\/#organization\"},\"potentialAction\":[{\"@type\":\"SearchAction\",\"target\":{\"@type\":\"EntryPoint\",\"urlTemplate\":\"https:\/\/chtululu.be\/?s={search_term_string}\"},\"query-input\":{\"@type\":\"PropertyValueSpecification\",\"valueRequired\":true,\"valueName\":\"search_term_string\"}}],\"inLanguage\":\"fr-FR\"},{\"@type\":\"Organization\",\"@id\":\"https:\/\/chtululu.be\/#organization\",\"name\":\"Le Chtululu\",\"url\":\"https:\/\/chtululu.be\/\",\"logo\":{\"@type\":\"ImageObject\",\"inLanguage\":\"fr-FR\",\"@id\":\"https:\/\/chtululu.be\/#\/schema\/logo\/image\/\",\"url\":\"https:\/\/chtululu.be\/wp-content\/uploads\/2016\/05\/logo-def-blanc.jpg\",\"contentUrl\":\"https:\/\/chtululu.be\/wp-content\/uploads\/2016\/05\/logo-def-blanc.jpg\",\"width\":2048,\"height\":1901,\"caption\":\"Le Chtululu\"},\"image\":{\"@id\":\"https:\/\/chtululu.be\/#\/schema\/logo\/image\/\"}}]}<\/script>\n<!-- \/ Yoast SEO plugin. -->","yoast_head_json":{"title":"A l'Assaut du Roi (4 tomes - s\u00e9rie compl\u00e8te) au Chtululu","description":"La s\u00e9rie manga A l'Assaut du Roi (4 tomes) est compl\u00e8te et disponible en seconde main au Chtululu (gare de Soignies). R\u00e9servez-la.","robots":{"index":"index","follow":"follow","max-snippet":"max-snippet:-1","max-image-preview":"max-image-preview:large","max-video-preview":"max-video-preview:-1"},"canonical":"https:\/\/chtululu.be\/index.php\/produit\/a-lassaut-du-roi\/","og_locale":"fr_FR","og_type":"article","og_title":"A l'Assaut du Roi (4 tomes - s\u00e9rie compl\u00e8te) au Chtululu","og_description":"La s\u00e9rie manga A l'Assaut du Roi (4 tomes) est compl\u00e8te et disponible en seconde main au Chtululu (gare de Soignies). R\u00e9servez-la.","og_url":"https:\/\/chtululu.be\/index.php\/produit\/a-lassaut-du-roi\/","og_site_name":"Le Chtululu","article_modified_time":"2021-03-26T08:47:23+00:00","og_image":[{"width":2560,"height":1920,"url":"https:\/\/chtululu.be\/wp-content\/uploads\/2021\/02\/IMG_20210214_093600-scaled.jpg","type":"image\/jpeg"}],"twitter_card":"summary_large_image","twitter_misc":{"Dur\u00e9e de lecture estim\u00e9e":"1 minute"},"schema":{"@context":"https:\/\/schema.org","@graph":[{"@type":"WebPage","@id":"https:\/\/chtululu.be\/index.php\/produit\/a-lassaut-du-roi\/","url":"https:\/\/chtululu.be\/index.php\/produit\/a-lassaut-du-roi\/","name":"A l'Assaut du Roi (4 tomes - s\u00e9rie compl\u00e8te) au Chtululu","isPartOf":{"@id":"https:\/\/chtululu.be\/#website"},"primaryImageOfPage":{"@id":"https:\/\/chtululu.be\/index.php\/produit\/a-lassaut-du-roi\/#primaryimage"},"image":{"@id":"https:\/\/chtululu.be\/index.php\/produit\/a-lassaut-du-roi\/#primaryimage"},"thumbnailUrl":"https:\/\/chtululu.be\/wp-content\/uploads\/2021\/02\/IMG_20210214_093600-scaled.jpg","datePublished":"2021-02-14T10:26:39+00:00","dateModified":"2021-03-26T08:47:23+00:00","description":"La s\u00e9rie manga A l'Assaut du Roi (4 tomes) est compl\u00e8te et disponible en seconde main au Chtululu (gare de Soignies). R\u00e9servez-la.","breadcrumb":{"@id":"https:\/\/chtululu.be\/index.php\/produit\/a-lassaut-du-roi\/#breadcrumb"},"inLanguage":"fr-FR","potentialAction":[{"@type":"ReadAction","target":["https:\/\/chtululu.be\/index.php\/produit\/a-lassaut-du-roi\/"]}]},{"@type":"ImageObject","inLanguage":"fr-FR","@id":"https:\/\/chtululu.be\/index.php\/produit\/a-lassaut-du-roi\/#primaryimage","url":"https:\/\/chtululu.be\/wp-content\/uploads\/2021\/02\/IMG_20210214_093600-scaled.jpg","contentUrl":"https:\/\/chtululu.be\/wp-content\/uploads\/2021\/02\/IMG_20210214_093600-scaled.jpg","width":2560,"height":1920,"caption":"A l'Assaut du Roi"},{"@type":"BreadcrumbList","@id":"https:\/\/chtululu.be\/index.php\/produit\/a-lassaut-du-roi\/#breadcrumb","itemListElement":[{"@type":"ListItem","position":1,"name":"Accueil","item":"https:\/\/chtululu.be\/"},{"@type":"ListItem","position":2,"name":"Les livres","item":"https:\/\/chtululu.be\/index.php\/livres-doccasion\/"},{"@type":"ListItem","position":3,"name":"A l&rsquo;Assaut du Roi (4 tomes &#8211; s\u00e9rie compl\u00e8te)"}]},{"@type":"WebSite","@id":"https:\/\/chtululu.be\/#website","url":"https:\/\/chtululu.be\/","name":"Le Chtululu","description":"Votre librairie de seconde main \u00e0 Soignies","publisher":{"@id":"https:\/\/chtululu.be\/#organization"},"potentialAction":[{"@type":"SearchAction","target":{"@type":"EntryPoint","urlTemplate":"https:\/\/chtululu.be\/?s={search_term_string}"},"query-input":{"@type":"PropertyValueSpecification","valueRequired":true,"valueName":"search_term_string"}}],"inLanguage":"fr-FR"},{"@type":"Organization","@id":"https:\/\/chtululu.be\/#organization","name":"Le Chtululu","url":"https:\/\/chtululu.be\/","logo":{"@type":"ImageObject","inLanguage":"fr-FR","@id":"https:\/\/chtululu.be\/#\/schema\/logo\/image\/","url":"https:\/\/chtululu.be\/wp-content\/uploads\/2016\/05\/logo-def-blanc.jpg","contentUrl":"https:\/\/chtululu.be\/wp-content\/uploads\/2016\/05\/logo-def-blanc.jpg","width":2048,"height":1901,"caption":"Le Chtululu"},"image":{"@id":"https:\/\/chtululu.be\/#\/schema\/logo\/image\/"}}]}},"_links":{"self":[{"href":"https:\/\/chtululu.be\/index.php\/wp-json\/wp\/v2\/product\/2046","targetHints":{"allow":["GET"]}}],"collection":[{"href":"https:\/\/chtululu.be\/index.php\/wp-json\/wp\/v2\/product"}],"about":[{"href":"https:\/\/chtululu.be\/index.php\/wp-json\/wp\/v2\/types\/product"}],"wp:featuredmedia":[{"embeddable":true,"href":"https:\/\/chtululu.be\/index.php\/wp-json\/wp\/v2\/media\/2047"}],"wp:attachment":[{"href":"https:\/\/chtululu.be\/index.php\/wp-json\/wp\/v2\/media?parent=2046"}],"wp:term":[{"taxonomy":"product_brand","embeddable":true,"href":"https:\/\/chtululu.be\/index.php\/wp-json\/wp\/v2\/product_brand?post=2046"},{"taxonomy":"product_cat","embeddable":true,"href":"https:\/\/chtululu.be\/index.php\/wp-json\/wp\/v2\/product_cat?post=2046"},{"taxonomy":"product_tag","embeddable":true,"href":"https:\/\/chtululu.be\/index.php\/wp-json\/wp\/v2\/product_tag?post=2046"}],"curies":[{"name":"wp","href":"https:\/\/api.w.org\/{rel}","templated":true}]}}