{"id":2030,"date":"2021-01-31T16:30:09","date_gmt":"2021-01-31T15:30:09","guid":{"rendered":"https:\/\/chtululu.be\/?post_type=product&#038;p=2030"},"modified":"2024-04-08T18:15:47","modified_gmt":"2024-04-08T17:15:47","slug":"florilege-doeuvres-en-francais-et-en-dialecte-dath","status":"publish","type":"product","link":"https:\/\/chtululu.be\/index.php\/produit\/florilege-doeuvres-en-francais-et-en-dialecte-dath\/","title":{"rendered":"Floril\u00e8ge d&rsquo;\u0153uvres en fran\u00e7ais et en dialecte d&rsquo;Ath"},"content":{"rendered":"<p>Floril\u00e8ge d&rsquo;\u0153uvres en fran\u00e7ais et en dialecte d&rsquo;Ath (Andr\u00e9 Delzenne)<\/p>\n","protected":false},"excerpt":{"rendered":"<p>Floril\u00e8ge d&rsquo;\u0153uvres en fran\u00e7ais et en dialecte d&rsquo;Ath<\/p>\n","protected":false},"featured_media":2031,"template":"","meta":{"_acf_changed":false,"_exactmetrics_skip_tracking":false,"_exactmetrics_sitenote_active":false,"_exactmetrics_sitenote_note":"","_exactmetrics_sitenote_category":0},"product_brand":[],"product_cat":[289,382],"product_tag":[96],"class_list":{"0":"post-2030","1":"product","2":"type-product","3":"status-publish","4":"has-post-thumbnail","6":"product_cat-livres-rares","7":"product_cat-savoirs","8":"product_tag-belge","10":"first","11":"outofstock","12":"taxable","13":"shipping-taxable","14":"purchasable","15":"product-type-simple"},"acf":[],"yoast_head":"<!-- This site is optimized with the Yoast SEO plugin v26.6 - https:\/\/yoast.com\/wordpress\/plugins\/seo\/ -->\n<title>Floril\u00e8ge d&#039;\u0153uvres en fran\u00e7ais et en dialecte d&#039;Ath - Le Chtululu<\/title>\n<meta name=\"description\" content=\"Floril\u00e8ge d&#039;\u0153uvres en fran\u00e7ais et en dialecte d&#039;Ath par Andr\u00e9 Delzenne est disponible en occasion sur r\u00e9servation au Chtululu.\" \/>\n<meta name=\"robots\" content=\"index, follow, max-snippet:-1, max-image-preview:large, max-video-preview:-1\" \/>\n<link rel=\"canonical\" href=\"https:\/\/chtululu.be\/index.php\/produit\/florilege-doeuvres-en-francais-et-en-dialecte-dath\/\" \/>\n<meta property=\"og:locale\" content=\"fr_FR\" \/>\n<meta property=\"og:type\" content=\"article\" \/>\n<meta property=\"og:title\" content=\"Floril\u00e8ge d&#039;\u0153uvres en fran\u00e7ais et en dialecte d&#039;Ath - Le Chtululu\" \/>\n<meta property=\"og:description\" content=\"Floril\u00e8ge d&#039;\u0153uvres en fran\u00e7ais et en dialecte d&#039;Ath par Andr\u00e9 Delzenne est disponible en occasion sur r\u00e9servation au Chtululu.\" \/>\n<meta property=\"og:url\" content=\"https:\/\/chtululu.be\/index.php\/produit\/florilege-doeuvres-en-francais-et-en-dialecte-dath\/\" \/>\n<meta property=\"og:site_name\" content=\"Le Chtululu\" \/>\n<meta property=\"article:modified_time\" content=\"2024-04-08T17:15:47+00:00\" \/>\n<meta property=\"og:image\" content=\"https:\/\/chtululu.be\/wp-content\/uploads\/2021\/01\/ath-scaled.jpg\" \/>\n\t<meta property=\"og:image:width\" content=\"1920\" \/>\n\t<meta property=\"og:image:height\" content=\"2560\" \/>\n\t<meta property=\"og:image:type\" content=\"image\/jpeg\" \/>\n<meta name=\"twitter:card\" content=\"summary_large_image\" \/>\n<script type=\"application\/ld+json\" class=\"yoast-schema-graph\">{\"@context\":\"https:\/\/schema.org\",\"@graph\":[{\"@type\":\"WebPage\",\"@id\":\"https:\/\/chtululu.be\/index.php\/produit\/florilege-doeuvres-en-francais-et-en-dialecte-dath\/\",\"url\":\"https:\/\/chtululu.be\/index.php\/produit\/florilege-doeuvres-en-francais-et-en-dialecte-dath\/\",\"name\":\"Floril\u00e8ge d'\u0153uvres en fran\u00e7ais et en dialecte d'Ath - Le Chtululu\",\"isPartOf\":{\"@id\":\"https:\/\/chtululu.be\/#website\"},\"primaryImageOfPage\":{\"@id\":\"https:\/\/chtululu.be\/index.php\/produit\/florilege-doeuvres-en-francais-et-en-dialecte-dath\/#primaryimage\"},\"image\":{\"@id\":\"https:\/\/chtululu.be\/index.php\/produit\/florilege-doeuvres-en-francais-et-en-dialecte-dath\/#primaryimage\"},\"thumbnailUrl\":\"https:\/\/chtululu.be\/wp-content\/uploads\/2021\/01\/ath-scaled.jpg\",\"datePublished\":\"2021-01-31T15:30:09+00:00\",\"dateModified\":\"2024-04-08T17:15:47+00:00\",\"description\":\"Floril\u00e8ge d'\u0153uvres en fran\u00e7ais et en dialecte d'Ath par Andr\u00e9 Delzenne est disponible en occasion sur r\u00e9servation au Chtululu.\",\"breadcrumb\":{\"@id\":\"https:\/\/chtululu.be\/index.php\/produit\/florilege-doeuvres-en-francais-et-en-dialecte-dath\/#breadcrumb\"},\"inLanguage\":\"fr-FR\",\"potentialAction\":[{\"@type\":\"ReadAction\",\"target\":[\"https:\/\/chtululu.be\/index.php\/produit\/florilege-doeuvres-en-francais-et-en-dialecte-dath\/\"]}]},{\"@type\":\"ImageObject\",\"inLanguage\":\"fr-FR\",\"@id\":\"https:\/\/chtululu.be\/index.php\/produit\/florilege-doeuvres-en-francais-et-en-dialecte-dath\/#primaryimage\",\"url\":\"https:\/\/chtululu.be\/wp-content\/uploads\/2021\/01\/ath-scaled.jpg\",\"contentUrl\":\"https:\/\/chtululu.be\/wp-content\/uploads\/2021\/01\/ath-scaled.jpg\",\"width\":1920,\"height\":2560,\"caption\":\"Floril\u00e8ge d'\u0153uvres en fran\u00e7ais et en dialecte d'Ath\"},{\"@type\":\"BreadcrumbList\",\"@id\":\"https:\/\/chtululu.be\/index.php\/produit\/florilege-doeuvres-en-francais-et-en-dialecte-dath\/#breadcrumb\",\"itemListElement\":[{\"@type\":\"ListItem\",\"position\":1,\"name\":\"Accueil\",\"item\":\"https:\/\/chtululu.be\/\"},{\"@type\":\"ListItem\",\"position\":2,\"name\":\"Les livres\",\"item\":\"https:\/\/chtululu.be\/index.php\/livres-doccasion\/\"},{\"@type\":\"ListItem\",\"position\":3,\"name\":\"Floril\u00e8ge d&rsquo;\u0153uvres en fran\u00e7ais et en dialecte d&rsquo;Ath\"}]},{\"@type\":\"WebSite\",\"@id\":\"https:\/\/chtululu.be\/#website\",\"url\":\"https:\/\/chtululu.be\/\",\"name\":\"Le Chtululu\",\"description\":\"Votre librairie de seconde main \u00e0 Soignies\",\"publisher\":{\"@id\":\"https:\/\/chtululu.be\/#organization\"},\"potentialAction\":[{\"@type\":\"SearchAction\",\"target\":{\"@type\":\"EntryPoint\",\"urlTemplate\":\"https:\/\/chtululu.be\/?s={search_term_string}\"},\"query-input\":{\"@type\":\"PropertyValueSpecification\",\"valueRequired\":true,\"valueName\":\"search_term_string\"}}],\"inLanguage\":\"fr-FR\"},{\"@type\":\"Organization\",\"@id\":\"https:\/\/chtululu.be\/#organization\",\"name\":\"Le Chtululu\",\"url\":\"https:\/\/chtululu.be\/\",\"logo\":{\"@type\":\"ImageObject\",\"inLanguage\":\"fr-FR\",\"@id\":\"https:\/\/chtululu.be\/#\/schema\/logo\/image\/\",\"url\":\"https:\/\/chtululu.be\/wp-content\/uploads\/2016\/05\/logo-def-blanc.jpg\",\"contentUrl\":\"https:\/\/chtululu.be\/wp-content\/uploads\/2016\/05\/logo-def-blanc.jpg\",\"width\":2048,\"height\":1901,\"caption\":\"Le Chtululu\"},\"image\":{\"@id\":\"https:\/\/chtululu.be\/#\/schema\/logo\/image\/\"}}]}<\/script>\n<!-- \/ Yoast SEO plugin. -->","yoast_head_json":{"title":"Floril\u00e8ge d'\u0153uvres en fran\u00e7ais et en dialecte d'Ath - Le Chtululu","description":"Floril\u00e8ge d'\u0153uvres en fran\u00e7ais et en dialecte d'Ath par Andr\u00e9 Delzenne est disponible en occasion sur r\u00e9servation au Chtululu.","robots":{"index":"index","follow":"follow","max-snippet":"max-snippet:-1","max-image-preview":"max-image-preview:large","max-video-preview":"max-video-preview:-1"},"canonical":"https:\/\/chtululu.be\/index.php\/produit\/florilege-doeuvres-en-francais-et-en-dialecte-dath\/","og_locale":"fr_FR","og_type":"article","og_title":"Floril\u00e8ge d'\u0153uvres en fran\u00e7ais et en dialecte d'Ath - Le Chtululu","og_description":"Floril\u00e8ge d'\u0153uvres en fran\u00e7ais et en dialecte d'Ath par Andr\u00e9 Delzenne est disponible en occasion sur r\u00e9servation au Chtululu.","og_url":"https:\/\/chtululu.be\/index.php\/produit\/florilege-doeuvres-en-francais-et-en-dialecte-dath\/","og_site_name":"Le Chtululu","article_modified_time":"2024-04-08T17:15:47+00:00","og_image":[{"width":1920,"height":2560,"url":"https:\/\/chtululu.be\/wp-content\/uploads\/2021\/01\/ath-scaled.jpg","type":"image\/jpeg"}],"twitter_card":"summary_large_image","schema":{"@context":"https:\/\/schema.org","@graph":[{"@type":"WebPage","@id":"https:\/\/chtululu.be\/index.php\/produit\/florilege-doeuvres-en-francais-et-en-dialecte-dath\/","url":"https:\/\/chtululu.be\/index.php\/produit\/florilege-doeuvres-en-francais-et-en-dialecte-dath\/","name":"Floril\u00e8ge d'\u0153uvres en fran\u00e7ais et en dialecte d'Ath - Le Chtululu","isPartOf":{"@id":"https:\/\/chtululu.be\/#website"},"primaryImageOfPage":{"@id":"https:\/\/chtululu.be\/index.php\/produit\/florilege-doeuvres-en-francais-et-en-dialecte-dath\/#primaryimage"},"image":{"@id":"https:\/\/chtululu.be\/index.php\/produit\/florilege-doeuvres-en-francais-et-en-dialecte-dath\/#primaryimage"},"thumbnailUrl":"https:\/\/chtululu.be\/wp-content\/uploads\/2021\/01\/ath-scaled.jpg","datePublished":"2021-01-31T15:30:09+00:00","dateModified":"2024-04-08T17:15:47+00:00","description":"Floril\u00e8ge d'\u0153uvres en fran\u00e7ais et en dialecte d'Ath par Andr\u00e9 Delzenne est disponible en occasion sur r\u00e9servation au Chtululu.","breadcrumb":{"@id":"https:\/\/chtululu.be\/index.php\/produit\/florilege-doeuvres-en-francais-et-en-dialecte-dath\/#breadcrumb"},"inLanguage":"fr-FR","potentialAction":[{"@type":"ReadAction","target":["https:\/\/chtululu.be\/index.php\/produit\/florilege-doeuvres-en-francais-et-en-dialecte-dath\/"]}]},{"@type":"ImageObject","inLanguage":"fr-FR","@id":"https:\/\/chtululu.be\/index.php\/produit\/florilege-doeuvres-en-francais-et-en-dialecte-dath\/#primaryimage","url":"https:\/\/chtululu.be\/wp-content\/uploads\/2021\/01\/ath-scaled.jpg","contentUrl":"https:\/\/chtululu.be\/wp-content\/uploads\/2021\/01\/ath-scaled.jpg","width":1920,"height":2560,"caption":"Floril\u00e8ge d'\u0153uvres en fran\u00e7ais et en dialecte d'Ath"},{"@type":"BreadcrumbList","@id":"https:\/\/chtululu.be\/index.php\/produit\/florilege-doeuvres-en-francais-et-en-dialecte-dath\/#breadcrumb","itemListElement":[{"@type":"ListItem","position":1,"name":"Accueil","item":"https:\/\/chtululu.be\/"},{"@type":"ListItem","position":2,"name":"Les livres","item":"https:\/\/chtululu.be\/index.php\/livres-doccasion\/"},{"@type":"ListItem","position":3,"name":"Floril\u00e8ge d&rsquo;\u0153uvres en fran\u00e7ais et en dialecte d&rsquo;Ath"}]},{"@type":"WebSite","@id":"https:\/\/chtululu.be\/#website","url":"https:\/\/chtululu.be\/","name":"Le Chtululu","description":"Votre librairie de seconde main \u00e0 Soignies","publisher":{"@id":"https:\/\/chtululu.be\/#organization"},"potentialAction":[{"@type":"SearchAction","target":{"@type":"EntryPoint","urlTemplate":"https:\/\/chtululu.be\/?s={search_term_string}"},"query-input":{"@type":"PropertyValueSpecification","valueRequired":true,"valueName":"search_term_string"}}],"inLanguage":"fr-FR"},{"@type":"Organization","@id":"https:\/\/chtululu.be\/#organization","name":"Le Chtululu","url":"https:\/\/chtululu.be\/","logo":{"@type":"ImageObject","inLanguage":"fr-FR","@id":"https:\/\/chtululu.be\/#\/schema\/logo\/image\/","url":"https:\/\/chtululu.be\/wp-content\/uploads\/2016\/05\/logo-def-blanc.jpg","contentUrl":"https:\/\/chtululu.be\/wp-content\/uploads\/2016\/05\/logo-def-blanc.jpg","width":2048,"height":1901,"caption":"Le Chtululu"},"image":{"@id":"https:\/\/chtululu.be\/#\/schema\/logo\/image\/"}}]}},"_links":{"self":[{"href":"https:\/\/chtululu.be\/index.php\/wp-json\/wp\/v2\/product\/2030","targetHints":{"allow":["GET"]}}],"collection":[{"href":"https:\/\/chtululu.be\/index.php\/wp-json\/wp\/v2\/product"}],"about":[{"href":"https:\/\/chtululu.be\/index.php\/wp-json\/wp\/v2\/types\/product"}],"wp:featuredmedia":[{"embeddable":true,"href":"https:\/\/chtululu.be\/index.php\/wp-json\/wp\/v2\/media\/2031"}],"wp:attachment":[{"href":"https:\/\/chtululu.be\/index.php\/wp-json\/wp\/v2\/media?parent=2030"}],"wp:term":[{"taxonomy":"product_brand","embeddable":true,"href":"https:\/\/chtululu.be\/index.php\/wp-json\/wp\/v2\/product_brand?post=2030"},{"taxonomy":"product_cat","embeddable":true,"href":"https:\/\/chtululu.be\/index.php\/wp-json\/wp\/v2\/product_cat?post=2030"},{"taxonomy":"product_tag","embeddable":true,"href":"https:\/\/chtululu.be\/index.php\/wp-json\/wp\/v2\/product_tag?post=2030"}],"curies":[{"name":"wp","href":"https:\/\/api.w.org\/{rel}","templated":true}]}}