{"id":1978,"date":"2021-01-26T22:35:20","date_gmt":"2021-01-26T21:35:20","guid":{"rendered":"https:\/\/chtululu.be\/?post_type=product&#038;p=1978"},"modified":"2021-03-26T09:50:40","modified_gmt":"2021-03-26T08:50:40","slug":"arthur-masson","status":"publish","type":"product","link":"https:\/\/chtululu.be\/index.php\/produit\/arthur-masson\/","title":{"rendered":"Arthur Masson"},"content":{"rendered":"<p>Plongez-vous dans la litt\u00e9rature r\u00e9gionale d&rsquo;Arthur Masson dans ses \u00e9ditions anciennes :<\/p>\n<ul>\n<li>Toine, chef de tribu : 4\u20ac<\/li>\n<li>Elise en exil : 5\u20ac<\/li>\n<li>Un gamin terrible : 5\u20ac<\/li>\n<li>Cayauval, gai village : 4\u20ac<\/li>\n<li>Le grand gusse (tome 1) : 4\u20ac<\/li>\n<li>Le grand gusse (tome 2) : 4\u20ac<\/li>\n<\/ul>\n","protected":false},"excerpt":{"rendered":"<p>Arthur Masson<\/p>\n","protected":false},"featured_media":1979,"template":"","meta":{"_acf_changed":false,"_exactmetrics_skip_tracking":false,"_exactmetrics_sitenote_active":false,"_exactmetrics_sitenote_note":"","_exactmetrics_sitenote_category":0},"product_brand":[],"product_cat":[24],"product_tag":[96,388],"class_list":{"0":"post-1978","1":"product","2":"type-product","3":"status-publish","4":"has-post-thumbnail","6":"product_cat-roman","7":"product_tag-belge","8":"product_tag-masson-arthur","10":"first","11":"instock","12":"taxable","13":"shipping-taxable","14":"product-type-simple"},"acf":[],"yoast_head":"<!-- This site is optimized with the Yoast SEO plugin v26.6 - https:\/\/yoast.com\/wordpress\/plugins\/seo\/ -->\n<title>Arthur Masson en seconde main - Librairie Vanderlinden - \u00e0 Soignies<\/title>\n<meta name=\"description\" content=\"Plusieurs livres d&#039;Arthur Masson (\u00e9d. Librairie Vanderlinden) en seconde main au Chtululu \u00e0 la gare de Soignies : Le grand gusse, Toine, etc.\" \/>\n<meta name=\"robots\" content=\"index, follow, max-snippet:-1, max-image-preview:large, max-video-preview:-1\" \/>\n<link rel=\"canonical\" href=\"https:\/\/chtululu.be\/index.php\/produit\/arthur-masson\/\" \/>\n<meta property=\"og:locale\" content=\"fr_FR\" \/>\n<meta property=\"og:type\" content=\"article\" \/>\n<meta property=\"og:title\" content=\"Arthur Masson en seconde main - Librairie Vanderlinden - \u00e0 Soignies\" \/>\n<meta property=\"og:description\" content=\"Plusieurs livres d&#039;Arthur Masson (\u00e9d. Librairie Vanderlinden) en seconde main au Chtululu \u00e0 la gare de Soignies : Le grand gusse, Toine, etc.\" \/>\n<meta property=\"og:url\" content=\"https:\/\/chtululu.be\/index.php\/produit\/arthur-masson\/\" \/>\n<meta property=\"og:site_name\" content=\"Le Chtululu\" \/>\n<meta property=\"article:modified_time\" content=\"2021-03-26T08:50:40+00:00\" \/>\n<meta property=\"og:image\" content=\"https:\/\/chtululu.be\/wp-content\/uploads\/2021\/01\/IMG_20210125_192606-1-scaled.jpg\" \/>\n\t<meta property=\"og:image:width\" content=\"2560\" \/>\n\t<meta property=\"og:image:height\" content=\"1920\" \/>\n\t<meta property=\"og:image:type\" content=\"image\/jpeg\" \/>\n<meta name=\"twitter:card\" content=\"summary_large_image\" \/>\n<script type=\"application\/ld+json\" class=\"yoast-schema-graph\">{\"@context\":\"https:\/\/schema.org\",\"@graph\":[{\"@type\":\"WebPage\",\"@id\":\"https:\/\/chtululu.be\/index.php\/produit\/arthur-masson\/\",\"url\":\"https:\/\/chtululu.be\/index.php\/produit\/arthur-masson\/\",\"name\":\"Arthur Masson en seconde main - Librairie Vanderlinden - \u00e0 Soignies\",\"isPartOf\":{\"@id\":\"https:\/\/chtululu.be\/#website\"},\"primaryImageOfPage\":{\"@id\":\"https:\/\/chtululu.be\/index.php\/produit\/arthur-masson\/#primaryimage\"},\"image\":{\"@id\":\"https:\/\/chtululu.be\/index.php\/produit\/arthur-masson\/#primaryimage\"},\"thumbnailUrl\":\"https:\/\/chtululu.be\/wp-content\/uploads\/2021\/01\/IMG_20210125_192606-1-scaled.jpg\",\"datePublished\":\"2021-01-26T21:35:20+00:00\",\"dateModified\":\"2021-03-26T08:50:40+00:00\",\"description\":\"Plusieurs livres d'Arthur Masson (\u00e9d. Librairie Vanderlinden) en seconde main au Chtululu \u00e0 la gare de Soignies : Le grand gusse, Toine, etc.\",\"breadcrumb\":{\"@id\":\"https:\/\/chtululu.be\/index.php\/produit\/arthur-masson\/#breadcrumb\"},\"inLanguage\":\"fr-FR\",\"potentialAction\":[{\"@type\":\"ReadAction\",\"target\":[\"https:\/\/chtululu.be\/index.php\/produit\/arthur-masson\/\"]}]},{\"@type\":\"ImageObject\",\"inLanguage\":\"fr-FR\",\"@id\":\"https:\/\/chtululu.be\/index.php\/produit\/arthur-masson\/#primaryimage\",\"url\":\"https:\/\/chtululu.be\/wp-content\/uploads\/2021\/01\/IMG_20210125_192606-1-scaled.jpg\",\"contentUrl\":\"https:\/\/chtululu.be\/wp-content\/uploads\/2021\/01\/IMG_20210125_192606-1-scaled.jpg\",\"width\":2560,\"height\":1920,\"caption\":\"Arthur Masson\"},{\"@type\":\"BreadcrumbList\",\"@id\":\"https:\/\/chtululu.be\/index.php\/produit\/arthur-masson\/#breadcrumb\",\"itemListElement\":[{\"@type\":\"ListItem\",\"position\":1,\"name\":\"Accueil\",\"item\":\"https:\/\/chtululu.be\/\"},{\"@type\":\"ListItem\",\"position\":2,\"name\":\"Les livres\",\"item\":\"https:\/\/chtululu.be\/index.php\/livres-doccasion\/\"},{\"@type\":\"ListItem\",\"position\":3,\"name\":\"Arthur Masson\"}]},{\"@type\":\"WebSite\",\"@id\":\"https:\/\/chtululu.be\/#website\",\"url\":\"https:\/\/chtululu.be\/\",\"name\":\"Le Chtululu\",\"description\":\"Votre librairie de seconde main \u00e0 Soignies\",\"publisher\":{\"@id\":\"https:\/\/chtululu.be\/#organization\"},\"potentialAction\":[{\"@type\":\"SearchAction\",\"target\":{\"@type\":\"EntryPoint\",\"urlTemplate\":\"https:\/\/chtululu.be\/?s={search_term_string}\"},\"query-input\":{\"@type\":\"PropertyValueSpecification\",\"valueRequired\":true,\"valueName\":\"search_term_string\"}}],\"inLanguage\":\"fr-FR\"},{\"@type\":\"Organization\",\"@id\":\"https:\/\/chtululu.be\/#organization\",\"name\":\"Le Chtululu\",\"url\":\"https:\/\/chtululu.be\/\",\"logo\":{\"@type\":\"ImageObject\",\"inLanguage\":\"fr-FR\",\"@id\":\"https:\/\/chtululu.be\/#\/schema\/logo\/image\/\",\"url\":\"https:\/\/chtululu.be\/wp-content\/uploads\/2016\/05\/logo-def-blanc.jpg\",\"contentUrl\":\"https:\/\/chtululu.be\/wp-content\/uploads\/2016\/05\/logo-def-blanc.jpg\",\"width\":2048,\"height\":1901,\"caption\":\"Le Chtululu\"},\"image\":{\"@id\":\"https:\/\/chtululu.be\/#\/schema\/logo\/image\/\"}}]}<\/script>\n<!-- \/ Yoast SEO plugin. -->","yoast_head_json":{"title":"Arthur Masson en seconde main - Librairie Vanderlinden - \u00e0 Soignies","description":"Plusieurs livres d'Arthur Masson (\u00e9d. Librairie Vanderlinden) en seconde main au Chtululu \u00e0 la gare de Soignies : Le grand gusse, Toine, etc.","robots":{"index":"index","follow":"follow","max-snippet":"max-snippet:-1","max-image-preview":"max-image-preview:large","max-video-preview":"max-video-preview:-1"},"canonical":"https:\/\/chtululu.be\/index.php\/produit\/arthur-masson\/","og_locale":"fr_FR","og_type":"article","og_title":"Arthur Masson en seconde main - Librairie Vanderlinden - \u00e0 Soignies","og_description":"Plusieurs livres d'Arthur Masson (\u00e9d. Librairie Vanderlinden) en seconde main au Chtululu \u00e0 la gare de Soignies : Le grand gusse, Toine, etc.","og_url":"https:\/\/chtululu.be\/index.php\/produit\/arthur-masson\/","og_site_name":"Le Chtululu","article_modified_time":"2021-03-26T08:50:40+00:00","og_image":[{"width":2560,"height":1920,"url":"https:\/\/chtululu.be\/wp-content\/uploads\/2021\/01\/IMG_20210125_192606-1-scaled.jpg","type":"image\/jpeg"}],"twitter_card":"summary_large_image","schema":{"@context":"https:\/\/schema.org","@graph":[{"@type":"WebPage","@id":"https:\/\/chtululu.be\/index.php\/produit\/arthur-masson\/","url":"https:\/\/chtululu.be\/index.php\/produit\/arthur-masson\/","name":"Arthur Masson en seconde main - Librairie Vanderlinden - \u00e0 Soignies","isPartOf":{"@id":"https:\/\/chtululu.be\/#website"},"primaryImageOfPage":{"@id":"https:\/\/chtululu.be\/index.php\/produit\/arthur-masson\/#primaryimage"},"image":{"@id":"https:\/\/chtululu.be\/index.php\/produit\/arthur-masson\/#primaryimage"},"thumbnailUrl":"https:\/\/chtululu.be\/wp-content\/uploads\/2021\/01\/IMG_20210125_192606-1-scaled.jpg","datePublished":"2021-01-26T21:35:20+00:00","dateModified":"2021-03-26T08:50:40+00:00","description":"Plusieurs livres d'Arthur Masson (\u00e9d. Librairie Vanderlinden) en seconde main au Chtululu \u00e0 la gare de Soignies : Le grand gusse, Toine, etc.","breadcrumb":{"@id":"https:\/\/chtululu.be\/index.php\/produit\/arthur-masson\/#breadcrumb"},"inLanguage":"fr-FR","potentialAction":[{"@type":"ReadAction","target":["https:\/\/chtululu.be\/index.php\/produit\/arthur-masson\/"]}]},{"@type":"ImageObject","inLanguage":"fr-FR","@id":"https:\/\/chtululu.be\/index.php\/produit\/arthur-masson\/#primaryimage","url":"https:\/\/chtululu.be\/wp-content\/uploads\/2021\/01\/IMG_20210125_192606-1-scaled.jpg","contentUrl":"https:\/\/chtululu.be\/wp-content\/uploads\/2021\/01\/IMG_20210125_192606-1-scaled.jpg","width":2560,"height":1920,"caption":"Arthur Masson"},{"@type":"BreadcrumbList","@id":"https:\/\/chtululu.be\/index.php\/produit\/arthur-masson\/#breadcrumb","itemListElement":[{"@type":"ListItem","position":1,"name":"Accueil","item":"https:\/\/chtululu.be\/"},{"@type":"ListItem","position":2,"name":"Les livres","item":"https:\/\/chtululu.be\/index.php\/livres-doccasion\/"},{"@type":"ListItem","position":3,"name":"Arthur Masson"}]},{"@type":"WebSite","@id":"https:\/\/chtululu.be\/#website","url":"https:\/\/chtululu.be\/","name":"Le Chtululu","description":"Votre librairie de seconde main \u00e0 Soignies","publisher":{"@id":"https:\/\/chtululu.be\/#organization"},"potentialAction":[{"@type":"SearchAction","target":{"@type":"EntryPoint","urlTemplate":"https:\/\/chtululu.be\/?s={search_term_string}"},"query-input":{"@type":"PropertyValueSpecification","valueRequired":true,"valueName":"search_term_string"}}],"inLanguage":"fr-FR"},{"@type":"Organization","@id":"https:\/\/chtululu.be\/#organization","name":"Le Chtululu","url":"https:\/\/chtululu.be\/","logo":{"@type":"ImageObject","inLanguage":"fr-FR","@id":"https:\/\/chtululu.be\/#\/schema\/logo\/image\/","url":"https:\/\/chtululu.be\/wp-content\/uploads\/2016\/05\/logo-def-blanc.jpg","contentUrl":"https:\/\/chtululu.be\/wp-content\/uploads\/2016\/05\/logo-def-blanc.jpg","width":2048,"height":1901,"caption":"Le Chtululu"},"image":{"@id":"https:\/\/chtululu.be\/#\/schema\/logo\/image\/"}}]}},"_links":{"self":[{"href":"https:\/\/chtululu.be\/index.php\/wp-json\/wp\/v2\/product\/1978","targetHints":{"allow":["GET"]}}],"collection":[{"href":"https:\/\/chtululu.be\/index.php\/wp-json\/wp\/v2\/product"}],"about":[{"href":"https:\/\/chtululu.be\/index.php\/wp-json\/wp\/v2\/types\/product"}],"wp:featuredmedia":[{"embeddable":true,"href":"https:\/\/chtululu.be\/index.php\/wp-json\/wp\/v2\/media\/1979"}],"wp:attachment":[{"href":"https:\/\/chtululu.be\/index.php\/wp-json\/wp\/v2\/media?parent=1978"}],"wp:term":[{"taxonomy":"product_brand","embeddable":true,"href":"https:\/\/chtululu.be\/index.php\/wp-json\/wp\/v2\/product_brand?post=1978"},{"taxonomy":"product_cat","embeddable":true,"href":"https:\/\/chtululu.be\/index.php\/wp-json\/wp\/v2\/product_cat?post=1978"},{"taxonomy":"product_tag","embeddable":true,"href":"https:\/\/chtululu.be\/index.php\/wp-json\/wp\/v2\/product_tag?post=1978"}],"curies":[{"name":"wp","href":"https:\/\/api.w.org\/{rel}","templated":true}]}}